{"id":6153,"date":"2025-11-15T05:52:26","date_gmt":"2025-11-15T05:52:26","guid":{"rendered":"https:\/\/pgvape.com\/?post_type=product&#038;p=6153"},"modified":"2026-04-18T15:31:12","modified_gmt":"2026-04-18T15:31:12","slug":"bang-leader-45000-45k-inhalaciones-de-sabores-duales-envio-de-vape-desechable-desde-la-ue-envio-gratis-vape-directo-de-fabrica","status":"publish","type":"product","link":"https:\/\/pgvape.com\/es\/producto\/bang-leader-45000-45k-inhalaciones-de-sabores-duales-envio-de-vape-desechable-desde-la-ue-envio-gratis-vape-directo-de-fabrica\/","title":{"rendered":"Bang Leader 45000 | 45k Puffs Vape desechable de sabores duales | Env\u00edo desde la UE | Env\u00edo gratis | Vape Factory Direct"},"content":{"rendered":"<p><strong data-sourcepos=\"4:5-4:46\">Bang Leader 45K inhala Vape desechable<\/strong>\u00a0entrega\u00a0<strong data-sourcepos=\"4:56-4:88\">satisfacci\u00f3n extendida del vapeo<\/strong>\u00a0con\u00a0<strong data-sourcepos=\"4:94-4:110\">45.000 bocanadas<\/strong>\u00a0y un\u00a0<strong data-sourcepos=\"4:117-4:139\">sistema de doble sabor<\/strong>.\u00a0<strong data-sourcepos=\"4:151-4:170\">bobinas de malla dual<\/strong>\u00a0para\u00a0<strong data-sourcepos=\"4:175-4:204\">producci\u00f3n de vapor mejorada<\/strong>, y\u00a0<strong data-sourcepos=\"4:253-4:287\">12 combinaciones de sabores premium<\/strong>.\u00a0<strong data-sourcepos=\"4:293-4:324\">Bater\u00eda recargable de 650 mAh.<\/strong>\u00a0con\u00a0<strong data-sourcepos=\"4:330-4:349\">Carga tipo C<\/strong>\u00a0y\u00a0<strong data-sourcepos=\"4:354-4:377\">pantalla digital LED<\/strong>\u00a0garantiza un uso c\u00f3modo e ininterrumpido.\u00a0<strong data-sourcepos=\"4:426-4:446\">10 unidades por caja<\/strong>\u00a0para conveniencia minorista.<br \/>\nBang Leader 45K Enviado directamente desde nuestro almac\u00e9n de la UE, garantiza una entrega r\u00e1pida, libre de impuestos y autenticidad 100%, brind\u00e1ndole una experiencia de vapeo de primer nivel directamente a su puerta.<\/p>\n<p>&nbsp;<\/p>\n<h2><span style=\"font-size: 90%;\">Bang Leader 45000 | 45k inhala sabores duales Vape desechable\u00a0<strong data-sourcepos=\"6:5-6:27\">Presupuesto<\/strong><\/span><\/h2>\n<p><strong data-sourcepos=\"7:3-7:17\">Conteo de bocanadas<\/strong>:\u00a0<strong data-sourcepos=\"7:19-7:35\">45.000 bocanadas<\/strong><\/p>\n<p><strong data-sourcepos=\"8:3-8:20\">Sistema de sabor<\/strong>:\u00a0<strong data-sourcepos=\"8:22-8:47\">Cambio de doble sabor<\/strong><\/p>\n<p><strong data-sourcepos=\"9:3-9:15\">Nicotina<\/strong>: <strong data-sourcepos=\"9:17-9:38\">2%<\/strong><\/p>\n<p><strong data-sourcepos=\"10:3-10:11\">Bobina<\/strong>:\u00a0<strong data-sourcepos=\"10:13-10:38\">Bobina de malla doble (1,0 \u03a9)<\/strong><\/p>\n<p><strong data-sourcepos=\"11:3-11:14\">Bater\u00eda<\/strong>:\u00a0<strong data-sourcepos=\"11:16-11:39\">capacidad, una bobina de triple malla,<\/strong><\/p>\n<p><strong data-sourcepos=\"12:3-12:15\">Cargando<\/strong>:\u00a0<strong data-sourcepos=\"12:17-12:41\">Carga r\u00e1pida tipo C<\/strong><\/p>\n<p><strong data-sourcepos=\"13:3-13:14\">Mostrar<\/strong>:\u00a0<strong data-sourcepos=\"13:16-13:38\">pantalla digital LED<\/strong><\/p>\n<p><strong data-sourcepos=\"14:3-14:14\">Sabores<\/strong>:\u00a0<strong data-sourcepos=\"14:16-14:38\">12 opciones seleccionadas<\/strong><\/p>\n<p><strong data-sourcepos=\"15:3-15:16\">Embalaje<\/strong>:\u00a0<strong data-sourcepos=\"15:18-15:40\">10 unidades\/caja de presentaci\u00f3n<\/strong><\/p>\n<p><strong data-sourcepos=\"15:3-15:28\">Env\u00edo al almac\u00e9n de la UE<\/strong>\u00a0\u2013 Entrega r\u00e1pida y libre de impuestos<\/p>\n<p>&nbsp;<\/p>\n<h3><span style=\"font-size: 90%;\">Bang Leader 45000 | 45k inhala sabores duales Vape desechable\u00a0<strong data-sourcepos=\"17:5-17:28\">Combinaciones de sabores<\/strong><\/span><\/h3>\n<p><strong>1. Hielo de ar\u00e1ndano y hielo de drag\u00f3n negro<\/strong><\/p>\n<p><strong>2.Helado de ar\u00e1ndanos, fresa y pl\u00e1tano<\/strong><\/p>\n<p><strong>3.Ar\u00e1ndano, Frambuesa y Melocot\u00f3n, Mango, Sand\u00eda<\/strong><\/p>\n<p><strong>4.Ar\u00e1ndano, Sand\u00eda y Fresa Mango<\/strong><\/p>\n<p><strong>5.Cola helada y cereza y ar\u00e1ndano<\/strong><\/p>\n<p><strong>6.Hielo de pi\u00f1a y mango triple<\/strong><\/p>\n<p><strong>7. Sand\u00eda Red Bull y Ar\u00e1ndanos<\/strong><\/p>\n<p><strong>8. Caramelo de burbujas de Red Bull y sand\u00eda<\/strong><\/p>\n<p><strong>9.Helado de fresa, kiwi y melocot\u00f3n<\/strong><\/p>\n<p><strong>10.Helado de fresa, sand\u00eda y uva<\/strong><\/p>\n<p><strong>11.Fresa, Sand\u00eda y Kiwi, Maracuy\u00e1 y Guayaba<\/strong><\/p>\n<p><strong>12.Hielo de sand\u00eda, fresa y mango<\/strong><\/p>\n<p><strong>13.Helado de fresa y hielo de lim\u00f3n rosa<\/strong><\/p>\n<p><strong>14.Cherry Cola y chicle de sand\u00eda<\/strong><\/p>\n<p><strong>15.Helado de cereza y helado de fresa y ar\u00e1ndano<\/strong><\/p>\n<p><strong>16.Razzle de lim\u00f3n, lima y azul<\/strong><\/p>\n<p><strong>17.Mojito de frambuesa, melocot\u00f3n, hielo y manzana y pera<\/strong><\/p>\n<p><strong>18.Mermelada de mel\u00f3n y hielo de lichi<img loading=\"lazy\" decoding=\"async\" class=\"alignnone wp-image-6158 size-full\" src=\"https:\/\/pgvape.com\/wp-content\/uploads\/2025\/11\/pgvape-Bang-Leader-45000-45k-Puffs-Dual-Flavors-Disposable-Vape-Shipment-from-EU-Free-Shipping-3.png\" alt=\"Anuncio colorido para los vaporizadores desechables Bang Leader que muestra dos dispositivos grandes con gradiente y una cuadr\u00edcula de dispositivos m\u00e1s peque\u00f1os con una distintiva obra de arte con caras de animales, el atrevido reclamo &quot;45000 inhalaciones&quot;, el nombre de la marca, la carga tipo C y m\u00e1s de 21 \u00edconos, y un fondo din\u00e1mico de pista de carreras.\" width=\"1920\" height=\"1080\" srcset=\"https:\/\/pgvape.com\/wp-content\/uploads\/2025\/11\/pgvape-Bang-Leader-45000-45k-Puffs-Dual-Flavors-Disposable-Vape-Shipment-from-EU-Free-Shipping-3.png 1920w, https:\/\/pgvape.com\/wp-content\/uploads\/2025\/11\/pgvape-Bang-Leader-45000-45k-Puffs-Dual-Flavors-Disposable-Vape-Shipment-from-EU-Free-Shipping-3-555x312.png 555w, https:\/\/pgvape.com\/wp-content\/uploads\/2025\/11\/pgvape-Bang-Leader-45000-45k-Puffs-Dual-Flavors-Disposable-Vape-Shipment-from-EU-Free-Shipping-3-595x335.png 595w, https:\/\/pgvape.com\/wp-content\/uploads\/2025\/11\/pgvape-Bang-Leader-45000-45k-Puffs-Dual-Flavors-Disposable-Vape-Shipment-from-EU-Free-Shipping-3-400x225.png 400w, https:\/\/pgvape.com\/wp-content\/uploads\/2025\/11\/pgvape-Bang-Leader-45000-45k-Puffs-Dual-Flavors-Disposable-Vape-Shipment-from-EU-Free-Shipping-3-768x432.png 768w, https:\/\/pgvape.com\/wp-content\/uploads\/2025\/11\/pgvape-Bang-Leader-45000-45k-Puffs-Dual-Flavors-Disposable-Vape-Shipment-from-EU-Free-Shipping-3-1536x864.png 1536w, https:\/\/pgvape.com\/wp-content\/uploads\/2025\/11\/pgvape-Bang-Leader-45000-45k-Puffs-Dual-Flavors-Disposable-Vape-Shipment-from-EU-Free-Shipping-3-18x10.png 18w, https:\/\/pgvape.com\/wp-content\/uploads\/2025\/11\/pgvape-Bang-Leader-45000-45k-Puffs-Dual-Flavors-Disposable-Vape-Shipment-from-EU-Free-Shipping-3-600x338.png 600w, https:\/\/pgvape.com\/wp-content\/uploads\/2025\/11\/pgvape-Bang-Leader-45000-45k-Puffs-Dual-Flavors-Disposable-Vape-Shipment-from-EU-Free-Shipping-3-60x34.png 60w\" sizes=\"auto, (max-width: 1920px) 100vw, 1920px\" \/><\/strong><\/p>\n<p>&nbsp;<\/p>\n<h3><span style=\"font-size: 90%;\">Bang Leader 45000 | 45k inhala sabores duales Vape desechable\u00a0<strong>Video<\/strong>:<\/span><\/h3>\n<p>&nbsp;<\/p>\n<h3 class=\"auto-hide-last-sibling-br paragraph-pP9ZLC paragraph-element br-paragraph-space\"><span style=\"font-size: 90%;\">\u00bfPor qu\u00e9 elegir el almac\u00e9n europeo de PGVape?<\/span><\/h3>\n<p>Env\u00edo r\u00e1pido: entrega a la mayor\u00eda de los pa\u00edses de la UE en un plazo de 3 a 7 d\u00edas h\u00e1biles.<\/p>\n<p>Entrega libre de impuestos: el stock local de la UE garantiza un env\u00edo fluido y libre de impuestos.<\/p>\n<p>Garant\u00eda aut\u00e9ntica 100%: cigarrillos electr\u00f3nicos Bang Leader aut\u00e9nticos de proveedores certificados.<\/p>\n<p>Inventario fresco: almacenado en condiciones controladas para garantizar una calidad \u00f3ptima.<\/p>\n<p>Con la confianza de los europeos: miles de clientes disfrutan de los servicios de cigarrillos electr\u00f3nicos r\u00e1pidos y seguros de PGVape.<\/p>\n<p>&nbsp;<\/p>\n<h2><span style=\"font-size: 90%;\">Preguntas frecuentes sobre Bang Leader 45000 | 45k Puffs Vape desechable de sabores duales<\/span><\/h2>\n<p data-sourcepos=\"30:1-31:104\">\u2753\u00a0<strong data-sourcepos=\"30:3-30:44\">\u00bfC\u00f3mo funciona el sistema de doble sabor?<\/strong><br \/>\n\u2705\u00a0Cambie instant\u00e1neamente entre\u00a0<strong data-sourcepos=\"31:28-31:52\">dos sabores distintos<\/strong>\u00a0con una simple pulsaci\u00f3n de bot\u00f3n o rotaci\u00f3n autom\u00e1tica.<\/p>\n<p data-sourcepos=\"33:1-34:91\">\u2753\u00a0<strong data-sourcepos=\"33:3-33:40\">\u00bfQu\u00e9 garantiza la longevidad de 45.000 caladas?<\/strong><br \/>\n\u2705\u00a0<strong data-sourcepos=\"34:3-34:37\">Tecnolog\u00eda optimizada de doble bobina<\/strong>\u00a0Maximiza la eficiencia del e-l\u00edquido para\u00a0<strong data-sourcepos=\"34:72-34:88\">uso extendido<\/strong>.<\/p>\n<p data-sourcepos=\"36:1-37:103\">\u2753\u00a0<strong data-sourcepos=\"36:3-36:42\">\u00bfEs impresionante la producci\u00f3n de vapor?<\/strong><br \/>\n\u2705\u00a0<strong data-sourcepos=\"37:3-37:22\">Bobinas de malla dual<\/strong>\u00a0entregar\u00a0<strong data-sourcepos=\"37:31-37:52\">40% nubes m\u00e1s densas<\/strong>\u00a0y\u00a0<strong data-sourcepos=\"37:57-37:74\">sabor m\u00e1s rico<\/strong>\u00a0que los desechables est\u00e1ndar.<\/p>\n<p data-sourcepos=\"39:1-40:86\">\u2753\u00a0<strong data-sourcepos=\"39:3-39:41\">\u00bfQu\u00e9 tan conveniente es la pantalla LED?<br \/>\n<\/strong>\u2705\u00a0Monitorear\u00a0<strong data-sourcepos=\"40:11-40:30\">bocanadas restantes<\/strong>,\u00a0<strong data-sourcepos=\"40:32-40:48\">duraci\u00f3n de la bater\u00eda<\/strong>, y\u00a0<strong data-sourcepos=\"40:54-40:71\">sabor activo<\/strong>\u00a0de un vistazo.<\/p>\n<p data-sourcepos=\"39:1-40:86\">\u2753\u00a0<strong data-sourcepos=\"50:3-50:42\">\u00bfDesde d\u00f3nde se env\u00eda este producto?<\/strong><br \/>\n\u2705\u00a0Directo desde\u00a0<strong data-sourcepos=\"51:15-51:32\">Almacenes de la UE<\/strong>\u00a0para\u00a0<strong data-sourcepos=\"51:37-51:64\">entrega r\u00e1pida y libre de impuestos<\/strong>.<\/p>\n<p>&nbsp;<\/p>\n<h3 id=\"brxe-najhln\" class=\"brxe-heading\">Preguntas frecuentes (FAQ)<\/h3>\n<div id=\"brxe-rajiac\" class=\"brxe-text\">\n<p><strong>P: \u00bfQu\u00e9 m\u00e9todos de pago aceptan?<\/strong><br \/>\nR: Aceptamos PayPal, Stripe, transferencias bancarias (compatibles con SEPA), las principales tarjetas de cr\u00e9dito (Visa, MasterCard, American Express) y pagos con criptomonedas.<\/p>\n<p><strong>P: \u00bfCu\u00e1nto tiempo lleva la preparaci\u00f3n del pedido?<\/strong><br \/>\nR: La preparaci\u00f3n del pedido demora entre 1 y 3 d\u00edas h\u00e1biles.<\/p>\n<p><strong>P: \u00bfCu\u00e1l es el tiempo de env\u00edo?<\/strong><br \/>\nR: El tiempo de env\u00edo es de 7 a 14 d\u00edas h\u00e1biles, dependiendo de su ubicaci\u00f3n. Los productos enviados desde almacenes europeos generalmente demoran de 3 a 6 d\u00edas h\u00e1biles en entregarse.<\/p>\n<p><strong>P: \u00bfC\u00f3mo puedo realizar un seguimiento de mi pedido?<\/strong><br \/>\nR: Despu\u00e9s del env\u00edo, recibir\u00e1 un correo electr\u00f3nico de confirmaci\u00f3n con un n\u00famero de seguimiento para realizar un seguimiento en tiempo real.<\/p>\n<p><strong>P: \u00bfCu\u00e1l es su pol\u00edtica de devoluci\u00f3n?<\/strong><br \/>\nR: Ofrecemos una pol\u00edtica de devoluci\u00f3n de 30 d\u00edas para reembolsos o cambios. .<\/p>\n<p><strong>P: \u00bfHabr\u00e1 alg\u00fan problema aduanero?<br \/>\n<\/strong>Nos encargamos de todos los procedimientos de despacho de aduanas para garantizarle una experiencia sin complicaciones. .<\/p>\n<p><strong>P: \u00bfQu\u00e9 m\u00e9todos de env\u00edo se utilizan?<\/strong><br \/>\nCooperamos con UPS\/DHL\/FEDEX\/DPD, etc. Elegiremos la opci\u00f3n de env\u00edo adecuada seg\u00fan el pa\u00eds de entrega para asegurarnos de que reciba sus productos lo m\u00e1s r\u00e1pido posible.<\/p>\n<p><a href=\"https:\/\/pgvape.com\/es\/preguntas-frecuentes\/\">Haga clic aqu\u00ed para m\u00e1s preguntas frecuentes<\/a><\/p>\n<p>Estimados clientes: Si tienen alguna pregunta sobre su pedido o la llegada de la mercanc\u00eda, comun\u00edquese con nuestro servicio de atenci\u00f3n al cliente. \u00a1Gracias!<\/p>\n<h3 data-sourcepos=\"73:1-73:21\"><strong data-sourcepos=\"73:7-73:21\">Cont\u00e1ctenos<\/strong><\/h3>\n<div id=\"text-2419739398\" class=\"text\">\n<p><strong data-sourcepos=\"75:3-75:12\">Correo electr\u00f3nico<\/strong>:\u00a0<a href=\"mailto:support@pgvape.com\"><strong>support@pgvape.com<\/strong><\/a><\/p>\n<p><strong data-sourcepos=\"76:3-76:15\">WhatsApp<\/strong>:\u00a0<a href=\"https:\/\/wa.me\/+8618128481258\"><strong>+86 18128481258<\/strong><\/a><br \/>\n<strong>(Respuesta dentro de las 24 horas en d\u00edas h\u00e1biles)<\/strong><\/p>\n<\/div>\n<h3><strong>\u00a1Gracias por elegir pgvape.com! .<\/strong><\/h3>\n<\/div>","protected":false},"excerpt":{"rendered":"<p>El\u00a0<strong data-sourcepos=\"43:5-43:30\">Bang Leader 45K bocanadas<\/strong>\u00a0combina\u00a0<strong data-sourcepos=\"43:40-43:69\">rendimiento de alta capacidad<\/strong>,\u00a0<strong data-sourcepos=\"43:71-43:98\">versatilidad de doble sabor<\/strong>, y\u00a0<strong data-sourcepos=\"43:104-43:131\">tecnolog\u00eda de bobina premium<\/strong>\u00a0con\u00a0<strong data-sourcepos=\"43:137-43:156\">12 pares de sabores<\/strong>\u00a0para la m\u00e1xima satisfacci\u00f3n al vapear.<\/p>","protected":false},"featured_media":6157,"comment_status":"open","ping_status":"closed","template":"","meta":{"_seopress_robots_primary_cat":"none","_seopress_titles_title":"","_seopress_titles_desc":"","_seopress_robots_index":""},"product_brand":[54,516],"product_cat":[515,461,308],"product_tag":[310,365,90,66,459,203],"class_list":{"0":"post-6153","1":"product","2":"type-product","3":"status-publish","4":"has-post-thumbnail","6":"product_brand-bang-leader-vape","7":"product_brand-disposable-vape","8":"product_cat-disposable-vape","9":"product_cat-bang-leader-vape-eu","10":"product_cat-45k-puffs-vape","11":"product_tag-45k-puffs-vape","12":"product_tag-bang-leader-45000","13":"product_tag-disposable-vape","14":"product_tag-dual-flavors","15":"product_tag-free-shipping","16":"product_tag-shipment-from-eu","18":"first","19":"instock","20":"sale","21":"shipping-taxable","22":"purchasable","23":"product-type-variable"},"_links":{"self":[{"href":"https:\/\/pgvape.com\/es\/wp-json\/wp\/v2\/product\/6153","targetHints":{"allow":["GET"]}}],"collection":[{"href":"https:\/\/pgvape.com\/es\/wp-json\/wp\/v2\/product"}],"about":[{"href":"https:\/\/pgvape.com\/es\/wp-json\/wp\/v2\/types\/product"}],"replies":[{"embeddable":true,"href":"https:\/\/pgvape.com\/es\/wp-json\/wp\/v2\/comments?post=6153"}],"wp:featuredmedia":[{"embeddable":true,"href":"https:\/\/pgvape.com\/es\/wp-json\/wp\/v2\/media\/6157"}],"wp:attachment":[{"href":"https:\/\/pgvape.com\/es\/wp-json\/wp\/v2\/media?parent=6153"}],"wp:term":[{"taxonomy":"product_brand","embeddable":true,"href":"https:\/\/pgvape.com\/es\/wp-json\/wp\/v2\/product_brand?post=6153"},{"taxonomy":"product_cat","embeddable":true,"href":"https:\/\/pgvape.com\/es\/wp-json\/wp\/v2\/product_cat?post=6153"},{"taxonomy":"product_tag","embeddable":true,"href":"https:\/\/pgvape.com\/es\/wp-json\/wp\/v2\/product_tag?post=6153"}],"curies":[{"name":"wp","href":"https:\/\/api.w.org\/{rel}","templated":true}]}}