{"id":6121,"date":"2025-11-14T13:29:33","date_gmt":"2025-11-14T13:29:33","guid":{"rendered":"https:\/\/pgvape.com\/?post_type=product&#038;p=6121"},"modified":"2026-04-18T15:31:10","modified_gmt":"2026-04-18T15:31:10","slug":"bang-leader-80000-80k-inhalaciones-3-en-1-sabores-triples-envio-de-vape-desechable-desde-la-ue-envio-gratis-vape-directo-de-fabrica","status":"publish","type":"product","link":"https:\/\/pgvape.com\/es\/producto\/bang-leader-80000-80k-inhalaciones-3-en-1-sabores-triples-envio-de-vape-desechable-desde-la-ue-envio-gratis-vape-directo-de-fabrica\/","title":{"rendered":"Bang Leader 80000 | 80K Puffs 3 en 1 Triple Sabores Vape desechable | Env\u00edo desde la UE | Env\u00edo gratis | Vape Factory Direct"},"content":{"rendered":"<p><strong>Bang Leader 80000 80K inhalaciones Vape desechable<\/strong> es la mejor opci\u00f3n para quienes buscan variedad, longevidad y rendimiento de primer nivel. .<br \/>\nBang Leader 80K Enviado directamente desde nuestro almac\u00e9n de la UE, garantiza una entrega r\u00e1pida, libre de impuestos y autenticidad 100%, brind\u00e1ndole una experiencia de vapeo de primer nivel directamente a su puerta.<\/p>\n<p>&nbsp;<\/p>\n<h2><span style=\"font-size: 90%;\">Bang Leader 80000 | 80K Puffs 3 en 1 Vape desechable de sabores triples Especificaciones del producto:<\/span><\/h2>\n<p><strong>Capacidad de bocanada:<\/strong>\u00a0Hasta 80.000 caladas<\/p>\n<p><strong>Capacidad de E-l\u00edquido:<\/strong>\u00a078 ml precargados (3 c\u00e1psulas de 26 ml cada una)<\/p>\n<p><strong>Tipo de bobina:<\/strong>\u00a0Bobina de malla de 1.0\u03a9<\/p>\n<p><strong>Capacidad de la bater\u00eda:<\/strong>\u00a0Bater\u00eda recargable de 850 mAh.<\/p>\n<p><strong>Puerto de carga:<\/strong>\u00a0Carga r\u00e1pida tipo C<\/p>\n<p><strong>Opciones de nicotina:<\/strong>,2%<\/p>\n<p><strong>Sistema de sabor:<\/strong>\u00a0Configuraci\u00f3n de triple sabor 3 en 1<\/p>\n<p><strong>Sabores disponibles:<\/strong>\u00a012 combinaciones din\u00e1micas de sabores<\/p>\n<p><strong>Portabilidad:<\/strong>\u00a0Dise\u00f1o compacto y ergon\u00f3mico para uso mientras viaja<\/p>\n<p><strong data-sourcepos=\"15:3-15:28\">Env\u00edo al almac\u00e9n de la UE<\/strong>\u00a0\u2013 Entrega r\u00e1pida y libre de impuestos<\/p>\n<p>&nbsp;<\/p>\n<h3><span style=\"font-size: 90%;\">Bang Leader 80000 | 80K Puffs 3 en 1 Lista de sabores de Vape desechable de sabores triples:<\/span><\/h3>\n<p><strong>1.Helado De Sand\u00eda + Fresa Y Mango + Pl\u00e1tano<\/strong><\/p>\n<p><strong>2.Mojito De Frambuesa, Hielo De Melocot\u00f3n + Fresa Y Sand\u00eda, Kiwi, Maracuy\u00e1, Guayaba<\/strong><\/p>\n<p><strong>3.Fresa Y Sand\u00eda + Hielo De Uva + Caramelo Arco\u00edris<\/strong><\/p>\n<p><strong>4.Cola Ice + Ar\u00e1ndano Frambuesa + Melocot\u00f3n Mango Sand\u00eda<\/strong><\/p>\n<p><strong>5.Sand\u00eda Ar\u00e1ndano + Mango Fresa + Grosella Negra<\/strong><\/p>\n<p><strong>6.Hielo de ar\u00e1ndano + Hielo de drag\u00f3n negro + Melocot\u00f3n de mango<\/strong><\/p>\n<p><strong>7.Helado de ar\u00e1ndanos + fresa y pl\u00e1tano + frutos rojos mixtos<\/strong><\/p>\n<p><strong>8.Red Bull + Ar\u00e1ndano Sand\u00eda Manzana Pera<\/strong><\/p>\n<p><strong>9.Red Bull + Caramelo de burbujas de sand\u00eda + Helado de fresa<\/strong><\/p>\n<p><strong>10.Kiwi Fresa + Hielo De Melocot\u00f3n + Cola De Cereza<\/strong><\/p>\n<p><strong>11.Kiwi Passion + Lichi Hielo + Mango Melocot\u00f3n Pino<\/strong><\/p>\n<p><strong>12.Hielo de aguacate + Lima lim\u00f3n + Frambuesa sand\u00eda<img loading=\"lazy\" decoding=\"async\" class=\"alignnone wp-image-6133 size-full\" src=\"https:\/\/pgvape.com\/wp-content\/uploads\/2025\/11\/Pgvape-Bang-Leader-80000-80K-Puffs-3-in-1-Triple-Flavors-Disposable-Vape-Shipment-from-EU-Free-Shipping-4.png\" alt=\"P\u00f3ster colorido del producto que muestra doce dispositivos de vapeo desechables Bang Leader en gradiente, cada uno con el logotipo de un simio de dibujos animados y la etiqueta &#039;80,000 inhalaciones&#039;, que promociona &#039;Sabores triples 3 en 1&#039; y enumera varias combinaciones de sabores de frutas junto con \u00edconos para Tipo-C, 80,000 inhalaciones y malla dual.\" width=\"1900\" height=\"1900\" srcset=\"https:\/\/pgvape.com\/wp-content\/uploads\/2025\/11\/Pgvape-Bang-Leader-80000-80K-Puffs-3-in-1-Triple-Flavors-Disposable-Vape-Shipment-from-EU-Free-Shipping-4.png 1900w, https:\/\/pgvape.com\/wp-content\/uploads\/2025\/11\/Pgvape-Bang-Leader-80000-80K-Puffs-3-in-1-Triple-Flavors-Disposable-Vape-Shipment-from-EU-Free-Shipping-4-360x360.png 360w, https:\/\/pgvape.com\/wp-content\/uploads\/2025\/11\/Pgvape-Bang-Leader-80000-80K-Puffs-3-in-1-Triple-Flavors-Disposable-Vape-Shipment-from-EU-Free-Shipping-4-595x595.png 595w, https:\/\/pgvape.com\/wp-content\/uploads\/2025\/11\/Pgvape-Bang-Leader-80000-80K-Puffs-3-in-1-Triple-Flavors-Disposable-Vape-Shipment-from-EU-Free-Shipping-4-400x400.png 400w, https:\/\/pgvape.com\/wp-content\/uploads\/2025\/11\/Pgvape-Bang-Leader-80000-80K-Puffs-3-in-1-Triple-Flavors-Disposable-Vape-Shipment-from-EU-Free-Shipping-4-768x768.png 768w, https:\/\/pgvape.com\/wp-content\/uploads\/2025\/11\/Pgvape-Bang-Leader-80000-80K-Puffs-3-in-1-Triple-Flavors-Disposable-Vape-Shipment-from-EU-Free-Shipping-4-1536x1536.png 1536w, https:\/\/pgvape.com\/wp-content\/uploads\/2025\/11\/Pgvape-Bang-Leader-80000-80K-Puffs-3-in-1-Triple-Flavors-Disposable-Vape-Shipment-from-EU-Free-Shipping-4-12x12.png 12w, https:\/\/pgvape.com\/wp-content\/uploads\/2025\/11\/Pgvape-Bang-Leader-80000-80K-Puffs-3-in-1-Triple-Flavors-Disposable-Vape-Shipment-from-EU-Free-Shipping-4-300x300.png 300w, https:\/\/pgvape.com\/wp-content\/uploads\/2025\/11\/Pgvape-Bang-Leader-80000-80K-Puffs-3-in-1-Triple-Flavors-Disposable-Vape-Shipment-from-EU-Free-Shipping-4-600x600.png 600w, https:\/\/pgvape.com\/wp-content\/uploads\/2025\/11\/Pgvape-Bang-Leader-80000-80K-Puffs-3-in-1-Triple-Flavors-Disposable-Vape-Shipment-from-EU-Free-Shipping-4-100x100.png 100w, https:\/\/pgvape.com\/wp-content\/uploads\/2025\/11\/Pgvape-Bang-Leader-80000-80K-Puffs-3-in-1-Triple-Flavors-Disposable-Vape-Shipment-from-EU-Free-Shipping-4-40x40.png 40w\" sizes=\"auto, (max-width: 1900px) 100vw, 1900px\" \/><\/strong><\/p>\n<p>&nbsp;<\/p>\n<h3><span style=\"font-size: 90%;\">Bang Leader 80000 | 80K sopla 3 en 1 sabores triples Vape desechable\u00a0<strong>Video:<\/strong><\/span><\/h3>\n<p><iframe loading=\"lazy\" title=\"El l\u00edder 80K de la explosi\u00f3n sopla 3 en 1 sabores Vape disponible con pgvape recargable de la venta al por mayor de la f\u00e1brica de Vape\" width=\"563\" height=\"1000\" src=\"https:\/\/www.youtube.com\/embed\/-_eUSKzsdRY?feature=oembed\" frameborder=\"0\" allow=\"accelerometer; autoplay; clipboard-write; encrypted-media; gyroscope; picture-in-picture; web-share\" referrerpolicy=\"strict-origin-when-cross-origin\" allowfullscreen><\/iframe><\/p>\n<p>&nbsp;<\/p>\n<h3 class=\"auto-hide-last-sibling-br paragraph-pP9ZLC paragraph-element br-paragraph-space\"><span style=\"font-size: 90%;\">\u00bfPor qu\u00e9 elegir el almac\u00e9n europeo de PGVape?<\/span><\/h3>\n<p>Env\u00edo r\u00e1pido: entrega a la mayor\u00eda de los pa\u00edses de la UE en un plazo de 3 a 7 d\u00edas h\u00e1biles.<\/p>\n<p>Entrega libre de impuestos: el stock local de la UE garantiza un env\u00edo fluido y libre de impuestos.<\/p>\n<p>Garant\u00eda aut\u00e9ntica 100%: cigarrillos electr\u00f3nicos Bang Leader aut\u00e9nticos de proveedores certificados.<\/p>\n<p>Inventario fresco: almacenado en condiciones controladas para garantizar una calidad \u00f3ptima.<\/p>\n<p>Con la confianza de los europeos: miles de clientes disfrutan de los servicios de cigarrillos electr\u00f3nicos r\u00e1pidos y seguros de PGVape.<\/p>\n<p>&nbsp;<\/p>\n<h2><span style=\"font-size: 90%;\">Preguntas frecuentes sobre Bang Leader 80000 | 80K Puffs 3 en 1 Vape desechable de sabores triples<\/span><\/h2>\n<p data-sourcepos=\"33:1-34:75\">\u2753 <strong data-sourcepos=\"33:3-33:39\">\u00bfC\u00f3mo funciona el sistema 3 en 1?<br \/>\n<\/strong> \u2705 Tres c\u00e1psulas separadas de 26 ml permiten un cambio instant\u00e1neo de sabor en un solo dispositivo.<\/p>\n<p data-sourcepos=\"36:1-37:75\">\u2753 <strong data-sourcepos=\"36:3-36:47\">\u00bfLa bater\u00eda es suficiente para 80.000 inhalaciones?<\/strong><br \/>\n\u2705 El <strong data-sourcepos=\"37:7-37:25\">bater\u00eda de 850mah<\/strong> con <strong data-sourcepos=\"37:31-37:50\">Carga tipo C<\/strong> admite un uso prolongado.<\/p>\n<p data-sourcepos=\"39:1-40:73\">\u2753 <strong data-sourcepos=\"39:3-39:40\">\u00bfQu\u00e9 hace que la bobina de malla sea especial?<br \/>\n<\/strong> \u2705 <strong data-sourcepos=\"40:3-40:21\">Bobina de malla de 1.0\u03a9<\/strong> entrega <strong data-sourcepos=\"40:31-40:50\">50% m\u00e1s sabor<\/strong> que las bobinas est\u00e1ndar.<\/p>\n<p>\u2753\u00a0<strong data-sourcepos=\"50:3-50:42\">\u00bfDesde d\u00f3nde se env\u00eda este producto?<\/strong><br \/>\n\u2705\u00a0Directo desde\u00a0<strong data-sourcepos=\"51:15-51:32\">Almacenes de la UE<\/strong>\u00a0para\u00a0<strong data-sourcepos=\"51:37-51:64\">entrega r\u00e1pida y libre de impuestos<\/strong>.<\/p>\n<p data-sourcepos=\"45:1-46:65\">\u2753 <strong data-sourcepos=\"45:3-45:36\">\u00bfLos sabores son personalizables?<br \/>\n<\/strong> \u2705 Combinaciones premium preestablecidas: \u00a1perfectas para exploradores de sabores!<\/p>\n<p>&nbsp;<\/p>\n<h3 id=\"brxe-najhln\" class=\"brxe-heading\">Preguntas frecuentes (FAQ)<\/h3>\n<div id=\"brxe-rajiac\" class=\"brxe-text\">\n<p><strong>P: \u00bfQu\u00e9 m\u00e9todos de pago aceptan?<\/strong><br \/>\nR: Aceptamos PayPal, Stripe, transferencias bancarias (compatibles con SEPA), las principales tarjetas de cr\u00e9dito (Visa, MasterCard, American Express) y pagos con criptomonedas.<\/p>\n<p><strong>P: \u00bfCu\u00e1nto tiempo lleva la preparaci\u00f3n del pedido?<\/strong><br \/>\nR: La preparaci\u00f3n del pedido demora entre 1 y 3 d\u00edas h\u00e1biles.<\/p>\n<p><strong>P: \u00bfCu\u00e1l es el tiempo de env\u00edo?<\/strong><br \/>\nR: El tiempo de env\u00edo es de 7 a 14 d\u00edas h\u00e1biles, dependiendo de su ubicaci\u00f3n. Los productos enviados desde almacenes europeos generalmente demoran de 3 a 6 d\u00edas h\u00e1biles en entregarse.<\/p>\n<p><strong>P: \u00bfC\u00f3mo puedo realizar un seguimiento de mi pedido?<\/strong><br \/>\nR: Despu\u00e9s del env\u00edo, recibir\u00e1 un correo electr\u00f3nico de confirmaci\u00f3n con un n\u00famero de seguimiento para realizar un seguimiento en tiempo real.<\/p>\n<p><strong>P: \u00bfCu\u00e1l es su pol\u00edtica de devoluci\u00f3n?<\/strong><br \/>\nR: Ofrecemos una pol\u00edtica de devoluci\u00f3n de 30 d\u00edas para reembolsos o cambios. .<\/p>\n<p><strong>P: \u00bfHabr\u00e1 alg\u00fan problema aduanero?<br \/>\n<\/strong>Nos encargamos de todos los procedimientos de despacho de aduanas para garantizarle una experiencia sin complicaciones. .<\/p>\n<p><strong>P: \u00bfQu\u00e9 m\u00e9todos de env\u00edo se utilizan?<\/strong><br \/>\nCooperamos con UPS\/DHL\/FEDEX\/DPD, etc. Elegiremos la opci\u00f3n de env\u00edo adecuada seg\u00fan el pa\u00eds de entrega para asegurarnos de que reciba sus productos lo m\u00e1s r\u00e1pido posible.<\/p>\n<p><a href=\"https:\/\/pgvape.com\/es\/preguntas-frecuentes\/\">Haga clic aqu\u00ed para m\u00e1s preguntas frecuentes<\/a><\/p>\n<p>Estimados clientes: Si tienen alguna pregunta sobre su pedido o la llegada de la mercanc\u00eda, comun\u00edquese con nuestro servicio de atenci\u00f3n al cliente. \u00a1Gracias!<\/p>\n<h3 data-sourcepos=\"73:1-73:21\"><strong data-sourcepos=\"73:7-73:21\">Cont\u00e1ctenos<\/strong><\/h3>\n<div id=\"text-2419739398\" class=\"text\">\n<p><strong data-sourcepos=\"75:3-75:12\">Correo electr\u00f3nico<\/strong>:\u00a0<a href=\"mailto:support@pgvape.com\"><strong>support@pgvape.com<\/strong><\/a><\/p>\n<p><strong data-sourcepos=\"76:3-76:15\">WhatsApp<\/strong>:\u00a0<a href=\"https:\/\/wa.me\/+8618128481258\"><strong>+86 18128481258<\/strong><\/a><br \/>\n<strong>(Respuesta dentro de las 24 horas en d\u00edas h\u00e1biles)<\/strong><\/p>\n<\/div>\n<h3><strong>\u00a1Gracias por elegir pgvape.com! .<\/strong><\/h3>\n<\/div>","protected":false},"excerpt":{"rendered":"<p>\u201cNunca te aburras <strong data-sourcepos=\"49:23-49:48\">tres sabores premium<\/strong> \u00a1en un dispositivo elegante! <strong data-sourcepos=\"49:74-49:98\">Capacidad para 80.000 caladas<\/strong> dura semanas, mientras que el <strong data-sourcepos=\"49:122-49:135\">bobina de malla<\/strong> garantiza el m\u00e1ximo sabor. \u201d<\/p>","protected":false},"featured_media":6130,"comment_status":"open","ping_status":"closed","template":"","meta":{"_seopress_robots_primary_cat":"none","_seopress_titles_title":"","_seopress_titles_desc":"","_seopress_robots_index":""},"product_brand":[54,516],"product_cat":[515,461,41],"product_tag":[56,465,55,90,459,203],"class_list":{"0":"post-6121","1":"product","2":"type-product","3":"status-publish","4":"has-post-thumbnail","6":"product_brand-bang-leader-vape","7":"product_brand-disposable-vape","8":"product_cat-disposable-vape","9":"product_cat-bang-leader-vape-eu","10":"product_cat-80k-puffs-vape","11":"product_tag-3-in-1-triple-flavors","12":"product_tag-80k-puffs-vape","13":"product_tag-bang-leader-80000","14":"product_tag-disposable-vape","15":"product_tag-free-shipping","16":"product_tag-shipment-from-eu","18":"first","19":"instock","20":"sale","21":"shipping-taxable","22":"purchasable","23":"product-type-variable"},"_links":{"self":[{"href":"https:\/\/pgvape.com\/es\/wp-json\/wp\/v2\/product\/6121","targetHints":{"allow":["GET"]}}],"collection":[{"href":"https:\/\/pgvape.com\/es\/wp-json\/wp\/v2\/product"}],"about":[{"href":"https:\/\/pgvape.com\/es\/wp-json\/wp\/v2\/types\/product"}],"replies":[{"embeddable":true,"href":"https:\/\/pgvape.com\/es\/wp-json\/wp\/v2\/comments?post=6121"}],"wp:featuredmedia":[{"embeddable":true,"href":"https:\/\/pgvape.com\/es\/wp-json\/wp\/v2\/media\/6130"}],"wp:attachment":[{"href":"https:\/\/pgvape.com\/es\/wp-json\/wp\/v2\/media?parent=6121"}],"wp:term":[{"taxonomy":"product_brand","embeddable":true,"href":"https:\/\/pgvape.com\/es\/wp-json\/wp\/v2\/product_brand?post=6121"},{"taxonomy":"product_cat","embeddable":true,"href":"https:\/\/pgvape.com\/es\/wp-json\/wp\/v2\/product_cat?post=6121"},{"taxonomy":"product_tag","embeddable":true,"href":"https:\/\/pgvape.com\/es\/wp-json\/wp\/v2\/product_tag?post=6121"}],"curies":[{"name":"wp","href":"https:\/\/api.w.org\/{rel}","templated":true}]}}