{"id":6058,"date":"2025-11-14T10:25:52","date_gmt":"2025-11-14T10:25:52","guid":{"rendered":"https:\/\/pgvape.com\/?post_type=product&#038;p=6058"},"modified":"2026-04-18T15:31:11","modified_gmt":"2026-04-18T15:31:11","slug":"bang-leader-110000-110k-inhalaciones-6-en-1-sabores-envio-de-vape-desechable-desde-la-ue-envio-gratis-vape-directo-de-fabrica","status":"publish","type":"product","link":"https:\/\/pgvape.com\/es\/producto\/bang-leader-110000-110k-inhalaciones-6-en-1-sabores-envio-de-vape-desechable-desde-la-ue-envio-gratis-vape-directo-de-fabrica\/","title":{"rendered":"Bang Leader 110000 | 110k Puffs 6 en 1 Sabores Vape desechable | Env\u00edo desde la UE | Env\u00edo gratis | Vape Factory Direct"},"content":{"rendered":"<p><strong data-sourcepos=\"6:5-6:47\">Bang Leader 110K inhala Vape desechable<\/strong>\u00a0revoluciona el vapeo a largo plazo con un l\u00edder en la industria\u00a0<strong data-sourcepos=\"6:105-6:135\">100.000-110.000 caladas<\/strong>, impulsado por un innovador\u00a0<strong data-sourcepos=\"6:162-6:184\">sistema de triple tanque<\/strong>\u00a0y\u00a0<strong data-sourcepos=\"6:189-6:209\">bobina de malla triple<\/strong>\u00a0tecnolog\u00eda.\u00a0<strong data-sourcepos=\"6:232-6:263\">6 modos de sabor personalizables<\/strong> (sabores individuales o mezclados) y un\u00a0<strong data-sourcepos=\"6:337-6:368\">Bater\u00eda recargable de 850 mAh.<\/strong>\u00a0con\u00a0<strong data-sourcepos=\"6:374-6:398\">Carga r\u00e1pida tipo C<\/strong>, este dispositivo ofrece una versatilidad incomparable.\u00a0<strong data-sourcepos=\"6:451-6:465\">pantalla LED<\/strong>\u00a0proporciona monitoreo en tiempo real de la bater\u00eda y el uso, mientras\u00a0<strong data-sourcepos=\"6:524-6:556\">Embalaje al por mayor de 10 piezas<\/strong>\u00a0lo hace ideal para minoristas.<br \/>\nBang Leader 110K Enviado directamente desde nuestro <b>Almac\u00e9n de la UE<\/b>, las garant\u00edas <b>entrega r\u00e1pida y libre de impuestos<\/b>\u00a0y autenticidad 100%, brind\u00e1ndole una experiencia de vapeo de primer nivel directamente a su puerta.<\/p>\n<p>&nbsp;<\/p>\n<h2><span style=\"font-size: 90%;\">Bang Leader 110000 | 110k Puffs 6 en 1 sabores Especificaci\u00f3n de producto desechable de Vape<\/span><\/h2>\n<p><strong data-sourcepos=\"11:3-11:18\">Conteo de bocanadas:<\/strong>\u00a0<strong data-sourcepos=\"11:19-11:44\">100.000-110.000 bocanadas<\/strong>\u00a0(Longevidad inigualable)<\/p>\n<p><strong data-sourcepos=\"12:3-12:16\">Nicotina:<\/strong>\u00a0<strong data-sourcepos=\"12:17-12:33\">2%\u00a0<\/strong><\/p>\n<p><strong data-sourcepos=\"13:3-13:21\">Sistema de sabor:<\/strong><strong data-sourcepos=\"14:5-14:17\">6 modos:<\/strong>\u00a0<strong data-sourcepos=\"14:18-14:44\">A, B, C, A+B, A+C, B+C<\/strong>\u00a0(Mezcla y combina sabores)<\/p>\n<p><strong data-sourcepos=\"15:5-15:25\">Tanques de aceite triples<\/strong>\u00a0(Tanques de aceite flexibles** (Admite combinaciones de m\u00faltiples sabores)<\/p>\n<p><strong data-sourcepos=\"16:3-16:12\">Bobina:<\/strong>\u00a0<strong data-sourcepos=\"16:13-16:33\">Bobina de malla triple<\/strong>\u00a0(Calentamiento m\u00e1s r\u00e1pido, vapor m\u00e1s rico)<\/p>\n<p><strong data-sourcepos=\"17:3-17:15\">Bater\u00eda:<\/strong>\u00a0<strong data-sourcepos=\"17:16-17:39\">850mAh recargable<\/strong>\u00a0(Con\u00a0<strong data-sourcepos=\"17:46-17:56\">Tipo C<\/strong>\u00a0carga r\u00e1pida)<\/p>\n<p><strong data-sourcepos=\"18:3-18:15\">Mostrar:<\/strong>\u00a0<strong data-sourcepos=\"18:16-18:30\">Pantalla LED<\/strong>\u00a0(Recuento de inhalaciones e indicador de bater\u00eda)<\/p>\n<p><strong data-sourcepos=\"19:3-19:17\">Embalaje:<\/strong>\u00a0<strong data-sourcepos=\"19:18-19:33\">10 unidades\/paquete<\/strong>\u00a0(Listo para la venta al por menor)<\/p>\n<p><strong data-sourcepos=\"15:3-15:28\">Env\u00edo al almac\u00e9n de la UE<\/strong>\u00a0\u2013 Entrega r\u00e1pida y libre de impuestos<\/p>\n<p>&nbsp;<\/p>\n<h3><span style=\"font-size: 90%;\">Bang Leader 110000 | 110k inhalaciones 6 en 1 sabores Lista de sabores desechables de Vape<\/span><\/h3>\n<p>1.Sand\u00eda Hielo \/ Fresa Mamba \/ Fresa Sand\u00eda \/ Sand\u00eda Hielo Fresa Mamba \/ Sand\u00eda Hielo Fresa Sand\u00eda \/ Fresa Mamba Fresa Sand\u00eda<\/p>\n<p>2.Fuji Ice \/ Manzana Uva \/ Cereza Granada \/ Fuji Ice Manzana Uva \/ Fuji Ice Cereza Granada \/ Manzana Uva Cereza Granada<\/p>\n<p>3. Hielo de ar\u00e1ndano \/ Lim\u00f3n frambuesa \/ Chicle de sand\u00eda \/ Hielo de ar\u00e1ndano Lim\u00f3n frambuesa \/ Hielo de ar\u00e1ndano Chicle de sand\u00eda \/ Chicle de sand\u00eda y lim\u00f3n frambuesa<\/p>\n<p>4.Ar\u00e1ndanos Frambuesas \/ Pi\u00f1as Agrias Naranjas \/ Frambuesas Sand\u00edas \/ Ar\u00e1ndanos Frambuesas Pi\u00f1as Agrias Naranjas \/ Ar\u00e1ndanos Frambuesas Frambuesas Sand\u00edas \/ Pi\u00f1as Agrias Naranjas Frambuesas Sand\u00eda<\/p>\n<p>5.Helado de uva \/ Melocot\u00f3n de mango \/ Sand\u00eda de ar\u00e1ndanos \/ Melocot\u00f3n de mango de uva helado \/ Sand\u00eda de ar\u00e1ndanos helado de uva \/ Sand\u00eda de ar\u00e1ndanos de mango melocot\u00f3n<\/p>\n<p>6.Helado de fresa \/ Melocot\u00f3n Lim\u00f3n \/ Kiwi Maracuy\u00e1 Guayaba \/ Hielo de fresa Melocot\u00f3n Lim\u00f3n \/ Hielo de fresa Kiwi Maracuy\u00e1 Guayaba \/ Melocot\u00f3n Lim\u00f3n Kiwi Maracuy\u00e1 Guayaba<\/p>\n<p>7.Pi\u00f1a Coco \/ Ar\u00e1ndano Red Bull \/ Helado De Sand\u00eda \/ Pi\u00f1a Coco Ar\u00e1ndano Red Bull \/ Pi\u00f1a Coco Helado De Sand\u00eda \/ Ar\u00e1ndano Red Bull Helado De Sand\u00eda<\/p>\n<p>8. Fresa, Kiwi, Ar\u00e1ndano, Coco, Mezcla de bayas, Fresa, Kiwi, Ar\u00e1ndano, Coco, Fresa, Kiwi, Mezcla de bayas, Ar\u00e1ndano, Coco, Mezcla de bayas<\/p>\n<p>9.Lemon Romance \/ Ar\u00e1ndano Frambuesa \/ Melocot\u00f3n Mentol \/ Lim\u00f3n Romance Ar\u00e1ndano Frambuesa \/ Lim\u00f3n Romance Melocot\u00f3n Mentol \/ Ar\u00e1ndano Frambuesa Melocot\u00f3n Mentol<\/p>\n<p>10.Helado de durazno \/ Hielo de pi\u00f1a y grosella negra \/ Kiwi de manzana verde \/ Hielo de durazno Hielo de pi\u00f1a y grosella negra \/ Hielo de pi\u00f1a y kiwi de manzana verde \/ Hielo de pi\u00f1a y grosella negra Kiwi y manzana verde<img loading=\"lazy\" decoding=\"async\" class=\"alignnone wp-image-6063 size-full\" src=\"https:\/\/pgvape.com\/wp-content\/uploads\/2025\/11\/Pgvape-Bang-Leader-110k-Puffs-6-in-1-Flavors-Disposable-Vape-Shipment-from-EU-Free-Shipping-3.png\" alt=\"Una cuadr\u00edcula de doce dispositivos de vapeo desechables degradados de colores con la etiqueta \u201c6 en 1\u201d, cada uno con una ilustraci\u00f3n de un simio de dibujos animados, \u00edconos de pantalla digital y peque\u00f1as etiquetas de m\u00faltiples sabores debajo, presentados sobre un fondo azul helado.\" width=\"1080\" height=\"1080\" srcset=\"https:\/\/pgvape.com\/wp-content\/uploads\/2025\/11\/Pgvape-Bang-Leader-110k-Puffs-6-in-1-Flavors-Disposable-Vape-Shipment-from-EU-Free-Shipping-3.png 1080w, https:\/\/pgvape.com\/wp-content\/uploads\/2025\/11\/Pgvape-Bang-Leader-110k-Puffs-6-in-1-Flavors-Disposable-Vape-Shipment-from-EU-Free-Shipping-3-360x360.png 360w, https:\/\/pgvape.com\/wp-content\/uploads\/2025\/11\/Pgvape-Bang-Leader-110k-Puffs-6-in-1-Flavors-Disposable-Vape-Shipment-from-EU-Free-Shipping-3-595x595.png 595w, https:\/\/pgvape.com\/wp-content\/uploads\/2025\/11\/Pgvape-Bang-Leader-110k-Puffs-6-in-1-Flavors-Disposable-Vape-Shipment-from-EU-Free-Shipping-3-400x400.png 400w, https:\/\/pgvape.com\/wp-content\/uploads\/2025\/11\/Pgvape-Bang-Leader-110k-Puffs-6-in-1-Flavors-Disposable-Vape-Shipment-from-EU-Free-Shipping-3-768x768.png 768w, https:\/\/pgvape.com\/wp-content\/uploads\/2025\/11\/Pgvape-Bang-Leader-110k-Puffs-6-in-1-Flavors-Disposable-Vape-Shipment-from-EU-Free-Shipping-3-12x12.png 12w, https:\/\/pgvape.com\/wp-content\/uploads\/2025\/11\/Pgvape-Bang-Leader-110k-Puffs-6-in-1-Flavors-Disposable-Vape-Shipment-from-EU-Free-Shipping-3-300x300.png 300w, https:\/\/pgvape.com\/wp-content\/uploads\/2025\/11\/Pgvape-Bang-Leader-110k-Puffs-6-in-1-Flavors-Disposable-Vape-Shipment-from-EU-Free-Shipping-3-600x600.png 600w, https:\/\/pgvape.com\/wp-content\/uploads\/2025\/11\/Pgvape-Bang-Leader-110k-Puffs-6-in-1-Flavors-Disposable-Vape-Shipment-from-EU-Free-Shipping-3-100x100.png 100w, https:\/\/pgvape.com\/wp-content\/uploads\/2025\/11\/Pgvape-Bang-Leader-110k-Puffs-6-in-1-Flavors-Disposable-Vape-Shipment-from-EU-Free-Shipping-3-40x40.png 40w\" sizes=\"auto, (max-width: 1080px) 100vw, 1080px\" \/><\/p>\n<p>&nbsp;<\/p>\n<h3><span style=\"font-size: 90%;\">Bang Leader 110000 | 110k inhalaciones 6 en 1 sabores Vape desechable\u00a0<strong>Video:<\/strong><\/span><\/h3>\n<p><iframe loading=\"lazy\" title=\"El l\u00edder 110k de la explosi\u00f3n sopla 6 en 1 modos ajustables disponibles del sabor de Vape de los sabores con pgvape de la pantalla del LED\" width=\"563\" height=\"1000\" src=\"https:\/\/www.youtube.com\/embed\/RcaN8oRy9z4?feature=oembed\" frameborder=\"0\" allow=\"accelerometer; autoplay; clipboard-write; encrypted-media; gyroscope; picture-in-picture; web-share\" referrerpolicy=\"strict-origin-when-cross-origin\" allowfullscreen><\/iframe><\/p>\n<p>&nbsp;<\/p>\n<h3 class=\"auto-hide-last-sibling-br paragraph-pP9ZLC paragraph-element br-paragraph-space\"><span style=\"font-size: 90%;\">\u00bfPor qu\u00e9 elegir el almac\u00e9n europeo de PGVape?<\/span><\/h3>\n<p>Env\u00edo r\u00e1pido: entrega a la mayor\u00eda de los pa\u00edses de la UE en un plazo de 3 a 7 d\u00edas h\u00e1biles.<\/p>\n<p>Entrega libre de impuestos: el stock local de la UE garantiza un env\u00edo fluido y libre de impuestos.<\/p>\n<p>Garant\u00eda aut\u00e9ntica 100%: cigarrillos electr\u00f3nicos Bang Leader originales de proveedores certificados.<\/p>\n<p>Inventario fresco: almacenado en condiciones controladas para garantizar una calidad \u00f3ptima.<\/p>\n<p>Con la confianza de los europeos: miles de clientes disfrutan de los servicios de cigarrillos electr\u00f3nicos r\u00e1pidos y seguros de PGVape.<\/p>\n<p>&nbsp;<\/p>\n<h2 class=\"header-vfC6AV auto-hide-last-sibling-br\"><span style=\"font-size: 90%;\">Preguntas frecuentes sobre Bang Leader 110000 | 110k Puffs 6 en 1 sabores Vape desechable<\/span><\/h2>\n<p data-sourcepos=\"38:1-39:92\">\u2753\u00a0<strong data-sourcepos=\"38:3-38:38\">\u00bfC\u00f3mo consigue 110.000 caladas?<\/strong><br \/>\n\u2705\u00a0<strong data-sourcepos=\"39:3-39:23\">Tanques de aceite triples<\/strong>\u00a0+\u00a0<strong data-sourcepos=\"39:26-39:44\">bater\u00eda de 850mah<\/strong>\u00a0+\u00a0<strong data-sourcepos=\"39:47-39:71\">bobinas de malla eficientes<\/strong>\u00a0maximizar la vida \u00fatil.<\/p>\n<p data-sourcepos=\"41:1-42:124\">\u2753\u00a0<strong data-sourcepos=\"41:3-41:25\">\u00bfPuedo mezclar sabores?<\/strong><br \/>\n\u2705\u00a0\u00a1S\u00ed!\u00a0<strong data-sourcepos=\"42:16-42:35\">2-3 sabores cualquiera<\/strong>\u00a0de los tanques para\u00a0<strong data-sourcepos=\"42:55-42:72\">mezclas personalizadas<\/strong>\u00a0(p.ej.,\u00a0<strong data-sourcepos=\"42:80-42:120\">Hielo de ar\u00e1ndanos + chicle de sand\u00eda<\/strong>).<\/p>\n<p data-sourcepos=\"44:1-45:86\">\u2753\u00a0<strong data-sourcepos=\"44:3-44:27\">\u00bfEs f\u00e1cil de usar?<\/strong><br \/>\n\u2705\u00a0El\u00a0<strong data-sourcepos=\"45:7-45:21\">pantalla LED<\/strong>\u00a0rastrea el uso y\u00a0<strong data-sourcepos=\"45:40-45:59\">Carga tipo C<\/strong>\u00a0asegura encendidos r\u00e1pidos.<\/p>\n<p data-sourcepos=\"47:1-48:88\">\u2753\u00a0<strong data-sourcepos=\"47:3-47:26\">\u00bfPara qui\u00e9n es mejor?<\/strong><br \/>\n\u2705\u00a0Los vapeadores empedernidos quieren\u00a0<strong data-sourcepos=\"48:24-48:37\">longevidad<\/strong>\u00a0+ minoristas que buscan\u00a0<strong data-sourcepos=\"48:58-48:85\">desechables de alto margen<\/strong>.<\/p>\n<p>\u2753\u00a0<strong data-sourcepos=\"50:3-50:42\">\u00bfDesde d\u00f3nde se env\u00eda este producto?<\/strong><br \/>\n\u2705\u00a0Directo desde\u00a0<strong data-sourcepos=\"51:15-51:32\">Almacenes de la UE<\/strong>\u00a0para\u00a0<strong data-sourcepos=\"51:37-51:64\">entrega r\u00e1pida y libre de impuestos<\/strong>.<\/p>\n<p>&nbsp;<\/p>\n<h3 id=\"brxe-najhln\" class=\"brxe-heading\">Preguntas frecuentes (FAQ)<\/h3>\n<div id=\"brxe-rajiac\" class=\"brxe-text\">\n<p><strong>P: \u00bfQu\u00e9 m\u00e9todos de pago aceptan?<\/strong><br \/>\nR: Aceptamos PayPal, Stripe, transferencias bancarias (compatibles con SEPA), las principales tarjetas de cr\u00e9dito (Visa, MasterCard, American Express) y pagos con criptomonedas.<\/p>\n<p><strong>P: \u00bfCu\u00e1nto tiempo lleva la preparaci\u00f3n del pedido?<\/strong><br \/>\nR: La preparaci\u00f3n del pedido demora entre 1 y 3 d\u00edas h\u00e1biles.<\/p>\n<p><strong>P: \u00bfCu\u00e1l es el tiempo de env\u00edo?<\/strong><br \/>\nR: El tiempo de env\u00edo es de 7 a 14 d\u00edas h\u00e1biles, dependiendo de su ubicaci\u00f3n. Los productos enviados desde almacenes europeos generalmente demoran de 3 a 6 d\u00edas h\u00e1biles en entregarse.<\/p>\n<p><strong>P: \u00bfC\u00f3mo puedo realizar un seguimiento de mi pedido?<\/strong><br \/>\nR: Despu\u00e9s del env\u00edo, recibir\u00e1 un correo electr\u00f3nico de confirmaci\u00f3n con un n\u00famero de seguimiento para realizar un seguimiento en tiempo real.<\/p>\n<p><strong>P: \u00bfCu\u00e1l es su pol\u00edtica de devoluci\u00f3n?<\/strong><br \/>\nR: Ofrecemos una pol\u00edtica de devoluci\u00f3n de 30 d\u00edas para reembolsos o cambios. .<\/p>\n<p><strong>P: \u00bfHabr\u00e1 alg\u00fan problema aduanero?<br \/>\n<\/strong>Nos encargamos de todos los procedimientos de despacho de aduanas para garantizarle una experiencia sin complicaciones. .<\/p>\n<p><strong>P: \u00bfQu\u00e9 m\u00e9todos de env\u00edo se utilizan?<\/strong><br \/>\nCooperamos con UPS\/DHL\/FEDEX\/DPD, etc. Elegiremos la opci\u00f3n de env\u00edo adecuada seg\u00fan el pa\u00eds de entrega para asegurarnos de que reciba sus productos lo m\u00e1s r\u00e1pido posible.<\/p>\n<p><a href=\"https:\/\/pgvape.com\/es\/preguntas-frecuentes\/\">Haga clic aqu\u00ed para m\u00e1s preguntas frecuentes<\/a><\/p>\n<p>Estimados clientes: Si tienen alguna pregunta sobre su pedido o la llegada de la mercanc\u00eda, comun\u00edquese con nuestro servicio de atenci\u00f3n al cliente. \u00a1Gracias!<\/p>\n<h3 data-sourcepos=\"73:1-73:21\"><strong data-sourcepos=\"73:7-73:21\">Cont\u00e1ctenos<\/strong><\/h3>\n<div id=\"text-2419739398\" class=\"text\">\n<p><strong data-sourcepos=\"75:3-75:12\">Correo electr\u00f3nico<\/strong>:\u00a0<a href=\"mailto:support@pgvape.com\"><strong>support@pgvape.com<\/strong><\/a><\/p>\n<p><strong data-sourcepos=\"76:3-76:15\">WhatsApp<\/strong>:\u00a0<a href=\"https:\/\/wa.me\/+8618128481258\"><strong>+86 18128481258<\/strong><\/a><br \/>\n<strong>(Respuesta dentro de las 24 horas en d\u00edas h\u00e1biles)<\/strong><\/p>\n<\/div>\n<h3><strong>\u00a1Gracias por elegir pgvape.com! .<\/strong><\/h3>\n<\/div>","protected":false},"excerpt":{"rendered":"<p>Con\u00a0<strong data-sourcepos=\"53:6-53:20\">110.000 bocanadas<\/strong>,\u00a0<strong data-sourcepos=\"53:22-53:53\">personalizaci\u00f3n de triple sabor<\/strong>, y\u00a0<strong data-sourcepos=\"53:59-53:81\">bobinas de malla premium<\/strong>, el\u00a0<strong data-sourcepos=\"53:87-53:107\">L\u00edder de explosi\u00f3n 110K<\/strong>\u00a0domina el mercado de vaporizadores de alta capacidad.\u00a0<strong data-sourcepos=\"53:159-53:189\">Ideal para<\/strong>\u00a0y\u00a0<strong data-sourcepos=\"53:194-53:213\">entusiastas de los sabores<\/strong>.<\/p>","protected":false},"featured_media":6061,"comment_status":"open","ping_status":"closed","template":"","meta":{"_seopress_robots_primary_cat":"none","_seopress_titles_title":"","_seopress_titles_desc":"","_seopress_robots_index":""},"product_brand":[54],"product_cat":[515,461,119],"product_tag":[361,253,460,90,459,203],"class_list":{"0":"post-6058","1":"product","2":"type-product","3":"status-publish","4":"has-post-thumbnail","6":"product_brand-bang-leader-vape","7":"product_cat-disposable-vape","8":"product_cat-bang-leader-vape-eu","9":"product_cat-110k-puffs-vape","10":"product_tag-110k-puffs-vape","11":"product_tag-6-in-1-flavors","12":"product_tag-bang-leader-110000","13":"product_tag-disposable-vape","14":"product_tag-free-shipping","15":"product_tag-shipment-from-eu","17":"first","18":"instock","19":"sale","20":"shipping-taxable","21":"purchasable","22":"product-type-variable"},"_links":{"self":[{"href":"https:\/\/pgvape.com\/es\/wp-json\/wp\/v2\/product\/6058","targetHints":{"allow":["GET"]}}],"collection":[{"href":"https:\/\/pgvape.com\/es\/wp-json\/wp\/v2\/product"}],"about":[{"href":"https:\/\/pgvape.com\/es\/wp-json\/wp\/v2\/types\/product"}],"replies":[{"embeddable":true,"href":"https:\/\/pgvape.com\/es\/wp-json\/wp\/v2\/comments?post=6058"}],"wp:featuredmedia":[{"embeddable":true,"href":"https:\/\/pgvape.com\/es\/wp-json\/wp\/v2\/media\/6061"}],"wp:attachment":[{"href":"https:\/\/pgvape.com\/es\/wp-json\/wp\/v2\/media?parent=6058"}],"wp:term":[{"taxonomy":"product_brand","embeddable":true,"href":"https:\/\/pgvape.com\/es\/wp-json\/wp\/v2\/product_brand?post=6058"},{"taxonomy":"product_cat","embeddable":true,"href":"https:\/\/pgvape.com\/es\/wp-json\/wp\/v2\/product_cat?post=6058"},{"taxonomy":"product_tag","embeddable":true,"href":"https:\/\/pgvape.com\/es\/wp-json\/wp\/v2\/product_tag?post=6058"}],"curies":[{"name":"wp","href":"https:\/\/api.w.org\/{rel}","templated":true}]}}