{"id":5953,"date":"2025-11-14T08:07:02","date_gmt":"2025-11-14T08:07:02","guid":{"rendered":"https:\/\/pgvape.com\/?post_type=product&#038;p=5953"},"modified":"2026-04-18T15:31:11","modified_gmt":"2026-04-18T15:31:11","slug":"bang-king-30000-30k-puffs-envio-de-vape-desechable-de-doble-sabor-desde-la-ue-envio-gratis-directo-de-fabrica-de-vape","status":"publish","type":"product","link":"https:\/\/pgvape.com\/es\/producto\/bang-king-30000-30k-puffs-envio-de-vape-desechable-de-doble-sabor-desde-la-ue-envio-gratis-directo-de-fabrica-de-vape\/","title":{"rendered":"Bang King 30000 | 30K Puffs Vape desechable de doble sabor | Env\u00edo desde la UE | Env\u00edo gratis | Vape Factory Direct"},"content":{"rendered":"<p><strong data-sourcepos=\"4:5-4:58\">Bang King 30000Puffs Vape desechable de doble sabor<\/strong>\u00a0entrega\u00a0<strong data-sourcepos=\"4:68-4:96\">placer de vapeo extendido<\/strong>\u00a0con su\u00a0<strong data-sourcepos=\"4:106-4:128\">sistema de doble sabor<\/strong>\u00a0y\u00a0<strong data-sourcepos=\"4:133-4:157\">Capacidad para 30.000 caladas.<\/strong>.\u00a0<strong data-sourcepos=\"4:171-4:191\">Bobina de malla de 1.0ohm<\/strong>\u00a0para\u00a0<strong data-sourcepos=\"4:196-4:223\">producci\u00f3n de vapor suave<\/strong>\u00a0y\u00a0<strong data-sourcepos=\"4:228-4:254\">Capacidad de e-l\u00edquido de 36 ml.<\/strong>, El\u00a0<strong data-sourcepos=\"4:334-4:365\">Bater\u00eda recargable de 550 mAh.<\/strong>\u00a0con\u00a0<strong data-sourcepos=\"4:371-4:390\">Carga tipo C<\/strong>\u00a0y\u00a0<strong data-sourcepos=\"4:395-4:410\">pantalla LED<\/strong>\u00a0garantiza un uso c\u00f3modo.<br \/>\nEnviado directamente desde nuestro\u00a0<b>Almac\u00e9n de la UE<\/b>, el Bang King 50K garantiza\u00a0<b>entrega r\u00e1pida y libre de impuestos<\/b>\u00a0y autenticidad 100%, brind\u00e1ndole una experiencia de vapeo de primer nivel directamente a su puerta.<\/p>\n<p>&nbsp;<\/p>\n<h2><span style=\"font-size: 90%;\">Bang King 30000 | 30K Puffs Especificaciones del producto Vape desechable de doble sabor<\/span><\/h2>\n<p><strong data-sourcepos=\"7:3-7:17\">Recuento de bocanadas<\/strong>: 30.000 bocanadas<\/p>\n<p><strong data-sourcepos=\"8:3-8:11\">Bobina<\/strong>: Bobina de malla de 1.0ohm<\/p>\n<p><strong data-sourcepos=\"9:3-9:24\">Capacidad de e-l\u00edquido<\/strong>: 36ml<\/p>\n<p><strong data-sourcepos=\"10:3-10:25\">Puntos fuertes de la nicotina<\/strong>: 2%<\/p>\n<p><strong data-sourcepos=\"11:3-11:14\">Bater\u00eda<\/strong>: 550 mAh recargable<\/p>\n<p><strong data-sourcepos=\"12:3-12:15\">Cargando<\/strong>: Puerto tipo C<\/p>\n<p><strong data-sourcepos=\"13:3-13:14\">Mostrar<\/strong>: Pantalla digital LED<\/p>\n<p><strong data-sourcepos=\"14:3-14:14\">Caracter\u00edstica<\/strong>: Tecnolog\u00eda de doble sabor<\/p>\n<p><strong data-sourcepos=\"15:3-15:16\">Embalaje<\/strong>: 10 piezas\/caja de presentaci\u00f3n<\/p>\n<p><strong data-sourcepos=\"15:3-15:28\">Env\u00edo al almac\u00e9n de la UE<\/strong>\u00a0\u2013 Entrega r\u00e1pida y libre de impuestos<\/p>\n<p>&nbsp;<\/p>\n<h3><span style=\"font-size: 90%;\">Bang King 30000 | 30K sopla combinaciones de sabores desechables de Vape de doble sabor<\/span><\/h3>\n<p><strong data-sourcepos=\"18:4-18:39\">1.Hielo de sand\u00eda y menta de ar\u00e1ndanos<\/strong><\/p>\n<p><strong data-sourcepos=\"19:4-19:41\">2.Helado de sand\u00eda y mango de fresa<\/strong><\/p>\n<p><strong data-sourcepos=\"20:4-20:56\">3.Fresa, Sand\u00eda y Kiwi, Maracuy\u00e1 y Guayaba<\/strong><\/p>\n<p><strong data-sourcepos=\"21:4-21:41\">4.Helado de fresa, sand\u00eda y uva<\/strong><\/p>\n<p><strong data-sourcepos=\"22:4-22:40\">5. Hielo de ar\u00e1ndano y hielo de drag\u00f3n negro<\/strong><\/p>\n<p><strong data-sourcepos=\"23:4-23:41\">6.Hielo de ar\u00e1ndano y pl\u00e1tano de fresa<\/strong><\/p>\n<p><strong data-sourcepos=\"24:4-24:39\">7. Sand\u00eda Red Bull y Ar\u00e1ndanos<\/strong><\/p>\n<p><strong data-sourcepos=\"25:4-25:42\">8. Caramelo de burbujas de Red Bull y sand\u00eda<\/strong><\/p>\n<p><strong data-sourcepos=\"26:4-26:52\">9.Ar\u00e1ndano, Frambuesa y Melocot\u00f3n, Mango, Sand\u00eda<\/strong><\/p>\n<p><strong data-sourcepos=\"27:5-27:42\">10.Ar\u00e1ndano, frambuesa y frutas mixtas<\/strong><\/p>\n<p><strong data-sourcepos=\"28:5-28:36\">11.Helado de fresa, kiwi y melocot\u00f3n<\/strong><\/p>\n<p><strong data-sourcepos=\"29:5-29:47\">12.Fresa, kiwi y manzana agria y frambuesa<br \/>\n<img loading=\"lazy\" decoding=\"async\" class=\"alignnone wp-image-5962 size-full\" src=\"https:\/\/pgvape.com\/wp-content\/uploads\/2025\/11\/pgvape-Bang-King-30000-30K-Puffs-Double-Taste-Disposable-Vape-Shipment-from-EU-Free-Shipping-3.png\" alt=\"Doce dispositivos de vapeo desechables Bang King de colores brillantes dispuestos en una cuadr\u00edcula, cada uno con una franja vertical negra, un gr\u00e1fico estilizado de un animal o un mono en el frente, fondos degradados y peque\u00f1os \u00edconos de frutas debajo que indican diferentes sabores.\" width=\"1000\" height=\"1639\" srcset=\"https:\/\/pgvape.com\/wp-content\/uploads\/2025\/11\/pgvape-Bang-King-30000-30K-Puffs-Double-Taste-Disposable-Vape-Shipment-from-EU-Free-Shipping-3.png 1000w, https:\/\/pgvape.com\/wp-content\/uploads\/2025\/11\/pgvape-Bang-King-30000-30K-Puffs-Double-Taste-Disposable-Vape-Shipment-from-EU-Free-Shipping-3-220x360.png 220w, https:\/\/pgvape.com\/wp-content\/uploads\/2025\/11\/pgvape-Bang-King-30000-30K-Puffs-Double-Taste-Disposable-Vape-Shipment-from-EU-Free-Shipping-3-595x975.png 595w, https:\/\/pgvape.com\/wp-content\/uploads\/2025\/11\/pgvape-Bang-King-30000-30K-Puffs-Double-Taste-Disposable-Vape-Shipment-from-EU-Free-Shipping-3-244x400.png 244w, https:\/\/pgvape.com\/wp-content\/uploads\/2025\/11\/pgvape-Bang-King-30000-30K-Puffs-Double-Taste-Disposable-Vape-Shipment-from-EU-Free-Shipping-3-768x1259.png 768w, https:\/\/pgvape.com\/wp-content\/uploads\/2025\/11\/pgvape-Bang-King-30000-30K-Puffs-Double-Taste-Disposable-Vape-Shipment-from-EU-Free-Shipping-3-937x1536.png 937w, https:\/\/pgvape.com\/wp-content\/uploads\/2025\/11\/pgvape-Bang-King-30000-30K-Puffs-Double-Taste-Disposable-Vape-Shipment-from-EU-Free-Shipping-3-7x12.png 7w, https:\/\/pgvape.com\/wp-content\/uploads\/2025\/11\/pgvape-Bang-King-30000-30K-Puffs-Double-Taste-Disposable-Vape-Shipment-from-EU-Free-Shipping-3-600x983.png 600w, https:\/\/pgvape.com\/wp-content\/uploads\/2025\/11\/pgvape-Bang-King-30000-30K-Puffs-Double-Taste-Disposable-Vape-Shipment-from-EU-Free-Shipping-3-24x40.png 24w\" sizes=\"auto, (max-width: 1000px) 100vw, 1000px\" \/><\/strong><\/p>\n<p>&nbsp;<\/p>\n<h3><span style=\"font-size: 90%;\">V\u00eddeo de Vape desechable de doble sabor Bang King 30000 | 30K Puffs:<\/span><\/h3>\n<p>&nbsp;<\/p>\n<h3 class=\"auto-hide-last-sibling-br paragraph-pP9ZLC paragraph-element br-paragraph-space\">\u00bfPor qu\u00e9 elegir el almac\u00e9n europeo de PGVape?<\/h3>\n<p>Env\u00edo r\u00e1pido: entrega a la mayor\u00eda de los pa\u00edses de la UE en un plazo de 3 a 7 d\u00edas h\u00e1biles.<\/p>\n<p>Entrega libre de impuestos: el stock local de la UE garantiza un env\u00edo fluido y libre de impuestos.<\/p>\n<p>Garant\u00eda aut\u00e9ntica 100%: cigarrillos electr\u00f3nicos Bang King 30K originales de proveedores certificados.<\/p>\n<p>Inventario fresco: almacenado en condiciones controladas para garantizar una calidad \u00f3ptima.<\/p>\n<p>Con la confianza de los europeos: miles de clientes disfrutan de los servicios de cigarrillos electr\u00f3nicos r\u00e1pidos y seguros de PGVape.<\/p>\n<p>&nbsp;<\/p>\n<h2><span style=\"font-size: 90%;\">Preguntas frecuentes sobre Bang King 30000 | 30K Puffs Vape desechable de doble sabor<\/span><\/h2>\n<p data-sourcepos=\"32:1-33:79\">\u2753\u00a0<strong data-sourcepos=\"32:3-32:46\">\u00bfC\u00f3mo funciona la funci\u00f3n de doble sabor?<\/strong><br \/>\n\u2705\u00a0Cambie f\u00e1cilmente entre\u00a0<strong data-sourcepos=\"33:25-33:50\">dos sabores diferentes<\/strong>\u00a0en un solo dispositivo para mayor variedad.<\/p>\n<p data-sourcepos=\"35:1-36:75\">\u2753\u00a0<strong data-sourcepos=\"35:3-35:36\">\u00bfCu\u00e1nto tiempo durar\u00e1 este vaporizador?<\/strong><br \/>\n\u2705\u00a0Con\u00a0<strong data-sourcepos=\"36:8-36:24\">30.000 bocanadas<\/strong>\u00a0y\u00a0<strong data-sourcepos=\"36:29-36:46\">36ml de capacidad<\/strong>, proporciona un uso prolongado.<\/p>\n<p data-sourcepos=\"38:1-39:73\">\u2753\u00a0<strong data-sourcepos=\"38:3-38:41\">\u00bfQu\u00e9 hace que la calidad del vapor sea buena?<\/strong><br \/>\n\u2705\u00a0El\u00a0<strong data-sourcepos=\"39:7-39:27\">Bobina de malla de 1.0ohm<\/strong>\u00a0Garantiza una producci\u00f3n de vapor suave y sabrosa.<\/p>\n<p data-sourcepos=\"41:1-42:69\">\u2753\u00a0<strong data-sourcepos=\"41:3-41:47\">\u00bfPuedo comprobar los niveles de bater\u00eda y e-l\u00edquido?<\/strong><br \/>\n\u2705\u00a0El\u00a0<strong data-sourcepos=\"42:7-42:22\">pantalla LED<\/strong>\u00a0muestra la bater\u00eda restante y los niveles de e-l\u00edquido.<\/p>\n<p data-sourcepos=\"44:1-45:74\">\u2753\u00a0<strong data-sourcepos=\"44:3-44:30\">\u00bfEs f\u00e1cil recargar?<br \/>\n<\/strong>\u2705\u00a0El\u00a0<strong data-sourcepos=\"45:7-45:31\">Puerto de carga tipo C<\/strong>\u00a0permite una recarga r\u00e1pida y c\u00f3moda.<\/p>\n<p>\u2753\u00a0<strong data-sourcepos=\"50:3-50:42\">\u00bfDesde d\u00f3nde se env\u00eda este producto?<\/strong><br \/>\n\u2705\u00a0Directo desde\u00a0<strong data-sourcepos=\"51:15-51:32\">Almacenes de la UE<\/strong>\u00a0para\u00a0<strong data-sourcepos=\"51:37-51:64\">entrega r\u00e1pida y libre de impuestos<\/strong>.<\/p>\n<p>&nbsp;<\/p>\n<h3 id=\"brxe-najhln\" class=\"brxe-heading\">Preguntas frecuentes (FAQ)<\/h3>\n<div id=\"brxe-rajiac\" class=\"brxe-text\">\n<p><strong>P: \u00bfQu\u00e9 m\u00e9todos de pago aceptan?<\/strong><br \/>\nR: Aceptamos PayPal, Stripe, transferencias bancarias (compatibles con SEPA), las principales tarjetas de cr\u00e9dito (Visa, MasterCard, American Express) y pagos con criptomonedas.<\/p>\n<p><strong>P: \u00bfCu\u00e1nto tiempo lleva la preparaci\u00f3n del pedido?<\/strong><br \/>\nR: La preparaci\u00f3n del pedido demora entre 1 y 3 d\u00edas h\u00e1biles.<\/p>\n<p><strong>P: \u00bfCu\u00e1l es el tiempo de env\u00edo?<\/strong><br \/>\nR: El tiempo de env\u00edo es de 7 a 14 d\u00edas h\u00e1biles, dependiendo de su ubicaci\u00f3n. Los productos enviados desde almacenes europeos generalmente demoran de 3 a 6 d\u00edas h\u00e1biles en entregarse.<\/p>\n<p><strong>P: \u00bfC\u00f3mo puedo realizar un seguimiento de mi pedido?<\/strong><br \/>\nR: Despu\u00e9s del env\u00edo, recibir\u00e1 un correo electr\u00f3nico de confirmaci\u00f3n con un n\u00famero de seguimiento para realizar un seguimiento en tiempo real.<\/p>\n<p><strong>P: \u00bfCu\u00e1l es su pol\u00edtica de devoluci\u00f3n?<\/strong><br \/>\nR: Ofrecemos una pol\u00edtica de devoluci\u00f3n de 30 d\u00edas para reembolsos o cambios. .<\/p>\n<p><strong>P: \u00bfHabr\u00e1 alg\u00fan problema aduanero?<br \/>\n<\/strong>Nos encargamos de todos los procedimientos de despacho de aduanas para garantizarle una experiencia sin complicaciones. .<\/p>\n<p><strong>P: \u00bfQu\u00e9 m\u00e9todos de env\u00edo se utilizan?<\/strong><br \/>\nCooperamos con UPS\/DHL\/FEDEX\/DPD, etc. Elegiremos la opci\u00f3n de env\u00edo adecuada seg\u00fan el pa\u00eds de entrega para asegurarnos de que reciba sus productos lo m\u00e1s r\u00e1pido posible.<\/p>\n<p><a href=\"https:\/\/pgvape.com\/es\/preguntas-frecuentes\/\">Haga clic aqu\u00ed para m\u00e1s preguntas frecuentes<\/a><\/p>\n<p>Estimados clientes: Si tienen alguna pregunta sobre su pedido o la llegada de la mercanc\u00eda, comun\u00edquese con nuestro servicio de atenci\u00f3n al cliente. \u00a1Gracias!<\/p>\n<h3 data-sourcepos=\"73:1-73:21\"><strong data-sourcepos=\"73:7-73:21\">Cont\u00e1ctenos<\/strong><\/h3>\n<div id=\"text-2419739398\" class=\"text\">\n<p><strong data-sourcepos=\"75:3-75:12\">Correo electr\u00f3nico<\/strong>:\u00a0<a href=\"mailto:support@pgvape.com\"><strong>support@pgvape.com<\/strong><\/a><\/p>\n<p><strong data-sourcepos=\"76:3-76:15\">WhatsApp<\/strong>:\u00a0<a href=\"https:\/\/wa.me\/+8618128481258\"><strong>+86 18128481258<\/strong><\/a><br \/>\n<strong>(Respuesta dentro de las 24 horas en d\u00edas h\u00e1biles)<\/strong><\/p>\n<\/div>\n<h3><strong>\u00a1Gracias por elegir pgvape.com! .<\/strong><\/h3>\n<\/div>","protected":false},"excerpt":{"rendered":"<p><strong data-sourcepos=\"48:5-48:29\">Bang King 30000Puffs<\/strong>\u00a0ofertas\u00a0<strong data-sourcepos=\"48:37-48:64\">versatilidad de doble sabor<\/strong>,\u00a0<strong data-sourcepos=\"48:66-48:92\">capacidad extendida de 36 ml<\/strong>, y\u00a0<strong data-sourcepos=\"48:98-48:122\">tecnolog\u00eda de bobina de malla<\/strong>\u00a0para una experiencia de vapeo satisfactoria con\u00a0<strong data-sourcepos=\"48:163-48:189\">12 combinaciones de sabores<\/strong><\/p>","protected":false},"featured_media":5963,"comment_status":"open","ping_status":"closed","template":"","meta":{"_seopress_robots_primary_cat":"none","_seopress_titles_title":"","_seopress_titles_desc":"","_seopress_robots_index":""},"product_brand":[19,516],"product_cat":[515,462,35],"product_tag":[349,348,90,68,459,203],"class_list":{"0":"post-5953","1":"product","2":"type-product","3":"status-publish","4":"has-post-thumbnail","6":"product_brand-bang-king-vape","7":"product_brand-disposable-vape","8":"product_cat-disposable-vape","9":"product_cat-bang-king-vape-eu","10":"product_cat-30k-puffs-vape","11":"product_tag-30k-puffs-vape","12":"product_tag-bang-king-30000","13":"product_tag-disposable-vape","14":"product_tag-double-taste","15":"product_tag-free-shipping","16":"product_tag-shipment-from-eu","18":"first","19":"instock","20":"sale","21":"shipping-taxable","22":"purchasable","23":"product-type-variable"},"_links":{"self":[{"href":"https:\/\/pgvape.com\/es\/wp-json\/wp\/v2\/product\/5953","targetHints":{"allow":["GET"]}}],"collection":[{"href":"https:\/\/pgvape.com\/es\/wp-json\/wp\/v2\/product"}],"about":[{"href":"https:\/\/pgvape.com\/es\/wp-json\/wp\/v2\/types\/product"}],"replies":[{"embeddable":true,"href":"https:\/\/pgvape.com\/es\/wp-json\/wp\/v2\/comments?post=5953"}],"wp:featuredmedia":[{"embeddable":true,"href":"https:\/\/pgvape.com\/es\/wp-json\/wp\/v2\/media\/5963"}],"wp:attachment":[{"href":"https:\/\/pgvape.com\/es\/wp-json\/wp\/v2\/media?parent=5953"}],"wp:term":[{"taxonomy":"product_brand","embeddable":true,"href":"https:\/\/pgvape.com\/es\/wp-json\/wp\/v2\/product_brand?post=5953"},{"taxonomy":"product_cat","embeddable":true,"href":"https:\/\/pgvape.com\/es\/wp-json\/wp\/v2\/product_cat?post=5953"},{"taxonomy":"product_tag","embeddable":true,"href":"https:\/\/pgvape.com\/es\/wp-json\/wp\/v2\/product_tag?post=5953"}],"curies":[{"name":"wp","href":"https:\/\/api.w.org\/{rel}","templated":true}]}}