{"id":5819,"date":"2025-11-13T12:00:02","date_gmt":"2025-11-13T12:00:02","guid":{"rendered":"https:\/\/pgvape.com\/?post_type=product&#038;p=5819"},"modified":"2026-03-15T13:27:28","modified_gmt":"2026-03-15T13:27:28","slug":"uor-120000-120k-inhalaciones-4-en-1-sabores-envio-de-vape-desechable-desde-la-ue-envio-gratis-directo-de-fabrica-de-vape","status":"publish","type":"product","link":"https:\/\/pgvape.com\/es\/producto\/uor-120000-120k-inhalaciones-4-en-1-sabores-envio-de-vape-desechable-desde-la-ue-envio-gratis-directo-de-fabrica-de-vape\/","title":{"rendered":"UOR 120000 | 120k Puffs 4 en 1 Sabores Vape desechable | Env\u00edo desde la UE | Env\u00edo gratis | Vape Factory Direct"},"content":{"rendered":"<p><strong data-sourcepos=\"6:5-6:46\">UOR 120000 120K sopla Vape disponible<\/strong>\u00a0redefine el vapeo con\u00a0<strong data-sourcepos=\"6:69-6:97\">120.000 bocanadas ultralargas<\/strong>\u00a0y\u00a0<strong data-sourcepos=\"6:102-6:126\">4 sabores ajustables<\/strong>\u00a0en un solo dispositivo.\u00a0<strong data-sourcepos=\"6:154-6:180\">Capacidad de e-l\u00edquido de 64 ml.<\/strong>\u00a0(tanques de 16 ml \u00d7 4) y\u00a0<strong data-sourcepos=\"6:200-6:231\">Bater\u00eda recargable de 650 mAh.<\/strong>, entrega\u00a0<strong data-sourcepos=\"6:245-6:267\">vapor rico y suave<\/strong>\u00a0a trav\u00e9s de su\u00a0<strong data-sourcepos=\"6:276-6:289\">bobina de malla<\/strong>\u00a0tecnolog\u00eda.\u00a0<strong data-sourcepos=\"6:306-6:321\">pantalla LED<\/strong>\u00a0rastrea la duraci\u00f3n y el uso de la bater\u00eda, mientras\u00a0<strong data-sourcepos=\"6:359-6:383\">Carga r\u00e1pida tipo C<\/strong>\u00a0asegura encendidos r\u00e1pidos.\u00a0<strong data-sourcepos=\"6:421-6:451\">10 cuartetos de sabores premium<\/strong>\u00a0con\u00a0<strong data-sourcepos=\"6:457-6:478\">Nicotina 2% o 5%<\/strong>\u00a0opciones para una satisfacci\u00f3n personalizada. UOR 120K <strong>Almac\u00e9n de la UE<\/strong>, el UOR 120K garantiza <strong>entrega r\u00e1pida y libre de impuestos<\/strong> y autenticidad 100%, brind\u00e1ndole una experiencia de vapeo de primer nivel directamente a su puerta.<\/p>\n<p>&nbsp;<\/p>\n<h2><span style=\"font-size: 90%;\">UOR 120000 | 120k sopla 4 en 1 sabores Vape disponible\u00a0<strong data-sourcepos=\"10:5-10:31\">Especificaciones del producto<\/strong><\/span><\/h2>\n<p><strong data-sourcepos=\"11:3-11:17\">Recuento de bocanadas<\/strong>:\u00a0<strong data-sourcepos=\"11:19-11:36\">120.000 bocanadas<\/strong><\/p>\n<p><strong data-sourcepos=\"12:3-12:15\">E-l\u00edquido<\/strong>:\u00a0<strong data-sourcepos=\"12:17-12:48\">16 ml \u00d7 4 tanques (64 ml en total)<\/strong><\/p>\n<p><strong data-sourcepos=\"13:3-13:15\">Nicotina<\/strong>:\u00a0<strong data-sourcepos=\"13:17-13:28\">2%\u00a0<\/strong><\/p>\n<p><strong data-sourcepos=\"14:3-14:14\">Bater\u00eda<\/strong>:\u00a0<strong data-sourcepos=\"14:16-14:39\">capacidad, una bobina de triple malla,<\/strong><\/p>\n<p><strong data-sourcepos=\"15:3-15:11\">Bobina<\/strong>:\u00a0<strong data-sourcepos=\"15:13-15:26\">Bobina de malla<\/strong><\/p>\n<p><strong data-sourcepos=\"16:3-16:15\">Cargando<\/strong>:\u00a0<strong data-sourcepos=\"16:17-16:41\">Carga r\u00e1pida tipo C<\/strong><\/p>\n<p><strong data-sourcepos=\"17:3-17:14\">Mostrar<\/strong>:\u00a0<strong data-sourcepos=\"17:16-17:30\">pantalla LED<\/strong>\u00a0(modo bater\u00eda\/recuento de caladas\/sabor)<\/p>\n<p><strong data-sourcepos=\"18:3-18:19\">Modos de sabor<\/strong>:\u00a0<strong data-sourcepos=\"18:21-18:45\">4 sabores ajustables<\/strong><\/p>\n<p><strong data-sourcepos=\"19:3-19:16\">Embalaje<\/strong>:\u00a0<strong data-sourcepos=\"19:18-19:32\">10 unidades\/caja<\/strong><\/p>\n<p>&nbsp;<\/p>\n<h3><span style=\"font-size: 90%;\">UOR 120000 | 120k sopla 4 en 1 sabores Vape disponible\u00a0<strong data-sourcepos=\"23:5-23:24\">Cuartetos de sabores<\/strong><\/span><\/h3>\n<p>1. Helado de sand\u00eda, menta de ar\u00e1ndanos, hielo de manzana Fuji y romance de lima<\/p>\n<p>2. Helado de sand\u00eda y cereza de ar\u00e1ndanos y horario de verano y pi\u00f1a con mango agrio<\/p>\n<p>3. Hielo de ar\u00e1ndano y hielo de melocot\u00f3n y caramelo arco\u00edris y naranja agria con lim\u00f3n<\/p>\n<p>4. Ar\u00e1ndano, frambuesa, bayas mixtas, cereza de California y mango de maracuy\u00e1<\/p>\n<p>5. Ar\u00e1ndano, frambuesa y uva, helado y bayas, helado y aloe, mango, mel\u00f3n<\/p>\n<p>6. Bebida energ\u00e9tica y ar\u00e1ndanos, sand\u00eda y manzana agria, frambuesa y osito de goma<\/p>\n<p>7. Fresa, Sand\u00eda, Hielo Negro, Mel\u00f3n Triple y Uva Ar\u00e1ndano<\/p>\n<p>8. Fresa, Sand\u00eda y Kiwi, Maracuy\u00e1, Guayaba y Mango, Hielo y Sand\u00eda, Melocot\u00f3n agrio<\/p>\n<p>9. Hielo de ar\u00e1ndano y melocot\u00f3n, mango, sand\u00eda, beso de pasi\u00f3n y mel\u00f3n, manzana<\/p>\n<p>10. Fresa, mango, chicle de sand\u00eda, mojito rojo y LOVE66<\/p>\n<p>&nbsp;<\/p>\n<h3><span style=\"font-size: 90%;\">UOR 120000 | 120k Puffs 4 en 1 Sabores Video de Vape desechable:<\/span><\/h3>\n<p><iframe loading=\"lazy\" title=\"UOR 120000 | 120k Puffs 4 en 1 sabores Vape desechable | 10Tastes | con pantalla LED pgvape\" width=\"563\" height=\"1000\" src=\"https:\/\/www.youtube.com\/embed\/VymLw_XwTJ8?feature=oembed\" frameborder=\"0\" allow=\"accelerometer; autoplay; clipboard-write; encrypted-media; gyroscope; picture-in-picture; web-share\" referrerpolicy=\"strict-origin-when-cross-origin\" allowfullscreen><\/iframe><\/p>\n<p>&nbsp;<\/p>\n<h3 class=\"auto-hide-last-sibling-br paragraph-pP9ZLC paragraph-element br-paragraph-space\"><span style=\"font-size: 90%;\">\u00bfPor qu\u00e9 elegir el almac\u00e9n europeo de PGVape?<\/span><\/h3>\n<p>Env\u00edo r\u00e1pido: entrega a la mayor\u00eda de los pa\u00edses de la UE en un plazo de 3 a 7 d\u00edas h\u00e1biles.<\/p>\n<p>Entrega libre de impuestos: el stock local de la UE garantiza un env\u00edo fluido y libre de impuestos.<\/p>\n<p>Garant\u00eda aut\u00e9ntica 100%: cigarrillos electr\u00f3nicos UOR 120000 originales de proveedores certificados.<\/p>\n<p>Inventario fresco: almacenado en condiciones controladas para garantizar una calidad \u00f3ptima.<\/p>\n<p>Con la confianza de los europeos: miles de clientes disfrutan de los servicios de cigarrillos electr\u00f3nicos r\u00e1pidos y seguros de PGVape.<\/p>\n<p>&nbsp;<\/p>\n<h2><span style=\"font-size: 90%;\">Preguntas frecuentes sobre UOR 120000 | 120k Puffs 4 en 1 sabores Vape desechable<\/span><\/h2>\n<p data-sourcepos=\"39:1-40:94\">\u2753\u00a0<strong data-sourcepos=\"39:3-39:41\">\u00bfC\u00f3mo funciona el sistema de 4 sabores?<\/strong><br \/>\n\u2705\u00a0Rotar a trav\u00e9s\u00a0<strong data-sourcepos=\"40:18-40:41\">cuatro sabores preestablecidos<\/strong>\u00a0con solo presionar un bot\u00f3n o cambiar autom\u00e1ticamente.<\/p>\n<p data-sourcepos=\"42:1-43:95\">\u2753\u00a0<strong data-sourcepos=\"42:3-42:34\">\u00bfQu\u00e9 garantiza la calidad del vapor?<\/strong><br \/>\n\u2705\u00a0El\u00a0<strong data-sourcepos=\"43:7-43:20\">bobina de malla<\/strong>\u00a0proporciona\u00a0<strong data-sourcepos=\"43:30-43:49\">30% m\u00e1s sabor<\/strong>\u00a0y\u00a0<strong data-sourcepos=\"43:54-43:72\">sorteos m\u00e1s suaves<\/strong>\u00a0que las bobinas est\u00e1ndar.<\/p>\n<p data-sourcepos=\"45:1-46:90\">\u2753\u00a0<strong data-sourcepos=\"45:3-45:38\">\u00bfCu\u00e1nto dura la bater\u00eda?<\/strong><br \/>\n\u2705\u00a0<strong data-sourcepos=\"46:3-46:21\">bater\u00eda de 650 mAh<\/strong>\u00a0apoya\u00a0<strong data-sourcepos=\"46:31-46:46\">dias de uso<\/strong>;\u00a0<strong data-sourcepos=\"46:48-46:58\">Tipo C<\/strong>\u00a0recargas en\u00a0<strong data-sourcepos=\"46:72-46:87\">~50 minutos<\/strong>.<\/p>\n<p data-sourcepos=\"48:1-49:87\">\u2753\u00a0<strong data-sourcepos=\"48:3-48:36\">\u00bfEs adecuado para minoristas?<\/strong><br \/>\n\u2705\u00a0<strong data-sourcepos=\"49:3-49:25\">embalaje de 10 piezas<\/strong>\u00a0y\u00a0<strong data-sourcepos=\"49:30-49:49\">alto recuento de bocanadas<\/strong>\u00a0lo hace ideal para venta minorista\/mayorista.<\/p>\n<p data-sourcepos=\"51:1-52:92\">\u2753\u00a0<strong data-sourcepos=\"51:3-51:25\">\u00bfPuedo realizar un seguimiento del uso?<br \/>\n<\/strong>\u2705\u00a0El\u00a0<strong data-sourcepos=\"52:7-52:22\">pantalla LED<\/strong>\u00a0muestra\u00a0<strong data-sourcepos=\"52:29-52:50\">bater\u00eda en tiempo real<\/strong>,\u00a0<strong data-sourcepos=\"52:52-52:66\">recuento de bocanadas<\/strong>, y\u00a0<strong data-sourcepos=\"52:72-52:89\">sabor activo<\/strong>.<\/p>\n<p>&nbsp;<\/p>\n<h3 id=\"brxe-najhln\" class=\"brxe-heading\">Preguntas frecuentes (FAQ)<\/h3>\n<div id=\"brxe-rajiac\" class=\"brxe-text\">\n<p><strong>P: \u00bfQu\u00e9 m\u00e9todos de pago aceptan?<\/strong><br \/>\nR: Aceptamos PayPal, Stripe, transferencias bancarias (compatibles con SEPA), las principales tarjetas de cr\u00e9dito (Visa, MasterCard, American Express) y pagos con criptomonedas.<\/p>\n<p><strong>P: \u00bfCu\u00e1nto tiempo lleva la preparaci\u00f3n del pedido?<\/strong><br \/>\nR: La preparaci\u00f3n del pedido demora entre 1 y 3 d\u00edas h\u00e1biles.<\/p>\n<p><strong>P: \u00bfCu\u00e1l es el tiempo de env\u00edo?<\/strong><br \/>\nR: El tiempo de env\u00edo es de 7 a 14 d\u00edas h\u00e1biles, dependiendo de su ubicaci\u00f3n. Los productos enviados desde almacenes europeos generalmente demoran de 3 a 6 d\u00edas h\u00e1biles en entregarse.<\/p>\n<p><strong>P: \u00bfC\u00f3mo puedo realizar un seguimiento de mi pedido?<\/strong><br \/>\nR: Despu\u00e9s del env\u00edo, recibir\u00e1 un correo electr\u00f3nico de confirmaci\u00f3n con un n\u00famero de seguimiento para realizar un seguimiento en tiempo real.<\/p>\n<p><strong>P: \u00bfCu\u00e1l es su pol\u00edtica de devoluci\u00f3n?<\/strong><br \/>\nR: Ofrecemos una pol\u00edtica de devoluci\u00f3n de 30 d\u00edas para reembolsos o cambios. .<\/p>\n<p><strong>P: \u00bfHabr\u00e1 alg\u00fan problema aduanero?<br \/>\n<\/strong>Nos encargamos de todos los procedimientos de despacho de aduanas para garantizarle una experiencia sin complicaciones. .<\/p>\n<p><strong>P: \u00bfQu\u00e9 m\u00e9todos de env\u00edo se utilizan?<\/strong><br \/>\nCooperamos con UPS\/DHL\/FEDEX\/DPD, etc. Elegiremos la opci\u00f3n de env\u00edo adecuada seg\u00fan el pa\u00eds de entrega para asegurarnos de que reciba sus productos lo m\u00e1s r\u00e1pido posible.<\/p>\n<p><a href=\"https:\/\/pgvape.com\/es\/preguntas-frecuentes\/\">Haga clic aqu\u00ed para m\u00e1s preguntas frecuentes<\/a><\/p>\n<p>Estimados clientes: Si tienen alguna pregunta sobre su pedido o la llegada de la mercanc\u00eda, comun\u00edquese con nuestro servicio de atenci\u00f3n al cliente. \u00a1Gracias!<\/p>\n<h3 data-sourcepos=\"73:1-73:21\"><strong data-sourcepos=\"73:7-73:21\">Cont\u00e1ctenos<\/strong><\/h3>\n<div id=\"text-2419739398\" class=\"text\">\n<p><strong data-sourcepos=\"75:3-75:12\">Correo electr\u00f3nico<\/strong>:\u00a0<a href=\"mailto:support@pgvape.com\"><strong>support@pgvape.com<\/strong><\/a><\/p>\n<p><strong data-sourcepos=\"76:3-76:15\">WhatsApp<\/strong>:\u00a0<a href=\"https:\/\/wa.me\/+8618128481258\"><strong>+86 18128481258<\/strong><\/a><br \/>\n<strong>(Respuesta dentro de las 24 horas en d\u00edas h\u00e1biles)<\/strong><\/p>\n<\/div>\n<h3><strong>\u00a1Gracias por elegir pgvape.com! .<\/strong><\/h3>\n<\/div>","protected":false},"excerpt":{"rendered":"<p>Con <strong data-sourcepos=\"57:6-57:20\">120.000 bocanadas<\/strong>, <strong data-sourcepos=\"57:22-57:46\">Flexibilidad de 4 sabores<\/strong>, y <strong data-sourcepos=\"57:52-57:69\">Capacidad de 64 ml.<\/strong>, el <strong data-sourcepos=\"57:75-57:89\">UOR 120000<\/strong> domina el mercado desechable premium. <strong data-sourcepos=\"57:131-57:149\">10 juegos de sabores<\/strong> y <strong data-sourcepos=\"57:154-57:176\">seguimiento LED inteligente<\/strong> ofrecer una variedad inigualable.<\/p>","protected":false},"featured_media":5822,"comment_status":"open","ping_status":"closed","template":"","meta":{"_seopress_robots_primary_cat":"none","_seopress_titles_title":"","_seopress_titles_desc":"","_seopress_robots_index":""},"product_brand":[516,345],"product_cat":[69,515,464],"product_tag":[354,53,459,490,203,346,220],"class_list":{"0":"post-5819","1":"product","2":"type-product","3":"status-publish","4":"has-post-thumbnail","6":"product_brand-disposable-vape","7":"product_brand-uor-vape","8":"product_cat-120k-puffs-vape","9":"product_cat-disposable-vape","10":"product_cat-uor-vape-eu","11":"product_tag-120k-puffs-vape","12":"product_tag-4-in-1-flavors","13":"product_tag-free-shipping","14":"product_tag-minimum-2-pieces","15":"product_tag-shipment-from-eu","16":"product_tag-uor-120000","17":"product_tag-with-led-display","18":"product_shipping_class-overseas-warehouse","20":"first","21":"instock","22":"sale","23":"shipping-taxable","24":"purchasable","25":"product-type-variable"},"_links":{"self":[{"href":"https:\/\/pgvape.com\/es\/wp-json\/wp\/v2\/product\/5819","targetHints":{"allow":["GET"]}}],"collection":[{"href":"https:\/\/pgvape.com\/es\/wp-json\/wp\/v2\/product"}],"about":[{"href":"https:\/\/pgvape.com\/es\/wp-json\/wp\/v2\/types\/product"}],"replies":[{"embeddable":true,"href":"https:\/\/pgvape.com\/es\/wp-json\/wp\/v2\/comments?post=5819"}],"wp:featuredmedia":[{"embeddable":true,"href":"https:\/\/pgvape.com\/es\/wp-json\/wp\/v2\/media\/5822"}],"wp:attachment":[{"href":"https:\/\/pgvape.com\/es\/wp-json\/wp\/v2\/media?parent=5819"}],"wp:term":[{"taxonomy":"product_brand","embeddable":true,"href":"https:\/\/pgvape.com\/es\/wp-json\/wp\/v2\/product_brand?post=5819"},{"taxonomy":"product_cat","embeddable":true,"href":"https:\/\/pgvape.com\/es\/wp-json\/wp\/v2\/product_cat?post=5819"},{"taxonomy":"product_tag","embeddable":true,"href":"https:\/\/pgvape.com\/es\/wp-json\/wp\/v2\/product_tag?post=5819"}],"curies":[{"name":"wp","href":"https:\/\/api.w.org\/{rel}","templated":true}]}}