{"id":5620,"date":"2025-11-05T07:19:55","date_gmt":"2025-11-05T07:19:55","guid":{"rendered":"https:\/\/pgvape.com\/?post_type=product&#038;p=5620"},"modified":"2026-03-24T08:24:32","modified_gmt":"2026-03-24T08:24:32","slug":"bang-25000-25k-sopla-vaporizador-desechable-0-2-3-5-nicotina-12-sabores-pantalla-led-vape-recargable-directo-de-fabrica","status":"publish","type":"product","link":"https:\/\/pgvape.com\/es\/producto\/bang-25000-25k-sopla-vaporizador-desechable-0-2-3-5-nicotina-12-sabores-pantalla-led-vape-recargable-directo-de-fabrica\/","title":{"rendered":"Bang 25000 | 25K Puffs Vape desechable | 0% 2% 3% 5% Nicotina | 12Tastes | Pantalla LED recargable | Vape directo de f\u00e1brica"},"content":{"rendered":"<p><strong data-sourcepos=\"6:5-6:19\">Explosi\u00f3n 25000<\/strong> entrega <strong data-sourcepos=\"6:29-6:56\">25.000 caladas ultralargas<\/strong> con <strong data-sourcepos=\"6:62-6:90\">30ml de e-l\u00edquido precargado<\/strong> y un <strong data-sourcepos=\"6:97-6:128\">Bater\u00eda recargable de 650 mAh.<\/strong>. <strong data-sourcepos=\"6:140-6:169\">Tecnolog\u00eda de bobina de malla de 1,0 \u03a9<\/strong>, <strong data-sourcepos=\"6:171-6:215\">niveles de nicotina ajustables (0%\/2%\/3%\/5%)<\/strong>, y un <strong data-sourcepos=\"6:223-6:244\">pantalla LED inteligente<\/strong>, este dispositivo de alta capacidad ofrece <strong data-sourcepos=\"6:279-6:306\">rendimiento excepcional<\/strong> y <strong data-sourcepos=\"6:311-6:334\">vapeo personalizable<\/strong>.<\/p>\n<p>&nbsp;<\/p>\n<h2><span style=\"font-size: 90%;\">Bang 25000 | 25K inhala Vape desechable <strong data-sourcepos=\"10:5-10:31\">Presupuesto<\/strong><\/span><\/h2>\n<p><strong data-sourcepos=\"17:3-17:17\">Conteo de bocanadas<\/strong>: 25.000 bocanadas<\/p>\n<p><strong data-sourcepos=\"18:3-18:15\">E-l\u00edquido<\/strong>: 30ml precargado<\/p>\n<p><strong data-sourcepos=\"19:3-19:14\">Bater\u00eda<\/strong>: 650 mAh (recargable tipo C)<\/p>\n<p><strong data-sourcepos=\"20:3-20:11\">Bobina<\/strong>: malla de 1.0\u03a9<\/p>\n<p><strong data-sourcepos=\"21:3-21:14\">Mostrar<\/strong>: Indicadores LED<\/p>\n<p><strong data-sourcepos=\"22:3-22:15\">Nicotina<\/strong>: 0%\/2%\/3%\/5%<\/p>\n<p>&nbsp;<\/p>\n<h3><span style=\"font-size: 90%;\">Bang 25000 | 25K inhalaciones Vape desechable <strong data-sourcepos=\"22:5-22:20\">Lista de sabores<\/strong><\/span><\/h3>\n<p><strong data-sourcepos=\"25:4-25:21\">1.Hielo de ar\u00e1ndanos<\/strong>\u00a0\u2013 Refresco fresco de bayas<\/p>\n<p><strong data-sourcepos=\"26:4-26:23\">2.Kiwi Fresa<\/strong>\u00a0\u2013 Mezcla tropical picante<\/p>\n<p><strong data-sourcepos=\"27:4-27:29\">3.Sand\u00eda Fresa<\/strong>\u00a0\u2013 Combinaci\u00f3n dulce cl\u00e1sica<\/p>\n<p><strong data-sourcepos=\"28:4-28:19\">4.Fruta mixta<\/strong>\u00a0\u2013 Explosi\u00f3n de frutas tropicales<\/p>\n<p><strong data-sourcepos=\"29:4-29:22\">5.Menta de ar\u00e1ndanos<\/strong>\u00a0\u2013 Baya con frescura helada.<\/p>\n<p><strong data-sourcepos=\"30:4-30:19\">6.Sangre de tigre<\/strong>\u00a0\u2013 Mezcla de frutas ex\u00f3ticas<\/p>\n<p><strong data-sourcepos=\"31:4-31:19\">7.Mango Melocot\u00f3n<\/strong>\u00a0\u2013 D\u00fao tropical<\/p>\n<p><strong data-sourcepos=\"32:4-32:17\">8.Hielo de uva<\/strong>\u00a0\u2013 Sensaci\u00f3n de uva helada<\/p>\n<p><strong data-sourcepos=\"33:4-33:27\">9.frambuesa de ar\u00e1ndano<\/strong>\u00a0\u2013 Fusi\u00f3n agria y dulce<\/p>\n<p><strong data-sourcepos=\"34:5-34:23\">10.Hielo de sand\u00eda<\/strong>\u00a0\u2013 Jugoso fr\u00edo de verano<\/p>\n<p><strong data-sourcepos=\"35:5-35:30\">11.Chicle de sand\u00eda<\/strong>\u00a0\u2013 Dulce sabor nost\u00e1lgico<\/p>\n<p><strong data-sourcepos=\"36:5-36:23\">12.Hielo de fresa<\/strong>\u00a0\u2013 Delicia de bayas fr\u00edas<br \/>\n<img loading=\"lazy\" decoding=\"async\" class=\"alignnone wp-image-5624 size-full\" src=\"https:\/\/pgvape.com\/wp-content\/uploads\/2025\/11\/pgvape-Vape-25000-puffs-Bang-25000-3.png\" alt=\"Afiche promocional que muestra doce dispositivos de vapeo desechables con gradientes de colores dispuestos en tres filas sobre un fondo geom\u00e9trico de ne\u00f3n, titulado \u201c12 SABORES Fragancia de frutas altamente restaurada\u201d y etiquetados con nombres de sabores debajo de cada dispositivo: Helado de sand\u00eda, Kiwi de fresa, Helado de fresa, Melocot\u00f3n de mango, Frambuesa de ar\u00e1ndano, Menta de ar\u00e1ndano, Mezcla de frutas, Sand\u00eda de fresa, Hielo de uva, Chicle de sand\u00eda, Hielo de ar\u00e1ndano y Sangre de tigre.\" width=\"1000\" height=\"1000\" srcset=\"https:\/\/pgvape.com\/wp-content\/uploads\/2025\/11\/pgvape-Vape-25000-puffs-Bang-25000-3.png 1000w, https:\/\/pgvape.com\/wp-content\/uploads\/2025\/11\/pgvape-Vape-25000-puffs-Bang-25000-3-360x360.png 360w, https:\/\/pgvape.com\/wp-content\/uploads\/2025\/11\/pgvape-Vape-25000-puffs-Bang-25000-3-595x595.png 595w, https:\/\/pgvape.com\/wp-content\/uploads\/2025\/11\/pgvape-Vape-25000-puffs-Bang-25000-3-400x400.png 400w, https:\/\/pgvape.com\/wp-content\/uploads\/2025\/11\/pgvape-Vape-25000-puffs-Bang-25000-3-768x768.png 768w, https:\/\/pgvape.com\/wp-content\/uploads\/2025\/11\/pgvape-Vape-25000-puffs-Bang-25000-3-12x12.png 12w, https:\/\/pgvape.com\/wp-content\/uploads\/2025\/11\/pgvape-Vape-25000-puffs-Bang-25000-3-300x300.png 300w, https:\/\/pgvape.com\/wp-content\/uploads\/2025\/11\/pgvape-Vape-25000-puffs-Bang-25000-3-600x600.png 600w, https:\/\/pgvape.com\/wp-content\/uploads\/2025\/11\/pgvape-Vape-25000-puffs-Bang-25000-3-100x100.png 100w, https:\/\/pgvape.com\/wp-content\/uploads\/2025\/11\/pgvape-Vape-25000-puffs-Bang-25000-3-40x40.png 40w\" sizes=\"auto, (max-width: 1000px) 100vw, 1000px\" \/><\/p>\n<p>&nbsp;<\/p>\n<h3><span style=\"font-size: 90%;\">Bang 25000 | 25K inhala Vape desechable <strong>Video<\/strong>:<\/span><\/h3>\n<p>&nbsp;<\/p>\n<h2>Preguntas frecuentes sobre Bang 25000 | 25K Puffs Vape desechable<\/h2>\n<p data-sourcepos=\"39:1-40:89\">\u2753 <strong data-sourcepos=\"39:3-39:37\">\u00bfC\u00f3mo ayuda la pantalla LED?<\/strong><br \/>\n\u2705 Espect\u00e1culos <strong data-sourcepos=\"40:9-40:37\">porcentaje exacto de bater\u00eda<\/strong> y <strong data-sourcepos=\"40:42-40:64\">e-l\u00edquido restante<\/strong> para vapear sin preocupaciones.<\/p>\n<p data-sourcepos=\"42:1-43:77\">\u2753 <strong data-sourcepos=\"42:3-42:40\">\u00bfQu\u00e9 hace que la bobina de malla sea especial?<\/strong><br \/>\n\u2705 El <strong data-sourcepos=\"43:7-43:25\">Bobina de malla de 1.0\u03a9<\/strong> proporciona <strong data-sourcepos=\"43:35-43:54\">50% m\u00e1s sabor<\/strong> que las bobinas est\u00e1ndar.<\/p>\n<p data-sourcepos=\"45:1-46:80\">\u2753 <strong data-sourcepos=\"45:3-45:38\">\u00bfCu\u00e1nto dura la bater\u00eda?<\/strong><br \/>\n\u2705 El <strong data-sourcepos=\"46:7-46:25\">bater\u00eda de 650 mAh<\/strong> admite el uso prolongado con <strong data-sourcepos=\"46:53-46:77\">Carga r\u00e1pida tipo C<\/strong>.<\/p>\n<p data-sourcepos=\"48:1-49:87\">\u2753 <strong data-sourcepos=\"48:3-48:38\">\u00bfQu\u00e9 sabores son los m\u00e1s populares?<\/strong><br \/>\n\u2705 <strong data-sourcepos=\"49:3-49:28\">Sand\u00eda Fresa<\/strong>, <strong data-sourcepos=\"49:30-49:47\">Hielo de ar\u00e1ndanos<\/strong>, y <strong data-sourcepos=\"49:53-49:68\">sangre de tigre<\/strong> son los m\u00e1s vendidos.<\/p>\n<p data-sourcepos=\"51:1-52:88\">\u2753 <strong data-sourcepos=\"51:3-51:40\">\u00bfEste dispositivo es apto para principiantes?<\/strong><br \/>\n\u2705 \u00a1S\u00ed! <strong data-sourcepos=\"52:12-52:32\">operaci\u00f3n sencilla<\/strong> y <strong data-sourcepos=\"52:37-52:54\">pantalla clara<\/strong> Hazlo perfecto para todos los vapeadores.<\/p>\n<p>&nbsp;<\/p>\n<h3 id=\"brxe-najhln\" class=\"brxe-heading\">Preguntas frecuentes (FAQ)<\/h3>\n<div id=\"brxe-rajiac\" class=\"brxe-text\">\n<p><strong>P: \u00bfQu\u00e9 m\u00e9todos de pago aceptan?<\/strong><br \/>\nR: Aceptamos PayPal, Stripe, transferencias bancarias (compatibles con SEPA), las principales tarjetas de cr\u00e9dito (Visa, MasterCard, American Express) y pagos con criptomonedas.<\/p>\n<p><strong>P: \u00bfCu\u00e1nto tiempo lleva la preparaci\u00f3n del pedido?<\/strong><br \/>\nR: La preparaci\u00f3n del pedido demora entre 1 y 3 d\u00edas h\u00e1biles.<\/p>\n<p><strong>P: \u00bfCu\u00e1l es el tiempo de env\u00edo?<\/strong><br \/>\nR: El tiempo de env\u00edo es de 7 a 14 d\u00edas h\u00e1biles, seg\u00fan su ubicaci\u00f3n.<\/p>\n<p><strong>P: \u00bfC\u00f3mo puedo realizar un seguimiento de mi pedido?<\/strong><br \/>\nR: Despu\u00e9s del env\u00edo, recibir\u00e1 un correo electr\u00f3nico de confirmaci\u00f3n con un n\u00famero de seguimiento para realizar un seguimiento en tiempo real.<\/p>\n<p><strong>P: \u00bfCu\u00e1l es su pol\u00edtica de devoluci\u00f3n?<\/strong><br \/>\nR: Ofrecemos una pol\u00edtica de devoluci\u00f3n de 30 d\u00edas para reembolsos o cambios. .<\/p>\n<p><strong>P: \u00bfHabr\u00e1 alg\u00fan problema aduanero?<br \/>\n<\/strong>Nos encargamos de todos los procedimientos de despacho de aduanas para garantizarle una experiencia sin complicaciones. .<\/p>\n<p><strong>P: \u00bfQu\u00e9 m\u00e9todos de env\u00edo se utilizan?<\/strong><br \/>\nCooperamos con UPS\/DHL\/FEDEX\/DPD, etc. Elegiremos la opci\u00f3n de env\u00edo adecuada seg\u00fan el pa\u00eds de entrega para asegurarnos de que reciba sus productos lo m\u00e1s r\u00e1pido posible.<\/p>\n<p><a href=\"https:\/\/pgvape.com\/es\/preguntas-frecuentes\/\">Haga clic aqu\u00ed para m\u00e1s preguntas frecuentes<\/a><\/p>\n<p>Estimados clientes: Si tienen alguna pregunta sobre su pedido o la llegada de la mercanc\u00eda, comun\u00edquese con nuestro servicio de atenci\u00f3n al cliente. \u00a1Gracias!<\/p>\n<h3 data-sourcepos=\"73:1-73:21\"><strong data-sourcepos=\"73:7-73:21\">Cont\u00e1ctenos<\/strong><\/h3>\n<div id=\"text-2419739398\" class=\"text\">\n<p><strong data-sourcepos=\"75:3-75:12\">Correo electr\u00f3nico<\/strong>:\u00a0<a href=\"mailto:support@pgvape.com\"><strong>support@pgvape.com<\/strong><\/a><\/p>\n<p><strong data-sourcepos=\"76:3-76:15\">WhatsApp<\/strong>:\u00a0<a href=\"https:\/\/wa.me\/+8618128481258\"><strong>+86 18128481258<\/strong><\/a><br \/>\n<strong>(Respuesta dentro de las 24 horas en d\u00edas h\u00e1biles)<\/strong><\/p>\n<\/div>\n<h3><strong>\u00a1Gracias por elegir pgvape.com! .<\/strong><\/h3>\n<\/div>","protected":false},"excerpt":{"rendered":"<p><strong data-sourcepos=\"55:5-55:19\">Explosi\u00f3n 25000<\/strong> combina <strong data-sourcepos=\"55:29-55:45\">25.000 bocanadas<\/strong>, <strong data-sourcepos=\"55:47-55:64\">30ml de capacidad<\/strong>, y <strong data-sourcepos=\"55:70-55:84\">12 sabores<\/strong> en un <strong data-sourcepos=\"55:90-55:115\">vaporizador desechable inteligente<\/strong> con <strong data-sourcepos=\"55:121-55:136\">pantalla LED<\/strong> \u2013ideal para <strong data-sourcepos=\"55:149-55:167\">cazadores de sabores<\/strong> y <strong data-sourcepos=\"55:172-55:188\">amantes de las nubes<\/strong>.<\/p>","protected":false},"featured_media":5623,"comment_status":"open","ping_status":"closed","template":"","meta":{"_seopress_robots_primary_cat":"none","_seopress_titles_title":"%%post_title%% %%sep%% %%sitetitle%%","_seopress_titles_desc":"","_seopress_robots_index":""},"product_brand":[36,516],"product_cat":[94,25,515],"product_tag":[351,448,79,259,204],"class_list":{"0":"post-5620","1":"product","2":"type-product","3":"status-publish","4":"has-post-thumbnail","6":"product_brand-bang-vape","7":"product_brand-disposable-vape","8":"product_cat-25k-puffs-vape","9":"product_cat-bang-vape","10":"product_cat-disposable-vape","11":"product_tag-25k-puffs-vape","12":"product_tag-bang-25000","13":"product_tag-led-display","14":"product_tag-rechargeable","15":"product_tag-vape-factory-direct","17":"first","18":"instock","19":"sale","20":"shipping-taxable","21":"purchasable","22":"product-type-variable"},"_links":{"self":[{"href":"https:\/\/pgvape.com\/es\/wp-json\/wp\/v2\/product\/5620","targetHints":{"allow":["GET"]}}],"collection":[{"href":"https:\/\/pgvape.com\/es\/wp-json\/wp\/v2\/product"}],"about":[{"href":"https:\/\/pgvape.com\/es\/wp-json\/wp\/v2\/types\/product"}],"replies":[{"embeddable":true,"href":"https:\/\/pgvape.com\/es\/wp-json\/wp\/v2\/comments?post=5620"}],"wp:featuredmedia":[{"embeddable":true,"href":"https:\/\/pgvape.com\/es\/wp-json\/wp\/v2\/media\/5623"}],"wp:attachment":[{"href":"https:\/\/pgvape.com\/es\/wp-json\/wp\/v2\/media?parent=5620"}],"wp:term":[{"taxonomy":"product_brand","embeddable":true,"href":"https:\/\/pgvape.com\/es\/wp-json\/wp\/v2\/product_brand?post=5620"},{"taxonomy":"product_cat","embeddable":true,"href":"https:\/\/pgvape.com\/es\/wp-json\/wp\/v2\/product_cat?post=5620"},{"taxonomy":"product_tag","embeddable":true,"href":"https:\/\/pgvape.com\/es\/wp-json\/wp\/v2\/product_tag?post=5620"}],"curies":[{"name":"wp","href":"https:\/\/api.w.org\/{rel}","templated":true}]}}