{"id":5587,"date":"2025-11-04T13:05:35","date_gmt":"2025-11-04T13:05:35","guid":{"rendered":"https:\/\/pgvape.com\/?post_type=product&#038;p=5587"},"modified":"2026-03-31T06:09:59","modified_gmt":"2026-03-31T06:09:59","slug":"bang-blaze-bc-5000-5k-soplos-vape-desechable-tipo-c-vape-de-carga-rapida-directo-de-fabrica","status":"publish","type":"product","link":"https:\/\/pgvape.com\/es\/producto\/bang-blaze-bc-5000-5k-soplos-vape-desechable-tipo-c-vape-de-carga-rapida-directo-de-fabrica\/","title":{"rendered":"Bang Blaze BC 5000 | 5K sopla el tipo C desechable Vape de carga r\u00e1pida | Vape directo de f\u00e1brica"},"content":{"rendered":"<p><strong data-sourcepos=\"6:5-6:26\">Explosi\u00f3n Blaze BC5000<\/strong> entrega <strong data-sourcepos=\"6:36-6:59\">5.000 caladas premium<\/strong> con <strong data-sourcepos=\"6:65-6:93\">13ml de e-l\u00edquido precargado<\/strong> y un <strong data-sourcepos=\"6:100-6:131\">Bater\u00eda recargable de 650 mAh.<\/strong>. <strong data-sourcepos=\"6:143-6:172\">Tecnolog\u00eda de bobina de malla de 1,2 \u03a9<\/strong> y <strong data-sourcepos=\"6:177-6:201\">Carga r\u00e1pida tipo C<\/strong>, este dispositivo actualizado ofrece <strong data-sourcepos=\"6:231-6:248\">sabor suave<\/strong> y <strong data-sourcepos=\"6:253-6:276\">rendimiento durante todo el d\u00eda<\/strong> en un dise\u00f1o elegante y port\u00e1til.<\/p>\n<p>&nbsp;<\/p>\n<h2><span style=\"font-size: 90%;\">Bang Blaze BC5000 inhala vaporizador desechable <strong data-sourcepos=\"10:5-10:31\">Presupuesto<\/strong><\/span><\/h2>\n<p><strong data-sourcepos=\"17:3-17:17\">Conteo de bocanadas<\/strong>: 5.000 bocanadas<\/p>\n<p><strong data-sourcepos=\"18:3-18:15\">E-l\u00edquido<\/strong>: 13ml (sal de nicotina 5%)<\/p>\n<p><strong data-sourcepos=\"19:3-19:14\">Bater\u00eda<\/strong>: 650 mAh (Tipo C)<\/p>\n<p><strong data-sourcepos=\"20:3-20:11\">Bobina<\/strong>: malla de 1,2\u03a9<\/p>\n<p><strong data-sourcepos=\"21:3-21:13\">Peso<\/strong>: 52g<\/p>\n<p><strong data-sourcepos=\"22:3-22:18\">Tama\u00f1o del cart\u00f3n<\/strong>: 52,3 \u00d7 38 \u00d7 28,5 cm (300 piezas\/16,5 kg)<\/p>\n<p>&nbsp;<\/p>\n<h3><span style=\"font-size: 90%;\">Bang Blaze BC5000 inhala vaporizador desechable <strong data-sourcepos=\"22:5-22:20\">Lista de sabores<\/strong><\/span><\/h3>\n<p><strong data-sourcepos=\"25:4-25:24\">1. Mango de fresa<\/strong>\u00a0\u2013 Mezcla de frutas tropicales<\/p>\n<p><strong data-sourcepos=\"26:4-26:28\">2.Helado de fresa<\/strong>\u00a0\u2013 Postre cremoso<\/p>\n<p><strong data-sourcepos=\"27:4-27:22\">3.Hielo de sand\u00eda<\/strong>\u00a0\u2013 Refrescante fr\u00edo de verano<\/p>\n<p><strong data-sourcepos=\"28:4-28:31\">4.Hielo de ar\u00e1ndano y frambuesa<\/strong>\u00a0\u2013 Escarcha de bayas<\/p>\n<p><strong data-sourcepos=\"29:4-29:23\">5.kiwi fresa<\/strong>\u00a0\u2013 D\u00fao picante<\/p>\n<p><strong data-sourcepos=\"30:4-30:20\">6.Bebida energ\u00e9tica<\/strong>\u00a0\u2013 Audaz impulso c\u00edtrico<\/p>\n<p><strong data-sourcepos=\"31:4-31:30\">7. Sand\u00eda Melocot\u00f3n Mango<\/strong>\u00a0\u2013 Tr\u00edo jugoso<\/p>\n<p><strong data-sourcepos=\"32:4-32:21\">8.Hielo de ar\u00e1ndanos<\/strong>\u00a0\u2013 Explosi\u00f3n de bayas frescas<\/p>\n<p><strong data-sourcepos=\"33:4-33:25\">9.Pl\u00e1tano y fresa<\/strong>\u00a0\u2013 Cremoso favorito<\/p>\n<p><strong data-sourcepos=\"34:5-34:33\">10.Guayaba y maracuy\u00e1 con kiwi<\/strong>\u00a0\u2013 Mezcla tropical<\/p>\n<p><strong data-sourcepos=\"35:5-35:20\">11.Frutas mixtas<\/strong>\u00a0\u2013 Explosi\u00f3n de frutas<\/p>\n<p><strong data-sourcepos=\"36:5-36:30\">12.Sand\u00eda Fresa<\/strong>\u00a0\u2013 Combinaci\u00f3n cl\u00e1sica<br \/>\n<img loading=\"lazy\" decoding=\"async\" class=\"alignnone wp-image-5603 size-full\" src=\"https:\/\/pgvape.com\/wp-content\/uploads\/2025\/11\/pgvape-Bang-Blaze-BC5000-Puffs-Disposable-Vape-14.png\" alt=\"Doce dispositivos de vapeo desechables Bang Blaze BC 5000 en gradiente de colores dispuestos en una cuadr\u00edcula, cada uno de los cuales se muestra con fondos de frutas o bebidas a juego y sabores etiquetados como mango de fresa, helado de fresa, helado de sand\u00eda, helado de frambuesa y ar\u00e1ndanos, kiwi de fresa, bebida energ\u00e9tica, sand\u00eda con mango de durazno, helado de ar\u00e1ndano, pl\u00e1tano con fresa, guayaba de maracuy\u00e1 con kiwi, frutas mixtas y sand\u00eda con fresa.\" width=\"1200\" height=\"1411\" srcset=\"https:\/\/pgvape.com\/wp-content\/uploads\/2025\/11\/pgvape-Bang-Blaze-BC5000-Puffs-Disposable-Vape-14.png 1200w, https:\/\/pgvape.com\/wp-content\/uploads\/2025\/11\/pgvape-Bang-Blaze-BC5000-Puffs-Disposable-Vape-14-306x360.png 306w, https:\/\/pgvape.com\/wp-content\/uploads\/2025\/11\/pgvape-Bang-Blaze-BC5000-Puffs-Disposable-Vape-14-595x700.png 595w, https:\/\/pgvape.com\/wp-content\/uploads\/2025\/11\/pgvape-Bang-Blaze-BC5000-Puffs-Disposable-Vape-14-340x400.png 340w, https:\/\/pgvape.com\/wp-content\/uploads\/2025\/11\/pgvape-Bang-Blaze-BC5000-Puffs-Disposable-Vape-14-768x903.png 768w, https:\/\/pgvape.com\/wp-content\/uploads\/2025\/11\/pgvape-Bang-Blaze-BC5000-Puffs-Disposable-Vape-14-10x12.png 10w, https:\/\/pgvape.com\/wp-content\/uploads\/2025\/11\/pgvape-Bang-Blaze-BC5000-Puffs-Disposable-Vape-14-600x706.png 600w, https:\/\/pgvape.com\/wp-content\/uploads\/2025\/11\/pgvape-Bang-Blaze-BC5000-Puffs-Disposable-Vape-14-34x40.png 34w\" sizes=\"auto, (max-width: 1200px) 100vw, 1200px\" \/><\/p>\n<p>&nbsp;<\/p>\n<h3><span style=\"font-size: 90%;\">Bang Blaze BC5000 inhala vaporizador desechable <strong>Video<\/strong>:<\/span><\/h3>\n<p>&nbsp;<\/p>\n<h2>Preguntas frecuentes sobre el vaporizador desechable Bang Blaze BC5000 Puffs<\/h2>\n<p data-sourcepos=\"39:1-40:76\">\u2753 <strong data-sourcepos=\"39:3-39:40\">\u00bfC\u00f3mo se compara esto con la 1.\u00aa generaci\u00f3n?<\/strong><br \/>\n\u2705 <strong data-sourcepos=\"40:3-40:28\">Duraci\u00f3n de la bater\u00eda mejorada<\/strong> y <strong data-sourcepos=\"40:33-40:52\">sabor mejorado<\/strong> de bobina de malla mejorada<\/p>\n<p data-sourcepos=\"42:1-43:89\">\u2753 <strong data-sourcepos=\"42:3-42:36\">\u00bfCu\u00e1l es la concentraci\u00f3n de nicotina?<br \/>\n<\/strong> \u2705 Contiene <strong data-sourcepos=\"43:12-43:32\">Sal de nicotina 5%<\/strong> para dosis satisfactoriasSal de nicotina %** para dosis satisfactorias<\/p>\n<p data-sourcepos=\"45:1-46:67\">\u2753 <strong data-sourcepos=\"45:3-45:38\">\u00bfCu\u00e1nto dura la bater\u00eda?<\/strong><br \/>\n\u2705 <strong data-sourcepos=\"46:3-46:21\">bater\u00eda de 650 mAh<\/strong> admite el uso durante todo el d\u00eda con <strong data-sourcepos=\"46:48-46:67\">Carga tipo C<\/strong><\/p>\n<p data-sourcepos=\"48:1-49:81\">\u2753 <strong data-sourcepos=\"48:3-48:38\">\u00bfQu\u00e9 sabores son los m\u00e1s populares?<\/strong><br \/>\n\u2705 <strong data-sourcepos=\"49:3-49:23\">mango fresa<\/strong>, <strong data-sourcepos=\"49:25-49:43\">Hielo de sand\u00eda<\/strong>, y <strong data-sourcepos=\"49:49-49:65\">Bebida energ\u00e9tica<\/strong> son los m\u00e1s vendidos<\/p>\n<p data-sourcepos=\"51:1-52:56\">\u2753 <strong data-sourcepos=\"51:3-51:31\">\u00bfEste dispositivo es port\u00e1til?<br \/>\n<\/strong> \u2705 Ultraligero por solo <strong data-sourcepos=\"52:23-52:30\">52g<\/strong> con tama\u00f1o de bolsillo<\/p>\n<p>&nbsp;<\/p>\n<h3 id=\"brxe-najhln\" class=\"brxe-heading\">Preguntas frecuentes (FAQ)<\/h3>\n<div id=\"brxe-rajiac\" class=\"brxe-text\">\n<p><strong>P: \u00bfQu\u00e9 m\u00e9todos de pago aceptan?<\/strong><br \/>\nR: Aceptamos PayPal, Stripe, transferencias bancarias (compatibles con SEPA), las principales tarjetas de cr\u00e9dito (Visa, MasterCard, American Express) y pagos con criptomonedas.<\/p>\n<p><strong>P: \u00bfCu\u00e1nto tiempo lleva la preparaci\u00f3n del pedido?<\/strong><br \/>\nR: La preparaci\u00f3n del pedido demora entre 1 y 3 d\u00edas h\u00e1biles.<\/p>\n<p><strong>P: \u00bfCu\u00e1l es el tiempo de env\u00edo?<\/strong><br \/>\nR: El tiempo de env\u00edo es de 7 a 14 d\u00edas h\u00e1biles, seg\u00fan su ubicaci\u00f3n.<\/p>\n<p><strong>P: \u00bfC\u00f3mo puedo realizar un seguimiento de mi pedido?<\/strong><br \/>\nR: Despu\u00e9s del env\u00edo, recibir\u00e1 un correo electr\u00f3nico de confirmaci\u00f3n con un n\u00famero de seguimiento para realizar un seguimiento en tiempo real.<\/p>\n<p><strong>P: \u00bfCu\u00e1l es su pol\u00edtica de devoluci\u00f3n?<\/strong><br \/>\nR: Ofrecemos una pol\u00edtica de devoluci\u00f3n de 30 d\u00edas para reembolsos o cambios. .<\/p>\n<p><strong>P: \u00bfHabr\u00e1 alg\u00fan problema aduanero?<br \/>\n<\/strong>Nos encargamos de todos los procedimientos de despacho de aduanas para garantizarle una experiencia sin complicaciones. .<\/p>\n<p><strong>P: \u00bfQu\u00e9 m\u00e9todos de env\u00edo se utilizan?<\/strong><br \/>\nCooperamos con UPS\/DHL\/FEDEX\/DPD, etc. Elegiremos la opci\u00f3n de env\u00edo adecuada seg\u00fan el pa\u00eds de entrega para asegurarnos de que reciba sus productos lo m\u00e1s r\u00e1pido posible.<\/p>\n<p><a href=\"https:\/\/pgvape.com\/es\/preguntas-frecuentes\/\">Haga clic aqu\u00ed para m\u00e1s preguntas frecuentes<\/a><\/p>\n<p>Estimados clientes: Si tienen alguna pregunta sobre su pedido o la llegada de la mercanc\u00eda, comun\u00edquese con nuestro servicio de atenci\u00f3n al cliente. \u00a1Gracias!<\/p>\n<h3 data-sourcepos=\"73:1-73:21\"><strong data-sourcepos=\"73:7-73:21\">Cont\u00e1ctenos<\/strong><\/h3>\n<div id=\"text-2419739398\" class=\"text\">\n<p><strong data-sourcepos=\"75:3-75:12\">Correo electr\u00f3nico<\/strong>:\u00a0<a href=\"mailto:support@pgvape.com\"><strong>support@pgvape.com<\/strong><\/a><\/p>\n<p><strong data-sourcepos=\"76:3-76:15\">WhatsApp<\/strong>:\u00a0<a href=\"https:\/\/wa.me\/+8618128481258\"><strong>+86 18128481258<\/strong><\/a><br \/>\n<strong>(Respuesta dentro de las 24 horas en d\u00edas h\u00e1biles)<\/strong><\/p>\n<\/div>\n<h3><strong>\u00a1Gracias por elegir pgvape.com! .<\/strong><\/h3>\n<\/div>","protected":false},"excerpt":{"rendered":"<p><strong data-sourcepos=\"57:5-57:36\">Bang Blaze BC5000 (2.\u00aa generaci\u00f3n)<\/strong> entrega <strong data-sourcepos=\"57:46-57:61\">5.000 bocanadas<\/strong>, <strong data-sourcepos=\"57:63-57:80\">13ml de capacidad<\/strong>, y <strong data-sourcepos=\"57:86-57:100\">12 sabores<\/strong> en un <strong data-sourcepos=\"57:106-57:128\">compacto desechable<\/strong> con <strong data-sourcepos=\"57:134-57:153\">Carga tipo C<\/strong> \u2013 perfecto para <strong data-sourcepos=\"57:168-57:188\">vapeadores en movimiento<\/strong>.<\/p>","protected":false},"featured_media":5602,"comment_status":"open","ping_status":"closed","template":"","meta":{"_seopress_robots_primary_cat":"none","_seopress_titles_title":"%%post_title%% %%sep%% %%sitetitle%%","_seopress_titles_desc":"","_seopress_robots_index":""},"product_brand":[49,516],"product_cat":[443,33,515],"product_tag":[447,445,444,90,446,204],"class_list":{"0":"post-5587","1":"product","2":"type-product","3":"status-publish","4":"has-post-thumbnail","6":"product_brand-bang-blaze-vape","7":"product_brand-disposable-vape","8":"product_cat-5k-puffs-vape","9":"product_cat-bang-blaze-vape","10":"product_cat-disposable-vape","11":"product_tag-1-2-mesh-coil","12":"product_tag-5k-puffs-vape","13":"product_tag-bang-blaze-bc-5000","14":"product_tag-disposable-vape","15":"product_tag-type-c-fast-charging","16":"product_tag-vape-factory-direct","18":"first","19":"instock","20":"sale","21":"shipping-taxable","22":"purchasable","23":"product-type-variable"},"_links":{"self":[{"href":"https:\/\/pgvape.com\/es\/wp-json\/wp\/v2\/product\/5587","targetHints":{"allow":["GET"]}}],"collection":[{"href":"https:\/\/pgvape.com\/es\/wp-json\/wp\/v2\/product"}],"about":[{"href":"https:\/\/pgvape.com\/es\/wp-json\/wp\/v2\/types\/product"}],"replies":[{"embeddable":true,"href":"https:\/\/pgvape.com\/es\/wp-json\/wp\/v2\/comments?post=5587"}],"wp:featuredmedia":[{"embeddable":true,"href":"https:\/\/pgvape.com\/es\/wp-json\/wp\/v2\/media\/5602"}],"wp:attachment":[{"href":"https:\/\/pgvape.com\/es\/wp-json\/wp\/v2\/media?parent=5587"}],"wp:term":[{"taxonomy":"product_brand","embeddable":true,"href":"https:\/\/pgvape.com\/es\/wp-json\/wp\/v2\/product_brand?post=5587"},{"taxonomy":"product_cat","embeddable":true,"href":"https:\/\/pgvape.com\/es\/wp-json\/wp\/v2\/product_cat?post=5587"},{"taxonomy":"product_tag","embeddable":true,"href":"https:\/\/pgvape.com\/es\/wp-json\/wp\/v2\/product_tag?post=5587"}],"curies":[{"name":"wp","href":"https:\/\/api.w.org\/{rel}","templated":true}]}}