{"id":5558,"date":"2025-11-04T12:19:12","date_gmt":"2025-11-04T12:19:12","guid":{"rendered":"https:\/\/pgvape.com\/?post_type=product&#038;p=5558"},"modified":"2026-03-15T13:15:56","modified_gmt":"2026-03-15T13:15:56","slug":"bang-king-smart-screen-15000-inhalaciones-vape-desechable-0-2-3-5-nicotina-10-sabores-vape-recargable-directo-de-fabrica","status":"publish","type":"product","link":"https:\/\/pgvape.com\/es\/producto\/bang-king-smart-screen-15000-inhalaciones-vape-desechable-0-2-3-5-nicotina-10-sabores-vape-recargable-directo-de-fabrica\/","title":{"rendered":"Bang King Smart Screen 15000 Puffs Vape desechable | 0% 2% 3% 5% Nicotina | 10Tastes | Recargable | Vape Directo de f\u00e1brica"},"content":{"rendered":"<p><strong data-sourcepos=\"4:5-4:35\">BangKing SmartScreen 15000<\/strong> revoluciona el vapeo desechable con <strong data-sourcepos=\"4:74-4:101\">15.000 caladas ultralargas<\/strong>, <strong data-sourcepos=\"4:103-4:131\">25ml de e-l\u00edquido precargado<\/strong>, y un <strong data-sourcepos=\"4:140-4:170\">pantalla de visualizaci\u00f3n inteligente<\/strong>. <strong data-sourcepos=\"4:184-4:202\">Bobina de malla de 1.0\u03a9<\/strong>, <strong data-sourcepos=\"4:204-4:235\">Bater\u00eda recargable de 650 mAh.<\/strong>, y <strong data-sourcepos=\"4:241-4:288\">opciones de nicotina personalizables (0%\/2%\/3%\/5%)<\/strong>, este dispositivo ofrece <strong data-sourcepos=\"4:311-4:330\">control preciso<\/strong> y <strong data-sourcepos=\"4:335-4:350\">rico sabor<\/strong> en un dise\u00f1o elegante y de alta tecnolog\u00eda.<\/p>\n<p>&nbsp;<\/p>\n<h2><span style=\"font-size: 90%;\">Bang King Smart Screen 15000 inhalaciones Vape desechable <strong data-sourcepos=\"10:5-10:31\">Presupuesto<\/strong><\/span><\/h2>\n<p><strong data-sourcepos=\"15:3-15:17\">Conteo de bocanadas<\/strong>: 15.000 bocanadas<\/p>\n<p><strong data-sourcepos=\"16:3-16:15\">E-l\u00edquido<\/strong>: 25 ml precargados<\/p>\n<p><strong data-sourcepos=\"17:3-17:14\">Bater\u00eda<\/strong>: 650 mAh (recargable tipo C)<\/p>\n<p><strong data-sourcepos=\"18:3-18:11\">Bobina<\/strong>: malla de 1.0\u03a9<\/p>\n<p><strong data-sourcepos=\"19:3-19:14\">Mostrar<\/strong>: Pantalla digital inteligente<\/p>\n<p><strong data-sourcepos=\"20:3-20:15\">Nicotina<\/strong>: 0%\/2%\/3%\/5%<\/p>\n<p>&nbsp;<\/p>\n<h3><span style=\"font-size: 90%;\">Bang King Smart Screen 15000 inhalaciones Vape desechable <strong data-sourcepos=\"22:5-22:20\">Lista de sabores<\/strong><\/span><\/h3>\n<p><strong data-sourcepos=\"23:4-23:19\">1.Congelaci\u00f3n azul<\/strong>\u00a0\u2013 Explosi\u00f3n de bayas heladas<\/p>\n<p><strong data-sourcepos=\"24:4-24:19\">2.Explosi\u00f3n de bayas<\/strong>\u00a0\u2013 Explosi\u00f3n de bayas mixtas<\/p>\n<p><strong data-sourcepos=\"25:4-25:25\">3. Lim\u00f3n Cereza Azul<\/strong>\u00a0\u2013 Tarta de fusi\u00f3n de c\u00edtricos<\/p>\n<p><strong data-sourcepos=\"26:4-26:20\">4.Congelaci\u00f3n de melocot\u00f3n<\/strong>\u00a0\u2013 Delicia de melocot\u00f3n fr\u00eda<\/p>\n<p><strong data-sourcepos=\"27:4-27:20\">5.Congelaci\u00f3n de uva<\/strong>\u00a0\u2013 Sensaci\u00f3n de uva helada<\/p>\n<p><strong data-sourcepos=\"28:4-28:19\">6.baya de melocot\u00f3n<\/strong>\u00a0\u2013 Mezcla dulce de frutas de hueso<\/p>\n<p><strong data-sourcepos=\"29:4-29:27\">7. Manzana agria y frambuesa<\/strong>\u00a0\u2013 Manzana-baya picante<\/p>\n<p><strong data-sourcepos=\"30:4-30:20\">8.Fruta triple<\/strong>\u00a0\u2013 Tr\u00edo tropical<\/p>\n<p><strong data-sourcepos=\"31:4-31:16\">9. Hielo exuberante<\/strong>\u00a0\u2013 Refrescante helado de sand\u00eda<\/p>\n<p><strong data-sourcepos=\"32:5-32:30\">10.Sand\u00eda Fresa<\/strong>\u00a0\u2013 Combinaci\u00f3n dulce cl\u00e1sica<br \/>\n<img loading=\"lazy\" decoding=\"async\" class=\"alignnone wp-image-5562 size-full\" src=\"https:\/\/pgvape.com\/wp-content\/uploads\/2025\/11\/pgvape-Bang_King_smartscreen_15000_Puffs-2.png\" alt=\"Dos filas de diez coloridos dispositivos de vapeo desechables Bang King (cinco por fila), cada uno con un gr\u00e1fico de simio de dibujos animados, una peque\u00f1a pantalla digital y nombres de sabores como Peach Freeze, Blueberry Cherry Lemon, Strawberry Watermelon, Berry Blast, Peach Blueraz, Blueberry Freeze, Grape Freeze, Tropical Fruit, Sour Apple Blueberry y Lush Ice.\" width=\"1500\" height=\"1168\" srcset=\"https:\/\/pgvape.com\/wp-content\/uploads\/2025\/11\/pgvape-Bang_King_smartscreen_15000_Puffs-2.png 1500w, https:\/\/pgvape.com\/wp-content\/uploads\/2025\/11\/pgvape-Bang_King_smartscreen_15000_Puffs-2-462x360.png 462w, https:\/\/pgvape.com\/wp-content\/uploads\/2025\/11\/pgvape-Bang_King_smartscreen_15000_Puffs-2-595x463.png 595w, https:\/\/pgvape.com\/wp-content\/uploads\/2025\/11\/pgvape-Bang_King_smartscreen_15000_Puffs-2-400x311.png 400w, https:\/\/pgvape.com\/wp-content\/uploads\/2025\/11\/pgvape-Bang_King_smartscreen_15000_Puffs-2-768x598.png 768w, https:\/\/pgvape.com\/wp-content\/uploads\/2025\/11\/pgvape-Bang_King_smartscreen_15000_Puffs-2-15x12.png 15w, https:\/\/pgvape.com\/wp-content\/uploads\/2025\/11\/pgvape-Bang_King_smartscreen_15000_Puffs-2-600x467.png 600w, https:\/\/pgvape.com\/wp-content\/uploads\/2025\/11\/pgvape-Bang_King_smartscreen_15000_Puffs-2-51x40.png 51w\" sizes=\"auto, (max-width: 1500px) 100vw, 1500px\" \/><\/p>\n<p>&nbsp;<\/p>\n<h3><span style=\"font-size: 90%;\">Bang King Smart Screen 15000 inhalaciones Vape desechable <strong>Video<\/strong>:<\/span><\/h3>\n<p>&nbsp;<\/p>\n<h2>Preguntas frecuentes sobre Bang King Smart Screen 15000 Puffs Vape desechable<\/h2>\n<p data-sourcepos=\"35:1-36:87\">\u2753 <strong data-sourcepos=\"35:3-35:39\">\u00bfC\u00f3mo funciona la pantalla inteligente?<\/strong><br \/>\n\u2705 Espect\u00e1culos <strong data-sourcepos=\"36:9-36:37\">porcentaje exacto de bater\u00eda<\/strong> y <strong data-sourcepos=\"36:42-36:61\">niveles de e-l\u00edquido<\/strong> para un seguimiento preciso.<\/p>\n<p data-sourcepos=\"38:1-39:77\">\u2753 <strong data-sourcepos=\"38:3-38:40\">\u00bfQu\u00e9 hace que la bobina de malla sea especial?<\/strong><br \/>\n\u2705 El <strong data-sourcepos=\"39:7-39:25\">N\u00facleo de malla de 1,0 \u03a9<\/strong> mejora <strong data-sourcepos=\"39:35-39:52\">pureza del sabor<\/strong> y <strong data-sourcepos=\"39:57-39:74\">densidad de vapor<\/strong>.<\/p>\n<p data-sourcepos=\"41:1-42:80\">\u2753 <strong data-sourcepos=\"41:3-41:38\">\u00bfCu\u00e1nto dura la bater\u00eda?<\/strong><br \/>\n\u2705 El <strong data-sourcepos=\"42:7-42:25\">bater\u00eda de 650 mAh<\/strong> admite el uso prolongado con <strong data-sourcepos=\"42:53-42:77\">Carga r\u00e1pida tipo C<\/strong>.<\/p>\n<p data-sourcepos=\"44:1-45:89\">\u2753 <strong data-sourcepos=\"44:3-44:38\">\u00bfQu\u00e9 sabores son los m\u00e1s populares?<\/strong><br \/>\n\u2705 <strong data-sourcepos=\"45:3-45:28\">Sand\u00eda Fresa<\/strong>, <strong data-sourcepos=\"45:30-45:42\">Hielo exuberante<\/strong>, y <strong data-sourcepos=\"45:48-45:63\">Congelaci\u00f3n azul<\/strong> son los favoritos de los clientes.<\/p>\n<p data-sourcepos=\"47:1-48:80\">\u2753 <strong data-sourcepos=\"47:3-47:35\">\u00bfEs este dispositivo ecol\u00f3gico?<\/strong><br \/>\n\u2705 El <strong data-sourcepos=\"48:7-48:30\">dise\u00f1o recargable<\/strong> Reduce los residuos en comparaci\u00f3n con los desechables est\u00e1ndar.<\/p>\n<p>&nbsp;<\/p>\n<h3 id=\"brxe-najhln\" class=\"brxe-heading\">Preguntas frecuentes (FAQ)<\/h3>\n<div id=\"brxe-rajiac\" class=\"brxe-text\">\n<p><strong>P: \u00bfQu\u00e9 m\u00e9todos de pago aceptan?<\/strong><br \/>\nR: Aceptamos PayPal, Stripe, transferencias bancarias (compatibles con SEPA), las principales tarjetas de cr\u00e9dito (Visa, MasterCard, American Express) y pagos con criptomonedas.<\/p>\n<p><strong>P: \u00bfCu\u00e1nto tiempo lleva la preparaci\u00f3n del pedido?<\/strong><br \/>\nR: La preparaci\u00f3n del pedido demora entre 1 y 3 d\u00edas h\u00e1biles.<\/p>\n<p><strong>P: \u00bfCu\u00e1l es el tiempo de env\u00edo?<\/strong><br \/>\nR: El tiempo de env\u00edo es de 7 a 14 d\u00edas h\u00e1biles, seg\u00fan su ubicaci\u00f3n.<\/p>\n<p><strong>P: \u00bfC\u00f3mo puedo realizar un seguimiento de mi pedido?<\/strong><br \/>\nR: Despu\u00e9s del env\u00edo, recibir\u00e1 un correo electr\u00f3nico de confirmaci\u00f3n con un n\u00famero de seguimiento para realizar un seguimiento en tiempo real.<\/p>\n<p><strong>P: \u00bfCu\u00e1l es su pol\u00edtica de devoluci\u00f3n?<\/strong><br \/>\nR: Ofrecemos una pol\u00edtica de devoluci\u00f3n de 30 d\u00edas para reembolsos o cambios. .<\/p>\n<p><strong>P: \u00bfHabr\u00e1 alg\u00fan problema aduanero?<br \/>\n<\/strong>Nos encargamos de todos los procedimientos de despacho de aduanas para garantizarle una experiencia sin complicaciones. .<\/p>\n<p><strong>P: \u00bfQu\u00e9 m\u00e9todos de env\u00edo se utilizan?<\/strong><br \/>\nCooperamos con UPS\/DHL\/FEDEX\/DPD, etc. Elegiremos la opci\u00f3n de env\u00edo adecuada seg\u00fan el pa\u00eds de entrega para asegurarnos de que reciba sus productos lo m\u00e1s r\u00e1pido posible.<\/p>\n<p><a href=\"https:\/\/pgvape.com\/es\/preguntas-frecuentes\/\">Haga clic aqu\u00ed para m\u00e1s preguntas frecuentes<\/a><\/p>\n<p>Estimados clientes: Si tienen alguna pregunta sobre su pedido o la llegada de la mercanc\u00eda, comun\u00edquese con nuestro servicio de atenci\u00f3n al cliente. \u00a1Gracias!<\/p>\n<h3 data-sourcepos=\"73:1-73:21\"><strong data-sourcepos=\"73:7-73:21\">Cont\u00e1ctenos<\/strong><\/h3>\n<div id=\"text-2419739398\" class=\"text\">\n<p><strong data-sourcepos=\"75:3-75:12\">Correo electr\u00f3nico<\/strong>:\u00a0<a href=\"mailto:support@pgvape.com\"><strong>support@pgvape.com<\/strong><\/a><\/p>\n<p><strong data-sourcepos=\"76:3-76:15\">WhatsApp<\/strong>:\u00a0<a href=\"https:\/\/wa.me\/+8618128481258\"><strong>+86 18128481258<\/strong><\/a><br \/>\n<strong>(Respuesta dentro de las 24 horas en d\u00edas h\u00e1biles)<\/strong><\/p>\n<\/div>\n<h3><strong>\u00a1Gracias por elegir pgvape.com! .<\/strong><\/h3>\n<\/div>","protected":false},"excerpt":{"rendered":"<p><strong data-sourcepos=\"51:5-51:35\">BangKing SmartScreen 15000<\/strong> combina <strong data-sourcepos=\"51:45-51:61\">15.000 bocanadas<\/strong>, <strong data-sourcepos=\"51:63-51:88\">pantalla digital inteligente<\/strong>, y <strong data-sourcepos=\"51:94-51:108\">10 sabores<\/strong> en un <strong data-sourcepos=\"51:114-51:143\">vaporizador desechable de alta tecnolog\u00eda<\/strong> con <strong data-sourcepos=\"51:149-51:168\">Carga tipo C<\/strong> \u2013 perfecto para <strong data-sourcepos=\"51:183-51:201\">cazadores de sabores<\/strong> y <strong data-sourcepos=\"51:206-51:227\">vapeadores expertos en tecnolog\u00eda<\/strong>.<\/p>","protected":false},"featured_media":5561,"comment_status":"open","ping_status":"closed","template":"","meta":{"_seopress_robots_primary_cat":"none","_seopress_titles_title":"%%post_title%% %%sep%% %%sitetitle%%","_seopress_titles_desc":"","_seopress_robots_index":""},"product_brand":[19,516],"product_cat":[113,18,515],"product_tag":[442,441,90,259,136,204],"class_list":{"0":"post-5558","1":"product","2":"type-product","3":"status-publish","4":"has-post-thumbnail","6":"product_brand-bang-king-vape","7":"product_brand-disposable-vape","8":"product_cat-15k-puffs-vape","9":"product_cat-bang-king-vape","10":"product_cat-disposable-vape","11":"product_tag-15000-puffs-vape","12":"product_tag-bang-king-15000","13":"product_tag-disposable-vape","14":"product_tag-rechargeable","15":"product_tag-smart-screen","16":"product_tag-vape-factory-direct","18":"first","19":"instock","20":"sale","21":"shipping-taxable","22":"purchasable","23":"product-type-variable"},"_links":{"self":[{"href":"https:\/\/pgvape.com\/es\/wp-json\/wp\/v2\/product\/5558","targetHints":{"allow":["GET"]}}],"collection":[{"href":"https:\/\/pgvape.com\/es\/wp-json\/wp\/v2\/product"}],"about":[{"href":"https:\/\/pgvape.com\/es\/wp-json\/wp\/v2\/types\/product"}],"replies":[{"embeddable":true,"href":"https:\/\/pgvape.com\/es\/wp-json\/wp\/v2\/comments?post=5558"}],"wp:featuredmedia":[{"embeddable":true,"href":"https:\/\/pgvape.com\/es\/wp-json\/wp\/v2\/media\/5561"}],"wp:attachment":[{"href":"https:\/\/pgvape.com\/es\/wp-json\/wp\/v2\/media?parent=5558"}],"wp:term":[{"taxonomy":"product_brand","embeddable":true,"href":"https:\/\/pgvape.com\/es\/wp-json\/wp\/v2\/product_brand?post=5558"},{"taxonomy":"product_cat","embeddable":true,"href":"https:\/\/pgvape.com\/es\/wp-json\/wp\/v2\/product_cat?post=5558"},{"taxonomy":"product_tag","embeddable":true,"href":"https:\/\/pgvape.com\/es\/wp-json\/wp\/v2\/product_tag?post=5558"}],"curies":[{"name":"wp","href":"https:\/\/api.w.org\/{rel}","templated":true}]}}