{"id":5491,"date":"2025-11-04T08:07:24","date_gmt":"2025-11-04T08:07:24","guid":{"rendered":"https:\/\/pgvape.com\/?post_type=product&#038;p=5491"},"modified":"2026-03-15T13:09:58","modified_gmt":"2026-03-15T13:09:58","slug":"explosion-36000-potencia-36k-soplos-vape-desechable-pantalla-completa-inteligente-vape-fabrica-directa","status":"publish","type":"product","link":"https:\/\/pgvape.com\/es\/producto\/explosion-36000-potencia-36k-soplos-vape-desechable-pantalla-completa-inteligente-vape-fabrica-directa\/","title":{"rendered":"Bang 36000 Power 36K sopla directamente de f\u00e1brica elegante disponible de Vape de la pantalla completa de Vape"},"content":{"rendered":"<p><strong data-sourcepos=\"4:5-4:34\">Bang 36000 potencia avanzada<\/strong> redefine el vapeo con <strong data-sourcepos=\"4:57-4:84\">36.000 bocanadas ultralargas<\/strong>, <strong data-sourcepos=\"4:86-4:115\">control de energ\u00eda de huellas dactilares<\/strong>, y un <strong data-sourcepos=\"4:123-4:152\">visualizaci\u00f3n inteligente de pantalla completa<\/strong>. <strong data-sourcepos=\"4:166-4:189\">Bobina de malla doble de 1,0 \u03a9<\/strong>, <strong data-sourcepos=\"4:191-4:217\">Capacidad de e-l\u00edquido de 36 ml.<\/strong>, y <strong data-sourcepos=\"4:223-4:241\">bater\u00eda de 850mah<\/strong>, este dispositivo de vanguardia ofrece <strong data-sourcepos=\"4:277-4:305\">rendimiento personalizable<\/strong> y <strong data-sourcepos=\"4:310-4:325\">rico sabor<\/strong> en un dise\u00f1o elegante e innovador.<\/p>\n<p>&nbsp;<\/p>\n<h2><span style=\"font-size: 90%;\">Bang 36000 Power | 36K inhala Vape desechable <strong data-sourcepos=\"10:5-10:31\">Presupuesto<\/strong><\/span><\/h2>\n<p><strong data-sourcepos=\"16:3-16:17\">Conteo de bocanadas<\/strong>: 36.000 bocanadas<\/p>\n<p><strong data-sourcepos=\"17:3-17:15\">E-l\u00edquido<\/strong>: 36 ml precargados<\/p>\n<p><strong data-sourcepos=\"18:3-18:14\">Bater\u00eda<\/strong>: 850 mAh (recargable tipo C)<\/p>\n<p><strong data-sourcepos=\"19:3-19:11\">Bobina<\/strong>: malla doble de 1,0 \u03a9<\/p>\n<p><strong data-sourcepos=\"20:3-20:14\">Mostrar<\/strong>: Interfaz inteligente de pantalla completa<\/p>\n<p><strong data-sourcepos=\"21:3-21:15\">Nicotina<\/strong>: 0% \/ 2% \/ 3% \/ 5%<\/p>\n<p>&nbsp;<\/p>\n<h3><span style=\"font-size: 90%;\">Bang 36000 Power | 36K inhala Vape desechable <strong data-sourcepos=\"22:5-22:20\">Lista de sabores<\/strong><\/span><\/h3>\n<p><strong data-sourcepos=\"24:4-24:17\">1.Mezclar fruta<\/strong>\u00a0\u2013 Mezcla de frutas tropicales<\/p>\n<p><strong data-sourcepos=\"25:4-25:20\">2.Triple baya<\/strong>\u00a0\u2013 Mezcla de frutos rojos dulces<\/p>\n<p><strong data-sourcepos=\"26:4-26:30\">3. Sand\u00eda Melocot\u00f3n Mango<\/strong>\u00a0\u2013 Tr\u00edo de verano jugoso<\/p>\n<p><strong data-sourcepos=\"27:4-27:27\">4. Frambuesa de ar\u00e1ndano<\/strong>\u00a0\u2013 Fusi\u00f3n agria y dulce<\/p>\n<p><strong data-sourcepos=\"28:4-28:24\">5. Hielo del Drag\u00f3n Negro<\/strong>\u00a0\u2013 Fruta del drag\u00f3n helada y atrevida<\/p>\n<p><strong data-sourcepos=\"29:4-29:17\">6.Hielo de uva<\/strong>\u00a0\u2013 Explosi\u00f3n de uva helada<\/p>\n<p><strong data-sourcepos=\"30:4-30:21\">7.Hielo de ar\u00e1ndanos<\/strong>\u00a0\u2013 Refresco fresco de ar\u00e1ndanos<\/p>\n<p><strong data-sourcepos=\"31:4-31:29\">8.Sand\u00eda Fresa<\/strong>\u00a0\u2013 Combinaci\u00f3n dulce cl\u00e1sica<\/p>\n<p><strong data-sourcepos=\"32:4-32:25\">9.Pl\u00e1tano y fresa<\/strong>\u00a0\u2013 Armon\u00eda frutal cremosa<\/p>\n<p><strong data-sourcepos=\"33:5-33:24\">10.kiwi fresa<\/strong>\u00a0\u2013 Toque tropical picante<\/p>\n<p><strong data-sourcepos=\"34:5-34:25\">11. Mango de fresa<\/strong>\u00a0\u2013 Rico d\u00fao frutal<\/p>\n<p><strong data-sourcepos=\"35:5-35:23\">12.Hielo de sand\u00eda<\/strong>\u00a0\u2013 Escalofr\u00edo crujiente e hidratante.<br \/>\n<img loading=\"lazy\" decoding=\"async\" class=\"alignnone wp-image-5510 size-full\" src=\"https:\/\/pgvape.com\/wp-content\/uploads\/2025\/11\/pgvape-Bang-36000-Power-36k-Puffs-Disposable-Vape-17.jpg\" alt=\"Cuadr\u00edcula de 15 coloridos dispositivos de vapeo desechables rectangulares &quot;Bang 36000&quot; en tres filas, cada uno con una peque\u00f1a pantalla digital, ilustraciones \u00fanicas de frutas o calaveras y etiquetas de sabores sobre un fondo radial azul oscuro.\" width=\"1500\" height=\"1265\" srcset=\"https:\/\/pgvape.com\/wp-content\/uploads\/2025\/11\/pgvape-Bang-36000-Power-36k-Puffs-Disposable-Vape-17.jpg 1500w, https:\/\/pgvape.com\/wp-content\/uploads\/2025\/11\/pgvape-Bang-36000-Power-36k-Puffs-Disposable-Vape-17-427x360.jpg 427w, https:\/\/pgvape.com\/wp-content\/uploads\/2025\/11\/pgvape-Bang-36000-Power-36k-Puffs-Disposable-Vape-17-595x502.jpg 595w, https:\/\/pgvape.com\/wp-content\/uploads\/2025\/11\/pgvape-Bang-36000-Power-36k-Puffs-Disposable-Vape-17-400x337.jpg 400w, https:\/\/pgvape.com\/wp-content\/uploads\/2025\/11\/pgvape-Bang-36000-Power-36k-Puffs-Disposable-Vape-17-768x648.jpg 768w, https:\/\/pgvape.com\/wp-content\/uploads\/2025\/11\/pgvape-Bang-36000-Power-36k-Puffs-Disposable-Vape-17-14x12.jpg 14w, https:\/\/pgvape.com\/wp-content\/uploads\/2025\/11\/pgvape-Bang-36000-Power-36k-Puffs-Disposable-Vape-17-600x506.jpg 600w, https:\/\/pgvape.com\/wp-content\/uploads\/2025\/11\/pgvape-Bang-36000-Power-36k-Puffs-Disposable-Vape-17-47x40.jpg 47w\" sizes=\"auto, (max-width: 1500px) 100vw, 1500px\" \/><\/p>\n<p>&nbsp;<\/p>\n<h3><span style=\"font-size: 90%;\">Bang 36000 Power | 36K inhala Vape desechable <strong>Video<\/strong>:<\/span><\/h3>\n<p>&nbsp;<\/p>\n<h2>Preguntas frecuentes sobre Bang 36000 Power | 36K Puffs Vape desechable<\/h2>\n<p data-sourcepos=\"38:1-39:77\">\u2753 <strong data-sourcepos=\"38:3-38:50\">\u00bfC\u00f3mo funciona la regulaci\u00f3n del poder de las huellas dactilares?<\/strong><br \/>\n\u2705 <strong data-sourcepos=\"39:3-39:33\">Control t\u00e1ctil personalizado<\/strong> ajusta la potencia de salida para golpes personalizados.<\/p>\n<p data-sourcepos=\"41:1-42:72\">\u2753 <strong data-sourcepos=\"41:3-41:45\">\u00bfQu\u00e9 hace que la bobina de doble malla sea especial?<\/strong><br \/>\n\u2705 <strong data-sourcepos=\"42:3-42:21\">Dos bobinas de malla<\/strong> proporcionar <strong data-sourcepos=\"42:30-42:49\">50% m\u00e1s sabor<\/strong> que las bobinas est\u00e1ndar.<\/p>\n<p data-sourcepos=\"44:1-45:80\">\u2753 <strong data-sourcepos=\"44:3-44:38\">\u00bfCu\u00e1nto dura la bater\u00eda?<br \/>\n<\/strong> \u2705 El <strong data-sourcepos=\"45:7-45:25\">bater\u00eda de 850mah<\/strong> admite el uso prolongado con <strong data-sourcepos=\"45:53-45:77\">Carga r\u00e1pida tipo C<\/strong>.<\/p>\n<p data-sourcepos=\"47:1-48:79\">\u2753 <strong data-sourcepos=\"47:3-47:29\">\u00bfEs \u00fatil la pantalla?<br \/>\n<\/strong> \u2705 El <strong data-sourcepos=\"48:7-48:30\">visualizaci\u00f3n en pantalla completa<\/strong> muestra <strong data-sourcepos=\"48:37-48:76\">Niveles exactos de bater\u00eda % y e-l\u00edquido.<\/strong>.<\/p>\n<p data-sourcepos=\"50:1-51:92\">\u2753 <strong data-sourcepos=\"50:3-50:38\">\u00bfQu\u00e9 sabores son los m\u00e1s populares?<br \/>\n<\/strong> \u2705 <strong data-sourcepos=\"51:3-51:28\">Sand\u00eda Fresa<\/strong>, <strong data-sourcepos=\"51:30-51:47\">Hielo de ar\u00e1ndanos<\/strong>, y <strong data-sourcepos=\"51:53-51:73\">Hielo del drag\u00f3n negro<\/strong> son los m\u00e1s vendidos.<\/p>\n<p>&nbsp;<\/p>\n<h3 id=\"brxe-najhln\" class=\"brxe-heading\">Preguntas frecuentes (FAQ)<\/h3>\n<div id=\"brxe-rajiac\" class=\"brxe-text\">\n<p><strong>P: \u00bfQu\u00e9 m\u00e9todos de pago aceptan?<\/strong><br \/>\nR: Aceptamos PayPal, Stripe, transferencias bancarias (compatibles con SEPA), las principales tarjetas de cr\u00e9dito (Visa, MasterCard, American Express) y pagos con criptomonedas.<\/p>\n<p><strong>P: \u00bfCu\u00e1nto tiempo lleva la preparaci\u00f3n del pedido?<\/strong><br \/>\nR: La preparaci\u00f3n del pedido demora entre 1 y 3 d\u00edas h\u00e1biles.<\/p>\n<p><strong>P: \u00bfCu\u00e1l es el tiempo de env\u00edo?<\/strong><br \/>\nR: El tiempo de env\u00edo es de 7 a 14 d\u00edas h\u00e1biles, seg\u00fan su ubicaci\u00f3n.<\/p>\n<p><strong>P: \u00bfC\u00f3mo puedo realizar un seguimiento de mi pedido?<\/strong><br \/>\nR: Despu\u00e9s del env\u00edo, recibir\u00e1 un correo electr\u00f3nico de confirmaci\u00f3n con un n\u00famero de seguimiento para realizar un seguimiento en tiempo real.<\/p>\n<p><strong>P: \u00bfCu\u00e1l es su pol\u00edtica de devoluci\u00f3n?<\/strong><br \/>\nR: Ofrecemos una pol\u00edtica de devoluci\u00f3n de 30 d\u00edas para reembolsos o cambios. .<\/p>\n<p><strong>P: \u00bfHabr\u00e1 alg\u00fan problema aduanero?<br \/>\n<\/strong>Nos encargamos de todos los procedimientos de despacho de aduanas para garantizarle una experiencia sin complicaciones. .<\/p>\n<p><strong>P: \u00bfQu\u00e9 m\u00e9todos de env\u00edo se utilizan?<\/strong><br \/>\nCooperamos con UPS\/DHL\/FEDEX\/DPD, etc. Elegiremos la opci\u00f3n de env\u00edo adecuada seg\u00fan el pa\u00eds de entrega para asegurarnos de que reciba sus productos lo m\u00e1s r\u00e1pido posible.<\/p>\n<p><a href=\"https:\/\/pgvape.com\/es\/preguntas-frecuentes\/\">Haga clic aqu\u00ed para m\u00e1s preguntas frecuentes<\/a><\/p>\n<p>Estimados clientes: Si tienen alguna pregunta sobre su pedido o la llegada de la mercanc\u00eda, comun\u00edquese con nuestro servicio de atenci\u00f3n al cliente. \u00a1Gracias!<\/p>\n<h3 data-sourcepos=\"73:1-73:21\"><strong data-sourcepos=\"73:7-73:21\">Cont\u00e1ctenos<\/strong><\/h3>\n<div id=\"text-2419739398\" class=\"text\">\n<p><strong data-sourcepos=\"75:3-75:12\">Correo electr\u00f3nico<\/strong>:\u00a0<a href=\"mailto:support@pgvape.com\"><strong>support@pgvape.com<\/strong><\/a><\/p>\n<p><strong data-sourcepos=\"76:3-76:15\">WhatsApp<\/strong>:\u00a0<a href=\"https:\/\/wa.me\/+8618128481258\"><strong>+86 18128481258<\/strong><\/a><br \/>\n<strong>(Respuesta dentro de las 24 horas en d\u00edas h\u00e1biles)<\/strong><\/p>\n<\/div>\n<h3><strong>\u00a1Gracias por elegir pgvape.com! .<\/strong><\/h3>\n<\/div>","protected":false},"excerpt":{"rendered":"<p><strong data-sourcepos=\"54:5-54:34\">Bang 36000 potencia avanzada<\/strong> combina <strong data-sourcepos=\"54:44-54:60\">36.000 bocanadas<\/strong>, <strong data-sourcepos=\"54:62-54:85\">control de huellas dactilares<\/strong>, y <strong data-sourcepos=\"54:91-54:113\">12 sabores premium<\/strong> en un <strong data-sourcepos=\"54:119-54:148\">vaporizador desechable de alta tecnolog\u00eda<\/strong> con <strong data-sourcepos=\"54:154-54:171\">pantalla inteligente<\/strong> \u2013 perfecto para <strong data-sourcepos=\"54:186-54:207\">vapeadores exigentes<\/strong>.<\/p>","protected":false},"featured_media":5495,"comment_status":"open","ping_status":"closed","template":"","meta":{"_seopress_robots_primary_cat":"none","_seopress_titles_title":"%%post_title%% %%sep%% %%sitetitle%%","_seopress_titles_desc":"","_seopress_robots_index":""},"product_brand":[36,516],"product_cat":[398,25,515],"product_tag":[400,439,90,243,440,204],"class_list":{"0":"post-5491","1":"product","2":"type-product","3":"status-publish","4":"has-post-thumbnail","6":"product_brand-bang-vape","7":"product_brand-disposable-vape","8":"product_cat-36k-puffs-vape","9":"product_cat-bang-vape","10":"product_cat-disposable-vape","11":"product_tag-36k-puffs-vape","12":"product_tag-bang-36000-power","13":"product_tag-disposable-vape","14":"product_tag-dual-mesh","15":"product_tag-smart-full-screen-display","16":"product_tag-vape-factory-direct","18":"first","19":"instock","20":"sale","21":"shipping-taxable","22":"purchasable","23":"product-type-variable"},"_links":{"self":[{"href":"https:\/\/pgvape.com\/es\/wp-json\/wp\/v2\/product\/5491","targetHints":{"allow":["GET"]}}],"collection":[{"href":"https:\/\/pgvape.com\/es\/wp-json\/wp\/v2\/product"}],"about":[{"href":"https:\/\/pgvape.com\/es\/wp-json\/wp\/v2\/types\/product"}],"replies":[{"embeddable":true,"href":"https:\/\/pgvape.com\/es\/wp-json\/wp\/v2\/comments?post=5491"}],"wp:featuredmedia":[{"embeddable":true,"href":"https:\/\/pgvape.com\/es\/wp-json\/wp\/v2\/media\/5495"}],"wp:attachment":[{"href":"https:\/\/pgvape.com\/es\/wp-json\/wp\/v2\/media?parent=5491"}],"wp:term":[{"taxonomy":"product_brand","embeddable":true,"href":"https:\/\/pgvape.com\/es\/wp-json\/wp\/v2\/product_brand?post=5491"},{"taxonomy":"product_cat","embeddable":true,"href":"https:\/\/pgvape.com\/es\/wp-json\/wp\/v2\/product_cat?post=5491"},{"taxonomy":"product_tag","embeddable":true,"href":"https:\/\/pgvape.com\/es\/wp-json\/wp\/v2\/product_tag?post=5491"}],"curies":[{"name":"wp","href":"https:\/\/api.w.org\/{rel}","templated":true}]}}