{"id":5459,"date":"2025-11-04T07:49:11","date_gmt":"2025-11-04T07:49:11","guid":{"rendered":"https:\/\/pgvape.com\/?post_type=product&#038;p=5459"},"modified":"2026-03-15T13:09:58","modified_gmt":"2026-03-15T13:09:58","slug":"bang-gold-42000-42k-puffs-desechables-vape-e-shisha-head-0-2-3-5-nicotina-12-gustos-tft-pantalla-tactil-indicadores-led-vape-directo-de-fabrica","status":"publish","type":"product","link":"https:\/\/pgvape.com\/es\/producto\/bang-gold-42000-42k-puffs-desechables-vape-e-shisha-head-0-2-3-5-nicotina-12-gustos-tft-pantalla-tactil-indicadores-led-vape-directo-de-fabrica\/","title":{"rendered":"Bang Gold 42000 | 42K Puffs Vape desechable | E-Shisha Head | 0% 2% 3% 5% Nicotina | 12 gustos | Pantalla t\u00e1ctil TFT + indicadores LED | Vape Factory Direct -"},"content":{"rendered":"<p><strong data-sourcepos=\"6:5-6:30\">Explosi\u00f3n Oro 42000<\/strong> redefine el vapeo premium con <strong data-sourcepos=\"6:61-6:88\">42.000 caladas ultralargas<\/strong> y <strong data-sourcepos=\"6:93-6:128\">seguridad innovadora de huellas dactilares<\/strong>. <strong data-sourcepos=\"6:142-6:160\">bobina de doble malla<\/strong>, <strong data-sourcepos=\"6:162-6:181\">Pantalla t\u00e1ctil TFT<\/strong>, y <strong data-sourcepos=\"6:187-6:206\">bater\u00eda de 1000mah<\/strong>, este dispositivo ofrece <strong data-sourcepos=\"6:229-6:260\">configuraciones de energ\u00eda personalizables<\/strong> y <strong data-sourcepos=\"6:265-6:293\">m\u00e9tricas de vapeo en tiempo real<\/strong> para un control incomparable.<\/p>\n<p>&nbsp;<\/p>\n<h2><span style=\"font-size: 90%;\">Bang Gold 42000 | 42K inhala Vape desechable <strong data-sourcepos=\"10:5-10:31\">Presupuesto<\/strong><\/span><\/h2>\n<p><strong data-sourcepos=\"19:3-19:17\">Conteo de bocanadas<\/strong>: 42.000 bocanadas<\/p>\n<p><strong data-sourcepos=\"20:3-20:14\">Bater\u00eda<\/strong>: 1000 mAh (recargable tipo C)<\/p>\n<p><strong data-sourcepos=\"21:3-21:11\">Bobina<\/strong>: Tecnolog\u00eda de doble malla<\/p>\n<p><strong data-sourcepos=\"22:3-22:14\">Mostrar<\/strong>: Pantalla t\u00e1ctil TFT + indicadores LED<\/p>\n<p><strong data-sourcepos=\"23:3-23:15\">Nicotina<\/strong>: 0%\/2%\/3%\/5%<\/p>\n<p><strong data-sourcepos=\"24:3-24:15\">Seguridad<\/strong>: Reconocimiento de huellas dactilares<\/p>\n<p><strong data-sourcepos=\"12:3-12:23\">Ajuste de potencia<\/strong>: Salida personalizable con 3 clics<\/p>\n<p>&nbsp;<\/p>\n<h3><span style=\"font-size: 90%;\">Bang Gold 42000 | 42K inhala Vape desechable <strong data-sourcepos=\"22:5-22:20\">Lista de sabores<\/strong><\/span><\/h3>\n<p><strong data-sourcepos=\"27:4-27:12\">1.menta<\/strong><\/p>\n<p><strong data-sourcepos=\"28:4-28:22\">2.Menta de ar\u00e1ndanos<\/strong><\/p>\n<p><strong data-sourcepos=\"29:4-29:21\">3. Manzanas dobles<\/strong><\/p>\n<p><strong data-sourcepos=\"30:4-30:17\">4.Hielo de melocot\u00f3n<\/strong><\/p>\n<p><strong data-sourcepos=\"31:4-31:27\">5. Frambuesa de ar\u00e1ndano<\/strong><\/p>\n<p><strong data-sourcepos=\"32:4-32:21\">6.Hielo de ar\u00e1ndanos<\/strong><\/p>\n<p><strong data-sourcepos=\"33:4-33:23\">7. Melocot\u00f3n Ar\u00e1ndano<\/strong><\/p>\n<p><strong data-sourcepos=\"34:4-34:18\">8.Sand\u00eda<\/strong><\/p>\n<p><strong data-sourcepos=\"35:4-35:29\">9.Sand\u00eda Fresa<\/strong><\/p>\n<p><strong data-sourcepos=\"36:5-36:26\">10. Lichi de fresa<\/strong><\/p>\n<p><strong data-sourcepos=\"37:5-37:19\">11. Menta de uva<\/strong><\/p>\n<p><strong data-sourcepos=\"38:5-38:20\">12.Frutas mixtas<br \/>\n<img loading=\"lazy\" decoding=\"async\" class=\"alignnone wp-image-5463 size-full\" src=\"https:\/\/pgvape.com\/wp-content\/uploads\/2025\/11\/pgvape-Bang-Gold-42000-Puffs-Disposable-Vape-3.jpg\" alt=\"Doce dispositivos de e-shisha dorados en forma de cilindro con boquillas negras dispuestas en dos filas y etiquetadas con sabores (menta, ar\u00e1ndano, menta, manzanas dobles, hielo de melocot\u00f3n, frambuesa de ar\u00e1ndano, hielo de ar\u00e1ndano, melocot\u00f3n de ar\u00e1ndano, sand\u00eda, sand\u00eda de fresa, lichi de fresa, menta de uva, frutas mixtas) debajo de un encabezado que dice \u201cE-Shisha Head 12 sabores\u201d y \u201c42000 PUFFS\u201d con la marca BANG BLAZE en el .\" width=\"1200\" height=\"1469\" srcset=\"https:\/\/pgvape.com\/wp-content\/uploads\/2025\/11\/pgvape-Bang-Gold-42000-Puffs-Disposable-Vape-3.jpg 1200w, https:\/\/pgvape.com\/wp-content\/uploads\/2025\/11\/pgvape-Bang-Gold-42000-Puffs-Disposable-Vape-3-294x360.jpg 294w, https:\/\/pgvape.com\/wp-content\/uploads\/2025\/11\/pgvape-Bang-Gold-42000-Puffs-Disposable-Vape-3-595x728.jpg 595w, https:\/\/pgvape.com\/wp-content\/uploads\/2025\/11\/pgvape-Bang-Gold-42000-Puffs-Disposable-Vape-3-327x400.jpg 327w, https:\/\/pgvape.com\/wp-content\/uploads\/2025\/11\/pgvape-Bang-Gold-42000-Puffs-Disposable-Vape-3-768x940.jpg 768w, https:\/\/pgvape.com\/wp-content\/uploads\/2025\/11\/pgvape-Bang-Gold-42000-Puffs-Disposable-Vape-3-10x12.jpg 10w, https:\/\/pgvape.com\/wp-content\/uploads\/2025\/11\/pgvape-Bang-Gold-42000-Puffs-Disposable-Vape-3-600x735.jpg 600w, https:\/\/pgvape.com\/wp-content\/uploads\/2025\/11\/pgvape-Bang-Gold-42000-Puffs-Disposable-Vape-3-33x40.jpg 33w\" sizes=\"auto, (max-width: 1200px) 100vw, 1200px\" \/><br \/>\n<\/strong><\/p>\n<p>&nbsp;<\/p>\n<h3><span style=\"font-size: 90%;\">Bang Gold 42000 | 42K inhala Vape desechable <strong>Video<\/strong>:<\/span><\/h3>\n<p>&nbsp;<\/p>\n<h2>Preguntas frecuentes sobre Bang Gold 42000 | 42K Puffs Vape desechable<\/h2>\n<p data-sourcepos=\"41:1-42:58\">\u2753 <strong data-sourcepos=\"41:3-41:44\">\u00bfC\u00f3mo funciona el sensor de huellas dactilares?<\/strong><br \/>\n\u2705 Proporciona <strong data-sourcepos=\"42:12-42:37\">seguridad personalizada<\/strong> y activaci\u00f3n r\u00e1pida<\/p>\n<p data-sourcepos=\"44:1-45:51\">\u2753 <strong data-sourcepos=\"44:3-44:45\">\u00bfQu\u00e9 hace que la bobina de doble malla sea especial?<\/strong><br \/>\n\u2705 Entrega <strong data-sourcepos=\"45:12-45:31\">50% m\u00e1s sabor<\/strong> que las bobinas est\u00e1ndar<\/p>\n<p data-sourcepos=\"47:1-48:63\">\u2753 <strong data-sourcepos=\"47:3-47:41\">\u00bfPuedo ajustar la producci\u00f3n de vapor?<br \/>\n<\/strong> \u2705 \u00a1S\u00ed! <strong data-sourcepos=\"48:8-48:36\">Ajuste de potencia con 3 clics<\/strong> personaliza tu experiencia<\/p>\n<p data-sourcepos=\"50:1-51:78\">\u2753 <strong data-sourcepos=\"50:3-50:38\">\u00bfCu\u00e1nto dura la bater\u00eda?<br \/>\n<\/strong> \u2705 El <strong data-sourcepos=\"51:7-51:26\">bater\u00eda de 1000mah<\/strong> admite el uso prolongado con <strong data-sourcepos=\"51:54-51:78\">Carga r\u00e1pida tipo C<\/strong><\/p>\n<p data-sourcepos=\"53:1-54:82\">\u2753 <strong data-sourcepos=\"53:3-53:38\">\u00bfQu\u00e9 sabores son los m\u00e1s populares?<br \/>\n<\/strong> \u2705 <strong data-sourcepos=\"54:3-54:28\">Sand\u00eda Fresa<\/strong>, <strong data-sourcepos=\"54:30-54:47\">Hielo de ar\u00e1ndanos<\/strong>, y <strong data-sourcepos=\"54:53-54:66\">Hielo de durazno<\/strong> son los m\u00e1s vendidos<\/p>\n<p>&nbsp;<\/p>\n<h3 id=\"brxe-najhln\" class=\"brxe-heading\">Preguntas frecuentes (FAQ)<\/h3>\n<div id=\"brxe-rajiac\" class=\"brxe-text\">\n<p><strong>P: \u00bfQu\u00e9 m\u00e9todos de pago aceptan?<\/strong><br \/>\nR: Aceptamos PayPal, Stripe, transferencias bancarias (compatibles con SEPA), las principales tarjetas de cr\u00e9dito (Visa, MasterCard, American Express) y pagos con criptomonedas.<\/p>\n<p><strong>P: \u00bfCu\u00e1nto tiempo lleva la preparaci\u00f3n del pedido?<\/strong><br \/>\nR: La preparaci\u00f3n del pedido demora entre 1 y 3 d\u00edas h\u00e1biles.<\/p>\n<p><strong>P: \u00bfCu\u00e1l es el tiempo de env\u00edo?<\/strong><br \/>\nR: El tiempo de env\u00edo es de 7 a 14 d\u00edas h\u00e1biles, seg\u00fan su ubicaci\u00f3n.<\/p>\n<p><strong>P: \u00bfC\u00f3mo puedo realizar un seguimiento de mi pedido?<\/strong><br \/>\nR: Despu\u00e9s del env\u00edo, recibir\u00e1 un correo electr\u00f3nico de confirmaci\u00f3n con un n\u00famero de seguimiento para realizar un seguimiento en tiempo real.<\/p>\n<p><strong>P: \u00bfCu\u00e1l es su pol\u00edtica de devoluci\u00f3n?<\/strong><br \/>\nR: Ofrecemos una pol\u00edtica de devoluci\u00f3n de 30 d\u00edas para reembolsos o cambios. .<\/p>\n<p><strong>P: \u00bfHabr\u00e1 alg\u00fan problema aduanero?<br \/>\n<\/strong>Nos encargamos de todos los procedimientos de despacho de aduanas para garantizarle una experiencia sin complicaciones. .<\/p>\n<p><strong>P: \u00bfQu\u00e9 m\u00e9todos de env\u00edo se utilizan?<\/strong><br \/>\nCooperamos con UPS\/DHL\/FEDEX\/DPD, etc. Elegiremos la opci\u00f3n de env\u00edo adecuada seg\u00fan el pa\u00eds de entrega para asegurarnos de que reciba sus productos lo m\u00e1s r\u00e1pido posible.<\/p>\n<p><a href=\"https:\/\/pgvape.com\/es\/preguntas-frecuentes\/\">Haga clic aqu\u00ed para m\u00e1s preguntas frecuentes<\/a><\/p>\n<p>Estimados clientes: Si tienen alguna pregunta sobre su pedido o la llegada de la mercanc\u00eda, comun\u00edquese con nuestro servicio de atenci\u00f3n al cliente. \u00a1Gracias!<\/p>\n<h3 data-sourcepos=\"73:1-73:21\"><strong data-sourcepos=\"73:7-73:21\">Cont\u00e1ctenos<\/strong><\/h3>\n<div id=\"text-2419739398\" class=\"text\">\n<p><strong data-sourcepos=\"75:3-75:12\">Correo electr\u00f3nico<\/strong>:\u00a0<a href=\"mailto:support@pgvape.com\"><strong>support@pgvape.com<\/strong><\/a><\/p>\n<p><strong data-sourcepos=\"76:3-76:15\">WhatsApp<\/strong>:\u00a0<a href=\"https:\/\/wa.me\/+8618128481258\"><strong>+86 18128481258<\/strong><\/a><br \/>\n<strong>(Respuesta dentro de las 24 horas en d\u00edas h\u00e1biles)<\/strong><\/p>\n<\/div>\n<h3><strong>\u00a1Gracias por elegir pgvape.com! .<\/strong><\/h3>\n<\/div>","protected":false},"excerpt":{"rendered":"<p><strong data-sourcepos=\"57:5-57:30\">Explosi\u00f3n de oro 42000<\/strong> combina <strong data-sourcepos=\"57:40-57:71\">Capacidad inigualable de bocanadas de 42.000<\/strong>, <strong data-sourcepos=\"57:73-57:97\">seguridad de huellas dactilares<\/strong>, y <strong data-sourcepos=\"57:103-57:133\">controles de pantalla t\u00e1ctil inteligentes<\/strong> en un <strong data-sourcepos=\"57:139-57:166\">vaporizador desechable premium<\/strong> con <strong data-sourcepos=\"57:172-57:193\">12 opciones de sabor<\/strong>.<\/p>","protected":false},"featured_media":5476,"comment_status":"open","ping_status":"closed","template":"","meta":{"_seopress_robots_primary_cat":"none","_seopress_titles_title":"%%post_title%% %%sep%% %%sitetitle%%","_seopress_titles_desc":"","_seopress_robots_index":""},"product_brand":[36,516],"product_cat":[433,25,515],"product_tag":[435,434,90,436,438,437,204],"class_list":{"0":"post-5459","1":"product","2":"type-product","3":"status-publish","4":"has-post-thumbnail","6":"product_brand-bang-vape","7":"product_brand-disposable-vape","8":"product_cat-42k-puffs-vape","9":"product_cat-bang-vape","10":"product_cat-disposable-vape","11":"product_tag-42k-puffs-vape","12":"product_tag-bang-gold-42000","13":"product_tag-disposable-vape","14":"product_tag-e-shisha-head","15":"product_tag-led-indicators","16":"product_tag-tft-touchscreen","17":"product_tag-vape-factory-direct","19":"first","20":"instock","21":"sale","22":"shipping-taxable","23":"purchasable","24":"product-type-variable"},"_links":{"self":[{"href":"https:\/\/pgvape.com\/es\/wp-json\/wp\/v2\/product\/5459","targetHints":{"allow":["GET"]}}],"collection":[{"href":"https:\/\/pgvape.com\/es\/wp-json\/wp\/v2\/product"}],"about":[{"href":"https:\/\/pgvape.com\/es\/wp-json\/wp\/v2\/types\/product"}],"replies":[{"embeddable":true,"href":"https:\/\/pgvape.com\/es\/wp-json\/wp\/v2\/comments?post=5459"}],"wp:featuredmedia":[{"embeddable":true,"href":"https:\/\/pgvape.com\/es\/wp-json\/wp\/v2\/media\/5476"}],"wp:attachment":[{"href":"https:\/\/pgvape.com\/es\/wp-json\/wp\/v2\/media?parent=5459"}],"wp:term":[{"taxonomy":"product_brand","embeddable":true,"href":"https:\/\/pgvape.com\/es\/wp-json\/wp\/v2\/product_brand?post=5459"},{"taxonomy":"product_cat","embeddable":true,"href":"https:\/\/pgvape.com\/es\/wp-json\/wp\/v2\/product_cat?post=5459"},{"taxonomy":"product_tag","embeddable":true,"href":"https:\/\/pgvape.com\/es\/wp-json\/wp\/v2\/product_tag?post=5459"}],"curies":[{"name":"wp","href":"https:\/\/api.w.org\/{rel}","templated":true}]}}