{"id":5424,"date":"2025-11-03T11:44:20","date_gmt":"2025-11-03T11:44:20","guid":{"rendered":"https:\/\/pgvape.com\/?post_type=product&#038;p=5424"},"modified":"2026-03-27T11:36:33","modified_gmt":"2026-03-27T11:36:33","slug":"bang-36000-inhalaciones-vape-desechables-luz-de-color-vape-directo-de-fabrica","status":"publish","type":"product","link":"https:\/\/pgvape.com\/es\/producto\/bang-36000-inhalaciones-vape-desechables-luz-de-color-vape-directo-de-fabrica\/","title":{"rendered":"F\u00e1brica disponible de la luz | Vape del color de Vape LED de la explosi\u00f3n 36000 soplos directa"},"content":{"rendered":"<p><strong data-sourcepos=\"6:5-6:19\">Explosi\u00f3n 36000<\/strong> entrega <strong data-sourcepos=\"6:29-6:56\">36.000 bocanadas ultralargas<\/strong> con un <strong data-sourcepos=\"6:65-6:96\">innovador sistema de doble tanque<\/strong> tenencia <strong data-sourcepos=\"6:105-6:136\">40ml de e-l\u00edquido precargado<\/strong>. <strong data-sourcepos=\"6:150-6:171\">Bobina sub-ohm de 0,6 \u03a9<\/strong> para <strong data-sourcepos=\"6:176-6:190\">vapeo DTL<\/strong>, <strong data-sourcepos=\"6:192-6:223\">Bater\u00eda recargable de 650 mAh.<\/strong>, y <strong data-sourcepos=\"6:229-6:251\">12 sabores premium<\/strong>, este dispositivo ofrece <strong data-sourcepos=\"6:272-6:295\">m\u00e1ximo rendimiento<\/strong> con <strong data-sourcepos=\"6:301-6:325\">iluminaci\u00f3n LED elegante<\/strong>.<\/p>\n<p>&nbsp;<\/p>\n<h2><span style=\"font-size: 90%;\">Bang 36000 | 36K inhala Vape desechable <strong data-sourcepos=\"10:5-10:31\">Presupuesto<\/strong><\/span><\/h2>\n<p><strong data-sourcepos=\"18:3-18:17\">Conteo de bocanadas<\/strong>: 36.000 bocanadas<\/p>\n<p><strong data-sourcepos=\"19:3-19:15\">E-l\u00edquido<\/strong>: 40ml (bicameral)<\/p>\n<p><strong data-sourcepos=\"20:3-20:14\">Bater\u00eda<\/strong>: 650 mAh (recargable tipo C)<\/p>\n<p><strong data-sourcepos=\"21:3-21:11\">Bobina<\/strong>: Malla sub-ohm de 0,6 \u03a9<\/p>\n<p><strong data-sourcepos=\"22:3-22:15\">Nicotina<\/strong>: 0%\/2%\/3%\/5%<\/p>\n<p><strong data-sourcepos=\"23:3-23:16\">Embalaje<\/strong>: 8 dispositivos\/caja de presentaci\u00f3n<\/p>\n<p>&nbsp;<\/p>\n<h3><span style=\"font-size: 90%;\">Bang 36000 | 36K inhala Vape desechable <strong data-sourcepos=\"22:5-22:20\">Lista de sabores<\/strong><\/span><\/h3>\n<p>1.Kiwi Fresa<\/p>\n<p>2. Sand\u00eda Melocot\u00f3n Mango<\/p>\n<p>3.Frutas mixtas<\/p>\n<p>4.Hielo de menta<\/p>\n<p>5. Mango melocot\u00f3n<\/p>\n<p>6.Hielo de uva<\/p>\n<p>7. Manzanas dobles<\/p>\n<p>8.frambuesa de ar\u00e1ndano<\/p>\n<p>9.Hielo de ar\u00e1ndanos<\/p>\n<p>10.Sand\u00eda Fresa<\/p>\n<p>11.Hielo de sand\u00eda<\/p>\n<p>12. Mango de fresa<br \/>\n<img loading=\"lazy\" decoding=\"async\" class=\"alignnone wp-image-5443 size-full\" src=\"https:\/\/pgvape.com\/wp-content\/uploads\/2025\/11\/pgvape-Bang-36000-36K-Puffs-Disposable-Vape-17.jpg\" alt=\"\" width=\"1003\" height=\"1500\" srcset=\"https:\/\/pgvape.com\/wp-content\/uploads\/2025\/11\/pgvape-Bang-36000-36K-Puffs-Disposable-Vape-17.jpg 1003w, https:\/\/pgvape.com\/wp-content\/uploads\/2025\/11\/pgvape-Bang-36000-36K-Puffs-Disposable-Vape-17-241x360.jpg 241w, https:\/\/pgvape.com\/wp-content\/uploads\/2025\/11\/pgvape-Bang-36000-36K-Puffs-Disposable-Vape-17-595x890.jpg 595w, https:\/\/pgvape.com\/wp-content\/uploads\/2025\/11\/pgvape-Bang-36000-36K-Puffs-Disposable-Vape-17-267x400.jpg 267w, https:\/\/pgvape.com\/wp-content\/uploads\/2025\/11\/pgvape-Bang-36000-36K-Puffs-Disposable-Vape-17-768x1149.jpg 768w, https:\/\/pgvape.com\/wp-content\/uploads\/2025\/11\/pgvape-Bang-36000-36K-Puffs-Disposable-Vape-17-8x12.jpg 8w, https:\/\/pgvape.com\/wp-content\/uploads\/2025\/11\/pgvape-Bang-36000-36K-Puffs-Disposable-Vape-17-600x897.jpg 600w, https:\/\/pgvape.com\/wp-content\/uploads\/2025\/11\/pgvape-Bang-36000-36K-Puffs-Disposable-Vape-17-27x40.jpg 27w\" sizes=\"auto, (max-width: 1003px) 100vw, 1003px\" \/><\/p>\n<p>&nbsp;<\/p>\n<h3><span style=\"font-size: 90%;\">Bang 36000 | 36K inhala Vape desechable <strong>Video<\/strong>:<\/span><\/h3>\n<p>&nbsp;<\/p>\n<h2>Preguntas frecuentes sobre Bang 36000 | 36K Puffs Vape desechable<\/h2>\n<p data-sourcepos=\"40:1-41:77\">\u2753 <strong data-sourcepos=\"40:3-40:47\">\u00bfQu\u00e9 hace que el sistema de doble tanque sea especial?<\/strong><br \/>\n\u2705 Dos c\u00e1maras separadas mantienen <strong data-sourcepos=\"41:34-41:51\">pureza del sabor<\/strong> y <strong data-sourcepos=\"41:56-41:74\">evitar la mezcla<\/strong>.<\/p>\n<p data-sourcepos=\"43:1-44:82\">\u2753 <strong data-sourcepos=\"43:3-43:38\">\u00bfEn qu\u00e9 se diferencia el vapeo sub-ohm?<\/strong><br \/>\n\u2705 El <strong data-sourcepos=\"44:7-44:20\">bobina de 0,6\u03a9<\/strong> produce <strong data-sourcepos=\"44:30-44:55\">nubes m\u00e1s grandes y m\u00e1s c\u00e1lidas<\/strong> para inhalaciones pulmonares directas.<\/p>\n<p data-sourcepos=\"46:1-47:78\">\u2753 <strong data-sourcepos=\"46:3-46:47\">\u00bfLa bater\u00eda es suficiente para 36.000 inhalaciones?<\/strong><br \/>\n\u2705 El <strong data-sourcepos=\"47:7-47:25\">bater\u00eda de 650 mAh<\/strong> es recargable mediante <strong data-sourcepos=\"47:46-47:56\">Tipo C<\/strong> para uso continuo.<\/p>\n<p data-sourcepos=\"49:1-50:87\">\u2753 <strong data-sourcepos=\"49:3-49:38\">\u00bfQu\u00e9 sabores son los m\u00e1s populares?<br \/>\n<\/strong> \u2705 <strong data-sourcepos=\"50:3-50:28\">Sand\u00eda Fresa<\/strong>, <strong data-sourcepos=\"50:30-50:47\">Hielo de ar\u00e1ndanos<\/strong>, y <strong data-sourcepos=\"50:53-50:68\">mango melocot\u00f3n<\/strong> son las mejores opciones.<\/p>\n<p data-sourcepos=\"52:1-53:71\">\u2753 <strong data-sourcepos=\"52:3-52:42\">\u00bfQu\u00e9 tienen de especial las luces LED?<br \/>\n<\/strong> \u2705 Los LED que cambian de color indican <strong data-sourcepos=\"53:32-53:50\">estado de la bater\u00eda<\/strong> y <strong data-sourcepos=\"53:55-53:68\">agregar estilo<\/strong>.<\/p>\n<p>&nbsp;<\/p>\n<h3 id=\"brxe-najhln\" class=\"brxe-heading\">Preguntas frecuentes (FAQ)<\/h3>\n<div id=\"brxe-rajiac\" class=\"brxe-text\">\n<p><strong>P: \u00bfQu\u00e9 m\u00e9todos de pago aceptan?<\/strong><br \/>\nR: Aceptamos PayPal, Stripe, transferencias bancarias (compatibles con SEPA), las principales tarjetas de cr\u00e9dito (Visa, MasterCard, American Express) y pagos con criptomonedas.<\/p>\n<p><strong>P: \u00bfCu\u00e1nto tiempo lleva la preparaci\u00f3n del pedido?<\/strong><br \/>\nR: La preparaci\u00f3n del pedido demora entre 1 y 3 d\u00edas h\u00e1biles.<\/p>\n<p><strong>P: \u00bfCu\u00e1l es el tiempo de env\u00edo?<\/strong><br \/>\nR: El tiempo de env\u00edo es de 7 a 14 d\u00edas h\u00e1biles, seg\u00fan su ubicaci\u00f3n.<\/p>\n<p><strong>P: \u00bfC\u00f3mo puedo realizar un seguimiento de mi pedido?<\/strong><br \/>\nR: Despu\u00e9s del env\u00edo, recibir\u00e1 un correo electr\u00f3nico de confirmaci\u00f3n con un n\u00famero de seguimiento para realizar un seguimiento en tiempo real.<\/p>\n<p><strong>P: \u00bfCu\u00e1l es su pol\u00edtica de devoluci\u00f3n?<\/strong><br \/>\nR: Ofrecemos una pol\u00edtica de devoluci\u00f3n de 30 d\u00edas para reembolsos o cambios. .<\/p>\n<p><strong>P: \u00bfHabr\u00e1 alg\u00fan problema aduanero?<br \/>\n<\/strong>Nos encargamos de todos los procedimientos de despacho de aduanas para garantizarle una experiencia sin complicaciones. .<\/p>\n<p><strong>P: \u00bfQu\u00e9 m\u00e9todos de env\u00edo se utilizan?<\/strong><br \/>\nCooperamos con UPS\/DHL\/FEDEX\/DPD, etc. Elegiremos la opci\u00f3n de env\u00edo adecuada seg\u00fan el pa\u00eds de entrega para asegurarnos de que reciba sus productos lo m\u00e1s r\u00e1pido posible.<\/p>\n<p><a href=\"https:\/\/pgvape.com\/es\/preguntas-frecuentes\/\">Haga clic aqu\u00ed para m\u00e1s preguntas frecuentes<\/a><\/p>\n<p>Estimados clientes: Si tienen alguna pregunta sobre su pedido o la llegada de la mercanc\u00eda, comun\u00edquese con nuestro servicio de atenci\u00f3n al cliente. \u00a1Gracias!<\/p>\n<h3 data-sourcepos=\"73:1-73:21\"><strong data-sourcepos=\"73:7-73:21\">Cont\u00e1ctenos<\/strong><\/h3>\n<div id=\"text-2419739398\" class=\"text\">\n<p><strong data-sourcepos=\"75:3-75:12\">Correo electr\u00f3nico<\/strong>:\u00a0<a href=\"mailto:support@pgvape.com\"><strong>support@pgvape.com<\/strong><\/a><\/p>\n<p><strong data-sourcepos=\"76:3-76:15\">WhatsApp<\/strong>:\u00a0<a href=\"https:\/\/wa.me\/+8618128481258\"><strong>+86 18128481258<\/strong><\/a><br \/>\n<strong>(Respuesta dentro de las 24 horas en d\u00edas h\u00e1biles)<\/strong><\/p>\n<\/div>\n<h3><strong>\u00a1Gracias por elegir pgvape.com! .<\/strong><\/h3>\n<\/div>","protected":false},"excerpt":{"rendered":"<p><strong data-sourcepos=\"56:5-56:19\">Explosi\u00f3n 36000<\/strong> combina <strong data-sourcepos=\"56:29-56:60\">Capacidad inigualable de inhalaci\u00f3n de 36K<\/strong>, <strong data-sourcepos=\"56:62-56:86\">tecnolog\u00eda de doble tanque<\/strong>, y <strong data-sourcepos=\"56:92-56:120\">12 sabores optimizados para DTL<\/strong> en un <strong data-sourcepos=\"56:126-56:153\">recargable desechable<\/strong> con <strong data-sourcepos=\"56:159-56:180\">LED llamativos<\/strong>.<\/p>","protected":false},"featured_media":5428,"comment_status":"open","ping_status":"closed","template":"","meta":{"_seopress_robots_primary_cat":"none","_seopress_titles_title":"%%post_title%% %%sep%% %%sitetitle%%","_seopress_titles_desc":"","_seopress_robots_index":""},"product_brand":[36,516],"product_cat":[398,25,515],"product_tag":[400,429,90,432,490,204],"class_list":{"0":"post-5424","1":"product","2":"type-product","3":"status-publish","4":"has-post-thumbnail","6":"product_brand-bang-vape","7":"product_brand-disposable-vape","8":"product_cat-36k-puffs-vape","9":"product_cat-bang-vape","10":"product_cat-disposable-vape","11":"product_tag-36k-puffs-vape","12":"product_tag-bang-36000","13":"product_tag-disposable-vape","14":"product_tag-led-color-light","15":"product_tag-minimum-2-pieces","16":"product_tag-vape-factory-direct","18":"first","19":"outofstock","20":"sale","21":"shipping-taxable","22":"purchasable","23":"product-type-variable"},"_links":{"self":[{"href":"https:\/\/pgvape.com\/es\/wp-json\/wp\/v2\/product\/5424","targetHints":{"allow":["GET"]}}],"collection":[{"href":"https:\/\/pgvape.com\/es\/wp-json\/wp\/v2\/product"}],"about":[{"href":"https:\/\/pgvape.com\/es\/wp-json\/wp\/v2\/types\/product"}],"replies":[{"embeddable":true,"href":"https:\/\/pgvape.com\/es\/wp-json\/wp\/v2\/comments?post=5424"}],"wp:featuredmedia":[{"embeddable":true,"href":"https:\/\/pgvape.com\/es\/wp-json\/wp\/v2\/media\/5428"}],"wp:attachment":[{"href":"https:\/\/pgvape.com\/es\/wp-json\/wp\/v2\/media?parent=5424"}],"wp:term":[{"taxonomy":"product_brand","embeddable":true,"href":"https:\/\/pgvape.com\/es\/wp-json\/wp\/v2\/product_brand?post=5424"},{"taxonomy":"product_cat","embeddable":true,"href":"https:\/\/pgvape.com\/es\/wp-json\/wp\/v2\/product_cat?post=5424"},{"taxonomy":"product_tag","embeddable":true,"href":"https:\/\/pgvape.com\/es\/wp-json\/wp\/v2\/product_tag?post=5424"}],"curies":[{"name":"wp","href":"https:\/\/api.w.org\/{rel}","templated":true}]}}