{"id":5392,"date":"2025-11-03T10:30:41","date_gmt":"2025-11-03T10:30:41","guid":{"rendered":"https:\/\/pgvape.com\/?post_type=product&#038;p=5392"},"modified":"2026-03-15T13:09:58","modified_gmt":"2026-03-15T13:09:58","slug":"bang-32000-32k-sopla-directo-de-fabrica-de-vape-con-pantalla-led-vape-desechable","status":"publish","type":"product","link":"https:\/\/pgvape.com\/es\/producto\/bang-32000-32k-sopla-directo-de-fabrica-de-vape-con-pantalla-led-vape-desechable\/","title":{"rendered":"Bang 32000 32K sopla directo de f\u00e1brica disponible de Vape de la pantalla de Vape LED"},"content":{"rendered":"<p><strong data-sourcepos=\"4:5-4:19\">explosi\u00f3n 32000<\/strong> entrega <strong data-sourcepos=\"4:29-4:56\">32.000 bocanadas ultralargas<\/strong> con <strong data-sourcepos=\"4:62-4:90\">32ml de e-l\u00edquido precargado<\/strong> y <strong data-sourcepos=\"4:95-4:126\">Bater\u00eda recargable de 650 mAh.<\/strong>. <strong data-sourcepos=\"4:138-4:167\">Tecnolog\u00eda de bobina de malla de 1,0 \u03a9<\/strong> y <strong data-sourcepos=\"4:172-4:216\">niveles de nicotina ajustables (0%\/2%\/3%\/5%)<\/strong>, este dispositivo ofrece <strong data-sourcepos=\"4:237-4:264\">vapor suave y sabroso<\/strong> con <strong data-sourcepos=\"4:270-4:298\">monitoreo LED en tiempo real<\/strong>.<\/p>\n<p>&nbsp;<\/p>\n<h2><span style=\"font-size: 90%;\">Bang 32000 | 32K inhala Vape desechable <strong data-sourcepos=\"10:5-10:31\">Presupuesto<\/strong><\/span><\/h2>\n<p><strong data-sourcepos=\"7:3-7:17\">Recuento de bocanadas<\/strong>:\u00a0<strong data-sourcepos=\"7:19-7:35\">32.000 bocanadas<\/strong><\/p>\n<p><strong data-sourcepos=\"8:3-8:15\">E-l\u00edquido<\/strong>:\u00a0<strong data-sourcepos=\"8:17-8:45\">Capacidad precargada de 32 ml.<\/strong><\/p>\n<p><strong data-sourcepos=\"9:3-9:14\">Bater\u00eda<\/strong>:\u00a0<strong data-sourcepos=\"9:16-9:48\">Recargable de 650 mAh (Tipo C)<\/strong><\/p>\n<p><strong data-sourcepos=\"10:3-10:11\">Bobina<\/strong>:\u00a0<strong data-sourcepos=\"10:13-10:37\">Tecnolog\u00eda de malla de 1,0 \u03a9<\/strong><\/p>\n<p><strong data-sourcepos=\"11:3-11:15\">Nicotina<\/strong>:\u00a0<strong data-sourcepos=\"11:17-11:38\">0% \/ 2% \/ 3% \/ 5%<\/strong><\/p>\n<p><strong data-sourcepos=\"12:3-12:14\">Mostrar<\/strong>:\u00a0<strong data-sourcepos=\"12:16-12:62\">Pantalla LED (indicadores de bater\u00eda y e-l\u00edquido)<\/strong><\/p>\n<p>&nbsp;<\/p>\n<h3><span style=\"font-size: 90%;\">Bang 32000 | 32K inhala Vape desechable <strong data-sourcepos=\"22:5-22:20\">Lista de sabores<\/strong><\/span><\/h3>\n<p><strong data-sourcepos=\"15:4-15:27\">1.frambuesa ar\u00e1ndano<\/strong><\/p>\n<p><strong data-sourcepos=\"16:4-16:25\">2.Cereza de sand\u00eda<\/strong><\/p>\n<p><strong data-sourcepos=\"17:4-17:21\">3.Hielo de ar\u00e1ndanos<\/strong><\/p>\n<p><strong data-sourcepos=\"18:4-18:22\">4.Hielo de sand\u00eda<\/strong><\/p>\n<p><strong data-sourcepos=\"19:4-19:29\">5.Sand\u00eda fresa<\/strong><\/p>\n<p><strong data-sourcepos=\"20:4-20:23\">6.kiwi fresa<\/strong><\/p>\n<p><strong data-sourcepos=\"21:4-21:16\">7.Toro rojo<\/strong><\/p>\n<p><strong data-sourcepos=\"22:4-22:28\">8.Chicle de sand\u00eda<\/strong><\/p>\n<p><strong data-sourcepos=\"23:4-23:17\">9.Hielo de uva<\/strong><\/p>\n<p><strong data-sourcepos=\"24:5-24:20\">10.Mango melocot\u00f3n<\/strong><\/p>\n<p><strong data-sourcepos=\"25:5-25:18\">11.Hielo de melocot\u00f3n<\/strong><\/p>\n<p><strong data-sourcepos=\"26:5-26:20\">12.Fruta mixta<br \/>\n<img loading=\"lazy\" decoding=\"async\" class=\"alignnone wp-image-5410 size-full\" src=\"https:\/\/pgvape.com\/wp-content\/uploads\/2025\/11\/pgvape-Bang-32000-Puffs-Disposable-Vape-4.png\" alt=\"Imagen promocional con el t\u00edtulo \u201c12 COLORES, sabores personalizados disponibles\u201d que muestra doce dispositivos de vapeo rectangulares de colores brillantes dispuestos en una cuadr\u00edcula, cada uno con una calcoman\u00eda de dibujos animados \u00fanica y una etiqueta de sabor (por ejemplo, sand\u00eda, cereza, helado de ar\u00e1ndano, helado de uva, melocot\u00f3n de mango, kiwi de fresa, frutas variadas, sand\u00eda de fresa, helado de melocot\u00f3n, Red Bull) sobre un fondo azul claro.\" width=\"1060\" height=\"901\" srcset=\"https:\/\/pgvape.com\/wp-content\/uploads\/2025\/11\/pgvape-Bang-32000-Puffs-Disposable-Vape-4.png 1060w, https:\/\/pgvape.com\/wp-content\/uploads\/2025\/11\/pgvape-Bang-32000-Puffs-Disposable-Vape-4-424x360.png 424w, https:\/\/pgvape.com\/wp-content\/uploads\/2025\/11\/pgvape-Bang-32000-Puffs-Disposable-Vape-4-595x506.png 595w, https:\/\/pgvape.com\/wp-content\/uploads\/2025\/11\/pgvape-Bang-32000-Puffs-Disposable-Vape-4-400x340.png 400w, https:\/\/pgvape.com\/wp-content\/uploads\/2025\/11\/pgvape-Bang-32000-Puffs-Disposable-Vape-4-768x653.png 768w, https:\/\/pgvape.com\/wp-content\/uploads\/2025\/11\/pgvape-Bang-32000-Puffs-Disposable-Vape-4-14x12.png 14w, https:\/\/pgvape.com\/wp-content\/uploads\/2025\/11\/pgvape-Bang-32000-Puffs-Disposable-Vape-4-600x510.png 600w, https:\/\/pgvape.com\/wp-content\/uploads\/2025\/11\/pgvape-Bang-32000-Puffs-Disposable-Vape-4-47x40.png 47w\" sizes=\"auto, (max-width: 1060px) 100vw, 1060px\" \/><br \/>\n<\/strong><\/p>\n<p>&nbsp;<\/p>\n<h3><span style=\"font-size: 90%;\">Bang 32000 | 32K inhala Vape desechable <strong>Video<\/strong>:<\/span><\/h3>\n<p>&nbsp;<\/p>\n<h2>Preguntas frecuentes sobre Bang 32000 | 32K Puffs Vape desechable<\/h2>\n<p data-sourcepos=\"29:1-30:82\">\u2753 <strong data-sourcepos=\"29:3-29:50\">\u00bfC\u00f3mo mejora el sabor la bobina de malla de 1,0 \u03a9?<\/strong><br \/>\n\u2705 El <strong data-sourcepos=\"30:7-30:30\">bobina de malla de precisi\u00f3n<\/strong> proporciona <strong data-sourcepos=\"30:40-30:59\">50% m\u00e1s sabor<\/strong> que las bobinas est\u00e1ndar.<\/p>\n<p data-sourcepos=\"32:1-33:83\">\u2753 <strong data-sourcepos=\"32:3-32:43\">\u00bfQu\u00e9 opciones de nicotina est\u00e1n disponibles?<\/strong><br \/>\n\u2705 Elige entre <strong data-sourcepos=\"33:15-33:32\">0% (sin NIC)<\/strong>, <strong data-sourcepos=\"33:34-33:47\">2% (20 mg)<\/strong>, <strong data-sourcepos=\"33:49-33:62\">3% (30 mg)<\/strong>, o <strong data-sourcepos=\"33:67-33:80\">5% (50 mg)<\/strong>.<\/p>\n<p data-sourcepos=\"35:1-36:80\">\u2753 <strong data-sourcepos=\"35:3-35:38\">\u00bfCu\u00e1nto dura la bater\u00eda?<\/strong><br \/>\n\u2705 El <strong data-sourcepos=\"36:7-36:25\">bater\u00eda de 650 mAh<\/strong> admite el uso prolongado con <strong data-sourcepos=\"36:53-36:77\">Carga r\u00e1pida tipo C<\/strong>.<\/p>\n<p data-sourcepos=\"38:1-39:74\">\u2753 <strong data-sourcepos=\"38:3-38:30\">\u00bfEs \u00fatil la pantalla?<\/strong><br \/>\n\u2705 El <strong data-sourcepos=\"39:7-39:21\">pantalla LED<\/strong> muestra <strong data-sourcepos=\"39:28-39:71\">Bater\u00eda % en tiempo real y niveles de e-l\u00edquido.<\/strong>.<\/p>\n<p data-sourcepos=\"41:1-42:85\">\u2753 <strong data-sourcepos=\"41:3-41:38\">\u00bfQu\u00e9 sabores son los m\u00e1s populares?<br \/>\n<\/strong> \u2705 <strong data-sourcepos=\"42:3-42:28\">sandia fresa<\/strong>, <strong data-sourcepos=\"42:30-42:42\">toro rojo<\/strong>, y <strong data-sourcepos=\"42:48-42:66\">hielo de sandia<\/strong> son los m\u00e1s vendidos.<\/p>\n<p>&nbsp;<\/p>\n<h3 id=\"brxe-najhln\" class=\"brxe-heading\">Preguntas frecuentes (FAQ)<\/h3>\n<div id=\"brxe-rajiac\" class=\"brxe-text\">\n<p><strong>P: \u00bfQu\u00e9 m\u00e9todos de pago aceptan?<\/strong><br \/>\nR: Aceptamos PayPal, Stripe, transferencias bancarias (compatibles con SEPA), las principales tarjetas de cr\u00e9dito (Visa, MasterCard, American Express) y pagos con criptomonedas.<\/p>\n<p><strong>P: \u00bfCu\u00e1nto tiempo lleva la preparaci\u00f3n del pedido?<\/strong><br \/>\nR: La preparaci\u00f3n del pedido demora entre 1 y 3 d\u00edas h\u00e1biles.<\/p>\n<p><strong>P: \u00bfCu\u00e1l es el tiempo de env\u00edo?<\/strong><br \/>\nR: El tiempo de env\u00edo es de 7 a 14 d\u00edas h\u00e1biles, seg\u00fan su ubicaci\u00f3n.<\/p>\n<p><strong>P: \u00bfC\u00f3mo puedo realizar un seguimiento de mi pedido?<\/strong><br \/>\nR: Despu\u00e9s del env\u00edo, recibir\u00e1 un correo electr\u00f3nico de confirmaci\u00f3n con un n\u00famero de seguimiento para realizar un seguimiento en tiempo real.<\/p>\n<p><strong>P: \u00bfCu\u00e1l es su pol\u00edtica de devoluci\u00f3n?<\/strong><br \/>\nR: Ofrecemos una pol\u00edtica de devoluci\u00f3n de 30 d\u00edas para reembolsos o cambios. .<\/p>\n<p><strong>P: \u00bfHabr\u00e1 alg\u00fan problema aduanero?<br \/>\n<\/strong>Nos encargamos de todos los procedimientos de despacho de aduanas para garantizarle una experiencia sin complicaciones. .<\/p>\n<p><strong>P: \u00bfQu\u00e9 m\u00e9todos de env\u00edo se utilizan?<\/strong><br \/>\nCooperamos con UPS\/DHL\/FEDEX\/DPD, etc. Elegiremos la opci\u00f3n de env\u00edo adecuada seg\u00fan el pa\u00eds de entrega para asegurarnos de que reciba sus productos lo m\u00e1s r\u00e1pido posible.<\/p>\n<p><a href=\"https:\/\/pgvape.com\/es\/preguntas-frecuentes\/\">Haga clic aqu\u00ed para m\u00e1s preguntas frecuentes<\/a><\/p>\n<p>Estimados clientes: Si tienen alguna pregunta sobre su pedido o la llegada de la mercanc\u00eda, comun\u00edquese con nuestro servicio de atenci\u00f3n al cliente. \u00a1Gracias!<\/p>\n<h3 data-sourcepos=\"73:1-73:21\"><strong data-sourcepos=\"73:7-73:21\">Cont\u00e1ctenos<\/strong><\/h3>\n<div id=\"text-2419739398\" class=\"text\">\n<p><strong data-sourcepos=\"75:3-75:12\">Correo electr\u00f3nico<\/strong>:\u00a0<a href=\"mailto:support@pgvape.com\"><strong>support@pgvape.com<\/strong><\/a><\/p>\n<p><strong data-sourcepos=\"76:3-76:15\">WhatsApp<\/strong>:\u00a0<a href=\"https:\/\/wa.me\/+8618128481258\"><strong>+86 18128481258<\/strong><\/a><br \/>\n<strong>(Respuesta dentro de las 24 horas en d\u00edas h\u00e1biles)<\/strong><\/p>\n<\/div>\n<h3><strong>\u00a1Gracias por elegir pgvape.com! .<\/strong><\/h3>\n<\/div>","protected":false},"excerpt":{"rendered":"<p><strong data-sourcepos=\"45:5-45:19\">explosi\u00f3n 32000<\/strong> combina <strong data-sourcepos=\"45:29-45:45\">32.000 bocanadas<\/strong>, <strong data-sourcepos=\"45:47-45:65\">Bobina de malla de 1.0\u03a9<\/strong>, y <strong data-sourcepos=\"45:71-45:85\">12 sabores<\/strong> en un <strong data-sourcepos=\"45:91-45:123\">vaporizador desechable recargable<\/strong> con <strong data-sourcepos=\"45:129-45:150\">pantalla LED inteligente<\/strong>.<\/p>","protected":false},"featured_media":5409,"comment_status":"open","ping_status":"closed","template":"","meta":{"_seopress_robots_primary_cat":"none","_seopress_titles_title":"%%post_title%% %%sep%% %%sitetitle%%","_seopress_titles_desc":"","_seopress_robots_index":""},"product_brand":[36,516],"product_cat":[362,25,515],"product_tag":[364,431,90,284,204],"class_list":{"0":"post-5392","1":"product","2":"type-product","3":"status-publish","4":"has-post-thumbnail","6":"product_brand-bang-vape","7":"product_brand-disposable-vape","8":"product_cat-32k-puffs-vape","9":"product_cat-bang-vape","10":"product_cat-disposable-vape","11":"product_tag-32k-puffs-vape","12":"product_tag-bang-32000","13":"product_tag-disposable-vape","14":"product_tag-led-screen","15":"product_tag-vape-factory-direct","17":"first","18":"instock","19":"sale","20":"shipping-taxable","21":"purchasable","22":"product-type-variable"},"_links":{"self":[{"href":"https:\/\/pgvape.com\/es\/wp-json\/wp\/v2\/product\/5392","targetHints":{"allow":["GET"]}}],"collection":[{"href":"https:\/\/pgvape.com\/es\/wp-json\/wp\/v2\/product"}],"about":[{"href":"https:\/\/pgvape.com\/es\/wp-json\/wp\/v2\/types\/product"}],"replies":[{"embeddable":true,"href":"https:\/\/pgvape.com\/es\/wp-json\/wp\/v2\/comments?post=5392"}],"wp:featuredmedia":[{"embeddable":true,"href":"https:\/\/pgvape.com\/es\/wp-json\/wp\/v2\/media\/5409"}],"wp:attachment":[{"href":"https:\/\/pgvape.com\/es\/wp-json\/wp\/v2\/media?parent=5392"}],"wp:term":[{"taxonomy":"product_brand","embeddable":true,"href":"https:\/\/pgvape.com\/es\/wp-json\/wp\/v2\/product_brand?post=5392"},{"taxonomy":"product_cat","embeddable":true,"href":"https:\/\/pgvape.com\/es\/wp-json\/wp\/v2\/product_cat?post=5392"},{"taxonomy":"product_tag","embeddable":true,"href":"https:\/\/pgvape.com\/es\/wp-json\/wp\/v2\/product_tag?post=5392"}],"curies":[{"name":"wp","href":"https:\/\/api.w.org\/{rel}","templated":true}]}}