{"id":5375,"date":"2025-11-03T09:09:42","date_gmt":"2025-11-03T09:09:42","guid":{"rendered":"https:\/\/pgvape.com\/?post_type=product&#038;p=5375"},"modified":"2026-03-15T13:09:58","modified_gmt":"2026-03-15T13:09:58","slug":"bang-36000-lce-nivel-36k-sopla-directo-de-fabrica-elegante-del-vape-de-pantalla-completa-del-vape-disponible","status":"publish","type":"product","link":"https:\/\/pgvape.com\/es\/producto\/bang-36000-lce-nivel-36k-sopla-directo-de-fabrica-elegante-del-vape-de-pantalla-completa-del-vape-disponible\/","title":{"rendered":"El nivel 36K de Bang 36000 Lce sopla directo de pantalla completa elegante disponible de Vape Vape"},"content":{"rendered":"<p><strong data-sourcepos=\"6:5-6:29\">Nivel de hielo Bang 36000<\/strong> redefine el vapeo con <strong data-sourcepos=\"6:52-6:79\">36.000 bocanadas ultralargas<\/strong> y <strong data-sourcepos=\"6:84-6:113\">tecnolog\u00eda de hielo ajustable<\/strong>. <strong data-sourcepos=\"6:127-6:153\">Capacidad de e-l\u00edquido de 36 ml.<\/strong> y <strong data-sourcepos=\"6:158-6:189\">Bater\u00eda recargable de 850 mAh.<\/strong>, este dispositivo ofrece <strong data-sourcepos=\"6:212-6:246\">intensidad de enfriamiento personalizable<\/strong> y <strong data-sourcepos=\"6:251-6:275\">ricos perfiles de sabor<\/strong>. <strong data-sourcepos=\"6:281-6:310\">pantalla inteligente de pantalla completa<\/strong> proporciona monitoreo en tiempo real, lo que lo hace perfecto para vapeadores que desean <strong data-sourcepos=\"6:380-6:407\">control y comodidad<\/strong>.<\/p>\n<p>&nbsp;<\/p>\n<h2><span style=\"font-size: 90%;\">El nivel | 36K de Bang 36000 Lce sopla Vape disponible <strong data-sourcepos=\"10:5-10:31\">Presupuesto<\/strong><\/span><\/h2>\n<p><strong data-sourcepos=\"18:3-18:17\">Conteo de bocanadas<\/strong>: 36.000 bocanadas<\/p>\n<p><strong data-sourcepos=\"19:3-19:15\">E-l\u00edquido<\/strong>: 36ml precargado<\/p>\n<p><strong data-sourcepos=\"20:3-20:14\">Bater\u00eda<\/strong>: 850 mAh (recargable)<\/p>\n<p><strong data-sourcepos=\"21:3-21:15\">Nicotina<\/strong>: 0%\/2%\/3%\/5%<\/p>\n<p><strong data-sourcepos=\"22:3-22:14\">Mostrar<\/strong>: Pantalla inteligente de pantalla completa<\/p>\n<p><strong data-sourcepos=\"23:3-23:16\">Embalaje<\/strong>: 10 dispositivos\/caja<\/p>\n<p>&nbsp;<\/p>\n<h3><span style=\"font-size: 90%;\">El nivel | 36K de Bang 36000 Lce sopla Vape disponible <strong data-sourcepos=\"22:5-22:20\">Lista de sabores<\/strong><\/span><\/h3>\n<p>1.Sand\u00eda Fresa<\/p>\n<p>2.Hielo de sand\u00eda<\/p>\n<p>3.Amor 66<\/p>\n<p>4.Pi\u00f1a y coco<\/p>\n<p>5. Frambuesa de ar\u00e1ndano<\/p>\n<p>6.Sand\u00eda Fresa<\/p>\n<p>7.Hielo de fresa<\/p>\n<p>8.Hielo de ar\u00e1ndanos<\/p>\n<p>9.Triple baya<\/p>\n<p>10.kiwi fresa<\/p>\n<p>11. Mango de fresa<\/p>\n<p>12.Toro rojo<br \/>\n<img loading=\"lazy\" decoding=\"async\" class=\"alignnone wp-image-5359 size-full\" src=\"https:\/\/pgvape.com\/wp-content\/uploads\/2025\/11\/pgvape-Bang-36000-Lce-Level-36K-Puffs-Disposable-Vape-2.jpg\" alt=\"Conjunto de coloridos dispositivos de vapeo desechables de la marca &#039;Bang&#039; dispuestos en filas, cada uno con una peque\u00f1a pantalla digital, ilustraciones de personajes de dibujos animados y etiquetas de sabores como Strawberry Banana, Love66, Pineapple Coconut, Blueberry Raspberry, Strawberry Watermelon, Strawberry Ice, Blueberry Ice, Triple Berry, Strawberry Kiwi, Strawberry Mango, Red Bull y Watermelon Ice contra un fondo azul nublado.\" width=\"1500\" height=\"1232\" srcset=\"https:\/\/pgvape.com\/wp-content\/uploads\/2025\/11\/pgvape-Bang-36000-Lce-Level-36K-Puffs-Disposable-Vape-2.jpg 1500w, https:\/\/pgvape.com\/wp-content\/uploads\/2025\/11\/pgvape-Bang-36000-Lce-Level-36K-Puffs-Disposable-Vape-2-438x360.jpg 438w, https:\/\/pgvape.com\/wp-content\/uploads\/2025\/11\/pgvape-Bang-36000-Lce-Level-36K-Puffs-Disposable-Vape-2-595x489.jpg 595w, https:\/\/pgvape.com\/wp-content\/uploads\/2025\/11\/pgvape-Bang-36000-Lce-Level-36K-Puffs-Disposable-Vape-2-400x329.jpg 400w, https:\/\/pgvape.com\/wp-content\/uploads\/2025\/11\/pgvape-Bang-36000-Lce-Level-36K-Puffs-Disposable-Vape-2-768x631.jpg 768w, https:\/\/pgvape.com\/wp-content\/uploads\/2025\/11\/pgvape-Bang-36000-Lce-Level-36K-Puffs-Disposable-Vape-2-15x12.jpg 15w, https:\/\/pgvape.com\/wp-content\/uploads\/2025\/11\/pgvape-Bang-36000-Lce-Level-36K-Puffs-Disposable-Vape-2-600x493.jpg 600w, https:\/\/pgvape.com\/wp-content\/uploads\/2025\/11\/pgvape-Bang-36000-Lce-Level-36K-Puffs-Disposable-Vape-2-49x40.jpg 49w\" sizes=\"auto, (max-width: 1500px) 100vw, 1500px\" \/><\/p>\n<p>&nbsp;<\/p>\n<h3><span style=\"font-size: 90%;\">El nivel | 36K de Bang 36000 Lce sopla Vape disponible <strong>Video<\/strong>:<\/span><\/h3>\n<p>&nbsp;<\/p>\n<h2>Preguntas frecuentes sobre Bang 36000 Lce Level | 36K Puffs Vape desechable<\/h2>\n<p data-sourcepos=\"39:1-40:96\">\u2753 <strong data-sourcepos=\"39:3-39:46\">\u00bfC\u00f3mo funciona el nivel de hielo ajustable?<\/strong><br \/>\n\u2705 Elija su intensidad de enfriamiento preferida entre <strong data-sourcepos=\"40:48-40:67\">leve a extremo<\/strong> para una satisfacci\u00f3n personalizada.<\/p>\n<p data-sourcepos=\"42:1-43:81\">\u2753 <strong data-sourcepos=\"42:3-42:43\">\u00bfQu\u00e9 opciones de nicotina est\u00e1n disponibles?<\/strong><br \/>\n\u2705 Selecciona entre <strong data-sourcepos=\"43:15-43:32\">0% (sin NIC)<\/strong>, <strong data-sourcepos=\"43:34-43:47\">2% (20 mg)<\/strong>, <strong data-sourcepos=\"43:49-43:62\">3% (30 mg)<\/strong>, o <strong data-sourcepos=\"43:67-43:80\">5% (50 mg)<\/strong>.<\/p>\n<p data-sourcepos=\"45:1-46:64\">\u2753 <strong data-sourcepos=\"45:3-45:38\">\u00bfCu\u00e1nto dura la bater\u00eda?<\/strong><br \/>\n\u2705 El <strong data-sourcepos=\"46:7-46:25\">bater\u00eda de 850mah<\/strong> Proporciona un uso prolongado entre cargas.<\/p>\n<p data-sourcepos=\"48:1-49:86\">\u2753 <strong data-sourcepos=\"48:3-48:30\">\u00bfEs \u00fatil la pantalla?<br \/>\n<\/strong> \u2705 El <strong data-sourcepos=\"49:7-49:30\">visualizaci\u00f3n en pantalla completa<\/strong> muestra claramente <strong data-sourcepos=\"49:45-49:61\">duraci\u00f3n de la bater\u00eda<\/strong> y <strong data-sourcepos=\"49:66-49:85\">niveles de e-l\u00edquido<\/strong>.<\/p>\n<p data-sourcepos=\"51:1-52:90\">\u2753 <strong data-sourcepos=\"51:3-51:38\">\u00bfQu\u00e9 sabores son los m\u00e1s populares?<br \/>\n<\/strong> \u2705 <strong data-sourcepos=\"52:3-52:28\">Sand\u00eda Fresa<\/strong>, <strong data-sourcepos=\"52:30-52:48\">Hielo de sand\u00eda<\/strong>, y <strong data-sourcepos=\"52:54-52:66\">toro rojo<\/strong> son los favoritos de los clientes.<\/p>\n<p>&nbsp;<\/p>\n<h3 id=\"brxe-najhln\" class=\"brxe-heading\">Preguntas frecuentes (FAQ)<\/h3>\n<div id=\"brxe-rajiac\" class=\"brxe-text\">\n<p><strong>P: \u00bfQu\u00e9 m\u00e9todos de pago aceptan?<\/strong><br \/>\nR: Aceptamos PayPal, Stripe, transferencias bancarias (compatibles con SEPA), las principales tarjetas de cr\u00e9dito (Visa, MasterCard, American Express) y pagos con criptomonedas.<\/p>\n<p><strong>P: \u00bfCu\u00e1nto tiempo lleva la preparaci\u00f3n del pedido?<\/strong><br \/>\nR: La preparaci\u00f3n del pedido demora entre 1 y 3 d\u00edas h\u00e1biles.<\/p>\n<p><strong>P: \u00bfCu\u00e1l es el tiempo de env\u00edo?<\/strong><br \/>\nR: El tiempo de env\u00edo es de 7 a 14 d\u00edas h\u00e1biles, seg\u00fan su ubicaci\u00f3n.<\/p>\n<p><strong>P: \u00bfC\u00f3mo puedo realizar un seguimiento de mi pedido?<\/strong><br \/>\nR: Despu\u00e9s del env\u00edo, recibir\u00e1 un correo electr\u00f3nico de confirmaci\u00f3n con un n\u00famero de seguimiento para realizar un seguimiento en tiempo real.<\/p>\n<p><strong>P: \u00bfCu\u00e1l es su pol\u00edtica de devoluci\u00f3n?<\/strong><br \/>\nR: Ofrecemos una pol\u00edtica de devoluci\u00f3n de 30 d\u00edas para reembolsos o cambios. .<\/p>\n<p><strong>P: \u00bfHabr\u00e1 alg\u00fan problema aduanero?<br \/>\n<\/strong>Nos encargamos de todos los procedimientos de despacho de aduanas para garantizarle una experiencia sin complicaciones. .<\/p>\n<p><strong>P: \u00bfQu\u00e9 m\u00e9todos de env\u00edo se utilizan?<\/strong><br \/>\nCooperamos con UPS\/DHL\/FEDEX\/DPD, etc. Elegiremos la opci\u00f3n de env\u00edo adecuada seg\u00fan el pa\u00eds de entrega para asegurarnos de que reciba sus productos lo m\u00e1s r\u00e1pido posible.<\/p>\n<p><a href=\"https:\/\/pgvape.com\/es\/preguntas-frecuentes\/\">Haga clic aqu\u00ed para m\u00e1s preguntas frecuentes<\/a><\/p>\n<p>Estimados clientes: Si tienen alguna pregunta sobre su pedido o la llegada de la mercanc\u00eda, comun\u00edquese con nuestro servicio de atenci\u00f3n al cliente. \u00a1Gracias!<\/p>\n<h3 data-sourcepos=\"73:1-73:21\"><strong data-sourcepos=\"73:7-73:21\">Cont\u00e1ctenos<\/strong><\/h3>\n<div id=\"text-2419739398\" class=\"text\">\n<p><strong data-sourcepos=\"75:3-75:12\">Correo electr\u00f3nico<\/strong>:\u00a0<a href=\"mailto:support@pgvape.com\"><strong>support@pgvape.com<\/strong><\/a><\/p>\n<p><strong data-sourcepos=\"76:3-76:15\">WhatsApp<\/strong>:\u00a0<a href=\"https:\/\/wa.me\/+8618128481258\"><strong>+86 18128481258<\/strong><\/a><br \/>\n<strong>(Respuesta dentro de las 24 horas en d\u00edas h\u00e1biles)<\/strong><\/p>\n<\/div>\n<h3><strong>\u00a1Gracias por elegir pgvape.com! .<\/strong><\/h3>\n<\/div>","protected":false},"excerpt":{"rendered":"<p><strong data-sourcepos=\"55:5-55:29\">Nivel de hielo Bang 36000<\/strong> ofertas <strong data-sourcepos=\"55:37-55:64\">personalizaci\u00f3n inigualable<\/strong> con <strong data-sourcepos=\"55:70-55:92\">enfriamiento ajustable<\/strong>, <strong data-sourcepos=\"55:94-55:110\">36.000 bocanadas<\/strong>, y <strong data-sourcepos=\"55:116-55:138\">11 sabores premium<\/strong> \u2013 perfecto para vapers que quieren <strong data-sourcepos=\"55:169-55:194\">control y longevidad<\/strong>.<\/p>","protected":false},"featured_media":5360,"comment_status":"open","ping_status":"closed","template":"","meta":{"_seopress_robots_primary_cat":"none","_seopress_titles_title":"%%post_title%% %%sep%% %%sitetitle%%","_seopress_titles_desc":"","_seopress_robots_index":""},"product_brand":[36,516],"product_cat":[398,25,515],"product_tag":[400,429,90,430,264,204],"class_list":{"0":"post-5375","1":"product","2":"type-product","3":"status-publish","4":"has-post-thumbnail","6":"product_brand-bang-vape","7":"product_brand-disposable-vape","8":"product_cat-36k-puffs-vape","9":"product_cat-bang-vape","10":"product_cat-disposable-vape","11":"product_tag-36k-puffs-vape","12":"product_tag-bang-36000","13":"product_tag-disposable-vape","14":"product_tag-lce-level","15":"product_tag-smart-full-screen","16":"product_tag-vape-factory-direct","18":"first","19":"instock","20":"sale","21":"shipping-taxable","22":"purchasable","23":"product-type-variable"},"_links":{"self":[{"href":"https:\/\/pgvape.com\/es\/wp-json\/wp\/v2\/product\/5375","targetHints":{"allow":["GET"]}}],"collection":[{"href":"https:\/\/pgvape.com\/es\/wp-json\/wp\/v2\/product"}],"about":[{"href":"https:\/\/pgvape.com\/es\/wp-json\/wp\/v2\/types\/product"}],"replies":[{"embeddable":true,"href":"https:\/\/pgvape.com\/es\/wp-json\/wp\/v2\/comments?post=5375"}],"wp:featuredmedia":[{"embeddable":true,"href":"https:\/\/pgvape.com\/es\/wp-json\/wp\/v2\/media\/5360"}],"wp:attachment":[{"href":"https:\/\/pgvape.com\/es\/wp-json\/wp\/v2\/media?parent=5375"}],"wp:term":[{"taxonomy":"product_brand","embeddable":true,"href":"https:\/\/pgvape.com\/es\/wp-json\/wp\/v2\/product_brand?post=5375"},{"taxonomy":"product_cat","embeddable":true,"href":"https:\/\/pgvape.com\/es\/wp-json\/wp\/v2\/product_cat?post=5375"},{"taxonomy":"product_tag","embeddable":true,"href":"https:\/\/pgvape.com\/es\/wp-json\/wp\/v2\/product_tag?post=5375"}],"curies":[{"name":"wp","href":"https:\/\/api.w.org\/{rel}","templated":true}]}}