{"id":5271,"date":"2025-11-02T11:17:07","date_gmt":"2025-11-02T11:17:07","guid":{"rendered":"https:\/\/pgvape.com\/?post_type=product&#038;p=5271"},"modified":"2025-12-15T12:06:05","modified_gmt":"2025-12-15T12:06:05","slug":"vozol-neon-45000-45k-sopla-fabrica-elegante-del-vape-de-la-exhibicion-del-vape-disponible-del-nivel-de-hielo-ajustable-4-directo","status":"publish","type":"product","link":"https:\/\/pgvape.com\/es\/producto\/vozol-neon-45000-45k-sopla-fabrica-elegante-del-vape-de-la-exhibicion-del-vape-disponible-del-nivel-de-hielo-ajustable-4-directo\/","title":{"rendered":"Vozol Neon 45000 45K sopla f\u00e1brica elegante disponible de Vape de Vape del nivel de hielo ajustable 4 directo de f\u00e1brica"},"content":{"rendered":"<p><strong><span style=\"font-size: 90%;\">Vozol Ne\u00f3n <\/span><\/strong><strong style=\"font-size: 14.4px;\" data-sourcepos=\"4:5-4:23\">45K<\/strong><span style=\"font-size: 14.4px;\"> Redefine el vapeo con <\/span><strong style=\"font-size: 14.4px;\" data-sourcepos=\"4:46-4:73\">45.000 bocanadas ultralargas<\/strong><span style=\"font-size: 14.4px;\">, <\/span><strong style=\"font-size: 14.4px;\" data-sourcepos=\"4:75-4:100\">Niveles de hielo ajustables<\/strong><span style=\"font-size: 14.4px;\">, Y <\/span><strong style=\"font-size: 14.4px;\" data-sourcepos=\"4:106-4:136\">Control dual de potencia\/flujo de aire<\/strong><span style=\"font-size: 14.4px;\">. <\/span><strong style=\"font-size: 14.4px;\" data-sourcepos=\"4:151-4:182\">Bater\u00eda recargable de 800 mAh.<\/strong><span style=\"font-size: 14.4px;\">, <\/span><strong style=\"font-size: 14.4px;\" data-sourcepos=\"4:184-4:208\">Tecnolog\u00eda de bobina de malla<\/strong><span style=\"font-size: 14.4px;\">, Y <\/span><strong style=\"font-size: 14.4px;\" data-sourcepos=\"4:214-4:231\">Pantalla inteligente<\/strong><span style=\"font-size: 14.4px;\">, Este dispositivo ofrece <\/span><strong style=\"font-size: 14.4px;\" data-sourcepos=\"4:254-4:297\">Intensidad de sabor y enfriamiento personalizable<\/strong><span style=\"font-size: 14.4px;\"> Para una experiencia verdaderamente personalizada.<img loading=\"lazy\" decoding=\"async\" class=\"alignnone wp-image-5294 size-full\" src=\"https:\/\/pgvape.com\/wp-content\/uploads\/2025\/11\/pgvape-Vozol-Neon-45000-45K-Puffs-Adjustable-4-Ice-Level-Disposable-Vape-5.jpg\" alt=\"\" width=\"1800\" height=\"742\" srcset=\"https:\/\/pgvape.com\/wp-content\/uploads\/2025\/11\/pgvape-Vozol-Neon-45000-45K-Puffs-Adjustable-4-Ice-Level-Disposable-Vape-5.jpg 1800w, https:\/\/pgvape.com\/wp-content\/uploads\/2025\/11\/pgvape-Vozol-Neon-45000-45K-Puffs-Adjustable-4-Ice-Level-Disposable-Vape-5-555x229.jpg 555w, https:\/\/pgvape.com\/wp-content\/uploads\/2025\/11\/pgvape-Vozol-Neon-45000-45K-Puffs-Adjustable-4-Ice-Level-Disposable-Vape-5-595x245.jpg 595w, https:\/\/pgvape.com\/wp-content\/uploads\/2025\/11\/pgvape-Vozol-Neon-45000-45K-Puffs-Adjustable-4-Ice-Level-Disposable-Vape-5-400x165.jpg 400w, https:\/\/pgvape.com\/wp-content\/uploads\/2025\/11\/pgvape-Vozol-Neon-45000-45K-Puffs-Adjustable-4-Ice-Level-Disposable-Vape-5-768x317.jpg 768w, https:\/\/pgvape.com\/wp-content\/uploads\/2025\/11\/pgvape-Vozol-Neon-45000-45K-Puffs-Adjustable-4-Ice-Level-Disposable-Vape-5-1536x633.jpg 1536w, https:\/\/pgvape.com\/wp-content\/uploads\/2025\/11\/pgvape-Vozol-Neon-45000-45K-Puffs-Adjustable-4-Ice-Level-Disposable-Vape-5-18x7.jpg 18w, https:\/\/pgvape.com\/wp-content\/uploads\/2025\/11\/pgvape-Vozol-Neon-45000-45K-Puffs-Adjustable-4-Ice-Level-Disposable-Vape-5-600x247.jpg 600w, https:\/\/pgvape.com\/wp-content\/uploads\/2025\/11\/pgvape-Vozol-Neon-45000-45K-Puffs-Adjustable-4-Ice-Level-Disposable-Vape-5-60x25.jpg 60w\" sizes=\"auto, (max-width: 1800px) 100vw, 1800px\" \/><\/span><\/p>\n<p>&nbsp;<\/p>\n<h2><span style=\"font-size: 90%;\">Vozol Neon 45000 45K Puffs Vape desechable con 4 niveles de hielo ajustables <strong data-sourcepos=\"10:5-10:31\">Presupuesto<\/strong><\/span><\/h2>\n<p><strong data-sourcepos=\"7:3-7:17\">Conteo de bocanadas<\/strong>:\u00a0<strong data-sourcepos=\"7:19-7:35\">45.000 bocanadas<\/strong>\u00a0(Capacidad l\u00edder en la industria)<\/p>\n<p><strong data-sourcepos=\"8:3-8:15\">E-l\u00edquido<\/strong>:\u00a0<strong data-sourcepos=\"8:17-8:31\">Precargado<\/strong>\u00a0(NM exacto no especificado)<\/p>\n<p><strong data-sourcepos=\"9:3-9:14\">Bater\u00eda<\/strong>:\u00a0<strong data-sourcepos=\"9:16-9:48\">Recargable de 800 MAH (Tipo C)<\/strong><\/p>\n<p><strong data-sourcepos=\"10:3-10:11\">Bobina<\/strong>:\u00a0<strong data-sourcepos=\"10:13-10:32\">Tecnolog\u00eda de malla<\/strong>\u00a0(Sabor y vapor mejorados)<\/p>\n<p><strong data-sourcepos=\"11:3-11:15\">Nicotina<\/strong>:\u00a0<strong data-sourcepos=\"11:17-11:30\">5% (50MG)<\/strong><\/p>\n<p><strong data-sourcepos=\"12:3-12:22\">Control de enfriamiento<\/strong>:\u00a0<strong data-sourcepos=\"12:24-12:51\">4 niveles de hielo ajustables<\/strong><\/p>\n<p><strong data-sourcepos=\"13:3-13:20\">Personalizaci\u00f3n<\/strong>:\u00a0<strong data-sourcepos=\"13:22-13:61\">3 niveles de potencia + ajuste del flujo de aire<\/strong><\/p>\n<p><strong data-sourcepos=\"14:3-14:14\">Mostrar<\/strong>:\u00a0<strong data-sourcepos=\"14:16-14:32\">Pantalla inteligente<\/strong>\u00a0(Monitoreo de bater\u00eda y l\u00edquido electr\u00f3nico)<\/p>\n<p>&nbsp;<\/p>\n<h3><span style=\"font-size: 90%;\">Vozol Neon 45000 45K Puffs Vape desechable con 4 niveles de hielo ajustables <strong data-sourcepos=\"22:5-22:20\">Lista de sabores<\/strong><\/span><\/h3>\n<p><strong data-sourcepos=\"17:4-17:25\">1.Berry, cereza y lima<\/strong><\/p>\n<p><strong data-sourcepos=\"18:4-18:18\">2.Menta de bayas<\/strong><\/p>\n<p><strong data-sourcepos=\"19:4-19:21\">3. Hielo azul Razz<\/strong><\/p>\n<p><strong data-sourcepos=\"20:4-20:28\">4.Sand\u00eda de ar\u00e1ndanos<\/strong><\/p>\n<p><strong data-sourcepos=\"21:4-21:19\">5.Cola de cereza<\/strong><\/p>\n<p><strong data-sourcepos=\"22:4-22:21\">6.Cherry Strazz<\/strong><\/p>\n<p><strong data-sourcepos=\"23:4-23:21\">7.Hielo de ar\u00e1ndano<\/strong><\/p>\n<p><strong data-sourcepos=\"24:4-24:34\">8.Fruta del drag\u00f3n, pl\u00e1tano y cereza<\/strong><\/p>\n<p><strong data-sourcepos=\"25:4-25:30\">9.Kiwi de fresa congelado<\/strong><\/p>\n<p><strong data-sourcepos=\"26:5-26:18\">10.Hielo de uva<\/strong><\/p>\n<p><strong data-sourcepos=\"27:5-27:36\">11.Para\u00edso de la pi\u00f1a hawaiana<\/strong><\/p>\n<p><strong data-sourcepos=\"28:5-28:17\">12.Amor 777<\/strong><\/p>\n<p><strong data-sourcepos=\"29:5-29:36\">13. Lichi Naranja Maracuy\u00e1<\/strong><\/p>\n<p><strong data-sourcepos=\"30:5-30:22\">14.Asesino de doncellas<\/strong><\/p>\n<p><strong data-sourcepos=\"31:5-31:18\">15. Hielo de mango<\/strong><\/p>\n<p><strong data-sourcepos=\"32:5-32:19\">16.Casa de la Moneda de Miami<\/strong><\/p>\n<p><strong data-sourcepos=\"33:5-33:22\">17.Bayas mixtas<\/strong><\/p>\n<p><strong data-sourcepos=\"34:5-34:18\">18.Hielo de melocot\u00f3n<\/strong><\/p>\n<p><strong data-sourcepos=\"35:5-35:23\">19.Hielo de manzana agria<\/strong><\/p>\n<p><strong data-sourcepos=\"36:5-36:29\">20.Pi\u00f1a con mango agrio<\/strong><\/p>\n<p><strong data-sourcepos=\"37:5-37:26\">21.Pl\u00e1tano y fresa<\/strong><\/p>\n<p><strong data-sourcepos=\"38:5-38:29\">22 Margarita de fresa<\/strong><\/p>\n<p><strong data-sourcepos=\"39:5-39:15\">23.VZbull<\/strong><\/p>\n<p><strong data-sourcepos=\"40:5-40:23\">24.Hielo de sand\u00eda<\/strong><\/p>\n<p><strong data-sourcepos=\"41:5-41:32\">25.Ranchero de sand\u00eda Razz<\/strong><\/p>\n<p><strong data-sourcepos=\"42:5-42:30\">26. Melocot\u00f3n agrio de sand\u00eda<br \/>\n<img loading=\"lazy\" decoding=\"async\" class=\"alignnone wp-image-5293 size-full\" src=\"https:\/\/pgvape.com\/wp-content\/uploads\/2025\/11\/pgvape-Vozol-Neon-45000-45K-Puffs-Adjustable-4-Ice-Level-Disposable-Vape-4.jpg\" alt=\"Cuadr\u00edcula estilo p\u00f3ster que muestra dispositivos de vapeo desechables Vozol Neon 45000 con un dise\u00f1o de patr\u00f3n azul agrietado en varios colores, cada uno etiquetado con un sabor de fruta o hielo (por ejemplo, Cranberry Ice, Berry Mint, Frozen Strawberry Kiwi, Mango Ice, Cherry Cola, Blue Razz Ice, Lychee Orange Passion Fruit, Dragon Fruit Banana Cherry, Grape Ice, Sour Apple, Peach Ice y muchos otros), logotipos de la marca en la parte superior y especificaciones del producto en la parte inferior (hasta .\" width=\"1280\" height=\"1810\" srcset=\"https:\/\/pgvape.com\/wp-content\/uploads\/2025\/11\/pgvape-Vozol-Neon-45000-45K-Puffs-Adjustable-4-Ice-Level-Disposable-Vape-4.jpg 1280w, https:\/\/pgvape.com\/wp-content\/uploads\/2025\/11\/pgvape-Vozol-Neon-45000-45K-Puffs-Adjustable-4-Ice-Level-Disposable-Vape-4-255x360.jpg 255w, https:\/\/pgvape.com\/wp-content\/uploads\/2025\/11\/pgvape-Vozol-Neon-45000-45K-Puffs-Adjustable-4-Ice-Level-Disposable-Vape-4-595x841.jpg 595w, https:\/\/pgvape.com\/wp-content\/uploads\/2025\/11\/pgvape-Vozol-Neon-45000-45K-Puffs-Adjustable-4-Ice-Level-Disposable-Vape-4-283x400.jpg 283w, https:\/\/pgvape.com\/wp-content\/uploads\/2025\/11\/pgvape-Vozol-Neon-45000-45K-Puffs-Adjustable-4-Ice-Level-Disposable-Vape-4-768x1086.jpg 768w, https:\/\/pgvape.com\/wp-content\/uploads\/2025\/11\/pgvape-Vozol-Neon-45000-45K-Puffs-Adjustable-4-Ice-Level-Disposable-Vape-4-1086x1536.jpg 1086w, https:\/\/pgvape.com\/wp-content\/uploads\/2025\/11\/pgvape-Vozol-Neon-45000-45K-Puffs-Adjustable-4-Ice-Level-Disposable-Vape-4-8x12.jpg 8w, https:\/\/pgvape.com\/wp-content\/uploads\/2025\/11\/pgvape-Vozol-Neon-45000-45K-Puffs-Adjustable-4-Ice-Level-Disposable-Vape-4-600x848.jpg 600w, https:\/\/pgvape.com\/wp-content\/uploads\/2025\/11\/pgvape-Vozol-Neon-45000-45K-Puffs-Adjustable-4-Ice-Level-Disposable-Vape-4-28x40.jpg 28w\" sizes=\"auto, (max-width: 1280px) 100vw, 1280px\" \/><br \/>\n<\/strong><\/p>\n<p>&nbsp;<\/p>\n<h3><span style=\"font-size: 90%;\">Vozol Neon 45000 45K Puffs Vape desechable con 4 niveles de hielo ajustables <strong>Video<\/strong>:<\/span><\/h3>\n<p>&nbsp;<\/p>\n<h2>Preguntas frecuentes sobre Vozol Neon 45000 45K Puffs Vape desechable con 4 niveles de hielo ajustables<\/h2>\n<p data-sourcepos=\"45:1-46:78\">\u2753 <strong data-sourcepos=\"45:3-45:40\">\u00bfC\u00f3mo funciona el hielo ajustable?<\/strong><br \/>\n\u2705 Elige entre <strong data-sourcepos=\"46:15-46:35\">4 niveles de enfriamiento<\/strong> Para personalizar tu <strong data-sourcepos=\"46:54-46:75\">Sensaci\u00f3n de mentol<\/strong>.<\/p>\n<p data-sourcepos=\"48:1-49:79\">\u2753 <strong data-sourcepos=\"48:3-48:40\">\u00bfQu\u00e9 hace posibles 45.000 inhalaciones?<\/strong><br \/>\n\u2705 <strong data-sourcepos=\"49:3-49:29\">E-l\u00edquido de alta capacidad<\/strong> + <strong data-sourcepos=\"49:32-49:55\">Bobina de malla eficiente<\/strong> + <strong data-sourcepos=\"49:58-49:76\">Bater\u00eda de 800MAH<\/strong>.<\/p>\n<p data-sourcepos=\"51:1-52:81\">\u2753 <strong data-sourcepos=\"51:3-51:37\">\u00bfPuedo ajustar la producci\u00f3n de vapor?<\/strong><br \/>\n\u2705 \u00a1S\u00ed! <strong data-sourcepos=\"52:8-52:26\">3 niveles de potencia<\/strong> + <strong data-sourcepos=\"52:29-52:48\">Control del flujo de aire<\/strong> Para <strong data-sourcepos=\"52:53-52:78\">Personalizaci\u00f3n MTL\/DTL<\/strong>.<\/p>\n<p data-sourcepos=\"54:1-55:77\">\u2753 <strong data-sourcepos=\"54:3-54:30\">\u00bfEs \u00fatil la pantalla?<br \/>\n<\/strong> \u2705 El <strong data-sourcepos=\"55:7-55:23\">Pantalla inteligente<\/strong> Espect\u00e1culos <strong data-sourcepos=\"55:30-55:74\">Bater\u00eda en tiempo real % y E-l\u00edquido restante<\/strong>.<\/p>\n<p data-sourcepos=\"57:1-58:82\">\u2753 <strong data-sourcepos=\"57:3-57:38\">\u00bfQu\u00e9 sabores son los m\u00e1s populares?<\/strong><br \/>\n\u2705 <strong data-sourcepos=\"58:3-58:20\">Hielo Razz Azul<\/strong>, <strong data-sourcepos=\"58:22-58:40\">Hielo de sand\u00eda<\/strong>, Y <strong data-sourcepos=\"58:46-58:56\">VZbull<\/strong> Son los favoritos de los clientes.<\/p>\n<p>&nbsp;<\/p>\n<h3 id=\"brxe-najhln\" class=\"brxe-heading\">Preguntas frecuentes (FAQ)<\/h3>\n<div id=\"brxe-rajiac\" class=\"brxe-text\">\n<p><strong>P: \u00bfQu\u00e9 m\u00e9todos de pago aceptan?<\/strong><br \/>\nR: Aceptamos PayPal, Stripe, transferencias bancarias (compatibles con SEPA), las principales tarjetas de cr\u00e9dito (Visa, MasterCard, American Express) y pagos con criptomonedas.<\/p>\n<p><strong>P: \u00bfCu\u00e1nto tiempo lleva la preparaci\u00f3n del pedido?<\/strong><br \/>\nR: La preparaci\u00f3n del pedido demora entre 1 y 3 d\u00edas h\u00e1biles.<\/p>\n<p><strong>P: \u00bfCu\u00e1l es el tiempo de env\u00edo?<\/strong><br \/>\nR: El tiempo de env\u00edo es de 7 a 14 d\u00edas h\u00e1biles, seg\u00fan su ubicaci\u00f3n.<\/p>\n<p><strong>P: \u00bfC\u00f3mo puedo realizar un seguimiento de mi pedido?<\/strong><br \/>\nR: Despu\u00e9s del env\u00edo, recibir\u00e1 un correo electr\u00f3nico de confirmaci\u00f3n con un n\u00famero de seguimiento para realizar un seguimiento en tiempo real.<\/p>\n<p><strong>P: \u00bfCu\u00e1l es su pol\u00edtica de devoluci\u00f3n?<\/strong><br \/>\nR: Ofrecemos una pol\u00edtica de devoluci\u00f3n de 30 d\u00edas para reembolsos o cambios. .<\/p>\n<p><strong>P: \u00bfHabr\u00e1 alg\u00fan problema aduanero?<br \/>\n<\/strong>Nos encargamos de todos los procedimientos de despacho de aduanas para garantizarle una experiencia sin complicaciones. .<\/p>\n<p><strong>P: \u00bfQu\u00e9 m\u00e9todos de env\u00edo se utilizan?<\/strong><br \/>\nCooperamos con UPS\/DHL\/FEDEX\/DPD, etc. Elegiremos la opci\u00f3n de env\u00edo adecuada seg\u00fan el pa\u00eds de entrega para asegurarnos de que reciba sus productos lo m\u00e1s r\u00e1pido posible.<\/p>\n<p><a href=\"https:\/\/pgvape.com\/es\/preguntas-frecuentes\/\">Haga clic aqu\u00ed para m\u00e1s preguntas frecuentes<\/a><\/p>\n<p>Estimados clientes: Si tienen alguna pregunta sobre su pedido o la llegada de la mercanc\u00eda, comun\u00edquese con nuestro servicio de atenci\u00f3n al cliente. \u00a1Gracias!<\/p>\n<h3 data-sourcepos=\"73:1-73:21\"><strong data-sourcepos=\"73:7-73:21\">Cont\u00e1ctenos<\/strong><\/h3>\n<div id=\"text-2419739398\" class=\"text\">\n<p><strong data-sourcepos=\"75:3-75:12\">Correo electr\u00f3nico<\/strong>:\u00a0<a href=\"mailto:support@pgvape.com\"><strong>support@pgvape.com<\/strong><\/a><\/p>\n<p><strong data-sourcepos=\"76:3-76:15\">WhatsApp<\/strong>:\u00a0<a href=\"https:\/\/wa.me\/+8618128481258\"><strong>+86 18128481258<\/strong><\/a><br \/>\n<strong>(Respuesta dentro de las 24 horas en d\u00edas h\u00e1biles)<\/strong><\/p>\n<\/div>\n<h3><strong>\u00a1Gracias por elegir pgvape.com! .<\/strong><\/h3>\n<\/div>","protected":false},"excerpt":{"rendered":"<p><strong data-sourcepos=\"61:5-61:23\">Vozol Ne\u00f3n 45K<\/strong> Ofertas <strong data-sourcepos=\"61:31-61:58\">Personalizaci\u00f3n inigualable<\/strong> Con <strong data-sourcepos=\"61:64-61:96\">Hielo\/potencia\/flujo de aire ajustables<\/strong>, <strong data-sourcepos=\"61:98-61:114\">45.000 bocanadas<\/strong>, Y <strong data-sourcepos=\"61:120-61:134\">25 sabores<\/strong> \u2013 Perfecto para vapeadores que exigen <strong data-sourcepos=\"61:167-61:192\">Precisi\u00f3n y longevidad<\/strong>.<\/p>","protected":false},"featured_media":5292,"comment_status":"open","ping_status":"closed","template":"","meta":{"_seopress_robots_primary_cat":"none","_seopress_titles_title":"%%post_title%% %%sep%% %%sitetitle%%","_seopress_titles_desc":"","_seopress_robots_index":""},"product_brand":[516,411],"product_cat":[308,515,410],"product_tag":[310,426,90,203,136,204,427],"class_list":{"0":"post-5271","1":"product","2":"type-product","3":"status-publish","4":"has-post-thumbnail","6":"product_brand-disposable-vape","7":"product_brand-vozol-vape","8":"product_cat-45k-puffs-vape","9":"product_cat-disposable-vape","10":"product_cat-vozol-vape","11":"product_tag-45k-puffs-vape","12":"product_tag-adjustable-4-ice-level","13":"product_tag-disposable-vape","14":"product_tag-shipment-from-eu","15":"product_tag-smart-screen","16":"product_tag-vape-factory-direct","17":"product_tag-vozol-neon-45000","19":"first","20":"instock","21":"sale","22":"shipping-taxable","23":"purchasable","24":"product-type-variable"},"_links":{"self":[{"href":"https:\/\/pgvape.com\/es\/wp-json\/wp\/v2\/product\/5271","targetHints":{"allow":["GET"]}}],"collection":[{"href":"https:\/\/pgvape.com\/es\/wp-json\/wp\/v2\/product"}],"about":[{"href":"https:\/\/pgvape.com\/es\/wp-json\/wp\/v2\/types\/product"}],"replies":[{"embeddable":true,"href":"https:\/\/pgvape.com\/es\/wp-json\/wp\/v2\/comments?post=5271"}],"wp:featuredmedia":[{"embeddable":true,"href":"https:\/\/pgvape.com\/es\/wp-json\/wp\/v2\/media\/5292"}],"wp:attachment":[{"href":"https:\/\/pgvape.com\/es\/wp-json\/wp\/v2\/media?parent=5271"}],"wp:term":[{"taxonomy":"product_brand","embeddable":true,"href":"https:\/\/pgvape.com\/es\/wp-json\/wp\/v2\/product_brand?post=5271"},{"taxonomy":"product_cat","embeddable":true,"href":"https:\/\/pgvape.com\/es\/wp-json\/wp\/v2\/product_cat?post=5271"},{"taxonomy":"product_tag","embeddable":true,"href":"https:\/\/pgvape.com\/es\/wp-json\/wp\/v2\/product_tag?post=5271"}],"curies":[{"name":"wp","href":"https:\/\/api.w.org\/{rel}","templated":true}]}}