{"id":5231,"date":"2025-11-02T09:49:42","date_gmt":"2025-11-02T09:49:42","guid":{"rendered":"https:\/\/pgvape.com\/?post_type=product&#038;p=5231"},"modified":"2025-12-15T12:06:23","modified_gmt":"2025-12-15T12:06:23","slug":"vozol-gear-power-20000-20k-sopla-directo-de-fabrica-elegante-de-pantalla-completa-del-vape-de-la-exhibicion-del-vape-disponible","status":"publish","type":"product","link":"https:\/\/pgvape.com\/es\/producto\/vozol-gear-power-20000-20k-sopla-directo-de-fabrica-elegante-de-pantalla-completa-del-vape-de-la-exhibicion-del-vape-disponible\/","title":{"rendered":"Vozol Gear Power 20000 20K sopla directo de f\u00e1brica elegante de pantalla completa de Vape de Vape de la exhibici\u00f3n"},"content":{"rendered":"<p><strong data-sourcepos=\"4:5-4:29\">Vozol Gear Power 20K<\/strong> Entrega <strong data-sourcepos=\"4:39-4:66\">20.000 bocanadas ultralargas<\/strong> Con <strong data-sourcepos=\"4:72-4:100\">E-l\u00edquido precargado de 20 ml<\/strong> y un <strong data-sourcepos=\"4:107-4:138\">Bater\u00eda recargable de 650 mAh.<\/strong>. <strong data-sourcepos=\"4:150-4:170\">Modos de energ\u00eda dual<\/strong>, <strong data-sourcepos=\"4:172-4:190\">Bobina de malla doble<\/strong>, Y <strong data-sourcepos=\"4:196-4:225\">Pantalla inteligente de pantalla completa<\/strong>, Este dispositivo ofrece <strong data-sourcepos=\"4:246-4:275\">Sabor suave y consistente<\/strong> Para una experiencia de vapeo inigualable.<\/p>\n<p>&nbsp;<\/p>\n<h2><span style=\"font-size: 90%;\">Vozol Gear Power 20000 | 20K inhala Vape desechable <strong data-sourcepos=\"10:5-10:31\">Presupuesto<\/strong><\/span><\/h2>\n<p><strong data-sourcepos=\"7:3-7:17\">Conteo de bocanadas<\/strong>:\u00a0<strong data-sourcepos=\"7:19-7:40\">20.000 (modo ecol\u00f3gico)<\/strong>\u00a0\/\u00a0<strong data-sourcepos=\"7:43-7:66\">12.000 (modo de energ\u00eda)<\/strong><\/p>\n<p><strong data-sourcepos=\"8:3-8:15\">E-l\u00edquido<\/strong>:\u00a0<strong data-sourcepos=\"8:17-8:45\">Capacidad precargada de 20 ml.<\/strong><\/p>\n<p><strong data-sourcepos=\"9:3-9:14\">Bater\u00eda<\/strong>:\u00a0<strong data-sourcepos=\"9:16-9:48\">Recargable de 650 MAH (Tipo C)<\/strong><\/p>\n<p><strong data-sourcepos=\"10:3-10:11\">Bobina<\/strong>:\u00a0<strong data-sourcepos=\"10:13-10:37\">Tecnolog\u00eda de doble malla<\/strong><\/p>\n<p><strong data-sourcepos=\"11:3-11:15\">Nicotina<\/strong>:\u00a0<strong data-sourcepos=\"11:17-11:30\">5% (50MG)<\/strong><\/p>\n<p><strong data-sourcepos=\"12:3-12:14\">Mostrar<\/strong>:\u00a0<strong data-sourcepos=\"12:16-12:45\">Pantalla inteligente de pantalla completa<\/strong><\/p>\n<p><strong data-sourcepos=\"13:3-13:17\">Tecnolog\u00eda<\/strong>:\u00a0<strong data-sourcepos=\"13:19-13:76\">Tecnolog\u00eda S.I.L.C (suave, id\u00e9ntica, duradera, limpia)<\/strong><\/p>\n<p>&nbsp;<\/p>\n<h3><span style=\"font-size: 90%;\">Vozol Gear Power 20000 | 20K inhala Vape desechable <strong data-sourcepos=\"22:5-22:20\">Lista de sabores<\/strong><\/span><\/h3>\n<p><strong data-sourcepos=\"16:4-16:22\">1.Hielo de sand\u00eda<\/strong><\/p>\n<p><strong data-sourcepos=\"17:4-17:17\">2.Hielo de uva<\/strong><\/p>\n<p><strong data-sourcepos=\"18:4-18:17\">3.Hielo de mango<\/strong><\/p>\n<p><strong data-sourcepos=\"19:4-19:24\">4.Doble hielo de manzana<\/strong><\/p>\n<p><strong data-sourcepos=\"20:4-20:16\">5.Fuego de lava<\/strong><\/p>\n<p><strong data-sourcepos=\"21:4-21:28\">6.Sand\u00eda Frambuesa<\/strong><\/p>\n<p><strong data-sourcepos=\"22:4-22:23\">7.kiwi fresa<\/strong><\/p>\n<p><strong data-sourcepos=\"23:4-23:34\">8.Mango Pi\u00f1a Pomelo<\/strong><\/p>\n<p><strong data-sourcepos=\"24:4-24:19\">9.Mojito azul<\/strong><\/p>\n<p><strong data-sourcepos=\"25:5-25:24\">10.Tormenta de ar\u00e1ndanos<\/strong><\/p>\n<p><strong data-sourcepos=\"26:5-26:22\">11. Hielo azul Razz<\/strong><\/p>\n<p><strong data-sourcepos=\"27:5-27:25\">12. Mango de fresa<\/strong><\/p>\n<p><strong data-sourcepos=\"28:5-28:19\">13.Lima Lim\u00f3n<\/strong><\/p>\n<p><strong data-sourcepos=\"29:5-29:24\">14.Limonada de cereza<\/strong><\/p>\n<p><strong data-sourcepos=\"30:5-30:22\">15.Bayas mixtas<\/strong><\/p>\n<p><strong data-sourcepos=\"31:5-31:30\">16.Sand\u00eda Fresa<\/strong><\/p>\n<p><strong data-sourcepos=\"32:5-32:18\">17.Hielo de melocot\u00f3n<\/strong><\/p>\n<p><strong data-sourcepos=\"33:5-33:16\">18.tabaco<\/strong><\/p>\n<p><strong data-sourcepos=\"34:5-34:19\">19. Menta Lim\u00f3n<\/strong><\/p>\n<p><strong data-sourcepos=\"35:5-35:35\">20.Fruta del drag\u00f3n, pl\u00e1tano y cereza<br \/>\n<img loading=\"lazy\" decoding=\"async\" class=\"alignnone wp-image-5236 size-full\" src=\"https:\/\/pgvape.com\/wp-content\/uploads\/2025\/11\/pgvape-Vozol-Gear-Power-20000-Puffs-Disposable-Vape-3.jpg\" alt=\"P\u00f3ster colorido de Vozol &#039;Gear Power 20000 Puffs&#039; que muestra 20 dispositivos de vapeo desechables dispuestos en filas con \u00edconos de sabores (afrutado, hielo, menta, tabaco), peque\u00f1as notas para los modos ECO\/POWER, etiquetas de 650 mAh y 0\/20\/50 mg\/ml y logotipos de marcas.\" width=\"1500\" height=\"1608\" srcset=\"https:\/\/pgvape.com\/wp-content\/uploads\/2025\/11\/pgvape-Vozol-Gear-Power-20000-Puffs-Disposable-Vape-3.jpg 1500w, https:\/\/pgvape.com\/wp-content\/uploads\/2025\/11\/pgvape-Vozol-Gear-Power-20000-Puffs-Disposable-Vape-3-336x360.jpg 336w, https:\/\/pgvape.com\/wp-content\/uploads\/2025\/11\/pgvape-Vozol-Gear-Power-20000-Puffs-Disposable-Vape-3-595x638.jpg 595w, https:\/\/pgvape.com\/wp-content\/uploads\/2025\/11\/pgvape-Vozol-Gear-Power-20000-Puffs-Disposable-Vape-3-373x400.jpg 373w, https:\/\/pgvape.com\/wp-content\/uploads\/2025\/11\/pgvape-Vozol-Gear-Power-20000-Puffs-Disposable-Vape-3-768x823.jpg 768w, https:\/\/pgvape.com\/wp-content\/uploads\/2025\/11\/pgvape-Vozol-Gear-Power-20000-Puffs-Disposable-Vape-3-1433x1536.jpg 1433w, https:\/\/pgvape.com\/wp-content\/uploads\/2025\/11\/pgvape-Vozol-Gear-Power-20000-Puffs-Disposable-Vape-3-11x12.jpg 11w, https:\/\/pgvape.com\/wp-content\/uploads\/2025\/11\/pgvape-Vozol-Gear-Power-20000-Puffs-Disposable-Vape-3-600x643.jpg 600w, https:\/\/pgvape.com\/wp-content\/uploads\/2025\/11\/pgvape-Vozol-Gear-Power-20000-Puffs-Disposable-Vape-3-37x40.jpg 37w\" sizes=\"auto, (max-width: 1500px) 100vw, 1500px\" \/><br \/>\n<\/strong><\/p>\n<p>&nbsp;<\/p>\n<h3><span style=\"font-size: 90%;\">Vozol Gear Power 20000 | 20K inhala Vape desechable <strong>Video<\/strong>:<\/span><\/h3>\n<p>&nbsp;<\/p>\n<h2>Preguntas frecuentes sobre Vozol Gear Power 20000 | 20K Puffs Vape desechable<\/h2>\n<p data-sourcepos=\"38:1-39:60\">\u2753 <strong data-sourcepos=\"38:3-38:38\">\u00bfCu\u00e1ntas bocanadas proporciona?<\/strong><br \/>\n\u2705 <strong data-sourcepos=\"39:3-39:31\">20.000 inhalaciones en modo ecol\u00f3gico<\/strong>, <strong data-sourcepos=\"39:33-39:57\">12.000 en modo de energ\u00eda<\/strong>.<\/p>\n<p data-sourcepos=\"41:1-42:50\">\u2753 <strong data-sourcepos=\"41:3-41:35\">\u00bfLa bater\u00eda es recargable?<\/strong><br \/>\n\u2705 S\u00ed, <strong data-sourcepos=\"42:8-42:47\">Bater\u00eda de 650 MAH con carga tipo C<\/strong>.<\/p>\n<p data-sourcepos=\"44:1-45:79\">\u2753 <strong data-sourcepos=\"44:3-44:44\">\u00bfQu\u00e9 hace que la calidad del vapor sea especial?<\/strong><br \/>\n\u2705 <strong data-sourcepos=\"45:3-45:22\">Bobinas de malla dual<\/strong> Entregar <strong data-sourcepos=\"45:31-45:50\">50% M\u00e1s Sabor<\/strong> Que los desechables est\u00e1ndar.<\/p>\n<p data-sourcepos=\"47:1-48:76\">\u2753 <strong data-sourcepos=\"47:3-47:32\">\u00bfPuedo realizar un seguimiento del uso f\u00e1cilmente?<\/strong><br \/>\n\u2705 S\u00ed, <strong data-sourcepos=\"48:8-48:37\">Pantalla inteligente de pantalla completa<\/strong> Espect\u00e1culos <strong data-sourcepos=\"48:44-48:73\">Niveles de bater\u00eda y l\u00edquido electr\u00f3nico<\/strong>.<\/p>\n<p data-sourcepos=\"50:1-51:84\">\u2753 <strong data-sourcepos=\"50:3-50:38\">\u00bfQu\u00e9 sabores son los m\u00e1s populares?<br \/>\n<\/strong> \u2705 <strong data-sourcepos=\"51:3-51:21\">Hielo de sand\u00eda<\/strong>, <strong data-sourcepos=\"51:23-51:40\">Hielo Razz Azul<\/strong>, Y <strong data-sourcepos=\"51:46-51:65\">kiwi fresa<\/strong> Son los m\u00e1s vendidos.<\/p>\n<p>&nbsp;<\/p>\n<h3 id=\"brxe-najhln\" class=\"brxe-heading\">Preguntas frecuentes (FAQ)<\/h3>\n<div id=\"brxe-rajiac\" class=\"brxe-text\">\n<p><strong>P: \u00bfQu\u00e9 m\u00e9todos de pago aceptan?<\/strong><br \/>\nR: Aceptamos PayPal, Stripe, transferencias bancarias (compatibles con SEPA), las principales tarjetas de cr\u00e9dito (Visa, MasterCard, American Express) y pagos con criptomonedas.<\/p>\n<p><strong>P: \u00bfCu\u00e1nto tiempo lleva la preparaci\u00f3n del pedido?<\/strong><br \/>\nR: La preparaci\u00f3n del pedido demora entre 1 y 3 d\u00edas h\u00e1biles.<\/p>\n<p><strong>P: \u00bfCu\u00e1l es el tiempo de env\u00edo?<\/strong><br \/>\nR: El tiempo de env\u00edo es de 7 a 14 d\u00edas h\u00e1biles, seg\u00fan su ubicaci\u00f3n.<\/p>\n<p><strong>P: \u00bfC\u00f3mo puedo realizar un seguimiento de mi pedido?<\/strong><br \/>\nR: Despu\u00e9s del env\u00edo, recibir\u00e1 un correo electr\u00f3nico de confirmaci\u00f3n con un n\u00famero de seguimiento para realizar un seguimiento en tiempo real.<\/p>\n<p><strong>P: \u00bfCu\u00e1l es su pol\u00edtica de devoluci\u00f3n?<\/strong><br \/>\nR: Ofrecemos una pol\u00edtica de devoluci\u00f3n de 30 d\u00edas para reembolsos o cambios. .<\/p>\n<p><strong>P: \u00bfHabr\u00e1 alg\u00fan problema aduanero?<br \/>\n<\/strong>Nos encargamos de todos los procedimientos de despacho de aduanas para garantizarle una experiencia sin complicaciones. .<\/p>\n<p><strong>P: \u00bfQu\u00e9 m\u00e9todos de env\u00edo se utilizan?<\/strong><br \/>\nCooperamos con UPS\/DHL\/FEDEX\/DPD, etc. Elegiremos la opci\u00f3n de env\u00edo adecuada seg\u00fan el pa\u00eds de entrega para asegurarnos de que reciba sus productos lo m\u00e1s r\u00e1pido posible.<\/p>\n<p><a href=\"https:\/\/pgvape.com\/es\/preguntas-frecuentes\/\">Haga clic aqu\u00ed para m\u00e1s preguntas frecuentes<\/a><\/p>\n<p>Estimados clientes: Si tienen alguna pregunta sobre su pedido o la llegada de la mercanc\u00eda, comun\u00edquese con nuestro servicio de atenci\u00f3n al cliente. \u00a1Gracias!<\/p>\n<h3 data-sourcepos=\"73:1-73:21\"><strong data-sourcepos=\"73:7-73:21\">Cont\u00e1ctenos<\/strong><\/h3>\n<div id=\"text-2419739398\" class=\"text\">\n<p><strong data-sourcepos=\"75:3-75:12\">Correo electr\u00f3nico<\/strong>:\u00a0<a href=\"mailto:support@pgvape.com\"><strong>support@pgvape.com<\/strong><\/a><\/p>\n<p><strong data-sourcepos=\"76:3-76:15\">WhatsApp<\/strong>:\u00a0<a href=\"https:\/\/wa.me\/+8618128481258\"><strong>+86 18128481258<\/strong><\/a><br \/>\n<strong>(Respuesta dentro de las 24 horas en d\u00edas h\u00e1biles)<\/strong><\/p>\n<\/div>\n<h3><strong>\u00a1Gracias por elegir pgvape.com! .<\/strong><\/h3>\n<\/div>","protected":false},"excerpt":{"rendered":"<p><strong data-sourcepos=\"4:5-4:29\">Vozol Gear Power 20K<\/strong> combina <strong data-sourcepos=\"54:39-54:55\">20.000 bocanadas<\/strong>, <strong data-sourcepos=\"54:57-54:77\">Modos de energ\u00eda dual<\/strong>, Y <strong data-sourcepos=\"54:83-54:97\">20 sabores<\/strong> en un <strong data-sourcepos=\"54:103-54:139\">Vape desechable de alto rendimiento<\/strong> Con <strong data-sourcepos=\"54:145-54:177\">Pantalla inteligente y tecnolog\u00eda S.I.L.C<\/strong>.<\/p>","protected":false},"featured_media":5234,"comment_status":"open","ping_status":"closed","template":"","meta":{"_seopress_robots_primary_cat":"none","_seopress_titles_title":"%%post_title%% %%sep%% %%sitetitle%%","_seopress_titles_desc":"","_seopress_robots_index":""},"product_brand":[516,411],"product_cat":[84,515,410],"product_tag":[367,90,424,203,204,423],"class_list":{"0":"post-5231","1":"product","2":"type-product","3":"status-publish","4":"has-post-thumbnail","6":"product_brand-disposable-vape","7":"product_brand-vozol-vape","8":"product_cat-20k-puffs-vape","9":"product_cat-disposable-vape","10":"product_cat-vozol-vape","11":"product_tag-20k-puffs-vape","12":"product_tag-disposable-vape","13":"product_tag-full-screen-smart-display","14":"product_tag-shipment-from-eu","15":"product_tag-vape-factory-direct","16":"product_tag-vozol-gear-power-20000","17":"product_shipping_class-overseas-warehouse","19":"first","20":"outofstock","21":"sale","22":"shipping-taxable","23":"purchasable","24":"product-type-variable"},"_links":{"self":[{"href":"https:\/\/pgvape.com\/es\/wp-json\/wp\/v2\/product\/5231","targetHints":{"allow":["GET"]}}],"collection":[{"href":"https:\/\/pgvape.com\/es\/wp-json\/wp\/v2\/product"}],"about":[{"href":"https:\/\/pgvape.com\/es\/wp-json\/wp\/v2\/types\/product"}],"replies":[{"embeddable":true,"href":"https:\/\/pgvape.com\/es\/wp-json\/wp\/v2\/comments?post=5231"}],"wp:featuredmedia":[{"embeddable":true,"href":"https:\/\/pgvape.com\/es\/wp-json\/wp\/v2\/media\/5234"}],"wp:attachment":[{"href":"https:\/\/pgvape.com\/es\/wp-json\/wp\/v2\/media?parent=5231"}],"wp:term":[{"taxonomy":"product_brand","embeddable":true,"href":"https:\/\/pgvape.com\/es\/wp-json\/wp\/v2\/product_brand?post=5231"},{"taxonomy":"product_cat","embeddable":true,"href":"https:\/\/pgvape.com\/es\/wp-json\/wp\/v2\/product_cat?post=5231"},{"taxonomy":"product_tag","embeddable":true,"href":"https:\/\/pgvape.com\/es\/wp-json\/wp\/v2\/product_tag?post=5231"}],"curies":[{"name":"wp","href":"https:\/\/api.w.org\/{rel}","templated":true}]}}