{"id":521,"date":"2025-07-16T11:57:14","date_gmt":"2025-07-16T11:57:14","guid":{"rendered":"https:\/\/pgvape.com\/?post_type=product&#038;p=521"},"modified":"2025-12-15T13:40:41","modified_gmt":"2025-12-15T13:40:41","slug":"bang-leader-80000-80k-soplos-3-en-1-vape-desechable-de-sabores-triples-con-venta-al-por-mayor-de-fabrica-de-vape-recargable","status":"publish","type":"product","link":"https:\/\/pgvape.com\/es\/producto\/bang-leader-80000-80k-soplos-3-en-1-vape-desechable-de-sabores-triples-con-venta-al-por-mayor-de-fabrica-de-vape-recargable\/","title":{"rendered":"Bang Leader 80000 | 80K Puffs 3 en 1 Vape desechable de sabores triples con | recargable Vape Factory Wholesale"},"content":{"rendered":"<p><strong>Bang Leader 80000 80K inhalaciones Vape desechable<\/strong> es la mejor opci\u00f3n para quienes buscan variedad, longevidad y rendimiento de primer nivel. .<\/p>\n<p>&nbsp;<\/p>\n<h2><span style=\"font-size: 90%;\">Bang Leader 80000 | 80K Puffs 3 en 1 Vape desechable de sabores triples Especificaciones del producto:<\/span><\/h2>\n<p><strong>Capacidad de bocanada:<\/strong>\u00a0Hasta 80.000 caladas<\/p>\n<p><strong>Capacidad de E-l\u00edquido:<\/strong>\u00a078 ml precargados (3 c\u00e1psulas de 26 ml cada una)<\/p>\n<p><strong>Tipo de bobina:<\/strong>\u00a0Bobina de malla de 1.0\u03a9<\/p>\n<p><strong>Capacidad de la bater\u00eda:<\/strong>\u00a0Bater\u00eda recargable de 850 mAh.<\/p>\n<p><strong>Puerto de carga:<\/strong>\u00a0Carga r\u00e1pida tipo C<\/p>\n<p><strong>Opciones de nicotina:<\/strong>\u00a00%, 2%, 3%, 5%<\/p>\n<p><strong>Sistema de sabor:<\/strong>\u00a0Configuraci\u00f3n de triple sabor 3 en 1<\/p>\n<p><strong>Sabores disponibles:<\/strong>\u00a012 combinaciones din\u00e1micas de sabores<\/p>\n<p><strong>Portabilidad:<\/strong>\u00a0Dise\u00f1o compacto y ergon\u00f3mico para uso mientras viaja<\/p>\n<p>&nbsp;<\/p>\n<h3><span style=\"font-size: 90%;\">Bang Leader 80000 | 80K Puffs 3 en 1 Lista de sabores de Vape desechable de sabores triples:<\/span><\/h3>\n<p><strong>1.Helado De Sand\u00eda + Fresa Y Mango + Pl\u00e1tano<\/strong><\/p>\n<p><strong>2.Mojito De Frambuesa, Hielo De Melocot\u00f3n + Fresa Y Sand\u00eda, Kiwi, Maracuy\u00e1, Guayaba<\/strong><\/p>\n<p><strong>3.Fresa Y Sand\u00eda + Hielo De Uva + Caramelo Arco\u00edris<\/strong><\/p>\n<p><strong>4.Cola Ice + Ar\u00e1ndano Frambuesa + Melocot\u00f3n Mango Sand\u00eda<\/strong><\/p>\n<p><strong>5.Sand\u00eda Ar\u00e1ndano + Mango Fresa + Grosella Negra<\/strong><\/p>\n<p><strong>6.Hielo de ar\u00e1ndano + Hielo de drag\u00f3n negro + Melocot\u00f3n de mango<\/strong><\/p>\n<p><strong>7.Helado de ar\u00e1ndanos + fresa y pl\u00e1tano + frutos rojos mixtos<\/strong><\/p>\n<p><strong>8.Red Bull + Ar\u00e1ndano Sand\u00eda Manzana Pera<\/strong><\/p>\n<p><strong>9Red Bull + Caramelo de burbujas de sand\u00eda + Helado de fresa<\/strong><\/p>\n<p><strong>10.Kiwi Fresa + Hielo De Melocot\u00f3n + Cola De Cereza<\/strong><\/p>\n<p><strong>11.Kiwi Passion + Lichi Hielo + Mango Melocot\u00f3n Pino<\/strong><\/p>\n<p><strong>12.Hielo de aguacate + Lima lim\u00f3n + Frambuesa sand\u00eda<img loading=\"lazy\" decoding=\"async\" class=\"alignnone wp-image-531 size-full\" src=\"https:\/\/pgvape.com\/wp-content\/uploads\/2025\/07\/Bang-Leader-80000-80K-Puffs-3-in-1-Triple-Flavors-Disposable-Vape-With-Rechargeable-Vape-Factory-Wholesale-8.png\" alt=\"\" width=\"1900\" height=\"1900\" srcset=\"https:\/\/pgvape.com\/wp-content\/uploads\/2025\/07\/Bang-Leader-80000-80K-Puffs-3-in-1-Triple-Flavors-Disposable-Vape-With-Rechargeable-Vape-Factory-Wholesale-8.png 1900w, https:\/\/pgvape.com\/wp-content\/uploads\/2025\/07\/Bang-Leader-80000-80K-Puffs-3-in-1-Triple-Flavors-Disposable-Vape-With-Rechargeable-Vape-Factory-Wholesale-8-360x360.png 360w, https:\/\/pgvape.com\/wp-content\/uploads\/2025\/07\/Bang-Leader-80000-80K-Puffs-3-in-1-Triple-Flavors-Disposable-Vape-With-Rechargeable-Vape-Factory-Wholesale-8-595x595.png 595w, https:\/\/pgvape.com\/wp-content\/uploads\/2025\/07\/Bang-Leader-80000-80K-Puffs-3-in-1-Triple-Flavors-Disposable-Vape-With-Rechargeable-Vape-Factory-Wholesale-8-400x400.png 400w, https:\/\/pgvape.com\/wp-content\/uploads\/2025\/07\/Bang-Leader-80000-80K-Puffs-3-in-1-Triple-Flavors-Disposable-Vape-With-Rechargeable-Vape-Factory-Wholesale-8-768x768.png 768w, https:\/\/pgvape.com\/wp-content\/uploads\/2025\/07\/Bang-Leader-80000-80K-Puffs-3-in-1-Triple-Flavors-Disposable-Vape-With-Rechargeable-Vape-Factory-Wholesale-8-1536x1536.png 1536w, https:\/\/pgvape.com\/wp-content\/uploads\/2025\/07\/Bang-Leader-80000-80K-Puffs-3-in-1-Triple-Flavors-Disposable-Vape-With-Rechargeable-Vape-Factory-Wholesale-8-12x12.png 12w, https:\/\/pgvape.com\/wp-content\/uploads\/2025\/07\/Bang-Leader-80000-80K-Puffs-3-in-1-Triple-Flavors-Disposable-Vape-With-Rechargeable-Vape-Factory-Wholesale-8-300x300.png 300w, https:\/\/pgvape.com\/wp-content\/uploads\/2025\/07\/Bang-Leader-80000-80K-Puffs-3-in-1-Triple-Flavors-Disposable-Vape-With-Rechargeable-Vape-Factory-Wholesale-8-600x600.png 600w, https:\/\/pgvape.com\/wp-content\/uploads\/2025\/07\/Bang-Leader-80000-80K-Puffs-3-in-1-Triple-Flavors-Disposable-Vape-With-Rechargeable-Vape-Factory-Wholesale-8-100x100.png 100w, https:\/\/pgvape.com\/wp-content\/uploads\/2025\/07\/Bang-Leader-80000-80K-Puffs-3-in-1-Triple-Flavors-Disposable-Vape-With-Rechargeable-Vape-Factory-Wholesale-8-32x32.png 32w, https:\/\/pgvape.com\/wp-content\/uploads\/2025\/07\/Bang-Leader-80000-80K-Puffs-3-in-1-Triple-Flavors-Disposable-Vape-With-Rechargeable-Vape-Factory-Wholesale-8-40x40.png 40w\" sizes=\"auto, (max-width: 1900px) 100vw, 1900px\" \/><\/strong><\/p>\n<h3><span style=\"font-size: 90%;\">Bang Leader 80000 | 80K sopla 3 en 1 sabores triples Vape desechable <\/span><strong>Video:<br \/>\n<iframe loading=\"lazy\" title=\"El l\u00edder 80K de la explosi\u00f3n sopla 3 en 1 sabores Vape disponible con pgvape recargable de la venta al por mayor de la f\u00e1brica de Vape\" width=\"563\" height=\"1000\" src=\"https:\/\/www.youtube.com\/embed\/-_eUSKzsdRY?feature=oembed\" frameborder=\"0\" allow=\"accelerometer; autoplay; clipboard-write; encrypted-media; gyroscope; picture-in-picture; web-share\" referrerpolicy=\"strict-origin-when-cross-origin\" allowfullscreen><\/iframe><br \/>\n<\/strong><\/h3>\n<p>&nbsp;<\/p>\n<h2><span style=\"font-size: 90%;\">Preguntas frecuentes sobre Bang Leader 80000 | 80K Puffs 3 en 1 Vape desechable de sabores triples<\/span><\/h2>\n<p dir=\"auto\"><strong>P1: \u00bfCu\u00e1ntas bocanadas ofrece el Bang Leader 80000?<\/strong><br \/>\nA1: Hasta 80.000 inhalaciones por dispositivo, lo que garantiza un uso duradero.<\/p>\n<p dir=\"auto\"><strong>P2: \u00bfQu\u00e9 es la configuraci\u00f3n de sabor 3 en 1?<\/strong><br \/>\nR2: El dispositivo contiene tres c\u00e1psulas distintas, cada una con capacidad para 26 ml de e-l\u00edquido, lo que le brinda tres sabores diferentes para disfrutar en un solo dispositivo.<\/p>\n<p dir=\"auto\"><strong>P3: \u00bfQu\u00e9 tipo de bobina se utiliza en el dispositivo?<\/strong><br \/>\nR3: Utiliza una bobina de malla de 1,0 \u03a9, que proporciona un vapor suave y un rico sabor con cada calada.<\/p>\n<p dir=\"auto\"><strong>P4: \u00bfCu\u00e1nto dura la bater\u00eda?<\/strong><br \/>\nR4: La bater\u00eda recargable de 850 mAh garantiza una energ\u00eda duradera y la carga r\u00e1pida tipo C minimiza el tiempo de inactividad.<\/p>\n<p dir=\"auto\"><strong>P5: \u00bfQu\u00e9 sabores est\u00e1n disponibles?<\/strong><br \/>\nR5: Hay 12 combinaciones de sabores \u00fanicas y emocionantes disponibles, incluidas opciones como Helado de sand\u00eda + Fresa y Mango + Pl\u00e1tano.<\/p>\n<p dir=\"auto\"><strong>P6: \u00bfSe puede recargar el dispositivo?<\/strong><br \/>\nR6: S\u00ed, el dispositivo tiene una bater\u00eda recargable de 850 mAh y cuenta con carga r\u00e1pida tipo C.<\/p>\n<p dir=\"auto\"><strong>P7: \u00bfQu\u00e9 concentraciones de nicotina est\u00e1n disponibles?<\/strong><br \/>\nR7: Bang Leader 80000 est\u00e1 disponible en concentraciones de nicotina 0%, 2%, 3% y 5% para adaptarse a sus preferencias.<\/p>\n<p>&nbsp;<\/p>\n<h3 id=\"brxe-najhln\" class=\"brxe-heading\">Preguntas frecuentes (FAQ)<\/h3>\n<div id=\"brxe-rajiac\" class=\"brxe-text\">\n<p><strong>P: \u00bfQu\u00e9 m\u00e9todos de pago aceptan?<\/strong><br \/>\nR: Aceptamos PayPal, Stripe, transferencias bancarias (compatibles con SEPA), las principales tarjetas de cr\u00e9dito (Visa, MasterCard, American Express) y pagos con criptomonedas.<\/p>\n<p><strong>P: \u00bfCu\u00e1nto tiempo lleva la preparaci\u00f3n del pedido?<\/strong><br \/>\nR: La preparaci\u00f3n del pedido demora entre 1 y 3 d\u00edas h\u00e1biles.<\/p>\n<p><strong>P: \u00bfCu\u00e1l es el tiempo de env\u00edo?<\/strong><br \/>\nR: El tiempo de env\u00edo es de 7 a 14 d\u00edas h\u00e1biles, seg\u00fan su ubicaci\u00f3n.<\/p>\n<p><strong>P: \u00bfC\u00f3mo puedo realizar un seguimiento de mi pedido?<\/strong><br \/>\nR: Despu\u00e9s del env\u00edo, recibir\u00e1 un correo electr\u00f3nico de confirmaci\u00f3n con un n\u00famero de seguimiento para realizar un seguimiento en tiempo real.<\/p>\n<p><strong>P: \u00bfCu\u00e1l es su pol\u00edtica de devoluci\u00f3n?<\/strong><br \/>\nR: Ofrecemos una pol\u00edtica de devoluci\u00f3n de 30 d\u00edas para reembolsos o cambios. .<\/p>\n<p><strong>P: \u00bfHabr\u00e1 alg\u00fan problema aduanero?<br \/>\n<\/strong>Nos encargamos de todos los procedimientos de despacho de aduanas para garantizarle una experiencia sin complicaciones. .<\/p>\n<p><strong>P: \u00bfQu\u00e9 m\u00e9todos de env\u00edo se utilizan?<\/strong><br \/>\nCooperamos con UPS\/DHL\/FEDEX\/DPD, etc. Elegiremos la opci\u00f3n de env\u00edo adecuada seg\u00fan el pa\u00eds de entrega para asegurarnos de que reciba sus productos lo m\u00e1s r\u00e1pido posible.<\/p>\n<p><a href=\"https:\/\/pgvape.com\/es\/preguntas-frecuentes\/\"><span style=\"font-size: 100%;\">Haga clic aqu\u00ed para m\u00e1s preguntas frecuentes<\/span><\/a><\/p>\n<p>Estimados clientes: Si tienen alguna pregunta sobre su pedido o la llegada de la mercanc\u00eda, comun\u00edquese con nuestro servicio de atenci\u00f3n al cliente. \u00a1Gracias!<\/p>\n<h3 data-sourcepos=\"73:1-73:21\"><span style=\"font-size: 90%;\"><strong data-sourcepos=\"73:7-73:21\">Cont\u00e1ctenos<\/strong><\/span><\/h3>\n<div id=\"text-2419739398\" class=\"text\">\n<p><strong data-sourcepos=\"75:3-75:12\">Correo electr\u00f3nico<\/strong>:\u00a0<a href=\"mailto:support@pgvape.com\"><strong>support@pgvape.com<\/strong><\/a><\/p>\n<p><strong data-sourcepos=\"76:3-76:15\">WhatsApp<\/strong>: <a href=\"https:\/\/wa.me\/+8618128481258\"><strong>+86 18128481258<\/strong><\/a><br \/>\n<strong>(Respuesta dentro de las 24 horas en d\u00edas h\u00e1biles)<\/strong><\/p>\n<\/div>\n<h3><strong><span style=\"font-size: 80%;\">\u00a1Gracias por elegir pgvape.com! .<\/span><\/strong><\/h3>\n<\/div>","protected":false},"excerpt":{"rendered":"<p><strong>Vape desechable Bang Leader 80000<\/strong> entrega hasta <strong>80.000 bocanadas<\/strong> y un <strong>Triple sabor 3 en 1<\/strong> experiencia. <strong>78 ml de e-l\u00edquido precargado<\/strong>, a <strong>Bobina de malla de 1.0\u03a9<\/strong>, <strong>850mAh recargable<\/strong> 650mAh recargable <strong>Tipo C<\/strong> Carga r\u00e1pida, garantiza un vapor suave y rico y un uso prolongado.<strong>0%, 2%, 3%, 5%<\/strong>) para una experiencia de vapeo personalizada.<\/p>","protected":false},"featured_media":524,"comment_status":"open","ping_status":"closed","template":"","meta":{"_seopress_robots_primary_cat":"none","_seopress_titles_title":"","_seopress_titles_desc":"","_seopress_robots_index":""},"product_brand":[54,516],"product_cat":[41,32,515],"product_tag":[56,44,45,55,490],"class_list":{"0":"post-521","1":"product","2":"type-product","3":"status-publish","4":"has-post-thumbnail","6":"product_brand-bang-leader-vape","7":"product_brand-disposable-vape","8":"product_cat-80k-puffs-vape","9":"product_cat-bang-leader-vape","10":"product_cat-disposable-vape","11":"product_tag-3-in-1-triple-flavors","12":"product_tag-80k-puffs","13":"product_tag-80k-vape","14":"product_tag-bang-leader-80000","15":"product_tag-minimum-2-pieces","17":"first","18":"instock","19":"sale","20":"shipping-taxable","21":"purchasable","22":"product-type-variable"},"_links":{"self":[{"href":"https:\/\/pgvape.com\/es\/wp-json\/wp\/v2\/product\/521","targetHints":{"allow":["GET"]}}],"collection":[{"href":"https:\/\/pgvape.com\/es\/wp-json\/wp\/v2\/product"}],"about":[{"href":"https:\/\/pgvape.com\/es\/wp-json\/wp\/v2\/types\/product"}],"replies":[{"embeddable":true,"href":"https:\/\/pgvape.com\/es\/wp-json\/wp\/v2\/comments?post=521"}],"wp:featuredmedia":[{"embeddable":true,"href":"https:\/\/pgvape.com\/es\/wp-json\/wp\/v2\/media\/524"}],"wp:attachment":[{"href":"https:\/\/pgvape.com\/es\/wp-json\/wp\/v2\/media?parent=521"}],"wp:term":[{"taxonomy":"product_brand","embeddable":true,"href":"https:\/\/pgvape.com\/es\/wp-json\/wp\/v2\/product_brand?post=521"},{"taxonomy":"product_cat","embeddable":true,"href":"https:\/\/pgvape.com\/es\/wp-json\/wp\/v2\/product_cat?post=521"},{"taxonomy":"product_tag","embeddable":true,"href":"https:\/\/pgvape.com\/es\/wp-json\/wp\/v2\/product_tag?post=521"}],"curies":[{"name":"wp","href":"https:\/\/api.w.org\/{rel}","templated":true}]}}