{"id":5190,"date":"2025-11-02T08:14:02","date_gmt":"2025-11-02T08:14:02","guid":{"rendered":"https:\/\/pgvape.com\/?post_type=product&#038;p=5190"},"modified":"2026-03-26T06:39:46","modified_gmt":"2026-03-26T06:39:46","slug":"vozol-el-delirio-40000-40k-sopla-el-vape-disponible-3d-curvo-el-golpe-screen270-que-detecta-la-fabrica-llevada-del-vape-directa","status":"publish","type":"product","link":"https:\/\/pgvape.com\/es\/producto\/vozol-el-delirio-40000-40k-sopla-el-vape-disponible-3d-curvo-el-golpe-screen270-que-detecta-la-fabrica-llevada-del-vape-directa\/","title":{"rendered":"Vozol Rave 40000 40K sopla la f\u00e1brica curvada 3D disponible de Vape+270\u00b0 Beat-Detecci\u00f3n LED Vape directo de f\u00e1brica"},"content":{"rendered":"<p><strong data-sourcepos=\"4:5-4:45\">VOZOL RAVE 40K inhala Vape desechable<\/strong> redefine la comodidad con un <strong data-sourcepos=\"4:76-4:109\">40.000 inhalaciones l\u00edderes en la industria<\/strong> y <strong data-sourcepos=\"4:114-4:151\">Capacidad de e-l\u00edquido precargado de 20 ml<\/strong>, impulsado por un <strong data-sourcepos=\"4:166-4:198\">Bater\u00eda recargable de 1000 mAh.<\/strong>. <strong data-sourcepos=\"4:210-4:231\">modos de disparo duales<\/strong>, <strong data-sourcepos=\"4:233-4:255\">flujo de aire ajustable<\/strong>, y <strong data-sourcepos=\"4:261-4:285\">tecnolog\u00eda de bobina de malla<\/strong>, entrega <strong data-sourcepos=\"4:299-4:322\">sabor rico y suave<\/strong> sin compromiso. <strong data-sourcepos=\"4:356-4:385\">Pantalla con sensor de ritmo de 270\u00b0<\/strong> y <strong data-sourcepos=\"4:390-4:410\">pantalla curva 3D<\/strong> proporcionar un <strong data-sourcepos=\"4:421-4:471\">Experiencia de vapeo interactiva y totalmente inmersiva.<\/strong> \u2013 convirti\u00e9ndolo en la elecci\u00f3n perfecta para los vapeadores que anhelan <strong data-sourcepos=\"4:524-4:561\">longevidad, rendimiento y estilo<\/strong>.<\/p>\n<p>&nbsp;<\/p>\n<h2><span style=\"font-size: 90%;\">Vozol Rave 40000 | 40K inhala Vape desechable <strong data-sourcepos=\"10:5-10:31\">Presupuesto<\/strong><\/span><\/h2>\n<p><strong data-sourcepos=\"24:3-24:17\">Conteo de bocanadas<\/strong>: 40 000 (regular) \/ 25 000 (aumento)<\/p>\n<p><strong data-sourcepos=\"25:3-25:14\">Bater\u00eda<\/strong>:\u00a0<strong data-sourcepos=\"25:16-25:27\">1000mAh<\/strong>\u00a0(Recargable tipo C)<\/p>\n<p><strong data-sourcepos=\"26:3-26:15\">E-l\u00edquido<\/strong>:\u00a0<strong data-sourcepos=\"26:17-26:36\">20 ml precargados<\/strong><\/p>\n<p><strong data-sourcepos=\"27:3-27:11\">Bobina<\/strong>:\u00a0<strong data-sourcepos=\"27:13-27:32\">Tecnolog\u00eda de malla<\/strong>\u00a0(Sabor y vapor optimizados)<\/p>\n<p><strong data-sourcepos=\"28:3-28:15\">Nicotina<\/strong>:\u00a0<strong data-sourcepos=\"28:17-28:30\">5% (50 mg)<\/strong>\u00a0(Suave pero fuerte)<\/p>\n<p><strong data-sourcepos=\"29:3-29:14\">Mostrar<\/strong>:\u00a0<strong data-sourcepos=\"29:16-29:60\">Pantalla curva 3D + LED con sensor de ritmo de 270\u00b0<\/strong><\/p>\n<p><strong data-sourcepos=\"30:3-30:14\">flujo de aire<\/strong>:\u00a0<strong data-sourcepos=\"30:16-30:30\">Ajustable<\/strong>\u00a0(Sorteo personalizable)<\/p>\n<p>&nbsp;<\/p>\n<h3><span style=\"font-size: 90%;\">Vozol Rave 40000 | 40K inhala Vape desechable <strong data-sourcepos=\"22:5-22:20\">Lista de sabores<\/strong><\/span><\/h3>\n<p><strong>1. Hielo azul Razz<\/strong><\/p>\n<p><strong>2. Hielo de ar\u00e1ndanos<\/strong><\/p>\n<p><strong>3. Sand\u00eda y ar\u00e1ndanos<\/strong><\/p>\n<p><strong>4. Cola de cereza<\/strong><\/p>\n<p><strong>5. Cereza Fresa<\/strong><\/p>\n<p><strong>6. Menta fresca<\/strong><\/p>\n<p><strong>7. Doble manzana<\/strong><\/p>\n<p><strong>8. Pl\u00e1tano de fruta del drag\u00f3n<\/strong><\/p>\n<p><strong>9. Hielo de uva<\/strong><\/p>\n<p><strong>10. Kiwi, maracuy\u00e1<\/strong><\/p>\n<p><strong>11. Amor 777<\/strong><\/p>\n<p><strong>12. Hielo de mango<\/strong><\/p>\n<p><strong>13. Mango Melocot\u00f3n<\/strong><\/p>\n<p><strong>14. Hielo de melocot\u00f3n<\/strong><\/p>\n<p><strong>15. Limonada de melocot\u00f3n y frambuesa<\/strong><\/p>\n<p><strong>16. Hielo de fresa<\/strong><\/p>\n<p><strong>17. Kiwi fresa<\/strong><\/p>\n<p><strong>18. mango de fresa<\/strong><\/p>\n<p><strong>19. Sand\u00eda Fresa<\/strong><\/p>\n<p><strong>20. Melocot\u00f3n y mel\u00f3n de paja<\/strong><\/p>\n<p><strong>21. Chicle De Sand\u00eda<\/strong><\/p>\n<p><strong>22. Hielo de sand\u00eda<\/strong><\/p>\n<p><strong>23. Ranchero de sand\u00eda Razz<\/strong><\/p>\n<p><strong data-sourcepos=\"54:5-54:22\"><img loading=\"lazy\" decoding=\"async\" class=\"alignnone wp-image-5201 size-full\" src=\"https:\/\/pgvape.com\/wp-content\/uploads\/2025\/11\/pgvape-Vozol-Rave-40000-Puffs-Disposable-Vape-9.jpg\" alt=\"Cuadr\u00edcula de veinte coloridos dispositivos de vapeo desechables VOZOL RAVE de 40000 inhalaciones sobre un fondo morado, cada uno con el nombre de un sabor e ilustraciones de frutas y hielo a juego (sand\u00eda, uva, mango, fresa, ar\u00e1ndano, melocot\u00f3n, kiwi, menta, manzana, chicle y mezclas), adem\u00e1s de peque\u00f1as clasificaciones estilo estrella debajo de cada dispositivo.\" width=\"1200\" height=\"1200\" srcset=\"https:\/\/pgvape.com\/wp-content\/uploads\/2025\/11\/pgvape-Vozol-Rave-40000-Puffs-Disposable-Vape-9.jpg 1200w, https:\/\/pgvape.com\/wp-content\/uploads\/2025\/11\/pgvape-Vozol-Rave-40000-Puffs-Disposable-Vape-9-360x360.jpg 360w, https:\/\/pgvape.com\/wp-content\/uploads\/2025\/11\/pgvape-Vozol-Rave-40000-Puffs-Disposable-Vape-9-595x595.jpg 595w, https:\/\/pgvape.com\/wp-content\/uploads\/2025\/11\/pgvape-Vozol-Rave-40000-Puffs-Disposable-Vape-9-400x400.jpg 400w, https:\/\/pgvape.com\/wp-content\/uploads\/2025\/11\/pgvape-Vozol-Rave-40000-Puffs-Disposable-Vape-9-768x768.jpg 768w, https:\/\/pgvape.com\/wp-content\/uploads\/2025\/11\/pgvape-Vozol-Rave-40000-Puffs-Disposable-Vape-9-12x12.jpg 12w, https:\/\/pgvape.com\/wp-content\/uploads\/2025\/11\/pgvape-Vozol-Rave-40000-Puffs-Disposable-Vape-9-300x300.jpg 300w, https:\/\/pgvape.com\/wp-content\/uploads\/2025\/11\/pgvape-Vozol-Rave-40000-Puffs-Disposable-Vape-9-600x600.jpg 600w, https:\/\/pgvape.com\/wp-content\/uploads\/2025\/11\/pgvape-Vozol-Rave-40000-Puffs-Disposable-Vape-9-100x100.jpg 100w, https:\/\/pgvape.com\/wp-content\/uploads\/2025\/11\/pgvape-Vozol-Rave-40000-Puffs-Disposable-Vape-9-40x40.jpg 40w\" sizes=\"auto, (max-width: 1200px) 100vw, 1200px\" \/><br \/>\n<\/strong><\/p>\n<p>&nbsp;<\/p>\n<h3><span style=\"font-size: 90%;\">Vozol Rave 40000 | 40K inhala Vape desechable <strong>Video<\/strong>:<\/span><\/h3>\n<p>&nbsp;<\/p>\n<h2>Preguntas frecuentes sobre Vozol Rave 40000 | 40K Puffs Vape desechable<\/h2>\n<p data-sourcepos=\"59:1-60:80\">\u2753 <strong data-sourcepos=\"59:3-59:47\">\u00bfQu\u00e9 hace que el VOZOL RAVE 40K destaque?<\/strong><br \/>\n\u2705 <strong data-sourcepos=\"60:3-60:78\">40.000 inhalaciones + 20 ml de e-l\u00edquido = desechable de mayor duraci\u00f3n del mercado<\/strong><\/p>\n<p data-sourcepos=\"62:1-63:102\">\u2753 <strong data-sourcepos=\"62:3-62:38\">\u00bfC\u00f3mo funciona la pantalla de 270\u00b0?<\/strong><br \/>\n\u2705 El <strong data-sourcepos=\"63:7-63:69\">El LED Beat-Sensing reacciona en tiempo real a tu ritmo de vapeo.<\/strong> \u2013 <strong data-sourcepos=\"63:72-63:100\">\u00a1Una novedad para los desechables!<\/strong><\/p>\n<p data-sourcepos=\"65:1-66:72\">\u2753 <strong data-sourcepos=\"65:3-65:32\">\u00bfPuedo ajustar el flujo de aire?<\/strong><br \/>\n\u2705 \u00a1S\u00ed! <strong data-sourcepos=\"66:8-66:48\">Cambie entre MTL apretado o DTL aireado<\/strong> para el sorteo perfecto.<\/p>\n<p data-sourcepos=\"68:1-69:94\">\u2753 <strong data-sourcepos=\"68:3-68:58\">\u00bfCu\u00e1l es la diferencia entre el modo regular y el modo de sobretensi\u00f3n?<br \/>\n<\/strong> \u2705 <strong data-sourcepos=\"69:3-69:15\">Regular:<\/strong> Suave y duradero (40.000 caladas) | <strong data-sourcepos=\"69:51-69:61\">Aumento:<\/strong> Vapor m\u00e1s intenso (25.000 bocanadas)<\/p>\n<p data-sourcepos=\"71:1-72:79\">\u2753 <strong data-sourcepos=\"71:3-71:44\">\u00bfQu\u00e9 sabores son los favoritos de los clientes?<br \/>\n<\/strong> \u2705 <strong data-sourcepos=\"72:3-72:56\">Melocot\u00f3n y fresa, hielo Blue Razz y hielo de sand\u00eda<\/strong> son <strong data-sourcepos=\"72:61-72:76\">los m\u00e1s vendidos<\/strong>!<\/p>\n<p>&nbsp;<\/p>\n<h3 id=\"brxe-najhln\" class=\"brxe-heading\">Preguntas frecuentes (FAQ)<\/h3>\n<div id=\"brxe-rajiac\" class=\"brxe-text\">\n<p><strong>P: \u00bfQu\u00e9 m\u00e9todos de pago aceptan?<\/strong><br \/>\nR: Aceptamos PayPal, Stripe, transferencias bancarias (compatibles con SEPA), las principales tarjetas de cr\u00e9dito (Visa, MasterCard, American Express) y pagos con criptomonedas.<\/p>\n<p><strong>P: \u00bfCu\u00e1nto tiempo lleva la preparaci\u00f3n del pedido?<\/strong><br \/>\nR: La preparaci\u00f3n del pedido demora entre 1 y 3 d\u00edas h\u00e1biles.<\/p>\n<p><strong>P: \u00bfCu\u00e1l es el tiempo de env\u00edo?<\/strong><br \/>\nR: El tiempo de env\u00edo es de 7 a 14 d\u00edas h\u00e1biles, seg\u00fan su ubicaci\u00f3n.<\/p>\n<p><strong>P: \u00bfC\u00f3mo puedo realizar un seguimiento de mi pedido?<\/strong><br \/>\nR: Despu\u00e9s del env\u00edo, recibir\u00e1 un correo electr\u00f3nico de confirmaci\u00f3n con un n\u00famero de seguimiento para realizar un seguimiento en tiempo real.<\/p>\n<p><strong>P: \u00bfCu\u00e1l es su pol\u00edtica de devoluci\u00f3n?<\/strong><br \/>\nR: Ofrecemos una pol\u00edtica de devoluci\u00f3n de 30 d\u00edas para reembolsos o cambios. .<\/p>\n<p><strong>P: \u00bfHabr\u00e1 alg\u00fan problema aduanero?<br \/>\n<\/strong>Nos encargamos de todos los procedimientos de despacho de aduanas para garantizarle una experiencia sin complicaciones. .<\/p>\n<p><strong>P: \u00bfQu\u00e9 m\u00e9todos de env\u00edo se utilizan?<\/strong><br \/>\nCooperamos con UPS\/DHL\/FEDEX\/DPD, etc. Elegiremos la opci\u00f3n de env\u00edo adecuada seg\u00fan el pa\u00eds de entrega para asegurarnos de que reciba sus productos lo m\u00e1s r\u00e1pido posible.<\/p>\n<p><a href=\"https:\/\/pgvape.com\/es\/preguntas-frecuentes\/\">Haga clic aqu\u00ed para m\u00e1s preguntas frecuentes<\/a><\/p>\n<p>Estimados clientes: Si tienen alguna pregunta sobre su pedido o la llegada de la mercanc\u00eda, comun\u00edquese con nuestro servicio de atenci\u00f3n al cliente. \u00a1Gracias!<\/p>\n<h3 data-sourcepos=\"73:1-73:21\"><strong data-sourcepos=\"73:7-73:21\">Cont\u00e1ctenos<\/strong><\/h3>\n<div id=\"text-2419739398\" class=\"text\">\n<p><strong data-sourcepos=\"75:3-75:12\">Correo electr\u00f3nico<\/strong>:\u00a0<a href=\"mailto:support@pgvape.com\"><strong>support@pgvape.com<\/strong><\/a><\/p>\n<p><strong data-sourcepos=\"76:3-76:15\">WhatsApp<\/strong>:\u00a0<a href=\"https:\/\/wa.me\/+8618128481258\"><strong>+86 18128481258<\/strong><\/a><br \/>\n<strong>(Respuesta dentro de las 24 horas en d\u00edas h\u00e1biles)<\/strong><\/p>\n<\/div>\n<h3><strong>\u00a1Gracias por elegir pgvape.com! .<\/strong><\/h3>\n<\/div>","protected":false},"excerpt":{"rendered":"<p><strong data-sourcepos=\"56:5-56:23\">VOZOL RAVE 40K<\/strong> combina <strong data-sourcepos=\"56:33-56:49\">40.000 bocanadas<\/strong>, <strong data-sourcepos=\"56:51-56:74\">Pantalla interactiva<\/strong>, Y <strong data-sourcepos=\"56:80-56:94\">20 sabores<\/strong> en un <strong data-sourcepos=\"56:100-56:136\">Vape desechable de alto rendimiento<\/strong> Con <strong data-sourcepos=\"56:142-56:179\">Modos duales y flujo de aire ajustable<\/strong>. <strong data-sourcepos=\"56:5-56:23\">VOZOL RAVE 40K<\/strong> combina <strong data-sourcepos=\"56:33-56:49\">40.000 bocanadas<\/strong>, <strong data-sourcepos=\"56:51-56:74\">Pantalla interactiva<\/strong>, Y <strong data-sourcepos=\"56:80-56:94\">20 sabores<\/strong> en un <strong data-sourcepos=\"56:100-56:136\">Vape desechable de alto rendimiento<\/strong> Con <strong data-sourcepos=\"56:142-56:179\">Modos duales y flujo de aire ajustable<\/strong>.<\/p>","protected":false},"featured_media":5199,"comment_status":"open","ping_status":"closed","template":"","meta":{"_seopress_robots_primary_cat":"none","_seopress_titles_title":"%%post_title%% %%sep%% %%sitetitle%%","_seopress_titles_desc":"","_seopress_robots_index":""},"product_brand":[516,411],"product_cat":[103,515,410],"product_tag":[422,421,413,135,90,203,204,420],"class_list":{"0":"post-5190","1":"product","2":"type-product","3":"status-publish","4":"has-post-thumbnail","6":"product_brand-disposable-vape","7":"product_brand-vozol-vape","8":"product_cat-40k-puffs-vape","9":"product_cat-disposable-vape","10":"product_cat-vozol-vape","11":"product_tag-270-beat-sensing-led","12":"product_tag-3d-curved-screen","13":"product_tag-40k-puffs-vape","14":"product_tag-adjustable-airflow","15":"product_tag-disposable-vape","16":"product_tag-shipment-from-eu","17":"product_tag-vape-factory-direct","18":"product_tag-vozol-rave-40000","20":"first","21":"instock","22":"sale","23":"shipping-taxable","24":"purchasable","25":"product-type-variable"},"_links":{"self":[{"href":"https:\/\/pgvape.com\/es\/wp-json\/wp\/v2\/product\/5190","targetHints":{"allow":["GET"]}}],"collection":[{"href":"https:\/\/pgvape.com\/es\/wp-json\/wp\/v2\/product"}],"about":[{"href":"https:\/\/pgvape.com\/es\/wp-json\/wp\/v2\/types\/product"}],"replies":[{"embeddable":true,"href":"https:\/\/pgvape.com\/es\/wp-json\/wp\/v2\/comments?post=5190"}],"wp:featuredmedia":[{"embeddable":true,"href":"https:\/\/pgvape.com\/es\/wp-json\/wp\/v2\/media\/5199"}],"wp:attachment":[{"href":"https:\/\/pgvape.com\/es\/wp-json\/wp\/v2\/media?parent=5190"}],"wp:term":[{"taxonomy":"product_brand","embeddable":true,"href":"https:\/\/pgvape.com\/es\/wp-json\/wp\/v2\/product_brand?post=5190"},{"taxonomy":"product_cat","embeddable":true,"href":"https:\/\/pgvape.com\/es\/wp-json\/wp\/v2\/product_cat?post=5190"},{"taxonomy":"product_tag","embeddable":true,"href":"https:\/\/pgvape.com\/es\/wp-json\/wp\/v2\/product_tag?post=5190"}],"curies":[{"name":"wp","href":"https:\/\/api.w.org\/{rel}","templated":true}]}}