{"id":5151,"date":"2025-11-02T06:49:26","date_gmt":"2025-11-02T06:49:26","guid":{"rendered":"https:\/\/pgvape.com\/?post_type=product&#038;p=5151"},"modified":"2025-12-29T11:20:29","modified_gmt":"2025-12-29T11:20:29","slug":"la-estrella-20000-20k-de-vozol-sopla-directa-de-fabrica-dual-del-vape-de-la-pantalla-del-espejo-del-modo-del-poder-del-vape-disponible","status":"publish","type":"product","link":"https:\/\/pgvape.com\/es\/producto\/la-estrella-20000-20k-de-vozol-sopla-directa-de-fabrica-dual-del-vape-de-la-pantalla-del-espejo-del-modo-del-poder-del-vape-disponible\/","title":{"rendered":"Vozol Star 20000 20K sopla f\u00e1brica dual disponible de Vape de la pantalla del espejo del modo del poder de Vape directo"},"content":{"rendered":"<p><strong data-sourcepos=\"6:5-6:45\">Vozol Star 20K inhala Vape desechable<\/strong> entrega <strong data-sourcepos=\"6:55-6:80\">versatilidad inigualable<\/strong> con <strong data-sourcepos=\"6:86-6:106\">modos de potencia dual<\/strong> ofrenda <strong data-sourcepos=\"6:116-6:143\">20.000 caladas (modo ecol\u00f3gico)<\/strong> o <strong data-sourcepos=\"6:147-6:176\">15.000 inhalaciones (modo de energ\u00eda)<\/strong>. <strong data-sourcepos=\"6:190-6:215\">Pantalla de espejo HD de 2,2 \u2033<\/strong> para obtener estad\u00edsticas en tiempo real y <strong data-sourcepos=\"6:240-6:266\">Capacidad de e-l\u00edquido de 24 ml.<\/strong>, est\u00e1 impulsado por un <strong data-sourcepos=\"6:286-6:304\">bater\u00eda de 650 mAh<\/strong> con <strong data-sourcepos=\"6:310-6:339\">tecnolog\u00eda de bobina de malla dual<\/strong> para un rico sabor. <strong data-sourcepos=\"6:369-6:391\">21 sabores premium<\/strong> en <strong data-sourcepos=\"6:395-6:419\">Fuerza de nicotina 5%<\/strong> en un elegante, <strong data-sourcepos=\"6:432-6:453\">dise\u00f1o futurista<\/strong> que funciona tan bien como parece.<\/p>\n<p>&nbsp;<\/p>\n<h2><span style=\"font-size: 90%;\">Vozol Star 20000 | 20K inhala Vape desechable <strong data-sourcepos=\"10:5-10:31\">Presupuesto<\/strong><\/span><\/h2>\n<p><strong data-sourcepos=\"9:3-9:23\">Modos de energ\u00eda dual<\/strong>:<\/p>\n<p><strong data-sourcepos=\"10:5-10:17\">Modo ecol\u00f3gico<\/strong>: 20.000 inhalaciones (eficiencia m\u00e1xima)<\/p>\n<p><strong data-sourcepos=\"11:5-11:19\">Modo de energ\u00eda<\/strong>: 15.000 caladas (golpes intensos)<\/p>\n<p><strong data-sourcepos=\"12:3-12:28\">Pantalla de espejo HD de 2,2 \u2033<\/strong>: Muestra la bater\u00eda, el recuento de caladas y el modo<\/p>\n<p><strong data-sourcepos=\"13:3-13:29\">Capacidad de l\u00edquido electr\u00f3nico de 24 ml<\/strong>: Sesiones de vapeo extendidas<\/p>\n<p><strong data-sourcepos=\"14:3-14:21\">Bobina de malla doble<\/strong>: Producci\u00f3n mejorada de sabor y vapor.<\/p>\n<p><strong data-sourcepos=\"15:3-15:34\">Bater\u00eda recargable de 650 mAh.<\/strong>: Energ\u00eda confiable durante todo el d\u00eda<\/p>\n<p><strong data-sourcepos=\"16:3-16:27\">Fuerza de nicotina 5%<\/strong>: Golpe de garganta satisfactorio<\/p>\n<p><strong data-sourcepos=\"17:3-17:24\">21 opciones de sabor<\/strong>: Diversos perfiles gustativos<\/p>\n<p><strong data-sourcepos=\"18:3-18:30\">Elegante dise\u00f1o futurista<\/strong>: Elegante y ergon\u00f3mico<\/p>\n<p>&nbsp;<\/p>\n<h3><span style=\"font-size: 90%;\">Vozol Star 20000 | 20K inhala Vape desechable <strong data-sourcepos=\"22:5-22:20\">Lista de sabores<\/strong><\/span><\/h3>\n<p><strong data-sourcepos=\"30:4-30:21\">1. Hielo azul Razz<\/strong>\u00a0\u2013 Tarta helada de frutos rojos<\/p>\n<p><strong data-sourcepos=\"31:4-31:23\">2.Tormenta de ar\u00e1ndanos<\/strong>\u00a0\u2013 Intenso estallido de bayas<\/p>\n<p><strong data-sourcepos=\"32:4-32:19\">3.Cola de cereza<\/strong>\u00a0\u2013 Toque de refresco cl\u00e1sico<\/p>\n<p><strong data-sourcepos=\"33:4-33:24\">4.Doble hielo de manzana<\/strong>\u00a0\u2013 Crujiente helado de doble manzana<\/p>\n<p><strong data-sourcepos=\"34:4-34:24\">5.Drag\u00f3n Strawnana<\/strong>\u00a0\u2013 Mezcla de frutas ex\u00f3ticas<\/p>\n<p><strong data-sourcepos=\"35:4-35:17\">6.Hielo de uva<\/strong>\u00a0\u2013 Explosi\u00f3n violeta fr\u00eda<\/p>\n<p><strong data-sourcepos=\"36:4-36:23\">7.Hielo de melocot\u00f3n jugoso<\/strong>\u00a0\u2013 Escalofr\u00edo dulce de fruta de hueso<\/p>\n<p><strong data-sourcepos=\"37:4-37:18\">8.Lima Lim\u00f3n<\/strong>\u00a0\u2013 Zumbido de c\u00edtricos<\/p>\n<p><strong data-sourcepos=\"38:4-38:16\">9.Amor 777<\/strong>\u00a0\u2013 Mezcla frutal exclusiva<\/p>\n<p><strong data-sourcepos=\"39:5-39:18\">10. Hielo de mango<\/strong>\u00a0\u2013 Helada tropical<\/p>\n<p><strong data-sourcepos=\"40:5-40:22\">11.Bayas mixtas<\/strong>\u00a0\u2013 Mezcla de bayas<\/p>\n<p><strong data-sourcepos=\"41:5-41:32\">12.Lichi de pi\u00f1a y naranja<\/strong>\u00a0\u2013 Tr\u00edo tropical<\/p>\n<p><strong data-sourcepos=\"42:5-42:31\">13. Sand\u00eda Melocot\u00f3n Mango<\/strong>\u00a0\u2013 frutas de verano<\/p>\n<p><strong data-sourcepos=\"43:5-43:22\">14.Perfume Lim\u00f3n<\/strong>\u00a0\u2013 C\u00edtricos brillantes<\/p>\n<p><strong data-sourcepos=\"44:5-44:45\">15.Frambuesa Manzana Sand\u00eda Pi\u00f1a<\/strong>\u00a0\u2013 Explosi\u00f3n de frutas<\/p>\n<p><strong data-sourcepos=\"45:5-45:29\">16.Sand\u00eda Frambuesa<\/strong>\u00a0\u2013 Combinaci\u00f3n de refresco de bayas<\/p>\n<p><strong data-sourcepos=\"46:5-46:24\">17.kiwi fresa<\/strong>\u00a0\u2013 D\u00fao cl\u00e1sico<\/p>\n<p><strong data-sourcepos=\"47:5-47:25\">18. Mango de fresa<\/strong>\u00a0\u2013 Fusi\u00f3n cremosa-dulce<\/p>\n<p><strong data-sourcepos=\"48:5-48:23\">19.Explosi\u00f3n tropical<\/strong>\u00a0\u2013 Mezcla inspirada en la isla<\/p>\n<p><strong data-sourcepos=\"49:5-49:23\">20.Hielo de sand\u00eda<\/strong>\u00a0\u2013 Refresco jugoso<br \/>\n<img loading=\"lazy\" decoding=\"async\" class=\"alignnone wp-image-5163 size-full\" src=\"https:\/\/pgvape.com\/wp-content\/uploads\/2025\/11\/pgvape-Vozol-Star-20000-20K-Puffs-Disposable-Vape-10.jpg\" alt=\"P\u00f3ster promocional de VOZOL titulado &#039;20 opciones de sabores deliciosos&#039; que muestra veinte dispositivos de vapeo desechables dispuestos en una cuadr\u00edcula con nombres de sabores e ilustraciones de frutas o bebidas (ejemplos: Watermelon Bubblegum, Black Ice, Mango Ice, Strawberry Kiwi), im\u00e1genes de productos con tapas de colores e \u00edconos peque\u00f1os que indican los modos ECO y POWER con recuentos de caladas (Eco ~20 000, Power ~15 000).\" width=\"1053\" height=\"1500\" srcset=\"https:\/\/pgvape.com\/wp-content\/uploads\/2025\/11\/pgvape-Vozol-Star-20000-20K-Puffs-Disposable-Vape-10.jpg 1053w, https:\/\/pgvape.com\/wp-content\/uploads\/2025\/11\/pgvape-Vozol-Star-20000-20K-Puffs-Disposable-Vape-10-253x360.jpg 253w, https:\/\/pgvape.com\/wp-content\/uploads\/2025\/11\/pgvape-Vozol-Star-20000-20K-Puffs-Disposable-Vape-10-595x848.jpg 595w, https:\/\/pgvape.com\/wp-content\/uploads\/2025\/11\/pgvape-Vozol-Star-20000-20K-Puffs-Disposable-Vape-10-281x400.jpg 281w, https:\/\/pgvape.com\/wp-content\/uploads\/2025\/11\/pgvape-Vozol-Star-20000-20K-Puffs-Disposable-Vape-10-768x1094.jpg 768w, https:\/\/pgvape.com\/wp-content\/uploads\/2025\/11\/pgvape-Vozol-Star-20000-20K-Puffs-Disposable-Vape-10-8x12.jpg 8w, https:\/\/pgvape.com\/wp-content\/uploads\/2025\/11\/pgvape-Vozol-Star-20000-20K-Puffs-Disposable-Vape-10-600x855.jpg 600w, https:\/\/pgvape.com\/wp-content\/uploads\/2025\/11\/pgvape-Vozol-Star-20000-20K-Puffs-Disposable-Vape-10-28x40.jpg 28w\" sizes=\"auto, (max-width: 1053px) 100vw, 1053px\" \/><\/p>\n<p>&nbsp;<\/p>\n<h3><span style=\"font-size: 90%;\">Vozol Star 20000 | 20K inhala Vape desechable <strong>Video<\/strong>:<\/span><\/h3>\n<p>&nbsp;<\/p>\n<h2>Preguntas frecuentes sobre Vozol Star 20000 | 20K Puffs Vape desechable<\/h2>\n<p data-sourcepos=\"53:1-54:85\">\u2753 <strong data-sourcepos=\"53:3-53:35\">\u00bfC\u00f3mo funcionan los modos de energ\u00eda?<\/strong><br \/>\n\u2705 <strong data-sourcepos=\"54:3-54:15\">Modo ecol\u00f3gico<\/strong> extiende el recuento de caladas (20K), mientras <strong data-sourcepos=\"54:48-54:62\">Modo de energ\u00eda<\/strong> aumenta la intensidad (15K)<\/p>\n<p data-sourcepos=\"56:1-57:84\">\u2753 <strong data-sourcepos=\"56:3-56:28\">\u00bfEs \u00fatil la pantalla?<\/strong><br \/>\n\u2705 El <strong data-sourcepos=\"57:7-57:26\">Pantalla HD de 2,2\"<\/strong> muestra la bater\u00eda en tiempo real, las caladas restantes y el modo activo<\/p>\n<p data-sourcepos=\"59:1-60:76\">\u2753 <strong data-sourcepos=\"59:3-59:32\">\u00bfC\u00f3mo es la calidad del sabor?<\/strong><br \/>\n\u2705 <strong data-sourcepos=\"60:3-60:22\">Bobinas de malla dual<\/strong> entregar <strong data-sourcepos=\"60:31-60:50\">40% m\u00e1s sabor<\/strong> que los desechables est\u00e1ndar<\/p>\n<p data-sourcepos=\"62:1-63:67\">\u2753 <strong data-sourcepos=\"62:3-62:29\">\u00bfPara qui\u00e9n es este ideal?<br \/>\n<\/strong> \u2705 Vapers con ganas <strong data-sourcepos=\"63:18-63:47\">longevidad + personalizaci\u00f3n<\/strong> en un dispositivo elegante<\/p>\n<p data-sourcepos=\"65:1-66:88\">\u2753 <strong data-sourcepos=\"65:3-65:38\">\u00bfQu\u00e9 sabores son los m\u00e1s populares?<\/strong><br \/>\n\u2705 <strong data-sourcepos=\"66:3-66:20\">Hielo Razz Azul<\/strong>, <strong data-sourcepos=\"66:22-66:40\">Hielo de sand\u00eda<\/strong>, y <strong data-sourcepos=\"66:46-66:65\">kiwi fresa<\/strong> son los favoritos de los clientes<\/p>\n<div class=\"woocommerce-tabs wc-tabs-wrapper container tabbed-content\">\n<div class=\"tab-panels\">\n<div id=\"tab-description\" class=\"woocommerce-Tabs-panel woocommerce-Tabs-panel--description panel entry-content active\" role=\"tabpanel\" aria-labelledby=\"tab-title-description\">\n<p>&nbsp;<\/p>\n<h3 id=\"brxe-najhln\" class=\"brxe-heading\">Preguntas frecuentes (FAQ)<\/h3>\n<div id=\"brxe-rajiac\" class=\"brxe-text\">\n<p><strong>P: \u00bfQu\u00e9 m\u00e9todos de pago aceptan?<\/strong><br \/>\nR: Aceptamos PayPal, Stripe, transferencias bancarias (compatibles con SEPA), las principales tarjetas de cr\u00e9dito (Visa, MasterCard, American Express) y pagos con criptomonedas.<\/p>\n<p><strong>P: \u00bfCu\u00e1nto tiempo lleva la preparaci\u00f3n del pedido?<\/strong><br \/>\nR: La preparaci\u00f3n del pedido demora entre 1 y 3 d\u00edas h\u00e1biles.<\/p>\n<p><strong>P: \u00bfCu\u00e1l es el tiempo de env\u00edo?<\/strong><br \/>\nR: El tiempo de env\u00edo es de 7 a 14 d\u00edas h\u00e1biles, seg\u00fan su ubicaci\u00f3n.<\/p>\n<p><strong>P: \u00bfC\u00f3mo puedo realizar un seguimiento de mi pedido?<\/strong><br \/>\nR: Despu\u00e9s del env\u00edo, recibir\u00e1 un correo electr\u00f3nico de confirmaci\u00f3n con un n\u00famero de seguimiento para realizar un seguimiento en tiempo real.<\/p>\n<p><strong>P: \u00bfCu\u00e1l es su pol\u00edtica de devoluci\u00f3n?<\/strong><br \/>\nR: Ofrecemos una pol\u00edtica de devoluci\u00f3n de 30 d\u00edas para reembolsos o cambios. .<\/p>\n<p><strong>P: \u00bfHabr\u00e1 alg\u00fan problema aduanero?<br \/>\n<\/strong>Nos encargamos de todos los procedimientos de despacho de aduanas para garantizarle una experiencia sin complicaciones. .<\/p>\n<p><strong>P: \u00bfQu\u00e9 m\u00e9todos de env\u00edo se utilizan?<\/strong><br \/>\nCooperamos con UPS\/DHL\/FEDEX\/DPD, etc. Elegiremos la opci\u00f3n de env\u00edo adecuada seg\u00fan el pa\u00eds de entrega para asegurarnos de que reciba sus productos lo m\u00e1s r\u00e1pido posible.<\/p>\n<p><a href=\"https:\/\/pgvape.com\/es\/preguntas-frecuentes\/\">Haga clic aqu\u00ed para m\u00e1s preguntas frecuentes<\/a><\/p>\n<p>Estimados clientes: Si tienen alguna pregunta sobre su pedido o la llegada de la mercanc\u00eda, comun\u00edquese con nuestro servicio de atenci\u00f3n al cliente. \u00a1Gracias!<\/p>\n<h3 data-sourcepos=\"73:1-73:21\"><strong data-sourcepos=\"73:7-73:21\">Cont\u00e1ctenos<\/strong><\/h3>\n<div id=\"text-2419739398\" class=\"text\">\n<p><strong data-sourcepos=\"75:3-75:12\">Correo electr\u00f3nico<\/strong>:\u00a0<a href=\"mailto:support@pgvape.com\"><strong>support@pgvape.com<\/strong><\/a><\/p>\n<p><strong data-sourcepos=\"76:3-76:15\">WhatsApp<\/strong>:\u00a0<a href=\"https:\/\/wa.me\/+8618128481258\"><strong>+86 18128481258<\/strong><\/a><br \/>\n<strong>(Respuesta dentro de las 24 horas en d\u00edas h\u00e1biles)<\/strong><\/p>\n<\/div>\n<h3><strong>\u00a1Gracias por elegir pgvape.com! .<\/strong><\/h3>\n<\/div>\n<\/div>\n<div id=\"tab-reviews\" class=\"woocommerce-Tabs-panel woocommerce-Tabs-panel--reviews panel entry-content\" role=\"tabpanel\" aria-labelledby=\"tab-title-reviews\">\n<div id=\"reviews\" class=\"woocommerce-Reviews row\">\n<div id=\"review_form_wrapper\" class=\"large-12 col\">\n<div id=\"review_form\" class=\"col-inner\">\n<div class=\"review-form-inner has-border\">\n<div id=\"respond\" class=\"comment-respond\">\n<form id=\"commentform\" class=\"comment-form\" action=\"https:\/\/pgvape.com\/wp-comments-post.php\" enctype=\"multipart\/form-data\" method=\"post\" data-trp-original-action=\"https:\/\/pgvape.com\/wp-comments-post.php\">\n<p class=\"comment-form-comment\">\n<input type=\"hidden\" name=\"trp-form-language\" value=\"es\"\/><\/form>\n<\/div>\n<\/div>\n<\/div>\n<\/div>\n<\/div>\n<\/div>\n<\/div>\n<\/div>","protected":false},"excerpt":{"rendered":"<p><strong data-sourcepos=\"69:5-69:23\">Estrella Vozol 20K<\/strong> combina <strong data-sourcepos=\"69:33-69:58\">rendimiento de modo dual<\/strong>, <strong data-sourcepos=\"69:60-69:80\">Pantalla inteligente de alta definici\u00f3n<\/strong>, y <strong data-sourcepos=\"69:86-69:107\">21 opciones de sabor<\/strong> en un vaporizador desechable futurista con <strong data-sourcepos=\"69:145-69:172\">capacidad inigualable de 24 ml<\/strong>.<\/p>","protected":false},"featured_media":5164,"comment_status":"open","ping_status":"closed","template":"","meta":{"_seopress_robots_primary_cat":"none","_seopress_titles_title":"%%post_title%% %%sep%% %%sitetitle%%","_seopress_titles_desc":"","_seopress_robots_index":""},"product_brand":[411],"product_cat":[84,410],"product_tag":[367,418,419,203,204,417],"class_list":{"0":"post-5151","1":"product","2":"type-product","3":"status-publish","4":"has-post-thumbnail","6":"product_brand-vozol-vape","7":"product_cat-20k-puffs-vape","8":"product_cat-vozol-vape","9":"product_tag-20k-puffs-vape","10":"product_tag-dual-power-mode","11":"product_tag-mirror-screen","12":"product_tag-shipment-from-eu","13":"product_tag-vape-factory-direct","14":"product_tag-vozol-star-20","15":"product_shipping_class-overseas-warehouse","17":"first","18":"outofstock","19":"sale","20":"shipping-taxable","21":"purchasable","22":"product-type-variable"},"_links":{"self":[{"href":"https:\/\/pgvape.com\/es\/wp-json\/wp\/v2\/product\/5151","targetHints":{"allow":["GET"]}}],"collection":[{"href":"https:\/\/pgvape.com\/es\/wp-json\/wp\/v2\/product"}],"about":[{"href":"https:\/\/pgvape.com\/es\/wp-json\/wp\/v2\/types\/product"}],"replies":[{"embeddable":true,"href":"https:\/\/pgvape.com\/es\/wp-json\/wp\/v2\/comments?post=5151"}],"wp:featuredmedia":[{"embeddable":true,"href":"https:\/\/pgvape.com\/es\/wp-json\/wp\/v2\/media\/5164"}],"wp:attachment":[{"href":"https:\/\/pgvape.com\/es\/wp-json\/wp\/v2\/media?parent=5151"}],"wp:term":[{"taxonomy":"product_brand","embeddable":true,"href":"https:\/\/pgvape.com\/es\/wp-json\/wp\/v2\/product_brand?post=5151"},{"taxonomy":"product_cat","embeddable":true,"href":"https:\/\/pgvape.com\/es\/wp-json\/wp\/v2\/product_cat?post=5151"},{"taxonomy":"product_tag","embeddable":true,"href":"https:\/\/pgvape.com\/es\/wp-json\/wp\/v2\/product_tag?post=5151"}],"curies":[{"name":"wp","href":"https:\/\/api.w.org\/{rel}","templated":true}]}}