{"id":5086,"date":"2025-11-02T05:03:19","date_gmt":"2025-11-02T05:03:19","guid":{"rendered":"https:\/\/pgvape.com\/?post_type=product&#038;p=5086"},"modified":"2026-01-27T07:58:26","modified_gmt":"2026-01-27T07:58:26","slug":"vozol-star-40000-40k-sopla-directo-de-fabrica-llevado-curvado-vape-disponible-del-modo-dual-del-vape-de-la-pantalla","status":"publish","type":"product","link":"https:\/\/pgvape.com\/es\/producto\/vozol-star-40000-40k-sopla-directo-de-fabrica-llevado-curvado-vape-disponible-del-modo-dual-del-vape-de-la-pantalla\/","title":{"rendered":"Vozol Star 40000 40K sopla f\u00e1brica curvada Vape disponible de modo dual de Vape de la pantalla LED directa"},"content":{"rendered":"<p><strong data-sourcepos=\"8:5-8:39\">Vape desechable Vozol Star 40K<\/strong> es el <strong data-sourcepos=\"8:47-8:93\">la mejor opci\u00f3n mayorista para los proveedores de la UE<\/strong>, ofreciendo <strong data-sourcepos=\"8:104-8:120\">40.000 bocanadas<\/strong> (Modo Eco) y <strong data-sourcepos=\"8:136-8:152\">20.000 bocanadas<\/strong> (Modo de energ\u00eda). <strong data-sourcepos=\"8:180-8:212\">Bater\u00eda recargable de 1000MAH<\/strong> con <strong data-sourcepos=\"8:218-8:242\">Carga r\u00e1pida tipo C<\/strong>, presenta <strong data-sourcepos=\"8:256-8:275\">bobinas de malla dual<\/strong> con <strong data-sourcepos=\"8:281-8:300\">tecnolog\u00eda VAMT<\/strong> para <strong data-sourcepos=\"8:305-8:323\">sabor intenso<\/strong> y <strong data-sourcepos=\"8:328-8:344\">vapor suave<\/strong>. <strong data-sourcepos=\"8:350-8:372\">flujo de aire ajustable<\/strong> y <strong data-sourcepos=\"8:377-8:403\">pantalla LED curva ondulada<\/strong> (que muestra la bater\u00eda, el recuento de caladas y el modo) convi\u00e9rtalo en un <strong data-sourcepos=\"8:454-8:480\">desechables m\u00e1s vendidos<\/strong> para minoristas.<img loading=\"lazy\" decoding=\"async\" class=\"alignnone wp-image-5114 size-full\" src=\"https:\/\/pgvape.com\/wp-content\/uploads\/2025\/11\/pgvape-Vozol-Star-40000-Puffs-Dual-Mode-Disposable-Vape-8.jpg\" alt=\"Fila de coloridos dispositivos port\u00e1tiles Vozol Star 40000 con distintivas pantallas iluminadas onduladas verticales y asas de bucle, reflejadas en una superficie ondulada similar al agua contra un fondo arquitect\u00f3nico futurista azul ondulado y un gran titular que dice \u201cLa primera pantalla ondulada de la historia\u201d.\" width=\"1800\" height=\"899\" srcset=\"https:\/\/pgvape.com\/wp-content\/uploads\/2025\/11\/pgvape-Vozol-Star-40000-Puffs-Dual-Mode-Disposable-Vape-8.jpg 1800w, https:\/\/pgvape.com\/wp-content\/uploads\/2025\/11\/pgvape-Vozol-Star-40000-Puffs-Dual-Mode-Disposable-Vape-8-555x277.jpg 555w, https:\/\/pgvape.com\/wp-content\/uploads\/2025\/11\/pgvape-Vozol-Star-40000-Puffs-Dual-Mode-Disposable-Vape-8-595x297.jpg 595w, https:\/\/pgvape.com\/wp-content\/uploads\/2025\/11\/pgvape-Vozol-Star-40000-Puffs-Dual-Mode-Disposable-Vape-8-400x200.jpg 400w, https:\/\/pgvape.com\/wp-content\/uploads\/2025\/11\/pgvape-Vozol-Star-40000-Puffs-Dual-Mode-Disposable-Vape-8-768x384.jpg 768w, https:\/\/pgvape.com\/wp-content\/uploads\/2025\/11\/pgvape-Vozol-Star-40000-Puffs-Dual-Mode-Disposable-Vape-8-1536x767.jpg 1536w, https:\/\/pgvape.com\/wp-content\/uploads\/2025\/11\/pgvape-Vozol-Star-40000-Puffs-Dual-Mode-Disposable-Vape-8-18x9.jpg 18w, https:\/\/pgvape.com\/wp-content\/uploads\/2025\/11\/pgvape-Vozol-Star-40000-Puffs-Dual-Mode-Disposable-Vape-8-600x300.jpg 600w, https:\/\/pgvape.com\/wp-content\/uploads\/2025\/11\/pgvape-Vozol-Star-40000-Puffs-Dual-Mode-Disposable-Vape-8-60x30.jpg 60w\" sizes=\"auto, (max-width: 1800px) 100vw, 1800px\" \/><\/p>\n<p>&nbsp;<\/p>\n<h2><span style=\"font-size: 90%;\">Vozol Star 40000 inhalaciones Vape desechable de modo dual <strong data-sourcepos=\"10:5-10:31\">Presupuesto<\/strong><\/span><\/h2>\n<p><strong data-sourcepos=\"18:3-18:17\">Conteo de bocanadas<\/strong>:\u00a0<strong data-sourcepos=\"18:19-18:40\">40.000 (modo ecol\u00f3gico)<\/strong>\u00a0\/\u00a0<strong data-sourcepos=\"18:43-18:66\">20.000 (modo de energ\u00eda)<\/strong><\/p>\n<p><strong data-sourcepos=\"19:3-19:14\">Bater\u00eda<\/strong>:\u00a0<strong data-sourcepos=\"19:16-19:40\">1000MAH recargable<\/strong>\u00a0(<strong data-sourcepos=\"19:42-19:66\">Carga r\u00e1pida tipo C<\/strong>)<\/p>\n<p><strong data-sourcepos=\"20:3-20:11\">Bobina<\/strong>:\u00a0<strong data-sourcepos=\"20:13-20:39\">Malla dual con tecnolog\u00eda VAMT<\/strong>\u00a0(Sabor y vapor mejorados)<\/p>\n<p><strong data-sourcepos=\"21:3-21:14\">flujo de aire<\/strong>:\u00a0<strong data-sourcepos=\"21:16-21:30\">Ajustable<\/strong>\u00a0(Personalizaci\u00f3n MTL\/DTL)<\/p>\n<p><strong data-sourcepos=\"22:3-22:14\">Mostrar<\/strong>:\u00a0<strong data-sourcepos=\"22:16-22:37\">Pantalla LED curva<\/strong>\u00a0(Bater\u00eda %, Conteo de caladas, Modo)<\/p>\n<p><strong data-sourcepos=\"23:3-23:15\">Nicotina<\/strong>:\u00a0<strong data-sourcepos=\"23:17-23:30\">5% (50MG)<\/strong>\u00a0o\u00a0<strong data-sourcepos=\"23:34-23:47\">2% (20MG)<\/strong><\/p>\n<p><strong data-sourcepos=\"24:3-24:14\">Sabores<\/strong>:\u00a0<strong data-sourcepos=\"24:16-24:38\">25 opciones premium<\/strong>\u00a0(Afrutado, Mentol, Postre)<\/p>\n<p>&nbsp;<\/p>\n<h3><span style=\"font-size: 90%;\">Vozol Star 40000 inhalaciones Vape desechable de modo dual <strong data-sourcepos=\"22:5-22:20\">Lista de sabores<\/strong><\/span><\/h3>\n<p><strong data-sourcepos=\"29:4-29:21\">1. Hielo azul Razz<\/strong><\/p>\n<p><strong data-sourcepos=\"30:4-30:21\">2.Hielo de ar\u00e1ndanos<\/strong><\/p>\n<p><strong data-sourcepos=\"31:4-31:22\">3.Menta de ar\u00e1ndanos<\/strong><\/p>\n<p><strong data-sourcepos=\"32:4-32:28\">4.Sand\u00eda de ar\u00e1ndanos<\/strong><\/p>\n<p><strong data-sourcepos=\"33:4-33:36\">5.Bayas de pomelo y chirimoya<\/strong><\/p>\n<p><strong data-sourcepos=\"34:4-34:19\">6.Cola de cereza<\/strong><\/p>\n<p><strong data-sourcepos=\"35:4-35:17\">7.menta fresca<\/strong><\/p>\n<p><strong data-sourcepos=\"36:4-36:17\">8.Hielo de uva<\/strong><\/p>\n<p><strong data-sourcepos=\"37:4-37:17\">9.Hielo de mango<\/strong><\/p>\n<p><strong data-sourcepos=\"38:5-38:20\">10.Mango Melocot\u00f3n<\/strong><\/p>\n<p><strong data-sourcepos=\"39:5-39:18\">11.Chicle de mel\u00f3n<\/strong><\/p>\n<p><strong data-sourcepos=\"40:5-40:18\">12.Hielo de mel\u00f3n<\/strong><\/p>\n<p><strong data-sourcepos=\"41:5-41:18\">13.Hielo de melocot\u00f3n<\/strong><\/p>\n<p><strong data-sourcepos=\"42:5-42:23\">14.Hielo de manzana agria<\/strong><\/p>\n<p><strong data-sourcepos=\"43:5-43:23\">15.Hielo de fresa<\/strong><\/p>\n<p><strong data-sourcepos=\"44:5-44:24\">16.kiwi fresa<\/strong><\/p>\n<p><strong data-sourcepos=\"45:5-45:30\">17.Sand\u00eda Fresa<\/strong><\/p>\n<p><strong data-sourcepos=\"46:5-46:25\">18.Melocot\u00f3n y fresa<\/strong><\/p>\n<p><strong data-sourcepos=\"47:5-47:23\">19.tabaco<\/strong><\/p>\n<p><strong data-sourcepos=\"48:5-48:15\">20.Vzbull<\/strong>\u00a0(Bebida energ\u00e9tica)<\/p>\n<p><strong data-sourcepos=\"49:5-49:30\">21.Chicle de sand\u00eda<\/strong><\/p>\n<p><strong data-sourcepos=\"50:5-50:37\">22.Sand\u00eda, Uva, Ar\u00e1ndano<\/strong><\/p>\n<p><strong data-sourcepos=\"51:5-51:23\">23.Hielo de sand\u00eda<\/strong><\/p>\n<p><strong data-sourcepos=\"52:5-52:30\">24. Melocot\u00f3n agrio de sand\u00eda<\/strong><\/p>\n<p><strong data-sourcepos=\"53:5-53:30\">25. Melocot\u00f3n Blanco Frambuesa<img loading=\"lazy\" decoding=\"async\" class=\"alignnone wp-image-5112 size-full\" src=\"https:\/\/pgvape.com\/wp-content\/uploads\/2025\/11\/pgvape-Vozol-Star-40000-Puffs-Dual-Mode-Disposable-Vape-6.jpg\" alt=\"P\u00f3ster promocional para los dispositivos de vapeo desechables VOZOL STAR 40000 que muestra filas de dispositivos rectangulares blancos con boquillas de colores y nombres de sabores (por ejemplo, helado de sand\u00eda, helado de uva, helado de mango, helado de melocot\u00f3n, helado de fresa, manzana agria, helado de ar\u00e1ndano, menta fr\u00eda, cola de cereza, tabaco, goma de mel\u00f3n) y especificaciones de primera l\u00ednea que dicen pantalla curva ondulada, bobina de malla doble, 40 000\/25 000 caladas. .\" width=\"1800\" height=\"873\" srcset=\"https:\/\/pgvape.com\/wp-content\/uploads\/2025\/11\/pgvape-Vozol-Star-40000-Puffs-Dual-Mode-Disposable-Vape-6.jpg 1800w, https:\/\/pgvape.com\/wp-content\/uploads\/2025\/11\/pgvape-Vozol-Star-40000-Puffs-Dual-Mode-Disposable-Vape-6-555x269.jpg 555w, https:\/\/pgvape.com\/wp-content\/uploads\/2025\/11\/pgvape-Vozol-Star-40000-Puffs-Dual-Mode-Disposable-Vape-6-595x289.jpg 595w, https:\/\/pgvape.com\/wp-content\/uploads\/2025\/11\/pgvape-Vozol-Star-40000-Puffs-Dual-Mode-Disposable-Vape-6-400x194.jpg 400w, https:\/\/pgvape.com\/wp-content\/uploads\/2025\/11\/pgvape-Vozol-Star-40000-Puffs-Dual-Mode-Disposable-Vape-6-768x372.jpg 768w, https:\/\/pgvape.com\/wp-content\/uploads\/2025\/11\/pgvape-Vozol-Star-40000-Puffs-Dual-Mode-Disposable-Vape-6-1536x745.jpg 1536w, https:\/\/pgvape.com\/wp-content\/uploads\/2025\/11\/pgvape-Vozol-Star-40000-Puffs-Dual-Mode-Disposable-Vape-6-18x9.jpg 18w, https:\/\/pgvape.com\/wp-content\/uploads\/2025\/11\/pgvape-Vozol-Star-40000-Puffs-Dual-Mode-Disposable-Vape-6-600x291.jpg 600w, https:\/\/pgvape.com\/wp-content\/uploads\/2025\/11\/pgvape-Vozol-Star-40000-Puffs-Dual-Mode-Disposable-Vape-6-60x29.jpg 60w\" sizes=\"auto, (max-width: 1800px) 100vw, 1800px\" \/><\/strong><\/p>\n<p>&nbsp;<\/p>\n<h3><span style=\"font-size: 90%;\">Vozol Star 40000 inhalaciones Vape desechable de modo dual <strong>Video<\/strong>:<\/span><\/h3>\n<p>&nbsp;<\/p>\n<h2>Preguntas frecuentes sobre el vaporizador desechable de modo dual Vozol Star 40000 Puffs<\/h2>\n<p data-sourcepos=\"58:1-61:72\">\u2753 <strong data-sourcepos=\"58:3-58:35\">\u00bfPor qu\u00e9 elegir esto para mi tienda?<\/strong><br \/>\n\u2705 <strong data-sourcepos=\"59:3-59:26\">Altos m\u00e1rgenes de beneficio<\/strong> \u2013 Desechables de larga duraci\u00f3n = clientes habituales<br \/>\n\u2705 <strong data-sourcepos=\"60:3-60:27\">Stock de la UE = sin retrasos<\/strong> \u2013 Evite impuestos de importaci\u00f3n y problemas de env\u00edo<br \/>\n\u2705 <strong data-sourcepos=\"61:3-61:17\">25 sabores<\/strong> atraer compradores diversos (amantes de frutas, hielo, postres)<\/p>\n<p data-sourcepos=\"63:1-64:91\">\u2753 <strong data-sourcepos=\"63:3-63:40\">\u00bfC\u00f3mo mejora la tecnolog\u00eda VAMT las ventas?<br \/>\n<\/strong> \u2705 <strong data-sourcepos=\"64:3-64:42\">Serpentines de malla dual + calefacci\u00f3n optimizada<\/strong> = <strong data-sourcepos=\"64:45-64:74\">30% m\u00e1s retenci\u00f3n de sabor<\/strong> vs competidores<\/p>\n<p data-sourcepos=\"66:1-67:73\">\u2753 <strong data-sourcepos=\"66:3-66:36\">\u00bfAyuda la pantalla curva?<br \/>\n<\/strong> \u2705 A los clientes les encanta <strong data-sourcepos=\"67:22-67:38\">aspecto premium<\/strong> y <strong data-sourcepos=\"67:43-67:71\">seguimiento de uso en tiempo real<\/strong><\/p>\n<p data-sourcepos=\"69:1-70:80\">\u2753 <strong data-sourcepos=\"69:3-69:34\">\u00bfQu\u00e9 sabores se venden m\u00e1s r\u00e1pido?<br \/>\n<\/strong> \u2705 <strong data-sourcepos=\"70:3-70:20\">Los 3 mejores vendedores<\/strong>: <strong data-sourcepos=\"70:22-70:39\">Hielo Razz Azul<\/strong>, <strong data-sourcepos=\"70:41-70:66\">Sand\u00eda Fresa<\/strong>, <strong data-sourcepos=\"70:68-70:78\">Vzbull<\/strong><\/p>\n<p>&nbsp;<\/p>\n<h3 id=\"brxe-najhln\" class=\"brxe-heading\">Preguntas frecuentes (FAQ)<\/h3>\n<div id=\"brxe-rajiac\" class=\"brxe-text\">\n<p><strong>P: \u00bfQu\u00e9 m\u00e9todos de pago aceptan?<\/strong><br \/>\nR: Aceptamos PayPal, Stripe, transferencias bancarias (compatibles con SEPA), las principales tarjetas de cr\u00e9dito (Visa, MasterCard, American Express) y pagos con criptomonedas.<\/p>\n<p><strong>P: \u00bfCu\u00e1nto tiempo lleva la preparaci\u00f3n del pedido?<\/strong><br \/>\nR: La preparaci\u00f3n del pedido demora entre 1 y 3 d\u00edas h\u00e1biles.<\/p>\n<p><strong>P: \u00bfCu\u00e1l es el tiempo de env\u00edo?<\/strong><br \/>\nR: El tiempo de env\u00edo es de 7 a 14 d\u00edas h\u00e1biles, seg\u00fan su ubicaci\u00f3n.<\/p>\n<p><strong>P: \u00bfC\u00f3mo puedo realizar un seguimiento de mi pedido?<\/strong><br \/>\nR: Despu\u00e9s del env\u00edo, recibir\u00e1 un correo electr\u00f3nico de confirmaci\u00f3n con un n\u00famero de seguimiento para realizar un seguimiento en tiempo real.<\/p>\n<p><strong>P: \u00bfCu\u00e1l es su pol\u00edtica de devoluci\u00f3n?<\/strong><br \/>\nR: Ofrecemos una pol\u00edtica de devoluci\u00f3n de 30 d\u00edas para reembolsos o cambios. .<\/p>\n<p><strong>P: \u00bfHabr\u00e1 alg\u00fan problema aduanero?<br \/>\n<\/strong>Nos encargamos de todos los procedimientos de despacho de aduanas para garantizarle una experiencia sin complicaciones. .<\/p>\n<p><strong>P: \u00bfQu\u00e9 m\u00e9todos de env\u00edo se utilizan?<\/strong><br \/>\nCooperamos con UPS\/DHL\/FEDEX\/DPD, etc. Elegiremos la opci\u00f3n de env\u00edo adecuada seg\u00fan el pa\u00eds de entrega para asegurarnos de que reciba sus productos lo m\u00e1s r\u00e1pido posible.<\/p>\n<p><a href=\"https:\/\/pgvape.com\/es\/preguntas-frecuentes\/\">Haga clic aqu\u00ed para m\u00e1s preguntas frecuentes<\/a><\/p>\n<p>Estimados clientes: Si tienen alguna pregunta sobre su pedido o la llegada de la mercanc\u00eda, comun\u00edquese con nuestro servicio de atenci\u00f3n al cliente. \u00a1Gracias!<\/p>\n<h3 data-sourcepos=\"73:1-73:21\"><strong data-sourcepos=\"73:7-73:21\">Cont\u00e1ctenos<\/strong><\/h3>\n<div id=\"text-2419739398\" class=\"text\">\n<p><strong data-sourcepos=\"75:3-75:12\">Correo electr\u00f3nico<\/strong>:\u00a0<a href=\"mailto:support@pgvape.com\"><strong>support@pgvape.com<\/strong><\/a><\/p>\n<p><strong data-sourcepos=\"76:3-76:15\">WhatsApp<\/strong>:\u00a0<a href=\"https:\/\/wa.me\/+8618128481258\"><strong>+86 18128481258<\/strong><\/a><br \/>\n<strong>(Respuesta dentro de las 24 horas en d\u00edas h\u00e1biles)<\/strong><\/p>\n<\/div>\n<h3><strong>\u00a1Gracias por elegir pgvape.com! .<\/strong><\/h3>\n<\/div>","protected":false},"excerpt":{"rendered":"<p data-sourcepos=\"75:1-75:221\"><strong data-sourcepos=\"75:5-75:23\">Vozol Estrella 40K<\/strong> es un <strong data-sourcepos=\"75:29-75:53\">venta al por major potencia<\/strong>, combinando <strong data-sourcepos=\"75:65-75:78\">40K bocanadas<\/strong>, <strong data-sourcepos=\"75:80-75:105\">tecnolog\u00eda de sabor de doble malla<\/strong>, y <strong data-sourcepos=\"75:111-75:134\">25 variedades de sabores<\/strong> en un elegante desechable recargable. <strong data-sourcepos=\"75:172-75:219\">Stock de la UE = entrega r\u00e1pida y minoristas felices.<\/strong><\/p>","protected":false},"featured_media":5107,"comment_status":"open","ping_status":"closed","template":"","meta":{"_seopress_robots_primary_cat":"none","_seopress_titles_title":"%%post_title%% %%sep%% %%sitetitle%%","_seopress_titles_desc":"","_seopress_robots_index":""},"product_brand":[516,411],"product_cat":[103,515,410],"product_tag":[413,416,90,415,203,204,414],"class_list":{"0":"post-5086","1":"product","2":"type-product","3":"status-publish","4":"has-post-thumbnail","6":"product_brand-disposable-vape","7":"product_brand-vozol-vape","8":"product_cat-40k-puffs-vape","9":"product_cat-disposable-vape","10":"product_cat-vozol-vape","11":"product_tag-40k-puffs-vape","12":"product_tag-curved-led-screen","13":"product_tag-disposable-vape","14":"product_tag-dual-mode","15":"product_tag-shipment-from-eu","16":"product_tag-vape-factory-direct","17":"product_tag-vozol-star-40000","19":"first","20":"instock","21":"sale","22":"shipping-taxable","23":"purchasable","24":"product-type-variable"},"_links":{"self":[{"href":"https:\/\/pgvape.com\/es\/wp-json\/wp\/v2\/product\/5086","targetHints":{"allow":["GET"]}}],"collection":[{"href":"https:\/\/pgvape.com\/es\/wp-json\/wp\/v2\/product"}],"about":[{"href":"https:\/\/pgvape.com\/es\/wp-json\/wp\/v2\/types\/product"}],"replies":[{"embeddable":true,"href":"https:\/\/pgvape.com\/es\/wp-json\/wp\/v2\/comments?post=5086"}],"wp:featuredmedia":[{"embeddable":true,"href":"https:\/\/pgvape.com\/es\/wp-json\/wp\/v2\/media\/5107"}],"wp:attachment":[{"href":"https:\/\/pgvape.com\/es\/wp-json\/wp\/v2\/media?parent=5086"}],"wp:term":[{"taxonomy":"product_brand","embeddable":true,"href":"https:\/\/pgvape.com\/es\/wp-json\/wp\/v2\/product_brand?post=5086"},{"taxonomy":"product_cat","embeddable":true,"href":"https:\/\/pgvape.com\/es\/wp-json\/wp\/v2\/product_cat?post=5086"},{"taxonomy":"product_tag","embeddable":true,"href":"https:\/\/pgvape.com\/es\/wp-json\/wp\/v2\/product_tag?post=5086"}],"curies":[{"name":"wp","href":"https:\/\/api.w.org\/{rel}","templated":true}]}}