{"id":5013,"date":"2025-11-01T10:34:36","date_gmt":"2025-11-01T10:34:36","guid":{"rendered":"https:\/\/pgvape.com\/?post_type=product&#038;p=5013"},"modified":"2026-01-27T15:36:10","modified_gmt":"2026-01-27T15:36:10","slug":"fihp-multi-120000-120k-inhalaciones-6-en-1-sabores-vape-desechable-bobina-de-malla-dual-2-5-nicotina-6-gustos-pantalla-inteligente-vape-directo-de-fabrica","status":"publish","type":"product","link":"https:\/\/pgvape.com\/es\/producto\/fihp-multi-120000-120k-inhalaciones-6-en-1-sabores-vape-desechable-bobina-de-malla-dual-2-5-nicotina-6-gustos-pantalla-inteligente-vape-directo-de-fabrica\/","title":{"rendered":"FIHP MULTI 120000 | 120K Puffs 6 en 1 sabores Vape desechable | Bobina de malla doble | 2% 5% Nicotina | 6Tastes | Pantalla inteligente | Vape Factory Direct"},"content":{"rendered":"<p><strong data-sourcepos=\"4:5-4:48\">FIHP MULTI 120000 inhalaciones Vape desechable<\/strong> Redefine el vapeo con <strong data-sourcepos=\"4:71-4:99\">120.000 bocanadas ultralargas<\/strong> Y <strong data-sourcepos=\"4:104-4:142\">6 sabores ajustables en un solo dispositivo<\/strong>. <strong data-sourcepos=\"4:157-4:188\">Bater\u00eda recargable de 650 mAh.<\/strong> Con <strong data-sourcepos=\"4:194-4:218\">Carga r\u00e1pida tipo C<\/strong>, Cuenta con un <strong data-sourcepos=\"4:234-4:252\">Bobina de malla doble<\/strong> Para <strong data-sourcepos=\"4:257-4:279\">Vapor rico y suave<\/strong> y un <strong data-sourcepos=\"4:286-4:312\">Capacidad de l\u00edquido electr\u00f3nico de 64 ml<\/strong> Para un disfrute prolongado. <strong data-sourcepos=\"4:341-4:362\">Pantalla LED inteligente<\/strong> Realiza un seguimiento del estado de la bater\u00eda y del soplo, mientras <strong data-sourcepos=\"4:403-4:421\">Dise\u00f1o compacto<\/strong> Garantiza la portabilidad.<img loading=\"lazy\" decoding=\"async\" class=\"alignnone wp-image-5023 size-full\" src=\"https:\/\/pgvape.com\/wp-content\/uploads\/2025\/11\/pgvape-FIHP-MULTI-120000-Puffs-6-in-1-Flavors-Disposable-Vape-8.jpg\" alt=\"Seis coloridos dispositivos de vapeo rectangulares (verde, azul, rosa, naranja, amarillo, morado) con etiquetas de simios de dibujos animados y la marca FIHP Multi que dice \u201c6 en 1\u201d y \u201c12000 PUFFS\u201d, alineados sobre un fondo rosa acanalado con un peque\u00f1o cactus decorativo en una maceta a la izquierda.\" width=\"1800\" height=\"595\" srcset=\"https:\/\/pgvape.com\/wp-content\/uploads\/2025\/11\/pgvape-FIHP-MULTI-120000-Puffs-6-in-1-Flavors-Disposable-Vape-8.jpg 1800w, https:\/\/pgvape.com\/wp-content\/uploads\/2025\/11\/pgvape-FIHP-MULTI-120000-Puffs-6-in-1-Flavors-Disposable-Vape-8-555x183.jpg 555w, https:\/\/pgvape.com\/wp-content\/uploads\/2025\/11\/pgvape-FIHP-MULTI-120000-Puffs-6-in-1-Flavors-Disposable-Vape-8-595x197.jpg 595w, https:\/\/pgvape.com\/wp-content\/uploads\/2025\/11\/pgvape-FIHP-MULTI-120000-Puffs-6-in-1-Flavors-Disposable-Vape-8-400x132.jpg 400w, https:\/\/pgvape.com\/wp-content\/uploads\/2025\/11\/pgvape-FIHP-MULTI-120000-Puffs-6-in-1-Flavors-Disposable-Vape-8-768x254.jpg 768w, https:\/\/pgvape.com\/wp-content\/uploads\/2025\/11\/pgvape-FIHP-MULTI-120000-Puffs-6-in-1-Flavors-Disposable-Vape-8-1536x508.jpg 1536w, https:\/\/pgvape.com\/wp-content\/uploads\/2025\/11\/pgvape-FIHP-MULTI-120000-Puffs-6-in-1-Flavors-Disposable-Vape-8-18x6.jpg 18w, https:\/\/pgvape.com\/wp-content\/uploads\/2025\/11\/pgvape-FIHP-MULTI-120000-Puffs-6-in-1-Flavors-Disposable-Vape-8-600x198.jpg 600w, https:\/\/pgvape.com\/wp-content\/uploads\/2025\/11\/pgvape-FIHP-MULTI-120000-Puffs-6-in-1-Flavors-Disposable-Vape-8-60x20.jpg 60w\" sizes=\"auto, (max-width: 1800px) 100vw, 1800px\" \/><\/p>\n<p>&nbsp;<\/p>\n<h2><span style=\"font-size: 90%;\">FIHP MULTI 120000 120K sopla 6 en 1 sabores Vape desechable <strong data-sourcepos=\"10:5-10:31\">Presupuesto<\/strong><\/span><\/h2>\n<p><strong data-sourcepos=\"7:3-7:20\">120.000 bocanadas<\/strong>\u00a0\u2013 Longevidad l\u00edder en la industria<\/p>\n<p><strong data-sourcepos=\"8:3-8:25\">6 cambios de sabor<\/strong>\u00a0\u2013 Ciclo instant\u00e1neo entre\u00a0<strong data-sourcepos=\"8:52-8:73\">6 sabores premium<\/strong><\/p>\n<p><strong data-sourcepos=\"9:3-9:21\">Bobina de malla doble<\/strong>\u00a0\u2013\u00a0<strong data-sourcepos=\"9:24-9:61\">50% M\u00e1s sabor y nubes m\u00e1s suaves<\/strong><\/p>\n<p><strong data-sourcepos=\"10:3-10:20\">64ML E-l\u00edquido<\/strong>\u00a0\u2013 Gran capacidad precargada<\/p>\n<p><strong data-sourcepos=\"11:3-11:21\">Bater\u00eda de 650MAH<\/strong>\u00a0\u2013\u00a0<strong data-sourcepos=\"11:24-11:48\">Carga r\u00e1pida tipo C<\/strong>\u00a0Para potenciadores r\u00e1pidos<\/p>\n<p><strong data-sourcepos=\"12:3-12:18\">Pantalla LED<\/strong>\u00a0\u2013 En tiempo real\u00a0<strong data-sourcepos=\"12:31-12:58\">Seguimiento de bater\u00eda y bocanadas<\/strong><\/p>\n<p><strong data-sourcepos=\"13:3-13:23\">Opciones de nicotina<\/strong>:\u00a0<strong data-sourcepos=\"13:25-13:50\">2% (20 mg) y 5% (50 mg)<\/strong><\/p>\n<p><strong data-sourcepos=\"14:3-14:16\">Embalaje<\/strong>:\u00a0<strong data-sourcepos=\"14:18-14:36\">10 dispositivos\/caja<\/strong>\u00a0\u2013 Ideal para venta minorista y mayorista<\/p>\n<p>&nbsp;<\/p>\n<h3><span style=\"font-size: 90%;\">FIHP MULTI 120000 120K sopla 6 en 1 sabores Vape desechable <strong data-sourcepos=\"22:5-22:20\">Lista de sabores<\/strong><\/span><\/h3>\n<p><strong data-sourcepos=\"17:4-17:104\">1.Sand\u00eda Fresa + Hielo De Sand\u00eda + Red Bull + Kiwi Fresa + Hielo De Ar\u00e1ndano + Lima Lim\u00f3n<\/strong><\/p>\n<p><strong data-sourcepos=\"18:4-18:117\">2.Melocot\u00f3n Lim\u00f3n + Pl\u00e1tano Fresa + Manzana Doble + Sand\u00eda Frambuesa + Pi\u00f1a Mango Agrio + Fruta Tropical<\/strong><\/p>\n<p><strong data-sourcepos=\"19:4-19:115\">3.Coca cola de fresa y vainilla + pi\u00f1a y coco + blue razz + frutos rojos variados + mango, melocot\u00f3n + ar\u00e1ndano y frambuesa<\/strong><\/p>\n<p><strong data-sourcepos=\"20:4-20:97\">4.Osito de goma + Melocot\u00f3n + Mel\u00f3n triple + Hielo de uva + Hielo de drag\u00f3n negro + Hielo de cereza gaseosa<\/strong><\/p>\n<p><strong data-sourcepos=\"21:4-21:99\">5.Hielo de melocot\u00f3n + Caramelo arco\u00edris + Hielo de cola de cereza + Love 666 + Hielo de mango + Algod\u00f3n de az\u00facar de ar\u00e1ndanos<\/strong><\/p>\n<p><strong data-sourcepos=\"22:4-22:108\">6.Sand\u00eda Lim\u00f3n + Hielo De Lichi De Aloe + Lim\u00f3n Rosa + Hielo Glaciar + Menta Aguja De Pino + Hielo De Grosella Negra<br \/>\n<img loading=\"lazy\" decoding=\"async\" class=\"alignnone wp-image-5020 size-full\" src=\"https:\/\/pgvape.com\/wp-content\/uploads\/2025\/11\/pgvape-FIHP-MULTI-120000-Puffs-6-in-1-Flavors-Disposable-Vape-5.png\" alt=\"\" width=\"1058\" height=\"1500\" srcset=\"https:\/\/pgvape.com\/wp-content\/uploads\/2025\/11\/pgvape-FIHP-MULTI-120000-Puffs-6-in-1-Flavors-Disposable-Vape-5.png 1058w, https:\/\/pgvape.com\/wp-content\/uploads\/2025\/11\/pgvape-FIHP-MULTI-120000-Puffs-6-in-1-Flavors-Disposable-Vape-5-254x360.png 254w, https:\/\/pgvape.com\/wp-content\/uploads\/2025\/11\/pgvape-FIHP-MULTI-120000-Puffs-6-in-1-Flavors-Disposable-Vape-5-595x844.png 595w, https:\/\/pgvape.com\/wp-content\/uploads\/2025\/11\/pgvape-FIHP-MULTI-120000-Puffs-6-in-1-Flavors-Disposable-Vape-5-282x400.png 282w, https:\/\/pgvape.com\/wp-content\/uploads\/2025\/11\/pgvape-FIHP-MULTI-120000-Puffs-6-in-1-Flavors-Disposable-Vape-5-768x1089.png 768w, https:\/\/pgvape.com\/wp-content\/uploads\/2025\/11\/pgvape-FIHP-MULTI-120000-Puffs-6-in-1-Flavors-Disposable-Vape-5-8x12.png 8w, https:\/\/pgvape.com\/wp-content\/uploads\/2025\/11\/pgvape-FIHP-MULTI-120000-Puffs-6-in-1-Flavors-Disposable-Vape-5-600x851.png 600w, https:\/\/pgvape.com\/wp-content\/uploads\/2025\/11\/pgvape-FIHP-MULTI-120000-Puffs-6-in-1-Flavors-Disposable-Vape-5-28x40.png 28w\" sizes=\"auto, (max-width: 1058px) 100vw, 1058px\" \/><br \/>\n<\/strong><\/p>\n<p>&nbsp;<\/p>\n<h3><span style=\"font-size: 90%;\">FIHP MULTI 120000 120K sopla 6 en 1 sabores Vape desechable <strong>Video<\/strong>:<\/span><\/h3>\n<p>&nbsp;<\/p>\n<h2>Preguntas frecuentes sobre FIHP MULTI 120000 120K Puffs 6 en 1 sabores Vape desechable<\/h2>\n<p data-sourcepos=\"25:1-26:110\">\u2753 <strong data-sourcepos=\"25:3-25:40\">\u00bfC\u00f3mo funciona el cambio de 6 sabores?<\/strong><br \/>\n\u2705 <strong data-sourcepos=\"26:3-26:23\">Bot\u00f3n de un toque<\/strong> Le permite alternar instant\u00e1neamente entre <strong data-sourcepos=\"26:58-26:80\">6 sabores incorporados<\/strong> \u2013 No se necesitan cambios de dispositivo.<\/p>\n<p data-sourcepos=\"28:1-29:85\">\u2753 <strong data-sourcepos=\"28:3-28:38\">\u00bfQu\u00e9 hace posibles 120.000 inhalaciones?<br \/>\n<\/strong> \u2705 <strong data-sourcepos=\"29:3-29:30\">Dep\u00f3sito de l\u00edquido electr\u00f3nico de 64 ml<\/strong> + <strong data-sourcepos=\"29:33-29:62\">Bobina doble de alta eficiencia<\/strong> Maximiza la longevidad.<\/p>\n<p data-sourcepos=\"31:1-32:92\">\u2753 <strong data-sourcepos=\"31:3-31:36\">\u00bfLa calidad del vapor es premium?<\/strong><br \/>\n\u2705 <strong data-sourcepos=\"32:3-32:22\">Bobinas de malla dual<\/strong> Entregar <strong data-sourcepos=\"32:31-32:63\">Nubes m\u00e1s densas y sabor m\u00e1s rico<\/strong> Que los desechables est\u00e1ndar.<\/p>\n<p data-sourcepos=\"34:1-35:66\">\u2753 <strong data-sourcepos=\"34:3-34:35\">\u00bfCu\u00e1nto tiempo lleva la carga?<\/strong><br \/>\n\u2705 <strong data-sourcepos=\"35:3-35:18\">Puerto tipo C<\/strong> Proporciona carga completa <strong data-sourcepos=\"35:43-35:63\">Menos de 60 minutos<\/strong>.<\/p>\n<p data-sourcepos=\"37:1-38:87\">\u2753 <strong data-sourcepos=\"37:3-37:29\">\u00bfPara qui\u00e9n es ideal?<br \/>\n<\/strong> \u2705 Vapers que quieren <strong data-sourcepos=\"38:19-38:70\">M\u00e1ximas bocanadas, variedad de sabores y funciones inteligentes<\/strong> En un solo dispositivo.<\/p>\n<p>&nbsp;<\/p>\n<h3 id=\"brxe-najhln\" class=\"brxe-heading\">Preguntas frecuentes (FAQ)<\/h3>\n<div id=\"brxe-rajiac\" class=\"brxe-text\">\n<p><strong>P: \u00bfQu\u00e9 m\u00e9todos de pago aceptan?<\/strong><br \/>\nR: Aceptamos PayPal, Stripe, transferencias bancarias (compatibles con SEPA), las principales tarjetas de cr\u00e9dito (Visa, MasterCard, American Express) y pagos con criptomonedas.<\/p>\n<p><strong>P: \u00bfCu\u00e1nto tiempo lleva la preparaci\u00f3n del pedido?<\/strong><br \/>\nR: La preparaci\u00f3n del pedido demora entre 1 y 3 d\u00edas h\u00e1biles.<\/p>\n<p><strong>P: \u00bfCu\u00e1l es el tiempo de env\u00edo?<\/strong><br \/>\nR: El tiempo de env\u00edo es de 7 a 14 d\u00edas h\u00e1biles, seg\u00fan su ubicaci\u00f3n.<\/p>\n<p><strong>P: \u00bfC\u00f3mo puedo realizar un seguimiento de mi pedido?<\/strong><br \/>\nR: Despu\u00e9s del env\u00edo, recibir\u00e1 un correo electr\u00f3nico de confirmaci\u00f3n con un n\u00famero de seguimiento para realizar un seguimiento en tiempo real.<\/p>\n<p><strong>P: \u00bfCu\u00e1l es su pol\u00edtica de devoluci\u00f3n?<\/strong><br \/>\nR: Ofrecemos una pol\u00edtica de devoluci\u00f3n de 30 d\u00edas para reembolsos o cambios. .<\/p>\n<p><strong>P: \u00bfHabr\u00e1 alg\u00fan problema aduanero?<br \/>\n<\/strong>Nos encargamos de todos los procedimientos de despacho de aduanas para garantizarle una experiencia sin complicaciones. .<\/p>\n<p><strong>P: \u00bfQu\u00e9 m\u00e9todos de env\u00edo se utilizan?<\/strong><br \/>\nCooperamos con UPS\/DHL\/FEDEX\/DPD, etc. Elegiremos la opci\u00f3n de env\u00edo adecuada seg\u00fan el pa\u00eds de entrega para asegurarnos de que reciba sus productos lo m\u00e1s r\u00e1pido posible.<\/p>\n<p><a href=\"https:\/\/pgvape.com\/es\/preguntas-frecuentes\/\">Haga clic aqu\u00ed para m\u00e1s preguntas frecuentes<\/a><\/p>\n<p>Estimados clientes: Si tienen alguna pregunta sobre su pedido o la llegada de la mercanc\u00eda, comun\u00edquese con nuestro servicio de atenci\u00f3n al cliente. \u00a1Gracias!<\/p>\n<h3 data-sourcepos=\"73:1-73:21\"><strong data-sourcepos=\"73:7-73:21\">Cont\u00e1ctenos<\/strong><\/h3>\n<div id=\"text-2419739398\" class=\"text\">\n<p><strong data-sourcepos=\"75:3-75:12\">Correo electr\u00f3nico<\/strong>:\u00a0<a href=\"mailto:support@pgvape.com\"><strong>support@pgvape.com<\/strong><\/a><\/p>\n<p><strong data-sourcepos=\"76:3-76:15\">WhatsApp<\/strong>:\u00a0<a href=\"https:\/\/wa.me\/+8618128481258\"><strong>+86 18128481258<\/strong><\/a><br \/>\n<strong>(Respuesta dentro de las 24 horas en d\u00edas h\u00e1biles)<\/strong><\/p>\n<\/div>\n<h3><strong>\u00a1Gracias por elegir pgvape.com! .<\/strong><\/h3>\n<\/div>","protected":false},"excerpt":{"rendered":"<p><strong data-sourcepos=\"41:5-41:30\">FIHP MULTI 120K bocanadas<\/strong> combina <strong data-sourcepos=\"41:40-41:117\">Capacidad r\u00e9cord, flexibilidad de 6 sabores y rendimiento de doble bobina<\/strong> \u2013 La mejor opci\u00f3n para <strong data-sourcepos=\"41:144-41:182\">Cazadores de sabores y entusiastas de la nube<\/strong>.<\/p>","protected":false},"featured_media":5017,"comment_status":"open","ping_status":"closed","template":"","meta":{"_seopress_robots_primary_cat":"none","_seopress_titles_title":"%%post_title%% %%sep%% %%sitetitle%%","_seopress_titles_desc":"","_seopress_robots_index":""},"product_brand":[516,275],"product_cat":[69,515,274],"product_tag":[354,253,90,257,408,136,204],"class_list":{"0":"post-5013","1":"product","2":"type-product","3":"status-publish","4":"has-post-thumbnail","6":"product_brand-disposable-vape","7":"product_brand-fihp-vape","8":"product_cat-120k-puffs-vape","9":"product_cat-disposable-vape","10":"product_cat-fihp-vape","11":"product_tag-120k-puffs-vape","12":"product_tag-6-in-1-flavors","13":"product_tag-disposable-vape","14":"product_tag-dual-mesh-coil","15":"product_tag-fihp-multi-120000","16":"product_tag-smart-screen","17":"product_tag-vape-factory-direct","19":"first","20":"instock","21":"sale","22":"shipping-taxable","23":"purchasable","24":"product-type-variable"},"_links":{"self":[{"href":"https:\/\/pgvape.com\/es\/wp-json\/wp\/v2\/product\/5013","targetHints":{"allow":["GET"]}}],"collection":[{"href":"https:\/\/pgvape.com\/es\/wp-json\/wp\/v2\/product"}],"about":[{"href":"https:\/\/pgvape.com\/es\/wp-json\/wp\/v2\/types\/product"}],"replies":[{"embeddable":true,"href":"https:\/\/pgvape.com\/es\/wp-json\/wp\/v2\/comments?post=5013"}],"wp:featuredmedia":[{"embeddable":true,"href":"https:\/\/pgvape.com\/es\/wp-json\/wp\/v2\/media\/5017"}],"wp:attachment":[{"href":"https:\/\/pgvape.com\/es\/wp-json\/wp\/v2\/media?parent=5013"}],"wp:term":[{"taxonomy":"product_brand","embeddable":true,"href":"https:\/\/pgvape.com\/es\/wp-json\/wp\/v2\/product_brand?post=5013"},{"taxonomy":"product_cat","embeddable":true,"href":"https:\/\/pgvape.com\/es\/wp-json\/wp\/v2\/product_cat?post=5013"},{"taxonomy":"product_tag","embeddable":true,"href":"https:\/\/pgvape.com\/es\/wp-json\/wp\/v2\/product_tag?post=5013"}],"curies":[{"name":"wp","href":"https:\/\/api.w.org\/{rel}","templated":true}]}}