{"id":4966,"date":"2025-11-01T09:22:16","date_gmt":"2025-11-01T09:22:16","guid":{"rendered":"https:\/\/pgvape.com\/?post_type=product&#038;p=4966"},"modified":"2026-01-27T15:37:51","modified_gmt":"2026-01-27T15:37:51","slug":"zooy-rainbow-16000-16k-sopla-directo-de-fabrica-dual-del-vape-del-sistema-de-la-bobina-del-vape-disponible","status":"publish","type":"product","link":"https:\/\/pgvape.com\/es\/producto\/zooy-rainbow-16000-16k-sopla-directo-de-fabrica-dual-del-vape-del-sistema-de-la-bobina-del-vape-disponible\/","title":{"rendered":"ZOOY Rainbow 16000 16K sopla f\u00e1brica dual disponible de Vape del sistema de la bobina de Vape directo"},"content":{"rendered":"<p><strong data-sourcepos=\"4:5-4:53\">Zooy Rainbow Box 16000 inhalaciones Vape desechable<\/strong> entrega <strong data-sourcepos=\"4:63-4:95\">satisfacci\u00f3n extendida del vapeo<\/strong> con <strong data-sourcepos=\"4:101-4:128\">16.000 caladas ultralargas<\/strong> y <strong data-sourcepos=\"4:133-4:170\">Capacidad de e-l\u00edquido precargado de 26 ml.<\/strong>. <strong data-sourcepos=\"4:182-4:206\">tecnolog\u00eda de doble bobina<\/strong> para <strong data-sourcepos=\"4:211-4:241\">producci\u00f3n de sabor mejorada<\/strong>, ofrece <strong data-sourcepos=\"4:253-4:286\">Opciones de sal de nicotina 2% y 5%<\/strong> seg\u00fan sus preferencias. <strong data-sourcepos=\"4:316-4:347\">Bater\u00eda recargable de 650 mAh.<\/strong> con <strong data-sourcepos=\"4:353-4:372\">Carga tipo C<\/strong> garantiza un rendimiento ininterrumpido, mientras que el <strong data-sourcepos=\"4:418-4:438\">dise\u00f1o de caja elegante<\/strong> proporciona ambos <strong data-sourcepos=\"4:453-4:478\">estilo y portabilidad<\/strong>.<\/p>\n<p>&nbsp;<\/p>\n<h2><span style=\"font-size: 90%;\">ZOOY Rainbow 16000 | 16K inhala Vape desechable <strong data-sourcepos=\"10:5-10:31\">Presupuesto<\/strong><\/span><\/h2>\n<p><strong data-sourcepos=\"7:3-7:30\">16.000 bocanadas ultralargas<\/strong>\u00a0para sesiones prolongadas de vapeo<\/p>\n<p><strong data-sourcepos=\"8:3-8:29\">Capacidad de l\u00edquido electr\u00f3nico de 26 ml<\/strong>\u00a0\u2013 enorme tanque precargado<\/p>\n<p><strong data-sourcepos=\"9:3-9:23\">Sistema de doble bobina<\/strong>\u00a0\u2013 sabor m\u00e1s rico y vapor m\u00e1s suave<\/p>\n<p><strong data-sourcepos=\"10:3-10:36\">Opciones de sal de nicotina 2% y 5%<\/strong>\u00a0\u2013 golpe de garganta satisfactorio<\/p>\n<p><strong data-sourcepos=\"11:3-11:34\">Bater\u00eda recargable de 650 mAh.<\/strong>\u00a0\u2013 poder duradero<\/p>\n<p><strong data-sourcepos=\"12:3-12:27\">Carga r\u00e1pida tipo C<\/strong>\u00a0\u2013 potenciadores r\u00e1pidos<\/p>\n<p><strong data-sourcepos=\"13:3-13:23\">Dise\u00f1o de caja elegante<\/strong>\u00a0\u2013 agarre c\u00f3modo y aspecto elegante<\/p>\n<p>&nbsp;<\/p>\n<h3><span style=\"font-size: 90%;\">ZOOY Rainbow 16000 | 16K inhala Vape desechable <strong data-sourcepos=\"22:5-22:20\">Lista de sabores<\/strong><\/span><\/h3>\n<p><strong data-sourcepos=\"16:4-16:25\">1.Pl\u00e1tano y fresa<\/strong>\u00a0\u2013 mezcla cremosa de frutas<\/p>\n<p><strong data-sourcepos=\"17:4-17:30\">2. Sand\u00eda Melocot\u00f3n Mango<\/strong>\u00a0\u2013 tr\u00edo tropical<\/p>\n<p><strong data-sourcepos=\"18:4-18:19\">3. Melocot\u00f3n Lim\u00f3n<\/strong>\u00a0\u2013 dulzura c\u00edtrica<\/p>\n<p><strong data-sourcepos=\"19:4-19:28\">4.Zooy Bull (Red Bull)<\/strong>\u00a0\u2013 sabor a bebida energ\u00e9tica<\/p>\n<p><strong data-sourcepos=\"20:4-20:27\">5. Frambuesa de ar\u00e1ndano<\/strong>\u00a0\u2013 mezcla de bayas<\/p>\n<p><strong data-sourcepos=\"21:4-21:24\">6. Cereza azul Razz<\/strong>\u00a0\u2013 agrio y dulce<\/p>\n<p><strong data-sourcepos=\"22:4-22:35\">7.Fresa Frambuesa Cereza<\/strong>\u00a0\u2013 triple delicia de bayas<\/p>\n<p><strong data-sourcepos=\"23:4-23:22\">8.Hielo de sand\u00eda<\/strong>\u00a0\u2013 refrescante sabor de verano<\/p>\n<p><strong data-sourcepos=\"24:4-24:23\">9.kiwi fresa<\/strong>\u00a0\u2013 combinaci\u00f3n cl\u00e1sica de frutas<\/p>\n<p><strong data-sourcepos=\"25:5-25:30\">10.Sand\u00eda Fresa<\/strong>\u00a0\u2013 dulzura jugosa<\/p>\n<p><strong data-sourcepos=\"26:5-26:25\">11. Hielo del Drag\u00f3n Negro<\/strong>\u00a0\u2013 misteriosa mezcla fresca<\/p>\n<p><strong data-sourcepos=\"27:5-27:20\">12.Baya mixta<\/strong>\u00a0\u2013 explosi\u00f3n frutal<br \/>\n<img loading=\"lazy\" decoding=\"async\" class=\"alignnone wp-image-4987 size-full\" src=\"https:\/\/pgvape.com\/wp-content\/uploads\/2025\/11\/pgvape-ZOOY-Rainbow-16000-Puffs-Disposable-Vape-16.png\" alt=\"Imagen promocional titulada &#039;ZOOY VAPE RAINBOW BOX 16000 PUFFS&#039; que muestra tres coloridos dispositivos de vapeo desechables (rojo, amarillo, verde azulado) con una peque\u00f1a pantalla digital de hojaldre, una lista del lado derecho de nombres de sabores (que incluyen fresa, pl\u00e1tano, durazno, mango, sand\u00eda, lim\u00f3n, durazno, ar\u00e1ndano y frambuesa y otros) y una fila de peque\u00f1os \u00edconos de dispositivos de colores en la parte inferior.\" width=\"800\" height=\"800\" srcset=\"https:\/\/pgvape.com\/wp-content\/uploads\/2025\/11\/pgvape-ZOOY-Rainbow-16000-Puffs-Disposable-Vape-16.png 800w, https:\/\/pgvape.com\/wp-content\/uploads\/2025\/11\/pgvape-ZOOY-Rainbow-16000-Puffs-Disposable-Vape-16-360x360.png 360w, https:\/\/pgvape.com\/wp-content\/uploads\/2025\/11\/pgvape-ZOOY-Rainbow-16000-Puffs-Disposable-Vape-16-595x595.png 595w, https:\/\/pgvape.com\/wp-content\/uploads\/2025\/11\/pgvape-ZOOY-Rainbow-16000-Puffs-Disposable-Vape-16-400x400.png 400w, https:\/\/pgvape.com\/wp-content\/uploads\/2025\/11\/pgvape-ZOOY-Rainbow-16000-Puffs-Disposable-Vape-16-768x768.png 768w, https:\/\/pgvape.com\/wp-content\/uploads\/2025\/11\/pgvape-ZOOY-Rainbow-16000-Puffs-Disposable-Vape-16-12x12.png 12w, https:\/\/pgvape.com\/wp-content\/uploads\/2025\/11\/pgvape-ZOOY-Rainbow-16000-Puffs-Disposable-Vape-16-300x300.png 300w, https:\/\/pgvape.com\/wp-content\/uploads\/2025\/11\/pgvape-ZOOY-Rainbow-16000-Puffs-Disposable-Vape-16-600x600.png 600w, https:\/\/pgvape.com\/wp-content\/uploads\/2025\/11\/pgvape-ZOOY-Rainbow-16000-Puffs-Disposable-Vape-16-100x100.png 100w, https:\/\/pgvape.com\/wp-content\/uploads\/2025\/11\/pgvape-ZOOY-Rainbow-16000-Puffs-Disposable-Vape-16-40x40.png 40w\" sizes=\"auto, (max-width: 800px) 100vw, 800px\" \/><\/p>\n<p>&nbsp;<\/p>\n<h3><span style=\"font-size: 90%;\">ZOOY Rainbow 16000 | 16K inhala Vape desechable <strong>Video<\/strong>:<\/span><\/h3>\n<p>&nbsp;<\/p>\n<h2>Preguntas frecuentes sobre ZOOY Rainbow 16000 | 16K Puffs Vape desechable<\/h2>\n<p data-sourcepos=\"30:1-31:72\">\u2753 <strong data-sourcepos=\"30:3-30:45\">\u00bfC\u00f3mo mejora la doble bobina el vapeo?<\/strong><br \/>\n\u2705 Proporciona <strong data-sourcepos=\"31:12-31:31\">50% m\u00e1s sabor<\/strong> y <strong data-sourcepos=\"31:36-31:54\">vapor m\u00e1s suave<\/strong> que bobinas simples<\/p>\n<p data-sourcepos=\"33:1-34:74\">\u2753 <strong data-sourcepos=\"33:3-33:38\">\u00bfCu\u00e1nto dura la bater\u00eda?<\/strong><br \/>\n\u2705 <strong data-sourcepos=\"34:3-34:22\">Capacidad de 650 mAh.<\/strong> admite el uso prolongado con <strong data-sourcepos=\"34:50-34:74\">Carga r\u00e1pida tipo C<\/strong><\/p>\n<p data-sourcepos=\"36:1-37:59\">\u2753 <strong data-sourcepos=\"36:3-36:45\">\u00bfQu\u00e9 concentraciones de nicotina est\u00e1n disponibles?<\/strong><br \/>\n\u2705 Elige entre <strong data-sourcepos=\"37:18-37:44\">2% (20 mg) o 5% (50 mg)<\/strong> sales de nicotina<\/p>\n<p data-sourcepos=\"39:1-40:61\">\u2753 <strong data-sourcepos=\"39:3-39:30\">\u00bfEl dispositivo es port\u00e1til?<\/strong><br \/>\n\u2705 <strong data-sourcepos=\"40:3-40:25\">Dise\u00f1o de caja compacta<\/strong> cabe c\u00f3modamente en la mano y el bolsillo<\/p>\n<p data-sourcepos=\"42:1-43:59\">\u2753 <strong data-sourcepos=\"42:3-42:41\">\u00bfCu\u00e1ntas opciones de sabores hay?<br \/>\n<\/strong> \u2705 <strong data-sourcepos=\"43:3-43:25\">12 sabores premium<\/strong> que van desde mezclas afrutadas hasta heladas<\/p>\n<p>&nbsp;<\/p>\n<h3 id=\"brxe-najhln\" class=\"brxe-heading\">Preguntas frecuentes (FAQ)<\/h3>\n<div id=\"brxe-rajiac\" class=\"brxe-text\">\n<p><strong>P: \u00bfQu\u00e9 m\u00e9todos de pago aceptan?<\/strong><br \/>\nR: Aceptamos PayPal, Stripe, transferencias bancarias (compatibles con SEPA), las principales tarjetas de cr\u00e9dito (Visa, MasterCard, American Express) y pagos con criptomonedas.<\/p>\n<p><strong>P: \u00bfCu\u00e1nto tiempo lleva la preparaci\u00f3n del pedido?<\/strong><br \/>\nR: La preparaci\u00f3n del pedido demora entre 1 y 3 d\u00edas h\u00e1biles.<\/p>\n<p><strong>P: \u00bfCu\u00e1l es el tiempo de env\u00edo?<\/strong><br \/>\nR: El tiempo de env\u00edo es de 7 a 14 d\u00edas h\u00e1biles, seg\u00fan su ubicaci\u00f3n.<\/p>\n<p><strong>P: \u00bfC\u00f3mo puedo realizar un seguimiento de mi pedido?<\/strong><br \/>\nR: Despu\u00e9s del env\u00edo, recibir\u00e1 un correo electr\u00f3nico de confirmaci\u00f3n con un n\u00famero de seguimiento para realizar un seguimiento en tiempo real.<\/p>\n<p><strong>P: \u00bfCu\u00e1l es su pol\u00edtica de devoluci\u00f3n?<\/strong><br \/>\nR: Ofrecemos una pol\u00edtica de devoluci\u00f3n de 30 d\u00edas para reembolsos o cambios. .<\/p>\n<p><strong>P: \u00bfHabr\u00e1 alg\u00fan problema aduanero?<br \/>\n<\/strong>Nos encargamos de todos los procedimientos de despacho de aduanas para garantizarle una experiencia sin complicaciones. .<\/p>\n<p><strong>P: \u00bfQu\u00e9 m\u00e9todos de env\u00edo se utilizan?<\/strong><br \/>\nCooperamos con UPS\/DHL\/FEDEX\/DPD, etc. Elegiremos la opci\u00f3n de env\u00edo adecuada seg\u00fan el pa\u00eds de entrega para asegurarnos de que reciba sus productos lo m\u00e1s r\u00e1pido posible.<\/p>\n<p><a href=\"https:\/\/pgvape.com\/es\/preguntas-frecuentes\/\">Haga clic aqu\u00ed para m\u00e1s preguntas frecuentes<\/a><\/p>\n<p>Estimados clientes: Si tienen alguna pregunta sobre su pedido o la llegada de la mercanc\u00eda, comun\u00edquese con nuestro servicio de atenci\u00f3n al cliente. \u00a1Gracias!<\/p>\n<h3 data-sourcepos=\"73:1-73:21\"><strong data-sourcepos=\"73:7-73:21\">Cont\u00e1ctenos<\/strong><\/h3>\n<div id=\"text-2419739398\" class=\"text\">\n<p><strong data-sourcepos=\"75:3-75:12\">Correo electr\u00f3nico<\/strong>:\u00a0<a href=\"mailto:support@pgvape.com\"><strong>support@pgvape.com<\/strong><\/a><\/p>\n<p><strong data-sourcepos=\"76:3-76:15\">WhatsApp<\/strong>:\u00a0<a href=\"https:\/\/wa.me\/+8618128481258\"><strong>+86 18128481258<\/strong><\/a><br \/>\n<strong>(Respuesta dentro de las 24 horas en d\u00edas h\u00e1biles)<\/strong><\/p>\n<\/div>\n<h3><strong>\u00a1Gracias por elegir pgvape.com! .<\/strong><\/h3>\n<\/div>","protected":false},"excerpt":{"rendered":"<p><strong data-sourcepos=\"46:5-46:37\">Caja Zooy Rainbow 16000 Puffs<\/strong> combina <strong data-sourcepos=\"46:47-46:87\">alta capacidad, rendimiento de doble bobina<\/strong>, y <strong data-sourcepos=\"46:93-46:122\">m\u00faltiples opciones de nicotina<\/strong> en un <strong data-sourcepos=\"46:128-46:156\">dise\u00f1o elegante y port\u00e1til<\/strong> \u2013 perfecto para vapers que quieren <strong data-sourcepos=\"46:187-46:226\">sabor duradero y conveniencia<\/strong>.<\/p>","protected":false},"featured_media":4972,"comment_status":"open","ping_status":"closed","template":"","meta":{"_seopress_robots_primary_cat":"none","_seopress_titles_title":"%%post_title%% %%sep%% %%sitetitle%%","_seopress_titles_desc":"","_seopress_robots_index":""},"product_brand":[516,291],"product_cat":[229,515,290],"product_tag":[406,90,407,397,204,405],"class_list":{"0":"post-4966","1":"product","2":"type-product","3":"status-publish","4":"has-post-thumbnail","6":"product_brand-disposable-vape","7":"product_brand-zooy-vape","8":"product_cat-16k-puffs-vape","9":"product_cat-disposable-vape","10":"product_cat-zooy-vape","11":"product_tag-16k-puffs-vape","12":"product_tag-disposable-vape","13":"product_tag-dual-coil-system","14":"product_tag-smart-display","15":"product_tag-vape-factory-direct","16":"product_tag-zooy-rainbow-16000","18":"first","19":"instock","20":"sale","21":"shipping-taxable","22":"purchasable","23":"product-type-variable"},"_links":{"self":[{"href":"https:\/\/pgvape.com\/es\/wp-json\/wp\/v2\/product\/4966","targetHints":{"allow":["GET"]}}],"collection":[{"href":"https:\/\/pgvape.com\/es\/wp-json\/wp\/v2\/product"}],"about":[{"href":"https:\/\/pgvape.com\/es\/wp-json\/wp\/v2\/types\/product"}],"replies":[{"embeddable":true,"href":"https:\/\/pgvape.com\/es\/wp-json\/wp\/v2\/comments?post=4966"}],"wp:featuredmedia":[{"embeddable":true,"href":"https:\/\/pgvape.com\/es\/wp-json\/wp\/v2\/media\/4972"}],"wp:attachment":[{"href":"https:\/\/pgvape.com\/es\/wp-json\/wp\/v2\/media?parent=4966"}],"wp:term":[{"taxonomy":"product_brand","embeddable":true,"href":"https:\/\/pgvape.com\/es\/wp-json\/wp\/v2\/product_brand?post=4966"},{"taxonomy":"product_cat","embeddable":true,"href":"https:\/\/pgvape.com\/es\/wp-json\/wp\/v2\/product_cat?post=4966"},{"taxonomy":"product_tag","embeddable":true,"href":"https:\/\/pgvape.com\/es\/wp-json\/wp\/v2\/product_tag?post=4966"}],"curies":[{"name":"wp","href":"https:\/\/api.w.org\/{rel}","templated":true}]}}