{"id":483,"date":"2025-07-16T09:48:06","date_gmt":"2025-07-16T09:48:06","guid":{"rendered":"https:\/\/pgvape.com\/?post_type=product&#038;p=483"},"modified":"2025-12-15T13:41:12","modified_gmt":"2025-12-15T13:41:12","slug":"bang-blaze-60000-60k-sopla-4-en-1-sabores-vape-desechable-con-pantalla-digital-vape-fabrica-al-por-mayor","status":"publish","type":"product","link":"https:\/\/pgvape.com\/es\/producto\/bang-blaze-60000-60k-sopla-4-en-1-sabores-vape-desechable-con-pantalla-digital-vape-fabrica-al-por-mayor\/","title":{"rendered":"Bang Blaze 60000 | 60k Puffs 4 en 1 sabores Vape desechable con pantalla digital | Vape Factory Wholesale"},"content":{"rendered":"<p><strong>Vape desechable Bang Blaze 60000<\/strong> Pen redefine la versatilidad con su <strong>Sabor 4 en 1<\/strong> Modo, que le permite cambiar sin esfuerzo entre cuatro sabores \u00fanicos. <strong>E-l\u00edquido precargado de 60 ml<\/strong> capacidad, ofrece hasta <strong>60.000 bocanadas<\/strong> para un disfrute prolongado sin recargas frecuentes. <strong>Bobina de malla de 1.0\u03a9<\/strong> Proporciona un vapor suave y rico y un sabor preciso.<strong>0%, 2%, 3%, 5%<\/strong>) atienden tanto a principiantes como a vapeadores experimentados. <strong>capacidad, una bobina de triple malla,<\/strong> bater\u00eda con r\u00e1pido <strong>Tipo C<\/strong> Cargando y con una pantalla digital inteligente para monitoreo de l\u00edquidos y bater\u00eda en tiempo real, este elegante dispositivo ofrece una experiencia de vapeo premium personalizable con 12 emocionantes combinaciones de sabores.<\/p>\n<p>&nbsp;<\/p>\n<h2><span style=\"font-size: 90%;\">Bang Blaze 60000 | 60k Puffs 4 en 1 sabores Vape desechable Especificaciones del producto:<\/span><\/h2>\n<p><strong>Capacidad de bocanada:<\/strong>\u00a0Hasta 60.000 caladas<\/p>\n<p><strong>Capacidad de E-l\u00edquido:<\/strong>\u00a0Tanque precargado de 60 ml<\/p>\n<p><strong>Tipo de bobina:<\/strong>\u00a0Bobina de malla de 1.0\u03a9<\/p>\n<p><strong>Bater\u00eda:<\/strong>\u00a0Bater\u00eda recargable de 650 mAh.<\/p>\n<p><strong>Puerto de carga:<\/strong>\u00a0Carga r\u00e1pida tipo C<\/p>\n<p><strong>Puntos fuertes de la nicotina:<\/strong>\u00a00%, 2%, 3%, 5%<\/p>\n<p><strong>Mostrar:<\/strong>\u00a0Pantalla digital inteligente para nivel de bater\u00eda y e-l\u00edquido<\/p>\n<p><strong>Sistema de sabor:<\/strong>\u00a0Modo de sabor 4 en 1 (cambia entre cuatro sabores)<\/p>\n<p><strong>Dimensiones:<\/strong>\u00a0Dise\u00f1o compacto y port\u00e1til<\/p>\n<p><strong>Opciones de sabor:<\/strong>\u00a012 combinaciones de sabores premium<\/p>\n<p>&nbsp;<\/p>\n<h3><span style=\"font-size: 90%;\">Bang Blaze 60000 | 60k Puffs 4 en 1 sabores Lista de sabores de Vape desechable:<\/span><\/h3>\n<p>1.Romance de hielo de sand\u00eda y menta de ar\u00e1ndanos y hielo de Fuji y lima<\/p>\n<p>2.Helado de sand\u00eda y cereza de ar\u00e1ndanos y horario de verano y pi\u00f1a de mango agrio<\/p>\n<p>3.Hielo de ar\u00e1ndano y hielo de melocot\u00f3n y caramelo arco\u00edris y naranja agria de lim\u00f3n<\/p>\n<p>4. Hielo de ar\u00e1ndano y melocot\u00f3n, mango, sand\u00eda, beso de pasi\u00f3n y mel\u00f3n, manzana<\/p>\n<p>5.Ar\u00e1ndano, frambuesa, bayas mixtas, cereza de California y mango de maracuy\u00e1<\/p>\n<p>6.Ar\u00e1ndano, frambuesa y uva, hielo y bayas, hielo y aloe, mango, mel\u00f3n<\/p>\n<p>7.Bebida energ\u00e9tica y fresa, pl\u00e1tano y mango, melocot\u00f3n, albaricoque y maracuy\u00e1, kiwi, lima<\/p>\n<p>8.Bebida energ\u00e9tica y ar\u00e1ndanos, sand\u00eda y manzana agria, frambuesa y osito de goma<\/p>\n<p>9. Mango de fresa, chicle de sand\u00eda, mojito rojo y amor 66<\/p>\n<p>10.Fresa, mango, fresa, kiwi, manzana, uva y sand\u00eda, fruta del drag\u00f3n<\/p>\n<p>11. Sand\u00eda Fresa y Hielo Negro y Mel\u00f3n Trece y Uva Ar\u00e1ndano<\/p>\n<p>12.Fresa, Sand\u00eda y Kiwi, Maracuy\u00e1, Guayaba y Mango, Hielo y Sand\u00eda, Melocot\u00f3n agrio<\/p>\n<p><img loading=\"lazy\" decoding=\"async\" class=\"alignnone wp-image-502 size-full\" src=\"https:\/\/pgvape.com\/wp-content\/uploads\/2025\/07\/Bang-Blaze-60000-60k-Puffs-4-in-1-Flavors-Disposable-Vape-With-Digital-Screen-Vape-Factory-Wholesale-14.png\" alt=\"\" width=\"2000\" height=\"1000\" srcset=\"https:\/\/pgvape.com\/wp-content\/uploads\/2025\/07\/Bang-Blaze-60000-60k-Puffs-4-in-1-Flavors-Disposable-Vape-With-Digital-Screen-Vape-Factory-Wholesale-14.png 2000w, https:\/\/pgvape.com\/wp-content\/uploads\/2025\/07\/Bang-Blaze-60000-60k-Puffs-4-in-1-Flavors-Disposable-Vape-With-Digital-Screen-Vape-Factory-Wholesale-14-555x278.png 555w, https:\/\/pgvape.com\/wp-content\/uploads\/2025\/07\/Bang-Blaze-60000-60k-Puffs-4-in-1-Flavors-Disposable-Vape-With-Digital-Screen-Vape-Factory-Wholesale-14-595x298.png 595w, https:\/\/pgvape.com\/wp-content\/uploads\/2025\/07\/Bang-Blaze-60000-60k-Puffs-4-in-1-Flavors-Disposable-Vape-With-Digital-Screen-Vape-Factory-Wholesale-14-400x200.png 400w, https:\/\/pgvape.com\/wp-content\/uploads\/2025\/07\/Bang-Blaze-60000-60k-Puffs-4-in-1-Flavors-Disposable-Vape-With-Digital-Screen-Vape-Factory-Wholesale-14-768x384.png 768w, https:\/\/pgvape.com\/wp-content\/uploads\/2025\/07\/Bang-Blaze-60000-60k-Puffs-4-in-1-Flavors-Disposable-Vape-With-Digital-Screen-Vape-Factory-Wholesale-14-1536x768.png 1536w, https:\/\/pgvape.com\/wp-content\/uploads\/2025\/07\/Bang-Blaze-60000-60k-Puffs-4-in-1-Flavors-Disposable-Vape-With-Digital-Screen-Vape-Factory-Wholesale-14-18x9.png 18w, https:\/\/pgvape.com\/wp-content\/uploads\/2025\/07\/Bang-Blaze-60000-60k-Puffs-4-in-1-Flavors-Disposable-Vape-With-Digital-Screen-Vape-Factory-Wholesale-14-600x300.png 600w, https:\/\/pgvape.com\/wp-content\/uploads\/2025\/07\/Bang-Blaze-60000-60k-Puffs-4-in-1-Flavors-Disposable-Vape-With-Digital-Screen-Vape-Factory-Wholesale-14-60x30.png 60w\" sizes=\"auto, (max-width: 2000px) 100vw, 2000px\" \/><\/p>\n<p>&nbsp;<\/p>\n<h3><span style=\"font-size: 90%;\">Bang Blaze 60000 | 60k inhalaciones 4 en 1 sabores Vape desechable <strong>Video:<br \/>\n<iframe loading=\"lazy\" title=\"Bang Blaze 60k sopla 4 en 1 sabores Vape disponible con pgvape directo de la f\u00e1brica de Vape de la pantalla de Digitaces\" width=\"1020\" height=\"574\" src=\"https:\/\/www.youtube.com\/embed\/BCQx90cI-OI?feature=oembed\" frameborder=\"0\" allow=\"accelerometer; autoplay; clipboard-write; encrypted-media; gyroscope; picture-in-picture; web-share\" referrerpolicy=\"strict-origin-when-cross-origin\" allowfullscreen><\/iframe><br \/>\n<\/strong><\/span><\/h3>\n<p>&nbsp;<\/p>\n<h2><span style=\"font-size: 90%;\">Preguntas frecuentes sobre Bang Blaze 60000 | 60k Puffs 4 en 1 sabores Vape desechable<\/span><\/h2>\n<p dir=\"auto\"><strong>P1: \u00bfCu\u00e1ntas bocanadas puedo obtener del Bang Blaze 60000?<\/strong><br \/>\nA1: Hasta 60.000 inhalaciones por dispositivo.<\/p>\n<p dir=\"auto\"><strong>P2: \u00bfQu\u00e9 es el modo de sabor 4 en 1?<\/strong><br \/>\nR2: Le permite cambiar entre cuatro sabores integrados distintos para una experiencia de vapeo variada.<\/p>\n<p dir=\"auto\"><strong>P3: \u00bfQu\u00e9 concentraciones de nicotina est\u00e1n disponibles?<\/strong><br \/>\nR3: El dispositivo viene en opciones de nicotina 0%, 2%, 3% y 5%.<\/p>\n<p dir=\"auto\"><strong>P4: \u00bfQu\u00e9 bobina utiliza el dispositivo?<\/strong><br \/>\nA4: Una bobina de malla de 1,0 \u03a9 que produce un vapor suave y un rico sabor.<\/p>\n<p dir=\"auto\"><strong>P5: \u00bfQu\u00e9 tan grande es la capacidad de e-l\u00edquido?<\/strong><br \/>\nR5: El tanque precargado contiene 60 ml de e-l\u00edquido, lo que reduce la frecuencia de recarga.<\/p>\n<p dir=\"auto\"><strong>P6: \u00bfLa bater\u00eda es recargable?<\/strong><br \/>\nR6: S\u00ed, tiene una bater\u00eda recargable de 650 mAh con carga r\u00e1pida tipo C.<\/p>\n<p dir=\"auto\"><strong>P7: \u00bfC\u00f3mo puedo controlar los niveles de bater\u00eda y e-l\u00edquido?<\/strong><br \/>\nR7: La pantalla digital inteligente muestra los niveles de bater\u00eda y l\u00edquido en tiempo real.<\/p>\n<p dir=\"auto\"><strong>P8: \u00bfEs el dispositivo port\u00e1til?<\/strong><br \/>\nR8: S\u00ed, tiene un dise\u00f1o compacto y ergon\u00f3mico, ideal para vapear sobre la marcha.<\/p>\n<p>&nbsp;<\/p>\n<h3 id=\"brxe-najhln\" class=\"brxe-heading\">Preguntas frecuentes (FAQ)<\/h3>\n<div id=\"brxe-rajiac\" class=\"brxe-text\">\n<p><strong>P: \u00bfQu\u00e9 m\u00e9todos de pago aceptan?<\/strong><br \/>\nR: Aceptamos PayPal, Stripe, transferencias bancarias (compatibles con SEPA), las principales tarjetas de cr\u00e9dito (Visa, MasterCard, American Express) y pagos con criptomonedas.<\/p>\n<p><strong>P: \u00bfCu\u00e1nto tiempo lleva la preparaci\u00f3n del pedido?<\/strong><br \/>\nR: La preparaci\u00f3n del pedido demora entre 1 y 3 d\u00edas h\u00e1biles.<\/p>\n<p><strong>P: \u00bfCu\u00e1l es el tiempo de env\u00edo?<\/strong><br \/>\nR: El tiempo de env\u00edo es de 7 a 14 d\u00edas h\u00e1biles, seg\u00fan su ubicaci\u00f3n.<\/p>\n<p><strong>P: \u00bfC\u00f3mo puedo realizar un seguimiento de mi pedido?<\/strong><br \/>\nR: Despu\u00e9s del env\u00edo, recibir\u00e1 un correo electr\u00f3nico de confirmaci\u00f3n con un n\u00famero de seguimiento para realizar un seguimiento en tiempo real.<\/p>\n<p><strong>P: \u00bfCu\u00e1l es su pol\u00edtica de devoluci\u00f3n?<\/strong><br \/>\nR: Ofrecemos una pol\u00edtica de devoluci\u00f3n de 30 d\u00edas para reembolsos o cambios. .<\/p>\n<p><strong>P: \u00bfHabr\u00e1 alg\u00fan problema aduanero?<br \/>\n<\/strong>Nos encargamos de todos los procedimientos de despacho de aduanas para garantizarle una experiencia sin complicaciones. .<\/p>\n<p><strong>P: \u00bfQu\u00e9 m\u00e9todos de env\u00edo se utilizan?<\/strong><br \/>\nCooperamos con UPS\/DHL\/FEDEX\/DPD, etc. Elegiremos la opci\u00f3n de env\u00edo adecuada seg\u00fan el pa\u00eds de entrega para asegurarnos de que reciba sus productos lo m\u00e1s r\u00e1pido posible.<\/p>\n<p><a href=\"https:\/\/pgvape.com\/es\/preguntas-frecuentes\/\"><span style=\"font-size: 100%;\">Haga clic aqu\u00ed para m\u00e1s preguntas frecuentes<\/span><\/a><\/p>\n<p>Estimados clientes: Si tienen alguna pregunta sobre su pedido o la llegada de la mercanc\u00eda, comun\u00edquese con nuestro servicio de atenci\u00f3n al cliente. \u00a1Gracias!<\/p>\n<h3 data-sourcepos=\"73:1-73:21\"><span style=\"font-size: 90%;\"><strong data-sourcepos=\"73:7-73:21\">Cont\u00e1ctenos<\/strong><\/span><\/h3>\n<div id=\"text-2419739398\" class=\"text\">\n<p><strong data-sourcepos=\"75:3-75:12\">Correo electr\u00f3nico<\/strong>:\u00a0<a href=\"mailto:support@pgvape.com\"><strong>support@pgvape.com<\/strong><\/a><\/p>\n<p><strong data-sourcepos=\"76:3-76:15\">WhatsApp<\/strong>: <a href=\"https:\/\/wa.me\/+8618128481258\"><strong>+86 18128481258<\/strong><\/a><br \/>\n<strong>(Respuesta dentro de las 24 horas en d\u00edas h\u00e1biles)<\/strong><\/p>\n<\/div>\n<h3><strong><span style=\"font-size: 80%;\">\u00a1Gracias por elegir pgvape.com! .<\/span><\/strong><\/h3>\n<\/div>","protected":false},"excerpt":{"rendered":"<p><strong>Vape desechable Bang Blaze 60000<\/strong> Pen ofrece hasta <strong>60.000 bocanadas<\/strong> y <strong>Sabor 4 en 1<\/strong> versatilidad con un <strong>60ml<\/strong> tanque prellenado y un <strong>Bobina de malla de 1.0\u03a9<\/strong>. <strong>capacidad, una bobina de triple malla,<\/strong> bater\u00eda, <strong>Tipo C<\/strong> con carga y una pantalla digital inteligente, ofrece una experiencia de vapeo fluida y personalizable con 12 combinaciones de sabores premium y opciones de nicotina desde 0% hasta 5%.<\/p>","protected":false},"featured_media":488,"comment_status":"open","ping_status":"closed","template":"","meta":{"_seopress_robots_primary_cat":"none","_seopress_titles_title":"","_seopress_titles_desc":"","_seopress_robots_index":""},"product_brand":[49,516],"product_cat":[48,33,515],"product_tag":[53,51,52,50],"class_list":{"0":"post-483","1":"product","2":"type-product","3":"status-publish","4":"has-post-thumbnail","6":"product_brand-bang-blaze-vape","7":"product_brand-disposable-vape","8":"product_cat-60k-puffs-vape","9":"product_cat-bang-blaze-vape","10":"product_cat-disposable-vape","11":"product_tag-4-in-1-flavors","12":"product_tag-60k-puffs","13":"product_tag-60k-vape","14":"product_tag-bang-blaze-60000","16":"first","17":"instock","18":"sale","19":"shipping-taxable","20":"purchasable","21":"product-type-variable"},"_links":{"self":[{"href":"https:\/\/pgvape.com\/es\/wp-json\/wp\/v2\/product\/483","targetHints":{"allow":["GET"]}}],"collection":[{"href":"https:\/\/pgvape.com\/es\/wp-json\/wp\/v2\/product"}],"about":[{"href":"https:\/\/pgvape.com\/es\/wp-json\/wp\/v2\/types\/product"}],"replies":[{"embeddable":true,"href":"https:\/\/pgvape.com\/es\/wp-json\/wp\/v2\/comments?post=483"}],"wp:featuredmedia":[{"embeddable":true,"href":"https:\/\/pgvape.com\/es\/wp-json\/wp\/v2\/media\/488"}],"wp:attachment":[{"href":"https:\/\/pgvape.com\/es\/wp-json\/wp\/v2\/media?parent=483"}],"wp:term":[{"taxonomy":"product_brand","embeddable":true,"href":"https:\/\/pgvape.com\/es\/wp-json\/wp\/v2\/product_brand?post=483"},{"taxonomy":"product_cat","embeddable":true,"href":"https:\/\/pgvape.com\/es\/wp-json\/wp\/v2\/product_cat?post=483"},{"taxonomy":"product_tag","embeddable":true,"href":"https:\/\/pgvape.com\/es\/wp-json\/wp\/v2\/product_tag?post=483"}],"curies":[{"name":"wp","href":"https:\/\/api.w.org\/{rel}","templated":true}]}}