{"id":4823,"date":"2025-10-30T12:57:08","date_gmt":"2025-10-30T12:57:08","guid":{"rendered":"https:\/\/pgvape.com\/?post_type=product&#038;p=4823"},"modified":"2025-12-15T12:20:47","modified_gmt":"2025-12-15T12:20:47","slug":"uzy-cuatro-sabores-100000-100k-soplos-cristal-4-en-1-sabores-vape-desechable-pantalla-inteligente-vape-directo-de-fabrica","status":"publish","type":"product","link":"https:\/\/pgvape.com\/es\/producto\/uzy-cuatro-sabores-100000-100k-soplos-cristal-4-en-1-sabores-vape-desechable-pantalla-inteligente-vape-directo-de-fabrica\/","title":{"rendered":"UZY Four Flavors 100000 100K Puffs Crystal 4 en 1 sabores Vape desechable Pantalla inteligente Vape Directo de f\u00e1brica"},"content":{"rendered":"<p><strong data-sourcepos=\"4:5-4:60\">UZY cuatro sabores 100K sopla Vape disponible cristalino<\/strong> Revoluciona el vapeo con <strong data-sourcepos=\"4:88-4:116\">100.000 bocanadas ultralargas<\/strong> Y <strong data-sourcepos=\"4:121-4:149\">Tecnolog\u00eda de sabor 4 en 1<\/strong>. <strong data-sourcepos=\"4:161-4:193\">Cuatro tanques de 14 ML (60 ML en total)<\/strong>, Ofrece <strong data-sourcepos=\"4:205-4:234\">Opciones de nicotina 2%\/3%\/5%<\/strong> y un <strong data-sourcepos=\"4:241-4:259\">Bobina de cuatro mallas<\/strong> Para una m\u00e1xima intensidad de sabor. <strong data-sourcepos=\"4:294-4:325\">Bater\u00eda recargable de 650 mAh.<\/strong> Con <strong data-sourcepos=\"4:331-4:350\">Carga tipo C<\/strong> Y <strong data-sourcepos=\"4:355-4:370\">Pantalla LED<\/strong> Garantiza un rendimiento ininterrumpido en <strong data-sourcepos=\"4:412-4:446\">10 combinaciones de sabores premium<\/strong>.<img loading=\"lazy\" decoding=\"async\" class=\"alignnone wp-image-4829 size-full\" src=\"https:\/\/pgvape.com\/wp-content\/uploads\/2025\/10\/pgvape-UZY-Four-Flavors-100K-Puffs-Disposable-Vape-4.jpg\" alt=\"Fila de coloridos dispositivos de vapeo desechables 4 en 1 UZY Crystal con ilustraciones de astronautas sobre un fondo azul, que se muestran frente a un texto grande \u201c10000 PUFFS\u201d y el nombre de la marca, con \u00edconos que indican cuatro bobinas de malla, 56 ml, 650 mAh, sabor 4 en 1 y puerto tipo C\" width=\"1800\" height=\"1001\" srcset=\"https:\/\/pgvape.com\/wp-content\/uploads\/2025\/10\/pgvape-UZY-Four-Flavors-100K-Puffs-Disposable-Vape-4.jpg 1800w, https:\/\/pgvape.com\/wp-content\/uploads\/2025\/10\/pgvape-UZY-Four-Flavors-100K-Puffs-Disposable-Vape-4-555x309.jpg 555w, https:\/\/pgvape.com\/wp-content\/uploads\/2025\/10\/pgvape-UZY-Four-Flavors-100K-Puffs-Disposable-Vape-4-595x331.jpg 595w, https:\/\/pgvape.com\/wp-content\/uploads\/2025\/10\/pgvape-UZY-Four-Flavors-100K-Puffs-Disposable-Vape-4-400x222.jpg 400w, https:\/\/pgvape.com\/wp-content\/uploads\/2025\/10\/pgvape-UZY-Four-Flavors-100K-Puffs-Disposable-Vape-4-768x427.jpg 768w, https:\/\/pgvape.com\/wp-content\/uploads\/2025\/10\/pgvape-UZY-Four-Flavors-100K-Puffs-Disposable-Vape-4-1536x854.jpg 1536w, https:\/\/pgvape.com\/wp-content\/uploads\/2025\/10\/pgvape-UZY-Four-Flavors-100K-Puffs-Disposable-Vape-4-18x10.jpg 18w, https:\/\/pgvape.com\/wp-content\/uploads\/2025\/10\/pgvape-UZY-Four-Flavors-100K-Puffs-Disposable-Vape-4-600x334.jpg 600w, https:\/\/pgvape.com\/wp-content\/uploads\/2025\/10\/pgvape-UZY-Four-Flavors-100K-Puffs-Disposable-Vape-4-60x33.jpg 60w\" sizes=\"auto, (max-width: 1800px) 100vw, 1800px\" \/><\/p>\n<p>&nbsp;<\/p>\n<h2><span style=\"font-size: 90%;\">UZY cuatro sabores 100000 | 100K sopla el cristal 4 en 1 sabores Vape disponible <strong data-sourcepos=\"10:5-10:31\">Presupuesto<\/strong><\/span><\/h2>\n<p><strong data-sourcepos=\"7:3-7:17\">Conteo de bocanadas<\/strong>:\u00a0<strong data-sourcepos=\"7:19-7:36\">100.000 bocanadas<\/strong><\/p>\n<p><strong data-sourcepos=\"8:3-8:15\">E-l\u00edquido<\/strong>:\u00a0<strong data-sourcepos=\"8:17-8:48\">14ML \u00d7 4 tanques (60ML en total)<\/strong><\/p>\n<p><strong data-sourcepos=\"9:3-9:15\">Nicotina<\/strong>:\u00a0<strong data-sourcepos=\"9:17-9:33\">2% \/ 3% \/ 5%<\/strong><\/p>\n<p><strong data-sourcepos=\"10:3-10:14\">Bater\u00eda<\/strong>:\u00a0<strong data-sourcepos=\"10:16-10:39\">650MAH recargable<\/strong><\/p>\n<p><strong data-sourcepos=\"11:3-11:11\">Bobina<\/strong>:\u00a0<strong data-sourcepos=\"11:13-11:38\">Sistema de bobinas de cuatro mallas<\/strong><\/p>\n<p><strong data-sourcepos=\"12:3-12:15\">Cargando<\/strong>:\u00a0<strong data-sourcepos=\"12:17-12:39\">Carga r\u00e1pida tipo C<\/strong><\/p>\n<p><strong data-sourcepos=\"13:3-13:14\">Mostrar<\/strong>:\u00a0<strong data-sourcepos=\"13:16-13:30\">Pantalla LED<\/strong><\/p>\n<p><strong data-sourcepos=\"14:3-14:19\">Modos de sabor<\/strong>:\u00a0<strong data-sourcepos=\"14:21-14:41\">Conmutaci\u00f3n 4 en 1<\/strong><\/p>\n<p><strong data-sourcepos=\"15:3-15:16\">Embalaje<\/strong>:\u00a0<strong data-sourcepos=\"15:18-15:36\">10 dispositivos\/caja<\/strong><\/p>\n<p>&nbsp;<\/p>\n<h3><span style=\"font-size: 90%;\">UZY cuatro sabores 100000 | 100K sopla el cristal 4 en 1 sabores Vape disponible <strong data-sourcepos=\"22:5-22:20\">Lista de sabores<\/strong><\/span><\/h3>\n<p>1.Fresa, sand\u00eda y hielo Blue Razz y ar\u00e1ndanos, frambuesa, cereza y hielo de cereza gaseosa<\/p>\n<p>2.Helado de melocot\u00f3n, ar\u00e1ndano, cereza, bebida energ\u00e9tica y lichi de sand\u00eda<\/p>\n<p>3.Hielo de ar\u00e1ndanos y pl\u00e1tano de fresa y dos manzanas y bolos<\/p>\n<p>4.Helado de cereza y hielo de uva y maracuy\u00e1 Mango y amor 66<\/p>\n<p>5.Hielo de ar\u00e1ndano y mango, durazno, albaricoque y kiwi, maracuy\u00e1, guayaba y razz de durazno blanco<\/p>\n<p>6. Melocot\u00f3n, Mango, Pi\u00f1a y Ar\u00e1ndano, Frambuesa, Lima Lim\u00f3n y Chicle de Sand\u00eda<\/p>\n<p>7. Kiwi mixto de bayas y maracuy\u00e1, lima, ar\u00e1ndano, uva y kiwi de fresa<\/p>\n<p>8.Hielo de fresa, osito de goma, sand\u00eda, fruta del drag\u00f3n y kiwi de ar\u00e1ndano<\/p>\n<p>9.Helado de sand\u00eda y razz azul, cereza y sand\u00eda, melocot\u00f3n agrio y kiwi de maracuy\u00e1<\/p>\n<p>10.Strawberry Mango &amp; Mr Blue &amp; Summer Peach Ice &amp; Black Ice<br \/>\n<img loading=\"lazy\" decoding=\"async\" class=\"alignnone wp-image-4830 size-full\" src=\"https:\/\/pgvape.com\/wp-content\/uploads\/2025\/10\/pgvape-UZY-Four-Flavors-100K-Puffs-Disposable-Vape-5.jpg\" alt=\"P\u00f3ster publicitario con texto en negrita &#039;CRYSTAL 4IN1 100000 PUFFS&#039; que presenta filas de coloridos dispositivos de vapeo desechables UZY y empaques en cajas y m\u00faltiples listas de sabores contra un fondo degradado de arco\u00edris.\" width=\"1200\" height=\"1199\" srcset=\"https:\/\/pgvape.com\/wp-content\/uploads\/2025\/10\/pgvape-UZY-Four-Flavors-100K-Puffs-Disposable-Vape-5.jpg 1200w, https:\/\/pgvape.com\/wp-content\/uploads\/2025\/10\/pgvape-UZY-Four-Flavors-100K-Puffs-Disposable-Vape-5-360x360.jpg 360w, https:\/\/pgvape.com\/wp-content\/uploads\/2025\/10\/pgvape-UZY-Four-Flavors-100K-Puffs-Disposable-Vape-5-595x595.jpg 595w, https:\/\/pgvape.com\/wp-content\/uploads\/2025\/10\/pgvape-UZY-Four-Flavors-100K-Puffs-Disposable-Vape-5-400x400.jpg 400w, https:\/\/pgvape.com\/wp-content\/uploads\/2025\/10\/pgvape-UZY-Four-Flavors-100K-Puffs-Disposable-Vape-5-768x767.jpg 768w, https:\/\/pgvape.com\/wp-content\/uploads\/2025\/10\/pgvape-UZY-Four-Flavors-100K-Puffs-Disposable-Vape-5-12x12.jpg 12w, https:\/\/pgvape.com\/wp-content\/uploads\/2025\/10\/pgvape-UZY-Four-Flavors-100K-Puffs-Disposable-Vape-5-300x300.jpg 300w, https:\/\/pgvape.com\/wp-content\/uploads\/2025\/10\/pgvape-UZY-Four-Flavors-100K-Puffs-Disposable-Vape-5-600x600.jpg 600w, https:\/\/pgvape.com\/wp-content\/uploads\/2025\/10\/pgvape-UZY-Four-Flavors-100K-Puffs-Disposable-Vape-5-100x100.jpg 100w, https:\/\/pgvape.com\/wp-content\/uploads\/2025\/10\/pgvape-UZY-Four-Flavors-100K-Puffs-Disposable-Vape-5-40x40.jpg 40w\" sizes=\"auto, (max-width: 1200px) 100vw, 1200px\" \/><\/p>\n<p>&nbsp;<\/p>\n<h3><span style=\"font-size: 90%;\">UZY cuatro sabores 100000 | 100K sopla el cristal 4 en 1 sabores Vape disponible <strong>Video<\/strong>:<\/span><\/h3>\n<p>&nbsp;<\/p>\n<h2>Preguntas frecuentes sobre UZY Four Flavors 100000 | 100K Puffs Crystal 4 en 1 sabores Vape desechable<\/h2>\n<p data-sourcepos=\"25:1-26:85\">\u2753 <strong data-sourcepos=\"25:3-25:45\">\u00bfC\u00f3mo funciona el cambio de sabor 4 en 1?<\/strong><br \/>\n\u2705 Ciclo instant\u00e1neo entre <strong data-sourcepos=\"26:27-26:54\">Cuatro sabores precargados<\/strong> Con controles de botones simples.<\/p>\n<p data-sourcepos=\"28:1-29:80\">\u2753 <strong data-sourcepos=\"28:3-28:38\">\u00bfQu\u00e9 hace posibles 100.000 inhalaciones?<\/strong><br \/>\n\u2705 <strong data-sourcepos=\"29:3-29:38\">Capacidad combinada de l\u00edquido electr\u00f3nico de 60 ml<\/strong> + <strong data-sourcepos=\"29:41-29:77\">Sistema de bobina cu\u00e1druple de alta eficiencia<\/strong>.<\/p>\n<p data-sourcepos=\"31:1-32:81\">\u2753 <strong data-sourcepos=\"31:3-31:38\">\u00bfEs impresionante la producci\u00f3n de vapor?<\/strong><br \/>\n\u2705 <strong data-sourcepos=\"32:3-32:22\">Cuatro bobinas de malla<\/strong> Entregar <strong data-sourcepos=\"32:31-32:52\">50% Nubes m\u00e1s densas<\/strong> Que los desechables est\u00e1ndar.<\/p>\n<p data-sourcepos=\"34:1-35:66\">\u2753 <strong data-sourcepos=\"34:3-34:34\">\u00bfQu\u00e9 tan conveniente es cargar?<\/strong><br \/>\n\u2705 <strong data-sourcepos=\"35:3-35:18\">Puerto tipo C<\/strong> Proporciona carga completa en menos <strong data-sourcepos=\"35:49-35:63\">45 minutos<\/strong>.<\/p>\n<p data-sourcepos=\"37:1-38:73\">\u2753 <strong data-sourcepos=\"37:3-37:29\">\u00bfPara qui\u00e9n es ideal?<\/strong><br \/>\n\u2705 Vapers con ganas <strong data-sourcepos=\"38:18-38:37\">Variedad M\u00e1xima<\/strong> + <strong data-sourcepos=\"38:40-38:56\">Uso extendido<\/strong> En un solo dispositivo.<\/p>\n<p>&nbsp;<\/p>\n<h3 id=\"brxe-najhln\" class=\"brxe-heading\">Preguntas frecuentes (FAQ)<\/h3>\n<div id=\"brxe-rajiac\" class=\"brxe-text\">\n<p><strong>P: \u00bfQu\u00e9 m\u00e9todos de pago aceptan?<\/strong><br \/>\nR: Aceptamos PayPal, Stripe, transferencias bancarias (compatibles con SEPA), las principales tarjetas de cr\u00e9dito (Visa, MasterCard, American Express) y pagos con criptomonedas.<\/p>\n<p><strong>P: \u00bfCu\u00e1nto tiempo lleva la preparaci\u00f3n del pedido?<\/strong><br \/>\nR: La preparaci\u00f3n del pedido demora entre 1 y 3 d\u00edas h\u00e1biles.<\/p>\n<p><strong>P: \u00bfCu\u00e1l es el tiempo de env\u00edo?<\/strong><br \/>\nR: El tiempo de env\u00edo es de 7 a 14 d\u00edas h\u00e1biles, seg\u00fan su ubicaci\u00f3n.<\/p>\n<p><strong>P: \u00bfC\u00f3mo puedo realizar un seguimiento de mi pedido?<\/strong><br \/>\nR: Despu\u00e9s del env\u00edo, recibir\u00e1 un correo electr\u00f3nico de confirmaci\u00f3n con un n\u00famero de seguimiento para realizar un seguimiento en tiempo real.<\/p>\n<p><strong>P: \u00bfCu\u00e1l es su pol\u00edtica de devoluci\u00f3n?<\/strong><br \/>\nR: Ofrecemos una pol\u00edtica de devoluci\u00f3n de 30 d\u00edas para reembolsos o cambios. .<\/p>\n<p><strong>P: \u00bfHabr\u00e1 alg\u00fan problema aduanero?<br \/>\n<\/strong>Nos encargamos de todos los procedimientos de despacho de aduanas para garantizarle una experiencia sin complicaciones. .<\/p>\n<p><strong>P: \u00bfQu\u00e9 m\u00e9todos de env\u00edo se utilizan?<\/strong><br \/>\nCooperamos con UPS\/DHL\/FEDEX\/DPD, etc. Elegiremos la opci\u00f3n de env\u00edo adecuada seg\u00fan el pa\u00eds de entrega para asegurarnos de que reciba sus productos lo m\u00e1s r\u00e1pido posible.<\/p>\n<p><a href=\"https:\/\/pgvape.com\/es\/preguntas-frecuentes\/\">Haga clic aqu\u00ed para m\u00e1s preguntas frecuentes<\/a><\/p>\n<p>Estimados clientes: Si tienen alguna pregunta sobre su pedido o la llegada de la mercanc\u00eda, comun\u00edquese con nuestro servicio de atenci\u00f3n al cliente. \u00a1Gracias!<\/p>\n<h3 data-sourcepos=\"73:1-73:21\"><strong data-sourcepos=\"73:7-73:21\">Cont\u00e1ctenos<\/strong><\/h3>\n<div id=\"text-2419739398\" class=\"text\">\n<p><strong data-sourcepos=\"75:3-75:12\">Correo electr\u00f3nico<\/strong>:\u00a0<a href=\"mailto:support@pgvape.com\"><strong>support@pgvape.com<\/strong><\/a><\/p>\n<p><strong data-sourcepos=\"76:3-76:15\">WhatsApp<\/strong>:\u00a0<a href=\"https:\/\/wa.me\/+8618128481258\"><strong>+86 18128481258<\/strong><\/a><br \/>\n<strong>(Respuesta dentro de las 24 horas en d\u00edas h\u00e1biles)<\/strong><\/p>\n<\/div>\n<h3><strong>\u00a1Gracias por elegir pgvape.com! .<\/strong><\/h3>\n<\/div>","protected":false},"excerpt":{"rendered":"<p><strong data-sourcepos=\"41:5-41:36\">UZY Cuatro Sabores 100K Puffs<\/strong> Establece el nuevo est\u00e1ndar con <strong data-sourcepos=\"41:64-41:92\">Recuento de bocanadas sin precedentes<\/strong>, <strong data-sourcepos=\"41:94-41:121\">Flexibilidad de cuatro sabores<\/strong>, Y <strong data-sourcepos=\"41:127-41:160\">Tecnolog\u00eda avanzada de cuatro bobinas<\/strong> Para la mejor experiencia de vapeo desechable.<\/p>","protected":false},"featured_media":4827,"comment_status":"open","ping_status":"closed","template":"","meta":{"_seopress_robots_primary_cat":"none","_seopress_titles_title":"%%post_title%% %%sep%% %%sitetitle%%","_seopress_titles_desc":"","_seopress_robots_index":""},"product_brand":[516,138],"product_cat":[170,515,27],"product_tag":[395,396,90,397,394,204],"class_list":{"0":"post-4823","1":"product","2":"type-product","3":"status-publish","4":"has-post-thumbnail","6":"product_brand-disposable-vape","7":"product_brand-uzy-crystal-twin-vape","8":"product_cat-100k-puffs-vape","9":"product_cat-disposable-vape","10":"product_cat-uzy-vape","11":"product_tag-100k-puffs-vape","12":"product_tag-crystal-4-in-1-flavors","13":"product_tag-disposable-vape","14":"product_tag-smart-display","15":"product_tag-uzy-four-flavors-100000","16":"product_tag-vape-factory-direct","18":"first","19":"instock","20":"sale","21":"shipping-taxable","22":"purchasable","23":"product-type-variable"},"_links":{"self":[{"href":"https:\/\/pgvape.com\/es\/wp-json\/wp\/v2\/product\/4823","targetHints":{"allow":["GET"]}}],"collection":[{"href":"https:\/\/pgvape.com\/es\/wp-json\/wp\/v2\/product"}],"about":[{"href":"https:\/\/pgvape.com\/es\/wp-json\/wp\/v2\/types\/product"}],"replies":[{"embeddable":true,"href":"https:\/\/pgvape.com\/es\/wp-json\/wp\/v2\/comments?post=4823"}],"wp:featuredmedia":[{"embeddable":true,"href":"https:\/\/pgvape.com\/es\/wp-json\/wp\/v2\/media\/4827"}],"wp:attachment":[{"href":"https:\/\/pgvape.com\/es\/wp-json\/wp\/v2\/media?parent=4823"}],"wp:term":[{"taxonomy":"product_brand","embeddable":true,"href":"https:\/\/pgvape.com\/es\/wp-json\/wp\/v2\/product_brand?post=4823"},{"taxonomy":"product_cat","embeddable":true,"href":"https:\/\/pgvape.com\/es\/wp-json\/wp\/v2\/product_cat?post=4823"},{"taxonomy":"product_tag","embeddable":true,"href":"https:\/\/pgvape.com\/es\/wp-json\/wp\/v2\/product_tag?post=4823"}],"curies":[{"name":"wp","href":"https:\/\/api.w.org\/{rel}","templated":true}]}}