{"id":4795,"date":"2025-10-30T11:58:06","date_gmt":"2025-10-30T11:58:06","guid":{"rendered":"https:\/\/pgvape.com\/?post_type=product&#038;p=4795"},"modified":"2026-01-27T15:39:33","modified_gmt":"2026-01-27T15:39:33","slug":"zooy-power-28000-28k-inhalaciones-vaporizador-desechable-0-2-3-5-nicotina-10-gustos-flujo-de-aire-ajustable-pantalla-tactil-inteligente-vape-directo-de-fabrica","status":"publish","type":"product","link":"https:\/\/pgvape.com\/es\/producto\/zooy-power-28000-28k-inhalaciones-vaporizador-desechable-0-2-3-5-nicotina-10-gustos-flujo-de-aire-ajustable-pantalla-tactil-inteligente-vape-directo-de-fabrica\/","title":{"rendered":"ZOOY POWER 28000 | 28K Puffs Vape desechable | 0% 2% 3% 5% Nicotina | 10 gustos | Flujo de aire ajustable | Pantalla t\u00e1ctil inteligente | Vape directo de f\u00e1brica"},"content":{"rendered":"<p><strong data-sourcepos=\"4:5-4:47\">Zooy POWER 28000 inhalaciones Vape desechable<\/strong> entrega <strong data-sourcepos=\"4:57-4:88\">m\u00e1ximo rendimiento de vapeo<\/strong> con <strong data-sourcepos=\"4:94-4:119\">28.000 bocanadas extendidas<\/strong> y <strong data-sourcepos=\"4:124-4:150\">Capacidad de e-l\u00edquido de 32 ml.<\/strong>. <strong data-sourcepos=\"4:162-4:191\">Opciones de nicotina 2%\/3%\/5%<\/strong>, este innovador dispositivo combina <strong data-sourcepos=\"4:225-4:249\">controles de pantalla t\u00e1ctil<\/strong> con <strong data-sourcepos=\"4:255-4:284\">tecnolog\u00eda de bobina de malla dual<\/strong> para vapeo personalizado. <strong data-sourcepos=\"4:312-4:343\">Bater\u00eda recargable de 650 mAh.<\/strong> con <strong data-sourcepos=\"4:349-4:368\">Carga tipo C<\/strong> y <strong data-sourcepos=\"4:373-4:390\">pantalla inteligente<\/strong> garantiza el disfrute ininterrumpido de su <strong data-sourcepos=\"4:430-4:452\">10 sabores premium<\/strong>.<\/p>\n<p>&nbsp;<\/p>\n<h2><span style=\"font-size: 90%;\">ZOOY POWER 28000 | 28K inhala Vape desechable <strong data-sourcepos=\"10:5-10:31\">Presupuesto<\/strong><\/span><\/h2>\n<p><strong data-sourcepos=\"7:3-7:17\">Conteo de bocanadas<\/strong>:\u00a0<strong data-sourcepos=\"7:19-7:35\">28.000 bocanadas<\/strong><\/p>\n<p><strong data-sourcepos=\"8:3-8:15\">E-l\u00edquido<\/strong>:\u00a0<strong data-sourcepos=\"8:17-8:36\">32ML precargado<\/strong><\/p>\n<p><strong data-sourcepos=\"9:3-9:15\">Nicotina<\/strong>:\u00a0<strong data-sourcepos=\"9:17-9:33\">2% \/ 3% \/ 5%<\/strong><\/p>\n<p><strong data-sourcepos=\"10:3-10:14\">Bater\u00eda<\/strong>:\u00a0<strong data-sourcepos=\"10:16-10:39\">650MAH recargable<\/strong><\/p>\n<p><strong data-sourcepos=\"11:3-11:11\">Bobina<\/strong>:\u00a0<strong data-sourcepos=\"11:13-11:31\">Malla dual 2.0\u03a9<\/strong><\/p>\n<p><strong data-sourcepos=\"12:3-12:15\">Cargando<\/strong>:\u00a0<strong data-sourcepos=\"12:17-12:39\">Carga r\u00e1pida tipo C<\/strong><\/p>\n<p><strong data-sourcepos=\"13:3-13:14\">Mostrar<\/strong>:\u00a0<strong data-sourcepos=\"13:16-13:37\">Pantalla t\u00e1ctil inteligente<\/strong><\/p>\n<p><strong data-sourcepos=\"14:3-14:20\">Rango de potencia<\/strong>:\u00a0<strong data-sourcepos=\"14:22-14:43\">5W-25W ajustable<\/strong><\/p>\n<p>&nbsp;<\/p>\n<h3><span style=\"font-size: 90%;\">ZOOY POWER 28000 | 28K inhala Vape desechable <strong data-sourcepos=\"22:5-22:20\">Lista de sabores<\/strong><\/span><\/h3>\n<p><strong data-sourcepos=\"17:4-17:27\">1.Ar\u00e1ndano y frambuesa<\/strong><\/p>\n<p><strong data-sourcepos=\"18:4-18:17\">2.ar\u00e1ndano<\/strong><\/p>\n<p><strong data-sourcepos=\"19:4-19:17\">3.Hielo de uva<\/strong><\/p>\n<p><strong data-sourcepos=\"20:4-20:21\">4.Mango mexicano<\/strong><\/p>\n<p><strong data-sourcepos=\"21:4-21:19\">5.Frutas mixtas<\/strong><\/p>\n<p><strong data-sourcepos=\"22:4-22:21\">6.Fruta de la pasi\u00f3n<\/strong><\/p>\n<p><strong data-sourcepos=\"23:4-23:23\">7.kiwi fresa<\/strong><\/p>\n<p><strong data-sourcepos=\"24:4-24:24\">8.Ponche de fresa<\/strong><\/p>\n<p><strong data-sourcepos=\"25:4-25:25\">9.Helado de vainilla<\/strong><\/p>\n<p><strong data-sourcepos=\"26:5-26:23\">10.Hielo de sand\u00eda<br \/>\n<img loading=\"lazy\" decoding=\"async\" class=\"alignnone wp-image-4801 size-full\" src=\"https:\/\/pgvape.com\/wp-content\/uploads\/2025\/10\/pgvape-Zooy-Power-28000-Puffs-Disposable-Vape-4.jpg\" alt=\"Diez coloridos dispositivos de vapeo rectangulares con tapas de boquilla en forma de bucle y pantallas digitales redondas que se muestran en dos filas sobre un fondo con rayas negras debajo del t\u00edtulo &#039;10 SABORES DISPONIBLES&#039;.\" width=\"1500\" height=\"1405\" srcset=\"https:\/\/pgvape.com\/wp-content\/uploads\/2025\/10\/pgvape-Zooy-Power-28000-Puffs-Disposable-Vape-4.jpg 1500w, https:\/\/pgvape.com\/wp-content\/uploads\/2025\/10\/pgvape-Zooy-Power-28000-Puffs-Disposable-Vape-4-384x360.jpg 384w, https:\/\/pgvape.com\/wp-content\/uploads\/2025\/10\/pgvape-Zooy-Power-28000-Puffs-Disposable-Vape-4-595x557.jpg 595w, https:\/\/pgvape.com\/wp-content\/uploads\/2025\/10\/pgvape-Zooy-Power-28000-Puffs-Disposable-Vape-4-400x375.jpg 400w, https:\/\/pgvape.com\/wp-content\/uploads\/2025\/10\/pgvape-Zooy-Power-28000-Puffs-Disposable-Vape-4-768x719.jpg 768w, https:\/\/pgvape.com\/wp-content\/uploads\/2025\/10\/pgvape-Zooy-Power-28000-Puffs-Disposable-Vape-4-13x12.jpg 13w, https:\/\/pgvape.com\/wp-content\/uploads\/2025\/10\/pgvape-Zooy-Power-28000-Puffs-Disposable-Vape-4-600x562.jpg 600w, https:\/\/pgvape.com\/wp-content\/uploads\/2025\/10\/pgvape-Zooy-Power-28000-Puffs-Disposable-Vape-4-43x40.jpg 43w\" sizes=\"auto, (max-width: 1500px) 100vw, 1500px\" \/><br \/>\n<\/strong><\/p>\n<p>&nbsp;<\/p>\n<h3><span style=\"font-size: 90%;\">ZOOY POWER 28000 | 28K inhala Vape desechable <strong>Video<\/strong>:<\/span><\/h3>\n<p>&nbsp;<\/p>\n<h2>Preguntas frecuentes sobre ZOOY POWER 28000 | 28K Puffs Vape desechable<\/h2>\n<p data-sourcepos=\"29:1-30:77\">\u2753 <strong data-sourcepos=\"29:3-29:35\">\u00bfQu\u00e9 hace que este vaporizador sea \u00fanico?<\/strong><br \/>\n\u2705 <strong data-sourcepos=\"30:3-30:27\">Controles de pantalla t\u00e1ctil<\/strong> Permitir <strong data-sourcepos=\"30:34-30:64\">Ajuste preciso de potencia<\/strong> De 5W-25W.<\/p>\n<p data-sourcepos=\"32:1-33:78\">\u2753 <strong data-sourcepos=\"32:3-32:38\">\u00bfCu\u00e1nto dura la bater\u00eda?<\/strong><br \/>\n\u2705 El <strong data-sourcepos=\"33:7-33:25\">Bater\u00eda de 650MAH<\/strong> Proporciona uso extendido con <strong data-sourcepos=\"33:53-33:77\">Carga r\u00e1pida tipo C<\/strong>.<\/p>\n<p data-sourcepos=\"35:1-36:83\">\u2753 <strong data-sourcepos=\"35:3-35:33\">\u00bfEs buena la calidad del vapor?<\/strong><br \/>\n\u2705 <strong data-sourcepos=\"36:3-36:22\">Bobinas de malla dual<\/strong> Entregar <strong data-sourcepos=\"36:31-36:60\">40% M\u00e1s intensidad de sabor<\/strong> Que los dispositivos est\u00e1ndar.<\/p>\n<p data-sourcepos=\"38:1-39:74\">\u2753 <strong data-sourcepos=\"38:3-38:37\">\u00bfPueden los principiantes utilizar este dispositivo?<\/strong><br \/>\n\u2705 \u00a1S\u00ed! .<\/p>\n<p>&nbsp;<\/p>\n<h3 id=\"brxe-najhln\" class=\"brxe-heading\">Preguntas frecuentes (FAQ)<\/h3>\n<div id=\"brxe-rajiac\" class=\"brxe-text\">\n<p><strong>P: \u00bfQu\u00e9 m\u00e9todos de pago aceptan?<\/strong><br \/>\nR: Aceptamos PayPal, Stripe, transferencias bancarias (compatibles con SEPA), las principales tarjetas de cr\u00e9dito (Visa, MasterCard, American Express) y pagos con criptomonedas.<\/p>\n<p><strong>P: \u00bfCu\u00e1nto tiempo lleva la preparaci\u00f3n del pedido?<\/strong><br \/>\nR: La preparaci\u00f3n del pedido demora entre 1 y 3 d\u00edas h\u00e1biles.<\/p>\n<p><strong>P: \u00bfCu\u00e1l es el tiempo de env\u00edo?<\/strong><br \/>\nR: El tiempo de env\u00edo es de 7 a 14 d\u00edas h\u00e1biles, seg\u00fan su ubicaci\u00f3n.<\/p>\n<p><strong>P: \u00bfC\u00f3mo puedo realizar un seguimiento de mi pedido?<\/strong><br \/>\nR: Despu\u00e9s del env\u00edo, recibir\u00e1 un correo electr\u00f3nico de confirmaci\u00f3n con un n\u00famero de seguimiento para realizar un seguimiento en tiempo real.<\/p>\n<p><strong>P: \u00bfCu\u00e1l es su pol\u00edtica de devoluci\u00f3n?<\/strong><br \/>\nR: Ofrecemos una pol\u00edtica de devoluci\u00f3n de 30 d\u00edas para reembolsos o cambios. .<\/p>\n<p><strong>P: \u00bfHabr\u00e1 alg\u00fan problema aduanero?<br \/>\n<\/strong>Nos encargamos de todos los procedimientos de despacho de aduanas para garantizarle una experiencia sin complicaciones. .<\/p>\n<p><strong>P: \u00bfQu\u00e9 m\u00e9todos de env\u00edo se utilizan?<\/strong><br \/>\nCooperamos con UPS\/DHL\/FEDEX\/DPD, etc. Elegiremos la opci\u00f3n de env\u00edo adecuada seg\u00fan el pa\u00eds de entrega para asegurarnos de que reciba sus productos lo m\u00e1s r\u00e1pido posible.<\/p>\n<p><a href=\"https:\/\/pgvape.com\/es\/preguntas-frecuentes\/\">Haga clic aqu\u00ed para m\u00e1s preguntas frecuentes<\/a><\/p>\n<p>Estimados clientes: Si tienen alguna pregunta sobre su pedido o la llegada de la mercanc\u00eda, comun\u00edquese con nuestro servicio de atenci\u00f3n al cliente. \u00a1Gracias!<\/p>\n<h3 data-sourcepos=\"73:1-73:21\"><strong data-sourcepos=\"73:7-73:21\">Cont\u00e1ctenos<\/strong><\/h3>\n<div id=\"text-2419739398\" class=\"text\">\n<p><strong data-sourcepos=\"75:3-75:12\">Correo electr\u00f3nico<\/strong>:\u00a0<a href=\"mailto:support@pgvape.com\"><strong>support@pgvape.com<\/strong><\/a><\/p>\n<p><strong data-sourcepos=\"76:3-76:15\">WhatsApp<\/strong>:\u00a0<a href=\"https:\/\/wa.me\/+8618128481258\"><strong>+86 18128481258<\/strong><\/a><br \/>\n<strong>(Respuesta dentro de las 24 horas en d\u00edas h\u00e1biles)<\/strong><\/p>\n<\/div>\n<h3><strong>\u00a1Gracias por elegir pgvape.com! .<\/strong><\/h3>\n<\/div>","protected":false},"excerpt":{"rendered":"<p><strong data-sourcepos=\"42:5-42:25\">Zooy POTENCIA 28000<\/strong> combina <strong data-sourcepos=\"42:35-42:74\">Tecnolog\u00eda de pantalla t\u00e1ctil de vanguardia<\/strong>, <strong data-sourcepos=\"42:76-42:102\">Capacidad de bocanada extendida<\/strong>, Y <strong data-sourcepos=\"42:108-42:141\">Rendimiento premium de doble bobina<\/strong> En un dise\u00f1o elegante y f\u00e1cil de usar con <strong data-sourcepos=\"42:180-42:201\">10 opciones de sabor<\/strong>.<\/p>","protected":false},"featured_media":4800,"comment_status":"open","ping_status":"closed","template":"","meta":{"_seopress_robots_primary_cat":"none","_seopress_titles_title":"%%post_title%% %%sep%% %%sitetitle%%","_seopress_titles_desc":"","_seopress_robots_index":""},"product_brand":[516,291],"product_cat":[227,515,290],"product_tag":[392,135,90,393,204,391],"class_list":{"0":"post-4795","1":"product","2":"type-product","3":"status-publish","4":"has-post-thumbnail","6":"product_brand-disposable-vape","7":"product_brand-zooy-vape","8":"product_cat-28k-puffs-vape","9":"product_cat-disposable-vape","10":"product_cat-zooy-vape","11":"product_tag-28k-puffs-vape","12":"product_tag-adjustable-airflow","13":"product_tag-disposable-vape","14":"product_tag-smart-touchscreen","15":"product_tag-vape-factory-direct","16":"product_tag-zooy-power-28000","18":"first","19":"instock","20":"sale","21":"shipping-taxable","22":"purchasable","23":"product-type-variable"},"_links":{"self":[{"href":"https:\/\/pgvape.com\/es\/wp-json\/wp\/v2\/product\/4795","targetHints":{"allow":["GET"]}}],"collection":[{"href":"https:\/\/pgvape.com\/es\/wp-json\/wp\/v2\/product"}],"about":[{"href":"https:\/\/pgvape.com\/es\/wp-json\/wp\/v2\/types\/product"}],"replies":[{"embeddable":true,"href":"https:\/\/pgvape.com\/es\/wp-json\/wp\/v2\/comments?post=4795"}],"wp:featuredmedia":[{"embeddable":true,"href":"https:\/\/pgvape.com\/es\/wp-json\/wp\/v2\/media\/4800"}],"wp:attachment":[{"href":"https:\/\/pgvape.com\/es\/wp-json\/wp\/v2\/media?parent=4795"}],"wp:term":[{"taxonomy":"product_brand","embeddable":true,"href":"https:\/\/pgvape.com\/es\/wp-json\/wp\/v2\/product_brand?post=4795"},{"taxonomy":"product_cat","embeddable":true,"href":"https:\/\/pgvape.com\/es\/wp-json\/wp\/v2\/product_cat?post=4795"},{"taxonomy":"product_tag","embeddable":true,"href":"https:\/\/pgvape.com\/es\/wp-json\/wp\/v2\/product_tag?post=4795"}],"curies":[{"name":"wp","href":"https:\/\/api.w.org\/{rel}","templated":true}]}}