{"id":4766,"date":"2025-10-30T10:40:44","date_gmt":"2025-10-30T10:40:44","guid":{"rendered":"https:\/\/pgvape.com\/?post_type=product&#038;p=4766"},"modified":"2026-01-27T15:40:11","modified_gmt":"2026-01-27T15:40:11","slug":"zooy-shisha-50000-50k-inhalaciones-vaporizador-desechable-0-2-3-5-nicotina-10-gustos-flujo-de-aire-ajustable-pantalla-led-inteligente-vape-directo-de-fabrica","status":"publish","type":"product","link":"https:\/\/pgvape.com\/es\/producto\/zooy-shisha-50000-50k-inhalaciones-vaporizador-desechable-0-2-3-5-nicotina-10-gustos-flujo-de-aire-ajustable-pantalla-led-inteligente-vape-directo-de-fabrica\/","title":{"rendered":"Zooy Shisha 50000 | 50K Puffs Vape desechable | 0% 2% 3% 5% Nicotina | 10 gustos | Flujo de aire ajustable | Pantalla LED inteligente | Vape directo de f\u00e1brica"},"content":{"rendered":"<p><strong data-sourcepos=\"4:5-4:48\">Zooy Shisha 50000 inhalaciones Vape desechable<\/strong> redefine la resistencia al vapeo con un <strong data-sourcepos=\"4:84-4:117\">50.000 inhalaciones l\u00edderes en la industria<\/strong> capacidad. <strong data-sourcepos=\"4:149-4:168\">bater\u00eda de 1400 mAh<\/strong> y presentando un <strong data-sourcepos=\"4:185-4:209\">Bobina de malla cu\u00e1druple de 0,25 \u03a9<\/strong>, entrega <strong data-sourcepos=\"4:223-4:241\">sabor intenso<\/strong> y <strong data-sourcepos=\"4:246-4:274\">producci\u00f3n masiva de nube<\/strong>. <strong data-sourcepos=\"4:280-4:301\">pantalla LED inteligente<\/strong> rastrea los niveles de bater\u00eda y e-l\u00edquido, mientras <strong data-sourcepos=\"4:344-4:368\">Iluminaci\u00f3n RGB de 8 colores<\/strong> a\u00f1ade un estilo vibrante. <strong data-sourcepos=\"4:394-4:422\">E-l\u00edquido precargado de 40 ml<\/strong> y <strong data-sourcepos=\"4:427-4:451\">Carga r\u00e1pida tipo C<\/strong>, es la mejor opci\u00f3n para los entusiastas del vapeo DTL (directo al pulm\u00f3n).<\/p>\n<p>&nbsp;<\/p>\n<h2><span style=\"font-size: 90%;\">Zooy Shisha 50000 | 50K inhalaciones Vape desechable <strong data-sourcepos=\"10:5-10:31\">Presupuesto<\/strong><\/span><\/h2>\n<p><strong data-sourcepos=\"7:3-7:30\">50.000 bocanadas ultralargas<\/strong>\u00a0\u2013 Longevidad de vapeo inigualable<\/p>\n<p><strong data-sourcepos=\"8:3-8:27\">Bobina de malla cu\u00e1druple de 0,25 \u03a9<\/strong>\u00a0\u2013 Para m\u00e1xima producci\u00f3n de sabor y vapor.<\/p>\n<p><strong data-sourcepos=\"9:3-9:35\">Bater\u00eda recargable de 1400 mAh.<\/strong>\u00a0\u2013 Uso extendido entre cargas<\/p>\n<p><strong data-sourcepos=\"10:3-10:24\">Pantalla LED inteligente<\/strong>\u00a0\u2013 Monitoreo de bater\u00eda y jugo en tiempo real<\/p>\n<p><strong data-sourcepos=\"11:3-11:25\">Flujo de aire ajustable<\/strong>\u00a0\u2013 Personaliza tu resistencia al sorteo<\/p>\n<p><strong data-sourcepos=\"12:3-12:27\">Iluminaci\u00f3n RGB de 8 colores<\/strong>\u00a0\u2013 Efectos visuales din\u00e1micos<\/p>\n<p><strong data-sourcepos=\"13:3-13:27\">Carga r\u00e1pida tipo C<\/strong>\u00a0\u2013 Potenciadores r\u00e1pidos<\/p>\n<p><strong data-sourcepos=\"14:3-14:29\">Capacidad de l\u00edquido electr\u00f3nico de 40 ml<\/strong>\u00a0\u2013 Disfrute duradero<\/p>\n<p><strong data-sourcepos=\"15:3-15:27\">Dise\u00f1o optimizado para DTL<\/strong>\u00a0\u2013 Perfecto para perseguir nubes<\/p>\n<p>&nbsp;<\/p>\n<h3><span style=\"font-size: 90%;\">Zooy Shisha 50000 | 50K inhalaciones Vape desechable <strong data-sourcepos=\"22:5-22:20\">Lista de sabores<\/strong><\/span><\/h3>\n<p>1.Hielo de sand\u00eda<\/p>\n<p>2.Hielo de ar\u00e1ndanos<\/p>\n<p>3. Cereza azul Razz<\/p>\n<p>4.Toro rojo<\/p>\n<p>5.Baya mixta<\/p>\n<p>6.Mango Melocot\u00f3n Sand\u00eda<\/p>\n<p>7.kiwi fresa<\/p>\n<p>8.Sand\u00eda Fresa<\/p>\n<p>9.Cereza Fresa Frambuesa<\/p>\n<p>10.Uva Fresa<\/p>\n<p>&nbsp;<\/p>\n<h3><span style=\"font-size: 90%;\">Zooy Shisha 50000 | 50K inhalaciones Vape desechable <strong>Video<\/strong>:<\/span><\/h3>\n<p>&nbsp;<\/p>\n<h2>Preguntas frecuentes sobre Zooy Shisha 50000 | 50K Puffs Vape desechable<\/h2>\n<p data-sourcepos=\"44:1-45:103\">\u2753 <strong data-sourcepos=\"44:3-44:40\">\u00bfC\u00f3mo consigue 50.000 caladas?<\/strong><br \/>\n\u2705 La combinaci\u00f3n de <strong data-sourcepos=\"45:22-45:48\">Capacidad de e-l\u00edquido de 40 ml.<\/strong> y <strong data-sourcepos=\"45:53-45:82\">bobina cu\u00e1druple de alta eficiencia<\/strong> maximiza la longevidad.<\/p>\n<p data-sourcepos=\"47:1-48:89\">\u2753 <strong data-sourcepos=\"47:3-47:36\">\u00bfEs bueno para perseguir nubes?<\/strong><br \/>\n\u2705 El <strong data-sourcepos=\"48:7-48:31\">Bobina de malla cu\u00e1druple de 0,25 \u03a9<\/strong> y <strong data-sourcepos=\"48:36-48:58\">flujo de aire ajustable<\/strong> crear <strong data-sourcepos=\"48:66-48:88\">nubes DTL masivas<\/strong>.<\/p>\n<p data-sourcepos=\"50:1-51:91\">\u2753 <strong data-sourcepos=\"50:3-50:38\">\u00bfCu\u00e1nto dura la bater\u00eda?<\/strong><br \/>\n\u2705 El <strong data-sourcepos=\"51:7-51:26\">bater\u00eda de 1400 mAh<\/strong> admite sesiones extendidas y recargas r\u00e1pidamente a trav\u00e9s de <strong data-sourcepos=\"51:80-51:90\">Tipo C<\/strong>.<\/p>\n<p data-sourcepos=\"53:1-54:79\">\u2753 <strong data-sourcepos=\"53:3-53:30\">\u00bfPuedo monitorear mi uso?<\/strong><br \/>\n\u2705 El <strong data-sourcepos=\"54:7-54:24\">pantalla inteligente<\/strong> muestra el porcentaje exacto de bater\u00eda y el e-l\u00edquido restante.<\/p>\n<p data-sourcepos=\"56:1-57:90\">\u2753 <strong data-sourcepos=\"56:3-56:31\">\u00bfQu\u00e9 lo hace destacar?<br \/>\n<\/strong> \u2705 <strong data-sourcepos=\"57:3-57:19\">Iluminaci\u00f3n RGB<\/strong>, <strong data-sourcepos=\"57:21-57:46\">calidad de construcci\u00f3n superior<\/strong>, y <strong data-sourcepos=\"57:52-57:76\">recuento de bocanadas inigualable<\/strong> apartarlo.<\/p>\n<p>&nbsp;<\/p>\n<h3 id=\"brxe-najhln\" class=\"brxe-heading\">Preguntas frecuentes (FAQ)<\/h3>\n<div id=\"brxe-rajiac\" class=\"brxe-text\">\n<p><strong>P: \u00bfQu\u00e9 m\u00e9todos de pago aceptan?<\/strong><br \/>\nR: Aceptamos PayPal, Stripe, transferencias bancarias (compatibles con SEPA), las principales tarjetas de cr\u00e9dito (Visa, MasterCard, American Express) y pagos con criptomonedas.<\/p>\n<p><strong>P: \u00bfCu\u00e1nto tiempo lleva la preparaci\u00f3n del pedido?<\/strong><br \/>\nR: La preparaci\u00f3n del pedido demora entre 1 y 3 d\u00edas h\u00e1biles.<\/p>\n<p><strong>P: \u00bfCu\u00e1l es el tiempo de env\u00edo?<\/strong><br \/>\nR: El tiempo de env\u00edo es de 7 a 14 d\u00edas h\u00e1biles, seg\u00fan su ubicaci\u00f3n.<\/p>\n<p><strong>P: \u00bfC\u00f3mo puedo realizar un seguimiento de mi pedido?<\/strong><br \/>\nR: Despu\u00e9s del env\u00edo, recibir\u00e1 un correo electr\u00f3nico de confirmaci\u00f3n con un n\u00famero de seguimiento para realizar un seguimiento en tiempo real.<\/p>\n<p><strong>P: \u00bfCu\u00e1l es su pol\u00edtica de devoluci\u00f3n?<\/strong><br \/>\nR: Ofrecemos una pol\u00edtica de devoluci\u00f3n de 30 d\u00edas para reembolsos o cambios. .<\/p>\n<p><strong>P: \u00bfHabr\u00e1 alg\u00fan problema aduanero?<br \/>\n<\/strong>Nos encargamos de todos los procedimientos de despacho de aduanas para garantizarle una experiencia sin complicaciones. .<\/p>\n<p><strong>P: \u00bfQu\u00e9 m\u00e9todos de env\u00edo se utilizan?<\/strong><br \/>\nCooperamos con UPS\/DHL\/FEDEX\/DPD, etc. Elegiremos la opci\u00f3n de env\u00edo adecuada seg\u00fan el pa\u00eds de entrega para asegurarnos de que reciba sus productos lo m\u00e1s r\u00e1pido posible.<\/p>\n<p><a href=\"https:\/\/pgvape.com\/es\/preguntas-frecuentes\/\">Haga clic aqu\u00ed para m\u00e1s preguntas frecuentes<\/a><\/p>\n<p>Estimados clientes: Si tienen alguna pregunta sobre su pedido o la llegada de la mercanc\u00eda, comun\u00edquese con nuestro servicio de atenci\u00f3n al cliente. \u00a1Gracias!<\/p>\n<h3 data-sourcepos=\"73:1-73:21\"><strong data-sourcepos=\"73:7-73:21\">Cont\u00e1ctenos<\/strong><\/h3>\n<div id=\"text-2419739398\" class=\"text\">\n<p><strong data-sourcepos=\"75:3-75:12\">Correo electr\u00f3nico<\/strong>:\u00a0<a href=\"mailto:support@pgvape.com\"><strong>support@pgvape.com<\/strong><\/a><\/p>\n<p><strong data-sourcepos=\"76:3-76:15\">WhatsApp<\/strong>:\u00a0<a href=\"https:\/\/wa.me\/+8618128481258\"><strong>+86 18128481258<\/strong><\/a><br \/>\n<strong>(Respuesta dentro de las 24 horas en d\u00edas h\u00e1biles)<\/strong><\/p>\n<\/div>\n<h3><strong>\u00a1Gracias por elegir pgvape.com! .<\/strong><\/h3>\n<\/div>","protected":false},"excerpt":{"rendered":"<p><strong data-sourcepos=\"65:5-65:26\">Shisha Zooy 50000<\/strong> representa el pin\u00e1culo de la tecnolog\u00eda de vapeo desechable, combinando <strong data-sourcepos=\"65:92-65:113\">longevidad extrema<\/strong>, <strong data-sourcepos=\"65:115-65:143\">producci\u00f3n premium en la nube<\/strong>, y <strong data-sourcepos=\"65:149-65:172\">caracter\u00edsticas innovadoras<\/strong> en un paquete elegante. <strong data-sourcepos=\"65:269-65:303\">experiencia de vapeo incomparable<\/strong>.<\/p>","protected":false},"featured_media":4770,"comment_status":"open","ping_status":"closed","template":"","meta":{"_seopress_robots_primary_cat":"none","_seopress_titles_title":"%%post_title%% %%sep%% %%sitetitle%%","_seopress_titles_desc":"","_seopress_robots_index":""},"product_brand":[516,291],"product_cat":[61,515,290],"product_tag":[318,135,90,143,204,390],"class_list":{"0":"post-4766","1":"product","2":"type-product","3":"status-publish","4":"has-post-thumbnail","6":"product_brand-disposable-vape","7":"product_brand-zooy-vape","8":"product_cat-50k-puffs-vape","9":"product_cat-disposable-vape","10":"product_cat-zooy-vape","11":"product_tag-50k-puffs-vape","12":"product_tag-adjustable-airflow","13":"product_tag-disposable-vape","14":"product_tag-smart-led-display","15":"product_tag-vape-factory-direct","16":"product_tag-zooy-shisha-50000","18":"first","19":"instock","20":"sale","21":"shipping-taxable","22":"purchasable","23":"product-type-variable"},"_links":{"self":[{"href":"https:\/\/pgvape.com\/es\/wp-json\/wp\/v2\/product\/4766","targetHints":{"allow":["GET"]}}],"collection":[{"href":"https:\/\/pgvape.com\/es\/wp-json\/wp\/v2\/product"}],"about":[{"href":"https:\/\/pgvape.com\/es\/wp-json\/wp\/v2\/types\/product"}],"replies":[{"embeddable":true,"href":"https:\/\/pgvape.com\/es\/wp-json\/wp\/v2\/comments?post=4766"}],"wp:featuredmedia":[{"embeddable":true,"href":"https:\/\/pgvape.com\/es\/wp-json\/wp\/v2\/media\/4770"}],"wp:attachment":[{"href":"https:\/\/pgvape.com\/es\/wp-json\/wp\/v2\/media?parent=4766"}],"wp:term":[{"taxonomy":"product_brand","embeddable":true,"href":"https:\/\/pgvape.com\/es\/wp-json\/wp\/v2\/product_brand?post=4766"},{"taxonomy":"product_cat","embeddable":true,"href":"https:\/\/pgvape.com\/es\/wp-json\/wp\/v2\/product_cat?post=4766"},{"taxonomy":"product_tag","embeddable":true,"href":"https:\/\/pgvape.com\/es\/wp-json\/wp\/v2\/product_tag?post=4766"}],"curies":[{"name":"wp","href":"https:\/\/api.w.org\/{rel}","templated":true}]}}