{"id":4737,"date":"2025-10-30T09:26:41","date_gmt":"2025-10-30T09:26:41","guid":{"rendered":"https:\/\/pgvape.com\/?post_type=product&#038;p=4737"},"modified":"2026-01-27T15:41:25","modified_gmt":"2026-01-27T15:41:25","slug":"zooy-twins-30000-30k-puffs-dual-flavo-vape-desechable-0-2-3-5-nicotina-10-gustos-pantalla-led-inteligente-vape-directo-de-fabrica","status":"publish","type":"product","link":"https:\/\/pgvape.com\/es\/producto\/zooy-twins-30000-30k-puffs-dual-flavo-vape-desechable-0-2-3-5-nicotina-10-gustos-pantalla-led-inteligente-vape-directo-de-fabrica\/","title":{"rendered":"ZOOY Twins 30000 | 30K Puffs Dual Flavo Vape desechable | 0% 2% 3% 5% Nicotina | 10Tastes | Pantalla LED inteligente | Vape Factory Direct"},"content":{"rendered":"<p><strong data-sourcepos=\"4:5-4:47\">ZOOY Twins 30000 inhalaciones Vape desechables<\/strong> Redefine el vapeo duradero con <strong data-sourcepos=\"4:83-4:105\">30.000 ultrabocanadas<\/strong> Y <strong data-sourcepos=\"4:110-4:151\">Tecnolog\u00eda de conmutaci\u00f3n sin sabor dual<\/strong>. <strong data-sourcepos=\"4:166-4:197\">Bater\u00eda recargable de 650 mAh.<\/strong> Con <strong data-sourcepos=\"4:203-4:227\">Carga r\u00e1pida tipo C<\/strong>, Cuenta con un <strong data-sourcepos=\"4:243-4:264\">Pantalla LED inteligente<\/strong> Para seguimiento de soplos\/bater\u00eda en tiempo real y <strong data-sourcepos=\"4:305-4:324\">Bobinas de malla dual<\/strong> Para <strong data-sourcepos=\"4:329-4:359\">Producci\u00f3n de sabor mejorada<\/strong>. <strong data-sourcepos=\"4:373-4:399\">12 combinaciones de sabores<\/strong> Y <strong data-sourcepos=\"4:404-4:444\">Opciones de sal de nicotina de 20 mg\/30 mg\/50 mg<\/strong> Para una experiencia totalmente personalizable.<\/p>\n<p>&nbsp;<\/p>\n<h2><span style=\"font-size: 90%;\">ZOOY Twins 30000 | 30K Puffs Dual Flavo Vape desechable <strong data-sourcepos=\"10:5-10:31\">Presupuesto<\/strong><\/span><\/h2>\n<p><strong data-sourcepos=\"7:3-7:17\">Conteo de bocanadas<\/strong>:\u00a0<strong data-sourcepos=\"7:19-7:35\">30.000 bocanadas<\/strong><\/p>\n<p><strong data-sourcepos=\"8:3-8:14\">Bater\u00eda<\/strong>:\u00a0<strong data-sourcepos=\"8:16-8:39\">650MAH recargable<\/strong><\/p>\n<p><strong data-sourcepos=\"9:3-9:15\">Cargando<\/strong>:\u00a0<strong data-sourcepos=\"9:17-9:39\">Carga r\u00e1pida tipo C<\/strong><\/p>\n<p><strong data-sourcepos=\"10:3-10:14\">Mostrar<\/strong>:\u00a0<strong data-sourcepos=\"10:16-10:36\">Pantalla LED inteligente<\/strong>\u00a0(Contador de caladas + Bater\u00eda %)<\/p>\n<p><strong data-sourcepos=\"11:3-11:11\">Bobina<\/strong>:\u00a0<strong data-sourcepos=\"11:13-11:38\">Sistema de bobina de malla dual<\/strong><\/p>\n<p><strong data-sourcepos=\"12:3-12:20\">Sistema de sabor<\/strong>:\u00a0<strong data-sourcepos=\"12:22-12:47\">Cambio de doble sabor<\/strong><\/p>\n<p><strong data-sourcepos=\"13:3-13:15\">Nicotina<\/strong>:\u00a0<strong data-sourcepos=\"13:17-13:35\">20MG\/30MG\/50MG<\/strong>\u00a0Sales de nicotina<\/p>\n<p><strong data-sourcepos=\"14:3-14:13\">Dise\u00f1o<\/strong>:\u00a0<strong data-sourcepos=\"14:15-14:39\">Ergon\u00f3mico y port\u00e1til<\/strong><\/p>\n<p>&nbsp;<\/p>\n<h3><span style=\"font-size: 90%;\">ZOOY Twins 30000 | 30K Puffs Dual Flavo Vape desechable <strong data-sourcepos=\"22:5-22:20\">Lista de sabores<\/strong><\/span><\/h3>\n<p><strong>1.Chicle de sand\u00eda y helado de caf\u00e9<\/strong><\/p>\n<p><strong>2.Hielo de pi\u00f1a, coco y manzana<\/strong><\/p>\n<p><strong>3.Red Bull y kiwi fresa<\/strong><\/p>\n<p><strong>4.Helado de fresa y batido de melocot\u00f3n y mango<\/strong><\/p>\n<p><strong>5.LOVE 66 y hielo de cola<\/strong><\/p>\n<p><strong>6.Hielo de ar\u00e1ndanos y mel\u00f3n triple<\/strong><\/p>\n<p><strong>7.Cereza roja y bayas mixtas<\/strong><\/p>\n<p><strong>8.Hielo de sand\u00eda y lim\u00f3n frambuesa azul<\/strong><\/p>\n<p><strong>9.Uva, menta y fresa, pl\u00e1tano<\/strong><\/p>\n<p><strong>10.Fresa, sand\u00eda y limonada rosada<br \/>\n<img loading=\"lazy\" decoding=\"async\" class=\"alignnone wp-image-4744 size-full\" src=\"https:\/\/pgvape.com\/wp-content\/uploads\/2025\/10\/pgvape-ZOOY-Twins-30000-Puffs-Disposable-Vape-5.png\" alt=\"Dos filas de doce coloridos dispositivos de vapeo desechables Zooy Twins con acabados degradados, etiquetas de sabor e \u00edconos peque\u00f1os, cada uno marcado con &quot;30000 PUFFS&quot;, dispuestos debajo de un encabezado en negrita que dice ZOOY TWINS 30000 PUFFS.\" width=\"800\" height=\"800\" srcset=\"https:\/\/pgvape.com\/wp-content\/uploads\/2025\/10\/pgvape-ZOOY-Twins-30000-Puffs-Disposable-Vape-5.png 800w, https:\/\/pgvape.com\/wp-content\/uploads\/2025\/10\/pgvape-ZOOY-Twins-30000-Puffs-Disposable-Vape-5-360x360.png 360w, https:\/\/pgvape.com\/wp-content\/uploads\/2025\/10\/pgvape-ZOOY-Twins-30000-Puffs-Disposable-Vape-5-595x595.png 595w, https:\/\/pgvape.com\/wp-content\/uploads\/2025\/10\/pgvape-ZOOY-Twins-30000-Puffs-Disposable-Vape-5-400x400.png 400w, https:\/\/pgvape.com\/wp-content\/uploads\/2025\/10\/pgvape-ZOOY-Twins-30000-Puffs-Disposable-Vape-5-768x768.png 768w, https:\/\/pgvape.com\/wp-content\/uploads\/2025\/10\/pgvape-ZOOY-Twins-30000-Puffs-Disposable-Vape-5-12x12.png 12w, https:\/\/pgvape.com\/wp-content\/uploads\/2025\/10\/pgvape-ZOOY-Twins-30000-Puffs-Disposable-Vape-5-300x300.png 300w, https:\/\/pgvape.com\/wp-content\/uploads\/2025\/10\/pgvape-ZOOY-Twins-30000-Puffs-Disposable-Vape-5-600x600.png 600w, https:\/\/pgvape.com\/wp-content\/uploads\/2025\/10\/pgvape-ZOOY-Twins-30000-Puffs-Disposable-Vape-5-100x100.png 100w, https:\/\/pgvape.com\/wp-content\/uploads\/2025\/10\/pgvape-ZOOY-Twins-30000-Puffs-Disposable-Vape-5-40x40.png 40w\" sizes=\"auto, (max-width: 800px) 100vw, 800px\" \/><br \/>\n<\/strong><\/p>\n<p>&nbsp;<\/p>\n<h3><span style=\"font-size: 90%;\">ZOOY Twins 30000 | 30K Puffs Dual Flavo Vape desechable <strong>Video<\/strong>:<\/span><\/h3>\n<p>&nbsp;<\/p>\n<h2>Preguntas frecuentes sobre ZOOY Twins 30000 | 30K Puffs Dual Flavo Vape desechable<\/h2>\n<p data-sourcepos=\"30:1-31:107\">\u2753 <strong data-sourcepos=\"30:3-30:43\">\u00bfC\u00f3mo funciona el cambio de doble sabor?<\/strong><br \/>\n\u2705 Alternar instant\u00e1neamente entre <strong data-sourcepos=\"31:28-31:43\">Dos Sabores<\/strong> O mezclarlos para <strong data-sourcepos=\"31:60-31:77\">Mezclas personalizadas<\/strong> \u2013 No se necesitan cambios de dispositivo.<\/p>\n<p data-sourcepos=\"33:1-34:98\">\u2753 <strong data-sourcepos=\"33:3-33:37\">\u00bfQu\u00e9 hace posibles las 30.000 inhalaciones?<\/strong><br \/>\n\u2705 <strong data-sourcepos=\"34:3-34:33\">Sistema optimizado de doble bobina<\/strong> + <strong data-sourcepos=\"34:36-34:70\">Uso de l\u00edquido electr\u00f3nico de alta eficiencia<\/strong> = <strong data-sourcepos=\"34:73-34:95\">Longevidad extendida<\/strong>.<\/p>\n<p data-sourcepos=\"36:1-37:79\">\u2753 <strong data-sourcepos=\"36:3-36:36\">\u00bfLa calidad del vapor es premium?<\/strong><br \/>\n\u2705 <strong data-sourcepos=\"37:3-37:22\">Bobinas de malla dual<\/strong> Entregar <strong data-sourcepos=\"37:31-37:50\">40% M\u00e1s Sabor<\/strong> Que los desechables est\u00e1ndar.<\/p>\n<p data-sourcepos=\"39:1-40:80\">\u2753 <strong data-sourcepos=\"39:3-39:28\">\u00bfPuedo realizar un seguimiento de mi uso?<\/strong><br \/>\n\u2705 <strong data-sourcepos=\"40:3-40:20\">Pantalla inteligente<\/strong> Espect\u00e1culos <strong data-sourcepos=\"40:27-40:46\">Bocanadas restantes<\/strong> + <strong data-sourcepos=\"40:49-40:65\">Duraci\u00f3n de la bater\u00eda<\/strong> De un vistazo.<\/p>\n<p data-sourcepos=\"42:1-43:95\">\u2753 <strong data-sourcepos=\"42:3-42:29\">\u00bfPara qui\u00e9n es ideal?<br \/>\n<\/strong> \u2705 Vapers con ganas <strong data-sourcepos=\"43:18-43:35\">Soplos m\u00e1ximos<\/strong>, <strong data-sourcepos=\"43:37-43:55\">Variedad de sabores<\/strong>, Y <strong data-sourcepos=\"43:61-43:78\">Caracter\u00edsticas tecnol\u00f3gicas<\/strong> En un solo dispositivo.<\/p>\n<p>&nbsp;<\/p>\n<h3 id=\"brxe-najhln\" class=\"brxe-heading\">Preguntas frecuentes (FAQ)<\/h3>\n<div id=\"brxe-rajiac\" class=\"brxe-text\">\n<p><strong>P: \u00bfQu\u00e9 m\u00e9todos de pago aceptan?<\/strong><br \/>\nR: Aceptamos PayPal, Stripe, transferencias bancarias (compatibles con SEPA), las principales tarjetas de cr\u00e9dito (Visa, MasterCard, American Express) y pagos con criptomonedas.<\/p>\n<p><strong>P: \u00bfCu\u00e1nto tiempo lleva la preparaci\u00f3n del pedido?<\/strong><br \/>\nR: La preparaci\u00f3n del pedido demora entre 1 y 3 d\u00edas h\u00e1biles.<\/p>\n<p><strong>P: \u00bfCu\u00e1l es el tiempo de env\u00edo?<\/strong><br \/>\nR: El tiempo de env\u00edo es de 7 a 14 d\u00edas h\u00e1biles, seg\u00fan su ubicaci\u00f3n.<\/p>\n<p><strong>P: \u00bfC\u00f3mo puedo realizar un seguimiento de mi pedido?<\/strong><br \/>\nR: Despu\u00e9s del env\u00edo, recibir\u00e1 un correo electr\u00f3nico de confirmaci\u00f3n con un n\u00famero de seguimiento para realizar un seguimiento en tiempo real.<\/p>\n<p><strong>P: \u00bfCu\u00e1l es su pol\u00edtica de devoluci\u00f3n?<\/strong><br \/>\nR: Ofrecemos una pol\u00edtica de devoluci\u00f3n de 30 d\u00edas para reembolsos o cambios. .<\/p>\n<p><strong>P: \u00bfHabr\u00e1 alg\u00fan problema aduanero?<br \/>\n<\/strong>Nos encargamos de todos los procedimientos de despacho de aduanas para garantizarle una experiencia sin complicaciones. .<\/p>\n<p><strong>P: \u00bfQu\u00e9 m\u00e9todos de env\u00edo se utilizan?<\/strong><br \/>\nCooperamos con UPS\/DHL\/FEDEX\/DPD, etc. Elegiremos la opci\u00f3n de env\u00edo adecuada seg\u00fan el pa\u00eds de entrega para asegurarnos de que reciba sus productos lo m\u00e1s r\u00e1pido posible.<\/p>\n<p><a href=\"https:\/\/pgvape.com\/es\/preguntas-frecuentes\/\">Haga clic aqu\u00ed para m\u00e1s preguntas frecuentes<\/a><\/p>\n<p>Estimados clientes: Si tienen alguna pregunta sobre su pedido o la llegada de la mercanc\u00eda, comun\u00edquese con nuestro servicio de atenci\u00f3n al cliente. \u00a1Gracias!<\/p>\n<h3 data-sourcepos=\"73:1-73:21\"><strong data-sourcepos=\"73:7-73:21\">Cont\u00e1ctenos<\/strong><\/h3>\n<div id=\"text-2419739398\" class=\"text\">\n<p><strong data-sourcepos=\"75:3-75:12\">Correo electr\u00f3nico<\/strong>:\u00a0<a href=\"mailto:support@pgvape.com\"><strong>support@pgvape.com<\/strong><\/a><\/p>\n<p><strong data-sourcepos=\"76:3-76:15\">WhatsApp<\/strong>:\u00a0<a href=\"https:\/\/wa.me\/+8618128481258\"><strong>+86 18128481258<\/strong><\/a><br \/>\n<strong>(Respuesta dentro de las 24 horas en d\u00edas h\u00e1biles)<\/strong><\/p>\n<\/div>\n<h3><strong>\u00a1Gracias por elegir pgvape.com! .<\/strong><\/h3>\n<\/div>","protected":false},"excerpt":{"rendered":"<p><strong data-sourcepos=\"46:5-46:25\">ZOOY Gemelos 30000<\/strong> combina <strong data-sourcepos=\"46:35-46:68\">Capacidad de calada r\u00e9cord<\/strong>, <strong data-sourcepos=\"46:70-46:101\">Tecnolog\u00eda innovadora de doble sabor<\/strong>, Y <strong data-sourcepos=\"46:107-46:133\">Seguimiento de pantalla inteligente<\/strong> Con <strong data-sourcepos=\"46:139-46:158\">12 pares de sabores<\/strong> Para la mejor experiencia de vapeo desechable.<\/p>","protected":false},"featured_media":4743,"comment_status":"open","ping_status":"closed","template":"","meta":{"_seopress_robots_primary_cat":"none","_seopress_titles_title":"%%post_title%% %%sep%% %%sitetitle%%","_seopress_titles_desc":"","_seopress_robots_index":""},"product_brand":[516,291],"product_cat":[35,515,290],"product_tag":[349,90,388,389,204,387],"class_list":{"0":"post-4737","1":"product","2":"type-product","3":"status-publish","4":"has-post-thumbnail","6":"product_brand-disposable-vape","7":"product_brand-zooy-vape","8":"product_cat-30k-puffs-vape","9":"product_cat-disposable-vape","10":"product_cat-zooy-vape","11":"product_tag-30k-puffs-vape","12":"product_tag-disposable-vape","13":"product_tag-dual-flavo","14":"product_tag-smart-led-screen","15":"product_tag-vape-factory-direct","16":"product_tag-zooy-twins-30000","18":"first","19":"instock","20":"sale","21":"shipping-taxable","22":"purchasable","23":"product-type-variable"},"_links":{"self":[{"href":"https:\/\/pgvape.com\/es\/wp-json\/wp\/v2\/product\/4737","targetHints":{"allow":["GET"]}}],"collection":[{"href":"https:\/\/pgvape.com\/es\/wp-json\/wp\/v2\/product"}],"about":[{"href":"https:\/\/pgvape.com\/es\/wp-json\/wp\/v2\/types\/product"}],"replies":[{"embeddable":true,"href":"https:\/\/pgvape.com\/es\/wp-json\/wp\/v2\/comments?post=4737"}],"wp:featuredmedia":[{"embeddable":true,"href":"https:\/\/pgvape.com\/es\/wp-json\/wp\/v2\/media\/4743"}],"wp:attachment":[{"href":"https:\/\/pgvape.com\/es\/wp-json\/wp\/v2\/media?parent=4737"}],"wp:term":[{"taxonomy":"product_brand","embeddable":true,"href":"https:\/\/pgvape.com\/es\/wp-json\/wp\/v2\/product_brand?post=4737"},{"taxonomy":"product_cat","embeddable":true,"href":"https:\/\/pgvape.com\/es\/wp-json\/wp\/v2\/product_cat?post=4737"},{"taxonomy":"product_tag","embeddable":true,"href":"https:\/\/pgvape.com\/es\/wp-json\/wp\/v2\/product_tag?post=4737"}],"curies":[{"name":"wp","href":"https:\/\/api.w.org\/{rel}","templated":true}]}}