{"id":4633,"date":"2025-10-26T11:56:38","date_gmt":"2025-10-26T11:56:38","guid":{"rendered":"https:\/\/pgvape.com\/?post_type=product&#038;p=4633"},"modified":"2025-12-15T12:23:29","modified_gmt":"2025-12-15T12:23:29","slug":"elf-box-rgb-14000-pro-14k-puffs-vape-desechable-0-2-3-5-nicotina-10-gustos-pantalla-led-recargable-vape-directo-de-fabrica","status":"publish","type":"product","link":"https:\/\/pgvape.com\/es\/producto\/elf-box-rgb-14000-pro-14k-puffs-vape-desechable-0-2-3-5-nicotina-10-gustos-pantalla-led-recargable-vape-directo-de-fabrica\/","title":{"rendered":"ELF BOX RGB 14000 Pro | 14K Puffs Vape desechable | 0% 2% 3% 5% Nicotina | 10 gustos | Recargable | Pantalla LED | Vape directo de f\u00e1brica"},"content":{"rendered":"<p><strong data-sourcepos=\"4:5-4:46\">Vape desechable ELF BOX RGB 14000 Pro<\/strong> Entrega <strong data-sourcepos=\"4:56-4:86\">Rendimiento de vapeo premium<\/strong> Con <strong data-sourcepos=\"4:92-4:119\">14.000 bocanadas ultralargas<\/strong> Y <strong data-sourcepos=\"4:124-4:150\">Capacidad de l\u00edquido electr\u00f3nico de 25 ml.<\/strong>. <strong data-sourcepos=\"4:164-4:182\">Bobina de malla de 1,0 \u03a9<\/strong> Para <strong data-sourcepos=\"4:187-4:215\">Producci\u00f3n de sabor suave<\/strong>, Ofrece <strong data-sourcepos=\"4:227-4:259\">Opciones de nicotina 0%\/2%\/3%\/5%<\/strong>. <strong data-sourcepos=\"4:265-4:296\">Bater\u00eda recargable de 600 mAh.<\/strong> Con <strong data-sourcepos=\"4:302-4:321\">Carga tipo C<\/strong> Asegura <strong data-sourcepos=\"4:330-4:346\">Uso extendido<\/strong>, mientras que el <strong data-sourcepos=\"4:358-4:373\">Pantalla LED<\/strong> Y <strong data-sourcepos=\"4:378-4:394\">Iluminaci\u00f3n RGB<\/strong> Proporcionar <strong data-sourcepos=\"4:403-4:419\">Estilo moderno<\/strong> Y <strong data-sourcepos=\"4:424-4:439\">Conveniencia<\/strong>. <strong data-sourcepos=\"4:450-4:461\">Acollador<\/strong> Para <strong data-sourcepos=\"4:466-4:486\">Vapear sobre la marcha<\/strong> Con <strong data-sourcepos=\"4:492-4:513\">12 opciones de sabor<\/strong>.<img loading=\"lazy\" decoding=\"async\" class=\"alignnone wp-image-4637 size-full\" src=\"https:\/\/pgvape.com\/wp-content\/uploads\/2025\/10\/pgape-Elf-Box-Rgb-14000Puffs-Pro-banner1-768x466_\u526f\u672c-2.png\" alt=\"Vaporizador desechable ELF BOX 14000 Pro de color morado y empaque en caja con la etiqueta &quot;Grape Ice&quot; que presenta una ilustraci\u00f3n estilizada de cerebro\/cr\u00e1neo, con \u00edconos y texto que resaltan 14,000 inhalaciones, bater\u00eda de 500 mAh, 25 ml de e-l\u00edquido, recarga tipo C, luz RGB, pantalla LED, opciones de intensidad de nicotina (0\/2\/3\/5%) y una advertencia de nicotina.\" width=\"1500\" height=\"957\" srcset=\"https:\/\/pgvape.com\/wp-content\/uploads\/2025\/10\/pgape-Elf-Box-Rgb-14000Puffs-Pro-banner1-768x466_\u526f\u672c-2.png 1500w, https:\/\/pgvape.com\/wp-content\/uploads\/2025\/10\/pgape-Elf-Box-Rgb-14000Puffs-Pro-banner1-768x466_\u526f\u672c-2-555x354.png 555w, https:\/\/pgvape.com\/wp-content\/uploads\/2025\/10\/pgape-Elf-Box-Rgb-14000Puffs-Pro-banner1-768x466_\u526f\u672c-2-595x380.png 595w, https:\/\/pgvape.com\/wp-content\/uploads\/2025\/10\/pgape-Elf-Box-Rgb-14000Puffs-Pro-banner1-768x466_\u526f\u672c-2-400x255.png 400w, https:\/\/pgvape.com\/wp-content\/uploads\/2025\/10\/pgape-Elf-Box-Rgb-14000Puffs-Pro-banner1-768x466_\u526f\u672c-2-768x490.png 768w, https:\/\/pgvape.com\/wp-content\/uploads\/2025\/10\/pgape-Elf-Box-Rgb-14000Puffs-Pro-banner1-768x466_\u526f\u672c-2-18x12.png 18w, https:\/\/pgvape.com\/wp-content\/uploads\/2025\/10\/pgape-Elf-Box-Rgb-14000Puffs-Pro-banner1-768x466_\u526f\u672c-2-600x383.png 600w, https:\/\/pgvape.com\/wp-content\/uploads\/2025\/10\/pgape-Elf-Box-Rgb-14000Puffs-Pro-banner1-768x466_\u526f\u672c-2-60x38.png 60w\" sizes=\"auto, (max-width: 1500px) 100vw, 1500px\" \/><\/p>\n<p>&nbsp;<\/p>\n<h2><span style=\"font-size: 90%;\">ELF BOX RGB 14000 Pro | 14K inhala Vape desechable <strong data-sourcepos=\"10:5-10:31\">Especificaciones del producto<\/strong><\/span><\/h2>\n<p><strong data-sourcepos=\"7:3-7:17\">Conteo de bocanadas<\/strong>:\u00a0<strong data-sourcepos=\"7:19-7:35\">14.000 bocanadas<\/strong><\/p>\n<p><strong data-sourcepos=\"8:3-8:11\">Bobina<\/strong>:\u00a0<strong data-sourcepos=\"8:13-8:31\">Bobina de malla de 1,0 \u03a9<\/strong><\/p>\n<p><strong data-sourcepos=\"9:3-9:15\">E-l\u00edquido<\/strong>:\u00a0<strong data-sourcepos=\"9:17-9:34\">Capacidad de 25 ml.<\/strong><\/p>\n<p><strong data-sourcepos=\"10:3-10:15\">Nicotina<\/strong>:\u00a0<strong data-sourcepos=\"10:17-10:38\">0% \/ 2% \/ 3% \/ 5%<\/strong><\/p>\n<p><strong data-sourcepos=\"11:3-11:14\">Bater\u00eda<\/strong>:\u00a0<strong data-sourcepos=\"11:16-11:39\">600MAH recargable<\/strong><\/p>\n<p><strong data-sourcepos=\"12:3-12:15\">Cargando<\/strong>:\u00a0<strong data-sourcepos=\"12:17-12:32\">Puerto tipo C<\/strong><\/p>\n<p><strong data-sourcepos=\"13:3-13:14\">Mostrar<\/strong>:\u00a0<strong data-sourcepos=\"13:16-13:30\">Pantalla LED<\/strong><\/p>\n<p><strong data-sourcepos=\"14:3-14:15\">Caracter\u00edsticas<\/strong>:\u00a0<strong data-sourcepos=\"14:17-14:43\">Iluminaci\u00f3n RGB + Cord\u00f3n<\/strong><\/p>\n<p><strong data-sourcepos=\"15:3-15:14\">Sabores<\/strong>:\u00a0<strong data-sourcepos=\"15:16-15:30\">12 opciones<\/strong><\/p>\n<p>&nbsp;<\/p>\n<h3><span style=\"font-size: 90%;\">ELF BOX RGB 14000 Pro | 14K inhala Vape desechable <strong data-sourcepos=\"22:5-22:20\">Lista de sabores<\/strong><\/span><\/h3>\n<p><strong data-sourcepos=\"18:4-18:29\">1.Sand\u00eda Fresa<\/strong><\/p>\n<p><strong data-sourcepos=\"19:4-19:21\">2. Hielo azul Razz<\/strong><\/p>\n<p><strong data-sourcepos=\"20:4-20:22\">3.Hielo de fresa<\/strong><\/p>\n<p><strong data-sourcepos=\"21:4-21:17\">4.Hielo de uva<\/strong><\/p>\n<p><strong data-sourcepos=\"22:4-22:16\">5.Hielo de menta<\/strong><\/p>\n<p><strong data-sourcepos=\"23:4-23:16\">6.Toro rojo<\/strong><\/p>\n<p><strong data-sourcepos=\"24:4-24:20\">7.Doble manzana<\/strong><\/p>\n<p><strong data-sourcepos=\"25:4-25:16\">8. Hielo exuberante<\/strong><\/p>\n<p><strong data-sourcepos=\"26:4-26:19\">9. Mango melocot\u00f3n<\/strong><\/p>\n<p><strong data-sourcepos=\"27:5-27:20\">10.Refresco de cereza<br \/>\n<img loading=\"lazy\" decoding=\"async\" class=\"alignnone wp-image-4636 size-full\" src=\"https:\/\/pgvape.com\/wp-content\/uploads\/2025\/10\/pgape-Elf-Box-Rgb-14000Puffs-Pro-banner1-768x466_\u526f\u672c-1.png\" alt=\"P\u00f3ster promocional para los vaporizadores desechables ELF BOX 14000 pro que presenta m\u00faltiples dispositivos cil\u00edndricos de colores con dibujos animados de extraterrestres y sabores etiquetados (Mint Ice, Strawberry Ice, Strawberry Watermelon, Red Bull, Blue Razz Ice, Grape Ice, Double Apple, Peach Mango, Lush Ice, Cherry Soda), logotipos de marcas, un \u00edcono de pantalla LED e \u00edconos de especificaciones del producto (14000 inhalaciones, bater\u00eda de 600 mAh, e-l\u00edquido de 25 ml, .\" width=\"1500\" height=\"911\" srcset=\"https:\/\/pgvape.com\/wp-content\/uploads\/2025\/10\/pgape-Elf-Box-Rgb-14000Puffs-Pro-banner1-768x466_\u526f\u672c-1.png 1500w, https:\/\/pgvape.com\/wp-content\/uploads\/2025\/10\/pgape-Elf-Box-Rgb-14000Puffs-Pro-banner1-768x466_\u526f\u672c-1-555x337.png 555w, https:\/\/pgvape.com\/wp-content\/uploads\/2025\/10\/pgape-Elf-Box-Rgb-14000Puffs-Pro-banner1-768x466_\u526f\u672c-1-595x361.png 595w, https:\/\/pgvape.com\/wp-content\/uploads\/2025\/10\/pgape-Elf-Box-Rgb-14000Puffs-Pro-banner1-768x466_\u526f\u672c-1-400x243.png 400w, https:\/\/pgvape.com\/wp-content\/uploads\/2025\/10\/pgape-Elf-Box-Rgb-14000Puffs-Pro-banner1-768x466_\u526f\u672c-1-768x466.png 768w, https:\/\/pgvape.com\/wp-content\/uploads\/2025\/10\/pgape-Elf-Box-Rgb-14000Puffs-Pro-banner1-768x466_\u526f\u672c-1-18x12.png 18w, https:\/\/pgvape.com\/wp-content\/uploads\/2025\/10\/pgape-Elf-Box-Rgb-14000Puffs-Pro-banner1-768x466_\u526f\u672c-1-600x364.png 600w, https:\/\/pgvape.com\/wp-content\/uploads\/2025\/10\/pgape-Elf-Box-Rgb-14000Puffs-Pro-banner1-768x466_\u526f\u672c-1-60x36.png 60w\" sizes=\"auto, (max-width: 1500px) 100vw, 1500px\" \/><br \/>\n<\/strong><\/p>\n<p>&nbsp;<\/p>\n<h3><span style=\"font-size: 90%;\">ELF BOX RGB 14000 Pro | 14K inhala Vape desechable <strong>Video<\/strong>:<\/span><\/h3>\n<p>&nbsp;<\/p>\n<h2>Preguntas frecuentes sobre ELF BOX RGB 14000 Pro | 14K Puffs Vape desechable<\/h2>\n<p data-sourcepos=\"30:1-31:96\">\u2753 <strong data-sourcepos=\"30:3-30:45\">\u00bfC\u00f3mo mejora la bobina de malla el vapeo?<\/strong><br \/>\n\u2705 <strong data-sourcepos=\"31:3-31:21\">Bobina de malla de 1,0 \u03a9<\/strong> Proporciona <strong data-sourcepos=\"31:31-31:50\">Calefacci\u00f3n \u00f3ptima<\/strong> Para <strong data-sourcepos=\"31:55-31:72\">Sabor m\u00e1s rico<\/strong> Y <strong data-sourcepos=\"31:77-31:95\">Vapor m\u00e1s suave<\/strong>.<\/p>\n<p data-sourcepos=\"33:1-34:98\">\u2753 <strong data-sourcepos=\"33:3-33:40\">\u00bfQu\u00e9 hace que este dispositivo se destaque?<\/strong><br \/>\n\u2705 <strong data-sourcepos=\"34:3-34:27\">Capacidad de 14.000 bocanadas<\/strong> + <strong data-sourcepos=\"34:30-34:46\">Iluminaci\u00f3n RGB<\/strong> + <strong data-sourcepos=\"34:49-34:69\">Cord\u00f3n incluido<\/strong> Para <strong data-sourcepos=\"34:74-34:97\">Estilo y comodidad<\/strong>.<\/p>\n<p data-sourcepos=\"36:1-37:98\">\u2753 <strong data-sourcepos=\"36:3-36:35\">\u00bfLa bater\u00eda es duradera?<\/strong><br \/>\n\u2705 <strong data-sourcepos=\"37:3-37:34\">Bater\u00eda recargable de 600 mAh.<\/strong> Ofertas <strong data-sourcepos=\"37:42-37:66\">Rendimiento extendido<\/strong> Con <strong data-sourcepos=\"37:72-37:97\">Carga r\u00e1pida tipo C<\/strong>.<\/p>\n<p data-sourcepos=\"39:1-40:73\">\u2753 <strong data-sourcepos=\"39:3-39:45\">\u00bfCu\u00e1ntas opciones de sabores hay disponibles?<\/strong><br \/>\n\u2705 Disfruta <strong data-sourcepos=\"40:9-40:31\">12 sabores premium<\/strong> De <strong data-sourcepos=\"40:37-40:47\">Sabroso<\/strong> A <strong data-sourcepos=\"40:51-40:62\">Mentol<\/strong> Variedades.<\/p>\n<p data-sourcepos=\"42:1-43:71\">\u2753 **\u00bfEs el dispositivo port\u00e1til?<br \/>\n\u2705 <strong data-sourcepos=\"43:3-43:21\">Dise\u00f1o compacto<\/strong> Con <strong data-sourcepos=\"43:27-43:38\">Acollador<\/strong> lo hace <strong data-sourcepos=\"43:48-43:70\">Perfecto para viajar<\/strong>.<\/p>\n<p>&nbsp;<\/p>\n<h3 id=\"brxe-najhln\" class=\"brxe-heading\">Preguntas frecuentes (FAQ)<\/h3>\n<div id=\"brxe-rajiac\" class=\"brxe-text\">\n<p><strong>P: \u00bfQu\u00e9 m\u00e9todos de pago aceptan?<\/strong><br \/>\nR: Aceptamos PayPal, Stripe, transferencias bancarias (compatibles con SEPA), las principales tarjetas de cr\u00e9dito (Visa, MasterCard, American Express) y pagos con criptomonedas.<\/p>\n<p><strong>P: \u00bfCu\u00e1nto tiempo lleva la preparaci\u00f3n del pedido?<\/strong><br \/>\nR: La preparaci\u00f3n del pedido demora entre 1 y 3 d\u00edas h\u00e1biles.<\/p>\n<p><strong>P: \u00bfCu\u00e1l es el tiempo de env\u00edo?<\/strong><br \/>\nR: El tiempo de env\u00edo es de 7 a 14 d\u00edas h\u00e1biles, seg\u00fan su ubicaci\u00f3n.<\/p>\n<p><strong>P: \u00bfC\u00f3mo puedo realizar un seguimiento de mi pedido?<\/strong><br \/>\nR: Despu\u00e9s del env\u00edo, recibir\u00e1 un correo electr\u00f3nico de confirmaci\u00f3n con un n\u00famero de seguimiento para realizar un seguimiento en tiempo real.<\/p>\n<p><strong>P: \u00bfCu\u00e1l es su pol\u00edtica de devoluci\u00f3n?<\/strong><br \/>\nR: Ofrecemos una pol\u00edtica de devoluci\u00f3n de 30 d\u00edas para reembolsos o cambios. .<\/p>\n<p><strong>P: \u00bfHabr\u00e1 alg\u00fan problema aduanero?<br \/>\n<\/strong>Nos encargamos de todos los procedimientos de despacho de aduanas para garantizarle una experiencia sin complicaciones. .<\/p>\n<p><strong>P: \u00bfQu\u00e9 m\u00e9todos de env\u00edo se utilizan?<\/strong><br \/>\nCooperamos con UPS\/DHL\/FEDEX\/DPD, etc. Elegiremos la opci\u00f3n de env\u00edo adecuada seg\u00fan el pa\u00eds de entrega para asegurarnos de que reciba sus productos lo m\u00e1s r\u00e1pido posible.<\/p>\n<p><a href=\"https:\/\/pgvape.com\/es\/preguntas-frecuentes\/\">Haga clic aqu\u00ed para m\u00e1s preguntas frecuentes<\/a><\/p>\n<p>Estimados clientes: Si tienen alguna pregunta sobre su pedido o la llegada de la mercanc\u00eda, comun\u00edquese con nuestro servicio de atenci\u00f3n al cliente. \u00a1Gracias!<\/p>\n<h3 data-sourcepos=\"73:1-73:21\"><strong data-sourcepos=\"73:7-73:21\">Cont\u00e1ctenos<\/strong><\/h3>\n<div id=\"text-2419739398\" class=\"text\">\n<p><strong data-sourcepos=\"75:3-75:12\">Correo electr\u00f3nico<\/strong>:\u00a0<a href=\"mailto:support@pgvape.com\"><strong>support@pgvape.com<\/strong><\/a><\/p>\n<p><strong data-sourcepos=\"76:3-76:15\">WhatsApp<\/strong>:\u00a0<a href=\"https:\/\/wa.me\/+8618128481258\"><strong>+86 18128481258<\/strong><\/a><br \/>\n<strong>(Respuesta dentro de las 24 horas en d\u00edas h\u00e1biles)<\/strong><\/p>\n<\/div>\n<h3><strong>\u00a1Gracias por elegir pgvape.com! .<\/strong><\/h3>\n<\/div>","protected":false},"excerpt":{"rendered":"<p><strong data-sourcepos=\"46:5-46:30\">CAJA ELF RGB 14000 Pro<\/strong> combina <strong data-sourcepos=\"46:40-46:69\">Rendimiento de alta capacidad<\/strong>, <strong data-sourcepos=\"46:71-46:95\">Iluminaci\u00f3n RGB vibrante<\/strong>, Y <strong data-sourcepos=\"46:101-46:133\">Tecnolog\u00eda de bobina de malla premium<\/strong> Con <strong data-sourcepos=\"46:139-46:160\">12 opciones de sabor<\/strong> para un <strong data-sourcepos=\"46:168-46:201\">Experiencia de vapeo excepcional<\/strong>.<\/p>","protected":false},"featured_media":4648,"comment_status":"open","ping_status":"closed","template":"","meta":{"_seopress_robots_primary_cat":"none","_seopress_titles_title":"%%post_title%% %%sep%% %%sitetitle%%","_seopress_titles_desc":"","_seopress_robots_index":""},"product_brand":[516,126],"product_cat":[377,515,30],"product_tag":[379,380,90,378,79,59,259],"class_list":{"0":"post-4633","1":"product","2":"type-product","3":"status-publish","4":"has-post-thumbnail","6":"product_brand-disposable-vape","7":"product_brand-elf-box-vape","8":"product_cat-14k-puffs-vape","9":"product_cat-disposable-vape","10":"product_cat-elf-box-vape","11":"product_tag-14000-pro","12":"product_tag-14k-puffs-vape","13":"product_tag-disposable-vape","14":"product_tag-elf-box-rgb","15":"product_tag-led-display","16":"product_tag-mouth-to-lung-mtl","17":"product_tag-rechargeable","19":"first","20":"instock","21":"sale","22":"shipping-taxable","23":"purchasable","24":"product-type-variable"},"_links":{"self":[{"href":"https:\/\/pgvape.com\/es\/wp-json\/wp\/v2\/product\/4633","targetHints":{"allow":["GET"]}}],"collection":[{"href":"https:\/\/pgvape.com\/es\/wp-json\/wp\/v2\/product"}],"about":[{"href":"https:\/\/pgvape.com\/es\/wp-json\/wp\/v2\/types\/product"}],"replies":[{"embeddable":true,"href":"https:\/\/pgvape.com\/es\/wp-json\/wp\/v2\/comments?post=4633"}],"wp:featuredmedia":[{"embeddable":true,"href":"https:\/\/pgvape.com\/es\/wp-json\/wp\/v2\/media\/4648"}],"wp:attachment":[{"href":"https:\/\/pgvape.com\/es\/wp-json\/wp\/v2\/media?parent=4633"}],"wp:term":[{"taxonomy":"product_brand","embeddable":true,"href":"https:\/\/pgvape.com\/es\/wp-json\/wp\/v2\/product_brand?post=4633"},{"taxonomy":"product_cat","embeddable":true,"href":"https:\/\/pgvape.com\/es\/wp-json\/wp\/v2\/product_cat?post=4633"},{"taxonomy":"product_tag","embeddable":true,"href":"https:\/\/pgvape.com\/es\/wp-json\/wp\/v2\/product_tag?post=4633"}],"curies":[{"name":"wp","href":"https:\/\/api.w.org\/{rel}","templated":true}]}}