{"id":4596,"date":"2025-10-26T10:47:58","date_gmt":"2025-10-26T10:47:58","guid":{"rendered":"https:\/\/pgvape.com\/?post_type=product&#038;p=4596"},"modified":"2026-03-25T11:21:08","modified_gmt":"2026-03-25T11:21:08","slug":"elf-box-digital-12000-12k-puffs-vape-desechable-0-2-3-5-nicotina-20-gustos-pantalla-led-recargable-vape-directo-de-fabrica","status":"publish","type":"product","link":"https:\/\/pgvape.com\/es\/producto\/elf-box-digital-12000-12k-puffs-vape-desechable-0-2-3-5-nicotina-20-gustos-pantalla-led-recargable-vape-directo-de-fabrica\/","title":{"rendered":"ELF Box Digital 12000 | 12K Puffs Vape desechable | 0% 2% 3% 5% Nicotina | 20 gustos | Recargable | Pantalla LED | Vape directo de f\u00e1brica"},"content":{"rendered":"<p><strong data-sourcepos=\"4:5-4:59\">Cigarrillo electr\u00f3nico desechable ELF Box Digital 12000 inhalaciones<\/strong> Entrega <strong data-sourcepos=\"4:69-4:97\">Placer extendido de vapeo<\/strong> Con <strong data-sourcepos=\"4:103-4:119\">12.000 bocanadas<\/strong> Y <strong data-sourcepos=\"4:124-4:150\">Capacidad de l\u00edquido electr\u00f3nico de 25 ml.<\/strong>. <strong data-sourcepos=\"4:164-4:182\">Bobina de malla de 0,8 \u03a9<\/strong> Para <strong data-sourcepos=\"4:187-4:204\">Sabor suave<\/strong>, Ofrece <strong data-sourcepos=\"4:216-4:248\">Opciones de nicotina 0%\/2%\/3%\/5%<\/strong>. <strong data-sourcepos=\"4:254-4:285\">Bater\u00eda recargable de 500 mAh.<\/strong> Con <strong data-sourcepos=\"4:291-4:310\">Carga tipo C<\/strong> Y <strong data-sourcepos=\"4:315-4:330\">Pantalla LED<\/strong> Asegura <strong data-sourcepos=\"4:339-4:370\">Vapeo conveniente e informado<\/strong>. <strong data-sourcepos=\"4:380-4:387\">82G<\/strong>, Es <strong data-sourcepos=\"4:394-4:412\">Ultraport\u00e1til<\/strong> Con <strong data-sourcepos=\"4:418-4:447\">20 opciones de sabores premium<\/strong>.<\/p>\n<p>&nbsp;<\/p>\n<h2><span style=\"font-size: 90%;\">ELF Box Digital 12000 | 12K inhala Vape desechable <strong data-sourcepos=\"10:5-10:31\">Especificaciones del producto<\/strong><\/span><\/h2>\n<p><strong data-sourcepos=\"7:3-7:17\">Conteo de bocanadas<\/strong>:\u00a0<strong data-sourcepos=\"7:19-7:35\">12.000 bocanadas<\/strong><\/p>\n<p><strong data-sourcepos=\"8:3-8:11\">Bobina<\/strong>:\u00a0<strong data-sourcepos=\"8:13-8:31\">Bobina de malla de 0,8 \u03a9<\/strong><\/p>\n<p><strong data-sourcepos=\"9:3-9:15\">E-l\u00edquido<\/strong>:\u00a0<strong data-sourcepos=\"9:17-9:34\">Capacidad de 25 ml.<\/strong><\/p>\n<p><strong data-sourcepos=\"10:3-10:15\">Nicotina<\/strong>:\u00a0<strong data-sourcepos=\"10:17-10:38\">0% \/ 2% \/ 3% \/ 5%<\/strong><\/p>\n<p><strong data-sourcepos=\"11:3-11:14\">Bater\u00eda<\/strong>:\u00a0<strong data-sourcepos=\"11:16-11:39\">500MAH recargable<\/strong><\/p>\n<p><strong data-sourcepos=\"12:3-12:15\">Cargando<\/strong>:\u00a0<strong data-sourcepos=\"12:17-12:32\">Puerto tipo C<\/strong><\/p>\n<p><strong data-sourcepos=\"13:3-13:14\">Mostrar<\/strong>:\u00a0<strong data-sourcepos=\"13:16-13:30\">Pantalla LED<\/strong><\/p>\n<p><strong data-sourcepos=\"14:3-14:13\">Peso<\/strong>:\u00a0<strong data-sourcepos=\"14:15-14:27\">82 gramos<\/strong><\/p>\n<p><strong data-sourcepos=\"15:3-15:14\">Sabores<\/strong>:\u00a0<strong data-sourcepos=\"15:16-15:30\">20 opciones<\/strong><\/p>\n<p>&nbsp;<\/p>\n<h3><span style=\"font-size: 90%;\">ELF Box Digital 12000 | 12K inhala Vape desechable <strong data-sourcepos=\"22:5-22:20\">Lista de sabores<\/strong><\/span><\/h3>\n<p><strong data-sourcepos=\"18:4-18:22\">1.Hielo de fresa<\/strong><\/p>\n<p><strong data-sourcepos=\"19:4-19:24\">2.Explosi\u00f3n de fresa<\/strong><\/p>\n<p><strong data-sourcepos=\"20:4-20:29\">3.Sand\u00eda Fresa<\/strong><\/p>\n<p><strong data-sourcepos=\"21:4-21:19\">4.Fruta mixta<\/strong><\/p>\n<p><strong data-sourcepos=\"22:4-22:21\">5. Hielo azul Razz<\/strong><\/p>\n<p><strong data-sourcepos=\"23:4-23:32\">6. Frambuesa agria de ar\u00e1ndanos<\/strong><\/p>\n<p><strong data-sourcepos=\"24:4-24:26\">7.kiwi maracuy\u00e1<\/strong><\/p>\n<p><strong data-sourcepos=\"25:4-25:20\">8.Doble manzana<\/strong><\/p>\n<p><strong data-sourcepos=\"26:4-26:22\">9.Hielo de sand\u00eda<\/strong><\/p>\n<p><strong data-sourcepos=\"27:5-27:29\">10.Chicle de sand\u00eda<\/strong><\/p>\n<p><strong data-sourcepos=\"28:5-28:22\">11.Mel\u00f3n De Coco<\/strong><\/p>\n<p><strong data-sourcepos=\"29:5-29:20\">12.Cola de cereza<\/strong><\/p>\n<p><strong data-sourcepos=\"30:5-30:18\">13.Hielo de melocot\u00f3n<\/strong><\/p>\n<p><strong data-sourcepos=\"31:5-31:26\">14.Pl\u00e1tano y fresa<\/strong><\/p>\n<p><strong data-sourcepos=\"32:5-32:16\">15.Se\u00f1or Azul<\/strong><\/p>\n<p><strong data-sourcepos=\"33:5-33:23\">16. Hielo de mora<\/strong><\/p>\n<p><strong data-sourcepos=\"34:5-34:18\">17. Hielo de mango<\/strong><\/p>\n<p><strong data-sourcepos=\"35:5-35:18\">18.Hielo de uva<\/strong><\/p>\n<p><strong data-sourcepos=\"36:5-36:22\">19.Bayas de melocot\u00f3n<\/strong><\/p>\n<p><strong data-sourcepos=\"37:5-37:30\">20.Fresa Kiwi<\/strong><\/p>\n<p>&nbsp;<\/p>\n<h3><span style=\"font-size: 90%;\">ELF Box Digital 12000 | 12K inhala Vape desechable <strong>Video<\/strong>:<\/span><\/h3>\n<p>&nbsp;<\/p>\n<h2>Preguntas frecuentes sobre ELF Box Digital 12000 | 12K Puffs Vape desechable<\/h2>\n<p data-sourcepos=\"40:1-41:69\">\u2753 <strong data-sourcepos=\"40:3-40:37\">\u00bfCu\u00e1nto dura el dispositivo?<\/strong><br \/>\n\u2705 <strong data-sourcepos=\"41:3-41:19\">12.000 bocanadas<\/strong> Y <strong data-sourcepos=\"41:24-41:41\">Capacidad de 25 ml.<\/strong> Proporcionar <strong data-sourcepos=\"41:50-41:66\">Uso extendido<\/strong>.<\/p>\n<p data-sourcepos=\"43:1-44:71\">\u2753 <strong data-sourcepos=\"43:3-43:44\">\u00bfQu\u00e9 hace que la calidad del vapor sea especial?<\/strong><br \/>\n\u2705 <strong data-sourcepos=\"44:3-44:21\">Bobina de malla de 0,8 \u03a9<\/strong> Asegura <strong data-sourcepos=\"44:30-44:68\">Producci\u00f3n de vapor suave y sabrosa<\/strong>.<\/p>\n<p data-sourcepos=\"46:1-47:64\">\u2753 <strong data-sourcepos=\"46:3-46:35\">\u00bfEs f\u00e1cil monitorear el uso?<\/strong><br \/>\n\u2705 <strong data-sourcepos=\"47:3-47:18\">Pantalla LED<\/strong> Espect\u00e1culos <strong data-sourcepos=\"47:25-47:41\">Duraci\u00f3n de la bater\u00eda<\/strong> Y <strong data-sourcepos=\"47:46-47:61\">Datos de vapeo<\/strong>.<\/p>\n<p data-sourcepos=\"49:1-50:72\">\u2753 <strong data-sourcepos=\"49:3-49:34\">\u00bfQu\u00e9 tan port\u00e1til es el dispositivo?<\/strong><br \/>\n\u2705 En Solo <strong data-sourcepos=\"50:11-50:23\">82 gramos<\/strong>, Es <strong data-sourcepos=\"50:30-50:45\">Ligero<\/strong> Y <strong data-sourcepos=\"50:50-50:69\">De bolsillo<\/strong>.<\/p>\n<p data-sourcepos=\"52:1-53:59\">\u2753 <strong data-sourcepos=\"52:3-52:43\">\u00bfQu\u00e9 opciones de nicotina est\u00e1n disponibles?<br \/>\n<\/strong> \u2705 Elige entre <strong data-sourcepos=\"53:15-53:47\">0% (sin Nic), 2%, 3% o 5%<\/strong> Nicotina.<\/p>\n<p>&nbsp;<\/p>\n<h3 id=\"brxe-najhln\" class=\"brxe-heading\">Preguntas frecuentes (FAQ)<\/h3>\n<div id=\"brxe-rajiac\" class=\"brxe-text\">\n<p><strong>P: \u00bfQu\u00e9 m\u00e9todos de pago aceptan?<\/strong><br \/>\nR: Aceptamos PayPal, Stripe, transferencias bancarias (compatibles con SEPA), las principales tarjetas de cr\u00e9dito (Visa, MasterCard, American Express) y pagos con criptomonedas.<\/p>\n<p><strong>P: \u00bfCu\u00e1nto tiempo lleva la preparaci\u00f3n del pedido?<\/strong><br \/>\nR: La preparaci\u00f3n del pedido demora entre 1 y 3 d\u00edas h\u00e1biles.<\/p>\n<p><strong>P: \u00bfCu\u00e1l es el tiempo de env\u00edo?<\/strong><br \/>\nR: El tiempo de env\u00edo es de 7 a 14 d\u00edas h\u00e1biles, seg\u00fan su ubicaci\u00f3n.<\/p>\n<p><strong>P: \u00bfC\u00f3mo puedo realizar un seguimiento de mi pedido?<\/strong><br \/>\nR: Despu\u00e9s del env\u00edo, recibir\u00e1 un correo electr\u00f3nico de confirmaci\u00f3n con un n\u00famero de seguimiento para realizar un seguimiento en tiempo real.<\/p>\n<p><strong>P: \u00bfCu\u00e1l es su pol\u00edtica de devoluci\u00f3n?<\/strong><br \/>\nR: Ofrecemos una pol\u00edtica de devoluci\u00f3n de 30 d\u00edas para reembolsos o cambios. .<\/p>\n<p><strong>P: \u00bfHabr\u00e1 alg\u00fan problema aduanero?<br \/>\n<\/strong>Nos encargamos de todos los procedimientos de despacho de aduanas para garantizarle una experiencia sin complicaciones. .<\/p>\n<p><strong>P: \u00bfQu\u00e9 m\u00e9todos de env\u00edo se utilizan?<\/strong><br \/>\nCooperamos con UPS\/DHL\/FEDEX\/DPD, etc. Elegiremos la opci\u00f3n de env\u00edo adecuada seg\u00fan el pa\u00eds de entrega para asegurarnos de que reciba sus productos lo m\u00e1s r\u00e1pido posible.<\/p>\n<p><a href=\"https:\/\/pgvape.com\/es\/preguntas-frecuentes\/\">Haga clic aqu\u00ed para m\u00e1s preguntas frecuentes<\/a><\/p>\n<p>Estimados clientes: Si tienen alguna pregunta sobre su pedido o la llegada de la mercanc\u00eda, comun\u00edquese con nuestro servicio de atenci\u00f3n al cliente. \u00a1Gracias!<\/p>\n<h3 data-sourcepos=\"73:1-73:21\"><strong data-sourcepos=\"73:7-73:21\">Cont\u00e1ctenos<\/strong><\/h3>\n<div id=\"text-2419739398\" class=\"text\">\n<p><strong data-sourcepos=\"75:3-75:12\">Correo electr\u00f3nico<\/strong>:\u00a0<a href=\"mailto:support@pgvape.com\"><strong>support@pgvape.com<\/strong><\/a><\/p>\n<p><strong data-sourcepos=\"76:3-76:15\">WhatsApp<\/strong>:\u00a0<a href=\"https:\/\/wa.me\/+8618128481258\"><strong>+86 18128481258<\/strong><\/a><br \/>\n<strong>(Respuesta dentro de las 24 horas en d\u00edas h\u00e1biles)<\/strong><\/p>\n<\/div>\n<h3><strong>\u00a1Gracias por elegir pgvape.com! .<\/strong><\/h3>\n<\/div>","protected":false},"excerpt":{"rendered":"<p><strong data-sourcepos=\"56:5-56:36\">ELF Caja Digital 12000 Puffs<\/strong> combina <strong data-sourcepos=\"56:46-56:85\">Tecnolog\u00eda de bobina de malla de alta capacidad<\/strong>, Y <strong data-sourcepos=\"56:91-56:112\">20 opciones de sabor<\/strong> en un <strong data-sourcepos=\"56:119-56:151\">Desechable ultraligero<\/strong> Con <strong data-sourcepos=\"56:157-56:172\">Pantalla LED<\/strong> Para <strong data-sourcepos=\"56:177-56:207\">Comodidad \u00f3ptima de vapeo<\/strong>.<\/p>","protected":false},"featured_media":4612,"comment_status":"open","ping_status":"closed","template":"","meta":{"_seopress_robots_primary_cat":"none","_seopress_titles_title":"%%post_title%% %%sep%% %%sitetitle%%","_seopress_titles_desc":"","_seopress_robots_index":""},"product_brand":[516,126],"product_cat":[147,515,30],"product_tag":[376,90,375,79,81,259],"class_list":{"0":"post-4596","1":"product","2":"type-product","3":"status-publish","4":"has-post-thumbnail","6":"product_brand-disposable-vape","7":"product_brand-elf-box-vape","8":"product_cat-12k-puffs-vape","9":"product_cat-disposable-vape","10":"product_cat-elf-box-vape","11":"product_tag-12k-puffs-vape","12":"product_tag-disposable-vape","13":"product_tag-elf-box-digital-12000","14":"product_tag-led-display","15":"product_tag-mouth-to-lung","16":"product_tag-rechargeable","18":"first","19":"outofstock","20":"sale","21":"shipping-taxable","22":"purchasable","23":"product-type-variable"},"_links":{"self":[{"href":"https:\/\/pgvape.com\/es\/wp-json\/wp\/v2\/product\/4596","targetHints":{"allow":["GET"]}}],"collection":[{"href":"https:\/\/pgvape.com\/es\/wp-json\/wp\/v2\/product"}],"about":[{"href":"https:\/\/pgvape.com\/es\/wp-json\/wp\/v2\/types\/product"}],"replies":[{"embeddable":true,"href":"https:\/\/pgvape.com\/es\/wp-json\/wp\/v2\/comments?post=4596"}],"wp:featuredmedia":[{"embeddable":true,"href":"https:\/\/pgvape.com\/es\/wp-json\/wp\/v2\/media\/4612"}],"wp:attachment":[{"href":"https:\/\/pgvape.com\/es\/wp-json\/wp\/v2\/media?parent=4596"}],"wp:term":[{"taxonomy":"product_brand","embeddable":true,"href":"https:\/\/pgvape.com\/es\/wp-json\/wp\/v2\/product_brand?post=4596"},{"taxonomy":"product_cat","embeddable":true,"href":"https:\/\/pgvape.com\/es\/wp-json\/wp\/v2\/product_cat?post=4596"},{"taxonomy":"product_tag","embeddable":true,"href":"https:\/\/pgvape.com\/es\/wp-json\/wp\/v2\/product_tag?post=4596"}],"curies":[{"name":"wp","href":"https:\/\/api.w.org\/{rel}","templated":true}]}}