{"id":4531,"date":"2025-10-26T07:05:33","date_gmt":"2025-10-26T07:05:33","guid":{"rendered":"https:\/\/pgvape.com\/?post_type=product&#038;p=4531"},"modified":"2025-12-15T12:24:44","modified_gmt":"2025-12-15T12:24:44","slug":"uzy-bang-digital-15000-15k-sopla-directo-de-fabrica-recargable-del-vape-del-vape-disponible","status":"publish","type":"product","link":"https:\/\/pgvape.com\/es\/producto\/uzy-bang-digital-15000-15k-sopla-directo-de-fabrica-recargable-del-vape-del-vape-disponible\/","title":{"rendered":"UZY Bang Digital 15000 15K sopla directamente de f\u00e1brica recargable disponible de Vape Vape"},"content":{"rendered":"<p><strong>UZY BangDigital 15000<\/strong>, un cigarrillo electr\u00f3nico desechable avanzado con la asombrosa cantidad de 15,000 inhalaciones y opciones de nicotina personalizables de 0%, 2%, 3% y 5%. .<\/p>\n<p>&nbsp;<\/p>\n<h2><span style=\"font-size: 90%;\">Especificaci\u00f3n de producto disponible de Vape de los soplos de UZY Bang Digital 15000 | 15K<\/span><\/h2>\n<p><strong data-sourcepos=\"6:3-6:30\">15.000 bocanadas ultralargas<\/strong>\u00a0\u2013 Satisfacci\u00f3n extendida al vapear<\/p>\n<p><strong data-sourcepos=\"7:3-7:35\">Niveles de nicotina personalizables<\/strong>\u00a0\u2013 0%, 2%, 3% o 5%<\/p>\n<p><strong data-sourcepos=\"8:3-8:24\">Pantalla LED inteligente<\/strong>\u00a0\u2013 Seguimiento de bater\u00eda y bocanadas en tiempo real<\/p>\n<p><strong data-sourcepos=\"9:3-9:34\">Bater\u00eda recargable de 850 mAh.<\/strong>\u00a0\u2013 Carga r\u00e1pida tipo C<\/p>\n<p><strong data-sourcepos=\"10:3-10:31\">E-l\u00edquido precargado de 20 ml<\/strong>\u00a0\u2013 No se necesitan recargas<\/p>\n<p><strong data-sourcepos=\"11:3-11:25\">12 sabores premium<\/strong>\u00a0\u2013 Opciones ricas y refrescantes<\/p>\n<p>&nbsp;<\/p>\n<h3><span style=\"font-size: 90%;\">UZY Bang Digital 15000 | 15K sopla lista de sabores desechables de Vape<\/span><\/h3>\n<p><strong data-sourcepos=\"25:4-25:29\">1.Sand\u00eda Fresa<\/strong><\/p>\n<p><strong data-sourcepos=\"26:4-26:24\">2.Ar\u00e1ndano sobre hielo<\/strong><\/p>\n<p><strong data-sourcepos=\"27:4-27:29\">3. Melocot\u00f3n Mango Pi\u00f1a<\/strong><\/p>\n<p><strong data-sourcepos=\"28:4-28:17\">4.Hielo de uva<\/strong><\/p>\n<p><strong data-sourcepos=\"29:4-29:22\">5.Hielo de sand\u00eda<\/strong><\/p>\n<p><strong data-sourcepos=\"30:4-30:17\">6.Hielo de melocot\u00f3n<\/strong><\/p>\n<p><strong data-sourcepos=\"31:4-31:23\">7.kiwi fresa<\/strong><\/p>\n<p><strong data-sourcepos=\"32:4-32:27\">8.frambuesa de ar\u00e1ndano<\/strong><\/p>\n<p><strong data-sourcepos=\"33:4-33:26\">9.kiwi maracuy\u00e1<\/strong><\/p>\n<p><strong data-sourcepos=\"34:5-34:16\">10.MR Azul<\/strong><\/p>\n<p><strong data-sourcepos=\"35:5-35:25\">11. Hielo triple de mango<\/strong><\/p>\n<p><strong data-sourcepos=\"36:5-36:23\">12. Hielo de energ\u00eda roja<br \/>\n<img loading=\"lazy\" decoding=\"async\" class=\"alignnone wp-image-4535 size-full\" src=\"https:\/\/pgvape.com\/wp-content\/uploads\/2025\/10\/pgvape_UZY_Bang_Digital_15000_puffs-2.png\" alt=\"Doce dispositivos de vapeo desechables, brillantes, de rect\u00e1ngulos redondeados, dispuestos en dos filas sobre un fondo ahumado, cada uno con una ilustraci\u00f3n estilizada de un simio de dibujos animados, una peque\u00f1a pantalla digital que dice \u201c95%\u201d y nombres impresos con sabores de frutas (frambuesa de ar\u00e1ndano, helado de uva, helado de sand\u00eda, helado de durazno, pi\u00f1a de mango de durazno, sand\u00eda de fresa, Mr Blue, maracuy\u00e1 de kiwi, hielo de mango triple, ar\u00e1ndano sobre hielo, hielo de energ\u00eda roja, kiwi de fresa).\" width=\"1500\" height=\"930\" srcset=\"https:\/\/pgvape.com\/wp-content\/uploads\/2025\/10\/pgvape_UZY_Bang_Digital_15000_puffs-2.png 1500w, https:\/\/pgvape.com\/wp-content\/uploads\/2025\/10\/pgvape_UZY_Bang_Digital_15000_puffs-2-555x344.png 555w, https:\/\/pgvape.com\/wp-content\/uploads\/2025\/10\/pgvape_UZY_Bang_Digital_15000_puffs-2-595x369.png 595w, https:\/\/pgvape.com\/wp-content\/uploads\/2025\/10\/pgvape_UZY_Bang_Digital_15000_puffs-2-400x248.png 400w, https:\/\/pgvape.com\/wp-content\/uploads\/2025\/10\/pgvape_UZY_Bang_Digital_15000_puffs-2-768x476.png 768w, https:\/\/pgvape.com\/wp-content\/uploads\/2025\/10\/pgvape_UZY_Bang_Digital_15000_puffs-2-18x12.png 18w, https:\/\/pgvape.com\/wp-content\/uploads\/2025\/10\/pgvape_UZY_Bang_Digital_15000_puffs-2-600x372.png 600w, https:\/\/pgvape.com\/wp-content\/uploads\/2025\/10\/pgvape_UZY_Bang_Digital_15000_puffs-2-60x37.png 60w\" sizes=\"auto, (max-width: 1500px) 100vw, 1500px\" \/><br \/>\n<\/strong><\/p>\n<p>&nbsp;<\/p>\n<h3><span style=\"font-size: 90%;\">UZY Bang Digital 15000 | 15K inhala Vape desechable <strong>Video:<\/strong><\/span><\/h3>\n<p>&nbsp;<\/p>\n<h2>Preguntas frecuentes sobre UZY Bang Digital 15000 | 15K Puffs Vape desechable<\/h2>\n<p data-sourcepos=\"49:1-50:47\">\u2753 <strong data-sourcepos=\"49:3-49:35\">cuantas caladas dura?<\/strong><br \/>\n\u2705 <strong data-sourcepos=\"50:3-50:19\">15.000 bocanadas<\/strong> \u2013 Disfrute duradero.<\/p>\n<p data-sourcepos=\"52:1-53:58\">\u2753 <strong data-sourcepos=\"52:3-52:32\">\u00bfPuedo realizar un seguimiento de la duraci\u00f3n de la bater\u00eda?<\/strong><br \/>\n\u2705 <strong data-sourcepos=\"53:3-53:23\">\u00a1S\u00ed!<\/strong> muestra la bater\u00eda y el uso en tiempo real.<\/p>\n<p data-sourcepos=\"55:1-56:54\">\u2753 <strong data-sourcepos=\"55:3-55:26\">\u00bfEs recargable?<\/strong><br \/>\n\u2705 <strong data-sourcepos=\"56:3-56:21\">bater\u00eda de 850mah<\/strong> con <strong data-sourcepos=\"56:27-56:51\">Carga r\u00e1pida tipo C<\/strong>.<\/p>\n<p data-sourcepos=\"58:1-59:62\">\u2753 <strong data-sourcepos=\"58:3-58:43\">\u00bfQu\u00e9 opciones de nicotina est\u00e1n disponibles?<\/strong><br \/>\n\u2705 <strong data-sourcepos=\"59:3-59:35\">0% (sin Nic), 2%, 3% o 5%<\/strong> para satisfacci\u00f3n personalizada.<\/p>\n<p data-sourcepos=\"61:1-62:53\">\u2753 <strong data-sourcepos=\"61:3-61:30\">\u00bfLos sabores est\u00e1n precargados?<\/strong><br \/>\n\u2705 <strong data-sourcepos=\"62:3-62:31\">E-l\u00edquido precargado de 20 ml<\/strong> \u2013 Sin recargas desordenadas.<\/p>\n<p>&nbsp;<\/p>\n<h3>Preguntas frecuentes (FAQ)<\/h3>\n<div id=\"brxe-rajiac\" class=\"brxe-text\">\n<p><strong>P: \u00bfQu\u00e9 m\u00e9todos de pago aceptan?<\/strong><br \/>\nR: Aceptamos PayPal, Stripe, transferencias bancarias (compatibles con SEPA), las principales tarjetas de cr\u00e9dito (Visa, MasterCard, American Express) y pagos con criptomonedas.<\/p>\n<p><strong>P: \u00bfCu\u00e1nto tiempo lleva la preparaci\u00f3n del pedido?<\/strong><br \/>\nR: La preparaci\u00f3n del pedido demora entre 1 y 3 d\u00edas h\u00e1biles.<\/p>\n<p><strong>P: \u00bfCu\u00e1l es el tiempo de env\u00edo?<\/strong><br \/>\nR: El tiempo de env\u00edo es de 7 a 14 d\u00edas h\u00e1biles, seg\u00fan su ubicaci\u00f3n.<\/p>\n<p><strong>P: \u00bfC\u00f3mo puedo realizar un seguimiento de mi pedido?<\/strong><br \/>\nR: Despu\u00e9s del env\u00edo, recibir\u00e1 un correo electr\u00f3nico de confirmaci\u00f3n con un n\u00famero de seguimiento para realizar un seguimiento en tiempo real.<\/p>\n<p><strong>P: \u00bfCu\u00e1l es su pol\u00edtica de devoluci\u00f3n?<\/strong><br \/>\nR: Ofrecemos una pol\u00edtica de devoluci\u00f3n de 30 d\u00edas para reembolsos o cambios. .<\/p>\n<p><strong>P: \u00bfHabr\u00e1 alg\u00fan problema aduanero?<br \/>\n<\/strong>Nos encargamos de todos los procedimientos de despacho de aduanas para garantizarle una experiencia sin complicaciones. .<\/p>\n<p><strong>P: \u00bfQu\u00e9 m\u00e9todos de env\u00edo se utilizan?<\/strong><br \/>\nCooperamos con UPS\/DHL\/FEDEX\/DPD, etc. Elegiremos la opci\u00f3n de env\u00edo adecuada seg\u00fan el pa\u00eds de entrega para asegurarnos de que reciba sus productos lo m\u00e1s r\u00e1pido posible.<\/p>\n<p><a href=\"https:\/\/pgvape.com\/es\/preguntas-frecuentes\/\">Haga clic aqu\u00ed para m\u00e1s preguntas frecuentes<\/a><\/p>\n<p>Estimados clientes: Si tienen alguna pregunta sobre su pedido o la llegada de la mercanc\u00eda, comun\u00edquese con nuestro servicio de atenci\u00f3n al cliente. \u00a1Gracias!<\/p>\n<h3 data-sourcepos=\"73:1-73:21\"><strong data-sourcepos=\"73:7-73:21\">Cont\u00e1ctenos<\/strong><\/h3>\n<div id=\"text-2419739398\" class=\"text\">\n<p><strong data-sourcepos=\"75:3-75:12\">Correo electr\u00f3nico<\/strong>:\u00a0<a href=\"mailto:support@pgvape.com\"><strong>support@pgvape.com<\/strong><\/a><\/p>\n<p><strong data-sourcepos=\"76:3-76:15\">WhatsApp<\/strong>:\u00a0<a href=\"https:\/\/wa.me\/+8618128481258\"><strong>+86 18128481258<\/strong><\/a><br \/>\n<strong>(Respuesta dentro de las 24 horas en d\u00edas h\u00e1biles)<\/strong><\/p>\n<\/div>\n<h3><strong>\u00a1Gracias por elegir pgvape.com! .<\/strong><\/h3>\n<\/div>","protected":false},"excerpt":{"rendered":"<p>El cigarrillo electr\u00f3nico de vapeo UZY Bang Digital 15000 puffs es el cigarrillo electr\u00f3nico desechable m\u00e1s avanzado disponible, un dispositivo innovador con una pantalla LED que proporciona informaci\u00f3n en tiempo real para una experiencia de fumar personalizada.<\/p>","protected":false},"featured_media":4550,"comment_status":"open","ping_status":"closed","template":"","meta":{"_seopress_robots_primary_cat":"none","_seopress_titles_title":"%%post_title%% %%sep%% %%sitetitle%%","_seopress_titles_desc":"","_seopress_robots_index":""},"product_brand":[516,371],"product_cat":[113,515,27],"product_tag":[373,79,490,59,259,372],"class_list":{"0":"post-4531","1":"product","2":"type-product","3":"status-publish","4":"has-post-thumbnail","6":"product_brand-disposable-vape","7":"product_brand-uzy-vaoe","8":"product_cat-15k-puffs-vape","9":"product_cat-disposable-vape","10":"product_cat-uzy-vape","11":"product_tag-15k-puffs-vape","12":"product_tag-led-display","13":"product_tag-minimum-2-pieces","14":"product_tag-mouth-to-lung-mtl","15":"product_tag-rechargeable","16":"product_tag-uzy-bang-digital-15000","18":"first","19":"instock","20":"sale","21":"shipping-taxable","22":"purchasable","23":"product-type-variable"},"_links":{"self":[{"href":"https:\/\/pgvape.com\/es\/wp-json\/wp\/v2\/product\/4531","targetHints":{"allow":["GET"]}}],"collection":[{"href":"https:\/\/pgvape.com\/es\/wp-json\/wp\/v2\/product"}],"about":[{"href":"https:\/\/pgvape.com\/es\/wp-json\/wp\/v2\/types\/product"}],"replies":[{"embeddable":true,"href":"https:\/\/pgvape.com\/es\/wp-json\/wp\/v2\/comments?post=4531"}],"wp:featuredmedia":[{"embeddable":true,"href":"https:\/\/pgvape.com\/es\/wp-json\/wp\/v2\/media\/4550"}],"wp:attachment":[{"href":"https:\/\/pgvape.com\/es\/wp-json\/wp\/v2\/media?parent=4531"}],"wp:term":[{"taxonomy":"product_brand","embeddable":true,"href":"https:\/\/pgvape.com\/es\/wp-json\/wp\/v2\/product_brand?post=4531"},{"taxonomy":"product_cat","embeddable":true,"href":"https:\/\/pgvape.com\/es\/wp-json\/wp\/v2\/product_cat?post=4531"},{"taxonomy":"product_tag","embeddable":true,"href":"https:\/\/pgvape.com\/es\/wp-json\/wp\/v2\/product_tag?post=4531"}],"curies":[{"name":"wp","href":"https:\/\/api.w.org\/{rel}","templated":true}]}}