{"id":450,"date":"2025-07-16T08:44:31","date_gmt":"2025-07-16T08:44:31","guid":{"rendered":"https:\/\/pgvape.com\/?post_type=product&#038;p=450"},"modified":"2026-01-20T08:48:41","modified_gmt":"2026-01-20T08:48:41","slug":"bang-de-80000-80k-inhalaciones-3-en-1-vape-desechable-de-triple-sabor-0-2-3-5-nicotina-12-gustos-pantalla-led-inteligente-vape-directo-de-fabrica","status":"publish","type":"product","link":"https:\/\/pgvape.com\/es\/producto\/bang-de-80000-80k-inhalaciones-3-en-1-vape-desechable-de-triple-sabor-0-2-3-5-nicotina-12-gustos-pantalla-led-inteligente-vape-directo-de-fabrica\/","title":{"rendered":"Bang DE 80000 | 80K Puffs | 3 en 1 Vape desechable de triple sabor | 0% 2% 3% 5% Nicotina | 12Tastes | Pantalla LED inteligente | Vape Factory Direct"},"content":{"rendered":"<p><strong>Bang DE 80000 80K Puffs Vape desechable 3 en 1<\/strong> est\u00e1 dise\u00f1ado para vapeadores que anhelan variedad, comodidad y una longevidad notable. .<\/p>\n<p>&nbsp;<\/p>\n<h2><span style=\"font-size: 90%;\">Bang DE 80000 | 80K Puffs | 3 en 1 Vape desechable de triple sabor Especificaciones del producto:<\/span><\/h2>\n<p><strong>Capacidad de bocanada:<\/strong>\u00a0Hasta 80.000 caladas<\/p>\n<p><strong>Capacidad de E-l\u00edquido:<\/strong>\u00a060 ml en total (20 ml por tanque x 3 tanques)<\/p>\n<p><strong>Tipo de bobina:<\/strong>\u00a0Bobina de malla triple 1.0\u03a9<\/p>\n<p><strong>Capacidad de la bater\u00eda:<\/strong>\u00a0capacidad, una bobina de triple malla,<\/p>\n<p><strong>Puerto de carga:<\/strong>\u00a0Carga r\u00e1pida tipo C<\/p>\n<p><strong>Opciones de nicotina:<\/strong>\u00a00%, 2%, 3%, 5%<\/p>\n<p><strong>Mostrar:<\/strong>\u00a0Pantalla LED que muestra el estado de la bater\u00eda y del e-l\u00edquido<\/p>\n<p><strong>Sistema de sabor:<\/strong>\u00a0Sistema de triple sabor (cambia entre 3 sabores)<\/p>\n<p><strong>Embalaje:<\/strong>\u00a0Disponible para venta al por menor y al por mayor<\/p>\n<p>&nbsp;<\/p>\n<h3><span style=\"font-size: 90%;\">Bang DE 80000 | 80K Puffs | 3 en 1 Lista de sabores de Vape desechable de triple sabor:<\/span><\/h3>\n<p>1.Helado de sand\u00eda, Red Bull y kiwi de fresa<\/p>\n<p>2.Hielo de ar\u00e1ndano y fresa, sand\u00eda y lima lim\u00f3n<\/p>\n<p>3.Ar\u00e1ndano, sand\u00eda, kiwi, maracuy\u00e1, guayaba y chicle de sand\u00eda<\/p>\n<p>4.Drag\u00f3n Negro Hielo, Mango Agrio, Pi\u00f1a y Red Bull<\/p>\n<p>5.Fresa, sand\u00eda, bayas mixtas y melocot\u00f3n con lim\u00f3n<\/p>\n<p>6.Razz de ar\u00e1ndanos, fresa, pl\u00e1tano y pi\u00f1a y coco<\/p>\n<p>7.Hielo de ar\u00e1ndano, mel\u00f3n triple y uva de manzana<\/p>\n<p>8.Sand\u00eda pitahaya y mango melocot\u00f3n y kiwi fresa<\/p>\n<p>9. Coca-Cola de ar\u00e1ndanos, frambuesa, fresa, vainilla y bayas mixtas<\/p>\n<p>10.Helado de sand\u00eda y helado de fresa y kiwi, maracuy\u00e1 y maracuy\u00e1<\/p>\n<p>11.Blueberry Razz, Black Dragon Ice y Fizzy Cherry Ice<\/p>\n<p>12.Cherry Cola Ice &amp; Blueberry Sand\u00eda &amp; Fresa Mango<\/p>\n<p><img loading=\"lazy\" decoding=\"async\" class=\"alignnone wp-image-457 size-full\" src=\"https:\/\/pgvape.com\/wp-content\/uploads\/2025\/07\/Bang-DE-80000-80K-Puffs-3-In-1-Triple-Flavor-Disposable-Vape-LED-Display-Vape-Factory-Wholesale-5.png\" alt=\"\" width=\"1500\" height=\"1227\" srcset=\"https:\/\/pgvape.com\/wp-content\/uploads\/2025\/07\/Bang-DE-80000-80K-Puffs-3-In-1-Triple-Flavor-Disposable-Vape-LED-Display-Vape-Factory-Wholesale-5.png 1500w, https:\/\/pgvape.com\/wp-content\/uploads\/2025\/07\/Bang-DE-80000-80K-Puffs-3-In-1-Triple-Flavor-Disposable-Vape-LED-Display-Vape-Factory-Wholesale-5-440x360.png 440w, https:\/\/pgvape.com\/wp-content\/uploads\/2025\/07\/Bang-DE-80000-80K-Puffs-3-In-1-Triple-Flavor-Disposable-Vape-LED-Display-Vape-Factory-Wholesale-5-595x487.png 595w, https:\/\/pgvape.com\/wp-content\/uploads\/2025\/07\/Bang-DE-80000-80K-Puffs-3-In-1-Triple-Flavor-Disposable-Vape-LED-Display-Vape-Factory-Wholesale-5-400x327.png 400w, https:\/\/pgvape.com\/wp-content\/uploads\/2025\/07\/Bang-DE-80000-80K-Puffs-3-In-1-Triple-Flavor-Disposable-Vape-LED-Display-Vape-Factory-Wholesale-5-768x628.png 768w, https:\/\/pgvape.com\/wp-content\/uploads\/2025\/07\/Bang-DE-80000-80K-Puffs-3-In-1-Triple-Flavor-Disposable-Vape-LED-Display-Vape-Factory-Wholesale-5-15x12.png 15w, https:\/\/pgvape.com\/wp-content\/uploads\/2025\/07\/Bang-DE-80000-80K-Puffs-3-In-1-Triple-Flavor-Disposable-Vape-LED-Display-Vape-Factory-Wholesale-5-600x491.png 600w, https:\/\/pgvape.com\/wp-content\/uploads\/2025\/07\/Bang-DE-80000-80K-Puffs-3-In-1-Triple-Flavor-Disposable-Vape-LED-Display-Vape-Factory-Wholesale-5-49x40.png 49w\" sizes=\"auto, (max-width: 1500px) 100vw, 1500px\" \/><\/p>\n<p>&nbsp;<\/p>\n<h3><span style=\"font-size: 90%;\">Bang DE 80000 | 80K sopla | 3 en 1 Vape disponible del triple sabor <\/span><strong>Video<br \/>\n<\/strong><\/h3>\n<p><iframe loading=\"lazy\" title=\"Bang DE 80000 | 80K Puffs | 3 en 1 Vape desechable de triple sabor | Vape Factory Direct pgvape\" width=\"1020\" height=\"574\" src=\"https:\/\/www.youtube.com\/embed\/HMc9pNSt3Kg?feature=oembed\" frameborder=\"0\" allow=\"accelerometer; autoplay; clipboard-write; encrypted-media; gyroscope; picture-in-picture; web-share\" referrerpolicy=\"strict-origin-when-cross-origin\" allowfullscreen><\/iframe><\/p>\n<p>&nbsp;<\/p>\n<h2><span style=\"font-size: 90%;\">Preguntas frecuentes sobre Bang DE 80000 | 80K Puffs | 3 en 1 Vape desechable de triple sabor<\/span><\/h2>\n<p dir=\"auto\"><strong>P1: \u00bfCu\u00e1ntas bocanadas puedo obtener del Bang DE 80000?<\/strong><br \/>\nA1: Hasta 80.000 inhalaciones por dispositivo.<\/p>\n<p dir=\"auto\"><strong>P2: \u00bfC\u00f3mo funciona el sistema Triple Flavor?<\/strong><br \/>\nR2: Puede cambiar f\u00e1cilmente entre tres sabores integrados diferentes en cualquier momento sin cambiar de dispositivo.<\/p>\n<p dir=\"auto\"><strong>P3: \u00bfQu\u00e9 concentraciones de nicotina est\u00e1n disponibles?<\/strong><br \/>\nR3: El dispositivo admite las opciones de nicotina 0%, 2%, 3% y 5%.<\/p>\n<p dir=\"auto\"><strong>P4: \u00bfLa bater\u00eda es recargable?<\/strong><br \/>\nR4: S\u00ed, tiene una bater\u00eda recargable de 650 mAh con carga r\u00e1pida tipo C.<\/p>\n<p dir=\"auto\"><strong>P5: \u00bfCu\u00e1l es la capacidad del e-l\u00edquido?<\/strong><br \/>\nR5: El dispositivo contiene 60 ml de e-l\u00edquido, divididos uniformemente en tres tanques de 20 ml.<\/p>\n<p dir=\"auto\"><strong>P6: \u00bfC\u00f3mo puedo controlar los niveles de bater\u00eda y e-l\u00edquido?<\/strong><br \/>\nR6: La pantalla LED muestra el estado de la bater\u00eda y los niveles de e-l\u00edquido en tiempo real.<\/p>\n<p dir=\"auto\"><strong>P7: \u00bfEs este dispositivo port\u00e1til?<\/strong><br \/>\nR7: S\u00ed, presenta un dise\u00f1o elegante y ergon\u00f3mico, perfecto para uso diario y viajes.<\/p>\n<h2><span style=\"font-size: 90%;\">\u00a0<\/span><\/h2>\n<h3 id=\"brxe-najhln\" class=\"brxe-heading\">Preguntas frecuentes (FAQ)<\/h3>\n<div id=\"brxe-rajiac\" class=\"brxe-text\">\n<p><strong>P: \u00bfQu\u00e9 m\u00e9todos de pago aceptan?<\/strong><br \/>\nR: Aceptamos PayPal, Stripe, transferencias bancarias (compatibles con SEPA), las principales tarjetas de cr\u00e9dito (Visa, MasterCard, American Express) y pagos con criptomonedas.<\/p>\n<p><strong>P: \u00bfCu\u00e1nto tiempo lleva la preparaci\u00f3n del pedido?<\/strong><br \/>\nR: La preparaci\u00f3n del pedido demora entre 1 y 3 d\u00edas h\u00e1biles.<\/p>\n<p><strong>P: \u00bfCu\u00e1l es el tiempo de env\u00edo?<\/strong><br \/>\nR: El tiempo de env\u00edo es de 7 a 14 d\u00edas h\u00e1biles, seg\u00fan su ubicaci\u00f3n.<\/p>\n<p><strong>P: \u00bfC\u00f3mo puedo realizar un seguimiento de mi pedido?<\/strong><br \/>\nR: Despu\u00e9s del env\u00edo, recibir\u00e1 un correo electr\u00f3nico de confirmaci\u00f3n con un n\u00famero de seguimiento para realizar un seguimiento en tiempo real.<\/p>\n<p><strong>P: \u00bfCu\u00e1l es su pol\u00edtica de devoluci\u00f3n?<\/strong><br \/>\nR: Ofrecemos una pol\u00edtica de devoluci\u00f3n de 30 d\u00edas para reembolsos o cambios. .<\/p>\n<p><strong>P: \u00bfHabr\u00e1 alg\u00fan problema aduanero?<br \/>\n<\/strong>Nos encargamos de todos los procedimientos de despacho de aduanas para garantizarle una experiencia sin complicaciones. .<\/p>\n<p><strong>P: \u00bfQu\u00e9 m\u00e9todos de env\u00edo se utilizan?<\/strong><br \/>\nCooperamos con UPS\/DHL\/FEDEX\/DPD, etc. Elegiremos la opci\u00f3n de env\u00edo adecuada seg\u00fan el pa\u00eds de entrega para asegurarnos de que reciba sus productos lo m\u00e1s r\u00e1pido posible.<\/p>\n<p><a href=\"https:\/\/pgvape.com\/es\/preguntas-frecuentes\/\"><span style=\"font-size: 100%;\">Haga clic aqu\u00ed para m\u00e1s preguntas frecuentes<\/span><\/a><\/p>\n<p>Estimados clientes: Si tienen alguna pregunta sobre su pedido o la llegada de la mercanc\u00eda, comun\u00edquese con nuestro servicio de atenci\u00f3n al cliente. \u00a1Gracias!<\/p>\n<h3 data-sourcepos=\"73:1-73:21\"><span style=\"font-size: 90%;\"><strong data-sourcepos=\"73:7-73:21\">Cont\u00e1ctenos<\/strong><\/span><\/h3>\n<div id=\"text-2419739398\" class=\"text\">\n<p><strong data-sourcepos=\"75:3-75:12\">Correo electr\u00f3nico<\/strong>:\u00a0<a href=\"mailto:support@pgvape.com\"><strong>support@pgvape.com<\/strong><\/a><\/p>\n<p><strong data-sourcepos=\"76:3-76:15\">WhatsApp<\/strong>: <a href=\"https:\/\/wa.me\/+8618128481258\"><strong>+86 18128481258<\/strong><\/a><br \/>\n<strong>(Respuesta dentro de las 24 horas en d\u00edas h\u00e1biles)<\/strong><\/p>\n<\/div>\n<h3><strong><span style=\"font-size: 80%;\">\u00a1Gracias por elegir pgvape.com! .<\/span><\/strong><\/h3>\n<\/div>","protected":false},"excerpt":{"rendered":"<p dir=\"auto\"><strong>Vape desechable Bang DE 80000<\/strong> ofrece una incre\u00edble <strong>80.000 bocanadas<\/strong> con un <strong>sistema de triple sabor<\/strong>, permiti\u00e9ndote cambiar entre tres <strong>sabores<\/strong> en un dispositivo. <strong>Presentando<\/strong> e-l\u00edquido de 60 ml, <strong>capacidad, una bobina de triple malla,<\/strong> 650mAh recargable <strong>pantalla LED<\/strong>, bater\u00eda, y.<\/p>","protected":false},"featured_media":453,"comment_status":"open","ping_status":"closed","template":"","meta":{"_seopress_robots_primary_cat":"none","_seopress_titles_title":"","_seopress_titles_desc":"","_seopress_robots_index":""},"product_brand":[42,516],"product_cat":[41,34,515],"product_tag":[46,44,45,43,47],"class_list":{"0":"post-450","1":"product","2":"type-product","3":"status-publish","4":"has-post-thumbnail","6":"product_brand-bang-de-vape","7":"product_brand-disposable-vape","8":"product_cat-80k-puffs-vape","9":"product_cat-bang-de-vape","10":"product_cat-disposable-vape","11":"product_tag-3-in-1","12":"product_tag-80k-puffs","13":"product_tag-80k-vape","14":"product_tag-bang-de-80000","15":"product_tag-triple-flavor","17":"first","18":"instock","19":"sale","20":"shipping-taxable","21":"purchasable","22":"product-type-variable"},"_links":{"self":[{"href":"https:\/\/pgvape.com\/es\/wp-json\/wp\/v2\/product\/450","targetHints":{"allow":["GET"]}}],"collection":[{"href":"https:\/\/pgvape.com\/es\/wp-json\/wp\/v2\/product"}],"about":[{"href":"https:\/\/pgvape.com\/es\/wp-json\/wp\/v2\/types\/product"}],"replies":[{"embeddable":true,"href":"https:\/\/pgvape.com\/es\/wp-json\/wp\/v2\/comments?post=450"}],"wp:featuredmedia":[{"embeddable":true,"href":"https:\/\/pgvape.com\/es\/wp-json\/wp\/v2\/media\/453"}],"wp:attachment":[{"href":"https:\/\/pgvape.com\/es\/wp-json\/wp\/v2\/media?parent=450"}],"wp:term":[{"taxonomy":"product_brand","embeddable":true,"href":"https:\/\/pgvape.com\/es\/wp-json\/wp\/v2\/product_brand?post=450"},{"taxonomy":"product_cat","embeddable":true,"href":"https:\/\/pgvape.com\/es\/wp-json\/wp\/v2\/product_cat?post=450"},{"taxonomy":"product_tag","embeddable":true,"href":"https:\/\/pgvape.com\/es\/wp-json\/wp\/v2\/product_tag?post=450"}],"curies":[{"name":"wp","href":"https:\/\/api.w.org\/{rel}","templated":true}]}}