{"id":4487,"date":"2025-10-25T11:42:30","date_gmt":"2025-10-25T11:42:30","guid":{"rendered":"https:\/\/pgvape.com\/?post_type=product&#038;p=4487"},"modified":"2026-01-14T12:56:55","modified_gmt":"2026-01-14T12:56:55","slug":"bang-legend-150000-150k-inhalaciones-6-en-1-sabores-vape-desechables-directo-de-fabrica","status":"publish","type":"product","link":"https:\/\/pgvape.com\/es\/producto\/bang-legend-150000-150k-inhalaciones-6-en-1-sabores-vape-desechables-directo-de-fabrica\/","title":{"rendered":"Bang Legend 150000 150k inhalaciones 6 en 1 sabores Vape-Vape desechables directos de f\u00e1brica"},"content":{"rendered":"<p><strong data-sourcepos=\"4:5-4:47\">Bang Legend 150K inhala Vape desechable<\/strong> redefine la resistencia al vapeo con <strong data-sourcepos=\"4:80-4:108\">150.000 bocanadas ultralargas<\/strong> y <strong data-sourcepos=\"4:113-4:141\">Tecnolog\u00eda de sabor 6 en 1<\/strong>. <strong data-sourcepos=\"4:155-4:177\">sistema de triple tanque<\/strong>, <strong data-sourcepos=\"4:179-4:197\">bater\u00eda de 850mah<\/strong>, y <strong data-sourcepos=\"4:203-4:216\">bobina de malla<\/strong>, ofrece <strong data-sourcepos=\"4:228-4:257\">Opciones de nicotina 2%\/3%\/5%<\/strong> y <strong data-sourcepos=\"4:262-4:297\">12 perfiles de sabor personalizables<\/strong>. <strong data-sourcepos=\"4:303-4:318\">pantalla LED<\/strong> rastrea el uso mientras <strong data-sourcepos=\"4:338-4:357\">Carga tipo C<\/strong> asegura encendidos r\u00e1pidos. <strong data-sourcepos=\"4:400-4:415\">entusiastas<\/strong> y <strong data-sourcepos=\"4:420-4:433\">minoristas<\/strong> con <strong data-sourcepos=\"4:439-4:460\">embalaje de 10 unidades<\/strong>.<\/p>\n<p>&nbsp;<\/p>\n<h2><span style=\"font-size: 100%;\">Bang Legend 150000 | 150k soplos 6 en 1 sabores Vape desechable <strong data-sourcepos=\"6:5-6:27\">Presupuesto<\/strong><\/span><\/h2>\n<p><strong data-sourcepos=\"7:3-7:17\">Conteo de bocanadas<\/strong>:\u00a0<strong data-sourcepos=\"7:19-7:36\">150.000 bocanadas<\/strong><\/p>\n<p><strong data-sourcepos=\"8:3-8:19\">Modos de sabor<\/strong>:\u00a0<strong data-sourcepos=\"8:21-8:39\">6 combinaciones<\/strong>\u00a0(A\/B\/C\/AB\/AC\/BC)<\/p>\n<p><strong data-sourcepos=\"9:3-9:15\">Nicotina<\/strong>:\u00a0<strong data-sourcepos=\"9:17-9:33\">2% \/ 3% \/ 5%<\/strong><\/p>\n<p><strong data-sourcepos=\"10:3-10:12\">Tanques<\/strong>:\u00a0<strong data-sourcepos=\"10:14-10:36\">Sistema de triple tanque<\/strong><\/p>\n<p><strong data-sourcepos=\"11:3-11:14\">Bater\u00eda<\/strong>:\u00a0<strong data-sourcepos=\"11:16-11:39\">850mAh recargable<\/strong><\/p>\n<p><strong data-sourcepos=\"12:3-12:11\">Bobina<\/strong>:\u00a0<strong data-sourcepos=\"12:13-12:33\">Bobina de malla (0,8\u03a9)<\/strong><\/p>\n<p><strong data-sourcepos=\"13:3-13:14\">Mostrar<\/strong>:\u00a0<strong data-sourcepos=\"13:16-13:30\">pantalla LED<\/strong><\/p>\n<p><strong data-sourcepos=\"14:3-14:15\">Cargando<\/strong>:\u00a0<strong data-sourcepos=\"14:17-14:41\">Carga r\u00e1pida tipo C<\/strong><\/p>\n<p><strong data-sourcepos=\"15:3-15:16\">Embalaje<\/strong>:\u00a0<strong data-sourcepos=\"15:18-15:40\">10 unidades\/caja de presentaci\u00f3n<\/strong><\/p>\n<p>&nbsp;<\/p>\n<h3><span style=\"font-size: 100%;\">Bang Legend 150000 | 150k soplos 6 en 1 sabores Vape desechable <strong data-sourcepos=\"22:5-22:25\">Selecci\u00f3n de sabores<\/strong><\/span><\/h3>\n<p><strong>1.melocot\u00f3n helado \/ mango melocot\u00f3n \/ ar\u00e1ndano melocot\u00f3n \/ melocot\u00f3n helado mango melocot\u00f3n \/ melocot\u00f3n helado ar\u00e1ndano melocot\u00f3n \/ mango melocot\u00f3n ar\u00e1ndano melocot\u00f3n<\/strong><\/p>\n<p><strong>2.hielo de pi\u00f1a\/pi\u00f1a coco\/kiwi hielo de pi\u00f1a\/hielo de pi\u00f1a pi\u00f1a coco\/hielo de pi\u00f1a kiwi hielo de pi\u00f1a\/pi\u00f1a coco kiwi hielo de pi\u00f1a<\/strong><\/p>\n<p><strong>3. Hielo de uva \/ chicle de uva \/ uvas frambuesa \/ chicle de uva helado \/ uva hielo de frambuesa \/ uva chicle de uva frambuesa<\/strong><\/p>\n<p><strong>4.hielo de sand\u00eda \/ bayas de sand\u00eda \/ sand\u00eda fresa \/ hielo de sand\u00eda bayas de sand\u00eda \/ hielo de sand\u00eda sand\u00eda fresa \/ bayas de sand\u00eda sand\u00eda fresa<\/strong><\/p>\n<p><strong>5.hielo de ar\u00e1ndano \/ frambuesa de ar\u00e1ndano \/ ar\u00e1ndano cereza de ar\u00e1ndano \/ hielo de ar\u00e1ndano frambuesa de ar\u00e1ndano \/ hielo de ar\u00e1ndano ar\u00e1ndano cereza de ar\u00e1ndano \/ ar\u00e1ndano frambuesa ar\u00e1ndano cereza de ar\u00e1ndano<\/strong><\/p>\n<p><strong>6. hielo de pl\u00e1tano \/ fresa pl\u00e1tano \/ \u00e1cido c\u00edtrico naranja \/ pl\u00e1tano helado fresa pl\u00e1tano \/ pl\u00e1tano helado \u00e1cido c\u00edtrico naranja \/ fresa pl\u00e1tano \u00e1cido c\u00edtrico naranja<\/strong><\/p>\n<p><strong>7.hielo de manzana \/ uva de manzana \/ uva de ar\u00e1ndanos \/ uva de manzana helada \/ uva de manzana helada \/ uva de ar\u00e1ndanos \/ uva de manzana y uva de ar\u00e1ndanos<\/strong><\/p>\n<p><strong>8. mango helado \/ melocot\u00f3n mango sand\u00eda \/ osito de goma \/ mango helado melocot\u00f3n mango sand\u00eda \/ mango helado osito de goma \/ melocot\u00f3n mango sand\u00eda osito de goma<\/strong><\/p>\n<p><strong>9.hielo de cereza\/frutas variadas\/cola roja\/frutas mixtas de hielo de cereza\/cola roja helada de cereza\/cola roja de bayas mixtas<\/strong><\/p>\n<p><strong>10.red bull \/ chicle de sand\u00eda \/ amor 66 \/ chicle de sand\u00eda red bull \/ red bull love 66 \/ chicle de sand\u00eda amor 66<\/strong><\/p>\n<p><strong>11.hielo de fresa \/ kiwi de fresa \/ lichi de fresa \/ hielo de fresa kiwi de fresa \/ hielo de fresa lichi de fresa \/ kiwi de fresa lichi de fresa<\/strong><\/p>\n<p><strong>12.maracuy\u00e1 apasionada \/ lima guayaba \/ maracuy\u00e1 lim\u00f3n \/ maracuy\u00e1 apasionada lima guayaba \/ maracuy\u00e1 apasionada maracuy\u00e1 lim\u00f3n \/ lima guayaba maracuy\u00e1 lim\u00f3n<\/strong><\/p>\n<p><img loading=\"lazy\" decoding=\"async\" class=\"alignnone wp-image-4493 size-full\" src=\"https:\/\/pgvape.com\/wp-content\/uploads\/2025\/10\/pgvape-Bang-Legend-150000-150k-Puffs-6-in-1-Flavors-Disposable-Vape-4.png\" alt=\"Doce dispositivos de vapeo de color negro brillante dispuestos en una cuadr\u00edcula, cada uno etiquetado con una vibrante ilustraci\u00f3n de un mono de ne\u00f3n, distintos colores con temas de frutas y nombres de sabores, adem\u00e1s de peque\u00f1os \u00edconos y gu\u00edas numeradas de combinaci\u00f3n de sabores impresas debajo.\" width=\"1292\" height=\"1500\" srcset=\"https:\/\/pgvape.com\/wp-content\/uploads\/2025\/10\/pgvape-Bang-Legend-150000-150k-Puffs-6-in-1-Flavors-Disposable-Vape-4.png 1292w, https:\/\/pgvape.com\/wp-content\/uploads\/2025\/10\/pgvape-Bang-Legend-150000-150k-Puffs-6-in-1-Flavors-Disposable-Vape-4-310x360.png 310w, https:\/\/pgvape.com\/wp-content\/uploads\/2025\/10\/pgvape-Bang-Legend-150000-150k-Puffs-6-in-1-Flavors-Disposable-Vape-4-595x691.png 595w, https:\/\/pgvape.com\/wp-content\/uploads\/2025\/10\/pgvape-Bang-Legend-150000-150k-Puffs-6-in-1-Flavors-Disposable-Vape-4-345x400.png 345w, https:\/\/pgvape.com\/wp-content\/uploads\/2025\/10\/pgvape-Bang-Legend-150000-150k-Puffs-6-in-1-Flavors-Disposable-Vape-4-768x892.png 768w, https:\/\/pgvape.com\/wp-content\/uploads\/2025\/10\/pgvape-Bang-Legend-150000-150k-Puffs-6-in-1-Flavors-Disposable-Vape-4-10x12.png 10w, https:\/\/pgvape.com\/wp-content\/uploads\/2025\/10\/pgvape-Bang-Legend-150000-150k-Puffs-6-in-1-Flavors-Disposable-Vape-4-600x697.png 600w, https:\/\/pgvape.com\/wp-content\/uploads\/2025\/10\/pgvape-Bang-Legend-150000-150k-Puffs-6-in-1-Flavors-Disposable-Vape-4-34x40.png 34w\" sizes=\"auto, (max-width: 1292px) 100vw, 1292px\" \/><\/p>\n<p>&nbsp;<\/p>\n<h3><span style=\"font-size: 90%;\">Bang Legend 150000 | 150k soplos 6 en 1 sabores Vape desechable <strong>Video<\/strong>:<\/span><\/h3>\n<p>&nbsp;<\/p>\n<h2><span style=\"font-size: 100%;\">Preguntas frecuentes sobre Bang Legend 150000 | 150k Puffs 6 en 1 sabores Vape desechable<\/span><\/h2>\n<p data-sourcepos=\"25:1-26:100\">\u2753 <strong data-sourcepos=\"25:3-25:35\">\u00bfC\u00f3mo funciona el sabor 6 en 1?<\/strong><br \/>\n\u2705 Mezclar <strong data-sourcepos=\"26:7-26:26\">2-3 sabores cualquiera<\/strong> de los tanques triples para <strong data-sourcepos=\"26:53-26:70\">mezclas personalizadas<\/strong> o disfrutarlos individualmente.<\/p>\n<p data-sourcepos=\"28:1-29:88\">\u2753 <strong data-sourcepos=\"28:3-28:31\">\u00bfQu\u00e9 garantiza 150.000 caladas?<\/strong><br \/>\n\u2705 <strong data-sourcepos=\"29:3-29:35\">Dise\u00f1o optimizado de triple tanque<\/strong> + <strong data-sourcepos=\"29:38-29:61\">bobina de malla eficiente<\/strong> maximizar el uso de e-l\u00edquido.<\/p>\n<p data-sourcepos=\"31:1-32:82\">\u2753 <strong data-sourcepos=\"31:3-31:38\">\u00bfEs impresionante la producci\u00f3n de vapor?<\/strong><br \/>\n\u2705 <strong data-sourcepos=\"32:3-32:16\">Bobina de malla<\/strong> entrega <strong data-sourcepos=\"32:26-32:47\">40% nubes m\u00e1s densas<\/strong> con <strong data-sourcepos=\"32:53-32:79\">compromiso de sabor cero<\/strong>.<\/p>\n<p data-sourcepos=\"34:1-35:83\">\u2753 <strong data-sourcepos=\"34:3-34:30\">\u00bfEmbalaje listo para la venta al por menor?<br \/>\n<\/strong> \u2705 <strong data-sourcepos=\"35:3-35:36\">Llamativos displays de 10 unidades<\/strong> con <strong data-sourcepos=\"35:42-35:66\">gu\u00edas de matriz de sabor<\/strong> para los clientes.<\/p>\n<p>&nbsp;<\/p>\n<h3 id=\"brxe-najhln\" class=\"brxe-heading\">Preguntas frecuentes (FAQ)<\/h3>\n<div id=\"brxe-rajiac\" class=\"brxe-text\">\n<p><strong>P: \u00bfQu\u00e9 m\u00e9todos de pago aceptan?<\/strong><br \/>\nR: Aceptamos PayPal, Stripe, transferencias bancarias (compatibles con SEPA), las principales tarjetas de cr\u00e9dito (Visa, MasterCard, American Express) y pagos con criptomonedas.<\/p>\n<p><strong>P: \u00bfCu\u00e1nto tiempo lleva la preparaci\u00f3n del pedido?<\/strong><br \/>\nR: La preparaci\u00f3n del pedido demora entre 1 y 3 d\u00edas h\u00e1biles.<\/p>\n<p><strong>P: \u00bfCu\u00e1l es el tiempo de env\u00edo?<\/strong><br \/>\nR: El tiempo de env\u00edo es de 7 a 14 d\u00edas h\u00e1biles, seg\u00fan su ubicaci\u00f3n.<\/p>\n<p><strong>P: \u00bfC\u00f3mo puedo realizar un seguimiento de mi pedido?<\/strong><br \/>\nR: Despu\u00e9s del env\u00edo, recibir\u00e1 un correo electr\u00f3nico de confirmaci\u00f3n con un n\u00famero de seguimiento para realizar un seguimiento en tiempo real.<\/p>\n<p><strong>P: \u00bfCu\u00e1l es su pol\u00edtica de devoluci\u00f3n?<\/strong><br \/>\nR: Ofrecemos una pol\u00edtica de devoluci\u00f3n de 30 d\u00edas para reembolsos o cambios. .<\/p>\n<p><strong>P: \u00bfHabr\u00e1 alg\u00fan problema aduanero?<br \/>\n<\/strong>Nos encargamos de todos los procedimientos de despacho de aduanas para garantizarle una experiencia sin complicaciones. .<\/p>\n<p><strong>P: \u00bfQu\u00e9 m\u00e9todos de env\u00edo se utilizan?<\/strong><br \/>\nCooperamos con UPS\/DHL\/FEDEX\/DPD, etc. Elegiremos la opci\u00f3n de env\u00edo adecuada seg\u00fan el pa\u00eds de entrega para asegurarnos de que reciba sus productos lo m\u00e1s r\u00e1pido posible.<\/p>\n<p><a href=\"https:\/\/pgvape.com\/es\/preguntas-frecuentes\/\">Haga clic aqu\u00ed para m\u00e1s preguntas frecuentes<\/a><\/p>\n<p>Estimados clientes: Si tienen alguna pregunta sobre su pedido o la llegada de la mercanc\u00eda, comun\u00edquese con nuestro servicio de atenci\u00f3n al cliente. \u00a1Gracias!<\/p>\n<h3 data-sourcepos=\"73:1-73:21\"><strong data-sourcepos=\"73:7-73:21\">Cont\u00e1ctenos<\/strong><\/h3>\n<div id=\"text-2419739398\" class=\"text\">\n<p><strong data-sourcepos=\"75:3-75:12\">Correo electr\u00f3nico<\/strong>:\u00a0<a href=\"mailto:support@pgvape.com\"><strong>support@pgvape.com<\/strong><\/a><\/p>\n<p><strong data-sourcepos=\"76:3-76:15\">WhatsApp<\/strong>: <a href=\"https:\/\/wa.me\/+8618128481258\"><strong>+86 18128481258<\/strong><\/a><br \/>\n<strong>(Respuesta dentro de las 24 horas en d\u00edas h\u00e1biles)<\/strong><\/p>\n<\/div>\n<h3><strong>\u00a1Gracias por elegir pgvape.com! .<\/strong><\/h3>\n<\/div>","protected":false},"excerpt":{"rendered":"<p><strong data-sourcepos=\"38:5-38:25\">Leyenda de explosi\u00f3n 150K<\/strong> establece el punto de referencia con <strong data-sourcepos=\"38:50-38:77\">150.000 caladas inigualables<\/strong>, <strong data-sourcepos=\"38:79-38:106\">flexibilidad de triple tanque<\/strong>, y <strong data-sourcepos=\"38:112-38:133\">12 sistemas de sabor<\/strong>. <strong data-sourcepos=\"38:160-38:181\">longevidad extrema<\/strong> y <strong data-sourcepos=\"38:186-38:208\">gusto personalizable<\/strong>.<\/p>","protected":false},"featured_media":4491,"comment_status":"open","ping_status":"closed","template":"","meta":{"_seopress_robots_primary_cat":"none","_seopress_titles_title":"%%post_title%% %%sep%% %%sitetitle%%","_seopress_titles_desc":"","_seopress_robots_index":""},"product_brand":[72,516],"product_cat":[368,71,515],"product_tag":[370,253,369,90,59,217],"class_list":{"0":"post-4487","1":"product","2":"type-product","3":"status-publish","4":"has-post-thumbnail","6":"product_brand-bang-legend-vape","7":"product_brand-disposable-vape","8":"product_cat-150k-puffs-vape","9":"product_cat-bang-legend-vape","10":"product_cat-disposable-vape","11":"product_tag-150k-puffs-vape","12":"product_tag-6-in-1-flavors","13":"product_tag-bang-legend-150000","14":"product_tag-disposable-vape","15":"product_tag-mouth-to-lung-mtl","16":"product_tag-smart-display-screen","18":"first","19":"instock","20":"sale","21":"shipping-taxable","22":"purchasable","23":"product-type-variable"},"_links":{"self":[{"href":"https:\/\/pgvape.com\/es\/wp-json\/wp\/v2\/product\/4487","targetHints":{"allow":["GET"]}}],"collection":[{"href":"https:\/\/pgvape.com\/es\/wp-json\/wp\/v2\/product"}],"about":[{"href":"https:\/\/pgvape.com\/es\/wp-json\/wp\/v2\/types\/product"}],"replies":[{"embeddable":true,"href":"https:\/\/pgvape.com\/es\/wp-json\/wp\/v2\/comments?post=4487"}],"wp:featuredmedia":[{"embeddable":true,"href":"https:\/\/pgvape.com\/es\/wp-json\/wp\/v2\/media\/4491"}],"wp:attachment":[{"href":"https:\/\/pgvape.com\/es\/wp-json\/wp\/v2\/media?parent=4487"}],"wp:term":[{"taxonomy":"product_brand","embeddable":true,"href":"https:\/\/pgvape.com\/es\/wp-json\/wp\/v2\/product_brand?post=4487"},{"taxonomy":"product_cat","embeddable":true,"href":"https:\/\/pgvape.com\/es\/wp-json\/wp\/v2\/product_cat?post=4487"},{"taxonomy":"product_tag","embeddable":true,"href":"https:\/\/pgvape.com\/es\/wp-json\/wp\/v2\/product_tag?post=4487"}],"curies":[{"name":"wp","href":"https:\/\/api.w.org\/{rel}","templated":true}]}}