{"id":4355,"date":"2025-10-25T08:18:45","date_gmt":"2025-10-25T08:18:45","guid":{"rendered":"https:\/\/pgvape.com\/?post_type=product&#038;p=4355"},"modified":"2026-03-26T08:03:52","modified_gmt":"2026-03-26T08:03:52","slug":"bang-leader-32000-32k-inhalaciones-sabores-duales-vape-desechable-0-2-3-5-nicotina-12-gustos-bobina-de-malla-dual-vape-directo-de-fabrica","status":"publish","type":"product","link":"https:\/\/pgvape.com\/es\/producto\/bang-leader-32000-32k-inhalaciones-sabores-duales-vape-desechable-0-2-3-5-nicotina-12-gustos-bobina-de-malla-dual-vape-directo-de-fabrica\/","title":{"rendered":"Bang Leader 32000 | 32K Puffs Vape desechable de sabores duales | 0% 2% 3% 5% Nicotina | 12Tastes | Bobina de malla doble | Vape directo de f\u00e1brica"},"content":{"rendered":"<p><strong data-sourcepos=\"4:5-4:59\">Bang Leader 32K Puffs Vape desechable de sabores duales<\/strong> redefine la versatilidad con <strong data-sourcepos=\"4:87-4:103\">32.000 bocanadas<\/strong> y un <strong data-sourcepos=\"4:110-4:129\">sistema de doble c\u00e1psula<\/strong> (28ml+28ml). <strong data-sourcepos=\"4:153-4:172\">bobinas de malla dual<\/strong> para <strong data-sourcepos=\"4:177-4:196\">sabor mejorado<\/strong>, ofrece <strong data-sourcepos=\"4:208-4:240\">Opciones de nicotina 0%\/2%\/3%\/5%<\/strong> y <strong data-sourcepos=\"4:245-4:271\">18 combinaciones de sabores<\/strong>. <strong data-sourcepos=\"4:288-4:317\">mecanismo de deslizamiento para cambiar<\/strong> permite cambios instant\u00e1neos de sabor, mientras que el <strong data-sourcepos=\"4:359-4:390\">Bater\u00eda recargable de 650 mAh.<\/strong> con <strong data-sourcepos=\"4:396-4:415\">Carga tipo C<\/strong> garantiza un uso ininterrumpido. <strong data-sourcepos=\"4:452-4:472\">10 unidades por caja<\/strong> para conveniencia minorista.<\/p>\n<p>&nbsp;<\/p>\n<h2><span style=\"font-size: 90%;\">Bang Leader 32000 | 32K sopla Vape desechable de sabores duales <strong data-sourcepos=\"6:5-6:27\">Presupuesto<\/strong><\/span><\/h2>\n<p><strong data-sourcepos=\"7:3-7:17\">Conteo de bocanadas<\/strong>:\u00a0<strong data-sourcepos=\"7:19-7:35\">32.000 bocanadas<\/strong><\/p>\n<p><strong data-sourcepos=\"8:3-8:15\">E-l\u00edquido<\/strong>:\u00a0<strong data-sourcepos=\"8:17-8:31\">56 ml en total<\/strong>\u00a0(28 ml x 2 c\u00e1psulas)<\/p>\n<p><strong data-sourcepos=\"9:3-9:15\">Nicotina<\/strong>:\u00a0<strong data-sourcepos=\"9:17-9:38\">0% \/ 2% \/ 3% \/ 5%<\/strong><\/p>\n<p><strong data-sourcepos=\"10:3-10:11\">Bobina<\/strong>:\u00a0<strong data-sourcepos=\"10:13-10:31\">Bobina de malla doble<\/strong>\u00a0(1,0 \u03a9)<\/p>\n<p><strong data-sourcepos=\"11:3-11:14\">Bater\u00eda<\/strong>:\u00a0<strong data-sourcepos=\"11:16-11:39\">capacidad, una bobina de triple malla,<\/strong><\/p>\n<p><strong data-sourcepos=\"12:3-12:15\">Cargando<\/strong>:\u00a0<strong data-sourcepos=\"12:17-12:41\">Carga r\u00e1pida tipo C<\/strong><\/p>\n<p><strong data-sourcepos=\"13:3-13:20\">Cambio de sabor<\/strong>:\u00a0<strong data-sourcepos=\"13:22-13:41\">Mecanismo deslizante<\/strong><\/p>\n<p><strong data-sourcepos=\"14:3-14:14\">Sabores<\/strong>:\u00a0<strong data-sourcepos=\"14:16-14:35\">18 combinaciones<\/strong><\/p>\n<p><strong data-sourcepos=\"15:3-15:16\">Embalaje<\/strong>:\u00a0<strong data-sourcepos=\"15:18-15:40\">10 unidades\/caja de presentaci\u00f3n<\/strong><\/p>\n<p>&nbsp;<\/p>\n<h3><span style=\"font-size: 90%;\">Bang Leader 32000 | 32K sopla Vape desechable de sabores duales <strong data-start=\"786\" data-end=\"804\" data-is-only-node=\"\">Variedad de sabores<\/strong><\/span><\/h3>\n<p>1.Hielo de sand\u00eda y menta de ar\u00e1ndanos<\/p>\n<p>2.Hielo de sand\u00eda, fresa y mango<\/p>\n<p>3.Fresa, sand\u00eda y kiwi, maracuy\u00e1 y maracuy\u00e1<\/p>\n<p>4.Helado de fresa, sand\u00eda y uva<\/p>\n<p>5.Ar\u00e1ndano, Frambuesa y Melocot\u00f3n, Mango, Sand\u00eda<\/p>\n<p>6.Ar\u00e1ndano, Sand\u00eda y Fresa Mango<\/p>\n<p>7. Hielo de ar\u00e1ndano y hielo de drag\u00f3n negro<\/p>\n<p>8.Hielo de ar\u00e1ndanos, fresa y pl\u00e1tano<\/p>\n<p>9. Sand\u00eda Red Bull y Ar\u00e1ndanos<\/p>\n<p>10.Dulces de burbujas de Red Bull y sand\u00eda<\/p>\n<p>11.Helado de fresa, kiwi y melocot\u00f3n<\/p>\n<p>12.Fresa, kiwi y manzana agria y frambuesa<\/p>\n<p>13.Helado de pl\u00e1tano y cereza de ar\u00e1ndanos<\/p>\n<p>14.Hielo de aguacate y lima lim\u00f3n<\/p>\n<p>15.Cola helada y ar\u00e1ndano cereza<\/p>\n<p>16.Hielo de pi\u00f1a y mango triple<\/p>\n<p>17. Hielo de lichi y pi\u00f1a, melocot\u00f3n y mango<\/p>\n<p>18.Mel\u00f3n dulce y frambuesa sand\u00eda<\/p>\n<p><img loading=\"lazy\" decoding=\"async\" class=\"alignnone wp-image-4366 size-full\" src=\"https:\/\/pgvape.com\/wp-content\/uploads\/2025\/10\/pgvape-Bang-Leader-32000-32k-Puffs-Dual-Flavors-Disposable-Vape-9.png\" alt=\"Doce bolsas desechables para vapeo con gradientes de colores brillantes dispuestas en una cuadr\u00edcula de 3x4, cada una etiquetada como BANG Leader 32000 puffs y combinada con \u00edconos de frutas, hielo o bebidas energ\u00e9ticas que indican sabores como sand\u00eda, ar\u00e1ndano, fresa, mango, kiwi, uva, pl\u00e1tano y Red Bull, sobre un fondo nublado de suave rosa y azul.\" width=\"1200\" height=\"1254\" srcset=\"https:\/\/pgvape.com\/wp-content\/uploads\/2025\/10\/pgvape-Bang-Leader-32000-32k-Puffs-Dual-Flavors-Disposable-Vape-9.png 1200w, https:\/\/pgvape.com\/wp-content\/uploads\/2025\/10\/pgvape-Bang-Leader-32000-32k-Puffs-Dual-Flavors-Disposable-Vape-9-344x360.png 344w, https:\/\/pgvape.com\/wp-content\/uploads\/2025\/10\/pgvape-Bang-Leader-32000-32k-Puffs-Dual-Flavors-Disposable-Vape-9-595x622.png 595w, https:\/\/pgvape.com\/wp-content\/uploads\/2025\/10\/pgvape-Bang-Leader-32000-32k-Puffs-Dual-Flavors-Disposable-Vape-9-383x400.png 383w, https:\/\/pgvape.com\/wp-content\/uploads\/2025\/10\/pgvape-Bang-Leader-32000-32k-Puffs-Dual-Flavors-Disposable-Vape-9-768x803.png 768w, https:\/\/pgvape.com\/wp-content\/uploads\/2025\/10\/pgvape-Bang-Leader-32000-32k-Puffs-Dual-Flavors-Disposable-Vape-9-11x12.png 11w, https:\/\/pgvape.com\/wp-content\/uploads\/2025\/10\/pgvape-Bang-Leader-32000-32k-Puffs-Dual-Flavors-Disposable-Vape-9-600x627.png 600w, https:\/\/pgvape.com\/wp-content\/uploads\/2025\/10\/pgvape-Bang-Leader-32000-32k-Puffs-Dual-Flavors-Disposable-Vape-9-38x40.png 38w\" sizes=\"auto, (max-width: 1200px) 100vw, 1200px\" \/><\/p>\n<p>&nbsp;<\/p>\n<h3><span style=\"font-size: 90%;\">Bang Leader 32000 | 32K sopla Vape desechable de sabores duales <strong>Video<\/strong>:<\/span><\/h3>\n<p>&nbsp;<\/p>\n<h2><span style=\"font-size: 90%;\">Preguntas frecuentes sobre Bang Leader 32000 | 32K Puffs Vape desechable de sabores duales<\/span><\/h2>\n<p data-sourcepos=\"30:1-31:102\">\u2753 <strong data-sourcepos=\"30:3-30:41\">\u00bfC\u00f3mo funciona el mecanismo deslizante?<\/strong><br \/>\n\u2705 Simplemente <strong data-sourcepos=\"31:10-31:30\">deslizar hacia la izquierda\/derecha<\/strong> para cambiar instant\u00e1neamente entre <strong data-sourcepos=\"31:59-31:74\">dos sabores<\/strong> sin cambiar de dispositivo.<\/p>\n<p data-sourcepos=\"33:1-34:91\">\u2753 <strong data-sourcepos=\"33:3-33:45\">\u00bfQu\u00e9 hace que la calidad del vapor sea superior?<\/strong><br \/>\n\u2705 <strong data-sourcepos=\"34:3-34:22\">Bobinas de malla dual<\/strong> proporcionar <strong data-sourcepos=\"34:31-34:50\">40% m\u00e1s sabor<\/strong> que los desechables est\u00e1ndar de bobina simple.<\/p>\n<p data-sourcepos=\"36:1-37:98\">\u2753 <strong data-sourcepos=\"36:3-36:38\">\u00bfCu\u00e1nto dura la bater\u00eda?<\/strong><br \/>\n\u2705 <strong data-sourcepos=\"37:3-37:21\">bater\u00eda de 650 mAh<\/strong> apoya <strong data-sourcepos=\"37:31-37:43\">5-7 d\u00edas<\/strong> de uso moderado; <strong data-sourcepos=\"37:80-37:95\">~60 minutos<\/strong>.<\/p>\n<p data-sourcepos=\"39:1-40:99\">\u2753 <strong data-sourcepos=\"39:3-39:38\">\u00bfEs esto adecuado para minoristas?<\/strong><br \/>\n\u2705 <strong data-sourcepos=\"40:3-40:41\">Llamativas cajas expositoras de 10 unidades<\/strong> con <strong data-sourcepos=\"40:47-40:74\">etiquetado de sabor premium<\/strong> maximizar el atractivo en los estantes.<\/p>\n<p>&nbsp;<\/p>\n<h3 id=\"brxe-najhln\" class=\"brxe-heading\">Preguntas frecuentes (FAQ)<\/h3>\n<div id=\"brxe-rajiac\" class=\"brxe-text\">\n<p><strong>P: \u00bfQu\u00e9 m\u00e9todos de pago aceptan?<\/strong><br \/>\nR: Aceptamos PayPal, Stripe, transferencias bancarias (compatibles con SEPA), las principales tarjetas de cr\u00e9dito (Visa, MasterCard, American Express) y pagos con criptomonedas.<\/p>\n<p><strong>P: \u00bfCu\u00e1nto tiempo lleva la preparaci\u00f3n del pedido?<\/strong><br \/>\nR: La preparaci\u00f3n del pedido demora entre 1 y 3 d\u00edas h\u00e1biles.<\/p>\n<p><strong>P: \u00bfCu\u00e1l es el tiempo de env\u00edo?<\/strong><br \/>\nR: El tiempo de env\u00edo es de 7 a 14 d\u00edas h\u00e1biles, seg\u00fan su ubicaci\u00f3n.<\/p>\n<p><strong>P: \u00bfC\u00f3mo puedo realizar un seguimiento de mi pedido?<\/strong><br \/>\nR: Despu\u00e9s del env\u00edo, recibir\u00e1 un correo electr\u00f3nico de confirmaci\u00f3n con un n\u00famero de seguimiento para realizar un seguimiento en tiempo real.<\/p>\n<p><strong>P: \u00bfCu\u00e1l es su pol\u00edtica de devoluci\u00f3n?<\/strong><br \/>\nR: Ofrecemos una pol\u00edtica de devoluci\u00f3n de 30 d\u00edas para reembolsos o cambios. .<\/p>\n<p><strong>P: \u00bfHabr\u00e1 alg\u00fan problema aduanero?<br \/>\n<\/strong>Nos encargamos de todos los procedimientos de despacho de aduanas para garantizarle una experiencia sin complicaciones. .<\/p>\n<p><strong>P: \u00bfQu\u00e9 m\u00e9todos de env\u00edo se utilizan?<\/strong><br \/>\nCooperamos con UPS\/DHL\/FEDEX\/DPD, etc. Elegiremos la opci\u00f3n de env\u00edo adecuada seg\u00fan el pa\u00eds de entrega para asegurarnos de que reciba sus productos lo m\u00e1s r\u00e1pido posible.<\/p>\n<p><a href=\"https:\/\/pgvape.com\/es\/preguntas-frecuentes\/\">Haga clic aqu\u00ed para m\u00e1s preguntas frecuentes<\/a><\/p>\n<p>Estimados clientes: Si tienen alguna pregunta sobre su pedido o la llegada de la mercanc\u00eda, comun\u00edquese con nuestro servicio de atenci\u00f3n al cliente. \u00a1Gracias!<\/p>\n<h3 data-sourcepos=\"73:1-73:21\"><strong data-sourcepos=\"73:7-73:21\">Cont\u00e1ctenos<\/strong><\/h3>\n<div id=\"text-2419739398\" class=\"text\">\n<p><strong data-sourcepos=\"75:3-75:12\">Correo electr\u00f3nico<\/strong>:\u00a0<a href=\"mailto:support@pgvape.com\"><strong>support@pgvape.com<\/strong><\/a><\/p>\n<p><strong data-sourcepos=\"76:3-76:15\">WhatsApp<\/strong>: <a href=\"https:\/\/wa.me\/+8618128481258\"><strong>+86 18128481258<\/strong><\/a><br \/>\n<strong>(Respuesta dentro de las 24 horas en d\u00edas h\u00e1biles)<\/strong><\/p>\n<\/div>\n<h3><strong>\u00a1Gracias por elegir pgvape.com! .<\/strong><\/h3>\n<\/div>","protected":false},"excerpt":{"rendered":"<p><strong data-sourcepos=\"43:5-43:30\">Bang Leader 32K bocanadas<\/strong> combina <strong data-sourcepos=\"43:40-43:70\">capacidad extendida de doble c\u00e1psula<\/strong>, <strong data-sourcepos=\"43:72-43:100\">cambio de sabor instant\u00e1neo<\/strong>, y <strong data-sourcepos=\"43:106-43:139\">Rendimiento de bobina de malla premium<\/strong> con <strong data-sourcepos=\"43:145-43:164\">18 pares de sabores<\/strong> para m\u00e1xima versatilidad de vapeo.<\/p>","protected":false},"featured_media":4358,"comment_status":"open","ping_status":"closed","template":"","meta":{"_seopress_robots_primary_cat":"none","_seopress_titles_title":"%%post_title%% %%sep%% %%sitetitle%%","_seopress_titles_desc":"","_seopress_robots_index":""},"product_brand":[54,516],"product_cat":[362,32,515],"product_tag":[364,363,90,66,257,81],"class_list":{"0":"post-4355","1":"product","2":"type-product","3":"status-publish","4":"has-post-thumbnail","6":"product_brand-bang-leader-vape","7":"product_brand-disposable-vape","8":"product_cat-32k-puffs-vape","9":"product_cat-bang-leader-vape","10":"product_cat-disposable-vape","11":"product_tag-32k-puffs-vape","12":"product_tag-bang-leader-32000","13":"product_tag-disposable-vape","14":"product_tag-dual-flavors","15":"product_tag-dual-mesh-coil","16":"product_tag-mouth-to-lung","18":"first","19":"instock","20":"sale","21":"shipping-taxable","22":"purchasable","23":"product-type-variable"},"_links":{"self":[{"href":"https:\/\/pgvape.com\/es\/wp-json\/wp\/v2\/product\/4355","targetHints":{"allow":["GET"]}}],"collection":[{"href":"https:\/\/pgvape.com\/es\/wp-json\/wp\/v2\/product"}],"about":[{"href":"https:\/\/pgvape.com\/es\/wp-json\/wp\/v2\/types\/product"}],"replies":[{"embeddable":true,"href":"https:\/\/pgvape.com\/es\/wp-json\/wp\/v2\/comments?post=4355"}],"wp:featuredmedia":[{"embeddable":true,"href":"https:\/\/pgvape.com\/es\/wp-json\/wp\/v2\/media\/4358"}],"wp:attachment":[{"href":"https:\/\/pgvape.com\/es\/wp-json\/wp\/v2\/media?parent=4355"}],"wp:term":[{"taxonomy":"product_brand","embeddable":true,"href":"https:\/\/pgvape.com\/es\/wp-json\/wp\/v2\/product_brand?post=4355"},{"taxonomy":"product_cat","embeddable":true,"href":"https:\/\/pgvape.com\/es\/wp-json\/wp\/v2\/product_cat?post=4355"},{"taxonomy":"product_tag","embeddable":true,"href":"https:\/\/pgvape.com\/es\/wp-json\/wp\/v2\/product_tag?post=4355"}],"curies":[{"name":"wp","href":"https:\/\/api.w.org\/{rel}","templated":true}]}}