{"id":4206,"date":"2025-10-24T10:26:52","date_gmt":"2025-10-24T10:26:52","guid":{"rendered":"https:\/\/pgvape.com\/?post_type=product&#038;p=4206"},"modified":"2026-01-27T11:34:35","modified_gmt":"2026-01-27T11:34:35","slug":"bang-king-25000-25k-soplos-doble-almacen-vape-desechable-tipo-c-recarga-vape-fabrica-directa","status":"publish","type":"product","link":"https:\/\/pgvape.com\/es\/producto\/bang-king-25000-25k-soplos-doble-almacen-vape-desechable-tipo-c-recarga-vape-fabrica-directa\/","title":{"rendered":"Bang King 25000 25K sopla el tipo-c disponible f\u00e1brica doble de Vape de Warehouse directo de Vape de la recarga"},"content":{"rendered":"<p><strong data-sourcepos=\"4:5-4:67\">Bang King 25000 inhalaciones de doble almac\u00e9n Vape Pod desechable<\/strong> entrega <strong data-sourcepos=\"4:77-4:109\">satisfacci\u00f3n extendida del vapeo<\/strong> con su <strong data-sourcepos=\"4:119-4:138\">sistema de doble c\u00e1psula<\/strong> y <strong data-sourcepos=\"4:143-4:167\">Capacidad para 25.000 caladas.<\/strong>. <strong data-sourcepos=\"4:179-4:220\">dos c\u00e1psulas precargadas de 23 ml (46 ml en total)<\/strong>, <strong data-sourcepos=\"4:222-4:242\">Bobina de malla de 1.0ohm<\/strong>, y <strong data-sourcepos=\"4:248-4:279\">Bater\u00eda recargable de 650 mAh.<\/strong>, ofrece <strong data-sourcepos=\"4:291-4:323\">Opciones de nicotina 0%\/2%\/3%\/5%<\/strong> para vapeo personalizado. <strong data-sourcepos=\"4:351-4:375\">Puerto de carga tipo C<\/strong> asegura encendidos convenientes.<\/p>\n<p>&nbsp;<\/p>\n<h2><span style=\"font-size: 90%;\">Especificaciones del producto Bang King 25000 | 25K Puffs Double Warehouse Vape desechable<\/span><\/h2>\n<p><strong data-sourcepos=\"7:3-7:17\">Recuento de bocanadas<\/strong>: 25.000 bocanadas<\/p>\n<p><strong data-sourcepos=\"8:3-8:24\">Capacidad de e-l\u00edquido<\/strong>: 46ml (23ml x 2 c\u00e1psulas)<\/p>\n<p><strong data-sourcepos=\"9:3-9:11\">Bobina<\/strong>: Bobina de malla de 1.0ohm<\/p>\n<p><strong data-sourcepos=\"10:3-10:25\">Puntos fuertes de la nicotina<\/strong>: 0%\/2%\/3%\/5%<\/p>\n<p><strong data-sourcepos=\"11:3-11:14\">Bater\u00eda<\/strong>: 650 mAh recargable<\/p>\n<p><strong data-sourcepos=\"12:3-12:15\">Cargando<\/strong>: Puerto tipo C<\/p>\n<p><strong data-sourcepos=\"13:3-13:17\">sistema de c\u00e1psulas<\/strong>: Vainas dobles precargadas<\/p>\n<p><strong data-sourcepos=\"14:3-14:21\">Opciones de sabor<\/strong>: 12 variedades<\/p>\n<p>&nbsp;<\/p>\n<h3><span style=\"font-size: 90%;\">Selecci\u00f3n disponible del sabor de Vape de Warehouse del doble de los soplos 25K del rey 25000 | de la explosi\u00f3n<\/span><\/h3>\n<p><strong data-sourcepos=\"17:4-17:21\">1. Hielo azul Razz<\/strong><\/p>\n<p><strong data-sourcepos=\"18:4-18:23\">2.Hielo de melocot\u00f3n jugoso<\/strong><\/p>\n<p><strong data-sourcepos=\"19:4-19:29\">3.Sand\u00eda Fresa<\/strong><\/p>\n<p><strong data-sourcepos=\"20:4-20:22\">4.Hielo de sand\u00eda<\/strong><\/p>\n<p><strong data-sourcepos=\"21:4-21:25\">5.Pl\u00e1tano Fresa<\/strong><\/p>\n<p><strong data-sourcepos=\"22:4-22:22\">6.Hielo de manzana agria<\/strong><\/p>\n<p><strong data-sourcepos=\"23:4-23:24\">7. Hielo de triple baya<\/strong><\/p>\n<p><strong data-sourcepos=\"24:4-24:22\">8.Frutas tropicales<\/strong><\/p>\n<p><strong data-sourcepos=\"25:4-25:19\">9. Bomba de cereza<\/strong><\/p>\n<p><strong data-sourcepos=\"26:5-26:18\">10.Hielo de uva<\/strong><\/p>\n<p><strong data-sourcepos=\"27:5-27:20\">11.Mango melocot\u00f3n<\/strong><\/p>\n<p><strong data-sourcepos=\"28:5-28:25\">12. Mango de fresa<\/strong><\/p>\n<p>&nbsp;<\/p>\n<p><img loading=\"lazy\" decoding=\"async\" class=\"alignnone wp-image-4211 size-full\" src=\"https:\/\/pgvape.com\/wp-content\/uploads\/2025\/10\/pgvape-Bang-King-25000-Puffs-Double-Warehouse-Disposable-Vape-3.png\" alt=\"\" width=\"1200\" height=\"773\" srcset=\"https:\/\/pgvape.com\/wp-content\/uploads\/2025\/10\/pgvape-Bang-King-25000-Puffs-Double-Warehouse-Disposable-Vape-3.png 1200w, https:\/\/pgvape.com\/wp-content\/uploads\/2025\/10\/pgvape-Bang-King-25000-Puffs-Double-Warehouse-Disposable-Vape-3-555x358.png 555w, https:\/\/pgvape.com\/wp-content\/uploads\/2025\/10\/pgvape-Bang-King-25000-Puffs-Double-Warehouse-Disposable-Vape-3-595x383.png 595w, https:\/\/pgvape.com\/wp-content\/uploads\/2025\/10\/pgvape-Bang-King-25000-Puffs-Double-Warehouse-Disposable-Vape-3-400x258.png 400w, https:\/\/pgvape.com\/wp-content\/uploads\/2025\/10\/pgvape-Bang-King-25000-Puffs-Double-Warehouse-Disposable-Vape-3-768x495.png 768w, https:\/\/pgvape.com\/wp-content\/uploads\/2025\/10\/pgvape-Bang-King-25000-Puffs-Double-Warehouse-Disposable-Vape-3-18x12.png 18w, https:\/\/pgvape.com\/wp-content\/uploads\/2025\/10\/pgvape-Bang-King-25000-Puffs-Double-Warehouse-Disposable-Vape-3-600x387.png 600w, https:\/\/pgvape.com\/wp-content\/uploads\/2025\/10\/pgvape-Bang-King-25000-Puffs-Double-Warehouse-Disposable-Vape-3-60x40.png 60w\" sizes=\"auto, (max-width: 1200px) 100vw, 1200px\" \/><\/p>\n<p>&nbsp;<\/p>\n<h3><span style=\"font-size: 90%;\">Video de Vape desechable Bang King 25000 | 25K Puffs Double Warehouse:<\/span><\/h3>\n<p>&nbsp;<\/p>\n<h2><span style=\"font-size: 90%;\">Preguntas frecuentes sobre Bang King 25000 | 25K Puffs Double Warehouse Vape desechable<\/span><\/h2>\n<p data-sourcepos=\"31:1-32:87\">\u2753 <strong data-sourcepos=\"31:3-31:41\">\u00bfC\u00f3mo funciona el sistema de doble m\u00f3dulo?<\/strong><br \/>\n\u2705 Caracter\u00edsticas <strong data-sourcepos=\"32:12-32:40\">dos c\u00e1psulas precargadas de 23 ml<\/strong> para <strong data-sourcepos=\"32:45-32:61\">uso extendido<\/strong> y <strong data-sourcepos=\"32:66-32:84\">variedad de sabor<\/strong>.<\/p>\n<p data-sourcepos=\"34:1-35:74\">\u2753 <strong data-sourcepos=\"34:3-34:48\">\u00bfQu\u00e9 hace que la calidad del vapor sea excepcional?<\/strong><br \/>\n\u2705 <strong data-sourcepos=\"35:3-35:23\">Bobina de malla de 1.0ohm<\/strong> entrega <strong data-sourcepos=\"35:33-35:71\">producci\u00f3n de vapor suave y sabroso<\/strong>.<\/p>\n<p data-sourcepos=\"37:1-38:75\">\u2753 <strong data-sourcepos=\"37:3-37:38\">\u00bfCu\u00e1nto dura la bater\u00eda?<\/strong><br \/>\n\u2705 <strong data-sourcepos=\"38:3-38:34\">Bater\u00eda recargable de 650 mAh.<\/strong> apoya <strong data-sourcepos=\"38:44-38:72\">sesiones extendidas de vapeo<\/strong>.<\/p>\n<p data-sourcepos=\"40:1-41:66\">\u2753 <strong data-sourcepos=\"40:3-40:28\">\u00bfEs f\u00e1cil de cargar?<\/strong><br \/>\n\u2705 <strong data-sourcepos=\"41:3-41:22\">Carga tipo C<\/strong> proporciona <strong data-sourcepos=\"41:32-41:63\">potenciadores r\u00e1pidos y convenientes<\/strong>.<\/p>\n<p data-sourcepos=\"43:1-44:52\">\u2753 <strong data-sourcepos=\"43:3-43:43\">\u00bfQu\u00e9 opciones de nicotina est\u00e1n disponibles?<br \/>\n<\/strong> \u2705 Elige entre <strong data-sourcepos=\"44:15-44:49\">0%\/2%\/3%\/5% puntos fuertes de nicotina<\/strong>.<\/p>\n<p>&nbsp;<\/p>\n<h3 id=\"brxe-najhln\" class=\"brxe-heading\">Preguntas frecuentes (FAQ)<\/h3>\n<div id=\"brxe-rajiac\" class=\"brxe-text\">\n<p><strong>P: \u00bfQu\u00e9 m\u00e9todos de pago aceptan?<\/strong><br \/>\nR: Aceptamos PayPal, Stripe, transferencias bancarias (compatibles con SEPA), las principales tarjetas de cr\u00e9dito (Visa, MasterCard, American Express) y pagos con criptomonedas.<\/p>\n<p><strong>P: \u00bfCu\u00e1nto tiempo lleva la preparaci\u00f3n del pedido?<\/strong><br \/>\nR: La preparaci\u00f3n del pedido demora entre 1 y 3 d\u00edas h\u00e1biles.<\/p>\n<p><strong>P: \u00bfCu\u00e1l es el tiempo de env\u00edo?<\/strong><br \/>\nR: El tiempo de env\u00edo es de 7 a 14 d\u00edas h\u00e1biles, seg\u00fan su ubicaci\u00f3n.<\/p>\n<p><strong>P: \u00bfC\u00f3mo puedo realizar un seguimiento de mi pedido?<\/strong><br \/>\nR: Despu\u00e9s del env\u00edo, recibir\u00e1 un correo electr\u00f3nico de confirmaci\u00f3n con un n\u00famero de seguimiento para realizar un seguimiento en tiempo real.<\/p>\n<p><strong>P: \u00bfCu\u00e1l es su pol\u00edtica de devoluci\u00f3n?<\/strong><br \/>\nR: Ofrecemos una pol\u00edtica de devoluci\u00f3n de 30 d\u00edas para reembolsos o cambios. .<\/p>\n<p><strong>P: \u00bfHabr\u00e1 alg\u00fan problema aduanero?<br \/>\n<\/strong>Nos encargamos de todos los procedimientos de despacho de aduanas para garantizarle una experiencia sin complicaciones. .<\/p>\n<p><strong>P: \u00bfQu\u00e9 m\u00e9todos de env\u00edo se utilizan?<\/strong><br \/>\nCooperamos con UPS\/DHL\/FEDEX\/DPD, etc. Elegiremos la opci\u00f3n de env\u00edo adecuada seg\u00fan el pa\u00eds de entrega para asegurarnos de que reciba sus productos lo m\u00e1s r\u00e1pido posible.<\/p>\n<p><a href=\"https:\/\/pgvape.com\/es\/preguntas-frecuentes\/\">Haga clic aqu\u00ed para m\u00e1s preguntas frecuentes<\/a><\/p>\n<p>Estimados clientes: Si tienen alguna pregunta sobre su pedido o la llegada de la mercanc\u00eda, comun\u00edquese con nuestro servicio de atenci\u00f3n al cliente. \u00a1Gracias!<\/p>\n<h3 data-sourcepos=\"73:1-73:21\"><strong data-sourcepos=\"73:7-73:21\">Cont\u00e1ctenos<\/strong><\/h3>\n<div id=\"text-2419739398\" class=\"text\">\n<p><strong data-sourcepos=\"75:3-75:12\">Correo electr\u00f3nico<\/strong>:\u00a0<a href=\"mailto:support@pgvape.com\"><strong>support@pgvape.com<\/strong><\/a><\/p>\n<p><strong data-sourcepos=\"76:3-76:15\">WhatsApp<\/strong>: <a href=\"https:\/\/wa.me\/+8618128481258\"><strong>+86 18128481258<\/strong><\/a><br \/>\n<strong>(Respuesta dentro de las 24 horas en d\u00edas h\u00e1biles)<\/strong><\/p>\n<\/div>\n<h3><strong>\u00a1Gracias por elegir pgvape.com! .<\/strong><\/h3>\n<\/div>","protected":false},"excerpt":{"rendered":"<p><strong data-sourcepos=\"47:5-47:30\">Bang King 25000 bocanadas<\/strong> ofertas <strong data-sourcepos=\"47:38-47:62\">conveniencia de doble c\u00e1psula<\/strong>, <strong data-sourcepos=\"47:64-47:90\">capacidad extendida de 46 ml<\/strong>, y <strong data-sourcepos=\"47:96-47:120\">tecnolog\u00eda de bobina de malla<\/strong> con <strong data-sourcepos=\"47:126-47:147\">12 opciones de sabor<\/strong> para una experiencia de vapeo satisfactoria.<\/p>","protected":false},"featured_media":4209,"comment_status":"open","ping_status":"closed","template":"","meta":{"_seopress_robots_primary_cat":"none","_seopress_titles_title":"%%post_title%% %%sep%% %%sitetitle%%","_seopress_titles_desc":"","_seopress_robots_index":""},"product_brand":[19,516],"product_cat":[94,18,515],"product_tag":[351,350,90,322,352,81],"class_list":{"0":"post-4206","1":"product","2":"type-product","3":"status-publish","4":"has-post-thumbnail","6":"product_brand-bang-king-vape","7":"product_brand-disposable-vape","8":"product_cat-25k-puffs-vape","9":"product_cat-bang-king-vape","10":"product_cat-disposable-vape","11":"product_tag-25k-puffs-vape","12":"product_tag-bang-king-25000","13":"product_tag-disposable-vape","14":"product_tag-double-warehouse","15":"product_tag-dual-pod","16":"product_tag-mouth-to-lung","18":"first","19":"instock","20":"sale","21":"shipping-taxable","22":"purchasable","23":"product-type-variable"},"_links":{"self":[{"href":"https:\/\/pgvape.com\/es\/wp-json\/wp\/v2\/product\/4206","targetHints":{"allow":["GET"]}}],"collection":[{"href":"https:\/\/pgvape.com\/es\/wp-json\/wp\/v2\/product"}],"about":[{"href":"https:\/\/pgvape.com\/es\/wp-json\/wp\/v2\/types\/product"}],"replies":[{"embeddable":true,"href":"https:\/\/pgvape.com\/es\/wp-json\/wp\/v2\/comments?post=4206"}],"wp:featuredmedia":[{"embeddable":true,"href":"https:\/\/pgvape.com\/es\/wp-json\/wp\/v2\/media\/4209"}],"wp:attachment":[{"href":"https:\/\/pgvape.com\/es\/wp-json\/wp\/v2\/media?parent=4206"}],"wp:term":[{"taxonomy":"product_brand","embeddable":true,"href":"https:\/\/pgvape.com\/es\/wp-json\/wp\/v2\/product_brand?post=4206"},{"taxonomy":"product_cat","embeddable":true,"href":"https:\/\/pgvape.com\/es\/wp-json\/wp\/v2\/product_cat?post=4206"},{"taxonomy":"product_tag","embeddable":true,"href":"https:\/\/pgvape.com\/es\/wp-json\/wp\/v2\/product_tag?post=4206"}],"curies":[{"name":"wp","href":"https:\/\/api.w.org\/{rel}","templated":true}]}}