{"id":4111,"date":"2025-10-23T13:13:05","date_gmt":"2025-10-23T13:13:05","guid":{"rendered":"https:\/\/pgvape.com\/?post_type=product&#038;p=4111"},"modified":"2026-01-27T11:52:38","modified_gmt":"2026-01-27T11:52:38","slug":"uor-120000-120k-sopla-4-en-1-sabores-desechables-vape-vape-directo-de-fabrica","status":"publish","type":"product","link":"https:\/\/pgvape.com\/es\/producto\/uor-120000-120k-sopla-4-en-1-sabores-desechables-vape-vape-directo-de-fabrica\/","title":{"rendered":"UOR 120000 120k sopla 4 en 1 sabores desechables Vape-Vape directo de f\u00e1brica"},"content":{"rendered":"<p><strong data-sourcepos=\"6:5-6:46\">UOR 120000 120K sopla Vape disponible<\/strong> redefine el vapeo con <strong data-sourcepos=\"6:69-6:97\">120.000 bocanadas ultralargas<\/strong> y <strong data-sourcepos=\"6:102-6:126\">4 sabores ajustables<\/strong> en un solo dispositivo. <strong data-sourcepos=\"6:154-6:180\">Capacidad de e-l\u00edquido de 64 ml.<\/strong> (tanques de 16 ml \u00d7 4) y <strong data-sourcepos=\"6:200-6:231\">Bater\u00eda recargable de 650 mAh.<\/strong>, entrega <strong data-sourcepos=\"6:245-6:267\">vapor rico y suave<\/strong> a trav\u00e9s de su <strong data-sourcepos=\"6:276-6:289\">bobina de malla<\/strong> tecnolog\u00eda. <strong data-sourcepos=\"6:306-6:321\">pantalla LED<\/strong> rastrea la duraci\u00f3n y el uso de la bater\u00eda, mientras <strong data-sourcepos=\"6:359-6:383\">Carga r\u00e1pida tipo C<\/strong> asegura encendidos r\u00e1pidos. <strong data-sourcepos=\"6:421-6:451\">10 cuartetos de sabores premium<\/strong> con <strong data-sourcepos=\"6:457-6:478\">Nicotina 2% o 5%<\/strong> opciones para una satisfacci\u00f3n personalizada.<img loading=\"lazy\" decoding=\"async\" class=\"alignnone wp-image-4115 size-full\" src=\"https:\/\/pgvape.com\/wp-content\/uploads\/2025\/10\/pgvape-UOR-120000-120k-Puffs-4-in-1-Flavors-Disposable-Vape-2.png\" alt=\"Conjunto de coloridos dispositivos de vapeo rectangulares con etiquetas de simios de dibujos animados y tapas multicolores brillantes dispuestas sobre plataformas en colores pastel sobre un fondo amarillo intenso, acompa\u00f1adas de texto en negrita &#039;120K&#039; y &#039;4in1&#039; y peque\u00f1os \u00edconos de productos a la izquierda.\" width=\"1500\" height=\"750\" srcset=\"https:\/\/pgvape.com\/wp-content\/uploads\/2025\/10\/pgvape-UOR-120000-120k-Puffs-4-in-1-Flavors-Disposable-Vape-2.png 1500w, https:\/\/pgvape.com\/wp-content\/uploads\/2025\/10\/pgvape-UOR-120000-120k-Puffs-4-in-1-Flavors-Disposable-Vape-2-555x278.png 555w, https:\/\/pgvape.com\/wp-content\/uploads\/2025\/10\/pgvape-UOR-120000-120k-Puffs-4-in-1-Flavors-Disposable-Vape-2-595x298.png 595w, https:\/\/pgvape.com\/wp-content\/uploads\/2025\/10\/pgvape-UOR-120000-120k-Puffs-4-in-1-Flavors-Disposable-Vape-2-400x200.png 400w, https:\/\/pgvape.com\/wp-content\/uploads\/2025\/10\/pgvape-UOR-120000-120k-Puffs-4-in-1-Flavors-Disposable-Vape-2-768x384.png 768w, https:\/\/pgvape.com\/wp-content\/uploads\/2025\/10\/pgvape-UOR-120000-120k-Puffs-4-in-1-Flavors-Disposable-Vape-2-18x9.png 18w, https:\/\/pgvape.com\/wp-content\/uploads\/2025\/10\/pgvape-UOR-120000-120k-Puffs-4-in-1-Flavors-Disposable-Vape-2-600x300.png 600w, https:\/\/pgvape.com\/wp-content\/uploads\/2025\/10\/pgvape-UOR-120000-120k-Puffs-4-in-1-Flavors-Disposable-Vape-2-60x30.png 60w\" sizes=\"auto, (max-width: 1500px) 100vw, 1500px\" \/><\/p>\n<p>&nbsp;<\/p>\n<h2><span style=\"font-size: 90%;\">UOR 120000 | 120k sopla 4 en 1 sabores Vape disponible <strong data-sourcepos=\"10:5-10:31\">Especificaciones del producto<\/strong><\/span><\/h2>\n<p><strong data-sourcepos=\"11:3-11:17\">Recuento de bocanadas<\/strong>:\u00a0<strong data-sourcepos=\"11:19-11:36\">120.000 bocanadas<\/strong><\/p>\n<p><strong data-sourcepos=\"12:3-12:15\">E-l\u00edquido<\/strong>:\u00a0<strong data-sourcepos=\"12:17-12:48\">16 ml \u00d7 4 tanques (64 ml en total)<\/strong><\/p>\n<p><strong data-sourcepos=\"13:3-13:15\">Nicotina<\/strong>:\u00a0<strong data-sourcepos=\"13:17-13:28\">2% \/ 5%<\/strong><\/p>\n<p><strong data-sourcepos=\"14:3-14:14\">Bater\u00eda<\/strong>:\u00a0<strong data-sourcepos=\"14:16-14:39\">capacidad, una bobina de triple malla,<\/strong><\/p>\n<p><strong data-sourcepos=\"15:3-15:11\">Bobina<\/strong>:\u00a0<strong data-sourcepos=\"15:13-15:26\">Bobina de malla<\/strong><\/p>\n<p><strong data-sourcepos=\"16:3-16:15\">Cargando<\/strong>:\u00a0<strong data-sourcepos=\"16:17-16:41\">Carga r\u00e1pida tipo C<\/strong><\/p>\n<p><strong data-sourcepos=\"17:3-17:14\">Mostrar<\/strong>:\u00a0<strong data-sourcepos=\"17:16-17:30\">pantalla LED<\/strong>\u00a0(modo bater\u00eda\/recuento de caladas\/sabor)<\/p>\n<p><strong data-sourcepos=\"18:3-18:19\">Modos de sabor<\/strong>:\u00a0<strong data-sourcepos=\"18:21-18:45\">4 sabores ajustables<\/strong><\/p>\n<p><strong data-sourcepos=\"19:3-19:16\">Embalaje<\/strong>:\u00a0<strong data-sourcepos=\"19:18-19:32\">10 unidades\/caja<\/strong><\/p>\n<p>&nbsp;<\/p>\n<h3><span style=\"font-size: 90%;\">UOR 120000 | 120k sopla 4 en 1 sabores Vape disponible <strong data-sourcepos=\"23:5-23:24\">Cuartetos de sabores<\/strong><\/span><\/h3>\n<p><strong data-sourcepos=\"24:4-24:100\">1.Hielo de sand\u00eda \/ Menta de ar\u00e1ndanos \/ Hielo de manzana Fuji \/ Menta de lima \/ Hielo de manzana Fuji \/ Romance de lima<\/strong><\/p>\n<p><strong data-sourcepos=\"25:4-25:78\">2.Hielo de sand\u00eda \/ Cereza de ar\u00e1ndano \/ Horario de verano \/ Pi\u00f1a de mango agrio<\/strong><\/p>\n<p><strong data-sourcepos=\"27:4-27:69\">3. Hielo de ar\u00e1ndano \/ Hielo de melocot\u00f3n \/ Caramelo arco\u00edris \/ Naranja agria de lim\u00f3n<\/strong><\/p>\n<p><strong data-sourcepos=\"28:4-28:75\">4. Hielo de ar\u00e1ndano \/ Melocot\u00f3n, mango y sand\u00eda \/ Beso de pasi\u00f3n \/ Mel\u00f3n y manzana<\/strong><\/p>\n<p><strong data-sourcepos=\"29:4-29:83\">5.Ar\u00e1ndano, frambuesa, bayas mixtas, cereza de California, mango de maracuy\u00e1<\/strong><\/p>\n<p><strong data-sourcepos=\"30:4-30:70\">6. Frambuesa de ar\u00e1ndanos \/ Hielo de uva \/ Hielo de bayas \/ Mel\u00f3n de aloe mango<\/strong><\/p>\n<p><strong data-sourcepos=\"31:4-31:79\">7.Bebida energ\u00e9tica \/ Ar\u00e1ndano, Sand\u00eda \/ Manzana agria y Frambuesa \/ Osito de goma<\/strong><\/p>\n<p><strong data-sourcepos=\"32:4-32:71\">8. Mango de fresa \/ Chicle de sand\u00eda \/ Mojito rojo \/ Love 66<\/strong><\/p>\n<p><strong data-sourcepos=\"33:4-33:74\">9.Sand\u00eda Fresa \/ Hielo Negro \/ Mel\u00f3n Triple \/ Uva Ar\u00e1ndano<\/strong><\/p>\n<p><strong data-sourcepos=\"34:5-34:93\">10.Sand\u00eda Fresa \/ Kiwi Maracuy\u00e1 Guayaba \/ Helado De Mango \/ Melocot\u00f3n Agrio De Sand\u00eda<img loading=\"lazy\" decoding=\"async\" class=\"alignnone wp-image-4118 size-full\" src=\"https:\/\/pgvape.com\/wp-content\/uploads\/2025\/10\/pgvape-UOR-120000-120k-Puffs-4-in-1-Flavors-Disposable-Vape-5.png\" alt=\"\" width=\"1500\" height=\"1217\" srcset=\"https:\/\/pgvape.com\/wp-content\/uploads\/2025\/10\/pgvape-UOR-120000-120k-Puffs-4-in-1-Flavors-Disposable-Vape-5.png 1500w, https:\/\/pgvape.com\/wp-content\/uploads\/2025\/10\/pgvape-UOR-120000-120k-Puffs-4-in-1-Flavors-Disposable-Vape-5-444x360.png 444w, https:\/\/pgvape.com\/wp-content\/uploads\/2025\/10\/pgvape-UOR-120000-120k-Puffs-4-in-1-Flavors-Disposable-Vape-5-595x483.png 595w, https:\/\/pgvape.com\/wp-content\/uploads\/2025\/10\/pgvape-UOR-120000-120k-Puffs-4-in-1-Flavors-Disposable-Vape-5-400x325.png 400w, https:\/\/pgvape.com\/wp-content\/uploads\/2025\/10\/pgvape-UOR-120000-120k-Puffs-4-in-1-Flavors-Disposable-Vape-5-768x623.png 768w, https:\/\/pgvape.com\/wp-content\/uploads\/2025\/10\/pgvape-UOR-120000-120k-Puffs-4-in-1-Flavors-Disposable-Vape-5-15x12.png 15w, https:\/\/pgvape.com\/wp-content\/uploads\/2025\/10\/pgvape-UOR-120000-120k-Puffs-4-in-1-Flavors-Disposable-Vape-5-600x487.png 600w, https:\/\/pgvape.com\/wp-content\/uploads\/2025\/10\/pgvape-UOR-120000-120k-Puffs-4-in-1-Flavors-Disposable-Vape-5-49x40.png 49w\" sizes=\"auto, (max-width: 1500px) 100vw, 1500px\" \/><\/strong><\/p>\n<p>&nbsp;<\/p>\n<h3><span style=\"font-size: 90%;\">UOR 120000 | 120k Puffs 4 en 1 Sabores Video de Vape desechable:<br \/>\n<\/span><\/h3>\n<p><iframe loading=\"lazy\" title=\"UOR 120000 | 120k Puffs 4 en 1 sabores Vape desechable | 10Tastes | con pantalla LED pgvape\" width=\"563\" height=\"1000\" src=\"https:\/\/www.youtube.com\/embed\/VymLw_XwTJ8?feature=oembed\" frameborder=\"0\" allow=\"accelerometer; autoplay; clipboard-write; encrypted-media; gyroscope; picture-in-picture; web-share\" referrerpolicy=\"strict-origin-when-cross-origin\" allowfullscreen><\/iframe><\/p>\n<p>&nbsp;<\/p>\n<h2><span style=\"font-size: 90%;\">Preguntas frecuentes sobre UOR 120000 | 120k Puffs 4 en 1 sabores Vape desechable<\/span><\/h2>\n<p data-sourcepos=\"39:1-40:94\">\u2753 <strong data-sourcepos=\"39:3-39:41\">\u00bfC\u00f3mo funciona el sistema de 4 sabores?<\/strong><br \/>\n\u2705 Girar a trav\u00e9s <strong data-sourcepos=\"40:18-40:41\">cuatro sabores preestablecidos<\/strong> con solo presionar un bot\u00f3n o cambiar autom\u00e1ticamente.<\/p>\n<p data-sourcepos=\"42:1-43:95\">\u2753 <strong data-sourcepos=\"42:3-42:34\">\u00bfQu\u00e9 garantiza la calidad del vapor?<\/strong><br \/>\n\u2705 El <strong data-sourcepos=\"43:7-43:20\">bobina de malla<\/strong> proporciona <strong data-sourcepos=\"43:30-43:49\">30% m\u00e1s sabor<\/strong> y <strong data-sourcepos=\"43:54-43:72\">sorteos m\u00e1s suaves<\/strong> que las bobinas est\u00e1ndar.<\/p>\n<p data-sourcepos=\"45:1-46:90\">\u2753 <strong data-sourcepos=\"45:3-45:38\">\u00bfCu\u00e1nto dura la bater\u00eda?<\/strong><br \/>\n\u2705 <strong data-sourcepos=\"46:3-46:21\">bater\u00eda de 650 mAh<\/strong> apoya <strong data-sourcepos=\"46:31-46:46\">dias de uso<\/strong>; <strong data-sourcepos=\"46:48-46:58\">Tipo C<\/strong> recargas en <strong data-sourcepos=\"46:72-46:87\">~50 minutos<\/strong>.<\/p>\n<p data-sourcepos=\"48:1-49:87\">\u2753 <strong data-sourcepos=\"48:3-48:36\">\u00bfEs adecuado para minoristas?<\/strong><br \/>\n\u2705 <strong data-sourcepos=\"49:3-49:25\">embalaje de 10 piezas<\/strong> y <strong data-sourcepos=\"49:30-49:49\">alto recuento de bocanadas<\/strong> lo hace ideal para venta minorista\/mayorista.<\/p>\n<p data-sourcepos=\"51:1-52:92\">\u2753 <strong data-sourcepos=\"51:3-51:25\">\u00bfPuedo realizar un seguimiento del uso?<br \/>\n<\/strong> \u2705 El <strong data-sourcepos=\"52:7-52:22\">pantalla LED<\/strong> muestra <strong data-sourcepos=\"52:29-52:50\">bater\u00eda en tiempo real<\/strong>, <strong data-sourcepos=\"52:52-52:66\">recuento de bocanadas<\/strong>, y <strong data-sourcepos=\"52:72-52:89\">sabor activo<\/strong>.<\/p>\n<p>&nbsp;<\/p>\n<h3 id=\"brxe-najhln\" class=\"brxe-heading\">Preguntas frecuentes (FAQ)<\/h3>\n<div id=\"brxe-rajiac\" class=\"brxe-text\">\n<p><strong>P: \u00bfQu\u00e9 m\u00e9todos de pago aceptan?<\/strong><br \/>\nR: Aceptamos PayPal, Stripe, transferencias bancarias (compatibles con SEPA), las principales tarjetas de cr\u00e9dito (Visa, MasterCard, American Express) y pagos con criptomonedas.<\/p>\n<p><strong>P: \u00bfCu\u00e1nto tiempo lleva la preparaci\u00f3n del pedido?<\/strong><br \/>\nR: La preparaci\u00f3n del pedido demora entre 1 y 3 d\u00edas h\u00e1biles.<\/p>\n<p><strong>P: \u00bfCu\u00e1l es el tiempo de env\u00edo?<\/strong><br \/>\nR: El tiempo de env\u00edo es de 7 a 14 d\u00edas h\u00e1biles, seg\u00fan su ubicaci\u00f3n.<\/p>\n<p><strong>P: \u00bfC\u00f3mo puedo realizar un seguimiento de mi pedido?<\/strong><br \/>\nR: Despu\u00e9s del env\u00edo, recibir\u00e1 un correo electr\u00f3nico de confirmaci\u00f3n con un n\u00famero de seguimiento para realizar un seguimiento en tiempo real.<\/p>\n<p><strong>P: \u00bfCu\u00e1l es su pol\u00edtica de devoluci\u00f3n?<\/strong><br \/>\nR: Ofrecemos una pol\u00edtica de devoluci\u00f3n de 30 d\u00edas para reembolsos o cambios. .<\/p>\n<p><strong>P: \u00bfHabr\u00e1 alg\u00fan problema aduanero?<br \/>\n<\/strong>Nos encargamos de todos los procedimientos de despacho de aduanas para garantizarle una experiencia sin complicaciones. .<\/p>\n<p><strong>P: \u00bfQu\u00e9 m\u00e9todos de env\u00edo se utilizan?<\/strong><br \/>\nCooperamos con UPS\/DHL\/FEDEX\/DPD, etc. Elegiremos la opci\u00f3n de env\u00edo adecuada seg\u00fan el pa\u00eds de entrega para asegurarnos de que reciba sus productos lo m\u00e1s r\u00e1pido posible.<\/p>\n<p><a href=\"https:\/\/pgvape.com\/es\/preguntas-frecuentes\/\">Haga clic aqu\u00ed para m\u00e1s preguntas frecuentes<\/a><\/p>\n<p>Estimados clientes: Si tienen alguna pregunta sobre su pedido o la llegada de la mercanc\u00eda, comun\u00edquese con nuestro servicio de atenci\u00f3n al cliente. \u00a1Gracias!<\/p>\n<h3 data-sourcepos=\"73:1-73:21\"><strong data-sourcepos=\"73:7-73:21\">Cont\u00e1ctenos<\/strong><\/h3>\n<div id=\"text-2419739398\" class=\"text\">\n<p><strong data-sourcepos=\"75:3-75:12\">Correo electr\u00f3nico<\/strong>:\u00a0<a href=\"mailto:support@pgvape.com\"><strong>support@pgvape.com<\/strong><\/a><\/p>\n<p><strong data-sourcepos=\"76:3-76:15\">WhatsApp<\/strong>: <a href=\"https:\/\/wa.me\/+8618128481258\"><strong>+86 18128481258<\/strong><\/a><br \/>\n<strong>(Respuesta dentro de las 24 horas en d\u00edas h\u00e1biles)<\/strong><\/p>\n<\/div>\n<h3><strong>\u00a1Gracias por elegir pgvape.com! .<\/strong><\/h3>\n<\/div>","protected":false},"excerpt":{"rendered":"<p>Con <strong data-sourcepos=\"57:6-57:20\">120.000 bocanadas<\/strong>, <strong data-sourcepos=\"57:22-57:46\">Flexibilidad de 4 sabores<\/strong>, y <strong data-sourcepos=\"57:52-57:69\">Capacidad de 64 ml.<\/strong>, el <strong data-sourcepos=\"57:75-57:89\">UOR 120000<\/strong> domina el mercado desechable premium. <strong data-sourcepos=\"57:131-57:149\">10 juegos de sabores<\/strong> y <strong data-sourcepos=\"57:154-57:176\">seguimiento LED inteligente<\/strong> ofrecer una variedad inigualable.<\/p>","protected":false},"featured_media":4120,"comment_status":"open","ping_status":"closed","template":"","meta":{"_seopress_robots_primary_cat":"none","_seopress_titles_title":"%%post_title%% %%sep%% %%sitetitle%%","_seopress_titles_desc":"","_seopress_robots_index":""},"product_brand":[516,345],"product_cat":[69,515,344],"product_tag":[75,82,53,90,490,59,346,220],"class_list":{"0":"post-4111","1":"product","2":"type-product","3":"status-publish","4":"has-post-thumbnail","6":"product_brand-disposable-vape","7":"product_brand-uor-vape","8":"product_cat-120k-puffs-vape","9":"product_cat-disposable-vape","10":"product_cat-uor-vape","11":"product_tag-120k-puffs","12":"product_tag-120k-vape","13":"product_tag-4-in-1-flavors","14":"product_tag-disposable-vape","15":"product_tag-minimum-2-pieces","16":"product_tag-mouth-to-lung-mtl","17":"product_tag-uor-120000","18":"product_tag-with-led-display","20":"first","21":"instock","22":"sale","23":"shipping-taxable","24":"purchasable","25":"product-type-variable"},"_links":{"self":[{"href":"https:\/\/pgvape.com\/es\/wp-json\/wp\/v2\/product\/4111","targetHints":{"allow":["GET"]}}],"collection":[{"href":"https:\/\/pgvape.com\/es\/wp-json\/wp\/v2\/product"}],"about":[{"href":"https:\/\/pgvape.com\/es\/wp-json\/wp\/v2\/types\/product"}],"replies":[{"embeddable":true,"href":"https:\/\/pgvape.com\/es\/wp-json\/wp\/v2\/comments?post=4111"}],"wp:featuredmedia":[{"embeddable":true,"href":"https:\/\/pgvape.com\/es\/wp-json\/wp\/v2\/media\/4120"}],"wp:attachment":[{"href":"https:\/\/pgvape.com\/es\/wp-json\/wp\/v2\/media?parent=4111"}],"wp:term":[{"taxonomy":"product_brand","embeddable":true,"href":"https:\/\/pgvape.com\/es\/wp-json\/wp\/v2\/product_brand?post=4111"},{"taxonomy":"product_cat","embeddable":true,"href":"https:\/\/pgvape.com\/es\/wp-json\/wp\/v2\/product_cat?post=4111"},{"taxonomy":"product_tag","embeddable":true,"href":"https:\/\/pgvape.com\/es\/wp-json\/wp\/v2\/product_tag?post=4111"}],"curies":[{"name":"wp","href":"https:\/\/api.w.org\/{rel}","templated":true}]}}