{"id":409,"date":"2025-07-15T12:40:11","date_gmt":"2025-07-15T12:40:11","guid":{"rendered":"https:\/\/pgvape.com\/?post_type=product&#038;p=409"},"modified":"2026-02-02T08:42:55","modified_gmt":"2026-02-02T08:42:55","slug":"bang-30000-pro-30k-sopla-al-por-mayor-de-fabrica-de-pantalla-lcd-de-vape-desechable-de-doble-sabor","status":"publish","type":"product","link":"https:\/\/pgvape.com\/es\/producto\/bang-30000-pro-30k-sopla-al-por-mayor-de-fabrica-de-pantalla-lcd-de-vape-desechable-de-doble-sabor\/","title":{"rendered":"Bang 30000 PRO | 30K Puffs Vape desechable de doble sabor | Pantalla LCD | Venta al por mayor de f\u00e1brica"},"content":{"rendered":"<div style=\"width: 1020px;\" class=\"wp-video\"><video class=\"wp-video-shortcode\" id=\"video-409-1\" width=\"1020\" height=\"574\" preload=\"auto\" controls=\"controls\"><source type=\"video\/mp4\" src=\"https:\/\/pgvape.com\/wp-content\/uploads\/2025\/07\/Bang-30000-PRO-30K-Puffs-Dual-Flavor-Disposable-Vape-LCD-Display-Factory-Wholesale.mp4?_=1\" \/><a href=\"https:\/\/pgvape.com\/wp-content\/uploads\/2025\/07\/Bang-30000-PRO-30K-Puffs-Dual-Flavor-Disposable-Vape-LCD-Display-Factory-Wholesale.mp4\">https:\/\/pgvape.com\/wp-content\/uploads\/2025\/07\/Bang-30000-PRO-30K-Puffs-Dual-Flavor-Disposable-Vape-LCD-Display-Factory-Wholesale.mp4<\/a><\/video><\/div>\n<p><strong><br \/>\nBang 30k Puffs PRO Vape desechable de doble sabor<\/strong> Pen est\u00e1 dise\u00f1ado para vapeadores que buscan un rendimiento excepcional y variedad de sabores. <strong>30.000 bocanadas<\/strong> y un grande <strong>36ml de e-l\u00edquido<\/strong> capacidad, garantiza una satisfacci\u00f3n duradera.<strong>0%, 2%, 3%, 5%<\/strong>) para adaptarlo a sus preferencias.<\/p>\n<p>&nbsp;<\/p>\n<h2><span style=\"font-size: 90%;\">Especificaciones del producto Vape desechable de doble sabor Bang 30000 PRO | 30K Puffs:<br \/>\n<\/span><\/h2>\n<p><strong>Rendimiento duradero:<\/strong>\u00a0Disfrute de hasta 30.000 caladas, lo que reduce la necesidad de reemplazos frecuentes.<\/p>\n<p><strong>Gran capacidad de l\u00edquido electr\u00f3nico:<\/strong>\u00a0Con un tanque de 36 ml para un placer de vapeo ininterrumpido.<\/p>\n<p><strong>Opciones de nicotina:<\/strong>\u00a0Elija entre varias fortalezas (0%, 2%, 3%, 5%) para que coincida con su experiencia deseada.<\/p>\n<p><strong>Bater\u00eda de 550 mAh:<\/strong>\u00a0Alimentando su dispositivo durante todo el d\u00eda para un uso ininterrumpido.<\/p>\n<p><strong>Sistema de doble sabor:<\/strong>\u00a0Cambie sin problemas entre dos sabores para un viaje de vapeo din\u00e1mico y personalizado.<\/p>\n<p>&nbsp;<\/p>\n<h3><span style=\"font-size: 90%;\">Bang 30000 PRO | 30K Puffs Lista de sabores de vapeo desechables de doble sabor:<\/span><\/h3>\n<p><span style=\"font-size: 90%;\">1.Sand\u00eda y ar\u00e1ndanos y menta<\/span><\/p>\n<p><span style=\"font-size: 90%;\">2. Manzana agria y frambuesa de ar\u00e1ndano<\/span><\/p>\n<p><span style=\"font-size: 90%;\">3.Red Bull y mango de fresa<\/span><\/p>\n<p><span style=\"font-size: 90%;\">4.Hielo de uva y cola alegre<\/span><\/p>\n<p><span style=\"font-size: 90%;\">5.Sand\u00eda de melocot\u00f3n y fresa<\/span><\/p>\n<p><span style=\"font-size: 90%;\">6.Amor 66 y kiwi fresa<\/span><\/p>\n<p><span style=\"font-size: 90%;\">7. Lichi de uva y fresa de Sakura<\/span><\/p>\n<p><span style=\"font-size: 90%;\">8.Hielo mixto de frutas y ar\u00e1ndanos<\/span><\/p>\n<p><span style=\"font-size: 90%;\">9.Drag\u00f3n Negro y Pl\u00e1tano Fresa<\/span><\/p>\n<p><span style=\"font-size: 90%;\">10.Helado de mango, melocot\u00f3n y pl\u00e1tano<\/span><\/p>\n<p><span style=\"font-size: 90%;\">11.Granada doble de manzana y maracuy\u00e1 con kiwi<\/span><\/p>\n<p><span style=\"font-size: 90%;\">12.Pepper Mint Ice y Trible Berry<\/span><\/p>\n<p><span style=\"font-size: 90%;\">13.Boom de bayas de ar\u00e1ndano, cereza, ar\u00e1ndano y sand\u00eda<\/span><\/p>\n<p><span style=\"font-size: 90%;\">14.Pi\u00f1a Hielo y Fusi\u00f3n Azul<\/span><\/p>\n<p><span style=\"font-size: 90%;\">15.Lluvia p\u00farpura y hielo de cereza, frambuesa y fresa<\/span><\/p>\n<p><span style=\"font-size: 90%;\">16.Black Dargon Ice &amp; Mango Pi\u00f1a Melocot\u00f3n<\/span><\/p>\n<p>&nbsp;<\/p>\n<h2><span style=\"font-size: 90%;\">Preguntas frecuentes sobre Bang 30000 PRO | 30K Puffs Vape desechable de doble sabor<\/span><\/h2>\n<p dir=\"auto\"><strong>P1: \u00bfCu\u00e1ntas caladas ofrece el Bang 30k PRO?<\/strong><br \/>\nA1: Ofrece hasta 30.000 inhalaciones por dispositivo.<\/p>\n<p dir=\"auto\"><strong>P2: \u00bfDe qu\u00e9 sabores puedo elegir?<\/strong><br \/>\nR2: El Bang 30k PRO presenta 16 combinaciones de sabores duales, lo que brinda una variedad de sabores para explorar.<\/p>\n<p dir=\"auto\"><strong>P3: \u00bfPuedo cambiar entre dos sabores en el mismo dispositivo?<\/strong><br \/>\nR3: S\u00ed, el dispositivo tiene un sistema de doble sabor que le permite cambiar f\u00e1cilmente entre dos sabores integrados.<\/p>\n<p dir=\"auto\"><strong>P4: \u00bfQu\u00e9 concentraciones de nicotina est\u00e1n disponibles?<\/strong><br \/>\nR4: El dispositivo est\u00e1 disponible en las opciones de nicotina 0%, 2%, 3% y 5%.<\/p>\n<p dir=\"auto\"><strong>P5: \u00bfCu\u00e1nto dura la bater\u00eda?<\/strong><br \/>\nR5: El dispositivo tiene una bater\u00eda de 550 mAh, lo que garantiza un rendimiento duradero durante todo el d\u00eda.<\/p>\n<p dir=\"auto\"><strong>P6: \u00bfQu\u00e9 tan grande es la capacidad de e-l\u00edquido?<\/strong><br \/>\nR6: El Bang 30k PRO tiene un gran tanque de e-l\u00edquido de 36 ml para sesiones prolongadas de vapeo.<\/p>\n<p dir=\"auto\"><strong>P7: \u00bfLa experiencia de vapeo es personalizable?<\/strong><br \/>\nR7: S\u00ed, el dispositivo ofrece niveles de nicotina personalizables y una funci\u00f3n de doble sabor para una experiencia de vapeo personalizada.<\/p>\n<p>&nbsp;<\/p>\n<h3 id=\"brxe-najhln\" class=\"brxe-heading\">Preguntas frecuentes (FAQ)<\/h3>\n<div id=\"brxe-rajiac\" class=\"brxe-text\">\n<p><strong>P: \u00bfQu\u00e9 m\u00e9todos de pago aceptan?<\/strong><br \/>\nR: Aceptamos PayPal, Stripe, transferencias bancarias (compatibles con SEPA), las principales tarjetas de cr\u00e9dito (Visa, MasterCard, American Express) y pagos con criptomonedas.<\/p>\n<p><strong>P: \u00bfCu\u00e1nto tiempo lleva la preparaci\u00f3n del pedido?<\/strong><br \/>\nR: La preparaci\u00f3n del pedido demora entre 1 y 3 d\u00edas h\u00e1biles.<\/p>\n<p><strong>P: \u00bfCu\u00e1l es el tiempo de env\u00edo?<\/strong><br \/>\nR: El tiempo de env\u00edo es de 7 a 14 d\u00edas h\u00e1biles, seg\u00fan su ubicaci\u00f3n.<\/p>\n<p><strong>P: \u00bfC\u00f3mo puedo realizar un seguimiento de mi pedido?<\/strong><br \/>\nR: Despu\u00e9s del env\u00edo, recibir\u00e1 un correo electr\u00f3nico de confirmaci\u00f3n con un n\u00famero de seguimiento para realizar un seguimiento en tiempo real.<\/p>\n<p><strong>P: \u00bfCu\u00e1l es su pol\u00edtica de devoluci\u00f3n?<\/strong><br \/>\nR: Ofrecemos una pol\u00edtica de devoluci\u00f3n de 30 d\u00edas para reembolsos o cambios. .<\/p>\n<p><strong>P: \u00bfHabr\u00e1 alg\u00fan problema aduanero?<br \/>\n<\/strong>Nos encargamos de todos los procedimientos de despacho de aduanas para garantizarle una experiencia sin complicaciones. .<\/p>\n<p><strong>P: \u00bfQu\u00e9 m\u00e9todos de env\u00edo se utilizan?<\/strong><br \/>\nCooperamos con UPS\/DHL\/FEDEX\/DPD, etc. Elegiremos la opci\u00f3n de env\u00edo adecuada seg\u00fan el pa\u00eds de entrega para asegurarnos de que reciba sus productos lo m\u00e1s r\u00e1pido posible.<\/p>\n<p><a href=\"https:\/\/pgvape.com\/es\/preguntas-frecuentes\/\"><span style=\"font-size: 100%;\">Haga clic aqu\u00ed para m\u00e1s preguntas frecuentes<\/span><\/a><\/p>\n<p>Estimados clientes: Si tienen alguna pregunta sobre su pedido o la llegada de la mercanc\u00eda, comun\u00edquese con nuestro servicio de atenci\u00f3n al cliente. \u00a1Gracias!<\/p>\n<h3 data-sourcepos=\"73:1-73:21\"><span style=\"font-size: 90%;\"><strong data-sourcepos=\"73:7-73:21\">Cont\u00e1ctenos<\/strong><\/span><\/h3>\n<div id=\"text-2419739398\" class=\"text\">\n<p><strong data-sourcepos=\"75:3-75:12\">Correo electr\u00f3nico<\/strong>:\u00a0<a href=\"mailto:support@pgvape.com\"><strong>support@pgvape.com<\/strong><\/a><\/p>\n<p><strong data-sourcepos=\"76:3-76:15\">WhatsApp<\/strong>: <a href=\"https:\/\/wa.me\/+8618128481258\"><strong>+86 18128481258<\/strong><\/a><br \/>\n<strong>(Respuesta dentro de las 24 horas en d\u00edas h\u00e1biles)<\/strong><\/p>\n<\/div>\n<h3><strong><span style=\"font-size: 80%;\">\u00a1Gracias por elegir pgvape.com! .<\/span><\/strong><\/h3>\n<\/div>","protected":false},"excerpt":{"rendered":"<p><strong>Vape desechable de doble sabor Bang 30k PRO<\/strong> Pen ofrece hasta <strong>30.000 bocanadas<\/strong> con un <strong>36ml de e-l\u00edquido<\/strong> capacidad. <strong>doble sabor<\/strong> Opciones y potencias de nicotina ajustables, es la mejor opci\u00f3n para una experiencia de vapeo personalizable y duradera.<\/p>","protected":false},"featured_media":430,"comment_status":"open","ping_status":"closed","template":"","meta":{"_seopress_robots_primary_cat":"none","_seopress_titles_title":"","_seopress_titles_desc":"","_seopress_robots_index":""},"product_brand":[36,516],"product_cat":[35,25,515],"product_tag":[38,37,39],"class_list":{"0":"post-409","1":"product","2":"type-product","3":"status-publish","4":"has-post-thumbnail","6":"product_brand-bang-vape","7":"product_brand-disposable-vape","8":"product_cat-30k-puffs-vape","9":"product_cat-bang-vape","10":"product_cat-disposable-vape","11":"product_tag-30k-puffs","12":"product_tag-bang-30000-pro","13":"product_tag-dual-flavor","15":"first","16":"instock","17":"sale","18":"shipping-taxable","19":"purchasable","20":"product-type-variable"},"_links":{"self":[{"href":"https:\/\/pgvape.com\/es\/wp-json\/wp\/v2\/product\/409","targetHints":{"allow":["GET"]}}],"collection":[{"href":"https:\/\/pgvape.com\/es\/wp-json\/wp\/v2\/product"}],"about":[{"href":"https:\/\/pgvape.com\/es\/wp-json\/wp\/v2\/types\/product"}],"replies":[{"embeddable":true,"href":"https:\/\/pgvape.com\/es\/wp-json\/wp\/v2\/comments?post=409"}],"wp:featuredmedia":[{"embeddable":true,"href":"https:\/\/pgvape.com\/es\/wp-json\/wp\/v2\/media\/430"}],"wp:attachment":[{"href":"https:\/\/pgvape.com\/es\/wp-json\/wp\/v2\/media?parent=409"}],"wp:term":[{"taxonomy":"product_brand","embeddable":true,"href":"https:\/\/pgvape.com\/es\/wp-json\/wp\/v2\/product_brand?post=409"},{"taxonomy":"product_cat","embeddable":true,"href":"https:\/\/pgvape.com\/es\/wp-json\/wp\/v2\/product_cat?post=409"},{"taxonomy":"product_tag","embeddable":true,"href":"https:\/\/pgvape.com\/es\/wp-json\/wp\/v2\/product_tag?post=409"}],"curies":[{"name":"wp","href":"https:\/\/api.w.org\/{rel}","templated":true}]}}