{"id":3957,"date":"2025-10-23T07:04:58","date_gmt":"2025-10-23T07:04:58","guid":{"rendered":"https:\/\/pgvape.com\/?post_type=product&#038;p=3957"},"modified":"2025-12-15T12:40:00","modified_gmt":"2025-12-15T12:40:00","slug":"bang-king-40000-40k-puffs-vape-desechable-flujo-de-aire-ajustable-0-2-3-5-nicotina-12-gustos-con-pantalla-led-vape-directo-de-fabrica","status":"publish","type":"product","link":"https:\/\/pgvape.com\/es\/producto\/bang-king-40000-40k-puffs-vape-desechable-flujo-de-aire-ajustable-0-2-3-5-nicotina-12-gustos-con-pantalla-led-vape-directo-de-fabrica\/","title":{"rendered":"Bang King 40000 | 40k Puffs Vape desechable | Flujo de aire ajustable | 0% 2% 3% 5% Nicotina | 12Tastes | Con pantalla LED | Vape Factory Direct"},"content":{"rendered":"<p><strong data-sourcepos=\"6:5-6:50\">Pluma disponible de Vape de Bang King 40000 soplos<\/strong> combina <strong data-sourcepos=\"6:60-6:84\">rendimiento extendido<\/strong> con <strong data-sourcepos=\"6:90-6:115\">personalizaci\u00f3n premium<\/strong>, entregando <strong data-sourcepos=\"6:128-6:151\">40.000 bocanadas suaves<\/strong> a trav\u00e9s de un <strong data-sourcepos=\"6:158-6:176\">Bobina de malla de 1.0\u03a9<\/strong> y <strong data-sourcepos=\"6:181-6:203\">flujo de aire ajustable<\/strong>. <strong data-sourcepos=\"6:217-6:248\">Puntos fuertes de nicotina 2%\/3%\/5%<\/strong> y <strong data-sourcepos=\"6:253-6:275\">12 sabores refinados<\/strong>, todo impulsado por un <strong data-sourcepos=\"6:294-6:326\">Bater\u00eda recargable de 1000 mAh.<\/strong> con <strong data-sourcepos=\"6:332-6:356\">Carga r\u00e1pida tipo C<\/strong>. <strong data-sourcepos=\"6:362-6:389\">elegante dise\u00f1o desechable<\/strong> no requiere mantenimiento, mientras que el <strong data-sourcepos=\"6:425-6:440\">pantalla LED<\/strong> garantiza un seguimiento sin esfuerzo. <strong data-sourcepos=\"6:481-6:501\">10 unidades por caja<\/strong>, es perfecto para minoristas y vapeadores que buscan comodidad y excelencia en sabor.<\/p>\n<p>&nbsp;<\/p>\n<h2><span style=\"font-size: 90%;\">Bang King 40000 40k inhalaciones Vape desechable <strong data-sourcepos=\"10:5-10:27\">Presupuesto<\/strong><\/span><\/h2>\n<p><strong data-sourcepos=\"11:3-11:18\">Conteo de bocanadas:<\/strong>\u00a0<strong data-sourcepos=\"11:19-11:35\">40.000 bocanadas<\/strong>\u00a0(Uso prolongado)<\/p>\n<p><strong data-sourcepos=\"12:3-12:16\">Nicotina:<\/strong>\u00a0<strong data-sourcepos=\"12:17-12:33\">2% \/ 3% \/ 5%<\/strong>\u00a0(Equilibrado con un fuerte golpe en la garganta)<\/p>\n<p><strong data-sourcepos=\"13:3-13:22\">Bobina y flujo de aire:<\/strong>\u00a0<strong data-sourcepos=\"13:23-13:41\">Bobina de malla de 1,0 \u03a9<\/strong>\u00a0+\u00a0<strong data-sourcepos=\"13:44-13:66\">Flujo de aire ajustable<\/strong>\u00a0(Dibujos suaves y sabrosos)<\/p>\n<p><strong data-sourcepos=\"14:3-14:15\">Bater\u00eda:<\/strong>\u00a0<strong data-sourcepos=\"14:16-14:40\">1000mAh recargable<\/strong>\u00a0(Energ\u00eda durante todo el d\u00eda)<\/p>\n<p><strong data-sourcepos=\"15:3-15:16\">Cargando:<\/strong>\u00a0<strong data-sourcepos=\"15:17-15:41\">Carga r\u00e1pida tipo C<\/strong>\u00a0(~60 minutos de carga completa)<\/p>\n<p><strong data-sourcepos=\"16:3-16:14\">Dise\u00f1o:<\/strong>\u00a0<strong data-sourcepos=\"16:15-16:29\">Desechable<\/strong>\u00a0(Sin recarga\/mantenimiento)<\/p>\n<p><strong data-sourcepos=\"17:3-17:15\">Mostrar:<\/strong>\u00a0<strong data-sourcepos=\"17:16-17:33\">Indicador LED<\/strong>\u00a0(Monitoreo de bater\u00eda)<\/p>\n<p><strong data-sourcepos=\"18:3-18:17\">Embalaje:<\/strong>\u00a0<strong data-sourcepos=\"18:18-18:32\">10 unidades\/caja<\/strong>\u00a0(Listo para venta al por menor\/al por mayor)<\/p>\n<p>&nbsp;<\/p>\n<h3><span style=\"font-size: 90%;\">Bang King 40000 40k inhalaciones Vape desechable <strong data-sourcepos=\"22:5-22:25\">Selecci\u00f3n de sabores<\/strong><\/span><\/h3>\n<p><strong data-sourcepos=\"23:4-23:18\">1.Sand\u00eda<\/strong><\/p>\n<p><strong data-sourcepos=\"24:4-24:29\">2.Sand\u00eda Fresa<\/strong><\/p>\n<p><strong data-sourcepos=\"25:4-25:21\">3.Hielo de ar\u00e1ndanos<\/strong><\/p>\n<p><strong data-sourcepos=\"26:4-26:27\">4. Frambuesa de ar\u00e1ndano<\/strong><\/p>\n<p><strong data-sourcepos=\"27:4-27:22\">5.Hielo de fresa<\/strong><\/p>\n<p><strong data-sourcepos=\"28:4-28:23\">6.kiwi fresa<\/strong><\/p>\n<p><strong data-sourcepos=\"29:4-29:30\">7.Mango Melocot\u00f3n Sand\u00eda<\/strong><\/p>\n<p><strong data-sourcepos=\"30:4-30:38\">8.Granada de maracuy\u00e1 y kiwi<\/strong><\/p>\n<p><strong data-sourcepos=\"31:4-31:17\">9.Hielo de melocot\u00f3n<\/strong><\/p>\n<p><strong data-sourcepos=\"32:5-32:22\">10.Bayas mixtas<\/strong><\/p>\n<p><strong data-sourcepos=\"33:5-33:24\">11.Uva de ar\u00e1ndano<\/strong><\/p>\n<p><strong data-sourcepos=\"34:5-34:29\">12.Chicle de sand\u00eda<\/strong><\/p>\n<p><strong data-sourcepos=\"34:5-34:29\"><br \/>\n<img loading=\"lazy\" decoding=\"async\" class=\"alignnone wp-image-3965 size-full\" src=\"https:\/\/pgvape.com\/wp-content\/uploads\/2025\/10\/Bang-King-40000-40k-Puffs-Disposable-Vape-Tornado-Series-12Tastes-With-LED-Display-Vape-Factory-Direct-6.png\" alt=\"Doce coloridos dispositivos de vapeo desechables &#039;Bang King&#039; dispuestos en dos filas de seis, cada uno con un fondo degradado, logotipo de corona y un simio de dibujos animados \u00fanico con diferentes sombreros o accesorios, etiquetados con sabores como sand\u00eda, sand\u00eda fresa, helado de ar\u00e1ndano, frambuesa de ar\u00e1ndano, helado de fresa, kiwi de fresa, sand\u00eda de melocot\u00f3n y mango, granada de maracuy\u00e1 de kiwi, helado de melocot\u00f3n, bayas mixtas, uva de ar\u00e1ndano y chicle de sand\u00eda sobre un fondo rosa p\u00e1lido.\" width=\"685\" height=\"1000\" srcset=\"https:\/\/pgvape.com\/wp-content\/uploads\/2025\/10\/Bang-King-40000-40k-Puffs-Disposable-Vape-Tornado-Series-12Tastes-With-LED-Display-Vape-Factory-Direct-6.png 685w, https:\/\/pgvape.com\/wp-content\/uploads\/2025\/10\/Bang-King-40000-40k-Puffs-Disposable-Vape-Tornado-Series-12Tastes-With-LED-Display-Vape-Factory-Direct-6-247x360.png 247w, https:\/\/pgvape.com\/wp-content\/uploads\/2025\/10\/Bang-King-40000-40k-Puffs-Disposable-Vape-Tornado-Series-12Tastes-With-LED-Display-Vape-Factory-Direct-6-595x869.png 595w, https:\/\/pgvape.com\/wp-content\/uploads\/2025\/10\/Bang-King-40000-40k-Puffs-Disposable-Vape-Tornado-Series-12Tastes-With-LED-Display-Vape-Factory-Direct-6-274x400.png 274w, https:\/\/pgvape.com\/wp-content\/uploads\/2025\/10\/Bang-King-40000-40k-Puffs-Disposable-Vape-Tornado-Series-12Tastes-With-LED-Display-Vape-Factory-Direct-6-8x12.png 8w, https:\/\/pgvape.com\/wp-content\/uploads\/2025\/10\/Bang-King-40000-40k-Puffs-Disposable-Vape-Tornado-Series-12Tastes-With-LED-Display-Vape-Factory-Direct-6-600x876.png 600w, https:\/\/pgvape.com\/wp-content\/uploads\/2025\/10\/Bang-King-40000-40k-Puffs-Disposable-Vape-Tornado-Series-12Tastes-With-LED-Display-Vape-Factory-Direct-6-27x40.png 27w\" sizes=\"auto, (max-width: 685px) 100vw, 685px\" \/><\/strong><\/p>\n<p>&nbsp;<\/p>\n<h3><span style=\"font-size: 90%;\">V\u00eddeo de Vape desechable Bang King 40000 40k Puffs:<\/span><\/h3>\n<p>&nbsp;<\/p>\n<h2><span style=\"font-size: 90%;\">Preguntas frecuentes sobre el vaporizador desechable Bang King 40000 40k Puffs<\/span><\/h2>\n<p data-sourcepos=\"39:1-40:106\">\u2753 <strong data-sourcepos=\"39:3-39:50\">\u00bfC\u00f3mo mejora el flujo de aire ajustable el vapeo?<\/strong><br \/>\n\u2705 Apretar para <strong data-sourcepos=\"40:15-40:35\">sorteos restringidos<\/strong> o aflojar para <strong data-sourcepos=\"40:50-40:77\">nubes aireadas y voluminosas<\/strong>\u2014Personaliza tu experiencia.<\/p>\n<p data-sourcepos=\"42:1-43:105\">\u2753 <strong data-sourcepos=\"42:3-42:40\">\u00bfLa calidad del sabor es consistente?<\/strong><br \/>\n\u2705 <strong data-sourcepos=\"43:3-43:21\">Bobina de malla de 1.0\u03a9<\/strong> asegura <strong data-sourcepos=\"43:30-43:56\">30% m\u00e1s pureza de sabor<\/strong> frente a bobinas est\u00e1ndar, con <strong data-sourcepos=\"43:82-43:102\">cero sabor a quemado<\/strong>.<\/p>\n<p data-sourcepos=\"45:1-46:101\">\u2753 <strong data-sourcepos=\"45:3-45:38\">\u00bfCu\u00e1nto dura la bater\u00eda?<\/strong><br \/>\n\u2705 <strong data-sourcepos=\"46:3-46:23\">Capacidad de 1000 mAh.<\/strong> apoya <strong data-sourcepos=\"46:33-46:45\">3-4 d\u00edas<\/strong> de uso moderado; <strong data-sourcepos=\"46:63-46:73\">Tipo C<\/strong> recargas en <strong data-sourcepos=\"46:87-46:98\">~1 hora<\/strong>.<\/p>\n<p data-sourcepos=\"48:1-49:110\">\u2753 <strong data-sourcepos=\"48:3-48:27\">\u00bfPara qui\u00e9n es ideal?<br \/>\n<\/strong> \u2705 <strong data-sourcepos=\"49:3-49:23\">Vapeadores en movimiento<\/strong> falto <strong data-sourcepos=\"49:32-49:59\">rendimiento sin problemas<\/strong> + <strong data-sourcepos=\"49:62-49:75\">minoristas<\/strong> buscando productos desechables de alto margen.<\/p>\n<p>&nbsp;<\/p>\n<h3 id=\"brxe-najhln\" class=\"brxe-heading\">Preguntas frecuentes (FAQ)<\/h3>\n<div id=\"brxe-rajiac\" class=\"brxe-text\">\n<p><strong>P: \u00bfQu\u00e9 m\u00e9todos de pago aceptan?<\/strong><br \/>\nR: Aceptamos PayPal, Stripe, transferencias bancarias (compatibles con SEPA), las principales tarjetas de cr\u00e9dito (Visa, MasterCard, American Express) y pagos con criptomonedas.<\/p>\n<p><strong>P: \u00bfCu\u00e1nto tiempo lleva la preparaci\u00f3n del pedido?<\/strong><br \/>\nR: La preparaci\u00f3n del pedido demora entre 1 y 3 d\u00edas h\u00e1biles.<\/p>\n<p><strong>P: \u00bfCu\u00e1l es el tiempo de env\u00edo?<\/strong><br \/>\nR: El tiempo de env\u00edo es de 7 a 14 d\u00edas h\u00e1biles, seg\u00fan su ubicaci\u00f3n.<\/p>\n<p><strong>P: \u00bfC\u00f3mo puedo realizar un seguimiento de mi pedido?<\/strong><br \/>\nR: Despu\u00e9s del env\u00edo, recibir\u00e1 un correo electr\u00f3nico de confirmaci\u00f3n con un n\u00famero de seguimiento para realizar un seguimiento en tiempo real.<\/p>\n<p><strong>P: \u00bfCu\u00e1l es su pol\u00edtica de devoluci\u00f3n?<\/strong><br \/>\nR: Ofrecemos una pol\u00edtica de devoluci\u00f3n de 30 d\u00edas para reembolsos o cambios. .<\/p>\n<p><strong>P: \u00bfHabr\u00e1 alg\u00fan problema aduanero?<br \/>\n<\/strong>Nos encargamos de todos los procedimientos de despacho de aduanas para garantizarle una experiencia sin complicaciones. .<\/p>\n<p><strong>P: \u00bfQu\u00e9 m\u00e9todos de env\u00edo se utilizan?<\/strong><br \/>\nCooperamos con UPS\/DHL\/FEDEX\/DPD, etc. Elegiremos la opci\u00f3n de env\u00edo adecuada seg\u00fan el pa\u00eds de entrega para asegurarnos de que reciba sus productos lo m\u00e1s r\u00e1pido posible.<\/p>\n<p><a href=\"https:\/\/pgvape.com\/es\/preguntas-frecuentes\/\">Haga clic aqu\u00ed para m\u00e1s preguntas frecuentes<\/a><\/p>\n<p>Estimados clientes: Si tienen alguna pregunta sobre su pedido o la llegada de la mercanc\u00eda, comun\u00edquese con nuestro servicio de atenci\u00f3n al cliente. \u00a1Gracias!<\/p>\n<h3 data-sourcepos=\"73:1-73:21\"><strong data-sourcepos=\"73:7-73:21\">Cont\u00e1ctenos<\/strong><\/h3>\n<div id=\"text-2419739398\" class=\"text\">\n<p><strong data-sourcepos=\"75:3-75:12\">Correo electr\u00f3nico<\/strong>:\u00a0<a href=\"mailto:support@pgvape.com\"><strong>support@pgvape.com<\/strong><\/a><\/p>\n<p><strong data-sourcepos=\"76:3-76:15\">WhatsApp<\/strong>: <a href=\"https:\/\/wa.me\/+8618128481258\"><strong>+86 18128481258<\/strong><\/a><br \/>\n<strong>(Respuesta dentro de las 24 horas en d\u00edas h\u00e1biles)<\/strong><\/p>\n<\/div>\n<h3><strong>\u00a1Gracias por elegir pgvape.com! .<\/strong><\/h3>\n<\/div>\n<p>&nbsp;<\/p>","protected":false},"excerpt":{"rendered":"<p>Con <strong data-sourcepos=\"54:6-54:19\">40K bocanadas<\/strong>, <strong data-sourcepos=\"54:21-54:43\">flujo de aire ajustable<\/strong>, y <strong data-sourcepos=\"54:49-54:63\">12 sabores<\/strong>, el <strong data-sourcepos=\"54:69-54:86\">Rey Bang 40K<\/strong> sobresale en sabor y conveniencia. <strong data-sourcepos=\"54:121-54:143\">embalaje de 10 piezas<\/strong> garantiza el atractivo minorista.<\/p>","protected":false},"featured_media":3975,"comment_status":"open","ping_status":"closed","template":"","meta":{"_seopress_robots_primary_cat":"none","_seopress_titles_title":"%%post_title%% %%sep%% %%sitetitle%%","_seopress_titles_desc":"","_seopress_robots_index":""},"product_brand":[19,516],"product_cat":[103,18,515],"product_tag":[256,106,107,135,334,90,204,220],"class_list":{"0":"post-3957","1":"product","2":"type-product","3":"status-publish","4":"has-post-thumbnail","6":"product_brand-bang-king-vape","7":"product_brand-disposable-vape","8":"product_cat-40k-puffs-vape","9":"product_cat-bang-king-vape","10":"product_cat-disposable-vape","11":"product_tag-256","12":"product_tag-40k-puffs","13":"product_tag-40k-vape","14":"product_tag-adjustable-airflow","15":"product_tag-bang-king","16":"product_tag-disposable-vape","17":"product_tag-vape-factory-direct","18":"product_tag-with-led-display","20":"first","21":"instock","22":"sale","23":"shipping-taxable","24":"purchasable","25":"product-type-variable"},"_links":{"self":[{"href":"https:\/\/pgvape.com\/es\/wp-json\/wp\/v2\/product\/3957","targetHints":{"allow":["GET"]}}],"collection":[{"href":"https:\/\/pgvape.com\/es\/wp-json\/wp\/v2\/product"}],"about":[{"href":"https:\/\/pgvape.com\/es\/wp-json\/wp\/v2\/types\/product"}],"replies":[{"embeddable":true,"href":"https:\/\/pgvape.com\/es\/wp-json\/wp\/v2\/comments?post=3957"}],"wp:featuredmedia":[{"embeddable":true,"href":"https:\/\/pgvape.com\/es\/wp-json\/wp\/v2\/media\/3975"}],"wp:attachment":[{"href":"https:\/\/pgvape.com\/es\/wp-json\/wp\/v2\/media?parent=3957"}],"wp:term":[{"taxonomy":"product_brand","embeddable":true,"href":"https:\/\/pgvape.com\/es\/wp-json\/wp\/v2\/product_brand?post=3957"},{"taxonomy":"product_cat","embeddable":true,"href":"https:\/\/pgvape.com\/es\/wp-json\/wp\/v2\/product_cat?post=3957"},{"taxonomy":"product_tag","embeddable":true,"href":"https:\/\/pgvape.com\/es\/wp-json\/wp\/v2\/product_tag?post=3957"}],"curies":[{"name":"wp","href":"https:\/\/api.w.org\/{rel}","templated":true}]}}