{"id":3889,"date":"2025-10-21T07:44:06","date_gmt":"2025-10-21T07:44:06","guid":{"rendered":"https:\/\/pgvape.com\/?post_type=product&#038;p=3889"},"modified":"2026-01-27T11:54:38","modified_gmt":"2026-01-27T11:54:38","slug":"bang-king-twins-50000-50k-puffs-sabores-duales-vape-desechable-2-3-5-nicotina-12-gustos-con-vape-de-malla-dual-directo-de-fabrica","status":"publish","type":"product","link":"https:\/\/pgvape.com\/es\/producto\/bang-king-twins-50000-50k-puffs-sabores-duales-vape-desechable-2-3-5-nicotina-12-gustos-con-vape-de-malla-dual-directo-de-fabrica\/","title":{"rendered":"Bang King Twins 50000 | 50K Puffs Vape desechable de sabores duales | 2% 3% 5% Nicotina | 12Tastes | con malla dual | Vape Factory Direct"},"content":{"rendered":"<p><strong data-sourcepos=\"4:5-4:34\">Bang King Twins 50K bocanadas<\/strong> es una prima <strong data-sourcepos=\"4:48-4:86\">Dispositivo de vapeo desechable de doble sabor<\/strong> Dise\u00f1ado para uso prolongado. <strong data-sourcepos=\"4:138-4:164\">Mecanismo de interruptor deslizante<\/strong>, Permite alternar instant\u00e1neamente entre dos sabores distintos. <strong data-sourcepos=\"4:242-4:258\">50.000 bocanadas<\/strong> Capacidad y <strong data-sourcepos=\"4:272-4:297\">Almacenamiento de l\u00edquido electr\u00f3nico de 56 ml<\/strong>, Desarrollado por <strong data-sourcepos=\"4:310-4:334\">Bobinas de malla duales de 1,0 \u03a9<\/strong>, Ofrece una producci\u00f3n de vapor consistente y sabrosa. <strong data-sourcepos=\"4:392-4:423\">Bater\u00eda recargable de 650 mAh.<\/strong> Con <strong data-sourcepos=\"4:429-4:453\">Carga r\u00e1pida tipo C<\/strong> Y <strong data-sourcepos=\"4:458-4:483\">Pantalla digital inteligente<\/strong> Garantiza un rendimiento c\u00f3modo y duradero<\/p>\n<p>&nbsp;<\/p>\n<h2><span style=\"font-size: 90%;\">Bang King Twins 50000 | 50K sopla sabores duales Vape desechable <strong data-sourcepos=\"6:5-6:31\">Especificaciones del producto<\/strong><\/span><\/h2>\n<p><strong data-sourcepos=\"7:3-7:18\">Tipo de dispositivo<\/strong>:\u00a0<strong data-sourcepos=\"7:20-7:51\">Vape desechable de doble sabor<\/strong><\/p>\n<p><strong data-sourcepos=\"8:3-8:17\">Conteo de bocanadas<\/strong>:\u00a0<strong data-sourcepos=\"8:19-8:36\">\u224850.000 bocanadas<\/strong><\/p>\n<p><strong data-sourcepos=\"9:3-9:24\">Capacidad de l\u00edquido electr\u00f3nico<\/strong>:\u00a0<strong data-sourcepos=\"9:26-9:49\">2\u00d728 ml (56 ml en total)<\/strong><\/p>\n<p><strong data-sourcepos=\"10:3-10:23\">Opciones de nicotina<\/strong>:\u00a0<strong data-sourcepos=\"10:25-10:51\">Sal de nicotina 2%\/3%\/5%<\/strong><\/p>\n<p><strong data-sourcepos=\"11:3-11:18\">Sistema de bobina<\/strong>:\u00a0<strong data-sourcepos=\"11:20-11:44\">Bobinas de malla duales de 1,0 \u03a9<\/strong><\/p>\n<p><strong data-sourcepos=\"12:3-12:14\">Bater\u00eda<\/strong>:\u00a0<strong data-sourcepos=\"12:16-12:39\">650mAh recargable<\/strong><\/p>\n<p><strong data-sourcepos=\"13:3-13:15\">Cargando<\/strong>:\u00a0<strong data-sourcepos=\"13:17-13:45\">Carga r\u00e1pida USB tipo C<\/strong><\/p>\n<p><strong data-sourcepos=\"14:3-14:14\">Mostrar<\/strong>:\u00a0<strong data-sourcepos=\"14:16-14:40\">Pantalla digital inteligente<\/strong><\/p>\n<p><strong data-sourcepos=\"15:3-15:14\">Paquete<\/strong>:\u00a0<strong data-sourcepos=\"15:16-15:34\">10 dispositivos\/caja<\/strong><\/p>\n<p>&nbsp;<\/p>\n<h3><span style=\"font-size: 90%;\">Bang King Twins 50000 | 50K sopla sabores duales Vape desechable <strong data-sourcepos=\"17:5-17:20\">Lista de sabores<\/strong><\/span><\/h3>\n<p><strong data-sourcepos=\"18:4-18:37\">1.Love 66 y maracuy\u00e1 con lim\u00f3n<\/strong><\/p>\n<p><strong data-sourcepos=\"19:4-19:45\">2. Melocot\u00f3n, Guayaba, Fresa y Uva Sakura<\/strong><\/p>\n<p><strong data-sourcepos=\"20:4-20:38\">3.Pl\u00e1tano Fresa y Heisenberg<\/strong><\/p>\n<p><strong data-sourcepos=\"21:4-21:40\">4.Blue Razz Ice y Blue Razz Cereza<\/strong><\/p>\n<p><strong data-sourcepos=\"22:4-22:52\">5. Helado de fresa, sand\u00eda y fresa<\/strong><\/p>\n<p><strong data-sourcepos=\"23:4-23:47\">6.Hielo de sand\u00eda y sand\u00eda Hubba Bubba<\/strong><\/p>\n<p><strong data-sourcepos=\"24:4-24:35\">7.Aloe vera doble lima y hielo<\/strong><\/p>\n<p><strong data-sourcepos=\"25:4-25:35\">8.Mezclar kiwi de bayas y fresas<\/strong><\/p>\n<p><strong data-sourcepos=\"26:4-26:36\">9. Lichi s\u00faper genial y hombre rosa<\/strong><\/p>\n<p><strong data-sourcepos=\"27:5-27:43\">10.Jugo de melocot\u00f3n, hielo y mango de fresa<\/strong><\/p>\n<p><strong data-sourcepos=\"28:5-28:41\">11.Bolos de cola, lim\u00f3n y fresa<\/strong><\/p>\n<p><strong data-sourcepos=\"29:5-29:50\">12. Melocot\u00f3n, mango, sand\u00eda y blue razz<img loading=\"lazy\" decoding=\"async\" class=\"alignnone wp-image-3893 size-full\" src=\"https:\/\/pgvape.com\/wp-content\/uploads\/2025\/10\/Bang-King-Twins-50000-Puffs-Flavors_\u526f\u672c.png\" alt=\"Doce dispositivos de vapeo desechables negros dispuestos en dos filas sobre un fondo azul degradado, cada uno con una colorida ilustraci\u00f3n de una calavera, la marca &#039;BANGKING TWINS&#039;, una etiqueta prominente de calada &#039;5000&#039; y peque\u00f1os nombres de sabores impresos debajo.\" width=\"1920\" height=\"1201\" srcset=\"https:\/\/pgvape.com\/wp-content\/uploads\/2025\/10\/Bang-King-Twins-50000-Puffs-Flavors_\u526f\u672c.png 1920w, https:\/\/pgvape.com\/wp-content\/uploads\/2025\/10\/Bang-King-Twins-50000-Puffs-Flavors_\u526f\u672c-555x347.png 555w, https:\/\/pgvape.com\/wp-content\/uploads\/2025\/10\/Bang-King-Twins-50000-Puffs-Flavors_\u526f\u672c-595x372.png 595w, https:\/\/pgvape.com\/wp-content\/uploads\/2025\/10\/Bang-King-Twins-50000-Puffs-Flavors_\u526f\u672c-400x250.png 400w, https:\/\/pgvape.com\/wp-content\/uploads\/2025\/10\/Bang-King-Twins-50000-Puffs-Flavors_\u526f\u672c-768x480.png 768w, https:\/\/pgvape.com\/wp-content\/uploads\/2025\/10\/Bang-King-Twins-50000-Puffs-Flavors_\u526f\u672c-1536x961.png 1536w, https:\/\/pgvape.com\/wp-content\/uploads\/2025\/10\/Bang-King-Twins-50000-Puffs-Flavors_\u526f\u672c-18x12.png 18w, https:\/\/pgvape.com\/wp-content\/uploads\/2025\/10\/Bang-King-Twins-50000-Puffs-Flavors_\u526f\u672c-600x375.png 600w, https:\/\/pgvape.com\/wp-content\/uploads\/2025\/10\/Bang-King-Twins-50000-Puffs-Flavors_\u526f\u672c-60x38.png 60w\" sizes=\"auto, (max-width: 1920px) 100vw, 1920px\" \/><br \/>\n<\/strong><\/p>\n<p>&nbsp;<\/p>\n<h2>Preguntas frecuentes sobre Bang King Twins 50000 | 50K Puffs Vape desechable de sabores duales<\/h2>\n<p data-sourcepos=\"32:1-33:96\">\u2753 <strong data-sourcepos=\"32:3-32:44\">\u201c\u00bfC\u00f3mo funciona el cambio de sabor?\u201d<\/strong><br \/>\n\u2705 <strong data-sourcepos=\"33:3-33:96\">\u201cEl interruptor deslizante patentado permite alternar instant\u00e1neamente entre dos c\u00e1maras de sabor separadas\u201d.\u201d<\/strong><\/p>\n<p data-sourcepos=\"35:1-36:108\">\u2753 <strong data-sourcepos=\"35:3-35:44\">\u201c\u00bfQu\u00e9 hace que este dispositivo dure m\u00e1s?\u201d<\/strong><br \/>\n\u2705 <strong data-sourcepos=\"36:3-36:108\">\u201cLa enorme capacidad de l\u00edquido electr\u00f3nico de 56 ml combinada con eficientes bobinas de malla dual proporciona un uso prolongado\u201d.\u201d<\/strong><\/p>\n<p data-sourcepos=\"38:1-39:85\">\u2753 <strong data-sourcepos=\"38:3-38:41\">\u201c\u00bfLa bater\u00eda es reemplazable por el usuario?\u201d<\/strong><br \/>\n\u2705 <strong data-sourcepos=\"39:3-39:85\">\u201cNo, la bater\u00eda integrada de 650 mAh se puede recargar mediante el cable tipo C incluido\u201d.\u201d<\/strong><\/p>\n<p data-sourcepos=\"41:1-42:97\">\u2753 <strong data-sourcepos=\"41:3-41:42\">\u201c\u00bfQu\u00e9 tan preciso es el contador de bocanadas?\u201d<br \/>\n<\/strong> \u2705 <strong data-sourcepos=\"42:3-42:97\">\u201cEl chip inteligente proporciona monitoreo en tiempo real de las caladas restantes seg\u00fan los patrones de uso\u201d.\u201d<\/strong><\/p>\n<p>&nbsp;<\/p>\n<h3 id=\"brxe-najhln\" class=\"brxe-heading\">Preguntas frecuentes (FAQ)<\/h3>\n<div id=\"brxe-rajiac\" class=\"brxe-text\">\n<p><strong>P: \u00bfQu\u00e9 m\u00e9todos de pago aceptan?<\/strong><br \/>\nR: Aceptamos PayPal, Stripe, transferencias bancarias (compatibles con SEPA), las principales tarjetas de cr\u00e9dito (Visa, MasterCard, American Express) y pagos con criptomonedas.<\/p>\n<p><strong>P: \u00bfCu\u00e1nto tiempo lleva la preparaci\u00f3n del pedido?<\/strong><br \/>\nR: La preparaci\u00f3n del pedido demora entre 1 y 3 d\u00edas h\u00e1biles.<\/p>\n<p><strong>P: \u00bfCu\u00e1l es el tiempo de env\u00edo?<\/strong><br \/>\nR: El tiempo de env\u00edo es de 7 a 14 d\u00edas h\u00e1biles, seg\u00fan su ubicaci\u00f3n.<\/p>\n<p><strong>P: \u00bfC\u00f3mo puedo realizar un seguimiento de mi pedido?<\/strong><br \/>\nR: Despu\u00e9s del env\u00edo, recibir\u00e1 un correo electr\u00f3nico de confirmaci\u00f3n con un n\u00famero de seguimiento para realizar un seguimiento en tiempo real.<\/p>\n<p><strong>P: \u00bfCu\u00e1l es su pol\u00edtica de devoluci\u00f3n?<\/strong><br \/>\nR: Ofrecemos una pol\u00edtica de devoluci\u00f3n de 30 d\u00edas para reembolsos o cambios. .<\/p>\n<p><strong>P: \u00bfHabr\u00e1 alg\u00fan problema aduanero?<br \/>\n<\/strong>Nos encargamos de todos los procedimientos de despacho de aduanas para garantizarle una experiencia sin complicaciones. .<\/p>\n<p><strong>P: \u00bfQu\u00e9 m\u00e9todos de env\u00edo se utilizan?<\/strong><br \/>\nCooperamos con UPS\/DHL\/FEDEX\/DPD, etc. Elegiremos la opci\u00f3n de env\u00edo adecuada seg\u00fan el pa\u00eds de entrega para asegurarnos de que reciba sus productos lo m\u00e1s r\u00e1pido posible.<\/p>\n<p><a href=\"https:\/\/pgvape.com\/es\/preguntas-frecuentes\/\">Haga clic aqu\u00ed para m\u00e1s preguntas frecuentes<\/a><\/p>\n<p>Estimados clientes: Si tienen alguna pregunta sobre su pedido o la llegada de la mercanc\u00eda, comun\u00edquese con nuestro servicio de atenci\u00f3n al cliente. \u00a1Gracias!<\/p>\n<h3 data-sourcepos=\"73:1-73:21\"><strong data-sourcepos=\"73:7-73:21\">Cont\u00e1ctenos<\/strong><\/h3>\n<div id=\"text-2419739398\" class=\"text\">\n<p><strong data-sourcepos=\"75:3-75:12\">Correo electr\u00f3nico<\/strong>:\u00a0<a href=\"mailto:support@pgvape.com\"><strong>support@pgvape.com<\/strong><\/a><\/p>\n<p><strong data-sourcepos=\"76:3-76:15\">WhatsApp<\/strong>: <a href=\"https:\/\/wa.me\/+8618128481258\"><strong>+86 18128481258<\/strong><\/a><br \/>\n<strong>(Respuesta dentro de las 24 horas en d\u00edas h\u00e1biles)<\/strong><\/p>\n<\/div>\n<h3><strong>\u00a1Gracias por elegir pgvape.com! .<br \/>\n<\/strong><\/h3>\n<\/div>","protected":false},"excerpt":{"rendered":"<p><strong data-sourcepos=\"45:1-45:194\">\u201cBang King Twins 50K: el vaporizador desechable de doble sabor definitivo con 50 000 inhalaciones, capacidad de 56 ml, pantalla inteligente y tecnolog\u00eda de bobina de malla premium para un sabor y rendimiento inigualables\u201d.\u201d<\/strong><\/p>","protected":false},"featured_media":3910,"comment_status":"open","ping_status":"closed","template":"","meta":{"_seopress_robots_primary_cat":"none","_seopress_titles_title":"%%post_title%% %%sep%% %%sitetitle%%","_seopress_titles_desc":"","_seopress_robots_index":""},"product_brand":[19,516],"product_cat":[61,18,515],"product_tag":[64,65,332,90,66,204,333],"class_list":{"0":"post-3889","1":"product","2":"type-product","3":"status-publish","4":"has-post-thumbnail","6":"product_brand-bang-king-vape","7":"product_brand-disposable-vape","8":"product_cat-50k-puffs-vape","9":"product_cat-bang-king-vape","10":"product_cat-disposable-vape","11":"product_tag-50k-puffs","12":"product_tag-50k-vape","13":"product_tag-bang-king-twins-50000","14":"product_tag-disposable-vape","15":"product_tag-dual-flavors","16":"product_tag-vape-factory-direct","17":"product_tag-with-dual-mesh","19":"first","20":"instock","21":"sale","22":"shipping-taxable","23":"purchasable","24":"product-type-variable"},"_links":{"self":[{"href":"https:\/\/pgvape.com\/es\/wp-json\/wp\/v2\/product\/3889","targetHints":{"allow":["GET"]}}],"collection":[{"href":"https:\/\/pgvape.com\/es\/wp-json\/wp\/v2\/product"}],"about":[{"href":"https:\/\/pgvape.com\/es\/wp-json\/wp\/v2\/types\/product"}],"replies":[{"embeddable":true,"href":"https:\/\/pgvape.com\/es\/wp-json\/wp\/v2\/comments?post=3889"}],"wp:featuredmedia":[{"embeddable":true,"href":"https:\/\/pgvape.com\/es\/wp-json\/wp\/v2\/media\/3910"}],"wp:attachment":[{"href":"https:\/\/pgvape.com\/es\/wp-json\/wp\/v2\/media?parent=3889"}],"wp:term":[{"taxonomy":"product_brand","embeddable":true,"href":"https:\/\/pgvape.com\/es\/wp-json\/wp\/v2\/product_brand?post=3889"},{"taxonomy":"product_cat","embeddable":true,"href":"https:\/\/pgvape.com\/es\/wp-json\/wp\/v2\/product_cat?post=3889"},{"taxonomy":"product_tag","embeddable":true,"href":"https:\/\/pgvape.com\/es\/wp-json\/wp\/v2\/product_tag?post=3889"}],"curies":[{"name":"wp","href":"https:\/\/api.w.org\/{rel}","templated":true}]}}