{"id":3834,"date":"2025-10-21T06:12:55","date_gmt":"2025-10-21T06:12:55","guid":{"rendered":"https:\/\/pgvape.com\/?post_type=product&#038;p=3834"},"modified":"2026-01-27T11:56:04","modified_gmt":"2026-01-27T11:56:04","slug":"bang-king-crystal-30000-30k-sopla-vape-desechable-limpio-premium-y-elegante-vape-directo-de-fabrica","status":"publish","type":"product","link":"https:\/\/pgvape.com\/es\/producto\/bang-king-crystal-30000-30k-sopla-vape-desechable-limpio-premium-y-elegante-vape-directo-de-fabrica\/","title":{"rendered":"Bang King Crystal 30000 30k sopla f\u00e1brica superior limpia disponible de Vape y elegante Vape directo"},"content":{"rendered":"<div class=\"auto-hide-last-sibling-br paragraph-JOTKXA paragraph-element br-paragraph-space\"><strong data-sourcepos=\"4:5-4:54\">Bang King Crystal 30000 inhalaciones Vape desechable<\/strong> Combina un alto rendimiento con un disfrute duradero. <strong data-sourcepos=\"4:122-4:143\">Bobina de malla premium<\/strong> Para un vapor suave y sabroso, este dispositivo ofrece <strong data-sourcepos=\"4:192-4:214\">Hasta 30.000 inhalaciones<\/strong> De su generoso <strong data-sourcepos=\"4:233-4:254\">Capacidad de l\u00edquido electr\u00f3nico<\/strong>. <strong data-sourcepos=\"4:261-4:299\">Opciones de potencia de nicotina 2%\/3%\/5%<\/strong> y un <strong data-sourcepos=\"4:306-4:337\">Bater\u00eda recargable de 650 mAh.<\/strong> Secundario <strong data-sourcepos=\"4:349-4:373\">Carga r\u00e1pida tipo C<\/strong>, Est\u00e1 dise\u00f1ado para todo el d\u00eda <strong data-sourcepos=\"4:401-4:424\">Satisfacci\u00f3n al vapear<\/strong>. <strong data-sourcepos=\"4:439-4:461\">12 sabores premium<\/strong>, Empaquetado <strong data-sourcepos=\"4:472-4:486\">10 piezas\/caja<\/strong> Para necesidades minoristas o mayoristas.<img loading=\"lazy\" decoding=\"async\" class=\"alignnone wp-image-3859 size-full\" style=\"color: #555555; font-size: 14.4px;\" src=\"https:\/\/pgvape.com\/wp-content\/uploads\/2025\/10\/pgvape-Bang-King-Crystal-30000-30k-Puffs-Disposable-Vape-3.png\" alt=\"Tres dispositivos de vapeo desechables Bang King Totem Beast con coloridas ilustraciones de animales (b\u00faho, lobo, drag\u00f3n) que se muestran sobre un fondo negro y dorado con texto grande &#039;300 PUFFS&#039; e \u00edconos que indican bobina de malla, carga tipo C y capacidad de 650 mAh.\" width=\"1500\" height=\"786\" srcset=\"https:\/\/pgvape.com\/wp-content\/uploads\/2025\/10\/pgvape-Bang-King-Crystal-30000-30k-Puffs-Disposable-Vape-3.png 1500w, https:\/\/pgvape.com\/wp-content\/uploads\/2025\/10\/pgvape-Bang-King-Crystal-30000-30k-Puffs-Disposable-Vape-3-555x291.png 555w, https:\/\/pgvape.com\/wp-content\/uploads\/2025\/10\/pgvape-Bang-King-Crystal-30000-30k-Puffs-Disposable-Vape-3-595x312.png 595w, https:\/\/pgvape.com\/wp-content\/uploads\/2025\/10\/pgvape-Bang-King-Crystal-30000-30k-Puffs-Disposable-Vape-3-400x210.png 400w, https:\/\/pgvape.com\/wp-content\/uploads\/2025\/10\/pgvape-Bang-King-Crystal-30000-30k-Puffs-Disposable-Vape-3-768x402.png 768w, https:\/\/pgvape.com\/wp-content\/uploads\/2025\/10\/pgvape-Bang-King-Crystal-30000-30k-Puffs-Disposable-Vape-3-18x9.png 18w, https:\/\/pgvape.com\/wp-content\/uploads\/2025\/10\/pgvape-Bang-King-Crystal-30000-30k-Puffs-Disposable-Vape-3-600x314.png 600w, https:\/\/pgvape.com\/wp-content\/uploads\/2025\/10\/pgvape-Bang-King-Crystal-30000-30k-Puffs-Disposable-Vape-3-60x31.png 60w\" sizes=\"auto, (max-width: 1500px) 100vw, 1500px\" \/><\/div>\n<div class=\"auto-hide-last-sibling-br paragraph-JOTKXA paragraph-element br-paragraph-space\"><\/div>\n<h2><span style=\"font-size: 90%;\">\u00a0<\/span><\/h2>\n<h3><span style=\"font-size: 90%;\">\u00a0Especificaciones de Vape desechables Bang King Crystal 30000 | 30k Puffs<\/span><\/h3>\n<p><strong>Nombre del producto<\/strong>: Bang King Crystal 30000 bocanadas desechables\u00a0<strong>VAPEO<\/strong><\/p>\n<p><strong>Recuento de soplos<\/strong>: Hasta 30.000\u00a0<strong>PUFFS<\/strong><\/p>\n<p><strong>Tipo de bobina<\/strong>:\u00a0<strong>BOBINA de malla<\/strong>\u00a0(calentamiento uniforme, vapor suave)<\/p>\n<p><strong>Capacidad de la bater\u00eda<\/strong>: 650 mAh recargable\u00a0<strong>BATER\u00cdA<\/strong><\/p>\n<p><strong>Puerto de carga<\/strong>:\u00a0<strong>Carga r\u00e1pida tipo C<\/strong>\u00a0(compatibilidad universal)<\/p>\n<p><strong>Puntos fuertes de la nicotina<\/strong>: 2% \/ 3% \/ 5%<\/p>\n<p><strong>Opciones de SABOR<\/strong>: 12 primas\u00a0<strong>SABORES<\/strong><\/p>\n<p><strong>Embalaje<\/strong>: 10 piezas\/caja<\/p>\n<p><strong>Usuarios objetivo<\/strong>: Casual\u00a0<strong>VAPORES<\/strong>, experimentado\u00a0<strong>VAPORES<\/strong>, vendedores minoristas, compradores mayoristas<\/p>\n<h2><span style=\"font-size: 90%;\">\u00a0<\/span><\/h2>\n<h3><span style=\"font-size: 90%;\">Bang King Crystal 30000 | 30k sopla lista de sabores desechables de Vape<\/span><\/h3>\n<p>1.Sand\u00eda Fresa<\/p>\n<p>2. Hielo azul Razz<\/p>\n<p>3. Hielo de triple baya<\/p>\n<p>4.Hielo de melocot\u00f3n<\/p>\n<p>5. Mango melocot\u00f3n<\/p>\n<p>6.Doble manzana<\/p>\n<p>7.kiwi fresa<\/p>\n<p>8.Aloe Uva<\/p>\n<p>9.Frutas tropicales<\/p>\n<p>10.Pl\u00e1tano y fresa<\/p>\n<p>11.Guayaba y maracuy\u00e1 con kiwi<\/p>\n<p>12. Hielo del Drag\u00f3n Negro<img loading=\"lazy\" decoding=\"async\" class=\"alignnone wp-image-3863 size-full\" src=\"https:\/\/pgvape.com\/wp-content\/uploads\/2025\/10\/pgvape-Bang-King-Crystal-30000-30k-Puffs-Disposable-Vape-7.png\" alt=\"\" width=\"1800\" height=\"1210\" srcset=\"https:\/\/pgvape.com\/wp-content\/uploads\/2025\/10\/pgvape-Bang-King-Crystal-30000-30k-Puffs-Disposable-Vape-7.png 1800w, https:\/\/pgvape.com\/wp-content\/uploads\/2025\/10\/pgvape-Bang-King-Crystal-30000-30k-Puffs-Disposable-Vape-7-536x360.png 536w, https:\/\/pgvape.com\/wp-content\/uploads\/2025\/10\/pgvape-Bang-King-Crystal-30000-30k-Puffs-Disposable-Vape-7-595x400.png 595w, https:\/\/pgvape.com\/wp-content\/uploads\/2025\/10\/pgvape-Bang-King-Crystal-30000-30k-Puffs-Disposable-Vape-7-400x269.png 400w, https:\/\/pgvape.com\/wp-content\/uploads\/2025\/10\/pgvape-Bang-King-Crystal-30000-30k-Puffs-Disposable-Vape-7-768x516.png 768w, https:\/\/pgvape.com\/wp-content\/uploads\/2025\/10\/pgvape-Bang-King-Crystal-30000-30k-Puffs-Disposable-Vape-7-1536x1033.png 1536w, https:\/\/pgvape.com\/wp-content\/uploads\/2025\/10\/pgvape-Bang-King-Crystal-30000-30k-Puffs-Disposable-Vape-7-18x12.png 18w, https:\/\/pgvape.com\/wp-content\/uploads\/2025\/10\/pgvape-Bang-King-Crystal-30000-30k-Puffs-Disposable-Vape-7-600x403.png 600w, https:\/\/pgvape.com\/wp-content\/uploads\/2025\/10\/pgvape-Bang-King-Crystal-30000-30k-Puffs-Disposable-Vape-7-60x40.png 60w\" sizes=\"auto, (max-width: 1800px) 100vw, 1800px\" \/><\/p>\n<h2><span style=\"font-size: 90%;\">\u00a0<\/span><\/h2>\n<h3><span style=\"font-size: 90%;\">V\u00eddeo de Vape desechable Bang King Crystal 30000 | 30k Puffs:<br \/>\n<iframe loading=\"lazy\" title=\"Bang King Crystal 30000 | 30k sopla pgvape directo de f\u00e1brica disponible de Vape | Vape\" width=\"1020\" height=\"574\" src=\"https:\/\/www.youtube.com\/embed\/vJrJNuhD_kE?feature=oembed\" frameborder=\"0\" allow=\"accelerometer; autoplay; clipboard-write; encrypted-media; gyroscope; picture-in-picture; web-share\" referrerpolicy=\"strict-origin-when-cross-origin\" allowfullscreen><\/iframe><br \/>\n<\/span><\/h3>\n<p>&nbsp;<\/p>\n<h2 class=\"header-vfC6AV auto-hide-last-sibling-br\">Preguntas frecuentes sobre Bang King Crystal 30000 | 30k Puffs Vape desechable<\/h2>\n<p data-sourcepos=\"30:1-31:99\">\u2753 <strong data-sourcepos=\"30:3-30:42\">\u201c\u00bfQu\u00e9 hace que la bobina de malla sea especial?<br \/>\n\u201c<\/strong>\u2705 <strong data-sourcepos=\"31:3-31:97\">\u201cLa bobina de malla avanzada garantiza un calentamiento uniforme, un vapor m\u00e1s suave y una entrega de sabor m\u00e1s rica\u201d.\u201d<\/strong><\/p>\n<p data-sourcepos=\"33:1-34:92\">\u2753 <strong data-sourcepos=\"33:3-33:40\">\u201c\u00bfCu\u00e1nto dura la bater\u00eda?<br \/>\n\u201c<\/strong>\u2705 <strong data-sourcepos=\"34:3-34:90\">\u201cLa bater\u00eda de 650 mAh proporciona energ\u00eda durante todo el d\u00eda y se puede recargar mediante carga r\u00e1pida tipo C\u201d.\u201d<\/strong><\/p>\n<p data-sourcepos=\"36:1-37:90\">\u2753 <strong data-sourcepos=\"36:3-36:49\">\u201c\u00bfEs esto adecuado para compras al por mayor?<br \/>\n\u201c<\/strong> \u2705 <strong data-sourcepos=\"37:3-37:88\">\u201cS\u00ed, la pr\u00e1ctica caja de 10 paquetes es ideal tanto para distribuci\u00f3n minorista como a granel\u201d.\u201d<\/strong><\/p>\n<p data-sourcepos=\"39:1-40:88\">\u2753 <strong data-sourcepos=\"39:3-39:44\">\u201c\u00bfQu\u00e9 niveles de nicotina est\u00e1n disponibles?<br \/>\n\u201c<\/strong> \u2705 <strong data-sourcepos=\"40:3-40:86\">\u201cElija entre 2% (ligero), 3% (medio) o 5% (fuerte) seg\u00fan sus preferencias\u201d.\u201d<\/strong><\/p>\n<h2><span style=\"font-size: 90%;\">\u00a0<\/span><\/h2>\n<h3 id=\"brxe-najhln\" class=\"brxe-heading\">Preguntas frecuentes (FAQ)<\/h3>\n<div id=\"brxe-rajiac\" class=\"brxe-text\">\n<p><strong>P: \u00bfQu\u00e9 m\u00e9todos de pago aceptan?<\/strong><br \/>\nR: Aceptamos PayPal, Stripe, transferencias bancarias (compatibles con SEPA), las principales tarjetas de cr\u00e9dito (Visa, MasterCard, American Express) y pagos con criptomonedas.<\/p>\n<p><strong>P: \u00bfCu\u00e1nto tiempo lleva la preparaci\u00f3n del pedido?<\/strong><br \/>\nR: La preparaci\u00f3n del pedido demora entre 1 y 3 d\u00edas h\u00e1biles.<\/p>\n<p><strong>P: \u00bfCu\u00e1l es el tiempo de env\u00edo?<\/strong><br \/>\nR: El tiempo de env\u00edo es de 7 a 14 d\u00edas h\u00e1biles, seg\u00fan su ubicaci\u00f3n.<\/p>\n<p><strong>P: \u00bfC\u00f3mo puedo realizar un seguimiento de mi pedido?<\/strong><br \/>\nR: Despu\u00e9s del env\u00edo, recibir\u00e1 un correo electr\u00f3nico de confirmaci\u00f3n con un n\u00famero de seguimiento para realizar un seguimiento en tiempo real.<\/p>\n<p><strong>P: \u00bfCu\u00e1l es su pol\u00edtica de devoluci\u00f3n?<\/strong><br \/>\nR: Ofrecemos una pol\u00edtica de devoluci\u00f3n de 30 d\u00edas para reembolsos o cambios. .<\/p>\n<p><strong>P: \u00bfHabr\u00e1 alg\u00fan problema aduanero?<br \/>\n<\/strong>Nos encargamos de todos los procedimientos de despacho de aduanas para garantizarle una experiencia sin complicaciones. .<\/p>\n<p><strong>P: \u00bfQu\u00e9 m\u00e9todos de env\u00edo se utilizan?<\/strong><br \/>\nCooperamos con UPS\/DHL\/FEDEX\/DPD, etc. Elegiremos la opci\u00f3n de env\u00edo adecuada seg\u00fan el pa\u00eds de entrega para asegurarnos de que reciba sus productos lo m\u00e1s r\u00e1pido posible.<\/p>\n<p><a href=\"https:\/\/pgvape.com\/es\/preguntas-frecuentes\/\"><span style=\"font-size: 100%;\">Haga clic aqu\u00ed para m\u00e1s preguntas frecuentes<\/span><\/a><\/p>\n<p>Estimados clientes: Si tienen alguna pregunta sobre su pedido o la llegada de la mercanc\u00eda, comun\u00edquese con nuestro servicio de atenci\u00f3n al cliente. \u00a1Gracias!<\/p>\n<h3 data-sourcepos=\"73:1-73:21\"><span style=\"font-size: 90%;\"><strong data-sourcepos=\"73:7-73:21\">Cont\u00e1ctenos<\/strong><\/span><\/h3>\n<div id=\"text-2419739398\" class=\"text\">\n<p><strong data-sourcepos=\"75:3-75:12\">Correo electr\u00f3nico<\/strong>:\u00a0<a href=\"mailto:support@pgvape.com\"><strong>support@pgvape.com<\/strong><\/a><\/p>\n<p><strong data-sourcepos=\"76:3-76:15\">WhatsApp<\/strong>: <a href=\"https:\/\/wa.me\/+8618128481258\"><strong>+86 18128481258<\/strong><\/a><br \/>\n<strong>(Respuesta dentro de las 24 horas en d\u00edas h\u00e1biles)<\/strong><\/p>\n<\/div>\n<h3><strong><span style=\"font-size: 80%;\">\u00a1Gracias por elegir pgvape.com! .<\/span><\/strong><\/h3>\n<\/div>\n<div class=\"auto-hide-last-sibling-br paragraph-JOTKXA paragraph-element br-paragraph-space\"><\/div>","protected":false},"excerpt":{"rendered":"<p><strong data-sourcepos=\"43:1-43:200\">\u201cBang King Crystal 30K: un vaporizador desechable de alta capacidad con 30.000 inhalaciones, tecnolog\u00eda de bobina de malla y 12 sabores premium, alimentado por una bater\u00eda recargable de 650 mAh con carga r\u00e1pida tipo C\u201d.\u201d<\/strong><\/p>","protected":false},"featured_media":3874,"comment_status":"open","ping_status":"closed","template":"","meta":{"_seopress_robots_primary_cat":"none","_seopress_titles_title":"%%post_title%% %%sep%% %%sitetitle%%","_seopress_titles_desc":"","_seopress_robots_index":""},"product_brand":[19,516],"product_cat":[35,18,515],"product_tag":[38,134,330,331,90,204],"class_list":{"0":"post-3834","1":"product","2":"type-product","3":"status-publish","4":"has-post-thumbnail","6":"product_brand-bang-king-vape","7":"product_brand-disposable-vape","8":"product_cat-30k-puffs-vape","9":"product_cat-bang-king-vape","10":"product_cat-disposable-vape","11":"product_tag-30k-puffs","12":"product_tag-30k-vape","13":"product_tag-bang-king-crystal","14":"product_tag-clean-premium-and-stylish","15":"product_tag-disposable-vape","16":"product_tag-vape-factory-direct","18":"first","19":"instock","20":"sale","21":"shipping-taxable","22":"purchasable","23":"product-type-variable"},"_links":{"self":[{"href":"https:\/\/pgvape.com\/es\/wp-json\/wp\/v2\/product\/3834","targetHints":{"allow":["GET"]}}],"collection":[{"href":"https:\/\/pgvape.com\/es\/wp-json\/wp\/v2\/product"}],"about":[{"href":"https:\/\/pgvape.com\/es\/wp-json\/wp\/v2\/types\/product"}],"replies":[{"embeddable":true,"href":"https:\/\/pgvape.com\/es\/wp-json\/wp\/v2\/comments?post=3834"}],"wp:featuredmedia":[{"embeddable":true,"href":"https:\/\/pgvape.com\/es\/wp-json\/wp\/v2\/media\/3874"}],"wp:attachment":[{"href":"https:\/\/pgvape.com\/es\/wp-json\/wp\/v2\/media?parent=3834"}],"wp:term":[{"taxonomy":"product_brand","embeddable":true,"href":"https:\/\/pgvape.com\/es\/wp-json\/wp\/v2\/product_brand?post=3834"},{"taxonomy":"product_cat","embeddable":true,"href":"https:\/\/pgvape.com\/es\/wp-json\/wp\/v2\/product_cat?post=3834"},{"taxonomy":"product_tag","embeddable":true,"href":"https:\/\/pgvape.com\/es\/wp-json\/wp\/v2\/product_tag?post=3834"}],"curies":[{"name":"wp","href":"https:\/\/api.w.org\/{rel}","templated":true}]}}