{"id":3793,"date":"2025-10-19T11:10:45","date_gmt":"2025-10-19T11:10:45","guid":{"rendered":"https:\/\/pgvape.com\/?post_type=product&#038;p=3793"},"modified":"2026-01-24T07:40:10","modified_gmt":"2026-01-24T07:40:10","slug":"bang-king-triple-75000-75k-puffs-3-en-1-sabores-vape-desechable-0-2-3-5-nicotina-16-gustos-pantalla-led-inteligente-vape-directo-de-fabrica","status":"publish","type":"product","link":"https:\/\/pgvape.com\/es\/producto\/bang-king-triple-75000-75k-puffs-3-en-1-sabores-vape-desechable-0-2-3-5-nicotina-16-gustos-pantalla-led-inteligente-vape-directo-de-fabrica\/","title":{"rendered":"Bang King Triple 75000 | 75K Puffs 3 en 1 sabores Vape desechable | 0% 2% 3% 5% Nicotina | 16 gustos | Pantalla LED inteligente | Vape Factory Direct"},"content":{"rendered":"<div class=\"auto-hide-last-sibling-br paragraph-JOTKXA paragraph-element br-paragraph-space\">\n<p><strong data-sourcepos=\"6:5-6:53\">Bang King Triple 75000 inhalaciones Vape desechable<\/strong> revoluciona el vapeo con su <strong data-sourcepos=\"6:85-6:109\">Sistema de sabor 3 en 1<\/strong>, entregando <strong data-sourcepos=\"6:122-6:138\">75.000 bocanadas<\/strong> de una impresionante <strong data-sourcepos=\"6:158-6:184\">Capacidad de e-l\u00edquido de 45 ml.<\/strong>. <strong data-sourcepos=\"6:199-6:230\">Bater\u00eda recargable de 650 mAh.<\/strong> y <strong data-sourcepos=\"6:235-6:261\">bobinas de malla triples de 1.0\u03a9<\/strong>, produce <strong data-sourcepos=\"6:275-6:297\">vapor rico y suave<\/strong> con <strong data-sourcepos=\"6:303-6:335\">Opciones de nicotina 0%\/2%\/3%\/5%<\/strong>. <strong data-sourcepos=\"6:341-6:356\">pantalla LED<\/strong> proporciona monitoreo en tiempo real, mientras <strong data-sourcepos=\"6:394-6:418\">Carga r\u00e1pida tipo C<\/strong> garantiza comodidad. <strong data-sourcepos=\"6:449-6:469\">10 unidades por caja<\/strong>, est\u00e1 disponible en <strong data-sourcepos=\"6:489-6:516\">16 tr\u00edos de sabores premium<\/strong> para satisfacer todos los paladares.<\/p>\n<p><span style=\"font-size: 90%;\">\u00a0<\/span><\/p>\n<\/div>\n<h3><span style=\"font-size: 90%;\">Bang King Triple 75000 75K Puffs 3 en 1 sabores Especificaciones de Vape desechables<\/span><\/h3>\n<p><strong data-sourcepos=\"11:3-11:18\">Conteo de bocanadas:<\/strong>\u00a0<strong data-sourcepos=\"11:19-11:35\">75.000 bocanadas<\/strong><span class=\"CustomP_animated_char__m3r9w\">\u00a0<\/span><span class=\"CustomP_animated_char__m3r9w\">(<\/span><span class=\"CustomP_animated_char__m3r9w\">Extendido<\/span><span class=\"CustomP_animated_char__m3r9w\">\u00a0<\/span><span class=\"CustomP_animated_char__m3r9w\">actuaci\u00f3n<\/span><span class=\"CustomP_animated_char__m3r9w\">)<\/span><\/p>\n<p><strong data-sourcepos=\"12:3-12:16\">Nicotina:<\/strong>\u00a0<strong data-sourcepos=\"12:17-12:38\">0% \/ 2% \/ 3% \/ 5%<\/strong><span class=\"CustomP_animated_char__m3r9w\">\u00a0<\/span><span class=\"CustomP_animated_char__m3r9w\">(<\/span><span class=\"CustomP_animated_char__m3r9w\">Personalizado<\/span><span class=\"CustomP_animated_char__m3r9w\">\u00a0<\/span><span class=\"CustomP_animated_char__m3r9w\">fortaleza<\/span><span class=\"CustomP_animated_char__m3r9w\">)<\/span><\/p>\n<p><strong data-sourcepos=\"13:3-13:21\">Sistema de sabor:<\/strong><\/p>\n<p><strong data-sourcepos=\"14:5-14:29\">3 sabores ajustables<\/strong><span class=\"CustomP_animated_char__m3r9w\">\u00a0<\/span><span class=\"CustomP_animated_char__m3r9w\">(<\/span><span class=\"CustomP_animated_char__m3r9w\">Instante<\/span><span class=\"CustomP_animated_char__m3r9w\">\u00a0<\/span><span class=\"CustomP_animated_char__m3r9w\">traspuesta<\/span><span class=\"CustomP_animated_char__m3r9w\">)<\/span><\/p>\n<p><strong data-sourcepos=\"15:5-15:28\">Capacidad total de 45 ml.<\/strong><span class=\"CustomP_animated_char__m3r9w\">\u00a0<\/span><span class=\"CustomP_animated_char__m3r9w\">(<\/span><span class=\"CustomP_animated_char__m3r9w\">15ml<\/span><span class=\"CustomP_animated_char__m3r9w\">\u00d7<\/span><span class=\"CustomP_animated_char__m3r9w\">3<\/span><span class=\"CustomP_animated_char__m3r9w\">\u00a0<\/span><span class=\"CustomP_animated_char__m3r9w\">tanques<\/span><span class=\"CustomP_animated_char__m3r9w\">)<\/span><\/p>\n<p><strong data-sourcepos=\"16:3-16:12\">Bobina:<\/strong>\u00a0<strong data-sourcepos=\"16:13-16:33\">Malla triple de 1,0\u03a9<\/strong><span class=\"CustomP_animated_char__m3r9w\">\u00a0<\/span><span class=\"CustomP_animated_char__m3r9w\">(<\/span><span class=\"CustomP_animated_char__m3r9w\">35<\/span><span class=\"CustomP_animated_char__m3r9w\">%<\/span><span class=\"CustomP_animated_char__m3r9w\">\u00a0<\/span><span class=\"CustomP_animated_char__m3r9w\">m\u00e1s<\/span><span class=\"CustomP_animated_char__m3r9w\">\u00a0<\/span><span class=\"CustomP_animated_char__m3r9w\">sabor<\/span><span class=\"CustomP_animated_char__m3r9w\">\u00a0<\/span><span class=\"CustomP_animated_char__m3r9w\">vs<\/span><span class=\"CustomP_animated_char__m3r9w\">.<\/span><span class=\"CustomP_animated_char__m3r9w\">\u00a0<\/span><span class=\"CustomP_animated_char__m3r9w\">soltero<\/span><span class=\"CustomP_animated_char__m3r9w\">\u00a0<\/span><span class=\"CustomP_animated_char__m3r9w\">bobinas<\/span><span class=\"CustomP_animated_char__m3r9w\">)<\/span><\/p>\n<p><strong data-sourcepos=\"17:3-17:15\">Bater\u00eda:<\/strong><span class=\"CustomP_animated_char__m3r9w\">\u00a0<\/span><span class=\"CustomP_animated_char__m3r9w\">bobinas<\/span><span class=\"CustomP_animated_char__m3r9w\">)<\/span><\/p>\n<p><strong data-sourcepos=\"18:3-18:15\">Bater\u00eda:<\/strong>\u00a0<strong data-sourcepos=\"18:16-18:39\">650mAh recargable<\/strong><span class=\"CustomP_animated_char__m3r9w\">\u00a0<\/span><span class=\"CustomP_animated_char__m3r9w\">+<\/span><span class=\"CustomP_animated_char__m3r9w\">\u00a0<\/span><strong data-sourcepos=\"18:42-18:61\">Carga tipo C<\/strong><\/p>\n<p><strong data-sourcepos=\"19:3-19:15\">Mostrar:<\/strong>\u00a0<strong data-sourcepos=\"19:16-19:30\">Pantalla LED<\/strong><span class=\"CustomP_animated_char__m3r9w\">\u00a0<\/span><span class=\"CustomP_animated_char__m3r9w\">(<\/span><span class=\"CustomP_animated_char__m3r9w\">Bater\u00eda<\/span><span class=\"CustomP_animated_char__m3r9w\">\u00a0<\/span><span class=\"CustomP_animated_char__m3r9w\">&amp;<\/span><span class=\"CustomP_animated_char__m3r9w\">\u00a0<\/span><span class=\"CustomP_animated_char__m3r9w\">mi<\/span><span class=\"CustomP_animated_char__m3r9w\">\u2013<\/span><span class=\"CustomP_animated_char__m3r9w\">l\u00edquido<\/span><span class=\"CustomP_animated_char__m3r9w\">\u00a0<\/span><span class=\"CustomP_animated_char__m3r9w\">escucha<\/span><span class=\"CustomP_animated_char__m3r9w\">)<\/span><\/p>\n<p><strong data-sourcepos=\"20:3-20:17\">Embalaje:<\/strong>\u00a0<strong data-sourcepos=\"20:18-20:32\">10 unidades\/caja<\/strong><span class=\"CustomP_animated_char__m3r9w\">\u00a0<\/span><span class=\"CustomP_animated_char__m3r9w\">(<\/span><span class=\"CustomP_animated_char__m3r9w\">Minorista<\/span><span class=\"CustomP_animated_char__m3r9w\">\u2013<\/span><span class=\"CustomP_animated_char__m3r9w\">listo<\/span><span class=\"CustomP_animated_char__m3r9w\">)<\/span><\/p>\n<h2><span style=\"font-size: 90%;\">\u00a0<\/span><\/h2>\n<h3><span style=\"font-size: 90%;\">Bang King Triple 75000 75K Puffs 3 en 1 sabores Lista de sabores desechables de Vape<\/span><\/h3>\n<p>1.Sand\u00eda \/ Red Bull \/ Fresa Kiwi<\/p>\n<p>2. Lima Lim\u00f3n \/ Sand\u00eda Fresa \/ Hielo de Ar\u00e1ndano<\/p>\n<p>3.Pl\u00e1tano Fresa \/ Sand\u00eda Frambuesa \/ Limonada Rosa<\/p>\n<p>4. Cereza Blue Razz \/ Menta Fr\u00eda \/ Mango Melocot\u00f3n<\/p>\n<p>5.Fruta Tropical \/ Fresa Sand\u00eda \/ Lim\u00f3n Melocot\u00f3n<\/p>\n<p>6. Pi\u00f1a Coco \/ Fresa Pl\u00e1tano \/ Blue Razz<\/p>\n<p>7.Sand\u00eda Fresa \/ Mel\u00f3n Triple \/ Helado de Fresa<\/p>\n<p>8.Frutas mixtas \/ Melocot\u00f3n de mango \/ Hielo de uva<\/p>\n<p>9.Coca cola de fresa y vainilla \/ Hielo de melocot\u00f3n \/ Hielo de drag\u00f3n negro<\/p>\n<p>10.Lush Ice \/ Kiwi Maracuy\u00e1 Guayaba \/ Mango Paja<\/p>\n<p>11.Sand\u00eda Fresa \/ Sand\u00eda \/ Hielo Blue Razz<\/p>\n<p>12. Limonada de bayas \/ Red Bull de fresa \/ Pompa de fresa<\/p>\n<p>13.Doble Manzana \/ Fusi\u00f3n Afrutada \/ Hielo de Pi\u00f1a<\/p>\n<p>14.Cola Ice \/ Mr Blue \/ Cherry Cola<\/p>\n<p>15.Donut de fresa \/ Hielo de pl\u00e1tano \/ Love66<\/p>\n<p>16.T\u00e9 helado Hielo de lim\u00f3n \/ Mango sobre hielo \/ Hielo de lichi<img loading=\"lazy\" decoding=\"async\" class=\"alignnone wp-image-3800 size-full\" src=\"https:\/\/pgvape.com\/wp-content\/uploads\/2025\/10\/Bang-King-75000-Puffs-Flavors.png\" alt=\"Anuncio que muestra 16 coloridos dispositivos de vapeo desechables dispuestos en dos filas, cada uno con una ilustraci\u00f3n \u00fanica de un mono de dibujos animados y una etiqueta de sabor sobre un fondo brillante degradado con \u00edconos de productos y un gran titular de &quot;16 sabores&quot;.\" width=\"1500\" height=\"1500\" srcset=\"https:\/\/pgvape.com\/wp-content\/uploads\/2025\/10\/Bang-King-75000-Puffs-Flavors.png 1500w, https:\/\/pgvape.com\/wp-content\/uploads\/2025\/10\/Bang-King-75000-Puffs-Flavors-360x360.png 360w, https:\/\/pgvape.com\/wp-content\/uploads\/2025\/10\/Bang-King-75000-Puffs-Flavors-595x595.png 595w, https:\/\/pgvape.com\/wp-content\/uploads\/2025\/10\/Bang-King-75000-Puffs-Flavors-400x400.png 400w, https:\/\/pgvape.com\/wp-content\/uploads\/2025\/10\/Bang-King-75000-Puffs-Flavors-768x768.png 768w, https:\/\/pgvape.com\/wp-content\/uploads\/2025\/10\/Bang-King-75000-Puffs-Flavors-12x12.png 12w, https:\/\/pgvape.com\/wp-content\/uploads\/2025\/10\/Bang-King-75000-Puffs-Flavors-300x300.png 300w, https:\/\/pgvape.com\/wp-content\/uploads\/2025\/10\/Bang-King-75000-Puffs-Flavors-600x600.png 600w, https:\/\/pgvape.com\/wp-content\/uploads\/2025\/10\/Bang-King-75000-Puffs-Flavors-100x100.png 100w, https:\/\/pgvape.com\/wp-content\/uploads\/2025\/10\/Bang-King-75000-Puffs-Flavors-40x40.png 40w\" sizes=\"auto, (max-width: 1500px) 100vw, 1500px\" \/><\/p>\n<p>&nbsp;<\/p>\n<p>&nbsp;<\/p>\n<h2 class=\"header-vfC6AV auto-hide-last-sibling-br\">Preguntas frecuentes sobre Bang King Triple 75000 75K Puffs 3 en 1 sabores Vape desechable<\/h2>\n<p data-sourcepos=\"37:1-38:111\">\u2753 <strong data-sourcepos=\"37:3-37:41\">\u00bfC\u00f3mo funciona el sistema de 3 sabores?<\/strong><br \/>\n\u2705 Alternar entre <strong data-sourcepos=\"38:18-38:34\">Sabor A\/B\/C<\/strong> o mezclarlos (por ejemplo, <em data-sourcepos=\"38:54-38:82\">Red Bull + Kiwi Fresa<\/em>) con un simple ajuste.<\/p>\n<p data-sourcepos=\"40:1-41:91\">\u2753 <strong data-sourcepos=\"40:3-40:48\">\u00bfQu\u00e9 hace que la calidad del vapor sea excepcional?<br \/>\n<\/strong> \u2705 <strong data-sourcepos=\"41:3-41:24\">Bobinas de malla triple<\/strong> proporcionar <strong data-sourcepos=\"41:33-41:51\">nubes m\u00e1s espesas<\/strong> y <strong data-sourcepos=\"41:56-41:73\">sabor m\u00e1s profundo<\/strong> con cada bocanada.<\/p>\n<p data-sourcepos=\"43:1-44:69\">\u2753 <strong data-sourcepos=\"43:3-43:41\">\u00bfEst\u00e1 disponible el vapeo sin nicotina?<\/strong><br \/>\n\u2705 \u00a1S\u00ed! <strong data-sourcepos=\"44:12-44:34\">0% opci\u00f3n nicotina<\/strong> Ofrece nubes puras y sabrosas.<\/p>\n<p data-sourcepos=\"46:1-47:79\">\u2753 <strong data-sourcepos=\"46:3-46:34\">\u00bfQu\u00e9 tan conveniente es cargar?<\/strong><br \/>\n\u2705 <strong data-sourcepos=\"47:3-47:18\">Puerto tipo C<\/strong> recarga completamente el <strong data-sourcepos=\"47:39-47:57\">bater\u00eda de 650 mAh<\/strong> en <strong data-sourcepos=\"47:61-47:76\">~45 minutos<\/strong>.<\/p>\n<p data-sourcepos=\"49:1-50:105\">\u2753 <strong data-sourcepos=\"49:3-49:29\">\u00bfPara qui\u00e9n es perfecto?<br \/>\n<\/strong> \u2705 <strong data-sourcepos=\"50:3-50:25\">Entusiastas del sabor<\/strong> y <strong data-sourcepos=\"50:30-50:43\">minoristas<\/strong> buscando desechables de alto rendimiento con potencial de ganancias.<\/p>\n<p><span style=\"font-size: 90%;\">\u00a0<\/span><\/p>\n<h3 id=\"brxe-najhln\" class=\"brxe-heading\">Preguntas frecuentes (FAQ)<\/h3>\n<div id=\"brxe-rajiac\" class=\"brxe-text\">\n<p><strong>P: \u00bfQu\u00e9 m\u00e9todos de pago aceptan?<\/strong><br \/>\nR: Aceptamos PayPal, Stripe, transferencias bancarias (compatibles con SEPA), las principales tarjetas de cr\u00e9dito (Visa, MasterCard, American Express) y pagos con criptomonedas.<\/p>\n<p><strong>P: \u00bfCu\u00e1nto tiempo lleva la preparaci\u00f3n del pedido?<\/strong><br \/>\nR: La preparaci\u00f3n del pedido demora entre 1 y 3 d\u00edas h\u00e1biles.<\/p>\n<p><strong>P: \u00bfCu\u00e1l es el tiempo de env\u00edo?<\/strong><br \/>\nR: El tiempo de env\u00edo es de 7 a 14 d\u00edas h\u00e1biles, seg\u00fan su ubicaci\u00f3n.<\/p>\n<p><strong>P: \u00bfC\u00f3mo puedo realizar un seguimiento de mi pedido?<\/strong><br \/>\nR: Despu\u00e9s del env\u00edo, recibir\u00e1 un correo electr\u00f3nico de confirmaci\u00f3n con un n\u00famero de seguimiento para realizar un seguimiento en tiempo real.<\/p>\n<p><strong>P: \u00bfCu\u00e1l es su pol\u00edtica de devoluci\u00f3n?<\/strong><br \/>\nR: Ofrecemos una pol\u00edtica de devoluci\u00f3n de 30 d\u00edas para reembolsos o cambios. .<\/p>\n<p><strong>P: \u00bfHabr\u00e1 alg\u00fan problema aduanero?<br \/>\n<\/strong>Nos encargamos de todos los procedimientos de despacho de aduanas para garantizarle una experiencia sin complicaciones. .<\/p>\n<p><strong>P: \u00bfQu\u00e9 m\u00e9todos de env\u00edo se utilizan?<\/strong><br \/>\nCooperamos con UPS\/DHL\/FEDEX\/DPD, etc. Elegiremos la opci\u00f3n de env\u00edo adecuada seg\u00fan el pa\u00eds de entrega para asegurarnos de que reciba sus productos lo m\u00e1s r\u00e1pido posible.<\/p>\n<p><a href=\"https:\/\/pgvape.com\/es\/preguntas-frecuentes\/\"><span style=\"font-size: 100%;\">Haga clic aqu\u00ed para m\u00e1s preguntas frecuentes<\/span><\/a><\/p>\n<p>Estimados clientes: Si tienen alguna pregunta sobre su pedido o la llegada de la mercanc\u00eda, comun\u00edquese con nuestro servicio de atenci\u00f3n al cliente. \u00a1Gracias!<\/p>\n<h3 data-sourcepos=\"73:1-73:21\"><span style=\"font-size: 90%;\"><strong data-sourcepos=\"73:7-73:21\">Cont\u00e1ctenos<\/strong><\/span><\/h3>\n<div id=\"text-2419739398\" class=\"text\">\n<p><strong data-sourcepos=\"75:3-75:12\">Correo electr\u00f3nico<\/strong>:\u00a0<a href=\"mailto:support@pgvape.com\"><strong>support@pgvape.com<\/strong><\/a><\/p>\n<p><strong data-sourcepos=\"76:3-76:15\">WhatsApp<\/strong>: <a href=\"https:\/\/wa.me\/+8618128481258\"><strong>+86 18128481258<\/strong><\/a><br \/>\n<strong>(Respuesta dentro de las 24 horas en d\u00edas h\u00e1biles)<\/strong><\/p>\n<\/div>\n<h3><strong><span style=\"font-size: 80%;\">\u00a1Gracias por elegir pgvape.com! .<\/span><\/strong><\/h3>\n<\/div>","protected":false},"excerpt":{"rendered":"<p>Con <strong data-sourcepos=\"55:6-55:19\">75.000 bocanadas<\/strong>, <strong data-sourcepos=\"55:21-55:45\">Versatilidad de 3 sabores<\/strong>, y <strong data-sourcepos=\"55:51-55:68\">Capacidad de 45 ml.<\/strong>, el <strong data-sourcepos=\"55:74-55:98\">Bang King Triple 75K<\/strong> establece el est\u00e1ndar para los desechables premium. <strong data-sourcepos=\"55:142-55:161\">16 tr\u00edos de sabores<\/strong> y <strong data-sourcepos=\"55:166-55:184\">seguimiento inteligente<\/strong> ofrecer una variedad infinita.<\/p>","protected":false},"featured_media":3813,"comment_status":"open","ping_status":"closed","template":"","meta":{"_seopress_robots_primary_cat":"none","_seopress_titles_title":"%%post_title%% %%sep%% %%sitetitle%%","_seopress_titles_desc":"","_seopress_robots_index":""},"product_brand":[19,516],"product_cat":[326,18,515],"product_tag":[24,328,329,327,90,143],"class_list":{"0":"post-3793","1":"product","2":"type-product","3":"status-publish","4":"has-post-thumbnail","6":"product_brand-bang-king-vape","7":"product_brand-disposable-vape","8":"product_cat-75k-puffs-vape","9":"product_cat-bang-king-vape","10":"product_cat-disposable-vape","11":"product_tag-3-in-1-flavors","12":"product_tag-75k-puffs","13":"product_tag-75k-vape","14":"product_tag-bang-king-triple","15":"product_tag-disposable-vape","16":"product_tag-smart-led-display","18":"first","19":"outofstock","20":"sale","21":"shipping-taxable","22":"purchasable","23":"product-type-variable"},"_links":{"self":[{"href":"https:\/\/pgvape.com\/es\/wp-json\/wp\/v2\/product\/3793","targetHints":{"allow":["GET"]}}],"collection":[{"href":"https:\/\/pgvape.com\/es\/wp-json\/wp\/v2\/product"}],"about":[{"href":"https:\/\/pgvape.com\/es\/wp-json\/wp\/v2\/types\/product"}],"replies":[{"embeddable":true,"href":"https:\/\/pgvape.com\/es\/wp-json\/wp\/v2\/comments?post=3793"}],"wp:featuredmedia":[{"embeddable":true,"href":"https:\/\/pgvape.com\/es\/wp-json\/wp\/v2\/media\/3813"}],"wp:attachment":[{"href":"https:\/\/pgvape.com\/es\/wp-json\/wp\/v2\/media?parent=3793"}],"wp:term":[{"taxonomy":"product_brand","embeddable":true,"href":"https:\/\/pgvape.com\/es\/wp-json\/wp\/v2\/product_brand?post=3793"},{"taxonomy":"product_cat","embeddable":true,"href":"https:\/\/pgvape.com\/es\/wp-json\/wp\/v2\/product_cat?post=3793"},{"taxonomy":"product_tag","embeddable":true,"href":"https:\/\/pgvape.com\/es\/wp-json\/wp\/v2\/product_tag?post=3793"}],"curies":[{"name":"wp","href":"https:\/\/api.w.org\/{rel}","templated":true}]}}