{"id":3747,"date":"2025-10-19T08:47:49","date_gmt":"2025-10-19T08:47:49","guid":{"rendered":"https:\/\/pgvape.com\/?post_type=product&#038;p=3747"},"modified":"2026-03-05T14:33:29","modified_gmt":"2026-03-05T14:33:29","slug":"mr-goodie-shisha-50000-50k-inhalaciones-vape-desechables-dtl-mtl-vape-directo-de-fabrica","status":"publish","type":"product","link":"https:\/\/pgvape.com\/es\/producto\/mr-goodie-shisha-50000-50k-inhalaciones-vape-desechables-dtl-mtl-vape-directo-de-fabrica\/","title":{"rendered":"Mr.Goodie Shisha 50000 50K sopla Vape disponible DTL y MTL Vape directo de f\u00e1brica"},"content":{"rendered":"<p class=\"auto-hide-last-sibling-br paragraph-JOTKXA paragraph-element br-paragraph-space\"><strong data-sourcepos=\"4:5-4:61\">Mr.Goodie Shisha 50000 Puffs DTL\/MTL Vape desechable<\/strong> Revoluciona el vapeo flexible con doble <strong data-sourcepos=\"4:103-4:125\">DTL (30.000 inhalaciones)<\/strong> Y <strong data-sourcepos=\"4:130-4:152\">MTL (50.000 inhalaciones)<\/strong> Modos. <strong data-sourcepos=\"4:172-4:196\">Megapantalla digital<\/strong>, <strong data-sourcepos=\"4:198-4:228\">Control de flujo de aire ajustable<\/strong>, Y Poderoso <strong data-sourcepos=\"4:243-4:262\">Bater\u00eda de 1100 mAh.<\/strong>, Ofrece producci\u00f3n en la nube personalizable y sorteos fluidos. <strong data-sourcepos=\"4:329-4:354\">3 mg\/6 mg de sal de nicotina<\/strong> Opciones, <strong data-sourcepos=\"4:364-4:390\">Capacidad de l\u00edquido electr\u00f3nico de 40 ml<\/strong>, Y <strong data-sourcepos=\"4:396-4:420\">Carga r\u00e1pida tipo C<\/strong>, Este dispositivo ofrece un disfrute prolongado. <strong data-sourcepos=\"4:473-4:502\">12 perfiles de sabor \u00fanicos<\/strong> Para la m\u00e1xima satisfacci\u00f3n.<\/p>\n<p>&nbsp;<\/p>\n<h2><span style=\"font-size: 90%;\">Especificaciones de Vape desechables Mr.Goodie Shisha 50000 | 50K Puffs<\/span><\/h2>\n<p><strong data-sourcepos=\"9:3-9:19\">Modos de vapeo<\/strong>:\u00a0<strong data-sourcepos=\"9:21-9:56\">DTL (0,5 \u03a9\/22 W) y MTL (0,1 \u03a9\/12 W)<\/strong><\/p>\n<p><strong data-sourcepos=\"10:3-10:17\">Conteo de bocanadas<\/strong>:\u00a0<strong data-sourcepos=\"10:19-10:62\">30.000 inhalaciones (DTL) \/ 50.000 inhalaciones (MTL)<\/strong><\/p>\n<p><strong data-sourcepos=\"11:3-11:15\">Nicotina<\/strong>:\u00a0<strong data-sourcepos=\"11:17-11:42\">3 mg\/6 mg de sal de nicotina<\/strong><\/p>\n<p><strong data-sourcepos=\"12:3-12:14\">Bater\u00eda<\/strong>:\u00a0<strong data-sourcepos=\"12:16-12:40\">1100mAh recargable<\/strong><\/p>\n<p><strong data-sourcepos=\"13:3-13:24\">Capacidad de l\u00edquido electr\u00f3nico<\/strong>:\u00a0<strong data-sourcepos=\"13:26-13:34\">40ml<\/strong><\/p>\n<p><strong data-sourcepos=\"14:3-14:14\">Mostrar<\/strong>:\u00a0<strong data-sourcepos=\"14:16-14:39\">Megapantalla digital<\/strong><\/p>\n<p><strong data-sourcepos=\"15:3-15:14\">flujo de aire<\/strong>:\u00a0<strong data-sourcepos=\"15:16-15:43\">Anillo de control ajustable<\/strong><\/p>\n<p><strong data-sourcepos=\"16:3-16:15\">Cargando<\/strong>:\u00a0<strong data-sourcepos=\"16:17-16:41\">Carga r\u00e1pida tipo C<\/strong><\/p>\n<p><strong data-sourcepos=\"17:3-17:14\">Paquete<\/strong>:\u00a0<strong data-sourcepos=\"17:16-17:42\">10 dispositivos\/caja de presentaci\u00f3n<\/strong><\/p>\n<p>&nbsp;<\/p>\n<h3><span style=\"font-size: 90%;\">Lista de sabores desechables de Vape de Mr.Goodie Shisha 50000 | 50K Puffs<\/span><\/h3>\n<p>1.Doble manzana<\/p>\n<p>2.Menta de uva<\/p>\n<p>3.Ar\u00e1ndano, Lim\u00f3n, Menta<\/p>\n<p>4.Amor 66<\/p>\n<p>5.Mezclar frutas<\/p>\n<p>6.Chicle de sand\u00eda<\/p>\n<p>7.Gomitas de cola<\/p>\n<p>8.Chicle de fruta del drag\u00f3n<\/p>\n<p>9.Hielo de mel\u00f3n dulce<\/p>\n<p>10.fresa lim\u00f3n<\/p>\n<p>11.Ar\u00e1ndano P. Lim\u00f3n<\/p>\n<p>12.Razz azul<img loading=\"lazy\" decoding=\"async\" class=\"alignnone wp-image-3767 size-full\" src=\"https:\/\/pgvape.com\/wp-content\/uploads\/2025\/10\/pgvape-Mr.Goodie-Shisha-50000-50K-Puffs-Disposable-Vape-DTLMTL-3-6-Nicotine-12Tastes-LCD-Display-Vape-Factory-Direct-16.png\" alt=\"\" width=\"2000\" height=\"355\" srcset=\"https:\/\/pgvape.com\/wp-content\/uploads\/2025\/10\/pgvape-Mr.Goodie-Shisha-50000-50K-Puffs-Disposable-Vape-DTLMTL-3-6-Nicotine-12Tastes-LCD-Display-Vape-Factory-Direct-16.png 2000w, https:\/\/pgvape.com\/wp-content\/uploads\/2025\/10\/pgvape-Mr.Goodie-Shisha-50000-50K-Puffs-Disposable-Vape-DTLMTL-3-6-Nicotine-12Tastes-LCD-Display-Vape-Factory-Direct-16-555x99.png 555w, https:\/\/pgvape.com\/wp-content\/uploads\/2025\/10\/pgvape-Mr.Goodie-Shisha-50000-50K-Puffs-Disposable-Vape-DTLMTL-3-6-Nicotine-12Tastes-LCD-Display-Vape-Factory-Direct-16-595x106.png 595w, https:\/\/pgvape.com\/wp-content\/uploads\/2025\/10\/pgvape-Mr.Goodie-Shisha-50000-50K-Puffs-Disposable-Vape-DTLMTL-3-6-Nicotine-12Tastes-LCD-Display-Vape-Factory-Direct-16-400x71.png 400w, https:\/\/pgvape.com\/wp-content\/uploads\/2025\/10\/pgvape-Mr.Goodie-Shisha-50000-50K-Puffs-Disposable-Vape-DTLMTL-3-6-Nicotine-12Tastes-LCD-Display-Vape-Factory-Direct-16-768x136.png 768w, https:\/\/pgvape.com\/wp-content\/uploads\/2025\/10\/pgvape-Mr.Goodie-Shisha-50000-50K-Puffs-Disposable-Vape-DTLMTL-3-6-Nicotine-12Tastes-LCD-Display-Vape-Factory-Direct-16-1536x273.png 1536w, https:\/\/pgvape.com\/wp-content\/uploads\/2025\/10\/pgvape-Mr.Goodie-Shisha-50000-50K-Puffs-Disposable-Vape-DTLMTL-3-6-Nicotine-12Tastes-LCD-Display-Vape-Factory-Direct-16-18x3.png 18w, https:\/\/pgvape.com\/wp-content\/uploads\/2025\/10\/pgvape-Mr.Goodie-Shisha-50000-50K-Puffs-Disposable-Vape-DTLMTL-3-6-Nicotine-12Tastes-LCD-Display-Vape-Factory-Direct-16-600x107.png 600w, https:\/\/pgvape.com\/wp-content\/uploads\/2025\/10\/pgvape-Mr.Goodie-Shisha-50000-50K-Puffs-Disposable-Vape-DTLMTL-3-6-Nicotine-12Tastes-LCD-Display-Vape-Factory-Direct-16-60x11.png 60w\" sizes=\"auto, (max-width: 2000px) 100vw, 2000px\" \/><\/p>\n<h2 class=\"header-vfC6AV auto-hide-last-sibling-br\"><\/h2>\n<h3><span style=\"font-size: 90%;\">V\u00eddeo de vaporizador desechable Mr.Goodie Shisha 50000 | 50K Puffs:<br \/>\n<iframe loading=\"lazy\" title=\"Mr.Goodie Shisha 50000 | 50K Puffs Vape desechable | DTL y MTL | Vape Factory Direct pgvape\" width=\"1020\" height=\"574\" src=\"https:\/\/www.youtube.com\/embed\/LWmPrq8HAiU?feature=oembed\" frameborder=\"0\" allow=\"accelerometer; autoplay; clipboard-write; encrypted-media; gyroscope; picture-in-picture; web-share\" referrerpolicy=\"strict-origin-when-cross-origin\" allowfullscreen><\/iframe><br \/>\n<\/span><\/h3>\n<p>&nbsp;<\/p>\n<h2 class=\"header-vfC6AV auto-hide-last-sibling-br\">Preguntas frecuentes sobre Mr.Goodie Shisha 50000 | 50K Puffs Vape desechable<\/h2>\n<p data-sourcepos=\"38:1-39:134\">\u2753 <strong data-sourcepos=\"38:3-38:44\">\u201c\u00bfC\u00f3mo funciona el sistema de modo dual?<br \/>\n\u201c<\/strong> \u2705 <strong data-sourcepos=\"39:3-39:134\">\u201cCambie entre DTL (directo al pulm\u00f3n) para perseguir nubes o MTL (boca a pulm\u00f3n) para sorteos m\u00e1s ajustados usando el mismo dispositivo\u201d.\u201d<\/strong><\/p>\n<p data-sourcepos=\"41:1-42:125\">\u2753 <strong data-sourcepos=\"41:3-41:47\">\u201c\u00bfQu\u00e9 tiene de especial la Mega Display?<br \/>\n\u201c<\/strong> \u2705 <strong data-sourcepos=\"42:3-42:125\">\u201cLa pantalla de gran tama\u00f1o muestra claramente el recuento de caladas, la duraci\u00f3n de la bater\u00eda y la selecci\u00f3n de modo para facilitar el seguimiento\u201d.\u201d<\/strong><\/p>\n<p data-sourcepos=\"44:1-45:120\">\u2753 <strong data-sourcepos=\"44:3-44:40\">\u201c\u00bfPuedo ajustar la densidad del vapor?<br \/>\n\u201c<\/strong> \u2705 <strong data-sourcepos=\"45:3-45:120\">\u201cS\u00ed, el anillo de flujo de aire ajustable le permite personalizar la estanqueidad desde MTL restringido hasta DTL aireado\u201d.\u201d<\/strong><\/p>\n<p data-sourcepos=\"47:1-48:112\">\u2753 <strong data-sourcepos=\"47:3-47:40\">\u201c\u00bfCu\u00e1nto dura la bater\u00eda?<br \/>\n\u201c<\/strong> \u2705 <strong data-sourcepos=\"48:3-48:112\">\u201cLa bater\u00eda de 1100 mAh proporciona un uso prolongado, con carga tipo C para un reabastecimiento r\u00e1pido en 1 hora\u201d.\u201d<\/strong><\/p>\n<p data-sourcepos=\"50:1-51:117\">\u2753 <strong data-sourcepos=\"50:3-50:45\">\u201c\u00bfEs esto adecuado para los amantes del sabor?<br \/>\n\u201c<\/strong> \u2705 <strong data-sourcepos=\"51:3-51:117\">\u201c\u00a1Absolutamente! La resistencia optimizada de la bobina (0,5 \u03a9 DTL\/0,1 \u03a9 MTL) mejora la claridad del sabor en ambos modos\u201d.\u201d<\/strong><\/p>\n<p>&nbsp;<\/p>\n<h3 id=\"brxe-najhln\" class=\"brxe-heading\">Preguntas frecuentes (FAQ)<\/h3>\n<div id=\"brxe-rajiac\" class=\"brxe-text\">\n<p><strong>P: \u00bfQu\u00e9 m\u00e9todos de pago aceptan?<\/strong><br \/>\nR: Aceptamos PayPal, Stripe, transferencias bancarias (compatibles con SEPA), las principales tarjetas de cr\u00e9dito (Visa, MasterCard, American Express) y pagos con criptomonedas.<\/p>\n<p><strong>P: \u00bfCu\u00e1nto tiempo lleva la preparaci\u00f3n del pedido?<\/strong><br \/>\nR: La preparaci\u00f3n del pedido demora entre 1 y 3 d\u00edas h\u00e1biles.<\/p>\n<p><strong>P: \u00bfCu\u00e1l es el tiempo de env\u00edo?<\/strong><br \/>\nR: El tiempo de env\u00edo es de 7 a 14 d\u00edas h\u00e1biles, seg\u00fan su ubicaci\u00f3n.<\/p>\n<p><strong>P: \u00bfC\u00f3mo puedo realizar un seguimiento de mi pedido?<\/strong><br \/>\nR: Despu\u00e9s del env\u00edo, recibir\u00e1 un correo electr\u00f3nico de confirmaci\u00f3n con un n\u00famero de seguimiento para realizar un seguimiento en tiempo real.<\/p>\n<p><strong>P: \u00bfCu\u00e1l es su pol\u00edtica de devoluci\u00f3n?<\/strong><br \/>\nR: Ofrecemos una pol\u00edtica de devoluci\u00f3n de 30 d\u00edas para reembolsos o cambios. .<\/p>\n<p><strong>P: \u00bfHabr\u00e1 alg\u00fan problema aduanero?<br \/>\n<\/strong>Nos encargamos de todos los procedimientos de despacho de aduanas para garantizarle una experiencia sin complicaciones. .<\/p>\n<p><strong>P: \u00bfQu\u00e9 m\u00e9todos de env\u00edo se utilizan?<\/strong><br \/>\nCooperamos con UPS\/DHL\/FEDEX\/DPD, etc. Elegiremos la opci\u00f3n de env\u00edo adecuada seg\u00fan el pa\u00eds de entrega para asegurarnos de que reciba sus productos lo m\u00e1s r\u00e1pido posible.<\/p>\n<p><a href=\"https:\/\/pgvape.com\/es\/preguntas-frecuentes\/\">Haga clic aqu\u00ed para m\u00e1s preguntas frecuentes<\/a><\/p>\n<p>Estimados clientes: Si tienen alguna pregunta sobre su pedido o la llegada de la mercanc\u00eda, comun\u00edquese con nuestro servicio de atenci\u00f3n al cliente. \u00a1Gracias!<\/p>\n<h3 data-sourcepos=\"73:1-73:21\"><strong data-sourcepos=\"73:7-73:21\">Cont\u00e1ctenos<\/strong><\/h3>\n<div id=\"text-2419739398\" class=\"text\">\n<p><strong data-sourcepos=\"75:3-75:12\">Correo electr\u00f3nico<\/strong>:\u00a0<a href=\"mailto:support@pgvape.com\"><strong>support@pgvape.com<\/strong><\/a><\/p>\n<p><strong data-sourcepos=\"76:3-76:15\">WhatsApp<\/strong>: <a href=\"https:\/\/wa.me\/+8618128481258\"><strong>+86 18128481258<\/strong><\/a><br \/>\n<strong>(Respuesta dentro de las 24 horas en d\u00edas h\u00e1biles)<\/strong><\/p>\n<\/div>\n<h3><strong>\u00a1Gracias por elegir pgvape.com! .<\/strong><\/h3>\n<\/div>","protected":false},"excerpt":{"rendered":"<p><strong data-sourcepos=\"47:1-47:201\">\u201cMr.Goodie Shisha 50000: el vaporizador desechable de modo dual definitivo que ofrece caladas de 30.000 DTL\/50.000 MTL, capacidad de 40 ml, Mega Display y 12 sabores premium en un elegante dise\u00f1o recargable tipo C de 1100 mAh\u201d.\u201d<\/strong><\/p>","protected":false},"featured_media":3753,"comment_status":"open","ping_status":"closed","template":"","meta":{"_seopress_robots_primary_cat":"none","_seopress_titles_title":"%%post_title%% %%sep%% %%sitetitle%%","_seopress_titles_desc":"","_seopress_robots_index":""},"product_brand":[516,311],"product_cat":[61,515,312],"product_tag":[64,65,90,263,191,325,204],"class_list":{"0":"post-3747","1":"product","2":"type-product","3":"status-publish","4":"has-post-thumbnail","6":"product_brand-disposable-vape","7":"product_brand-mr-goodie-vape","8":"product_cat-50k-puffs-vape","9":"product_cat-disposable-vape","10":"product_cat-mr-goodie-vape","11":"product_tag-50k-puffs","12":"product_tag-50k-vape","13":"product_tag-disposable-vape","14":"product_tag-dtl-mtl","15":"product_tag-lcd-display","16":"product_tag-mr-goodie-shisha","17":"product_tag-vape-factory-direct","19":"first","20":"outofstock","21":"sale","22":"shipping-taxable","23":"purchasable","24":"product-type-variable"},"_links":{"self":[{"href":"https:\/\/pgvape.com\/es\/wp-json\/wp\/v2\/product\/3747","targetHints":{"allow":["GET"]}}],"collection":[{"href":"https:\/\/pgvape.com\/es\/wp-json\/wp\/v2\/product"}],"about":[{"href":"https:\/\/pgvape.com\/es\/wp-json\/wp\/v2\/types\/product"}],"replies":[{"embeddable":true,"href":"https:\/\/pgvape.com\/es\/wp-json\/wp\/v2\/comments?post=3747"}],"wp:featuredmedia":[{"embeddable":true,"href":"https:\/\/pgvape.com\/es\/wp-json\/wp\/v2\/media\/3753"}],"wp:attachment":[{"href":"https:\/\/pgvape.com\/es\/wp-json\/wp\/v2\/media?parent=3747"}],"wp:term":[{"taxonomy":"product_brand","embeddable":true,"href":"https:\/\/pgvape.com\/es\/wp-json\/wp\/v2\/product_brand?post=3747"},{"taxonomy":"product_cat","embeddable":true,"href":"https:\/\/pgvape.com\/es\/wp-json\/wp\/v2\/product_cat?post=3747"},{"taxonomy":"product_tag","embeddable":true,"href":"https:\/\/pgvape.com\/es\/wp-json\/wp\/v2\/product_tag?post=3747"}],"curies":[{"name":"wp","href":"https:\/\/api.w.org\/{rel}","templated":true}]}}