{"id":3706,"date":"2025-10-19T07:07:42","date_gmt":"2025-10-19T07:07:42","guid":{"rendered":"https:\/\/pgvape.com\/?post_type=product&#038;p=3706"},"modified":"2026-03-05T14:33:37","modified_gmt":"2026-03-05T14:33:37","slug":"mr-goodie-uwake-30000-30k-inhalaciones-boca-nasal-vape-desechable-fabrica-directa","status":"publish","type":"product","link":"https:\/\/pgvape.com\/es\/producto\/mr-goodie-uwake-30000-30k-inhalaciones-boca-nasal-vape-desechable-fabrica-directa\/","title":{"rendered":"Mr.Goodie UWAKE 30000 30k inhalaciones nasales y bucales desechables Vape-Vape directo de f\u00e1brica"},"content":{"rendered":"<div class=\"auto-hide-last-sibling-br paragraph-JOTKXA paragraph-element br-paragraph-space\">\n<p><strong data-sourcepos=\"6:1-6:27\">Sr. Goodie UWAKE 30000<\/strong> Revoluciona <strong data-sourcepos=\"6:43-6:53\">vapear<\/strong> Con el <strong data-sourcepos=\"6:63-6:99\">El primer sistema de inhalaci\u00f3n dual del mundo<\/strong> (<strong data-sourcepos=\"6:101-6:118\">Nasal y Boca<\/strong>). <strong data-sourcepos=\"6:132-6:148\">30.000 bocanadas<\/strong>, <strong data-sourcepos=\"6:150-6:174\">Bobinas de malla duales de 1,1 \u03a9<\/strong>, Y <strong data-sourcepos=\"6:180-6:206\">Capacidad de l\u00edquido electr\u00f3nico de 23 ml<\/strong> Para sabor intenso y sesiones prolongadas. <strong data-sourcepos=\"6:256-6:282\">Sal de nicotina 2% o 5%<\/strong>, respaldado por un <strong data-sourcepos=\"6:296-6:327\">Bater\u00eda recargable de 550 mAh.<\/strong>, <strong data-sourcepos=\"6:329-6:353\">Carga r\u00e1pida tipo C<\/strong>, Y <strong data-sourcepos=\"6:359-6:386\">Monitoreo de pantalla inteligente<\/strong>. .<\/p>\n<p>&nbsp;<\/p>\n<\/div>\n<h2><span style=\"font-size: 90%;\">Mr.Goodie UWAKE 30000 | Especificaciones de Vape desechables nasales y bucales de 30k<\/span><\/h2>\n<p><strong data-sourcepos=\"11:3-11:17\">Inhalaci\u00f3n<\/strong>:\u00a0<strong data-sourcepos=\"11:19-11:34\">Sistema dual<\/strong>\u00a0(<strong data-sourcepos=\"11:36-11:53\">Nasal y Boca<\/strong>)<\/p>\n<p><strong data-sourcepos=\"12:3-12:17\">Conteo de bocanadas<\/strong>:\u00a0<strong data-sourcepos=\"12:19-12:35\">30.000 bocanadas<\/strong><\/p>\n<p><strong data-sourcepos=\"13:3-13:15\">Nicotina<\/strong>:\u00a0<strong data-sourcepos=\"13:17-13:42\">Sal de nicotina 2% \/ 5%<\/strong><\/p>\n<p><strong data-sourcepos=\"14:3-14:11\">Bobina<\/strong>:\u00a0<strong data-sourcepos=\"14:13-14:37\">Bobinas de malla duales de 1,1 \u03a9<\/strong><\/p>\n<p><strong data-sourcepos=\"15:3-15:15\">E-l\u00edquido<\/strong>:\u00a0<strong data-sourcepos=\"15:17-15:44\">Capacidad precargada de 23 ml<\/strong><\/p>\n<p><strong data-sourcepos=\"16:3-16:14\">Bater\u00eda<\/strong>:\u00a0<strong data-sourcepos=\"16:16-16:39\">550mAh recargable<\/strong><\/p>\n<p><strong data-sourcepos=\"17:3-17:15\">Cargando<\/strong>:\u00a0<strong data-sourcepos=\"17:17-17:37\">Puerto r\u00e1pido tipo C<\/strong><\/p>\n<p><strong data-sourcepos=\"18:3-18:14\">Mostrar<\/strong>:\u00a0<strong data-sourcepos=\"18:16-18:32\">Pantalla inteligente<\/strong>\u00a0(Niveles de bater\u00eda\/e-l\u00edquido)<\/p>\n<p><strong data-sourcepos=\"19:3-19:14\">Paquete<\/strong>:\u00a0<strong data-sourcepos=\"19:16-19:33\">5 dispositivos\/caja<\/strong><\/p>\n<h3 id=\"brxe-najhln\" class=\"brxe-heading\"><img loading=\"lazy\" decoding=\"async\" class=\"alignnone wp-image-3725 size-full\" style=\"color: #555555; font-size: 14.4px;\" src=\"https:\/\/pgvape.com\/wp-content\/uploads\/2025\/10\/pgvape-Mr.Goodie-UWAKE-30000-30k-Puffs-Nasal-Mouth-Disposable-Vape-17.png\" alt=\"\" width=\"1920\" height=\"1080\" srcset=\"https:\/\/pgvape.com\/wp-content\/uploads\/2025\/10\/pgvape-Mr.Goodie-UWAKE-30000-30k-Puffs-Nasal-Mouth-Disposable-Vape-17.png 1920w, https:\/\/pgvape.com\/wp-content\/uploads\/2025\/10\/pgvape-Mr.Goodie-UWAKE-30000-30k-Puffs-Nasal-Mouth-Disposable-Vape-17-555x312.png 555w, https:\/\/pgvape.com\/wp-content\/uploads\/2025\/10\/pgvape-Mr.Goodie-UWAKE-30000-30k-Puffs-Nasal-Mouth-Disposable-Vape-17-595x335.png 595w, https:\/\/pgvape.com\/wp-content\/uploads\/2025\/10\/pgvape-Mr.Goodie-UWAKE-30000-30k-Puffs-Nasal-Mouth-Disposable-Vape-17-400x225.png 400w, https:\/\/pgvape.com\/wp-content\/uploads\/2025\/10\/pgvape-Mr.Goodie-UWAKE-30000-30k-Puffs-Nasal-Mouth-Disposable-Vape-17-768x432.png 768w, https:\/\/pgvape.com\/wp-content\/uploads\/2025\/10\/pgvape-Mr.Goodie-UWAKE-30000-30k-Puffs-Nasal-Mouth-Disposable-Vape-17-1536x864.png 1536w, https:\/\/pgvape.com\/wp-content\/uploads\/2025\/10\/pgvape-Mr.Goodie-UWAKE-30000-30k-Puffs-Nasal-Mouth-Disposable-Vape-17-18x10.png 18w, https:\/\/pgvape.com\/wp-content\/uploads\/2025\/10\/pgvape-Mr.Goodie-UWAKE-30000-30k-Puffs-Nasal-Mouth-Disposable-Vape-17-600x338.png 600w, https:\/\/pgvape.com\/wp-content\/uploads\/2025\/10\/pgvape-Mr.Goodie-UWAKE-30000-30k-Puffs-Nasal-Mouth-Disposable-Vape-17-60x34.png 60w\" sizes=\"auto, (max-width: 1920px) 100vw, 1920px\" \/><\/h3>\n<h3><span style=\"font-size: 90%;\">Lista de sabores desechables nasales y bucales de Mr.Goodie UWAKE 30000 | 30k Puffs<\/span><\/h3>\n<p>1.Hielo de coco<\/p>\n<p>2.Natillas de vainilla<\/p>\n<p>3.Doble manzana<\/p>\n<p>4.Osmanthus de aguacate<\/p>\n<p>5.Latte<\/p>\n<p>6.Rosa jazm\u00edn<\/p>\n<p>7. Lichi rosa<\/p>\n<p>8.Hielo de mel\u00f3n<\/p>\n<p>9.Hielo de fresa<\/p>\n<p>10.Hoja de menta<\/p>\n<p>11. Hielo de melocot\u00f3n blanco y sakura<\/p>\n<p>12.Hielo de pl\u00e1tano<img loading=\"lazy\" decoding=\"async\" class=\"alignnone wp-image-3726 size-full\" src=\"https:\/\/pgvape.com\/wp-content\/uploads\/2025\/10\/pgvape-Mr.Goodie-UWAKE-30000-30k-Puffs-Nasal-Mouth-Disposable-Vape-18.png\" alt=\"\" width=\"1920\" height=\"1267\" srcset=\"https:\/\/pgvape.com\/wp-content\/uploads\/2025\/10\/pgvape-Mr.Goodie-UWAKE-30000-30k-Puffs-Nasal-Mouth-Disposable-Vape-18.png 1920w, https:\/\/pgvape.com\/wp-content\/uploads\/2025\/10\/pgvape-Mr.Goodie-UWAKE-30000-30k-Puffs-Nasal-Mouth-Disposable-Vape-18-546x360.png 546w, https:\/\/pgvape.com\/wp-content\/uploads\/2025\/10\/pgvape-Mr.Goodie-UWAKE-30000-30k-Puffs-Nasal-Mouth-Disposable-Vape-18-595x393.png 595w, https:\/\/pgvape.com\/wp-content\/uploads\/2025\/10\/pgvape-Mr.Goodie-UWAKE-30000-30k-Puffs-Nasal-Mouth-Disposable-Vape-18-400x264.png 400w, https:\/\/pgvape.com\/wp-content\/uploads\/2025\/10\/pgvape-Mr.Goodie-UWAKE-30000-30k-Puffs-Nasal-Mouth-Disposable-Vape-18-768x507.png 768w, https:\/\/pgvape.com\/wp-content\/uploads\/2025\/10\/pgvape-Mr.Goodie-UWAKE-30000-30k-Puffs-Nasal-Mouth-Disposable-Vape-18-1536x1014.png 1536w, https:\/\/pgvape.com\/wp-content\/uploads\/2025\/10\/pgvape-Mr.Goodie-UWAKE-30000-30k-Puffs-Nasal-Mouth-Disposable-Vape-18-18x12.png 18w, https:\/\/pgvape.com\/wp-content\/uploads\/2025\/10\/pgvape-Mr.Goodie-UWAKE-30000-30k-Puffs-Nasal-Mouth-Disposable-Vape-18-600x396.png 600w, https:\/\/pgvape.com\/wp-content\/uploads\/2025\/10\/pgvape-Mr.Goodie-UWAKE-30000-30k-Puffs-Nasal-Mouth-Disposable-Vape-18-60x40.png 60w\" sizes=\"auto, (max-width: 1920px) 100vw, 1920px\" \/><\/p>\n<h2 class=\"header-vfC6AV auto-hide-last-sibling-br\"><\/h2>\n<h3><span style=\"font-size: 90%;\">Video de vaporizador desechable nasal y bucal de Mr.Goodie UWAKE 30000 | de 30 mil inhalaciones:<\/span><\/h3>\n<h3 id=\"brxe-najhln\" class=\"brxe-heading\"><\/h3>\n<h2 class=\"header-vfC6AV auto-hide-last-sibling-br\">Preguntas frecuentes sobre Mr.Goodie UWAKE 30000 | Vape desechable nasal y bucal de 30 mil inhalaciones<\/h2>\n<p data-sourcepos=\"40:1-41:128\">\u2753 <strong data-sourcepos=\"40:3-40:50\">\u201c\u00bfC\u00f3mo funciona el sistema de doble inhalaci\u00f3n?<br \/>\n\u201c<\/strong> \u2705 <strong data-sourcepos=\"41:3-41:126\">\u201cVapee tradicionalmente por v\u00eda bucal o utilice la inhalaci\u00f3n nasal para una absorci\u00f3n m\u00e1s r\u00e1pida de la nicotina y una sensaci\u00f3n \u00fanica\u201d.\u201d<\/strong><\/p>\n<p data-sourcepos=\"43:1-44:101\">\u2753 <strong data-sourcepos=\"43:3-43:47\">\u201c\u00bfQu\u00e9 hace que las bobinas duales sean especiales?<br \/>\n\u201c<\/strong> \u2705 <strong data-sourcepos=\"44:3-44:99\">\u201cLas bobinas de malla gemelas de 1,1 \u03a9 brindan un sabor m\u00e1s rico y un vapor m\u00e1s suave desde ambos tanques\u201d.\u201d<\/strong><\/p>\n<p data-sourcepos=\"46:1-47:98\">\u2753 <strong data-sourcepos=\"46:3-46:44\">\u201c\u00bfCu\u00e1nto dura la bater\u00eda?<br \/>\n\u201c<\/strong> \u2705 <strong data-sourcepos=\"47:3-47:96\">\u201cLa bater\u00eda de 550 mAh admite el uso durante todo el d\u00eda; la carga tipo C se recarga en 30 minutos\u201d.\u201d<\/strong><\/p>\n<p data-sourcepos=\"49:1-50:89\">\u2753 <strong data-sourcepos=\"49:3-49:41\">\u201c\u00bfPuedo realizar un seguimiento de los niveles de E-Liquid?<br \/>\n\u201c<\/strong> \u2705 <strong data-sourcepos=\"50:3-50:87\">\u201cS\u00ed, la pantalla inteligente muestra el estado de la bater\u00eda y el l\u00edquido electr\u00f3nico en tiempo real\u201d.\u201d<\/strong><\/p>\n<p data-sourcepos=\"52:1-53:94\">\u2753 <strong data-sourcepos=\"52:3-52:49\">\u201c\u00bfEst\u00e1n disponibles opciones con alto contenido de nicotina?<br \/>\n\u201c<\/strong> \u2705 <strong data-sourcepos=\"53:3-53:92\">\u201cElija sal de nicotina 2% (moderada) o 5% (fuerte) para una intensidad personalizada\u201d.\u201d<\/strong><\/p>\n<p>&nbsp;<\/p>\n<h3 id=\"brxe-najhln\" class=\"brxe-heading\">Preguntas frecuentes (FAQ)<\/h3>\n<div id=\"brxe-rajiac\" class=\"brxe-text\">\n<p><strong>P: \u00bfQu\u00e9 m\u00e9todos de pago aceptan?<\/strong><br \/>\nR: Aceptamos PayPal, Stripe, transferencias bancarias (compatibles con SEPA), las principales tarjetas de cr\u00e9dito (Visa, MasterCard, American Express) y pagos con criptomonedas.<\/p>\n<p><strong>P: \u00bfCu\u00e1nto tiempo lleva la preparaci\u00f3n del pedido?<\/strong><br \/>\nR: La preparaci\u00f3n del pedido demora entre 1 y 3 d\u00edas h\u00e1biles.<\/p>\n<p><strong>P: \u00bfCu\u00e1l es el tiempo de env\u00edo?<\/strong><br \/>\nR: El tiempo de env\u00edo es de 7 a 14 d\u00edas h\u00e1biles, seg\u00fan su ubicaci\u00f3n.<\/p>\n<p><strong>P: \u00bfC\u00f3mo puedo realizar un seguimiento de mi pedido?<\/strong><br \/>\nR: Despu\u00e9s del env\u00edo, recibir\u00e1 un correo electr\u00f3nico de confirmaci\u00f3n con un n\u00famero de seguimiento para realizar un seguimiento en tiempo real.<\/p>\n<p><strong>P: \u00bfCu\u00e1l es su pol\u00edtica de devoluci\u00f3n?<\/strong><br \/>\nR: Ofrecemos una pol\u00edtica de devoluci\u00f3n de 30 d\u00edas para reembolsos o cambios. .<\/p>\n<p><strong>P: \u00bfHabr\u00e1 alg\u00fan problema aduanero?<br \/>\n<\/strong>Nos encargamos de todos los procedimientos de despacho de aduanas para garantizarle una experiencia sin complicaciones. .<\/p>\n<p><strong>P: \u00bfQu\u00e9 m\u00e9todos de env\u00edo se utilizan?<\/strong><br \/>\nCooperamos con UPS\/DHL\/FEDEX\/DPD, etc. Elegiremos la opci\u00f3n de env\u00edo adecuada seg\u00fan el pa\u00eds de entrega para asegurarnos de que reciba sus productos lo m\u00e1s r\u00e1pido posible.<\/p>\n<p><a href=\"https:\/\/pgvape.com\/es\/preguntas-frecuentes\/\">Haga clic aqu\u00ed para m\u00e1s preguntas frecuentes<\/a><\/p>\n<p>Estimados clientes: Si tienen alguna pregunta sobre su pedido o la llegada de la mercanc\u00eda, comun\u00edquese con nuestro servicio de atenci\u00f3n al cliente. \u00a1Gracias!<\/p>\n<h3 data-sourcepos=\"73:1-73:21\"><strong data-sourcepos=\"73:7-73:21\">Cont\u00e1ctenos<\/strong><\/h3>\n<div id=\"text-2419739398\" class=\"text\">\n<p><strong data-sourcepos=\"75:3-75:12\">Correo electr\u00f3nico<\/strong>:\u00a0<a href=\"mailto:support@pgvape.com\"><strong>support@pgvape.com<\/strong><\/a><\/p>\n<p><strong data-sourcepos=\"76:3-76:15\">WhatsApp<\/strong>: <a href=\"https:\/\/wa.me\/+8618128481258\"><strong>+86 18128481258<\/strong><\/a><br \/>\n<strong>(Respuesta dentro de las 24 horas en d\u00edas h\u00e1biles)<\/strong><\/p>\n<\/div>\n<h3><strong>\u00a1Gracias por elegir pgvape.com! .<\/strong><\/h3>\n<\/div>","protected":false},"excerpt":{"rendered":"<p><strong data-sourcepos=\"58:1-58:191\">\u201cMr. Goodie UWAKE 30000: el primer vaporizador desechable de doble inhalaci\u00f3n del mundo con 30 000 inhalaciones, bobinas de malla doble, pantalla inteligente y 12 sabores, alimentado por una bater\u00eda de 550 mAh\u201d.\u201d<\/strong><\/p>","protected":false},"featured_media":3709,"comment_status":"open","ping_status":"closed","template":"","meta":{"_seopress_robots_primary_cat":"none","_seopress_titles_title":"%%post_title%% %%sep%% %%sitetitle%%","_seopress_titles_desc":"","_seopress_robots_index":""},"product_brand":[516,311],"product_cat":[35,515,312],"product_tag":[38,134,90,323,324,136,204],"class_list":{"0":"post-3706","1":"product","2":"type-product","3":"status-publish","4":"has-post-thumbnail","6":"product_brand-disposable-vape","7":"product_brand-mr-goodie-vape","8":"product_cat-30k-puffs-vape","9":"product_cat-disposable-vape","10":"product_cat-mr-goodie-vape","11":"product_tag-30k-puffs","12":"product_tag-30k-vape","13":"product_tag-disposable-vape","14":"product_tag-mr-goodie-uwake","15":"product_tag-nasal-mouth","16":"product_tag-smart-screen","17":"product_tag-vape-factory-direct","19":"first","20":"outofstock","21":"sale","22":"shipping-taxable","23":"purchasable","24":"product-type-variable"},"_links":{"self":[{"href":"https:\/\/pgvape.com\/es\/wp-json\/wp\/v2\/product\/3706","targetHints":{"allow":["GET"]}}],"collection":[{"href":"https:\/\/pgvape.com\/es\/wp-json\/wp\/v2\/product"}],"about":[{"href":"https:\/\/pgvape.com\/es\/wp-json\/wp\/v2\/types\/product"}],"replies":[{"embeddable":true,"href":"https:\/\/pgvape.com\/es\/wp-json\/wp\/v2\/comments?post=3706"}],"wp:featuredmedia":[{"embeddable":true,"href":"https:\/\/pgvape.com\/es\/wp-json\/wp\/v2\/media\/3709"}],"wp:attachment":[{"href":"https:\/\/pgvape.com\/es\/wp-json\/wp\/v2\/media?parent=3706"}],"wp:term":[{"taxonomy":"product_brand","embeddable":true,"href":"https:\/\/pgvape.com\/es\/wp-json\/wp\/v2\/product_brand?post=3706"},{"taxonomy":"product_cat","embeddable":true,"href":"https:\/\/pgvape.com\/es\/wp-json\/wp\/v2\/product_cat?post=3706"},{"taxonomy":"product_tag","embeddable":true,"href":"https:\/\/pgvape.com\/es\/wp-json\/wp\/v2\/product_tag?post=3706"}],"curies":[{"name":"wp","href":"https:\/\/api.w.org\/{rel}","templated":true}]}}