{"id":3657,"date":"2025-10-18T12:41:58","date_gmt":"2025-10-18T12:41:58","guid":{"rendered":"https:\/\/pgvape.com\/?post_type=product&#038;p=3657"},"modified":"2026-03-24T03:16:17","modified_gmt":"2026-03-24T03:16:17","slug":"mr-goodie-20000-20k-sopla-directo-de-fabrica-recargable-del-vape-del-vape-disponible-del-almacen-doble","status":"publish","type":"product","link":"https:\/\/pgvape.com\/es\/producto\/mr-goodie-20000-20k-sopla-directo-de-fabrica-recargable-del-vape-del-vape-disponible-del-almacen-doble\/","title":{"rendered":"Mr.Goodie 20000 20K sopla la f\u00e1brica recargable disponible doble de Vape Vape directa"},"content":{"rendered":"<div class=\"auto-hide-last-sibling-br paragraph-JOTKXA paragraph-element br-paragraph-space\">\n<p><strong data-sourcepos=\"4:5-4:67\">Mr.Goodie 20000 inhalaciones de doble almac\u00e9n Vape Pod desechable<\/strong> Entrega <strong data-sourcepos=\"4:77-4:99\">Capacidad inigualable<\/strong> Con <strong data-sourcepos=\"4:105-4:133\">E-l\u00edquido precargado de 40 ml<\/strong> (20ml\u00d72) y <strong data-sourcepos=\"4:147-4:174\">20.000 bocanadas ultralargas<\/strong>. <strong data-sourcepos=\"4:188-4:206\">Bobina de malla de 1,0 \u03a9<\/strong> Para un rico sabor y <strong data-sourcepos=\"4:227-4:258\">Bater\u00eda recargable de 650 mAh.<\/strong> Con <strong data-sourcepos=\"4:264-4:283\">Carga tipo C<\/strong>, Est\u00e1 dise\u00f1ado para un rendimiento prolongado. <strong data-sourcepos=\"4:334-4:360\">Sal de nicotina 2% o 5%<\/strong> Al otro lado de <strong data-sourcepos=\"4:368-4:390\">12 sabores premium<\/strong> Para una satisfacci\u00f3n personalizada.<\/p>\n<p>&nbsp;<\/p>\n<h2><span style=\"font-size: 90%; color: #333333;\">Especificaciones de Vape desechables Mr.Goodie 20000 20K Puffs Double Warehouse<\/span><\/h2>\n<\/div>\n<p><strong data-sourcepos=\"9:3-9:17\">Conteo de bocanadas<\/strong>:\u00a0<strong data-sourcepos=\"9:19-9:35\">20.000 bocanadas<\/strong><\/p>\n<p><strong data-sourcepos=\"10:3-10:15\">E-l\u00edquido<\/strong>:\u00a0<strong data-sourcepos=\"10:17-10:42\">40 ml (c\u00e1psulas dobles de 20 ml)<\/strong><\/p>\n<p><strong data-sourcepos=\"11:3-11:15\">Nicotina<\/strong>:\u00a0<strong data-sourcepos=\"11:17-11:42\">Sal de nicotina 2% \/ 5%<\/strong><\/p>\n<p><strong data-sourcepos=\"12:3-12:11\">Bobina<\/strong>:\u00a0<strong data-sourcepos=\"12:13-12:31\">Bobina de malla de 1,0 \u03a9<\/strong><\/p>\n<p><strong data-sourcepos=\"13:3-13:14\">Bater\u00eda<\/strong>:\u00a0<strong data-sourcepos=\"13:16-13:39\">650mAh recargable<\/strong><\/p>\n<p><strong data-sourcepos=\"14:3-14:15\">Cargando<\/strong>:\u00a0<strong data-sourcepos=\"14:17-14:37\">Puerto r\u00e1pido tipo C<\/strong><\/p>\n<p><strong data-sourcepos=\"15:3-15:14\">Paquete<\/strong>:\u00a0<strong data-sourcepos=\"15:16-15:59\">1 Pod + 2 Contenedores de TPU + Cable Tipo C<\/strong><\/p>\n<p>&nbsp;<\/p>\n<h3><span style=\"font-size: 90%;\">Mr.Goodie 20000 20K Puffs Lista de sabores desechables de Vape de almac\u00e9n doble<\/span><\/h3>\n<p>1.Lanza de menta<\/p>\n<p>2.Arcoiris de lim\u00f3n<\/p>\n<p>3.Oso de caramelo<\/p>\n<p>4.Sand\u00eda congelada<\/p>\n<p>5.melocot\u00f3n jugoso<\/p>\n<p>6.Uva morada<\/p>\n<p>7.Melaza de menta<\/p>\n<p>8.kiwi fresa<\/p>\n<p>9. Manzana Fuji<\/p>\n<p>10.Pl\u00e1tano y fresa<\/p>\n<p>11.Razz azul<\/p>\n<p>12.Helado de fresa<img loading=\"lazy\" decoding=\"async\" class=\"alignnone wp-image-3689 size-full\" src=\"https:\/\/pgvape.com\/wp-content\/uploads\/2025\/10\/Mr.Goodie-20000-20K-Puffs-Double-Warehouse-Disposable-VapeMr.Goodie-20000-20K-Puffs-Double-Warehouse-Disposable-Vape-3_\u526f\u672c.png\" alt=\"Ocho coloridas c\u00e1psulas de vapeo desechables dispuestas en dos filas de cuatro, cada una con una parte superior blanca redondeada, un logotipo de perro sonriente y la etiqueta &quot;mr.goodie 20,000 1 extra pod&quot;; .\" width=\"1500\" height=\"1500\" srcset=\"https:\/\/pgvape.com\/wp-content\/uploads\/2025\/10\/Mr.Goodie-20000-20K-Puffs-Double-Warehouse-Disposable-VapeMr.Goodie-20000-20K-Puffs-Double-Warehouse-Disposable-Vape-3_\u526f\u672c.png 1500w, https:\/\/pgvape.com\/wp-content\/uploads\/2025\/10\/Mr.Goodie-20000-20K-Puffs-Double-Warehouse-Disposable-VapeMr.Goodie-20000-20K-Puffs-Double-Warehouse-Disposable-Vape-3_\u526f\u672c-360x360.png 360w, https:\/\/pgvape.com\/wp-content\/uploads\/2025\/10\/Mr.Goodie-20000-20K-Puffs-Double-Warehouse-Disposable-VapeMr.Goodie-20000-20K-Puffs-Double-Warehouse-Disposable-Vape-3_\u526f\u672c-595x595.png 595w, https:\/\/pgvape.com\/wp-content\/uploads\/2025\/10\/Mr.Goodie-20000-20K-Puffs-Double-Warehouse-Disposable-VapeMr.Goodie-20000-20K-Puffs-Double-Warehouse-Disposable-Vape-3_\u526f\u672c-400x400.png 400w, https:\/\/pgvape.com\/wp-content\/uploads\/2025\/10\/Mr.Goodie-20000-20K-Puffs-Double-Warehouse-Disposable-VapeMr.Goodie-20000-20K-Puffs-Double-Warehouse-Disposable-Vape-3_\u526f\u672c-768x768.png 768w, https:\/\/pgvape.com\/wp-content\/uploads\/2025\/10\/Mr.Goodie-20000-20K-Puffs-Double-Warehouse-Disposable-VapeMr.Goodie-20000-20K-Puffs-Double-Warehouse-Disposable-Vape-3_\u526f\u672c-12x12.png 12w, https:\/\/pgvape.com\/wp-content\/uploads\/2025\/10\/Mr.Goodie-20000-20K-Puffs-Double-Warehouse-Disposable-VapeMr.Goodie-20000-20K-Puffs-Double-Warehouse-Disposable-Vape-3_\u526f\u672c-300x300.png 300w, https:\/\/pgvape.com\/wp-content\/uploads\/2025\/10\/Mr.Goodie-20000-20K-Puffs-Double-Warehouse-Disposable-VapeMr.Goodie-20000-20K-Puffs-Double-Warehouse-Disposable-Vape-3_\u526f\u672c-600x600.png 600w, https:\/\/pgvape.com\/wp-content\/uploads\/2025\/10\/Mr.Goodie-20000-20K-Puffs-Double-Warehouse-Disposable-VapeMr.Goodie-20000-20K-Puffs-Double-Warehouse-Disposable-Vape-3_\u526f\u672c-100x100.png 100w, https:\/\/pgvape.com\/wp-content\/uploads\/2025\/10\/Mr.Goodie-20000-20K-Puffs-Double-Warehouse-Disposable-VapeMr.Goodie-20000-20K-Puffs-Double-Warehouse-Disposable-Vape-3_\u526f\u672c-40x40.png 40w\" sizes=\"auto, (max-width: 1500px) 100vw, 1500px\" \/><\/p>\n<p>&nbsp;<\/p>\n<h3 class=\"brxe-heading\"><span style=\"font-size: 90%;\">V\u00eddeo de Vape desechable Mr.Goodie 20000 20K Puffs Double Warehouse:<\/span><\/h3>\n<h2 class=\"auto-hide-last-sibling-br paragraph-JOTKXA paragraph-element br-paragraph-space\"><span style=\"font-size: 90%;\"><span style=\"color: #333333;\">Preguntas frecuentes sobre <\/span>Mr.Goodie 20000 20K Puffs Vape desechable de almac\u00e9n doble<\/span><\/h2>\n<p data-sourcepos=\"36:1-37:108\">\u2753 <strong data-sourcepos=\"36:3-36:55\">\u201c\u00bfC\u00f3mo funciona el dise\u00f1o de doble almac\u00e9n?<br \/>\n\u201c<\/strong> \u2705 <strong data-sourcepos=\"37:3-37:106\">\u201cDos c\u00e1psulas de 20 ml proporcionan un total de 40 ml de l\u00edquido electr\u00f3nico, lo que elimina las recargas frecuentes para un uso prolongado\u201d.\u201d<\/strong><\/p>\n<p data-sourcepos=\"39:1-40:110\">\u2753 <strong data-sourcepos=\"39:3-39:47\">\u201c\u00bfQu\u00e9 hace que la bobina de malla sea superior?<br \/>\n\u201c<\/strong> \u2705 <strong data-sourcepos=\"40:3-40:108\">\u201cLa bobina de malla de 1,0 \u03a9 garantiza un calentamiento uniforme, un vapor m\u00e1s denso y una claridad de sabor mejorada\u201d.\u201d<\/strong><\/p>\n<p data-sourcepos=\"42:1-43:112\">\u2753 <strong data-sourcepos=\"42:3-42:37\">\u201c\u00bfLa bater\u00eda es duradera?<br \/>\n\u201c<\/strong> \u2705 <strong data-sourcepos=\"43:3-43:110\">\u201cLa bater\u00eda de 650 mAh admite vapeo durante todo el d\u00eda; la carga tipo C restaura la energ\u00eda en 30 minutos\u201d.\u201d<\/strong><\/p>\n<p data-sourcepos=\"45:1-46:101\">\u2753 <strong data-sourcepos=\"45:3-45:44\">\u201c\u00bfExisten opciones bajas en nicotina?<br \/>\n\u201c<\/strong> \u2705 <strong data-sourcepos=\"46:3-46:99\">\u201c\u00a1S\u00ed! Elija sal de nicotina 2% (suave) o 5% (fuerte) para una intensidad personalizada\u201d.\u201d<\/strong><\/p>\n<p data-sourcepos=\"48:1-49:87\">\u2753 <strong data-sourcepos=\"48:3-48:40\">\u201c\u00bfQu\u00e9 incluye el paquete?<br \/>\n\u201c<\/strong> \u2705 <strong data-sourcepos=\"49:3-49:85\">\u201c1 c\u00e1psula precargada, 2 contenedores de TPU y un cable tipo C para uso inmediato\u201d.\u201d<\/strong><\/p>\n<p>&nbsp;<\/p>\n<h3 id=\"brxe-najhln\" class=\"brxe-heading\">Preguntas frecuentes (FAQ)<\/h3>\n<div id=\"brxe-rajiac\" class=\"brxe-text\">\n<p><strong>P: \u00bfQu\u00e9 m\u00e9todos de pago aceptan?<\/strong><br \/>\nR: Aceptamos PayPal, Stripe, transferencias bancarias (compatibles con SEPA), las principales tarjetas de cr\u00e9dito (Visa, MasterCard, American Express) y pagos con criptomonedas.<\/p>\n<p><strong>P: \u00bfCu\u00e1nto tiempo lleva la preparaci\u00f3n del pedido?<\/strong><br \/>\nR: La preparaci\u00f3n del pedido demora entre 1 y 3 d\u00edas h\u00e1biles.<\/p>\n<p><strong>P: \u00bfCu\u00e1l es el tiempo de env\u00edo?<\/strong><br \/>\nR: El tiempo de env\u00edo es de 7 a 14 d\u00edas h\u00e1biles, seg\u00fan su ubicaci\u00f3n.<\/p>\n<p><strong>P: \u00bfC\u00f3mo puedo realizar un seguimiento de mi pedido?<\/strong><br \/>\nR: Despu\u00e9s del env\u00edo, recibir\u00e1 un correo electr\u00f3nico de confirmaci\u00f3n con un n\u00famero de seguimiento para realizar un seguimiento en tiempo real.<\/p>\n<p><strong>P: \u00bfCu\u00e1l es su pol\u00edtica de devoluci\u00f3n?<\/strong><br \/>\nR: Ofrecemos una pol\u00edtica de devoluci\u00f3n de 30 d\u00edas para reembolsos o cambios. .<\/p>\n<p><strong>P: \u00bfHabr\u00e1 alg\u00fan problema aduanero?<br \/>\n<\/strong>Nos encargamos de todos los procedimientos de despacho de aduanas para garantizarle una experiencia sin complicaciones. .<\/p>\n<p><strong>P: \u00bfQu\u00e9 m\u00e9todos de env\u00edo se utilizan?<\/strong><br \/>\nCooperamos con UPS\/DHL\/FEDEX\/DPD, etc. Elegiremos la opci\u00f3n de env\u00edo adecuada seg\u00fan el pa\u00eds de entrega para asegurarnos de que reciba sus productos lo m\u00e1s r\u00e1pido posible.<\/p>\n<p><a href=\"https:\/\/pgvape.com\/es\/preguntas-frecuentes\/\">Haga clic aqu\u00ed para m\u00e1s preguntas frecuentes<\/a><\/p>\n<p>Estimados clientes: Si tienen alguna pregunta sobre su pedido o la llegada de la mercanc\u00eda, comun\u00edquese con nuestro servicio de atenci\u00f3n al cliente. \u00a1Gracias!<\/p>\n<h3 data-sourcepos=\"73:1-73:21\"><strong data-sourcepos=\"73:7-73:21\">Cont\u00e1ctenos<\/strong><\/h3>\n<div id=\"text-2419739398\" class=\"text\">\n<p><strong data-sourcepos=\"75:3-75:12\">Correo electr\u00f3nico<\/strong>:\u00a0<a href=\"mailto:support@pgvape.com\"><strong>support@pgvape.com<\/strong><\/a><\/p>\n<p><strong data-sourcepos=\"76:3-76:15\">WhatsApp<\/strong>: <a href=\"https:\/\/wa.me\/+8618128481258\"><strong>+86 18128481258<\/strong><\/a><br \/>\n<strong>(Respuesta dentro de las 24 horas en d\u00edas h\u00e1biles)<\/strong><\/p>\n<\/div>\n<h3><strong>\u00a1Gracias por elegir pgvape.com! .<\/strong><\/h3>\n<\/div>","protected":false},"excerpt":{"rendered":"<p><strong data-sourcepos=\"54:1-54:186\">\u201cMr.Goodie 20000: c\u00e1psula desechable de doble almac\u00e9n con 40 ml de l\u00edquido electr\u00f3nico, 20 000 inhalaciones, bobina de malla de 1,0 \u03a9 y 12 sabores, alimentada por una bater\u00eda recargable de 650 mAh\u201d.\u201d<\/strong><\/p>","protected":false},"featured_media":3683,"comment_status":"open","ping_status":"closed","template":"","meta":{"_seopress_robots_primary_cat":"none","_seopress_titles_title":"%%post_title%% %%sep%% %%sitetitle%%","_seopress_titles_desc":"","_seopress_robots_index":""},"product_brand":[516,311],"product_cat":[84,515,312],"product_tag":[88,89,90,322,321,259],"class_list":{"0":"post-3657","1":"product","2":"type-product","3":"status-publish","4":"has-post-thumbnail","6":"product_brand-disposable-vape","7":"product_brand-mr-goodie-vape","8":"product_cat-20k-puffs-vape","9":"product_cat-disposable-vape","10":"product_cat-mr-goodie-vape","11":"product_tag-20k-puffs","12":"product_tag-20k-vape","13":"product_tag-disposable-vape","14":"product_tag-double-warehouse","15":"product_tag-mr-goodie-20000","16":"product_tag-rechargeable","18":"first","19":"instock","20":"sale","21":"shipping-taxable","22":"purchasable","23":"product-type-variable"},"_links":{"self":[{"href":"https:\/\/pgvape.com\/es\/wp-json\/wp\/v2\/product\/3657","targetHints":{"allow":["GET"]}}],"collection":[{"href":"https:\/\/pgvape.com\/es\/wp-json\/wp\/v2\/product"}],"about":[{"href":"https:\/\/pgvape.com\/es\/wp-json\/wp\/v2\/types\/product"}],"replies":[{"embeddable":true,"href":"https:\/\/pgvape.com\/es\/wp-json\/wp\/v2\/comments?post=3657"}],"wp:featuredmedia":[{"embeddable":true,"href":"https:\/\/pgvape.com\/es\/wp-json\/wp\/v2\/media\/3683"}],"wp:attachment":[{"href":"https:\/\/pgvape.com\/es\/wp-json\/wp\/v2\/media?parent=3657"}],"wp:term":[{"taxonomy":"product_brand","embeddable":true,"href":"https:\/\/pgvape.com\/es\/wp-json\/wp\/v2\/product_brand?post=3657"},{"taxonomy":"product_cat","embeddable":true,"href":"https:\/\/pgvape.com\/es\/wp-json\/wp\/v2\/product_cat?post=3657"},{"taxonomy":"product_tag","embeddable":true,"href":"https:\/\/pgvape.com\/es\/wp-json\/wp\/v2\/product_tag?post=3657"}],"curies":[{"name":"wp","href":"https:\/\/api.w.org\/{rel}","templated":true}]}}