{"id":362,"date":"2025-07-15T06:16:26","date_gmt":"2025-07-15T06:16:26","guid":{"rendered":"https:\/\/pgvape.com\/?post_type=product&#038;p=362"},"modified":"2026-01-24T07:39:54","modified_gmt":"2026-01-24T07:39:54","slug":"bang-king-triple-85000-85k-sopla-vape-desechable-3-en-1-fabrica-de-sabores-al-por-mayor","status":"publish","type":"product","link":"https:\/\/pgvape.com\/es\/producto\/bang-king-triple-85000-85k-sopla-vape-desechable-3-en-1-fabrica-de-sabores-al-por-mayor\/","title":{"rendered":"Bang King Triple 85000 | 85K Puffs 3 en 1 sabores Vape desechable | 0%, 2%, 3%, 5% Nicotina | 16 gustos | Pantalla LED inteligente | Vape directo de f\u00e1brica"},"content":{"rendered":"<p><strong><em>Bang King Triple 85K<\/em>\u00a0<\/strong>es de gama alta <strong>vaporizador desechable<\/strong> que ofrece una experiencia de vapeo rica y vers\u00e1til. <strong>Sabor 3 en 1<\/strong> Sistema de c\u00e1psulas, que le permite disfrutar de tres sabores distintos con una capacidad total de e-l\u00edquido de 63 ml (3 c\u00e1psulas de 21 ml). <strong>85.000 bocanadas<\/strong> y 850mAh <strong>recargable<\/strong> bater\u00eda, garantiza un vapor sabroso y duradero.<strong>0%, 2%, 3%, 5%<\/strong>). <strong>Bang King Triple 85K<\/strong> proporciona una experiencia de vapeo premium y sin complicaciones.<\/p>\n<p>&nbsp;<\/p>\n<h2><span style=\"font-size: 90%;\">Especificaciones del producto Vape desechable Bang King Triple 85K Puffs:<\/span><\/h2>\n<p><strong data-sourcepos=\"11:3-11:18\">Conteo de bocanadas:<\/strong>\u00a0<strong data-sourcepos=\"11:19-11:35\">85.000 bocanadas<\/strong>\u00a0(Longevidad l\u00edder en la industria)<\/p>\n<p><strong data-sourcepos=\"12:3-12:16\">Nicotina:<\/strong>\u00a0<strong data-sourcepos=\"12:17-12:38\">0% \/ 2% \/ 3% \/ 5%<\/strong>\u00a0(De cero nic a golpe fuerte)<\/p>\n<p><strong data-sourcepos=\"13:3-13:21\">Sistema de sabor:<\/strong><strong data-sourcepos=\"14:5-14:29\">3 sabores ajustables<\/strong>\u00a0(Cambie o mezcle sabores al instante)<\/p>\n<p><strong data-sourcepos=\"15:5-15:28\">Capacidad total de 63 ml<\/strong>\u00a0(21 ml x 3 tanques separados)<\/p>\n<p><strong data-sourcepos=\"16:3-16:12\">Bobina:<\/strong>\u00a0<strong data-sourcepos=\"16:13-16:33\">Malla triple de 1,0\u03a9<\/strong>\u00a0(40% m\u00e1s intensidad de sabor frente a bobinas simples)<\/p>\n<p><strong data-sourcepos=\"17:3-17:15\">Bater\u00eda:<\/strong>\u00a0<strong data-sourcepos=\"17:16-17:39\">600mAh recargable<\/strong>\u00a0+\u00a0<strong data-sourcepos=\"17:42-17:61\">Carga tipo C<\/strong><\/p>\n<p><strong data-sourcepos=\"18:3-18:15\">Mostrar:<\/strong>\u00a0<strong data-sourcepos=\"18:16-18:30\">Pantalla LED<\/strong>\u00a0(Monitoreo de bater\u00eda y e-l\u00edquido en tiempo real)<\/p>\n<p><strong data-sourcepos=\"19:3-19:17\">Embalaje:<\/strong>\u00a0<strong data-sourcepos=\"19:18-19:32\">10 unidades\/caja<\/strong>\u00a0(Listo para la venta al por menor)<\/p>\n<p>&nbsp;<\/p>\n<h3><span style=\"font-size: 90%;\">Lista de sabores de vaporizador desechable Bang King Triple 85K Puffs:<br \/>\n<\/span><\/h3>\n<p>1.Helado de sand\u00eda, Red Bull y kiwi de fresa<\/p>\n<p>2.Coca cola de fresa y vainilla, hielo de drag\u00f3n negro y hielo de melocot\u00f3n<\/p>\n<p>3.Hielo de ar\u00e1ndano, lima lim\u00f3n y sand\u00eda fresa<\/p>\n<p>4.Kiwi Maracuy\u00e1, Guayaba, Hielo Exuberante y Mango Paja<\/p>\n<p>5.Pl\u00e1tano Fresa, Limonada Rosada y Sand\u00eda Frambuesa<\/p>\n<p>6.Blue Razz Ice &amp; Fresa Sand\u00eda &amp; Sand\u00eda Ice<\/p>\n<p>7. Mango melocot\u00f3n, cereza Blue Razz y menta fresca<\/p>\n<p>8.Limonada de bayas y fresa Red Bull y pompa de fresa<\/p>\n<p>9.Frutas tropicales, lim\u00f3n, melocot\u00f3n y fresa, sand\u00eda<\/p>\n<p>10. Doble hielo de manzana, pi\u00f1a y fusi\u00f3n afrutada<\/p>\n<p>11. Pi\u00f1a, coco, razz azul y pl\u00e1tano fresa<\/p>\n<p>12.Cola helada y cola de cereza y Mr Blue<\/p>\n<p>13.Sand\u00eda Fresa, Mel\u00f3n Triple y Hielo de Fresa<\/p>\n<p>14.Donut de fresa y amor 66 y hielo de pl\u00e1tano<\/p>\n<p>15.Mezcla de bayas, mango, melocot\u00f3n y hielo de uva<\/p>\n<p>16.T\u00e9 helado Hielo de lim\u00f3n y hielo de lichi y mango sobre hielo<\/p>\n<h3><span style=\"font-size: 90%;\"><img loading=\"lazy\" decoding=\"async\" class=\"alignnone wp-image-367 size-full\" src=\"https:\/\/pgvape.com\/wp-content\/uploads\/2025\/07\/Bang-King-Triple-85000-85K-Puffs-Disposable-Vape-3-in-1-Triple-Flavors-Factory-Wholesale-3.png\" alt=\"\" width=\"1000\" height=\"1000\" srcset=\"https:\/\/pgvape.com\/wp-content\/uploads\/2025\/07\/Bang-King-Triple-85000-85K-Puffs-Disposable-Vape-3-in-1-Triple-Flavors-Factory-Wholesale-3.png 1000w, https:\/\/pgvape.com\/wp-content\/uploads\/2025\/07\/Bang-King-Triple-85000-85K-Puffs-Disposable-Vape-3-in-1-Triple-Flavors-Factory-Wholesale-3-360x360.png 360w, https:\/\/pgvape.com\/wp-content\/uploads\/2025\/07\/Bang-King-Triple-85000-85K-Puffs-Disposable-Vape-3-in-1-Triple-Flavors-Factory-Wholesale-3-595x595.png 595w, https:\/\/pgvape.com\/wp-content\/uploads\/2025\/07\/Bang-King-Triple-85000-85K-Puffs-Disposable-Vape-3-in-1-Triple-Flavors-Factory-Wholesale-3-400x400.png 400w, https:\/\/pgvape.com\/wp-content\/uploads\/2025\/07\/Bang-King-Triple-85000-85K-Puffs-Disposable-Vape-3-in-1-Triple-Flavors-Factory-Wholesale-3-768x768.png 768w, https:\/\/pgvape.com\/wp-content\/uploads\/2025\/07\/Bang-King-Triple-85000-85K-Puffs-Disposable-Vape-3-in-1-Triple-Flavors-Factory-Wholesale-3-12x12.png 12w, https:\/\/pgvape.com\/wp-content\/uploads\/2025\/07\/Bang-King-Triple-85000-85K-Puffs-Disposable-Vape-3-in-1-Triple-Flavors-Factory-Wholesale-3-300x300.png 300w, https:\/\/pgvape.com\/wp-content\/uploads\/2025\/07\/Bang-King-Triple-85000-85K-Puffs-Disposable-Vape-3-in-1-Triple-Flavors-Factory-Wholesale-3-600x600.png 600w, https:\/\/pgvape.com\/wp-content\/uploads\/2025\/07\/Bang-King-Triple-85000-85K-Puffs-Disposable-Vape-3-in-1-Triple-Flavors-Factory-Wholesale-3-100x100.png 100w, https:\/\/pgvape.com\/wp-content\/uploads\/2025\/07\/Bang-King-Triple-85000-85K-Puffs-Disposable-Vape-3-in-1-Triple-Flavors-Factory-Wholesale-3-32x32.png 32w, https:\/\/pgvape.com\/wp-content\/uploads\/2025\/07\/Bang-King-Triple-85000-85K-Puffs-Disposable-Vape-3-in-1-Triple-Flavors-Factory-Wholesale-3-40x40.png 40w\" sizes=\"auto, (max-width: 1000px) 100vw, 1000px\" \/><\/span><\/h3>\n<p>&nbsp;<\/p>\n<h2><span style=\"font-size: 90%;\">Bang King Triple 85K inhala Vape desechable <\/span><strong>Video<\/strong><span style=\"font-size: 90%;\">:<br \/>\n<\/span><\/h2>\n<p><iframe loading=\"lazy\" title=\"Bang King Triple 85000 soplos 3 en 1 sabores Vape 16Tastes Vape Factory Direct pgvape\" width=\"563\" height=\"1000\" src=\"https:\/\/www.youtube.com\/embed\/oSY7ZXI6jNQ?feature=oembed\" frameborder=\"0\" allow=\"accelerometer; autoplay; clipboard-write; encrypted-media; gyroscope; picture-in-picture; web-share\" referrerpolicy=\"strict-origin-when-cross-origin\" allowfullscreen><\/iframe><\/p>\n<p>&nbsp;<\/p>\n<h2><span style=\"font-size: 90%;\">Preguntas frecuentes sobre el vaporizador desechable 3 en 1 Bang King Triple 85K<br \/>\n<\/span><\/h2>\n<p data-sourcepos=\"36:1-37:124\">\u2753 <strong data-sourcepos=\"36:3-36:41\">\u00bfC\u00f3mo funciona el sistema de 3 sabores?<\/strong><br \/>\n\u2705 Alternar instant\u00e1neamente entre <strong data-sourcepos=\"37:28-37:40\">Sabor A<\/strong>, <strong data-sourcepos=\"37:42-37:47\">B<\/strong>, o <strong data-sourcepos=\"37:52-37:57\">do<\/strong>\u2014o disfrutar <strong data-sourcepos=\"37:67-37:84\">mezclas personalizadas<\/strong> (p.ej., <em data-sourcepos=\"37:92-37:120\">Red Bull + Kiwi Fresa<\/em>).<\/p>\n<p data-sourcepos=\"39:1-40:92\">\u2753 <strong data-sourcepos=\"39:3-39:42\">\u00bfQu\u00e9 garantiza una calidad de vapor superior?<br \/>\n<\/strong> \u2705 <strong data-sourcepos=\"40:3-40:24\">Bobinas de malla triple<\/strong> proporcionar <strong data-sourcepos=\"40:33-40:51\">nubes m\u00e1s espesas<\/strong> y <strong data-sourcepos=\"40:56-40:73\">sabor m\u00e1s profundo<\/strong> con cada bocanada.<\/p>\n<p data-sourcepos=\"42:1-43:59\">\u2753 <strong data-sourcepos=\"42:3-42:32\">\u00bfPuedo vapear sin nicotina?<\/strong><br \/>\n\u2705 \u00a1S\u00ed! <strong data-sourcepos=\"43:8-43:30\">0% opci\u00f3n nicotina<\/strong> para disfrutar del puro sabor.<\/p>\n<p data-sourcepos=\"45:1-46:71\">\u2753 <strong data-sourcepos=\"45:3-45:31\">\u00bfQu\u00e9 tan r\u00e1pido se carga?<\/strong><br \/>\n\u2705 <strong data-sourcepos=\"46:3-46:18\">Puerto tipo C<\/strong> reposta el <strong data-sourcepos=\"46:31-46:49\">bater\u00eda de 600 mAh<\/strong> en <strong data-sourcepos=\"46:53-46:68\">~50 minutos<\/strong>.<\/p>\n<p data-sourcepos=\"48:1-49:89\">\u2753 <strong data-sourcepos=\"48:3-48:27\">\u00bfPara qui\u00e9n es ideal?<br \/>\n<\/strong> \u2705 <strong data-sourcepos=\"49:3-49:23\">Exploradores de sabores<\/strong> + <strong data-sourcepos=\"49:26-49:39\">minoristas<\/strong> buscando desechables de alta capacidad y alto margen.<\/p>\n<p><span style=\"font-size: 90%;\">\u00a0<\/span><\/p>\n<h3 id=\"brxe-najhln\" class=\"brxe-heading\">Preguntas frecuentes (FAQ)<\/h3>\n<div id=\"brxe-rajiac\" class=\"brxe-text\">\n<p><strong>P: \u00bfQu\u00e9 m\u00e9todos de pago aceptan?<\/strong><br \/>\nR: Aceptamos PayPal, Stripe, transferencias bancarias (compatibles con SEPA), las principales tarjetas de cr\u00e9dito (Visa, MasterCard, American Express) y pagos con criptomonedas.<\/p>\n<p><strong>P: \u00bfCu\u00e1nto tiempo lleva la preparaci\u00f3n del pedido?<\/strong><br \/>\nR: La preparaci\u00f3n del pedido demora entre 1 y 3 d\u00edas h\u00e1biles.<\/p>\n<p><strong>P: \u00bfCu\u00e1l es el tiempo de env\u00edo?<\/strong><br \/>\nR: El tiempo de env\u00edo es de 7 a 14 d\u00edas h\u00e1biles, seg\u00fan su ubicaci\u00f3n.<\/p>\n<p><strong>P: \u00bfC\u00f3mo puedo realizar un seguimiento de mi pedido?<\/strong><br \/>\nR: Despu\u00e9s del env\u00edo, recibir\u00e1 un correo electr\u00f3nico de confirmaci\u00f3n con un n\u00famero de seguimiento para realizar un seguimiento en tiempo real.<\/p>\n<p><strong>P: \u00bfCu\u00e1l es su pol\u00edtica de devoluci\u00f3n?<\/strong><br \/>\nR: Ofrecemos una pol\u00edtica de devoluci\u00f3n de 30 d\u00edas para reembolsos o cambios. .<\/p>\n<p><strong>P: \u00bfHabr\u00e1 alg\u00fan problema aduanero?<br \/>\n<\/strong>Nos encargamos de todos los procedimientos de despacho de aduanas para garantizarle una experiencia sin complicaciones. .<\/p>\n<p><strong>P: \u00bfQu\u00e9 m\u00e9todos de env\u00edo se utilizan?<\/strong><br \/>\nCooperamos con UPS\/DHL\/FEDEX\/DPD, etc. Elegiremos la opci\u00f3n de env\u00edo adecuada seg\u00fan el pa\u00eds de entrega para asegurarnos de que reciba sus productos lo m\u00e1s r\u00e1pido posible.<\/p>\n<p><a href=\"https:\/\/pgvape.com\/es\/preguntas-frecuentes\/\"><span style=\"font-size: 100%;\">Haga clic aqu\u00ed para m\u00e1s preguntas frecuentes<\/span><\/a><\/p>\n<p>Estimados clientes: Si tienen alguna pregunta sobre su pedido o la llegada de la mercanc\u00eda, comun\u00edquese con nuestro servicio de atenci\u00f3n al cliente. \u00a1Gracias!<\/p>\n<h3 data-sourcepos=\"73:1-73:21\"><span style=\"font-size: 90%;\"><strong data-sourcepos=\"73:7-73:21\">Cont\u00e1ctenos<\/strong><\/span><\/h3>\n<div id=\"text-2419739398\" class=\"text\">\n<p><strong data-sourcepos=\"75:3-75:12\">Correo electr\u00f3nico<\/strong>:\u00a0<a href=\"mailto:support@pgvape.com\"><strong>support@pgvape.com<\/strong><\/a><\/p>\n<p><strong data-sourcepos=\"76:3-76:15\">WhatsApp<\/strong>: <a href=\"https:\/\/wa.me\/+8618128481258\"><strong>+86 18128481258<\/strong><\/a><br \/>\n<strong>(Respuesta dentro de las 24 horas en d\u00edas h\u00e1biles)<\/strong><\/p>\n<\/div>\n<h3><strong><span style=\"font-size: 80%;\">\u00a1Gracias por elegir pgvape.com! .<\/span><\/strong><\/h3>\n<\/div>","protected":false},"excerpt":{"rendered":"<p><strong>Bang King Triple 85K<\/strong> es recargable <strong>vaporizador desechable<\/strong> que ofrece <strong>85.000 bocanadas<\/strong>, 3 sabores ajustables, y <strong>16 sabores emocionantes<\/strong> combinaciones. <strong>pantalla LED<\/strong>, y carga tipo C para una experiencia de vapeo excepcional.<\/p>","protected":false},"featured_media":365,"comment_status":"open","ping_status":"closed","template":"","meta":{"_seopress_robots_primary_cat":"none","_seopress_titles_title":"","_seopress_titles_desc":"","_seopress_robots_index":""},"product_brand":[19,516],"product_cat":[20,18,515],"product_tag":[24,21,22,23,490],"class_list":{"0":"post-362","1":"product","2":"type-product","3":"status-publish","4":"has-post-thumbnail","6":"product_brand-bang-king-vape","7":"product_brand-disposable-vape","8":"product_cat-85k-puffs-vape","9":"product_cat-bang-king-vape","10":"product_cat-disposable-vape","11":"product_tag-3-in-1-flavors","12":"product_tag-85k-puffs","13":"product_tag-85k-vape","14":"product_tag-bang-king-triple-85k","15":"product_tag-minimum-2-pieces","17":"first","18":"outofstock","19":"sale","20":"shipping-taxable","21":"purchasable","22":"product-type-variable","23":"has-default-attributes"},"_links":{"self":[{"href":"https:\/\/pgvape.com\/es\/wp-json\/wp\/v2\/product\/362","targetHints":{"allow":["GET"]}}],"collection":[{"href":"https:\/\/pgvape.com\/es\/wp-json\/wp\/v2\/product"}],"about":[{"href":"https:\/\/pgvape.com\/es\/wp-json\/wp\/v2\/types\/product"}],"replies":[{"embeddable":true,"href":"https:\/\/pgvape.com\/es\/wp-json\/wp\/v2\/comments?post=362"}],"wp:featuredmedia":[{"embeddable":true,"href":"https:\/\/pgvape.com\/es\/wp-json\/wp\/v2\/media\/365"}],"wp:attachment":[{"href":"https:\/\/pgvape.com\/es\/wp-json\/wp\/v2\/media?parent=362"}],"wp:term":[{"taxonomy":"product_brand","embeddable":true,"href":"https:\/\/pgvape.com\/es\/wp-json\/wp\/v2\/product_brand?post=362"},{"taxonomy":"product_cat","embeddable":true,"href":"https:\/\/pgvape.com\/es\/wp-json\/wp\/v2\/product_cat?post=362"},{"taxonomy":"product_tag","embeddable":true,"href":"https:\/\/pgvape.com\/es\/wp-json\/wp\/v2\/product_tag?post=362"}],"curies":[{"name":"wp","href":"https:\/\/api.w.org\/{rel}","templated":true}]}}