{"id":3618,"date":"2025-10-18T10:11:10","date_gmt":"2025-10-18T10:11:10","guid":{"rendered":"https:\/\/pgvape.com\/?post_type=product&#038;p=3618"},"modified":"2026-03-05T14:33:53","modified_gmt":"2026-03-05T14:33:53","slug":"mr-goodie-modo-dual-king-50000-50k-puffs-vape-desechable-flujo-de-aire-ajustable-pantalla-completa-pantalla-led-vape-directo-de-fabrica","status":"publish","type":"product","link":"https:\/\/pgvape.com\/es\/producto\/mr-goodie-modo-dual-king-50000-50k-puffs-vape-desechable-flujo-de-aire-ajustable-pantalla-completa-pantalla-led-vape-directo-de-fabrica\/","title":{"rendered":"Mr.Goodie Modo dual King 50000 50K Puffs Vape desechable Flujo de aire ajustable Pantalla completa Pantalla LED Vape directo de f\u00e1brica"},"content":{"rendered":"<div class=\"auto-hide-last-sibling-br paragraph-JOTKXA paragraph-element br-paragraph-space\"><strong data-sourcepos=\"4:5-4:61\">Vape desechable Mr.Goodie Dual Mode King 50000 Puffs<\/strong> Redefine la versatilidad con <strong data-sourcepos=\"4:89-4:119\">Modos ECO\/BOOST conmutables<\/strong> (50K\/25K bocanadas) y <strong data-sourcepos=\"4:140-4:157\">Control t\u00e1ctil<\/strong>. <strong data-sourcepos=\"4:171-4:189\">Bobina de malla doble<\/strong>, <strong data-sourcepos=\"4:191-4:217\">Capacidad de l\u00edquido electr\u00f3nico de 40 ml<\/strong>, Y <strong data-sourcepos=\"4:223-4:255\">Bater\u00eda recargable de 1000 mAh.<\/strong>, Ofrece un rendimiento inigualable. <strong data-sourcepos=\"4:323-4:345\">Flujo de aire ajustable<\/strong> Y monitorear el uso a trav\u00e9s de <strong data-sourcepos=\"4:368-4:395\">Pantalla LED de pantalla completa<\/strong>. <strong data-sourcepos=\"4:410-4:433\">Sal de nicotina 2%\/5%<\/strong> Y <strong data-sourcepos=\"4:438-4:460\">10 sabores premium<\/strong> Para una satisfacci\u00f3n personalizada.<\/div>\n<p>&nbsp;<\/p>\n<h2><span style=\"font-size: 90%;\">Especificaciones del vaporizador desechable Mr.Goodie Dual Mode King 50000 50K Puffs<\/span><\/h2>\n<p><strong data-sourcepos=\"9:3-9:17\">Modos de soplo<\/strong>:\u00a0<strong data-sourcepos=\"9:19-9:64\">ECO (50.000 inhalaciones) \/ BOOST (25.000 inhalaciones)<\/strong><\/p>\n<p><strong data-sourcepos=\"10:3-10:15\">Nicotina<\/strong>:\u00a0<strong data-sourcepos=\"10:17-10:42\">Sal de nicotina 2% \/ 5%<\/strong><\/p>\n<p><strong data-sourcepos=\"11:3-11:11\">Bobina<\/strong>:\u00a0<strong data-sourcepos=\"11:13-11:32\">Bobinas de malla dual<\/strong><\/p>\n<p><strong data-sourcepos=\"12:3-12:15\">E-l\u00edquido<\/strong>:\u00a0<strong data-sourcepos=\"12:17-12:44\">Capacidad precargada de 40 ml<\/strong><\/p>\n<p><strong data-sourcepos=\"13:3-13:14\">Bater\u00eda<\/strong>:\u00a0<strong data-sourcepos=\"13:16-13:40\">1000mAh recargable<\/strong><\/p>\n<p><strong data-sourcepos=\"14:3-14:15\">Cargando<\/strong>:\u00a0<strong data-sourcepos=\"14:17-14:41\">Carga r\u00e1pida tipo C<\/strong><\/p>\n<p><strong data-sourcepos=\"15:3-15:14\">Mostrar<\/strong>:\u00a0<strong data-sourcepos=\"15:16-15:61\">LED de pantalla completa (recuento de inhalaciones\/bater\u00eda\/modo)<\/strong><\/p>\n<p><strong data-sourcepos=\"16:3-16:14\">flujo de aire<\/strong>:\u00a0<strong data-sourcepos=\"16:16-16:38\">Control ajustable<\/strong><\/p>\n<p>&nbsp;<\/p>\n<h3><span style=\"font-size: 90%;\">Lista de sabores desechables de Vape de Mr.Goodie Dual Mode King 50000 50K Puffs<\/span><\/h3>\n<p>1.Batido de fresa<\/p>\n<p>2.Razz Azul<\/p>\n<p>3.Hielo de sand\u00eda<\/p>\n<p>4.Manzana Canela<\/p>\n<p>5.Hielo de lim\u00f3n verde<\/p>\n<p>6.Hielo de mango y pi\u00f1a<\/p>\n<p>7.Hielo de melocot\u00f3n jugoso<\/p>\n<p>8.Fruta de la pasi\u00f3n y vainilla<\/p>\n<p>9.Hielo de naranja sanguina<\/p>\n<p>10.Amor 66<\/p>\n<p>&nbsp;<\/p>\n<h3><span style=\"font-size: 90%;\">V\u00eddeo de Vape desechable Mr.Goodie Dual Mode King 50000 50K Puffs:<br \/>\n<iframe loading=\"lazy\" title=\"Mr.Goodie Dual Mode King 50K Puffs Vape desechable | Flujo de aire ajustable |Vape Pgvape directo de f\u00e1brica\" width=\"1020\" height=\"574\" src=\"https:\/\/www.youtube.com\/embed\/j3D2ewBjWaU?feature=oembed\" frameborder=\"0\" allow=\"accelerometer; autoplay; clipboard-write; encrypted-media; gyroscope; picture-in-picture; web-share\" referrerpolicy=\"strict-origin-when-cross-origin\" allowfullscreen><\/iframe><br \/>\n<\/span><\/h3>\n<h3 id=\"brxe-najhln\" class=\"brxe-heading\"><\/h3>\n<h2 class=\"header-vfC6AV auto-hide-last-sibling-br\">Preguntas frecuentes sobre el vaporizador desechable Mr.Goodie Dual Mode King 50000 50K Puffs<\/h2>\n<p data-sourcepos=\"35:1-36:115\">\u2753 <strong data-sourcepos=\"35:3-35:50\">\u201c\u00bfC\u00f3mo mejoran los modos duales el vapeo?<br \/>\n\u201c<\/strong> \u2705 <strong data-sourcepos=\"36:3-36:113\">\u201cEl modo ECO maximiza la longevidad (50.000 inhalaciones), mientras que el modo BOOST intensifica el sabor\/vapor (25.000 inhalaciones)\u201d.\u201d<\/strong><\/p>\n<p data-sourcepos=\"38:1-39:76\">\u2753 <strong data-sourcepos=\"38:3-38:52\">\u201c\u00bfQu\u00e9 tiene de especial el control t\u00e1ctil?<br \/>\n\u201c<\/strong> \u2705 <strong data-sourcepos=\"39:3-39:74\">\u201cCambie de modo instant\u00e1neamente con un toque, sin botones ni configuraciones complejas\u201d.\u201d<\/strong><\/p>\n<p data-sourcepos=\"41:1-42:105\">\u2753 <strong data-sourcepos=\"41:3-41:47\">\u201c\u00bfLa bobina de malla mejora el sabor?<br \/>\n\u201c<\/strong> \u2705 <strong data-sourcepos=\"42:3-42:103\">\u201cLas bobinas de malla doble garantizan un calentamiento m\u00e1s r\u00e1pido del 20% y un sabor m\u00e1s rico en comparaci\u00f3n con las bobinas est\u00e1ndar\u201d.\u201d<\/strong><\/p>\n<p data-sourcepos=\"44:1-45:113\">\u2753 <strong data-sourcepos=\"44:3-44:44\">\u201c\u00bfCu\u00e1nto dura la bater\u00eda?<br \/>\n\u201c<\/strong> \u2705 <strong data-sourcepos=\"45:3-45:111\">\u201cLa bater\u00eda de 1000 mAh admite m\u00e1s de 48 horas en modo ECO; la carga tipo C se recarga en 45 minutos\u201d.\u201d<\/strong><\/p>\n<p data-sourcepos=\"47:1-48:111\">\u2753 <strong data-sourcepos=\"47:3-47:40\">\u201c\u00bfPuedo ajustar la densidad del vapor?<br \/>\n\u201c<\/strong> \u2705<strong data-sourcepos=\"48:3-48:109\">\u201c\u00a1S\u00ed! El anillo de control del flujo de aire personaliza la estanqueidad desde MTL restringido hasta DTL aireado\u201d.\u201d<\/strong><\/p>\n<p>&nbsp;<\/p>\n<h3 id=\"brxe-najhln\" class=\"brxe-heading\">Preguntas frecuentes (FAQ)<\/h3>\n<div id=\"brxe-rajiac\" class=\"brxe-text\">\n<p><strong>P: \u00bfQu\u00e9 m\u00e9todos de pago aceptan?<\/strong><br \/>\nR: Aceptamos PayPal, Stripe, transferencias bancarias (compatibles con SEPA), las principales tarjetas de cr\u00e9dito (Visa, MasterCard, American Express) y pagos con criptomonedas.<\/p>\n<p><strong>P: \u00bfCu\u00e1nto tiempo lleva la preparaci\u00f3n del pedido?<\/strong><br \/>\nR: La preparaci\u00f3n del pedido demora entre 1 y 3 d\u00edas h\u00e1biles.<\/p>\n<p><strong>P: \u00bfCu\u00e1l es el tiempo de env\u00edo?<\/strong><br \/>\nR: El tiempo de env\u00edo es de 7 a 14 d\u00edas h\u00e1biles, seg\u00fan su ubicaci\u00f3n.<\/p>\n<p><strong>P: \u00bfC\u00f3mo puedo realizar un seguimiento de mi pedido?<\/strong><br \/>\nR: Despu\u00e9s del env\u00edo, recibir\u00e1 un correo electr\u00f3nico de confirmaci\u00f3n con un n\u00famero de seguimiento para realizar un seguimiento en tiempo real.<\/p>\n<p><strong>P: \u00bfCu\u00e1l es su pol\u00edtica de devoluci\u00f3n?<\/strong><br \/>\nR: Ofrecemos una pol\u00edtica de devoluci\u00f3n de 30 d\u00edas para reembolsos o cambios. .<\/p>\n<p><strong>P: \u00bfHabr\u00e1 alg\u00fan problema aduanero?<br \/>\n<\/strong>Nos encargamos de todos los procedimientos de despacho de aduanas para garantizarle una experiencia sin complicaciones. .<\/p>\n<p><strong>P: \u00bfQu\u00e9 m\u00e9todos de env\u00edo se utilizan?<\/strong><br \/>\nCooperamos con UPS\/DHL\/FEDEX\/DPD, etc. Elegiremos la opci\u00f3n de env\u00edo adecuada seg\u00fan el pa\u00eds de entrega para asegurarnos de que reciba sus productos lo m\u00e1s r\u00e1pido posible.<\/p>\n<p><a href=\"https:\/\/pgvape.com\/es\/preguntas-frecuentes\/\">Haga clic aqu\u00ed para m\u00e1s preguntas frecuentes<\/a><\/p>\n<p>Estimados clientes: Si tienen alguna pregunta sobre su pedido o la llegada de la mercanc\u00eda, comun\u00edquese con nuestro servicio de atenci\u00f3n al cliente. \u00a1Gracias!<\/p>\n<h3 data-sourcepos=\"73:1-73:21\"><strong data-sourcepos=\"73:7-73:21\">Cont\u00e1ctenos<\/strong><\/h3>\n<div id=\"text-2419739398\" class=\"text\">\n<p><strong data-sourcepos=\"75:3-75:12\">Correo electr\u00f3nico<\/strong>:\u00a0<a href=\"mailto:support@pgvape.com\"><strong>support@pgvape.com<\/strong><\/a><\/p>\n<p><strong data-sourcepos=\"76:3-76:15\">WhatsApp<\/strong>: <a href=\"https:\/\/wa.me\/+8618128481258\"><strong>+86 18128481258<\/strong><\/a><br \/>\n<strong>(Respuesta dentro de las 24 horas en d\u00edas h\u00e1biles)<\/strong><\/p>\n<\/div>\n<h3><strong>\u00a1Gracias por elegir pgvape.com! .<\/strong><\/h3>\n<\/div>","protected":false},"excerpt":{"rendered":"<p><strong data-sourcepos=\"53:1-53:222\">\u201cMr.Goodie Dual Mode King 50000: el vaporizador desechable 2 en 1 definitivo con modos ECO\/BOOST, bobinas de malla doble, capacidad de 40 ml y 10 sabores, alimentado por una bater\u00eda de 1000 mAh con carga tipo C\u201d.\u201d<\/strong><\/p>","protected":false},"featured_media":3631,"comment_status":"open","ping_status":"closed","template":"","meta":{"_seopress_robots_primary_cat":"none","_seopress_titles_title":"%%post_title%% %%sep%% %%sitetitle%%","_seopress_titles_desc":"","_seopress_robots_index":""},"product_brand":[516,311],"product_cat":[61,515,312],"product_tag":[318,135,90,320,319,313,204],"class_list":{"0":"post-3618","1":"product","2":"type-product","3":"status-publish","4":"has-post-thumbnail","6":"product_brand-disposable-vape","7":"product_brand-mr-goodie-vape","8":"product_cat-50k-puffs-vape","9":"product_cat-disposable-vape","10":"product_cat-mr-goodie-vape","11":"product_tag-50k-puffs-vape","12":"product_tag-adjustable-airflow","13":"product_tag-disposable-vape","14":"product_tag-dual-mode-king","15":"product_tag-full-screen-led-display","16":"product_tag-mr-goodie","17":"product_tag-vape-factory-direct","19":"first","20":"outofstock","21":"sale","22":"shipping-taxable","23":"purchasable","24":"product-type-variable"},"_links":{"self":[{"href":"https:\/\/pgvape.com\/es\/wp-json\/wp\/v2\/product\/3618","targetHints":{"allow":["GET"]}}],"collection":[{"href":"https:\/\/pgvape.com\/es\/wp-json\/wp\/v2\/product"}],"about":[{"href":"https:\/\/pgvape.com\/es\/wp-json\/wp\/v2\/types\/product"}],"replies":[{"embeddable":true,"href":"https:\/\/pgvape.com\/es\/wp-json\/wp\/v2\/comments?post=3618"}],"wp:featuredmedia":[{"embeddable":true,"href":"https:\/\/pgvape.com\/es\/wp-json\/wp\/v2\/media\/3631"}],"wp:attachment":[{"href":"https:\/\/pgvape.com\/es\/wp-json\/wp\/v2\/media?parent=3618"}],"wp:term":[{"taxonomy":"product_brand","embeddable":true,"href":"https:\/\/pgvape.com\/es\/wp-json\/wp\/v2\/product_brand?post=3618"},{"taxonomy":"product_cat","embeddable":true,"href":"https:\/\/pgvape.com\/es\/wp-json\/wp\/v2\/product_cat?post=3618"},{"taxonomy":"product_tag","embeddable":true,"href":"https:\/\/pgvape.com\/es\/wp-json\/wp\/v2\/product_tag?post=3618"}],"curies":[{"name":"wp","href":"https:\/\/api.w.org\/{rel}","templated":true}]}}