{"id":3416,"date":"2025-10-14T02:39:58","date_gmt":"2025-10-14T02:39:58","guid":{"rendered":"https:\/\/pgvape.com\/?post_type=product&#038;p=3416"},"modified":"2025-12-15T12:48:27","modified_gmt":"2025-12-15T12:48:27","slug":"zooy-zero-45000-45k-inhalaciones-vape-desechable-control-agradable-flujo-de-aire-ajustable-bobina-de-malla-dual-vape-directo-de-fabrica","status":"publish","type":"product","link":"https:\/\/pgvape.com\/es\/producto\/zooy-zero-45000-45k-inhalaciones-vape-desechable-control-agradable-flujo-de-aire-ajustable-bobina-de-malla-dual-vape-directo-de-fabrica\/","title":{"rendered":"ZOOY ZERO 45000 45K Puffs Vape desechable Nic&amp;Ice Control Flujo de aire ajustable Bobina de malla dual Vape directo de f\u00e1brica"},"content":{"rendered":"<div class=\"auto-hide-last-sibling-br paragraph-JOTKXA paragraph-element br-paragraph-space\"><strong data-sourcepos=\"4:5-4:46\">ZOOY ZERO 45000 inhalaciones Vape desechable<\/strong> Redefine la personalizaci\u00f3n con <strong data-sourcepos=\"4:76-4:106\">Control NIC e ICE ajustable<\/strong>, <strong data-sourcepos=\"4:108-4:127\">Bobinas de malla dual<\/strong>, Y <strong data-sourcepos=\"4:133-4:150\">Pantalla inteligente<\/strong>. <strong data-sourcepos=\"4:164-4:196\">Bater\u00eda recargable de 1000 mAh.<\/strong> Y <strong data-sourcepos=\"4:201-4:225\">Carga r\u00e1pida tipo C<\/strong>, Ofrece <strong data-sourcepos=\"4:239-4:266\">45.000 bocanadas ultralargas<\/strong>. <strong data-sourcepos=\"4:301-4:323\">Flujo de aire ajustable<\/strong> Y elige entre <strong data-sourcepos=\"4:340-4:362\">10 sabores premium<\/strong> Para una satisfacci\u00f3n personalizada.<img loading=\"lazy\" decoding=\"async\" class=\"alignnone wp-image-3432 size-full\" style=\"font-size: 14.4px;\" src=\"https:\/\/pgvape.com\/wp-content\/uploads\/2025\/10\/pgvape-ZOOY-ZERO-45000-45k-puffs-NicIce-Control-Disposable-Vape-Factory-Direct-12.png\" alt=\"Pancarta promocional que muestra los dispositivos de vapeo desechables Zooy Zero 45000 y su empaque: tres coloridos dispositivos estilo c\u00e1psula (azul, rojo, amarillo) con pantallas circulares de arco\u00edris y cajas con la etiqueta Watermelon Ice, en contraste con un degradado de rosa a azul con el nombre grande del producto ZOOY ZERO 45000 e \u00edconos para control NIC&amp;ICE, bobina de malla doble y bater\u00eda de 1000 mAh.\" width=\"1500\" height=\"312\" srcset=\"https:\/\/pgvape.com\/wp-content\/uploads\/2025\/10\/pgvape-ZOOY-ZERO-45000-45k-puffs-NicIce-Control-Disposable-Vape-Factory-Direct-12.png 1500w, https:\/\/pgvape.com\/wp-content\/uploads\/2025\/10\/pgvape-ZOOY-ZERO-45000-45k-puffs-NicIce-Control-Disposable-Vape-Factory-Direct-12-555x115.png 555w, https:\/\/pgvape.com\/wp-content\/uploads\/2025\/10\/pgvape-ZOOY-ZERO-45000-45k-puffs-NicIce-Control-Disposable-Vape-Factory-Direct-12-595x124.png 595w, https:\/\/pgvape.com\/wp-content\/uploads\/2025\/10\/pgvape-ZOOY-ZERO-45000-45k-puffs-NicIce-Control-Disposable-Vape-Factory-Direct-12-400x83.png 400w, https:\/\/pgvape.com\/wp-content\/uploads\/2025\/10\/pgvape-ZOOY-ZERO-45000-45k-puffs-NicIce-Control-Disposable-Vape-Factory-Direct-12-768x160.png 768w, https:\/\/pgvape.com\/wp-content\/uploads\/2025\/10\/pgvape-ZOOY-ZERO-45000-45k-puffs-NicIce-Control-Disposable-Vape-Factory-Direct-12-18x4.png 18w, https:\/\/pgvape.com\/wp-content\/uploads\/2025\/10\/pgvape-ZOOY-ZERO-45000-45k-puffs-NicIce-Control-Disposable-Vape-Factory-Direct-12-600x125.png 600w, https:\/\/pgvape.com\/wp-content\/uploads\/2025\/10\/pgvape-ZOOY-ZERO-45000-45k-puffs-NicIce-Control-Disposable-Vape-Factory-Direct-12-60x12.png 60w\" sizes=\"auto, (max-width: 1500px) 100vw, 1500px\" \/><\/div>\n<p>&nbsp;<\/p>\n<h3><span style=\"font-size: 90%;\">ZOOY ZERO 45000 | 45K Especificaciones de Vape desechables con control de inhalaciones<\/span><\/h3>\n<p><strong data-sourcepos=\"9:3-9:17\">Conteo de bocanadas<\/strong>:\u00a0<strong data-sourcepos=\"9:19-9:35\">45.000 bocanadas<\/strong><\/p>\n<p><strong data-sourcepos=\"10:3-10:15\">Nicotina<\/strong>:\u00a0<strong data-sourcepos=\"10:17-10:43\">Control de tarjeta de red ajustable<\/strong><\/p>\n<p><strong data-sourcepos=\"11:3-11:14\">Enfriamiento<\/strong>:\u00a0<strong data-sourcepos=\"11:16-11:42\">Control de HIELO ajustable<\/strong><\/p>\n<p><strong data-sourcepos=\"12:3-12:11\">Bobina<\/strong>:\u00a0<strong data-sourcepos=\"12:13-12:44\">Bobinas de malla dual de 0,6 \u03a9 + 1,5 \u03a9<\/strong><\/p>\n<p><strong data-sourcepos=\"13:3-13:14\">Bater\u00eda<\/strong>:\u00a0<strong data-sourcepos=\"13:16-13:40\">1000mAh recargable<\/strong><\/p>\n<p><strong data-sourcepos=\"14:3-14:15\">Cargando<\/strong>:\u00a0<strong data-sourcepos=\"14:17-14:41\">Carga r\u00e1pida tipo C<\/strong><\/p>\n<p><strong data-sourcepos=\"15:3-15:14\">Mostrar<\/strong>:\u00a0<strong data-sourcepos=\"15:16-15:62\">Pantalla inteligente (recuento de caladas\/bater\u00eda\/e-l\u00edquido)<\/strong><\/p>\n<p><strong data-sourcepos=\"16:3-16:14\">flujo de aire<\/strong>:\u00a0<strong data-sourcepos=\"16:16-16:40\">Ajustable (MTL\/DTL)<\/strong><\/p>\n<p>&nbsp;<\/p>\n<h3><span style=\"font-size: 90%;\">ZOOY ZERO 45000 | 45K Lista de sabores desechables de Vape con control de soplos<\/span><\/h3>\n<p>1.Hielo de sand\u00eda<\/p>\n<p>2.Hielo de ar\u00e1ndanos<\/p>\n<p>3.Sand\u00eda Fresa<\/p>\n<p>4.Cola de lim\u00f3n<\/p>\n<p>5.kiwi fresa<\/p>\n<p>6.Uva Manzana<\/p>\n<p>7.Pastel de fresa y naranja<\/p>\n<p>8. Hielo azul Razz<\/p>\n<p>9.Sand\u00eda de ar\u00e1ndanos<\/p>\n<p>10.Mango Pasi\u00f3n Guayaba<br \/>\n<img loading=\"lazy\" decoding=\"async\" class=\"alignnone wp-image-3430 size-full\" src=\"https:\/\/pgvape.com\/wp-content\/uploads\/2025\/10\/pgvape-ZOOY-ZERO-45000-45k-puffs-NicIce-Control-Disposable-Vape-Factory-Direct-10.png\" alt=\"Diez coloridos dispositivos de vapeo desechables rectangulares dispuestos en dos filas, cada uno con una boquilla negra, un logotipo grande de ZERO 45000 y peque\u00f1as ilustraciones y etiquetas de sabores que incluyen Strawberry Watermelon, Strawberry Orange Pop, Mango Passion Guava, Blue Razz Ice, Blueberry Watermelon, Blueberry Ice, Lemon Cola, Watermelon Ice, Grape Apple y Strawberry Kiwi.\" width=\"1000\" height=\"1000\" srcset=\"https:\/\/pgvape.com\/wp-content\/uploads\/2025\/10\/pgvape-ZOOY-ZERO-45000-45k-puffs-NicIce-Control-Disposable-Vape-Factory-Direct-10.png 1000w, https:\/\/pgvape.com\/wp-content\/uploads\/2025\/10\/pgvape-ZOOY-ZERO-45000-45k-puffs-NicIce-Control-Disposable-Vape-Factory-Direct-10-360x360.png 360w, https:\/\/pgvape.com\/wp-content\/uploads\/2025\/10\/pgvape-ZOOY-ZERO-45000-45k-puffs-NicIce-Control-Disposable-Vape-Factory-Direct-10-595x595.png 595w, https:\/\/pgvape.com\/wp-content\/uploads\/2025\/10\/pgvape-ZOOY-ZERO-45000-45k-puffs-NicIce-Control-Disposable-Vape-Factory-Direct-10-400x400.png 400w, https:\/\/pgvape.com\/wp-content\/uploads\/2025\/10\/pgvape-ZOOY-ZERO-45000-45k-puffs-NicIce-Control-Disposable-Vape-Factory-Direct-10-768x768.png 768w, https:\/\/pgvape.com\/wp-content\/uploads\/2025\/10\/pgvape-ZOOY-ZERO-45000-45k-puffs-NicIce-Control-Disposable-Vape-Factory-Direct-10-12x12.png 12w, https:\/\/pgvape.com\/wp-content\/uploads\/2025\/10\/pgvape-ZOOY-ZERO-45000-45k-puffs-NicIce-Control-Disposable-Vape-Factory-Direct-10-300x300.png 300w, https:\/\/pgvape.com\/wp-content\/uploads\/2025\/10\/pgvape-ZOOY-ZERO-45000-45k-puffs-NicIce-Control-Disposable-Vape-Factory-Direct-10-600x600.png 600w, https:\/\/pgvape.com\/wp-content\/uploads\/2025\/10\/pgvape-ZOOY-ZERO-45000-45k-puffs-NicIce-Control-Disposable-Vape-Factory-Direct-10-100x100.png 100w, https:\/\/pgvape.com\/wp-content\/uploads\/2025\/10\/pgvape-ZOOY-ZERO-45000-45k-puffs-NicIce-Control-Disposable-Vape-Factory-Direct-10-40x40.png 40w\" sizes=\"auto, (max-width: 1000px) 100vw, 1000px\" \/><\/p>\n<h3><span style=\"font-size: 90%;\">V\u00eddeo de Vape desechable con control Nic&amp;Ice de ZOOY ZERO 45000 45K Puffs<strong>:<\/strong><\/span><\/h3>\n<p>&nbsp;<\/p>\n<h2 class=\"header-vfC6AV auto-hide-last-sibling-br\">Preguntas frecuentes sobre ZOOY ZERO 45000 | 45K Puffs Control Vape desechable<\/h2>\n<p data-sourcepos=\"35:1-36:129\">\u2753 <strong data-sourcepos=\"35:3-35:47\">\u201c\u00bfC\u00f3mo funciona el control NIC&amp;ICE?<br \/>\n\u201c<\/strong> \u2705 <strong data-sourcepos=\"36:3-36:127\">\u201cAjuste de forma independiente la potencia de la nicotina y el enfriamiento del mentol mediante controles intuitivos para un golpe de garganta personalizado\u201d.\u201d<\/strong><\/p>\n<p data-sourcepos=\"38:1-39:115\">\u2753 <strong data-sourcepos=\"38:3-38:54\">\u201c\u00bfQu\u00e9 tienen de especial las bobinas de malla dual?<br \/>\n\u201c<\/strong> \u2705 <strong data-sourcepos=\"39:3-39:113\">\u201cLas bobinas de 0,6 \u03a9 + 1,5 \u03a9 optimizan el sabor\/vapor tanto para MTL (Tighter Draw) como para DTL (Cloud Chasing)\u201d.\u201d<\/strong><\/p>\n<p data-sourcepos=\"41:1-42:106\">\u2753 <strong data-sourcepos=\"41:3-41:47\">\u201c\u00bfQu\u00e9 precisi\u00f3n tiene la pantalla inteligente?<br \/>\n\u201c<\/strong> \u2705 <strong data-sourcepos=\"42:3-42:104\">\u201cRastrea el recuento de caladas en tiempo real, la bater\u00eda % y los niveles de l\u00edquido electr\u00f3nico para un monitoreo preciso\u201d.\u201d<\/strong><\/p>\n<p data-sourcepos=\"44:1-45:101\">\u2753 <strong data-sourcepos=\"44:3-44:41\">\u201c\u00bfLa bater\u00eda es duradera?<br \/>\n\u201c<\/strong> \u2705 <strong data-sourcepos=\"45:3-45:99\">\u201cLa bater\u00eda de 1000 mAh admite m\u00e1s de 48 horas; la carga tipo C se recarga en 45 minutos\u201d.\u201d<\/strong><\/p>\n<p data-sourcepos=\"47:1-48:104\">\u2753 <strong data-sourcepos=\"47:3-47:43\">\u201c\u00bfPuedo personalizar la densidad del vapor?<br \/>\n\u201c<\/strong> \u2705 <strong data-sourcepos=\"48:3-48:102\">\u201c\u00a1S\u00ed! El flujo de aire ajustable le permite elegir entre sorteos MTL restringidos o DTL ventilados\u201d.\u201d<\/strong><\/p>\n<p>&nbsp;<\/p>\n<h3 id=\"brxe-najhln\" class=\"brxe-heading\">Preguntas frecuentes (FAQ)<\/h3>\n<div id=\"brxe-rajiac\" class=\"brxe-text\">\n<p><strong>P: \u00bfQu\u00e9 m\u00e9todos de pago aceptan?<\/strong><br \/>\nR: Aceptamos PayPal, Stripe, transferencias bancarias (compatibles con SEPA), las principales tarjetas de cr\u00e9dito (Visa, MasterCard, American Express) y pagos con criptomonedas.<\/p>\n<p><strong>P: \u00bfCu\u00e1nto tiempo lleva la preparaci\u00f3n del pedido?<\/strong><br \/>\nR: La preparaci\u00f3n del pedido demora entre 1 y 3 d\u00edas h\u00e1biles.<\/p>\n<p><strong>P: \u00bfCu\u00e1l es el tiempo de env\u00edo?<\/strong><br \/>\nR: El tiempo de env\u00edo es de 7 a 14 d\u00edas h\u00e1biles, seg\u00fan su ubicaci\u00f3n.<\/p>\n<p><strong>P: \u00bfC\u00f3mo puedo realizar un seguimiento de mi pedido?<\/strong><br \/>\nR: Despu\u00e9s del env\u00edo, recibir\u00e1 un correo electr\u00f3nico de confirmaci\u00f3n con un n\u00famero de seguimiento para realizar un seguimiento en tiempo real.<\/p>\n<p><strong>P: \u00bfCu\u00e1l es su pol\u00edtica de devoluci\u00f3n?<\/strong><br \/>\nR: Ofrecemos una pol\u00edtica de devoluci\u00f3n de 30 d\u00edas para reembolsos o cambios. .<\/p>\n<p><strong>P: \u00bfHabr\u00e1 alg\u00fan problema aduanero?<br \/>\n<\/strong>Nos encargamos de todos los procedimientos de despacho de aduanas para garantizarle una experiencia sin complicaciones. .<\/p>\n<p><strong>P: \u00bfQu\u00e9 m\u00e9todos de env\u00edo se utilizan?<\/strong><br \/>\nCooperamos con UPS\/DHL\/FEDEX\/DPD, etc. Elegiremos la opci\u00f3n de env\u00edo adecuada seg\u00fan el pa\u00eds de entrega para asegurarnos de que reciba sus productos lo m\u00e1s r\u00e1pido posible.<\/p>\n<p><a href=\"https:\/\/pgvape.com\/es\/preguntas-frecuentes\/\">Haga clic aqu\u00ed para m\u00e1s preguntas frecuentes<\/a><\/p>\n<p>Estimados clientes: Si tienen alguna pregunta sobre su pedido o la llegada de la mercanc\u00eda, comun\u00edquese con nuestro servicio de atenci\u00f3n al cliente. \u00a1Gracias!<\/p>\n<h3 data-sourcepos=\"73:1-73:21\"><strong data-sourcepos=\"73:7-73:21\">Cont\u00e1ctenos<\/strong><\/h3>\n<div id=\"text-2419739398\" class=\"text\">\n<p><strong data-sourcepos=\"75:3-75:12\">Correo electr\u00f3nico<\/strong>:\u00a0<a href=\"mailto:support@pgvape.com\"><strong>support@pgvape.com<\/strong><\/a><\/p>\n<p><strong data-sourcepos=\"76:3-76:15\">WhatsApp<\/strong>: <a href=\"https:\/\/wa.me\/+8618128481258\"><strong>+86 18128481258<\/strong><\/a><br \/>\n<strong>(Respuesta dentro de las 24 horas en d\u00edas h\u00e1biles)<\/strong><\/p>\n<\/div>\n<h3><strong>\u00a1Gracias por elegir pgvape.com! .<\/strong><\/h3>\n<\/div>","protected":false},"excerpt":{"rendered":"<p><strong data-sourcepos=\"53:1-53:209\">\u201cZOOY ZERO 45000: el vaporizador desechable personalizable definitivo con control NIC e ICE, bobinas de malla dobles, pantalla inteligente y 10 sabores, alimentado por una bater\u00eda de 1000 mAh para 45 000 inhalaciones\u201d.\u201d<\/strong><\/p>","protected":false},"featured_media":3420,"comment_status":"open","ping_status":"closed","template":"","meta":{"_seopress_robots_primary_cat":"none","_seopress_titles_title":"%%post_title%% %%sep%% %%sitetitle%%","_seopress_titles_desc":"","_seopress_robots_index":""},"product_brand":[516,291],"product_cat":[308,515,290],"product_tag":[310,135,90,257,297,136,309],"class_list":{"0":"post-3416","1":"product","2":"type-product","3":"status-publish","4":"has-post-thumbnail","6":"product_brand-disposable-vape","7":"product_brand-zooy-vape","8":"product_cat-45k-puffs-vape","9":"product_cat-disposable-vape","10":"product_cat-zooy-vape","11":"product_tag-45k-puffs-vape","12":"product_tag-adjustable-airflow","13":"product_tag-disposable-vape","14":"product_tag-dual-mesh-coil","15":"product_tag-nicice-control","16":"product_tag-smart-screen","17":"product_tag-zooy-zero-45000","19":"first","20":"instock","21":"sale","22":"shipping-taxable","23":"purchasable","24":"product-type-variable"},"_links":{"self":[{"href":"https:\/\/pgvape.com\/es\/wp-json\/wp\/v2\/product\/3416","targetHints":{"allow":["GET"]}}],"collection":[{"href":"https:\/\/pgvape.com\/es\/wp-json\/wp\/v2\/product"}],"about":[{"href":"https:\/\/pgvape.com\/es\/wp-json\/wp\/v2\/types\/product"}],"replies":[{"embeddable":true,"href":"https:\/\/pgvape.com\/es\/wp-json\/wp\/v2\/comments?post=3416"}],"wp:featuredmedia":[{"embeddable":true,"href":"https:\/\/pgvape.com\/es\/wp-json\/wp\/v2\/media\/3420"}],"wp:attachment":[{"href":"https:\/\/pgvape.com\/es\/wp-json\/wp\/v2\/media?parent=3416"}],"wp:term":[{"taxonomy":"product_brand","embeddable":true,"href":"https:\/\/pgvape.com\/es\/wp-json\/wp\/v2\/product_brand?post=3416"},{"taxonomy":"product_cat","embeddable":true,"href":"https:\/\/pgvape.com\/es\/wp-json\/wp\/v2\/product_cat?post=3416"},{"taxonomy":"product_tag","embeddable":true,"href":"https:\/\/pgvape.com\/es\/wp-json\/wp\/v2\/product_tag?post=3416"}],"curies":[{"name":"wp","href":"https:\/\/api.w.org\/{rel}","templated":true}]}}