{"id":3387,"date":"2025-10-13T13:49:03","date_gmt":"2025-10-13T13:49:03","guid":{"rendered":"https:\/\/pgvape.com\/?post_type=product&#038;p=3387"},"modified":"2026-01-27T10:30:47","modified_gmt":"2026-01-27T10:30:47","slug":"zooy-twins-35000-35k-soplos-de-sabores-duales-vape-desechables-directo-de-fabrica","status":"publish","type":"product","link":"https:\/\/pgvape.com\/es\/producto\/zooy-twins-35000-35k-soplos-de-sabores-duales-vape-desechables-directo-de-fabrica\/","title":{"rendered":"ZOOY TWINS 35000 35K Puffs sabores duales desechables Vape-Vape directo de f\u00e1brica"},"content":{"rendered":"<p class=\"auto-hide-last-sibling-br paragraph-JOTKXA paragraph-element br-paragraph-space\"><strong data-sourcepos=\"4:5-4:47\">ZOOY TWINS 35000 inhalaciones Vape desechable<\/strong> Entrega <strong data-sourcepos=\"4:57-4:83\">Innovaci\u00f3n de doble sabor<\/strong> Con <strong data-sourcepos=\"4:89-4:116\">35.000 bocanadas ultralargas<\/strong>. <strong data-sourcepos=\"4:130-4:154\">Pantalla digital inteligente<\/strong>, <strong data-sourcepos=\"4:156-4:176\">Bobina de malla doble<\/strong>, Y <strong data-sourcepos=\"4:182-4:213\">Bater\u00eda recargable de 650 mAh.<\/strong>, Ofrece una versatilidad inigualable. <strong data-sourcepos=\"4:260-4:284\">0%\/2%\/3%\/5% Nicotina<\/strong> Fortalezas en todo <strong data-sourcepos=\"4:302-4:328\">10 combinaciones de sabores<\/strong>, Todo empaquetado <strong data-sourcepos=\"4:343-4:357\">10 unids\/paquete<\/strong> Para m\u00e1xima comodidad. <strong data-sourcepos=\"4:394-4:421\">Cambio de sabor 2 en 1<\/strong> Y rendimiento premium en un dispositivo elegante<\/p>\n<p>&nbsp;<\/p>\n<h2 id=\"brxe-najhln\" class=\"brxe-heading\"><span style=\"font-size: 90%; color: #333333;\">ZOOY TWINS 35000 | 35K Puffs Especificaciones de Vape desechables de sabores duales<\/span><\/h2>\n<p><strong data-sourcepos=\"9:3-9:17\">Conteo de bocanadas<\/strong>:\u00a0<strong data-sourcepos=\"9:19-9:35\">35.000 bocanadas<\/strong><\/p>\n<p><strong data-sourcepos=\"10:3-10:15\">Nicotina<\/strong>:\u00a0<strong data-sourcepos=\"10:17-10:40\">Opciones 0%\/2%\/3%\/5%<\/strong><\/p>\n<p><strong data-sourcepos=\"11:3-11:11\">Bobina<\/strong>:\u00a0<strong data-sourcepos=\"11:13-11:44\">Tecnolog\u00eda de bobina de doble malla<\/strong><\/p>\n<p><strong data-sourcepos=\"12:3-12:14\">Bater\u00eda<\/strong>:\u00a0<strong data-sourcepos=\"12:16-12:39\">650mAh recargable<\/strong><\/p>\n<p><strong data-sourcepos=\"13:3-13:14\">Mostrar<\/strong>:\u00a0<strong data-sourcepos=\"13:16-13:40\">Pantalla digital inteligente<\/strong><\/p>\n<p><strong data-sourcepos=\"14:3-14:20\">Sistema de sabor<\/strong>:\u00a0<strong data-sourcepos=\"14:22-14:45\">Sabores duales 2 en 1<\/strong><\/p>\n<p><strong data-sourcepos=\"15:3-15:14\">Paquete<\/strong>:\u00a0<strong data-sourcepos=\"15:16-15:34\">10 dispositivos\/caja<\/strong><\/p>\n<p>&nbsp;<\/p>\n<h3><span style=\"font-size: 90%;\">ZOOY TWINS 35000 | 35K Puffs Lista de sabores de Vape desechables de sabores duales<\/span><\/h3>\n<p>1.Hielo de fresa y limonada rosada<\/p>\n<p>2.Amor 66 y Red Bull Fresa<\/p>\n<p>3.Hielo de ar\u00e1ndanos y fruta de uva<\/p>\n<p>4.Fresa, kiwi y bayas mixtas<\/p>\n<p>5. Melocot\u00f3n, mango, sand\u00eda y hielo de drag\u00f3n negro<\/p>\n<p>6.Blue Razz Lim\u00f3n y Pl\u00e1tano Fresa<\/p>\n<p>7.Hielo de sand\u00eda y hielo de cola<\/p>\n<p>8.Fresa, Sand\u00eda y Lima Lim\u00f3n<\/p>\n<p>9.Mr. Azul y Hielo de Mango<\/p>\n<p>10.Helado de melocot\u00f3n y sand\u00eda de frambuesa<img loading=\"lazy\" decoding=\"async\" class=\"alignnone wp-image-3401 size-full\" src=\"https:\/\/pgvape.com\/wp-content\/uploads\/2025\/10\/pgvape-ZOOY-TWINS-35000-35K-Puffs-Dual-Flavors-Disposable-Vape-0-2-3-5-Nicotine-10Tastes-Smart-Screen-Vape-Factory-Direct-11.png\" alt=\"Dos filas de cinco coloridos dispositivos de vapeo desechables de doble sabor Zooy Twins 35K puffs con cuerpos acanalados y boquillas negras, cada uno de los cuales muestra un panel vertical negro de la marca y una pantalla digital sobre un fondo blanco.\" width=\"1500\" height=\"1500\" srcset=\"https:\/\/pgvape.com\/wp-content\/uploads\/2025\/10\/pgvape-ZOOY-TWINS-35000-35K-Puffs-Dual-Flavors-Disposable-Vape-0-2-3-5-Nicotine-10Tastes-Smart-Screen-Vape-Factory-Direct-11.png 1500w, https:\/\/pgvape.com\/wp-content\/uploads\/2025\/10\/pgvape-ZOOY-TWINS-35000-35K-Puffs-Dual-Flavors-Disposable-Vape-0-2-3-5-Nicotine-10Tastes-Smart-Screen-Vape-Factory-Direct-11-360x360.png 360w, https:\/\/pgvape.com\/wp-content\/uploads\/2025\/10\/pgvape-ZOOY-TWINS-35000-35K-Puffs-Dual-Flavors-Disposable-Vape-0-2-3-5-Nicotine-10Tastes-Smart-Screen-Vape-Factory-Direct-11-595x595.png 595w, https:\/\/pgvape.com\/wp-content\/uploads\/2025\/10\/pgvape-ZOOY-TWINS-35000-35K-Puffs-Dual-Flavors-Disposable-Vape-0-2-3-5-Nicotine-10Tastes-Smart-Screen-Vape-Factory-Direct-11-400x400.png 400w, https:\/\/pgvape.com\/wp-content\/uploads\/2025\/10\/pgvape-ZOOY-TWINS-35000-35K-Puffs-Dual-Flavors-Disposable-Vape-0-2-3-5-Nicotine-10Tastes-Smart-Screen-Vape-Factory-Direct-11-768x768.png 768w, https:\/\/pgvape.com\/wp-content\/uploads\/2025\/10\/pgvape-ZOOY-TWINS-35000-35K-Puffs-Dual-Flavors-Disposable-Vape-0-2-3-5-Nicotine-10Tastes-Smart-Screen-Vape-Factory-Direct-11-12x12.png 12w, https:\/\/pgvape.com\/wp-content\/uploads\/2025\/10\/pgvape-ZOOY-TWINS-35000-35K-Puffs-Dual-Flavors-Disposable-Vape-0-2-3-5-Nicotine-10Tastes-Smart-Screen-Vape-Factory-Direct-11-300x300.png 300w, https:\/\/pgvape.com\/wp-content\/uploads\/2025\/10\/pgvape-ZOOY-TWINS-35000-35K-Puffs-Dual-Flavors-Disposable-Vape-0-2-3-5-Nicotine-10Tastes-Smart-Screen-Vape-Factory-Direct-11-600x600.png 600w, https:\/\/pgvape.com\/wp-content\/uploads\/2025\/10\/pgvape-ZOOY-TWINS-35000-35K-Puffs-Dual-Flavors-Disposable-Vape-0-2-3-5-Nicotine-10Tastes-Smart-Screen-Vape-Factory-Direct-11-100x100.png 100w, https:\/\/pgvape.com\/wp-content\/uploads\/2025\/10\/pgvape-ZOOY-TWINS-35000-35K-Puffs-Dual-Flavors-Disposable-Vape-0-2-3-5-Nicotine-10Tastes-Smart-Screen-Vape-Factory-Direct-11-40x40.png 40w\" sizes=\"auto, (max-width: 1500px) 100vw, 1500px\" \/><\/p>\n<h3><span style=\"font-size: 90%;\">ZOOY TWINS 35000 35K Puffs Vape desechable de sabores duales\u00a0<strong>Video:<br \/>\n<iframe loading=\"lazy\" title=\"ZOOY TWINS 35000 35K Puffs Sabores duales Vape desechable pgvape\" width=\"1020\" height=\"574\" src=\"https:\/\/www.youtube.com\/embed\/f3Tcxv9ih5E?feature=oembed\" frameborder=\"0\" allow=\"accelerometer; autoplay; clipboard-write; encrypted-media; gyroscope; picture-in-picture; web-share\" referrerpolicy=\"strict-origin-when-cross-origin\" allowfullscreen><\/iframe><br \/>\n<\/strong><\/span><\/h3>\n<p>&nbsp;<\/p>\n<h2 class=\"header-vfC6AV auto-hide-last-sibling-br\">Preguntas frecuentes sobre ZOOY TWINS 35000 | 35K Puffs Vape desechable de sabores duales<\/h2>\n<p data-sourcepos=\"34:1-35:110\">\u2753 <strong data-sourcepos=\"34:3-34:52\">\u201c\u00bfC\u00f3mo funciona el sistema de sabor 2 en 1?<br \/>\n\u201c<\/strong> \u2705 <strong data-sourcepos=\"35:3-35:110\">\u201cCambie instant\u00e1neamente entre dos sabores premium con un ajuste simple: no se necesitan cambios en el dispositivo\u201d.\u201d<\/strong><\/p>\n<p data-sourcepos=\"37:1-38:121\">\u2753 <strong data-sourcepos=\"37:3-37:55\">\u201c\u00bfQu\u00e9 tiene de especial la bobina de doble malla?<br \/>\n\u201c<\/strong> \u2705 <strong data-sourcepos=\"38:3-38:121\">\u201cLa tecnolog\u00eda de doble bobina mejora la claridad del sabor con 40% y ofrece un vapor m\u00e1s suave que las bobinas est\u00e1ndar\u201d.\u201d<\/strong><\/p>\n<p data-sourcepos=\"40:1-41:110\">\u2753 <strong data-sourcepos=\"40:3-40:53\">\u201c\u00bfLa bater\u00eda es adecuada para uso durante todo el d\u00eda?<br \/>\n\u201c<\/strong> \u2705 <strong data-sourcepos=\"41:3-41:110\">\u201cLa bater\u00eda de 650 mAh proporciona un rendimiento ampliado y se puede recargar a trav\u00e9s del puerto universal tipo C\u201d.\u201d<\/strong><\/p>\n<p data-sourcepos=\"43:1-44:122\">\u2753 <strong data-sourcepos=\"43:3-43:50\">\u201c\u00bfQui\u00e9n se beneficia de la opci\u00f3n de nicotina 0%?<br \/>\n\u201c<\/strong> \u2705 <strong data-sourcepos=\"44:3-44:122\">\u201cPerfecto para los amantes del sabor o aquellos que hacen la transici\u00f3n al vapeo sin nicotina sin sacrificar la experiencia\u201d.\u201d<\/strong><\/p>\n<p data-sourcepos=\"46:1-47:111\">\u2753 <strong data-sourcepos=\"46:3-46:39\">\u201c\u00bfPor qu\u00e9 elegir un embalaje de 10 piezas?<br \/>\n\u201c<\/strong> \u2705 <strong data-sourcepos=\"47:3-47:111\">\u201cIdeal para minoristas y vapeadores frecuentes: garantiza un suministro constante y un mejor valor por unidad\u201d.\u201d<\/strong><\/p>\n<p>&nbsp;<\/p>\n<h3 id=\"brxe-najhln\" class=\"brxe-heading\">Preguntas frecuentes (FAQ)<\/h3>\n<div id=\"brxe-rajiac\" class=\"brxe-text\">\n<p><strong>P: \u00bfQu\u00e9 m\u00e9todos de pago aceptan?<\/strong><br \/>\nR: Aceptamos PayPal, Stripe, transferencias bancarias (compatibles con SEPA), las principales tarjetas de cr\u00e9dito (Visa, MasterCard, American Express) y pagos con criptomonedas.<\/p>\n<p><strong>P: \u00bfCu\u00e1nto tiempo lleva la preparaci\u00f3n del pedido?<\/strong><br \/>\nR: La preparaci\u00f3n del pedido demora entre 1 y 3 d\u00edas h\u00e1biles.<\/p>\n<p><strong>P: \u00bfCu\u00e1l es el tiempo de env\u00edo?<\/strong><br \/>\nR: El tiempo de env\u00edo es de 7 a 14 d\u00edas h\u00e1biles, seg\u00fan su ubicaci\u00f3n.<\/p>\n<p><strong>P: \u00bfC\u00f3mo puedo realizar un seguimiento de mi pedido?<\/strong><br \/>\nR: Despu\u00e9s del env\u00edo, recibir\u00e1 un correo electr\u00f3nico de confirmaci\u00f3n con un n\u00famero de seguimiento para realizar un seguimiento en tiempo real.<\/p>\n<p><strong>P: \u00bfCu\u00e1l es su pol\u00edtica de devoluci\u00f3n?<\/strong><br \/>\nR: Ofrecemos una pol\u00edtica de devoluci\u00f3n de 30 d\u00edas para reembolsos o cambios. .<\/p>\n<p><strong>P: \u00bfHabr\u00e1 alg\u00fan problema aduanero?<br \/>\n<\/strong>Nos encargamos de todos los procedimientos de despacho de aduanas para garantizarle una experiencia sin complicaciones. .<\/p>\n<p><strong>P: \u00bfQu\u00e9 m\u00e9todos de env\u00edo se utilizan?<\/strong><br \/>\nCooperamos con UPS\/DHL\/FEDEX\/DPD, etc. Elegiremos la opci\u00f3n de env\u00edo adecuada seg\u00fan el pa\u00eds de entrega para asegurarnos de que reciba sus productos lo m\u00e1s r\u00e1pido posible.<\/p>\n<p><a href=\"https:\/\/pgvape.com\/es\/preguntas-frecuentes\/\">Haga clic aqu\u00ed para m\u00e1s preguntas frecuentes<\/a><\/p>\n<p>Estimados clientes: Si tienen alguna pregunta sobre su pedido o la llegada de la mercanc\u00eda, comun\u00edquese con nuestro servicio de atenci\u00f3n al cliente. \u00a1Gracias!<\/p>\n<h3 data-sourcepos=\"73:1-73:21\"><strong data-sourcepos=\"73:7-73:21\">Cont\u00e1ctenos<\/strong><\/h3>\n<div id=\"text-2419739398\" class=\"text\">\n<p><strong data-sourcepos=\"75:3-75:12\">Correo electr\u00f3nico<\/strong>:\u00a0<a href=\"mailto:support@pgvape.com\"><strong>support@pgvape.com<\/strong><\/a><\/p>\n<p><strong data-sourcepos=\"76:3-76:15\">WhatsApp<\/strong>: <a href=\"https:\/\/wa.me\/+8618128481258\"><strong>+86 18128481258<\/strong><\/a><br \/>\n<strong>(Respuesta dentro de las 24 horas en d\u00edas h\u00e1biles)<\/strong><\/p>\n<\/div>\n<h3><strong>\u00a1Gracias por elegir pgvape.com! .<\/strong><\/h3>\n<\/div>","protected":false},"excerpt":{"rendered":"<p><strong data-sourcepos=\"52:1-52:205\">\u201cZOOY TWINS 35000: el vaporizador desechable de doble sabor definitivo con 35 000 inhalaciones, pantalla inteligente, bobina de malla doble y 10 pares de sabores, disponible en opciones de nicotina 0%-5%\u201d.\u201d<\/strong><\/p>","protected":false},"featured_media":3403,"comment_status":"open","ping_status":"closed","template":"","meta":{"_seopress_robots_primary_cat":"none","_seopress_titles_title":"%%post_title%% %%sep%% %%sitetitle%%","_seopress_titles_desc":"","_seopress_robots_index":""},"product_brand":[516,291],"product_cat":[197,515,290],"product_tag":[199,200,90,66,136,307],"class_list":{"0":"post-3387","1":"product","2":"type-product","3":"status-publish","4":"has-post-thumbnail","6":"product_brand-disposable-vape","7":"product_brand-zooy-vape","8":"product_cat-35k-puffs-vape","9":"product_cat-disposable-vape","10":"product_cat-zooy-vape","11":"product_tag-35k-puffs","12":"product_tag-35k-vape","13":"product_tag-disposable-vape","14":"product_tag-dual-flavors","15":"product_tag-smart-screen","16":"product_tag-zooy-twins-35000","18":"first","19":"instock","20":"sale","21":"shipping-taxable","22":"purchasable","23":"product-type-variable"},"_links":{"self":[{"href":"https:\/\/pgvape.com\/es\/wp-json\/wp\/v2\/product\/3387","targetHints":{"allow":["GET"]}}],"collection":[{"href":"https:\/\/pgvape.com\/es\/wp-json\/wp\/v2\/product"}],"about":[{"href":"https:\/\/pgvape.com\/es\/wp-json\/wp\/v2\/types\/product"}],"replies":[{"embeddable":true,"href":"https:\/\/pgvape.com\/es\/wp-json\/wp\/v2\/comments?post=3387"}],"wp:featuredmedia":[{"embeddable":true,"href":"https:\/\/pgvape.com\/es\/wp-json\/wp\/v2\/media\/3403"}],"wp:attachment":[{"href":"https:\/\/pgvape.com\/es\/wp-json\/wp\/v2\/media?parent=3387"}],"wp:term":[{"taxonomy":"product_brand","embeddable":true,"href":"https:\/\/pgvape.com\/es\/wp-json\/wp\/v2\/product_brand?post=3387"},{"taxonomy":"product_cat","embeddable":true,"href":"https:\/\/pgvape.com\/es\/wp-json\/wp\/v2\/product_cat?post=3387"},{"taxonomy":"product_tag","embeddable":true,"href":"https:\/\/pgvape.com\/es\/wp-json\/wp\/v2\/product_tag?post=3387"}],"curies":[{"name":"wp","href":"https:\/\/api.w.org\/{rel}","templated":true}]}}