{"id":3328,"date":"2025-10-13T11:16:01","date_gmt":"2025-10-13T11:16:01","guid":{"rendered":"https:\/\/pgvape.com\/?post_type=product&#038;p=3328"},"modified":"2025-12-15T12:49:35","modified_gmt":"2025-12-15T12:49:35","slug":"zooy-shisha-25000-25k-sopla-fabrica-animada-ajustable-del-vape-de-la-pantalla-de-la-circulacion-de-aire-disponible-del-vape-directa","status":"publish","type":"product","link":"https:\/\/pgvape.com\/es\/producto\/zooy-shisha-25000-25k-sopla-fabrica-animada-ajustable-del-vape-de-la-pantalla-de-la-circulacion-de-aire-disponible-del-vape-directa\/","title":{"rendered":"ZOOY SHISHA 25000 25K sopla f\u00e1brica animada ajustable ajustable de Vape de la pantalla de la circulaci\u00f3n de aire disponible directa"},"content":{"rendered":"<div class=\"auto-hide-last-sibling-br paragraph-JOTKXA paragraph-element br-paragraph-space\"><strong data-sourcepos=\"4:5-4:46\">ZOOY SHISHA 25K inhala Vape desechable<\/strong><span class=\"CustomP_animated_char__m3r9w\">\u00a0<\/span><span class=\"CustomP_animated_char__m3r9w\">combina<\/span><span class=\"CustomP_animated_char__m3r9w\">\u00a0<\/span><strong data-sourcepos=\"4:56-4:80\">Rendimiento extendido<\/strong><span class=\"CustomP_animated_char__m3r9w\">\u00a0<\/span><span class=\"CustomP_animated_char__m3r9w\">Con<\/span><span class=\"CustomP_animated_char__m3r9w\">\u00a0<\/span><strong data-sourcepos=\"4:86-4:111\">Personalizaci\u00f3n premium<\/strong><span class=\"CustomP_animated_char__m3r9w\">.<\/span><span class=\"CustomP_animated_char__m3r9w\">\u00a0<\/span><span class=\"CustomP_animated_char__m3r9w\">Presentando<\/span><span class=\"CustomP_animated_char__m3r9w\">\u00a0<\/span><strong data-sourcepos=\"4:123-4:139\">25.000 bocanadas<\/strong>, <strong data-sourcepos=\"4:141-4:167\">Capacidad de l\u00edquido electr\u00f3nico de 28 ml<\/strong>, Y <strong data-sourcepos=\"4:173-4:191\">Bobina de malla de 0,5 \u03a9<\/strong>, Ofrece <strong data-sourcepos=\"4:205-4:220\">rico sabor<\/strong> Y <strong data-sourcepos=\"4:225-4:241\">Vapor suave<\/strong>. <strong data-sourcepos=\"4:255-4:279\">0%\/2%\/3%\/5% Nicotina<\/strong> Opciones con <strong data-sourcepos=\"4:293-4:315\">Flujo de aire ajustable<\/strong> Para <strong data-sourcepos=\"4:320-4:331\">MTL\/DTL<\/strong> Flexibilidad. <strong data-sourcepos=\"4:349-4:368\">Pantalla animada<\/strong>, <strong data-sourcepos=\"4:370-4:401\">Bater\u00eda recargable de 650 mAh.<\/strong>, Y <strong data-sourcepos=\"4:407-4:426\">Carga tipo C<\/strong> Garantice un uso c\u00f3modo y duradero. <strong data-sourcepos=\"4:473-4:490\">Tapa antipolvo<\/strong> Y <strong data-sourcepos=\"4:495-4:517\">10 sabores premium<\/strong><span class=\"CustomP_animated_char__m3r9w\">\u00a0<\/span><span class=\"CustomP_animated_char__m3r9w\">Para<\/span><span class=\"CustomP_animated_char__m3r9w\">\u00a0<\/span><span class=\"CustomP_animated_char__m3r9w\">A<\/span><span class=\"CustomP_animated_char__m3r9w\">\u00a0<\/span><span class=\"CustomP_animated_char__m3r9w\">Superior<\/span><span class=\"CustomP_animated_char__m3r9w\">\u00a0<\/span><span class=\"CustomP_animated_char__m3r9w\">vapear<\/span><span class=\"CustomP_animated_char__m3r9w\">\u00a0<\/span><span class=\"CustomP_animated_char__m3r9w\">Experiencia<\/span><span class=\"CustomP_animated_char__m3r9w\">.<\/span><span style=\"color: #555555; font-size: 14.4px;\">\u00a0<\/span><\/div>\n<p>&nbsp;<\/p>\n<h3><span style=\"font-size: 90%;\">ZOOY SHISHA 25000 | Especificaciones de Vape desechables de 25K inhalaciones<\/span><\/h3>\n<p><strong data-sourcepos=\"9:3-9:17\">Conteo de bocanadas<\/strong>:\u00a0<strong data-sourcepos=\"9:19-9:35\">25.000 bocanadas<\/strong><\/p>\n<p><strong data-sourcepos=\"10:3-10:15\">Nicotina<\/strong>:\u00a0<strong data-sourcepos=\"10:17-10:46\">Opciones 0% \/ 2% \/ 3% \/ 5%<\/strong><\/p>\n<p><strong data-sourcepos=\"11:3-11:15\">E-l\u00edquido<\/strong>:\u00a0<strong data-sourcepos=\"11:17-11:44\">Capacidad precargada de 28 ml<\/strong><\/p>\n<p><strong data-sourcepos=\"12:3-12:11\">Bobina<\/strong>:\u00a0<strong data-sourcepos=\"12:13-12:31\">Bobina de malla de 0,5 \u03a9<\/strong><\/p>\n<p><strong data-sourcepos=\"13:3-13:14\">Bater\u00eda<\/strong>:\u00a0<strong data-sourcepos=\"13:16-13:39\">650mAh recargable<\/strong><\/p>\n<p><strong data-sourcepos=\"14:3-14:15\">Cargando<\/strong>:\u00a0<strong data-sourcepos=\"14:17-14:41\">Carga r\u00e1pida tipo C<\/strong><\/p>\n<p><strong data-sourcepos=\"15:3-15:14\">Mostrar<\/strong>:\u00a0<strong data-sourcepos=\"15:16-15:41\">Pantalla inteligente animada<\/strong><\/p>\n<p><strong data-sourcepos=\"16:3-16:14\">flujo de aire<\/strong>:\u00a0<strong data-sourcepos=\"16:16-16:40\">Ajustable (MTL\/DTL)<\/strong><\/p>\n<p><strong data-sourcepos=\"17:3-17:14\">Paquete<\/strong>:\u00a0<strong data-sourcepos=\"17:16-17:42\">Incluye tapa antipolvo<\/strong><\/p>\n<p>&nbsp;<\/p>\n<h3><span style=\"font-size: 90%;\">ZOOY SHISHA 25000 | 25K sopla lista de sabores desechables de Vape<\/span><\/h3>\n<p>1.Hielo de fresa<\/p>\n<p>2.Hielo de pl\u00e1tano<\/p>\n<p>3.Amor 777<\/p>\n<p>4.Hielo de mango<\/p>\n<p>5.Limonada rosada<\/p>\n<p>6.Sand\u00eda Fresa<\/p>\n<p>7.Helado de fresa y frambuesa<\/p>\n<p>8.Hielo de ar\u00e1ndanos<\/p>\n<p>9.Hielo de sand\u00eda<\/p>\n<p>10.Bayas mixtas<img loading=\"lazy\" decoding=\"async\" class=\"alignnone wp-image-3346 size-full\" src=\"https:\/\/pgvape.com\/wp-content\/uploads\/2025\/10\/pgvape-ZOOY-SHISHA-25000-25K-Puffs-Disposable-Vape-Airflow-Ajustable-with-Animated-Screen-Vape-Factory-Direct-16.png\" alt=\"Conjunto de dispositivos de vapeo cil\u00edndricos desechables de color negro con fondos transl\u00facidos, peque\u00f1as pantallas digitales, coloridas tapas antipolvo atornillables y asas de transporte a juego, exhibidos en m\u00faltiples variantes de color en podios circulares, con el logotipo de ZOOY, \u00edconos destacados y un texto grande de &quot;2500 inhalaciones&quot; en el fondo.\" width=\"1500\" height=\"1478\" srcset=\"https:\/\/pgvape.com\/wp-content\/uploads\/2025\/10\/pgvape-ZOOY-SHISHA-25000-25K-Puffs-Disposable-Vape-Airflow-Ajustable-with-Animated-Screen-Vape-Factory-Direct-16.png 1500w, https:\/\/pgvape.com\/wp-content\/uploads\/2025\/10\/pgvape-ZOOY-SHISHA-25000-25K-Puffs-Disposable-Vape-Airflow-Ajustable-with-Animated-Screen-Vape-Factory-Direct-16-365x360.png 365w, https:\/\/pgvape.com\/wp-content\/uploads\/2025\/10\/pgvape-ZOOY-SHISHA-25000-25K-Puffs-Disposable-Vape-Airflow-Ajustable-with-Animated-Screen-Vape-Factory-Direct-16-595x586.png 595w, https:\/\/pgvape.com\/wp-content\/uploads\/2025\/10\/pgvape-ZOOY-SHISHA-25000-25K-Puffs-Disposable-Vape-Airflow-Ajustable-with-Animated-Screen-Vape-Factory-Direct-16-400x394.png 400w, https:\/\/pgvape.com\/wp-content\/uploads\/2025\/10\/pgvape-ZOOY-SHISHA-25000-25K-Puffs-Disposable-Vape-Airflow-Ajustable-with-Animated-Screen-Vape-Factory-Direct-16-768x757.png 768w, https:\/\/pgvape.com\/wp-content\/uploads\/2025\/10\/pgvape-ZOOY-SHISHA-25000-25K-Puffs-Disposable-Vape-Airflow-Ajustable-with-Animated-Screen-Vape-Factory-Direct-16-12x12.png 12w, https:\/\/pgvape.com\/wp-content\/uploads\/2025\/10\/pgvape-ZOOY-SHISHA-25000-25K-Puffs-Disposable-Vape-Airflow-Ajustable-with-Animated-Screen-Vape-Factory-Direct-16-600x591.png 600w, https:\/\/pgvape.com\/wp-content\/uploads\/2025\/10\/pgvape-ZOOY-SHISHA-25000-25K-Puffs-Disposable-Vape-Airflow-Ajustable-with-Animated-Screen-Vape-Factory-Direct-16-100x100.png 100w, https:\/\/pgvape.com\/wp-content\/uploads\/2025\/10\/pgvape-ZOOY-SHISHA-25000-25K-Puffs-Disposable-Vape-Airflow-Ajustable-with-Animated-Screen-Vape-Factory-Direct-16-41x40.png 41w\" sizes=\"auto, (max-width: 1500px) 100vw, 1500px\" \/><\/p>\n<h3><span style=\"font-size: 90%;\">Video de Vape desechable ZOOY SHISHA 25000 25K Puffs<strong>:<\/strong><\/span><\/h3>\n<p>&nbsp;<\/p>\n<h2 class=\"header-vfC6AV auto-hide-last-sibling-br\">Preguntas frecuentes sobre ZOOY SHISHA 25000 | 25K Puffs Vape desechable<\/h2>\n<p data-sourcepos=\"36:1-37:117\">\u2753 <strong data-sourcepos=\"36:3-36:56\">\u201c\u00bfC\u00f3mo mejora el sabor la bobina de malla de 0,5 \u03a9?<br \/>\n\u201c<\/strong> \u2705 <strong data-sourcepos=\"37:3-37:115\">\u201cLa bobina de malla de precisi\u00f3n proporciona 30% m\u00e1s superficie para un sabor m\u00e1s rico y nubes m\u00e1s densas\u201d.\u201d<\/strong><\/p>\n<p data-sourcepos=\"39:1-40:116\">\u2753 <strong data-sourcepos=\"39:3-39:54\">\u201c\u00bfQu\u00e9 tiene de especial la pantalla animada?<br \/>\n\u201c<\/strong> \u2705 <strong data-sourcepos=\"40:3-40:114\">\u201cMuestra el recuento de caladas en tiempo real, la duraci\u00f3n de la bater\u00eda y gr\u00e1ficos vibrantes para una experiencia atractiva\u201d.\u201d<\/strong><\/p>\n<p data-sourcepos=\"42:1-43:116\">\u2753 <strong data-sourcepos=\"42:3-42:49\">\u201c\u00bfPuedo usar esto tanto para MTL como para DTL?<br \/>\n\u201c<\/strong> \u2705 <strong data-sourcepos=\"43:3-43:114\">\u201c\u00a1S\u00ed! El flujo de aire ajustable le permite cambiar instant\u00e1neamente entre sorteos MTL estrechos o nubes DTL aireadas\u201d.\u201d<\/strong><\/p>\n<p data-sourcepos=\"45:1-46:108\">\u2753 <strong data-sourcepos=\"45:3-45:58\">\u201c\u00bfEs la capacidad de 28 ml suficiente para los vapeadores empedernidos?<br \/>\n\u201c<\/strong> \u2705 <strong data-sourcepos=\"46:3-46:106\">\u201cCombinado con 25.000 inhalaciones, est\u00e1 dise\u00f1ado para un uso prolongado sin reemplazos frecuentes\u201d.\u201d<\/strong><\/p>\n<p data-sourcepos=\"48:1-49:97\">\u2753 <strong data-sourcepos=\"48:3-48:43\">\u201c\u00bfPor qu\u00e9 elegir la opci\u00f3n de nicotina 0%?<br \/>\n\u201c<\/strong> \u2705 <strong data-sourcepos=\"49:3-49:95\">\u201cPerfecto para vapear centrado en el sabor o para aquellos que reducen gradualmente la ingesta de nicotina\u201d.\u201d<\/strong><\/p>\n<p>&nbsp;<\/p>\n<h3 id=\"brxe-najhln\" class=\"brxe-heading\">Preguntas frecuentes (FAQ)<\/h3>\n<div id=\"brxe-rajiac\" class=\"brxe-text\">\n<p><strong>P: \u00bfQu\u00e9 m\u00e9todos de pago aceptan?<\/strong><br \/>\nR: Aceptamos PayPal, Stripe, transferencias bancarias (compatibles con SEPA), las principales tarjetas de cr\u00e9dito (Visa, MasterCard, American Express) y pagos con criptomonedas.<\/p>\n<p><strong>P: \u00bfCu\u00e1nto tiempo lleva la preparaci\u00f3n del pedido?<\/strong><br \/>\nR: La preparaci\u00f3n del pedido demora entre 1 y 3 d\u00edas h\u00e1biles.<\/p>\n<p><strong>P: \u00bfCu\u00e1l es el tiempo de env\u00edo?<\/strong><br \/>\nR: El tiempo de env\u00edo es de 7 a 14 d\u00edas h\u00e1biles, seg\u00fan su ubicaci\u00f3n.<\/p>\n<p><strong>P: \u00bfC\u00f3mo puedo realizar un seguimiento de mi pedido?<\/strong><br \/>\nR: Despu\u00e9s del env\u00edo, recibir\u00e1 un correo electr\u00f3nico de confirmaci\u00f3n con un n\u00famero de seguimiento para realizar un seguimiento en tiempo real.<\/p>\n<p><strong>P: \u00bfCu\u00e1l es su pol\u00edtica de devoluci\u00f3n?<\/strong><br \/>\nR: Ofrecemos una pol\u00edtica de devoluci\u00f3n de 30 d\u00edas para reembolsos o cambios. .<\/p>\n<p><strong>P: \u00bfHabr\u00e1 alg\u00fan problema aduanero?<br \/>\n<\/strong>Nos encargamos de todos los procedimientos de despacho de aduanas para garantizarle una experiencia sin complicaciones. .<\/p>\n<p><strong>P: \u00bfQu\u00e9 m\u00e9todos de env\u00edo se utilizan?<\/strong><br \/>\nCooperamos con UPS\/DHL\/FEDEX\/DPD, etc. Elegiremos la opci\u00f3n de env\u00edo adecuada seg\u00fan el pa\u00eds de entrega para asegurarnos de que reciba sus productos lo m\u00e1s r\u00e1pido posible.<\/p>\n<p><a href=\"https:\/\/pgvape.com\/es\/preguntas-frecuentes\/\">Haga clic aqu\u00ed para m\u00e1s preguntas frecuentes<\/a><\/p>\n<p>Estimados clientes: Si tienen alguna pregunta sobre su pedido o la llegada de la mercanc\u00eda, comun\u00edquese con nuestro servicio de atenci\u00f3n al cliente. \u00a1Gracias!<\/p>\n<h3 data-sourcepos=\"73:1-73:21\"><strong data-sourcepos=\"73:7-73:21\">Cont\u00e1ctenos<\/strong><\/h3>\n<div id=\"text-2419739398\" class=\"text\">\n<p><strong data-sourcepos=\"75:3-75:12\">Correo electr\u00f3nico<\/strong>:\u00a0<a href=\"mailto:support@pgvape.com\"><strong>support@pgvape.com<\/strong><\/a><\/p>\n<p><strong data-sourcepos=\"76:3-76:15\">WhatsApp<\/strong>: <a href=\"https:\/\/wa.me\/+8618128481258\"><strong>+86 18128481258<\/strong><\/a><br \/>\n<strong>(Respuesta dentro de las 24 horas en d\u00edas h\u00e1biles)<\/strong><\/p>\n<\/div>\n<h3><strong>\u00a1Gracias por elegir pgvape.com! .<\/strong><\/h3>\n<\/div>","protected":false},"excerpt":{"rendered":"<p><strong data-sourcepos=\"54:1-54:213\">\u201cZOOY SHISHA 25K: el vaporizador desechable personalizable definitivo con 25.000 inhalaciones, bobina de malla de 0,5 \u03a9, flujo de aire ajustable y 10 sabores, alimentado por una bater\u00eda de 650 mAh con carga tipo C\u201d.\u201d<\/strong><\/p>","protected":false},"featured_media":3332,"comment_status":"open","ping_status":"closed","template":"","meta":{"_seopress_robots_primary_cat":"none","_seopress_titles_title":"%%post_title%% %%sep%% %%sitetitle%%","_seopress_titles_desc":"","_seopress_robots_index":""},"product_brand":[516,291],"product_cat":[94,515,290],"product_tag":[96,101,300,301,90,299],"class_list":{"0":"post-3328","1":"product","2":"type-product","3":"status-publish","4":"has-post-thumbnail","6":"product_brand-disposable-vape","7":"product_brand-zooy-vape","8":"product_cat-25k-puffs-vape","9":"product_cat-disposable-vape","10":"product_cat-zooy-vape","11":"product_tag-25k-puffs","12":"product_tag-25k-vape","13":"product_tag-airflow-ajustable","14":"product_tag-animated-screen","15":"product_tag-disposable-vape","16":"product_tag-zooy-shisha-25000","18":"first","19":"instock","20":"sale","21":"shipping-taxable","22":"purchasable","23":"product-type-variable"},"_links":{"self":[{"href":"https:\/\/pgvape.com\/es\/wp-json\/wp\/v2\/product\/3328","targetHints":{"allow":["GET"]}}],"collection":[{"href":"https:\/\/pgvape.com\/es\/wp-json\/wp\/v2\/product"}],"about":[{"href":"https:\/\/pgvape.com\/es\/wp-json\/wp\/v2\/types\/product"}],"replies":[{"embeddable":true,"href":"https:\/\/pgvape.com\/es\/wp-json\/wp\/v2\/comments?post=3328"}],"wp:featuredmedia":[{"embeddable":true,"href":"https:\/\/pgvape.com\/es\/wp-json\/wp\/v2\/media\/3332"}],"wp:attachment":[{"href":"https:\/\/pgvape.com\/es\/wp-json\/wp\/v2\/media?parent=3328"}],"wp:term":[{"taxonomy":"product_brand","embeddable":true,"href":"https:\/\/pgvape.com\/es\/wp-json\/wp\/v2\/product_brand?post=3328"},{"taxonomy":"product_cat","embeddable":true,"href":"https:\/\/pgvape.com\/es\/wp-json\/wp\/v2\/product_cat?post=3328"},{"taxonomy":"product_tag","embeddable":true,"href":"https:\/\/pgvape.com\/es\/wp-json\/wp\/v2\/product_tag?post=3328"}],"curies":[{"name":"wp","href":"https:\/\/api.w.org\/{rel}","templated":true}]}}