{"id":3263,"date":"2025-10-13T09:18:02","date_gmt":"2025-10-13T09:18:02","guid":{"rendered":"https:\/\/pgvape.com\/?post_type=product&#038;p=3263"},"modified":"2025-12-15T12:50:22","modified_gmt":"2025-12-15T12:50:22","slug":"zooy-blaze-25000-25k-sopla-fabrica-ajustable-del-vape-de-la-exhibicion-en-pantalla-completa-del-airflowpower-disponible-del-vape-directo","status":"publish","type":"product","link":"https:\/\/pgvape.com\/es\/producto\/zooy-blaze-25000-25k-sopla-fabrica-ajustable-del-vape-de-la-exhibicion-en-pantalla-completa-del-airflowpower-disponible-del-vape-directo\/","title":{"rendered":"ZOOY BlAZE 25000 25K Puffs Vape desechable Airflow&amp;Power Pantalla completa ajustable Vape Factory Direct"},"content":{"rendered":"<div class=\"auto-hide-last-sibling-br paragraph-JOTKXA paragraph-element br-paragraph-space\"><strong data-sourcepos=\"4:5-4:47\">ZOOY BLAZE 25000 inhalaciones Vape desechable<\/strong> Ofertas <strong data-sourcepos=\"4:55-4:81\">Personalizaci\u00f3n definitiva<\/strong> Con <strong data-sourcepos=\"4:87-4:109\">Flujo de aire ajustable<\/strong>, <strong data-sourcepos=\"4:111-4:136\">Salida de potencia variable<\/strong>, Y <strong data-sourcepos=\"4:142-4:161\">Bobinas de malla dual<\/strong>. <strong data-sourcepos=\"4:175-4:206\">Bater\u00eda recargable de 650 mAh.<\/strong>, <strong data-sourcepos=\"4:208-4:232\">Carga r\u00e1pida tipo C<\/strong>, Y <strong data-sourcepos=\"4:238-4:261\">Visualizaci\u00f3n en pantalla completa<\/strong>, Ofrece <strong data-sourcepos=\"4:275-4:302\">25.000 bocanadas ultralargas<\/strong>. <strong data-sourcepos=\"4:316-4:338\">10 sabores premium<\/strong> En <strong data-sourcepos=\"4:342-4:363\">2%\/3%\/5% Nicotina<\/strong> Para una experiencia de vapeo personalizada.<\/div>\n<p>&nbsp;<\/p>\n<h3><span style=\"font-size: 90%;\">Especificaciones de Vape desechable ZOOY BlAZE 25000 | 25K Puffs<\/span><\/h3>\n<p><strong data-sourcepos=\"9:3-9:17\">Conteo de bocanadas<\/strong>:\u00a0<strong data-sourcepos=\"9:19-9:35\">25.000 bocanadas<\/strong><\/p>\n<p><strong data-sourcepos=\"10:3-10:15\">Nicotina<\/strong>:\u00a0<strong data-sourcepos=\"10:17-10:41\">Opciones 2% \/ 3% \/ 5%<\/strong><\/p>\n<p><strong data-sourcepos=\"11:3-11:11\">Bobina<\/strong>:\u00a0<strong data-sourcepos=\"11:13-11:46\">Bobinas de malla dual (1,0 \u03a9 + 1,2 \u03a9)<\/strong><\/p>\n<p><strong data-sourcepos=\"12:3-12:14\">Bater\u00eda<\/strong>:\u00a0<strong data-sourcepos=\"12:16-12:39\">650mAh recargable<\/strong><\/p>\n<p><strong data-sourcepos=\"13:3-13:15\">Cargando<\/strong>:\u00a0<strong data-sourcepos=\"13:17-13:41\">Carga r\u00e1pida tipo C<\/strong><\/p>\n<p><strong data-sourcepos=\"14:3-14:14\">Mostrar<\/strong>:\u00a0<strong data-sourcepos=\"14:16-14:35\">LED de pantalla completa<\/strong><\/p>\n<p><strong data-sourcepos=\"15:3-15:18\">Ajustes<\/strong>:\u00a0<strong data-sourcepos=\"15:20-15:47\">Control de flujo de aire y potencia<\/strong><\/p>\n<p>&nbsp;<\/p>\n<h3><span style=\"font-size: 90%;\">ZOOY BlAZE 25000 | 25K Puffs Lista de sabores desechables de Vape<\/span><\/h3>\n<p><strong>1.Hielo de sand\u00eda<\/strong><\/p>\n<p><strong>2.Hielo de ar\u00e1ndanos<\/strong><\/p>\n<p><strong>3.Kiwi fresa<\/strong><\/p>\n<p><strong>4.Uva Lim\u00f3n<\/strong><\/p>\n<p><strong>5.melocot\u00f3n de manzana<\/strong><\/p>\n<p><strong>6. Limonada azul Razz<\/strong><\/p>\n<p><strong>7.Sand\u00eda Fresa<\/strong><\/p>\n<p><strong>8.Mora Cereza Lim\u00f3n<\/strong><\/p>\n<p><strong>9.Baya mixta<\/strong><\/p>\n<p><strong>10. Menta azul<\/strong>\u00a0(menta de ar\u00e1ndano)<br \/>\n<img loading=\"lazy\" decoding=\"async\" class=\"alignnone wp-image-3284 size-full\" src=\"https:\/\/pgvape.com\/wp-content\/uploads\/2025\/10\/pgvape-ZOOY-BlAZE-25000-25K-Puffs-Disposable-Vape-Adjustable-Airflow-Adjustable-Power-Full-Screen-Display-Vape-Factory-Direct-18.png\" alt=\"Once coloridos dispositivos de vapeo estilo c\u00e1psula dispuestos en dos filas sobre un fondo blanco, cada uno con una pantalla digital ovalada negra que muestra anillos indicadores multicolores e \u00edconos peque\u00f1os, etiquetados debajo con nombres de sabores en ingl\u00e9s y chino, como Watermelon Ice, Blueberry Ice, Strawberry Kiwi, Grape Juice, Apple Peach, Cool Mint, Mixed Berry, Blackberry Cherry Lemon, Strawberry Watermelon y Blue Razz Lemonade.\" width=\"1000\" height=\"1000\" srcset=\"https:\/\/pgvape.com\/wp-content\/uploads\/2025\/10\/pgvape-ZOOY-BlAZE-25000-25K-Puffs-Disposable-Vape-Adjustable-Airflow-Adjustable-Power-Full-Screen-Display-Vape-Factory-Direct-18.png 1000w, https:\/\/pgvape.com\/wp-content\/uploads\/2025\/10\/pgvape-ZOOY-BlAZE-25000-25K-Puffs-Disposable-Vape-Adjustable-Airflow-Adjustable-Power-Full-Screen-Display-Vape-Factory-Direct-18-360x360.png 360w, https:\/\/pgvape.com\/wp-content\/uploads\/2025\/10\/pgvape-ZOOY-BlAZE-25000-25K-Puffs-Disposable-Vape-Adjustable-Airflow-Adjustable-Power-Full-Screen-Display-Vape-Factory-Direct-18-595x595.png 595w, https:\/\/pgvape.com\/wp-content\/uploads\/2025\/10\/pgvape-ZOOY-BlAZE-25000-25K-Puffs-Disposable-Vape-Adjustable-Airflow-Adjustable-Power-Full-Screen-Display-Vape-Factory-Direct-18-400x400.png 400w, https:\/\/pgvape.com\/wp-content\/uploads\/2025\/10\/pgvape-ZOOY-BlAZE-25000-25K-Puffs-Disposable-Vape-Adjustable-Airflow-Adjustable-Power-Full-Screen-Display-Vape-Factory-Direct-18-768x768.png 768w, https:\/\/pgvape.com\/wp-content\/uploads\/2025\/10\/pgvape-ZOOY-BlAZE-25000-25K-Puffs-Disposable-Vape-Adjustable-Airflow-Adjustable-Power-Full-Screen-Display-Vape-Factory-Direct-18-12x12.png 12w, https:\/\/pgvape.com\/wp-content\/uploads\/2025\/10\/pgvape-ZOOY-BlAZE-25000-25K-Puffs-Disposable-Vape-Adjustable-Airflow-Adjustable-Power-Full-Screen-Display-Vape-Factory-Direct-18-300x300.png 300w, https:\/\/pgvape.com\/wp-content\/uploads\/2025\/10\/pgvape-ZOOY-BlAZE-25000-25K-Puffs-Disposable-Vape-Adjustable-Airflow-Adjustable-Power-Full-Screen-Display-Vape-Factory-Direct-18-600x600.png 600w, https:\/\/pgvape.com\/wp-content\/uploads\/2025\/10\/pgvape-ZOOY-BlAZE-25000-25K-Puffs-Disposable-Vape-Adjustable-Airflow-Adjustable-Power-Full-Screen-Display-Vape-Factory-Direct-18-100x100.png 100w, https:\/\/pgvape.com\/wp-content\/uploads\/2025\/10\/pgvape-ZOOY-BlAZE-25000-25K-Puffs-Disposable-Vape-Adjustable-Airflow-Adjustable-Power-Full-Screen-Display-Vape-Factory-Direct-18-40x40.png 40w\" sizes=\"auto, (max-width: 1000px) 100vw, 1000px\" \/><\/p>\n<h3><span style=\"font-size: 90%;\">Video del vaporizador desechable ZOOY BlAZE 25000 de 25 mil inhalaciones<strong>:<\/strong><\/span><\/h3>\n<p>&nbsp;<\/p>\n<h2 class=\"header-vfC6AV auto-hide-last-sibling-br\">Preguntas frecuentes sobre ZOOY BlAZE 25000 | 25K Puffs Vape desechable<\/h2>\n<p data-sourcepos=\"34:1-35:94\">\u2753 <strong data-sourcepos=\"34:3-34:50\">\u00bfQu\u00e9 hace que el ZOOY BLAZE 25000 sea \u00fanico?<br \/>\n<\/strong> \u2705 <strong data-sourcepos=\"35:3-35:25\">Flujo de aire ajustable<\/strong>, <strong data-sourcepos=\"35:27-35:44\">Control de potencia<\/strong>, Y <strong data-sourcepos=\"35:50-35:69\">Bobinas de malla dual<\/strong> Para vapeo personalizado.<\/p>\n<p data-sourcepos=\"37:1-38:45\">\u2753 <strong data-sourcepos=\"37:3-37:38\">\u00bfCu\u00e1ntas bocanadas proporciona?<br \/>\n<\/strong> \u2705 <strong data-sourcepos=\"38:3-38:25\">Hasta 25.000 inhalaciones<\/strong> Para uso prolongado.<\/p>\n<p data-sourcepos=\"40:1-41:58\">\u2753 <strong data-sourcepos=\"40:3-40:35\">\u00bfLa bater\u00eda es recargable?<\/strong><br \/>\n\u2705 <strong data-sourcepos=\"41:3-41:10\">S\u00ed<\/strong>, <strong data-sourcepos=\"41:12-41:30\">Bater\u00eda de 650 mAh.<\/strong> Con <strong data-sourcepos=\"41:36-41:55\">Carga tipo C<\/strong>.<\/p>\n<p data-sourcepos=\"43:1-44:54\">\u2753 <strong data-sourcepos=\"43:3-43:43\">\u00bfQu\u00e9 opciones de nicotina est\u00e1n disponibles?<br \/>\n<\/strong> \u2705 <strong data-sourcepos=\"44:3-44:9\">2%<\/strong>, <strong data-sourcepos=\"44:11-44:17\">3%<\/strong>, Y <strong data-sourcepos=\"44:23-44:43\">Sal de nicotina 5%<\/strong> Opciones.<\/p>\n<p data-sourcepos=\"46:1-47:75\">\u2753 <strong data-sourcepos=\"46:3-46:37\">\u00bfTiene una pantalla de visualizaci\u00f3n?<br \/>\n<\/strong> \u2705 <strong data-sourcepos=\"47:3-47:22\">LED de pantalla completa<\/strong> Espect\u00e1culos <strong data-sourcepos=\"47:29-47:40\">Bater\u00eda<\/strong>, <strong data-sourcepos=\"47:42-47:54\">E-l\u00edquido<\/strong>, Y <strong data-sourcepos=\"47:60-47:72\">Ajustes<\/strong>.<\/p>\n<p>&nbsp;<\/p>\n<h3 id=\"brxe-najhln\" class=\"brxe-heading\">Preguntas frecuentes (FAQ)<\/h3>\n<div id=\"brxe-rajiac\" class=\"brxe-text\">\n<p><strong>P: \u00bfQu\u00e9 m\u00e9todos de pago aceptan?<\/strong><br \/>\nR: Aceptamos PayPal, Stripe, transferencias bancarias (compatibles con SEPA), las principales tarjetas de cr\u00e9dito (Visa, MasterCard, American Express) y pagos con criptomonedas.<\/p>\n<p><strong>P: \u00bfCu\u00e1nto tiempo lleva la preparaci\u00f3n del pedido?<\/strong><br \/>\nR: La preparaci\u00f3n del pedido demora entre 1 y 3 d\u00edas h\u00e1biles.<\/p>\n<p><strong>P: \u00bfCu\u00e1l es el tiempo de env\u00edo?<\/strong><br \/>\nR: El tiempo de env\u00edo es de 7 a 14 d\u00edas h\u00e1biles, seg\u00fan su ubicaci\u00f3n.<\/p>\n<p><strong>P: \u00bfC\u00f3mo puedo realizar un seguimiento de mi pedido?<\/strong><br \/>\nR: Despu\u00e9s del env\u00edo, recibir\u00e1 un correo electr\u00f3nico de confirmaci\u00f3n con un n\u00famero de seguimiento para realizar un seguimiento en tiempo real.<\/p>\n<p><strong>P: \u00bfCu\u00e1l es su pol\u00edtica de devoluci\u00f3n?<\/strong><br \/>\nR: Ofrecemos una pol\u00edtica de devoluci\u00f3n de 30 d\u00edas para reembolsos o cambios. .<\/p>\n<p><strong>P: \u00bfHabr\u00e1 alg\u00fan problema aduanero?<br \/>\n<\/strong>Nos encargamos de todos los procedimientos de despacho de aduanas para garantizarle una experiencia sin complicaciones. .<\/p>\n<p><strong>P: \u00bfQu\u00e9 m\u00e9todos de env\u00edo se utilizan?<\/strong><br \/>\nCooperamos con UPS\/DHL\/FEDEX\/DPD, etc. Elegiremos la opci\u00f3n de env\u00edo adecuada seg\u00fan el pa\u00eds de entrega para asegurarnos de que reciba sus productos lo m\u00e1s r\u00e1pido posible.<\/p>\n<p><a href=\"https:\/\/pgvape.com\/es\/preguntas-frecuentes\/\">Haga clic aqu\u00ed para m\u00e1s preguntas frecuentes<\/a><\/p>\n<p>Estimados clientes: Si tienen alguna pregunta sobre su pedido o la llegada de la mercanc\u00eda, comun\u00edquese con nuestro servicio de atenci\u00f3n al cliente. \u00a1Gracias!<\/p>\n<h3 data-sourcepos=\"73:1-73:21\"><strong data-sourcepos=\"73:7-73:21\">Cont\u00e1ctenos<\/strong><\/h3>\n<div id=\"text-2419739398\" class=\"text\">\n<p><strong data-sourcepos=\"75:3-75:12\">Correo electr\u00f3nico<\/strong>:\u00a0<a href=\"mailto:support@pgvape.com\"><strong>support@pgvape.com<\/strong><\/a><\/p>\n<p><strong data-sourcepos=\"76:3-76:15\">WhatsApp<\/strong>: <a href=\"https:\/\/wa.me\/+8618128481258\"><strong>+86 18128481258<\/strong><\/a><br \/>\n<strong>(Respuesta dentro de las 24 horas en d\u00edas h\u00e1biles)<\/strong><\/p>\n<\/div>\n<h3><strong>\u00a1Gracias por elegir pgvape.com! .<\/strong><\/h3>\n<\/div>","protected":false},"excerpt":{"rendered":"<p><strong data-sourcepos=\"52:1-52:216\">\u201cZOOY BLAZE 25000: el vaporizador desechable personalizable definitivo con 25.000 inhalaciones, bobinas de malla doble, flujo de aire\/potencia ajustable y 10 sabores, alimentado por una bater\u00eda de 650 mAh con carga tipo C\u201d.\u201d<\/strong><\/p>","protected":false},"featured_media":3267,"comment_status":"open","ping_status":"closed","template":"","meta":{"_seopress_robots_primary_cat":"none","_seopress_titles_title":"%%post_title%% %%sep%% %%sitetitle%%","_seopress_titles_desc":"","_seopress_robots_index":""},"product_brand":[516,291],"product_cat":[94,515,290],"product_tag":[96,101,293,90,294,292],"class_list":{"0":"post-3263","1":"product","2":"type-product","3":"status-publish","4":"has-post-thumbnail","6":"product_brand-disposable-vape","7":"product_brand-zooy-vape","8":"product_cat-25k-puffs-vape","9":"product_cat-disposable-vape","10":"product_cat-zooy-vape","11":"product_tag-25k-puffs","12":"product_tag-25k-vape","13":"product_tag-airflowpower-ajustable","14":"product_tag-disposable-vape","15":"product_tag-full-screen-display","16":"product_tag-zooy-blaze-25000","18":"first","19":"instock","20":"sale","21":"shipping-taxable","22":"purchasable","23":"product-type-variable"},"_links":{"self":[{"href":"https:\/\/pgvape.com\/es\/wp-json\/wp\/v2\/product\/3263","targetHints":{"allow":["GET"]}}],"collection":[{"href":"https:\/\/pgvape.com\/es\/wp-json\/wp\/v2\/product"}],"about":[{"href":"https:\/\/pgvape.com\/es\/wp-json\/wp\/v2\/types\/product"}],"replies":[{"embeddable":true,"href":"https:\/\/pgvape.com\/es\/wp-json\/wp\/v2\/comments?post=3263"}],"wp:featuredmedia":[{"embeddable":true,"href":"https:\/\/pgvape.com\/es\/wp-json\/wp\/v2\/media\/3267"}],"wp:attachment":[{"href":"https:\/\/pgvape.com\/es\/wp-json\/wp\/v2\/media?parent=3263"}],"wp:term":[{"taxonomy":"product_brand","embeddable":true,"href":"https:\/\/pgvape.com\/es\/wp-json\/wp\/v2\/product_brand?post=3263"},{"taxonomy":"product_cat","embeddable":true,"href":"https:\/\/pgvape.com\/es\/wp-json\/wp\/v2\/product_cat?post=3263"},{"taxonomy":"product_tag","embeddable":true,"href":"https:\/\/pgvape.com\/es\/wp-json\/wp\/v2\/product_tag?post=3263"}],"curies":[{"name":"wp","href":"https:\/\/api.w.org\/{rel}","templated":true}]}}