{"id":3230,"date":"2025-10-12T14:16:18","date_gmt":"2025-10-12T14:16:18","guid":{"rendered":"https:\/\/pgvape.com\/?post_type=product&#038;p=3230"},"modified":"2026-01-27T10:32:50","modified_gmt":"2026-01-27T10:32:50","slug":"okso-shisha-max-40000-40k-inhala-vape-desechable-0-2-3-5-nicotina-10-gustos-con-pantalla-led-vape-directo-de-fabrica","status":"publish","type":"product","link":"https:\/\/pgvape.com\/es\/producto\/okso-shisha-max-40000-40k-inhala-vape-desechable-0-2-3-5-nicotina-10-gustos-con-pantalla-led-vape-directo-de-fabrica\/","title":{"rendered":"OKSO Shisha Max 40000 | 40K Puffs Vape desechable | 0% 2% 3% 5% Nicotina | 10 gustos | con pantalla LED | Vape directo de f\u00e1brica"},"content":{"rendered":"<p><strong data-sourcepos=\"4:5-4:50\">OKSO Shisha Max 40K inhala Vape desechable<\/strong> Entrega <strong data-sourcepos=\"4:60-4:84\">Rendimiento extendido<\/strong> Con <strong data-sourcepos=\"4:90-4:117\">40.000 bocanadas ultralargas<\/strong> Y <strong data-sourcepos=\"4:122-4:148\">Capacidad de l\u00edquido electr\u00f3nico de 36 ml<\/strong>. <strong data-sourcepos=\"4:164-4:195\">Bater\u00eda recargable de 800 mAh.<\/strong> Y <strong data-sourcepos=\"4:200-4:218\">Bobina de malla de 0,6 \u03a9<\/strong>, Garantiza <strong data-sourcepos=\"4:231-4:247\">Vapor suave<\/strong> Y <strong data-sourcepos=\"4:252-4:267\">rico sabor<\/strong>. <strong data-sourcepos=\"4:286-4:308\">Flujo de aire ajustable<\/strong>, <strong data-sourcepos=\"4:310-4:327\">Control de potencia<\/strong>, <strong data-sourcepos=\"4:329-4:344\">Pantalla LED<\/strong>, Y <strong data-sourcepos=\"4:350-4:371\">Seguridad de bloqueo para ni\u00f1os<\/strong>. <strong data-sourcepos=\"4:386-4:408\">10 sabores premium<\/strong> Y <strong data-sourcepos=\"4:413-4:434\">2%\/3%\/5% Nicotina<\/strong> Opciones, empaquetadas <strong data-sourcepos=\"4:453-4:466\">10 unids\/caja<\/strong> Para venta minorista\/mayorista<\/p>\n<p>&nbsp;<\/p>\n<h2><span style=\"font-size: 90%;\">Especificaciones de Vape desechables OKSO Shisha Max 40000 | 40K Puffs<\/span><\/h2>\n<p><strong data-sourcepos=\"9:3-9:17\">Conteo de bocanadas<\/strong>:\u00a0<strong data-sourcepos=\"9:19-9:35\">40.000 bocanadas<\/strong><\/p>\n<p><strong data-sourcepos=\"10:3-10:15\">Nicotina<\/strong>:\u00a0<strong data-sourcepos=\"10:17-10:41\">Opciones 2% \/ 3% \/ 5%<\/strong><\/p>\n<p><strong data-sourcepos=\"11:3-11:15\">E-l\u00edquido<\/strong>:\u00a0<strong data-sourcepos=\"11:17-11:34\">Capacidad de 36 ml.<\/strong><\/p>\n<p><strong data-sourcepos=\"12:3-12:11\">Bobina<\/strong>:\u00a0<strong data-sourcepos=\"12:13-12:31\">Bobina de malla de 0,6 \u03a9<\/strong><\/p>\n<p><strong data-sourcepos=\"13:3-13:14\">Bater\u00eda<\/strong>:\u00a0<strong data-sourcepos=\"13:16-13:39\">800mAh recargable<\/strong><\/p>\n<p><strong data-sourcepos=\"14:3-14:15\">Cargando<\/strong>:\u00a0<strong data-sourcepos=\"14:17-14:41\">Carga r\u00e1pida tipo C<\/strong><\/p>\n<p><strong data-sourcepos=\"15:3-15:14\">Mostrar<\/strong>:\u00a0<strong data-sourcepos=\"15:16-15:49\">Pantalla LED (bater\u00eda\/e-l\u00edquido)<\/strong><\/p>\n<p><strong data-sourcepos=\"16:3-16:13\">Seguridad<\/strong>:\u00a0<strong data-sourcepos=\"16:15-16:37\">Funci\u00f3n de bloqueo infantil<\/strong><\/p>\n<p><strong data-sourcepos=\"17:3-17:14\">Paquete<\/strong>:\u00a0<strong data-sourcepos=\"17:16-17:34\">10 dispositivos\/caja<br \/>\n<\/strong><\/p>\n<p>&nbsp;<\/p>\n<h3><span style=\"font-size: 90%;\">OKSO Shisha Max 40000 | 40K sopla lista de sabores desechables de Vape<\/span><\/h3>\n<p>1.Dos manzanas<\/p>\n<p>2.Menta de uva<\/p>\n<p>3.Fiesta de la cereza<\/p>\n<p>4.Hielo de melocot\u00f3n<\/p>\n<p>5.Amor M\u00e1gico<\/p>\n<p>6.Ponche de fresa<\/p>\n<p>7. Hielo azul Razz<\/p>\n<p>8. Hielo exuberante<\/p>\n<p>9.Sand\u00eda Fresa<\/p>\n<p>10.Menta de baya<img loading=\"lazy\" decoding=\"async\" class=\"alignnone wp-image-3243 size-full\" src=\"https:\/\/pgvape.com\/wp-content\/uploads\/2025\/10\/pgvape-OKSO-Shisha-Max-40000-40K-Puffs-Disposable-Vape-With-LED-Display-Airflow-Adjustable-Vape-Factory-Direct-10.png\" alt=\"Pancarta promocional para el vaporizador desechable OKSO Shisha que muestra el texto grande \u201c40000 PUFFS\u201d, dispositivos cil\u00edndricos con pantalla LED de colores en dos filas con nombres de sabores, cajas de productos y especificaciones clave enumeradas (e-l\u00edquido de 36 ml, bater\u00eda de 800 mAh, bobina de malla de 0,6 \u03a9, recargable tipo C).\" width=\"2000\" height=\"1000\" srcset=\"https:\/\/pgvape.com\/wp-content\/uploads\/2025\/10\/pgvape-OKSO-Shisha-Max-40000-40K-Puffs-Disposable-Vape-With-LED-Display-Airflow-Adjustable-Vape-Factory-Direct-10.png 2000w, https:\/\/pgvape.com\/wp-content\/uploads\/2025\/10\/pgvape-OKSO-Shisha-Max-40000-40K-Puffs-Disposable-Vape-With-LED-Display-Airflow-Adjustable-Vape-Factory-Direct-10-555x278.png 555w, https:\/\/pgvape.com\/wp-content\/uploads\/2025\/10\/pgvape-OKSO-Shisha-Max-40000-40K-Puffs-Disposable-Vape-With-LED-Display-Airflow-Adjustable-Vape-Factory-Direct-10-595x298.png 595w, https:\/\/pgvape.com\/wp-content\/uploads\/2025\/10\/pgvape-OKSO-Shisha-Max-40000-40K-Puffs-Disposable-Vape-With-LED-Display-Airflow-Adjustable-Vape-Factory-Direct-10-400x200.png 400w, https:\/\/pgvape.com\/wp-content\/uploads\/2025\/10\/pgvape-OKSO-Shisha-Max-40000-40K-Puffs-Disposable-Vape-With-LED-Display-Airflow-Adjustable-Vape-Factory-Direct-10-768x384.png 768w, https:\/\/pgvape.com\/wp-content\/uploads\/2025\/10\/pgvape-OKSO-Shisha-Max-40000-40K-Puffs-Disposable-Vape-With-LED-Display-Airflow-Adjustable-Vape-Factory-Direct-10-1536x768.png 1536w, https:\/\/pgvape.com\/wp-content\/uploads\/2025\/10\/pgvape-OKSO-Shisha-Max-40000-40K-Puffs-Disposable-Vape-With-LED-Display-Airflow-Adjustable-Vape-Factory-Direct-10-18x9.png 18w, https:\/\/pgvape.com\/wp-content\/uploads\/2025\/10\/pgvape-OKSO-Shisha-Max-40000-40K-Puffs-Disposable-Vape-With-LED-Display-Airflow-Adjustable-Vape-Factory-Direct-10-600x300.png 600w, https:\/\/pgvape.com\/wp-content\/uploads\/2025\/10\/pgvape-OKSO-Shisha-Max-40000-40K-Puffs-Disposable-Vape-With-LED-Display-Airflow-Adjustable-Vape-Factory-Direct-10-60x30.png 60w\" sizes=\"auto, (max-width: 2000px) 100vw, 2000px\" \/><\/p>\n<h3><\/h3>\n<h3><span style=\"font-size: 90%;\">OKSO Shisha Max 40000 40K inhalaciones Vape desechable\u00a0<strong>Video:<\/strong><\/span><\/h3>\n<p>&nbsp;<\/p>\n<h2 class=\"header-vfC6AV auto-hide-last-sibling-br\">Preguntas frecuentes sobre OKSO Shisha Max 40000 | 40K Puffs Vape desechable<\/h2>\n<p data-sourcepos=\"36:1-37:88\">\u2753 <strong data-sourcepos=\"36:3-36:56\">\u00bfQu\u00e9 hace que la OKSO Shisha Max 40K destaque?<br \/>\n<\/strong> \u2705 <strong data-sourcepos=\"37:3-37:86\">40.000 inhalaciones l\u00edderes en la industria con capacidad de 36 ml para una m\u00e1xima longevidad.<\/strong><\/p>\n<p data-sourcepos=\"39:1-40:100\">\u2753 <strong data-sourcepos=\"39:3-39:54\">\u00bfC\u00f3mo mejora el rendimiento la bobina de malla?<br \/>\n<\/strong> \u2705 <strong data-sourcepos=\"40:3-40:21\">Bobina de malla de 0,6 \u03a9<\/strong> Proporciona <strong data-sourcepos=\"40:31-40:53\">20% Calentamiento m\u00e1s r\u00e1pido<\/strong> Y <strong data-sourcepos=\"40:58-40:75\">Sabor m\u00e1s denso<\/strong> Que las bobinas est\u00e1ndar.**<\/p>\n<p data-sourcepos=\"42:1-43:97\">\u2753 <strong data-sourcepos=\"42:3-42:35\">\u00bfEs el dispositivo f\u00e1cil de usar?<\/strong><br \/>\n\u2705 <strong data-sourcepos=\"43:3-43:95\">\u00a1S\u00ed! .<\/strong><\/p>\n<p data-sourcepos=\"45:1-46:87\">\u2753 <strong data-sourcepos=\"45:3-45:37\">\u00bfPuedo ajustar la producci\u00f3n de vapor?<\/strong><br \/>\n\u2705 <strong data-sourcepos=\"46:3-46:85\">Totalmente personalizable con ajustes de flujo de aire y control de potencia ajustables.<\/strong><\/p>\n<p data-sourcepos=\"48:1-49:103\">\u2753 <strong data-sourcepos=\"48:3-48:37\">\u00bfPor qu\u00e9 elegir un embalaje de 10 piezas?<br \/>\n<\/strong> \u2705 <strong data-sourcepos=\"49:3-49:101\">Ideal para minoristas y vapeadores frecuentes: garantiza disponibilidad de existencias y un mejor valor.<\/strong><\/p>\n<p>&nbsp;<\/p>\n<h3 id=\"brxe-najhln\" class=\"brxe-heading\">Preguntas frecuentes (FAQ)<\/h3>\n<div id=\"brxe-rajiac\" class=\"brxe-text\">\n<p><strong>P: \u00bfQu\u00e9 m\u00e9todos de pago aceptan?<\/strong><br \/>\nR: Aceptamos PayPal, Stripe, transferencias bancarias (compatibles con SEPA), las principales tarjetas de cr\u00e9dito (Visa, MasterCard, American Express) y pagos con criptomonedas.<\/p>\n<p><strong>P: \u00bfCu\u00e1nto tiempo lleva la preparaci\u00f3n del pedido?<\/strong><br \/>\nR: La preparaci\u00f3n del pedido demora entre 1 y 3 d\u00edas h\u00e1biles.<\/p>\n<p><strong>P: \u00bfCu\u00e1l es el tiempo de env\u00edo?<\/strong><br \/>\nR: El tiempo de env\u00edo es de 7 a 14 d\u00edas h\u00e1biles, seg\u00fan su ubicaci\u00f3n.<\/p>\n<p><strong>P: \u00bfC\u00f3mo puedo realizar un seguimiento de mi pedido?<\/strong><br \/>\nR: Despu\u00e9s del env\u00edo, recibir\u00e1 un correo electr\u00f3nico de confirmaci\u00f3n con un n\u00famero de seguimiento para realizar un seguimiento en tiempo real.<\/p>\n<p><strong>P: \u00bfCu\u00e1l es su pol\u00edtica de devoluci\u00f3n?<\/strong><br \/>\nR: Ofrecemos una pol\u00edtica de devoluci\u00f3n de 30 d\u00edas para reembolsos o cambios. .<\/p>\n<p><strong>P: \u00bfHabr\u00e1 alg\u00fan problema aduanero?<br \/>\n<\/strong>Nos encargamos de todos los procedimientos de despacho de aduanas para garantizarle una experiencia sin complicaciones. .<\/p>\n<p><strong>P: \u00bfQu\u00e9 m\u00e9todos de env\u00edo se utilizan?<\/strong><br \/>\nCooperamos con UPS\/DHL\/FEDEX\/DPD, etc. Elegiremos la opci\u00f3n de env\u00edo adecuada seg\u00fan el pa\u00eds de entrega para asegurarnos de que reciba sus productos lo m\u00e1s r\u00e1pido posible.<\/p>\n<p><a href=\"https:\/\/pgvape.com\/es\/preguntas-frecuentes\/\">Haga clic aqu\u00ed para m\u00e1s preguntas frecuentes<\/a><\/p>\n<p>Estimados clientes: Si tienen alguna pregunta sobre su pedido o la llegada de la mercanc\u00eda, comun\u00edquese con nuestro servicio de atenci\u00f3n al cliente. \u00a1Gracias!<\/p>\n<h3 data-sourcepos=\"73:1-73:21\"><strong data-sourcepos=\"73:7-73:21\">Cont\u00e1ctenos<\/strong><\/h3>\n<div id=\"text-2419739398\" class=\"text\">\n<p><strong data-sourcepos=\"75:3-75:12\">Correo electr\u00f3nico<\/strong>:\u00a0<a href=\"mailto:support@pgvape.com\"><strong>support@pgvape.com<\/strong><\/a><\/p>\n<p><strong data-sourcepos=\"76:3-76:15\">WhatsApp<\/strong>: <a href=\"https:\/\/wa.me\/+8618128481258\"><strong>+86 18128481258<\/strong><\/a><br \/>\n<strong>(Respuesta dentro de las 24 horas en d\u00edas h\u00e1biles)<\/strong><\/p>\n<\/div>\n<h3><strong>\u00a1Gracias por elegir pgvape.com! .<\/strong><\/h3>\n<\/div>","protected":false},"excerpt":{"rendered":"<p><strong>OKSO Shisha Max 40K Puffs VAPE desechable redefine el VAPING personalizado estilo narguile<\/strong>\u00a0con hasta 40.000\u00a0<strong>PUFFS<\/strong>, 36 ml\u00a0<strong>E-LIQUIDO<\/strong>\u00a0Capacidad y una bater\u00eda recargable de 800 mAh.\u00a0<strong>BATER\u00cdA<\/strong>.\u00a0<strong>BOBINA de malla<\/strong>\u00a0(ofrece suave\u00a0<strong>VAPOR<\/strong>\u00a0y audaz\u00a0<strong>SABOR<\/strong>), controles de doble ajuste (flujo de aire + potencia), una clara\u00a0<strong>pantalla LED<\/strong>\u00a0(en tiempo real\u00a0<strong>BATER\u00cdA<\/strong>\/<strong>E-LIQUIDO<\/strong>\u00a0seguimiento), carga r\u00e1pida tipo C, bloqueo de seguridad para ni\u00f1os, 2%\/3%\/5%\u00a0<strong>NICOTINA<\/strong>\u00a0fortalezas y 10 seleccionados\u00a0<strong>SABORES<\/strong>\u2014Combinando rendimiento duradero, experiencia personalizable y seguridad tanto para usuarios ocasionales como para compradores empresariales.<\/p>","protected":false},"featured_media":3234,"comment_status":"open","ping_status":"closed","template":"","meta":{"_seopress_robots_primary_cat":"none","_seopress_titles_title":"%%post_title%% %%sep%% %%sitetitle%%","_seopress_titles_desc":"","_seopress_robots_index":""},"product_brand":[516,282],"product_cat":[103,515,281],"product_tag":[106,107,90,289,220],"class_list":{"0":"post-3230","1":"product","2":"type-product","3":"status-publish","4":"has-post-thumbnail","6":"product_brand-disposable-vape","7":"product_brand-okso-vape","8":"product_cat-40k-puffs-vape","9":"product_cat-disposable-vape","10":"product_cat-okso-vape","11":"product_tag-40k-puffs","12":"product_tag-40k-vape","13":"product_tag-disposable-vape","14":"product_tag-okso-shisha-max-40000","15":"product_tag-with-led-display","17":"first","18":"instock","19":"sale","20":"shipping-taxable","21":"purchasable","22":"product-type-variable"},"_links":{"self":[{"href":"https:\/\/pgvape.com\/es\/wp-json\/wp\/v2\/product\/3230","targetHints":{"allow":["GET"]}}],"collection":[{"href":"https:\/\/pgvape.com\/es\/wp-json\/wp\/v2\/product"}],"about":[{"href":"https:\/\/pgvape.com\/es\/wp-json\/wp\/v2\/types\/product"}],"replies":[{"embeddable":true,"href":"https:\/\/pgvape.com\/es\/wp-json\/wp\/v2\/comments?post=3230"}],"wp:featuredmedia":[{"embeddable":true,"href":"https:\/\/pgvape.com\/es\/wp-json\/wp\/v2\/media\/3234"}],"wp:attachment":[{"href":"https:\/\/pgvape.com\/es\/wp-json\/wp\/v2\/media?parent=3230"}],"wp:term":[{"taxonomy":"product_brand","embeddable":true,"href":"https:\/\/pgvape.com\/es\/wp-json\/wp\/v2\/product_brand?post=3230"},{"taxonomy":"product_cat","embeddable":true,"href":"https:\/\/pgvape.com\/es\/wp-json\/wp\/v2\/product_cat?post=3230"},{"taxonomy":"product_tag","embeddable":true,"href":"https:\/\/pgvape.com\/es\/wp-json\/wp\/v2\/product_tag?post=3230"}],"curies":[{"name":"wp","href":"https:\/\/api.w.org\/{rel}","templated":true}]}}