{"id":3166,"date":"2025-10-12T11:05:13","date_gmt":"2025-10-12T11:05:13","guid":{"rendered":"https:\/\/pgvape.com\/?post_type=product&#038;p=3166"},"modified":"2026-01-27T10:35:51","modified_gmt":"2026-01-27T10:35:51","slug":"okso-magic-mirror-50000-50k-puffs-vape-desechable-0-2-3-5-nicotina-10-gustos-pantalla-led-diseno-de-espejo-vape-directo-de-fabrica","status":"publish","type":"product","link":"https:\/\/pgvape.com\/es\/producto\/okso-magic-mirror-50000-50k-puffs-vape-desechable-0-2-3-5-nicotina-10-gustos-pantalla-led-diseno-de-espejo-vape-directo-de-fabrica\/","title":{"rendered":"OKSO Magic Mirror 50000 | 50K Puffs Vape desechable | 0% 2% 3% 5% Nicotina | 10Tastes | Pantalla LED Dise\u00f1o de espejo | Vape Factory Direct"},"content":{"rendered":"<p><strong data-sourcepos=\"4:5-4:54\">OKSO Magic Mirror 50000 inhalaciones Vape desechables<\/strong> Entrega <strong data-sourcepos=\"4:64-4:91\">Rendimiento excepcional<\/strong> Con <strong data-sourcepos=\"4:97-4:124\">50.000 bocanadas ultralargas<\/strong> Y <strong data-sourcepos=\"4:129-4:155\">Capacidad de l\u00edquido electr\u00f3nico de 40 ml<\/strong>. <strong data-sourcepos=\"4:171-4:202\">Bater\u00eda recargable de 850 mAh.<\/strong> Y <strong data-sourcepos=\"4:207-4:236\">Tecnolog\u00eda de bobina de malla dual<\/strong><span class=\"CustomP_animated_char__m3r9w\">,<\/span><span class=\"CustomP_animated_char__m3r9w\">\u00a0<\/span><span class=\"CustomP_animated_char__m3r9w\">\u00c9l<\/span><span class=\"CustomP_animated_char__m3r9w\">\u00a0<\/span><span class=\"CustomP_animated_char__m3r9w\">Ofertas<\/span><span class=\"CustomP_animated_char__m3r9w\">\u00a0<\/span><strong data-sourcepos=\"4:248-4:266\">Sabor intenso<\/strong> Y <strong data-sourcepos=\"4:271-4:297\">Producci\u00f3n de vapor denso<\/strong><span class=\"CustomP_animated_char__m3r9w\">.<\/span><span class=\"CustomP_animated_char__m3r9w\">\u00a0<\/span><span class=\"CustomP_animated_char__m3r9w\">Caracter\u00edsticas<\/span><span class=\"CustomP_animated_char__m3r9w\">\u00a0<\/span><span class=\"CustomP_animated_char__m3r9w\">Incluir<\/span><span class=\"CustomP_animated_char__m3r9w\">\u00a0<\/span><strong data-sourcepos=\"4:316-4:333\">Dise\u00f1o de espejo<\/strong>, <strong data-sourcepos=\"4:335-4:355\">Iluminaci\u00f3n LED RGB<\/strong><span class=\"CustomP_animated_char__m3r9w\">,<\/span><span class=\"CustomP_animated_char__m3r9w\">\u00a0<\/span><strong data-sourcepos=\"4:357-4:374\">Pantalla inteligente<\/strong>, Y <strong data-sourcepos=\"4:380-4:401\">Seguridad de bloqueo para ni\u00f1os<\/strong>. <strong data-sourcepos=\"4:416-4:438\">10 sabores premium<\/strong> Y <strong data-sourcepos=\"4:443-4:475\">Opciones de nicotina 0%\/2%\/3%\/5%<\/strong>, Empaquetado <strong data-sourcepos=\"4:486-4:499\">10 unids\/caja<\/strong><span class=\"CustomP_animated_char__m3r9w\">\u00a0<\/span><span class=\"CustomP_animated_char__m3r9w\">Para<\/span><span class=\"CustomP_animated_char__m3r9w\">\u00a0<\/span><span class=\"CustomP_animated_char__m3r9w\">Minorista<\/span><span class=\"CustomP_animated_char__m3r9w\">\/<\/span><span class=\"CustomP_animated_char__m3r9w\">\u00bfQu\u00e9?<\/span><span class=\"CustomP_animated_char__m3r9w\">venta al por menor<\/span><span class=\"CustomP_animated_char__m3r9w\">.<\/span><\/p>\n<h2><span style=\"font-size: 90%;\"><br \/>\nEspecificaciones de Vape desechables OKSO Magic Mirror 50000 | 50K<\/span><\/h2>\n<p><strong data-sourcepos=\"9:3-9:17\">Conteo de bocanadas<\/strong>:\u00a0<strong data-sourcepos=\"9:19-9:35\">50.000 bocanadas<\/strong><\/p>\n<p><strong data-sourcepos=\"10:3-10:15\">Nicotina<\/strong>:\u00a0<strong data-sourcepos=\"10:17-10:46\">Opciones 0% \/ 2% \/ 3% \/ 5%<\/strong><\/p>\n<p><strong data-sourcepos=\"11:3-11:15\">E-l\u00edquido<\/strong>:\u00a0<strong data-sourcepos=\"11:17-11:34\">Capacidad de 40 ml.<\/strong><\/p>\n<p><strong data-sourcepos=\"12:3-12:11\">Bobina<\/strong>:\u00a0<strong data-sourcepos=\"12:13-12:31\">Bobina de malla doble<\/strong><\/p>\n<p><strong data-sourcepos=\"13:3-13:14\">Bater\u00eda<\/strong>:\u00a0<strong data-sourcepos=\"13:16-13:39\">850mAh recargable<\/strong><\/p>\n<p><strong data-sourcepos=\"14:3-14:15\">Cargando<\/strong>:\u00a0<strong data-sourcepos=\"14:17-14:41\">Carga r\u00e1pida tipo C<\/strong><\/p>\n<p><strong data-sourcepos=\"15:3-15:23\">-C Carga R\u00e1pida<\/strong><\/p>\n<p><strong data-sourcepos=\"16:3-16:14\">Mostrar<\/strong>:\u00a0<strong data-sourcepos=\"16:16-16:49\">Pantalla LED (bater\u00eda\/e-l\u00edquido)<\/strong><\/p>\n<p><strong data-sourcepos=\"17:3-17:15\">Iluminaci\u00f3n<\/strong>:\u00a0<strong data-sourcepos=\"17:17-17:35\">Sistema LED RGB<\/strong><\/p>\n<p><strong data-sourcepos=\"18:3-18:13\">Seguridad<\/strong>:\u00a0<strong data-sourcepos=\"18:15-18:37\">Funci\u00f3n de bloqueo infantil<\/strong><\/p>\n<p><strong data-sourcepos=\"19:3-19:14\">Paquete<\/strong>:\u00a0<strong data-sourcepos=\"19:16-19:34\">10 dispositivos\/caja<\/strong><\/p>\n<h3><span style=\"font-size: 90%;\"><br \/>\nOKSO Magic Mirror 50000 | 50K sopla lista de sabores desechables de Vape<\/span><\/h3>\n<p>1. Hielo azul Razz<\/p>\n<p>2.Hielo exuberante<\/p>\n<p>3.Hielo de fresa<\/p>\n<p>4.Hielo de uva<\/p>\n<p>5.Amor 66<\/p>\n<p>6.Lady Killa<\/p>\n<p>7.Hielo de menta<\/p>\n<p>8.Sand\u00eda Fresa<\/p>\n<p>9.kiwi maracuy\u00e1<\/p>\n<p>10.Bayas mixtas<img loading=\"lazy\" decoding=\"async\" class=\"alignnone wp-image-3183 size-full\" src=\"https:\/\/pgvape.com\/wp-content\/uploads\/2025\/10\/pgvape-OKSO-Magic-Mirror-50000-50K-Puffs-Disposable-Vape-Vape-Factory-Direct-14.png\" alt=\"Colorido anuncio de vapeo \u201cMagic Mirror\u201d de OKSO que muestra filas de dispositivos rectangulares con borde de ne\u00f3n con ilustraciones de personajes y nombres de sabores, dos dispositivos ampliados y una unidad verde a la derecha, una insignia de 500 PUFFS e \u00edconos para bobina de malla dual, recarga tipo C, bater\u00eda de 850 mAh y e-l\u00edquido de 40 ml, todo ello sobre un fondo espacial estrellado con planetas.\" width=\"2000\" height=\"1000\" srcset=\"https:\/\/pgvape.com\/wp-content\/uploads\/2025\/10\/pgvape-OKSO-Magic-Mirror-50000-50K-Puffs-Disposable-Vape-Vape-Factory-Direct-14.png 2000w, https:\/\/pgvape.com\/wp-content\/uploads\/2025\/10\/pgvape-OKSO-Magic-Mirror-50000-50K-Puffs-Disposable-Vape-Vape-Factory-Direct-14-555x278.png 555w, https:\/\/pgvape.com\/wp-content\/uploads\/2025\/10\/pgvape-OKSO-Magic-Mirror-50000-50K-Puffs-Disposable-Vape-Vape-Factory-Direct-14-595x298.png 595w, https:\/\/pgvape.com\/wp-content\/uploads\/2025\/10\/pgvape-OKSO-Magic-Mirror-50000-50K-Puffs-Disposable-Vape-Vape-Factory-Direct-14-400x200.png 400w, https:\/\/pgvape.com\/wp-content\/uploads\/2025\/10\/pgvape-OKSO-Magic-Mirror-50000-50K-Puffs-Disposable-Vape-Vape-Factory-Direct-14-768x384.png 768w, https:\/\/pgvape.com\/wp-content\/uploads\/2025\/10\/pgvape-OKSO-Magic-Mirror-50000-50K-Puffs-Disposable-Vape-Vape-Factory-Direct-14-1536x768.png 1536w, https:\/\/pgvape.com\/wp-content\/uploads\/2025\/10\/pgvape-OKSO-Magic-Mirror-50000-50K-Puffs-Disposable-Vape-Vape-Factory-Direct-14-18x9.png 18w, https:\/\/pgvape.com\/wp-content\/uploads\/2025\/10\/pgvape-OKSO-Magic-Mirror-50000-50K-Puffs-Disposable-Vape-Vape-Factory-Direct-14-600x300.png 600w, https:\/\/pgvape.com\/wp-content\/uploads\/2025\/10\/pgvape-OKSO-Magic-Mirror-50000-50K-Puffs-Disposable-Vape-Vape-Factory-Direct-14-60x30.png 60w\" sizes=\"auto, (max-width: 2000px) 100vw, 2000px\" \/><\/p>\n<h3><span style=\"font-size: 90%;\"><br \/>\nEl espejo m\u00e1gico 50000 50K de OKSO sopla Vape disponible\u00a0<strong>Video:<\/strong><\/span><\/h3>\n<p><iframe loading=\"lazy\" title=\"OKSO Magic Mirror 50K Puffs Vape desechable Pantalla LED Dise\u00f1o de espejo | Vape Factory Direct pgvape\" width=\"563\" height=\"1000\" src=\"https:\/\/www.youtube.com\/embed\/orYkYUE5zmo?feature=oembed\" frameborder=\"0\" allow=\"accelerometer; autoplay; clipboard-write; encrypted-media; gyroscope; picture-in-picture; web-share\" referrerpolicy=\"strict-origin-when-cross-origin\" allowfullscreen><\/iframe><\/p>\n<p>&nbsp;<\/p>\n<h2 class=\"header-vfC6AV auto-hide-last-sibling-br\">Preguntas frecuentes sobre OKSO Magic Mirror 50000 | 50K Puffs Vape desechable<\/h2>\n<p data-sourcepos=\"39:1-40:88\">\u2753 <strong data-sourcepos=\"39:3-39:57\">\u00bfQu\u00e9 hace que el OKSO Magic Mirror 50000 sea \u00fanico?<\/strong><br \/>\n\u2705 <strong data-sourcepos=\"40:3-40:86\">50.000 inhalaciones l\u00edderes en la industria con capacidad de 40 ml para una m\u00e1xima longevidad.<\/strong><\/p>\n<p data-sourcepos=\"42:1-43:100\">\u2753 <strong data-sourcepos=\"42:3-42:59\">\u00bfC\u00f3mo mejora el rendimiento la bobina de malla dual?<\/strong><br \/>\n\u2705 <strong data-sourcepos=\"43:3-43:22\">Bobinas duales de 0,8 \u03a9<\/strong> Proporcionar <strong data-sourcepos=\"43:31-43:53\">30% Calentamiento m\u00e1s r\u00e1pido<\/strong> Y <strong data-sourcepos=\"43:58-43:75\">Sabor m\u00e1s rico<\/strong> Que las bobinas est\u00e1ndar.**<\/p>\n<p data-sourcepos=\"45:1-46:108\">\u2753 <strong data-sourcepos=\"45:3-45:35\">\u00bfEs el dispositivo f\u00e1cil de usar?<\/strong><br \/>\n\u2705 <strong data-sourcepos=\"46:3-46:106\">\u00a1S\u00ed! .<\/strong><\/p>\n<p data-sourcepos=\"48:1-49:105\">\u2753 <strong data-sourcepos=\"48:3-48:40\">\u00bfPuede la bater\u00eda durar todo el d\u00eda?<\/strong><br \/>\n\u2705 <strong data-sourcepos=\"49:3-49:22\">Capacidad de 850 mAh.<\/strong> Proporciona <strong data-sourcepos=\"49:32-49:44\">2-3 d\u00edas<\/strong> De Uso; <strong data-sourcepos=\"49:53-49:72\">Carga tipo C<\/strong> Restaura toda la potencia r\u00e1pidamente.**<\/p>\n<p data-sourcepos=\"51:1-52:91\">\u2753 <strong data-sourcepos=\"51:3-51:37\">\u00bfPor qu\u00e9 elegir un embalaje de 10 piezas?<\/strong><br \/>\n\u2705 <strong data-sourcepos=\"52:3-52:89\">Ideal para minoristas: producto de alta demanda con excelente potencial de ganancias.<\/strong><\/p>\n<p>&nbsp;<\/p>\n<h3 id=\"brxe-najhln\" class=\"brxe-heading\">Preguntas frecuentes (FAQ)<\/h3>\n<div id=\"brxe-rajiac\" class=\"brxe-text\">\n<p><strong>P: \u00bfQu\u00e9 m\u00e9todos de pago aceptan?<\/strong><br \/>\nR: Aceptamos PayPal, Stripe, transferencias bancarias (compatibles con SEPA), las principales tarjetas de cr\u00e9dito (Visa, MasterCard, American Express) y pagos con criptomonedas.<\/p>\n<p><strong>P: \u00bfCu\u00e1nto tiempo lleva la preparaci\u00f3n del pedido?<\/strong><br \/>\nR: La preparaci\u00f3n del pedido demora entre 1 y 3 d\u00edas h\u00e1biles.<\/p>\n<p><strong>P: \u00bfCu\u00e1l es el tiempo de env\u00edo?<\/strong><br \/>\nR: El tiempo de env\u00edo es de 7 a 14 d\u00edas h\u00e1biles, seg\u00fan su ubicaci\u00f3n.<\/p>\n<p><strong>P: \u00bfC\u00f3mo puedo realizar un seguimiento de mi pedido?<\/strong><br \/>\nR: Despu\u00e9s del env\u00edo, recibir\u00e1 un correo electr\u00f3nico de confirmaci\u00f3n con un n\u00famero de seguimiento para realizar un seguimiento en tiempo real.<\/p>\n<p><strong>P: \u00bfCu\u00e1l es su pol\u00edtica de devoluci\u00f3n?<\/strong><br \/>\nR: Ofrecemos una pol\u00edtica de devoluci\u00f3n de 30 d\u00edas para reembolsos o cambios. .<\/p>\n<p><strong>P: \u00bfHabr\u00e1 alg\u00fan problema aduanero?<br \/>\n<\/strong>Nos encargamos de todos los procedimientos de despacho de aduanas para garantizarle una experiencia sin complicaciones. .<\/p>\n<p><strong>P: \u00bfQu\u00e9 m\u00e9todos de env\u00edo se utilizan?<\/strong><br \/>\nCooperamos con UPS\/DHL\/FEDEX\/DPD, etc. Elegiremos la opci\u00f3n de env\u00edo adecuada seg\u00fan el pa\u00eds de entrega para asegurarnos de que reciba sus productos lo m\u00e1s r\u00e1pido posible.<\/p>\n<p><a href=\"https:\/\/pgvape.com\/es\/preguntas-frecuentes\/\">Haga clic aqu\u00ed para m\u00e1s preguntas frecuentes<\/a><\/p>\n<p>Estimados clientes: Si tienen alguna pregunta sobre su pedido o la llegada de la mercanc\u00eda, comun\u00edquese con nuestro servicio de atenci\u00f3n al cliente. \u00a1Gracias!<\/p>\n<h3 data-sourcepos=\"73:1-73:21\"><strong data-sourcepos=\"73:7-73:21\">Cont\u00e1ctenos<\/strong><\/h3>\n<div id=\"text-2419739398\" class=\"text\">\n<p><strong data-sourcepos=\"75:3-75:12\">Correo electr\u00f3nico<\/strong>:\u00a0<a href=\"mailto:support@pgvape.com\"><strong>support@pgvape.com<\/strong><\/a><\/p>\n<p><strong data-sourcepos=\"76:3-76:15\">WhatsApp<\/strong>: <a href=\"https:\/\/wa.me\/+8618128481258\"><strong>+86 18128481258<\/strong><\/a><br \/>\n<strong>(Respuesta dentro de las 24 horas en d\u00edas h\u00e1biles)<\/strong><\/p>\n<\/div>\n<h3><strong>\u00a1Gracias por elegir pgvape.com! .<\/strong><\/h3>\n<\/div>","protected":false},"excerpt":{"rendered":"<p><strong data-sourcepos=\"57:1-57:218\">\u201cOKSO Magic Mirror 50000: el vaporizador desechable premium definitivo con 50.000 inhalaciones, bobinas de malla doble, capacidad de 40 ml y 10 sabores, con dise\u00f1o de espejo, iluminaci\u00f3n RGB y bloqueo para ni\u00f1os\u201d.\u201d<\/strong><\/p>","protected":false},"featured_media":3182,"comment_status":"open","ping_status":"closed","template":"","meta":{"_seopress_robots_primary_cat":"none","_seopress_titles_title":"%%post_title%% %%sep%% %%sitetitle%%","_seopress_titles_desc":"","_seopress_robots_index":""},"product_brand":[516,282],"product_cat":[61,515,281],"product_tag":[64,65,90,79,287,285,286],"class_list":{"0":"post-3166","1":"product","2":"type-product","3":"status-publish","4":"has-post-thumbnail","6":"product_brand-disposable-vape","7":"product_brand-okso-vape","8":"product_cat-50k-puffs-vape","9":"product_cat-disposable-vape","10":"product_cat-okso-vape","11":"product_tag-50k-puffs","12":"product_tag-50k-vape","13":"product_tag-disposable-vape","14":"product_tag-led-display","15":"product_tag-mirror-design","16":"product_tag-okso-magic-mirror-50000","17":"product_tag-okso-magic-mirror-vape","19":"first","20":"instock","21":"sale","22":"shipping-taxable","23":"purchasable","24":"product-type-variable"},"_links":{"self":[{"href":"https:\/\/pgvape.com\/es\/wp-json\/wp\/v2\/product\/3166","targetHints":{"allow":["GET"]}}],"collection":[{"href":"https:\/\/pgvape.com\/es\/wp-json\/wp\/v2\/product"}],"about":[{"href":"https:\/\/pgvape.com\/es\/wp-json\/wp\/v2\/types\/product"}],"replies":[{"embeddable":true,"href":"https:\/\/pgvape.com\/es\/wp-json\/wp\/v2\/comments?post=3166"}],"wp:featuredmedia":[{"embeddable":true,"href":"https:\/\/pgvape.com\/es\/wp-json\/wp\/v2\/media\/3182"}],"wp:attachment":[{"href":"https:\/\/pgvape.com\/es\/wp-json\/wp\/v2\/media?parent=3166"}],"wp:term":[{"taxonomy":"product_brand","embeddable":true,"href":"https:\/\/pgvape.com\/es\/wp-json\/wp\/v2\/product_brand?post=3166"},{"taxonomy":"product_cat","embeddable":true,"href":"https:\/\/pgvape.com\/es\/wp-json\/wp\/v2\/product_cat?post=3166"},{"taxonomy":"product_tag","embeddable":true,"href":"https:\/\/pgvape.com\/es\/wp-json\/wp\/v2\/product_tag?post=3166"}],"curies":[{"name":"wp","href":"https:\/\/api.w.org\/{rel}","templated":true}]}}